{"id":787,"date":"2026-04-29T07:13:14","date_gmt":"2026-04-29T07:13:14","guid":{"rendered":"https:\/\/www.belmarinahoian.com\/dining\/vibe-lounge-cafe\/"},"modified":"2026-04-29T07:32:09","modified_gmt":"2026-04-29T07:32:09","slug":"vibe-lounge-cafe","status":"publish","type":"page","link":"https:\/\/www.belmarinahoian.com\/vi\/dining\/vibe-lounge-cafe\/","title":{"rendered":"Vibe Lounge &amp; Caf\u00e9"},"content":{"rendered":"<p style=\"text-align: center\">\u1ea8n m\u00ecnh trong kh\u00f4ng gian thanh l\u1ecbch c\u1ee7a Bel Marina Hoi An, Vibe Lounge &amp; Caf\u00e9 l\u00e0 \u0111i\u1ec3m h\u1eb9n l\u00fd t\u01b0\u1edfng \u0111\u1ec3 t\u1eadn h\u01b0\u1edfng nh\u1eefng kho\u1ea3nh kh\u1eafc th\u01b0 th\u00e1i su\u1ed1t c\u1ea3 ng\u00e0y. T\u1eeb ly c\u00e0 ph\u00ea th\u01a1m n\u1ed3ng bu\u1ed5i s\u00e1ng, tr\u00e0 chi\u1ec1u nh\u1eb9 nh\u00e0ng \u0111\u1ebfn nh\u1eefng ly cocktail \u0111\u1ea7y c\u1ea3m h\u1ee9ng khi ho\u00e0ng h\u00f4n bu\u00f4ng xu\u1ed1ng, m\u1ed7i tr\u1ea3i nghi\u1ec7m n\u01a1i \u0111\u00e2y \u0111\u1ec1u mang \u0111\u1eadm tinh th\u1ea7n tinh t\u1ebf v\u00e0 th\u01b0 gi\u00e3n. V\u1edbi thi\u1ebft k\u1ebf giao thoa gi\u1eefa n\u00e9t duy\u00ean ph\u1ed1 H\u1ed9i v\u00e0 phong c\u00e1ch hi\u1ec7n \u0111\u1ea1i, Vibe Lounge &amp; Caf\u00e9 m\u1eddi g\u1ecdi b\u1ea1n d\u1eebng ch\u00e2n, k\u1ebft n\u1ed1i v\u00e0 t\u1eadn h\u01b0\u1edfng t\u1eebng kho\u1ea3nh kh\u1eafc theo c\u00e1ch ri\u00eang.<\/p>\n<p style=\"text-align: center\"><img loading=\"lazy\" decoding=\"async\" class=\"alignnone  wp-image-783\" src=\"https:\/\/www.belmarinahoian.com\/wp-content\/uploads\/sites\/132\/2026\/04\/Vibe-lounge-coffee-BLACK-300x300.png\" alt=\"\" width=\"160\" height=\"160\" srcset=\"https:\/\/www.belmarinahoian.com\/wp-content\/uploads\/sites\/132\/2026\/04\/Vibe-lounge-coffee-BLACK-300x300.png 300w, https:\/\/www.belmarinahoian.com\/wp-content\/uploads\/sites\/132\/2026\/04\/Vibe-lounge-coffee-BLACK-1024x1024.png 1024w, https:\/\/www.belmarinahoian.com\/wp-content\/uploads\/sites\/132\/2026\/04\/Vibe-lounge-coffee-BLACK-150x150.png 150w, https:\/\/www.belmarinahoian.com\/wp-content\/uploads\/sites\/132\/2026\/04\/Vibe-lounge-coffee-BLACK-768x768.png 768w, https:\/\/www.belmarinahoian.com\/wp-content\/uploads\/sites\/132\/2026\/04\/Vibe-lounge-coffee-BLACK-1536x1536.png 1536w, https:\/\/www.belmarinahoian.com\/wp-content\/uploads\/sites\/132\/2026\/04\/Vibe-lounge-coffee-BLACK-200x200.png 200w, https:\/\/www.belmarinahoian.com\/wp-content\/uploads\/sites\/132\/2026\/04\/Vibe-lounge-coffee-BLACK-600x600.png 600w, https:\/\/www.belmarinahoian.com\/wp-content\/uploads\/sites\/132\/2026\/04\/Vibe-lounge-coffee-BLACK-1000x1000.png 1000w\" sizes=\"(max-width: 160px) 100vw, 160px\" \/><\/p>\n","protected":false},"excerpt":{"rendered":"<p>\u1ea8n m\u00ecnh trong kh\u00f4ng gian thanh l\u1ecbch c\u1ee7a Bel Marina Hoi An, Vibe Lounge &amp; Caf\u00e9 l\u00e0 \u0111i\u1ec3m h\u1eb9n l\u00fd t\u01b0\u1edfng \u0111\u1ec3 t\u1eadn h\u01b0\u1edfng nh\u1eefng kho\u1ea3nh kh\u1eafc th\u01b0 th\u00e1i su\u1ed1t c\u1ea3 ng\u00e0y. T\u1eeb ly c\u00e0 ph\u00ea th\u01a1m n\u1ed3ng bu\u1ed5i s\u00e1ng, tr\u00e0 chi\u1ec1u nh\u1eb9 nh\u00e0ng \u0111\u1ebfn nh\u1eefng ly cocktail \u0111\u1ea7y c\u1ea3m h\u1ee9ng khi ho\u00e0ng h\u00f4n bu\u00f4ng [&hellip;]<\/p>\n","protected":false},"author":244,"featured_media":0,"parent":238,"menu_order":0,"comment_status":"closed","ping_status":"closed","template":"template-single-restaurant.php","meta":{"footnotes":""},"categories":[],"yoast_head":"<!-- This site is optimized with the Yoast SEO plugin v22.3 - https:\/\/yoast.com\/wordpress\/plugins\/seo\/ -->\n<title>Vibe Lounge &amp; Caf\u00e9 | Bel Marina Hoi An<\/title>\n<meta name=\"robots\" content=\"index, follow, max-snippet:-1, max-image-preview:large, max-video-preview:-1\" \/>\n<link rel=\"canonical\" href=\"https:\/\/www.belmarinahoian.com\/vi\/dining\/vibe-lounge-cafe\/\" \/>\n<meta property=\"og:locale\" content=\"vi_VN\" \/>\n<meta property=\"og:type\" content=\"article\" \/>\n<meta property=\"og:title\" content=\"Vibe Lounge &amp; Caf\u00e9 | Bel Marina Hoi An\" \/>\n<meta property=\"og:description\" content=\"\u1ea8n m\u00ecnh trong kh\u00f4ng gian thanh l\u1ecbch c\u1ee7a Bel Marina Hoi An, Vibe Lounge &amp; Caf\u00e9 l\u00e0 \u0111i\u1ec3m h\u1eb9n l\u00fd t\u01b0\u1edfng \u0111\u1ec3 t\u1eadn h\u01b0\u1edfng nh\u1eefng kho\u1ea3nh kh\u1eafc th\u01b0 th\u00e1i su\u1ed1t c\u1ea3 ng\u00e0y. T\u1eeb ly c\u00e0 ph\u00ea th\u01a1m n\u1ed3ng bu\u1ed5i s\u00e1ng, tr\u00e0 chi\u1ec1u nh\u1eb9 nh\u00e0ng \u0111\u1ebfn nh\u1eefng ly cocktail \u0111\u1ea7y c\u1ea3m h\u1ee9ng khi ho\u00e0ng h\u00f4n bu\u00f4ng [&hellip;]\" \/>\n<meta property=\"og:url\" content=\"https:\/\/www.belmarinahoian.com\/vi\/dining\/vibe-lounge-cafe\/\" \/>\n<meta property=\"og:site_name\" content=\"Bel Marina Hoi An\" \/>\n<meta property=\"article:publisher\" content=\"https:\/\/www.facebook.com\/belmarinahoian.official\" \/>\n<meta property=\"article:modified_time\" content=\"2026-04-29T07:32:09+00:00\" \/>\n<meta property=\"og:image\" content=\"https:\/\/www.belmarinahoian.com\/wp-content\/uploads\/sites\/132\/2026\/04\/Vibe-lounge-coffee-BLACK-300x300.png\" \/>\n<meta name=\"twitter:card\" content=\"summary_large_image\" \/>\n<meta name=\"twitter:label1\" content=\"Est. reading time\" \/>\n\t<meta name=\"twitter:data1\" content=\"1 minute\" \/>\n<script type=\"application\/ld+json\" class=\"yoast-schema-graph\">{\"@context\":\"https:\/\/schema.org\",\"@graph\":[{\"@type\":\"WebPage\",\"@id\":\"https:\/\/www.belmarinahoian.com\/vi\/dining\/vibe-lounge-cafe\/\",\"url\":\"https:\/\/www.belmarinahoian.com\/vi\/dining\/vibe-lounge-cafe\/\",\"name\":\"Vibe Lounge & Caf\u00e9 | Bel Marina Hoi An\",\"isPartOf\":{\"@id\":\"https:\/\/www.belmarinahoian.com\/vi\/#website\"},\"primaryImageOfPage\":{\"@id\":\"https:\/\/www.belmarinahoian.com\/vi\/dining\/vibe-lounge-cafe\/#primaryimage\"},\"image\":{\"@id\":\"https:\/\/www.belmarinahoian.com\/vi\/dining\/vibe-lounge-cafe\/#primaryimage\"},\"thumbnailUrl\":\"https:\/\/www.belmarinahoian.com\/wp-content\/uploads\/sites\/132\/2026\/04\/Vibe-lounge-coffee-BLACK-300x300.png\",\"datePublished\":\"2026-04-29T07:13:14+00:00\",\"dateModified\":\"2026-04-29T07:32:09+00:00\",\"breadcrumb\":{\"@id\":\"https:\/\/www.belmarinahoian.com\/vi\/dining\/vibe-lounge-cafe\/#breadcrumb\"},\"inLanguage\":\"vi-VN\",\"potentialAction\":[{\"@type\":\"ReadAction\",\"target\":[\"https:\/\/www.belmarinahoian.com\/vi\/dining\/vibe-lounge-cafe\/\"]}]},{\"@type\":\"ImageObject\",\"inLanguage\":\"vi-VN\",\"@id\":\"https:\/\/www.belmarinahoian.com\/vi\/dining\/vibe-lounge-cafe\/#primaryimage\",\"url\":\"https:\/\/www.belmarinahoian.com\/wp-content\/uploads\/sites\/132\/2026\/04\/Vibe-lounge-coffee-BLACK.png\",\"contentUrl\":\"https:\/\/www.belmarinahoian.com\/wp-content\/uploads\/sites\/132\/2026\/04\/Vibe-lounge-coffee-BLACK.png\",\"width\":2049,\"height\":2049},{\"@type\":\"BreadcrumbList\",\"@id\":\"https:\/\/www.belmarinahoian.com\/vi\/dining\/vibe-lounge-cafe\/#breadcrumb\",\"itemListElement\":[{\"@type\":\"ListItem\",\"position\":1,\"name\":\"Home\",\"item\":\"https:\/\/www.belmarinahoian.com\/vi\/\"},{\"@type\":\"ListItem\",\"position\":2,\"name\":\"\u1ea8m Th\u1ef1c\",\"item\":\"https:\/\/www.belmarinahoian.com\/vi\/dining\/\"},{\"@type\":\"ListItem\",\"position\":3,\"name\":\"Vibe Lounge &amp; Caf\u00e9\"}]},{\"@type\":\"WebSite\",\"@id\":\"https:\/\/www.belmarinahoian.com\/vi\/#website\",\"url\":\"https:\/\/www.belmarinahoian.com\/vi\/\",\"name\":\"Bel Marina Hoi An\",\"description\":\"\",\"potentialAction\":[{\"@type\":\"SearchAction\",\"target\":{\"@type\":\"EntryPoint\",\"urlTemplate\":\"https:\/\/www.belmarinahoian.com\/vi\/?s={search_term_string}\"},\"query-input\":\"required name=search_term_string\"}],\"inLanguage\":\"vi-VN\"}]}<\/script>\n<!-- \/ Yoast SEO plugin. -->","yoast_head_json":{"title":"Vibe Lounge & Caf\u00e9 | Bel Marina Hoi An","robots":{"index":"index","follow":"follow","max-snippet":"max-snippet:-1","max-image-preview":"max-image-preview:large","max-video-preview":"max-video-preview:-1"},"canonical":"https:\/\/www.belmarinahoian.com\/vi\/dining\/vibe-lounge-cafe\/","og_locale":"vi_VN","og_type":"article","og_title":"Vibe Lounge & Caf\u00e9 | Bel Marina Hoi An","og_description":"\u1ea8n m\u00ecnh trong kh\u00f4ng gian thanh l\u1ecbch c\u1ee7a Bel Marina Hoi An, Vibe Lounge &amp; Caf\u00e9 l\u00e0 \u0111i\u1ec3m h\u1eb9n l\u00fd t\u01b0\u1edfng \u0111\u1ec3 t\u1eadn h\u01b0\u1edfng nh\u1eefng kho\u1ea3nh kh\u1eafc th\u01b0 th\u00e1i su\u1ed1t c\u1ea3 ng\u00e0y. T\u1eeb ly c\u00e0 ph\u00ea th\u01a1m n\u1ed3ng bu\u1ed5i s\u00e1ng, tr\u00e0 chi\u1ec1u nh\u1eb9 nh\u00e0ng \u0111\u1ebfn nh\u1eefng ly cocktail \u0111\u1ea7y c\u1ea3m h\u1ee9ng khi ho\u00e0ng h\u00f4n bu\u00f4ng [&hellip;]","og_url":"https:\/\/www.belmarinahoian.com\/vi\/dining\/vibe-lounge-cafe\/","og_site_name":"Bel Marina Hoi An","article_publisher":"https:\/\/www.facebook.com\/belmarinahoian.official","article_modified_time":"2026-04-29T07:32:09+00:00","og_image":[{"url":"https:\/\/www.belmarinahoian.com\/wp-content\/uploads\/sites\/132\/2026\/04\/Vibe-lounge-coffee-BLACK-300x300.png"}],"twitter_card":"summary_large_image","twitter_misc":{"Est. reading time":"1 minute"},"schema":{"@context":"https:\/\/schema.org","@graph":[{"@type":"WebPage","@id":"https:\/\/www.belmarinahoian.com\/vi\/dining\/vibe-lounge-cafe\/","url":"https:\/\/www.belmarinahoian.com\/vi\/dining\/vibe-lounge-cafe\/","name":"Vibe Lounge & Caf\u00e9 | Bel Marina Hoi An","isPartOf":{"@id":"https:\/\/www.belmarinahoian.com\/vi\/#website"},"primaryImageOfPage":{"@id":"https:\/\/www.belmarinahoian.com\/vi\/dining\/vibe-lounge-cafe\/#primaryimage"},"image":{"@id":"https:\/\/www.belmarinahoian.com\/vi\/dining\/vibe-lounge-cafe\/#primaryimage"},"thumbnailUrl":"https:\/\/www.belmarinahoian.com\/wp-content\/uploads\/sites\/132\/2026\/04\/Vibe-lounge-coffee-BLACK-300x300.png","datePublished":"2026-04-29T07:13:14+00:00","dateModified":"2026-04-29T07:32:09+00:00","breadcrumb":{"@id":"https:\/\/www.belmarinahoian.com\/vi\/dining\/vibe-lounge-cafe\/#breadcrumb"},"inLanguage":"vi-VN","potentialAction":[{"@type":"ReadAction","target":["https:\/\/www.belmarinahoian.com\/vi\/dining\/vibe-lounge-cafe\/"]}]},{"@type":"ImageObject","inLanguage":"vi-VN","@id":"https:\/\/www.belmarinahoian.com\/vi\/dining\/vibe-lounge-cafe\/#primaryimage","url":"https:\/\/www.belmarinahoian.com\/wp-content\/uploads\/sites\/132\/2026\/04\/Vibe-lounge-coffee-BLACK.png","contentUrl":"https:\/\/www.belmarinahoian.com\/wp-content\/uploads\/sites\/132\/2026\/04\/Vibe-lounge-coffee-BLACK.png","width":2049,"height":2049},{"@type":"BreadcrumbList","@id":"https:\/\/www.belmarinahoian.com\/vi\/dining\/vibe-lounge-cafe\/#breadcrumb","itemListElement":[{"@type":"ListItem","position":1,"name":"Home","item":"https:\/\/www.belmarinahoian.com\/vi\/"},{"@type":"ListItem","position":2,"name":"\u1ea8m Th\u1ef1c","item":"https:\/\/www.belmarinahoian.com\/vi\/dining\/"},{"@type":"ListItem","position":3,"name":"Vibe Lounge &amp; Caf\u00e9"}]},{"@type":"WebSite","@id":"https:\/\/www.belmarinahoian.com\/vi\/#website","url":"https:\/\/www.belmarinahoian.com\/vi\/","name":"Bel Marina Hoi An","description":"","potentialAction":[{"@type":"SearchAction","target":{"@type":"EntryPoint","urlTemplate":"https:\/\/www.belmarinahoian.com\/vi\/?s={search_term_string}"},"query-input":"required name=search_term_string"}],"inLanguage":"vi-VN"}]}},"acf":[],"_links":{"self":[{"href":"https:\/\/www.belmarinahoian.com\/vi\/wp-json\/wp\/v2\/pages\/787"}],"collection":[{"href":"https:\/\/www.belmarinahoian.com\/vi\/wp-json\/wp\/v2\/pages"}],"about":[{"href":"https:\/\/www.belmarinahoian.com\/vi\/wp-json\/wp\/v2\/types\/page"}],"author":[{"embeddable":true,"href":"https:\/\/www.belmarinahoian.com\/vi\/wp-json\/wp\/v2\/users\/244"}],"replies":[{"embeddable":true,"href":"https:\/\/www.belmarinahoian.com\/vi\/wp-json\/wp\/v2\/comments?post=787"}],"version-history":[{"count":0,"href":"https:\/\/www.belmarinahoian.com\/vi\/wp-json\/wp\/v2\/pages\/787\/revisions"}],"up":[{"embeddable":true,"href":"https:\/\/www.belmarinahoian.com\/vi\/wp-json\/wp\/v2\/pages\/238"}],"wp:attachment":[{"href":"https:\/\/www.belmarinahoian.com\/vi\/wp-json\/wp\/v2\/media?parent=787"}],"wp:term":[{"taxonomy":"category","embeddable":true,"href":"https:\/\/www.belmarinahoian.com\/vi\/wp-json\/wp\/v2\/categories?post=787"}],"curies":[{"name":"wp","href":"https:\/\/api.w.org\/{rel}","templated":true}]}}