{"id":763,"date":"2026-04-25T03:03:34","date_gmt":"2026-04-25T03:03:34","guid":{"rendered":"https:\/\/www.belmarinahoian.com\/?page_id=763"},"modified":"2026-04-25T03:52:02","modified_gmt":"2026-04-25T03:52:02","slug":"trai-nghiem-hoang-hon-ben-song","status":"publish","type":"page","link":"https:\/\/www.belmarinahoian.com\/vi\/special-offers\/trai-nghiem-hoang-hon-ben-song\/","title":{"rendered":"Tr\u1ea3i Nghi\u1ec7m Ho\u00e0ng H\u00f4n B\u00ean S\u00f4ng"},"content":{"rendered":"<p><strong>Bao G\u1ed3m:<\/strong><\/p>\n<ul>\n<li data-section-id=\"1vn5obp\" data-start=\"262\" data-end=\"316\">2 \u0111\u00eam ngh\u1ec9 t\u1ea1i h\u1ea1ng ph\u00f2ng Premier Deluxe Town View<\/li>\n<li data-section-id=\"iha880\" data-start=\"317\" data-end=\"351\">B\u1eefa s\u00e1ng h\u1eb1ng ng\u00e0y cho 2 kh\u00e1ch<\/li>\n<li data-section-id=\"sppe78\" data-start=\"352\" data-end=\"401\">Tr\u1ea3i nghi\u1ec7m du ngo\u1ea1n s\u00f4ng Thu B\u1ed3n trong 1 gi\u1edd<\/li>\n<li data-section-id=\"1y1w1xt\" data-start=\"402\" data-end=\"434\">Gi\u1ea3m 20% d\u1ecbch v\u1ee5 \u1ea9m th\u1ef1c (F&amp;B)<\/li>\n<\/ul>\n<p><strong>\u0110i\u1ec1u kho\u1ea3n &amp; \u0110i\u1ec1u ki\u1ec7n \u00e1p d\u1ee5ng<\/strong><br \/>\n\u00c1p d\u1ee5ng cho \u0111\u1eb7t ph\u00f2ng t\u1eeb nay \u0111\u1ebfn 20\/12\/2026<\/p>\n<p><strong data-start=\"787\" data-end=\"808\">\u01afu \u0111\u00e3i \u0111\u1ed9c quy\u1ec1n:<\/strong><br data-start=\"808\" data-end=\"811\" \/>Gi\u1ea3m th\u00eam 10% cho c\u00e1c k\u1ef3 ngh\u1ec9 trong th\u00e1ng 5, 6, 9, 10, 11 v\u00e0 12<\/p>\n","protected":false},"excerpt":{"rendered":"<p>Bao G\u1ed3m: 2 \u0111\u00eam ngh\u1ec9 t\u1ea1i h\u1ea1ng ph\u00f2ng Premier Deluxe Town View B\u1eefa s\u00e1ng h\u1eb1ng ng\u00e0y cho 2 kh\u00e1ch Tr\u1ea3i nghi\u1ec7m du ngo\u1ea1n s\u00f4ng Thu B\u1ed3n trong 1 gi\u1edd Gi\u1ea3m 20% d\u1ecbch v\u1ee5 \u1ea9m th\u1ef1c (F&amp;B) \u0110i\u1ec1u kho\u1ea3n &amp; \u0110i\u1ec1u ki\u1ec7n \u00e1p d\u1ee5ng \u00c1p d\u1ee5ng cho \u0111\u1eb7t ph\u00f2ng t\u1eeb nay \u0111\u1ebfn 20\/12\/2026 \u01afu \u0111\u00e3i \u0111\u1ed9c [&hellip;]<\/p>\n","protected":false},"author":249,"featured_media":764,"parent":242,"menu_order":0,"comment_status":"closed","ping_status":"closed","template":"template-single-offer.php","meta":{"footnotes":""},"categories":[],"yoast_head":"<!-- This site is optimized with the Yoast SEO plugin v22.3 - https:\/\/yoast.com\/wordpress\/plugins\/seo\/ -->\n<title>Tr\u1ea3i Nghi\u1ec7m Ho\u00e0ng H\u00f4n B\u00ean S\u00f4ng - Bel Marina Hoi An<\/title>\n<meta name=\"robots\" content=\"index, follow, max-snippet:-1, max-image-preview:large, max-video-preview:-1\" \/>\n<link rel=\"canonical\" href=\"https:\/\/www.belmarinahoian.com\/vi\/special-offers\/trai-nghiem-hoang-hon-ben-song\/\" \/>\n<meta property=\"og:locale\" content=\"vi_VN\" \/>\n<meta property=\"og:type\" content=\"article\" \/>\n<meta property=\"og:title\" content=\"Tr\u1ea3i Nghi\u1ec7m Ho\u00e0ng H\u00f4n B\u00ean S\u00f4ng - Bel Marina Hoi An\" \/>\n<meta property=\"og:description\" content=\"Bao G\u1ed3m: 2 \u0111\u00eam ngh\u1ec9 t\u1ea1i h\u1ea1ng ph\u00f2ng Premier Deluxe Town View B\u1eefa s\u00e1ng h\u1eb1ng ng\u00e0y cho 2 kh\u00e1ch Tr\u1ea3i nghi\u1ec7m du ngo\u1ea1n s\u00f4ng Thu B\u1ed3n trong 1 gi\u1edd Gi\u1ea3m 20% d\u1ecbch v\u1ee5 \u1ea9m th\u1ef1c (F&amp;B) \u0110i\u1ec1u kho\u1ea3n &amp; \u0110i\u1ec1u ki\u1ec7n \u00e1p d\u1ee5ng \u00c1p d\u1ee5ng cho \u0111\u1eb7t ph\u00f2ng t\u1eeb nay \u0111\u1ebfn 20\/12\/2026 \u01afu \u0111\u00e3i \u0111\u1ed9c [&hellip;]\" \/>\n<meta property=\"og:url\" content=\"https:\/\/www.belmarinahoian.com\/vi\/special-offers\/trai-nghiem-hoang-hon-ben-song\/\" \/>\n<meta property=\"og:site_name\" content=\"Bel Marina Hoi An\" \/>\n<meta property=\"article:publisher\" content=\"https:\/\/www.facebook.com\/belmarinahoian.official\" \/>\n<meta property=\"article:modified_time\" content=\"2026-04-25T03:52:02+00:00\" \/>\n<meta property=\"og:image\" content=\"https:\/\/www.belmarinahoian.com\/wp-content\/uploads\/sites\/132\/2026\/04\/promotion-15.jpg\" \/>\n\t<meta property=\"og:image:width\" content=\"2200\" \/>\n\t<meta property=\"og:image:height\" content=\"1513\" \/>\n\t<meta property=\"og:image:type\" content=\"image\/jpeg\" \/>\n<meta name=\"twitter:card\" content=\"summary_large_image\" \/>\n<meta name=\"twitter:label1\" content=\"Est. reading time\" \/>\n\t<meta name=\"twitter:data1\" content=\"1 minute\" \/>\n<script type=\"application\/ld+json\" class=\"yoast-schema-graph\">{\"@context\":\"https:\/\/schema.org\",\"@graph\":[{\"@type\":\"WebPage\",\"@id\":\"https:\/\/www.belmarinahoian.com\/vi\/special-offers\/trai-nghiem-hoang-hon-ben-song\/\",\"url\":\"https:\/\/www.belmarinahoian.com\/vi\/special-offers\/trai-nghiem-hoang-hon-ben-song\/\",\"name\":\"Tr\u1ea3i Nghi\u1ec7m Ho\u00e0ng H\u00f4n B\u00ean S\u00f4ng - Bel Marina Hoi An\",\"isPartOf\":{\"@id\":\"https:\/\/www.belmarinahoian.com\/vi\/#website\"},\"primaryImageOfPage\":{\"@id\":\"https:\/\/www.belmarinahoian.com\/vi\/special-offers\/trai-nghiem-hoang-hon-ben-song\/#primaryimage\"},\"image\":{\"@id\":\"https:\/\/www.belmarinahoian.com\/vi\/special-offers\/trai-nghiem-hoang-hon-ben-song\/#primaryimage\"},\"thumbnailUrl\":\"https:\/\/www.belmarinahoian.com\/wp-content\/uploads\/sites\/132\/2026\/04\/promotion-15.jpg\",\"datePublished\":\"2026-04-25T03:03:34+00:00\",\"dateModified\":\"2026-04-25T03:52:02+00:00\",\"breadcrumb\":{\"@id\":\"https:\/\/www.belmarinahoian.com\/vi\/special-offers\/trai-nghiem-hoang-hon-ben-song\/#breadcrumb\"},\"inLanguage\":\"vi-VN\",\"potentialAction\":[{\"@type\":\"ReadAction\",\"target\":[\"https:\/\/www.belmarinahoian.com\/vi\/special-offers\/trai-nghiem-hoang-hon-ben-song\/\"]}]},{\"@type\":\"ImageObject\",\"inLanguage\":\"vi-VN\",\"@id\":\"https:\/\/www.belmarinahoian.com\/vi\/special-offers\/trai-nghiem-hoang-hon-ben-song\/#primaryimage\",\"url\":\"https:\/\/www.belmarinahoian.com\/wp-content\/uploads\/sites\/132\/2026\/04\/promotion-15.jpg\",\"contentUrl\":\"https:\/\/www.belmarinahoian.com\/wp-content\/uploads\/sites\/132\/2026\/04\/promotion-15.jpg\",\"width\":2200,\"height\":1513},{\"@type\":\"BreadcrumbList\",\"@id\":\"https:\/\/www.belmarinahoian.com\/vi\/special-offers\/trai-nghiem-hoang-hon-ben-song\/#breadcrumb\",\"itemListElement\":[{\"@type\":\"ListItem\",\"position\":1,\"name\":\"Home\",\"item\":\"https:\/\/www.belmarinahoian.com\/vi\/\"},{\"@type\":\"ListItem\",\"position\":2,\"name\":\"\u01afu \u0110\u00e3i\",\"item\":\"https:\/\/www.belmarinahoian.com\/vi\/special-offers\/\"},{\"@type\":\"ListItem\",\"position\":3,\"name\":\"Tr\u1ea3i Nghi\u1ec7m Ho\u00e0ng H\u00f4n B\u00ean S\u00f4ng\"}]},{\"@type\":\"WebSite\",\"@id\":\"https:\/\/www.belmarinahoian.com\/vi\/#website\",\"url\":\"https:\/\/www.belmarinahoian.com\/vi\/\",\"name\":\"Bel Marina Hoi An\",\"description\":\"\",\"potentialAction\":[{\"@type\":\"SearchAction\",\"target\":{\"@type\":\"EntryPoint\",\"urlTemplate\":\"https:\/\/www.belmarinahoian.com\/vi\/?s={search_term_string}\"},\"query-input\":\"required name=search_term_string\"}],\"inLanguage\":\"vi-VN\"}]}<\/script>\n<!-- \/ Yoast SEO plugin. -->","yoast_head_json":{"title":"Tr\u1ea3i Nghi\u1ec7m Ho\u00e0ng H\u00f4n B\u00ean S\u00f4ng - Bel Marina Hoi An","robots":{"index":"index","follow":"follow","max-snippet":"max-snippet:-1","max-image-preview":"max-image-preview:large","max-video-preview":"max-video-preview:-1"},"canonical":"https:\/\/www.belmarinahoian.com\/vi\/special-offers\/trai-nghiem-hoang-hon-ben-song\/","og_locale":"vi_VN","og_type":"article","og_title":"Tr\u1ea3i Nghi\u1ec7m Ho\u00e0ng H\u00f4n B\u00ean S\u00f4ng - Bel Marina Hoi An","og_description":"Bao G\u1ed3m: 2 \u0111\u00eam ngh\u1ec9 t\u1ea1i h\u1ea1ng ph\u00f2ng Premier Deluxe Town View B\u1eefa s\u00e1ng h\u1eb1ng ng\u00e0y cho 2 kh\u00e1ch Tr\u1ea3i nghi\u1ec7m du ngo\u1ea1n s\u00f4ng Thu B\u1ed3n trong 1 gi\u1edd Gi\u1ea3m 20% d\u1ecbch v\u1ee5 \u1ea9m th\u1ef1c (F&amp;B) \u0110i\u1ec1u kho\u1ea3n &amp; \u0110i\u1ec1u ki\u1ec7n \u00e1p d\u1ee5ng \u00c1p d\u1ee5ng cho \u0111\u1eb7t ph\u00f2ng t\u1eeb nay \u0111\u1ebfn 20\/12\/2026 \u01afu \u0111\u00e3i \u0111\u1ed9c [&hellip;]","og_url":"https:\/\/www.belmarinahoian.com\/vi\/special-offers\/trai-nghiem-hoang-hon-ben-song\/","og_site_name":"Bel Marina Hoi An","article_publisher":"https:\/\/www.facebook.com\/belmarinahoian.official","article_modified_time":"2026-04-25T03:52:02+00:00","og_image":[{"width":2200,"height":1513,"url":"https:\/\/www.belmarinahoian.com\/wp-content\/uploads\/sites\/132\/2026\/04\/promotion-15.jpg","type":"image\/jpeg"}],"twitter_card":"summary_large_image","twitter_misc":{"Est. reading time":"1 minute"},"schema":{"@context":"https:\/\/schema.org","@graph":[{"@type":"WebPage","@id":"https:\/\/www.belmarinahoian.com\/vi\/special-offers\/trai-nghiem-hoang-hon-ben-song\/","url":"https:\/\/www.belmarinahoian.com\/vi\/special-offers\/trai-nghiem-hoang-hon-ben-song\/","name":"Tr\u1ea3i Nghi\u1ec7m Ho\u00e0ng H\u00f4n B\u00ean S\u00f4ng - Bel Marina Hoi An","isPartOf":{"@id":"https:\/\/www.belmarinahoian.com\/vi\/#website"},"primaryImageOfPage":{"@id":"https:\/\/www.belmarinahoian.com\/vi\/special-offers\/trai-nghiem-hoang-hon-ben-song\/#primaryimage"},"image":{"@id":"https:\/\/www.belmarinahoian.com\/vi\/special-offers\/trai-nghiem-hoang-hon-ben-song\/#primaryimage"},"thumbnailUrl":"https:\/\/www.belmarinahoian.com\/wp-content\/uploads\/sites\/132\/2026\/04\/promotion-15.jpg","datePublished":"2026-04-25T03:03:34+00:00","dateModified":"2026-04-25T03:52:02+00:00","breadcrumb":{"@id":"https:\/\/www.belmarinahoian.com\/vi\/special-offers\/trai-nghiem-hoang-hon-ben-song\/#breadcrumb"},"inLanguage":"vi-VN","potentialAction":[{"@type":"ReadAction","target":["https:\/\/www.belmarinahoian.com\/vi\/special-offers\/trai-nghiem-hoang-hon-ben-song\/"]}]},{"@type":"ImageObject","inLanguage":"vi-VN","@id":"https:\/\/www.belmarinahoian.com\/vi\/special-offers\/trai-nghiem-hoang-hon-ben-song\/#primaryimage","url":"https:\/\/www.belmarinahoian.com\/wp-content\/uploads\/sites\/132\/2026\/04\/promotion-15.jpg","contentUrl":"https:\/\/www.belmarinahoian.com\/wp-content\/uploads\/sites\/132\/2026\/04\/promotion-15.jpg","width":2200,"height":1513},{"@type":"BreadcrumbList","@id":"https:\/\/www.belmarinahoian.com\/vi\/special-offers\/trai-nghiem-hoang-hon-ben-song\/#breadcrumb","itemListElement":[{"@type":"ListItem","position":1,"name":"Home","item":"https:\/\/www.belmarinahoian.com\/vi\/"},{"@type":"ListItem","position":2,"name":"\u01afu \u0110\u00e3i","item":"https:\/\/www.belmarinahoian.com\/vi\/special-offers\/"},{"@type":"ListItem","position":3,"name":"Tr\u1ea3i Nghi\u1ec7m Ho\u00e0ng H\u00f4n B\u00ean S\u00f4ng"}]},{"@type":"WebSite","@id":"https:\/\/www.belmarinahoian.com\/vi\/#website","url":"https:\/\/www.belmarinahoian.com\/vi\/","name":"Bel Marina Hoi An","description":"","potentialAction":[{"@type":"SearchAction","target":{"@type":"EntryPoint","urlTemplate":"https:\/\/www.belmarinahoian.com\/vi\/?s={search_term_string}"},"query-input":"required name=search_term_string"}],"inLanguage":"vi-VN"}]}},"acf":[],"_links":{"self":[{"href":"https:\/\/www.belmarinahoian.com\/vi\/wp-json\/wp\/v2\/pages\/763"}],"collection":[{"href":"https:\/\/www.belmarinahoian.com\/vi\/wp-json\/wp\/v2\/pages"}],"about":[{"href":"https:\/\/www.belmarinahoian.com\/vi\/wp-json\/wp\/v2\/types\/page"}],"author":[{"embeddable":true,"href":"https:\/\/www.belmarinahoian.com\/vi\/wp-json\/wp\/v2\/users\/249"}],"replies":[{"embeddable":true,"href":"https:\/\/www.belmarinahoian.com\/vi\/wp-json\/wp\/v2\/comments?post=763"}],"version-history":[{"count":0,"href":"https:\/\/www.belmarinahoian.com\/vi\/wp-json\/wp\/v2\/pages\/763\/revisions"}],"up":[{"embeddable":true,"href":"https:\/\/www.belmarinahoian.com\/vi\/wp-json\/wp\/v2\/pages\/242"}],"wp:featuredmedia":[{"embeddable":true,"href":"https:\/\/www.belmarinahoian.com\/vi\/wp-json\/wp\/v2\/media\/764"}],"wp:attachment":[{"href":"https:\/\/www.belmarinahoian.com\/vi\/wp-json\/wp\/v2\/media?parent=763"}],"wp:term":[{"taxonomy":"category","embeddable":true,"href":"https:\/\/www.belmarinahoian.com\/vi\/wp-json\/wp\/v2\/categories?post=763"}],"curies":[{"name":"wp","href":"https:\/\/api.w.org\/{rel}","templated":true}]}}