{"id":756,"date":"2026-04-23T09:22:30","date_gmt":"2026-04-23T09:22:30","guid":{"rendered":"https:\/\/www.belmarinahoian.com\/?page_id=756"},"modified":"2026-04-23T09:42:28","modified_gmt":"2026-04-23T09:42:28","slug":"trai-nghiem-bbq-rieng-tu","status":"publish","type":"page","link":"https:\/\/www.belmarinahoian.com\/vi\/special-offers\/trai-nghiem-bbq-rieng-tu\/","title":{"rendered":"Tr\u1ea3i Nghi\u1ec7m BBQ Ri\u00eang T\u01b0"},"content":{"rendered":"<div class=\"text-base my-auto mx-auto [--thread-content-margin:var(--thread-content-margin-xs,calc(var(--spacing)*4))] @w-sm\/main:[--thread-content-margin:var(--thread-content-margin-sm,calc(var(--spacing)*6))] @w-lg\/main:[--thread-content-margin:var(--thread-content-margin-lg,calc(var(--spacing)*16))] px-(--thread-content-margin)\">\n<div class=\"[--thread-content-max-width:40rem] @w-lg\/main:[--thread-content-max-width:48rem] mx-auto max-w-(--thread-content-max-width) flex-1 group\/turn-messages focus-visible:outline-hidden relative flex w-full min-w-0 flex-col agent-turn\">\n<div class=\"flex max-w-full flex-col gap-4 grow\">\n<div class=\"min-h-8 text-message relative flex w-full flex-col items-end gap-2 text-start break-words whitespace-normal outline-none keyboard-focused:focus-ring [.text-message+&amp;]:mt-1\" dir=\"auto\" data-message-author-role=\"assistant\" data-message-id=\"481c7beb-a422-4a3a-b4c6-f980be3271ef\" data-message-model-slug=\"gpt-5-3\">\n<div class=\"flex w-full flex-col gap-1 empty:hidden\">\n<div class=\"markdown prose dark:prose-invert w-full wrap-break-word light markdown-new-styling\">\n<div class=\"x14z9mp xat24cr x1lziwak x1vvkbs xtlvy1s x126k92a\">\n<div dir=\"auto\">Gi\u1eefa kh\u00f4ng gian ri\u00eang t\u01b0 c\u1ee7a villa v\u00e0 khu v\u01b0\u1eddn xanh m\u00e1t, tr\u1ea3i nghi\u1ec7m BBQ tr\u1edf n\u00ean tr\u1ecdn v\u1eb9n h\u01a1n bao gi\u1edd h\u1ebft. T\u1eebng m\u00f3n \u0103n \u0111\u01b0\u1ee3c chu\u1ea9n b\u1ecb tinh t\u1ebf t\u1eeb nguy\u00ean li\u1ec7u cao c\u1ea5p: b\u00f2 \u00dac m\u1ec1m m\u1ecdng, s\u01b0\u1eddn c\u1eebu th\u1ea3o m\u1ed9c, c\u00e1 h\u1ed3i Na Uy t\u01b0\u01a1i ngon c\u00f9ng t\u00f4m n\u01b0\u1edbng b\u01a1 t\u1ecfi h\u1ea5p d\u1eabn.<br data-start=\"386\" data-end=\"389\" \/>M\u1ed9t bu\u1ed5i t\u1ed1i \u1ea5m c\u00fang, n\u01a1i b\u1ea1n ch\u1ec9 c\u1ea7n t\u1eadn h\u01b0\u1edfng h\u01b0\u01a1ng v\u1ecb, kh\u00f4ng gian v\u00e0 nh\u1eefng kho\u1ea3nh kh\u1eafc \u0111\u00e1ng nh\u1edb b\u00ean ng\u01b0\u1eddi th\u00e2n y\u00eau.<\/div>\n<div dir=\"auto\"><\/div>\n<div dir=\"auto\"><strong>Gi\u00e1: 1,999,000VND\/kh\u00e1ch<\/strong><\/div>\n<\/div>\n<div class=\"x14z9mp xat24cr x1lziwak x1vvkbs xtlvy1s x126k92a\">\n<div dir=\"auto\"><\/div>\n<div dir=\"auto\">Li\u00ean h\u1ec7 hotline +<strong>84 235 3938 888<\/strong> ho\u1eb7c email <strong>info@belmarinahoian.com<\/strong> \u0111\u1ec3 \u0111\u1eb7t ch\u1ed7 ngay h\u00f4m nay.<\/div>\n<\/div>\n<\/div>\n<\/div>\n<\/div>\n<\/div>\n<\/div>\n<\/div>\n","protected":false},"excerpt":{"rendered":"<p>Gi\u1eefa kh\u00f4ng gian ri\u00eang t\u01b0 c\u1ee7a villa v\u00e0 khu v\u01b0\u1eddn xanh m\u00e1t, tr\u1ea3i nghi\u1ec7m BBQ tr\u1edf n\u00ean tr\u1ecdn v\u1eb9n h\u01a1n bao gi\u1edd h\u1ebft. T\u1eebng m\u00f3n \u0103n \u0111\u01b0\u1ee3c chu\u1ea9n b\u1ecb tinh t\u1ebf t\u1eeb nguy\u00ean li\u1ec7u cao c\u1ea5p: b\u00f2 \u00dac m\u1ec1m m\u1ecdng, s\u01b0\u1eddn c\u1eebu th\u1ea3o m\u1ed9c, c\u00e1 h\u1ed3i Na Uy t\u01b0\u01a1i ngon c\u00f9ng t\u00f4m n\u01b0\u1edbng b\u01a1 t\u1ecfi [&hellip;]<\/p>\n","protected":false},"author":249,"featured_media":757,"parent":242,"menu_order":0,"comment_status":"closed","ping_status":"closed","template":"template-single-offer.php","meta":{"footnotes":""},"categories":[],"yoast_head":"<!-- This site is optimized with the Yoast SEO plugin v22.3 - https:\/\/yoast.com\/wordpress\/plugins\/seo\/ -->\n<title>Tr\u1ea3i Nghi\u1ec7m BBQ Ri\u00eang T\u01b0 - Bel Marina Hoi An<\/title>\n<meta name=\"robots\" content=\"index, follow, max-snippet:-1, max-image-preview:large, max-video-preview:-1\" \/>\n<link rel=\"canonical\" href=\"https:\/\/www.belmarinahoian.com\/vi\/special-offers\/trai-nghiem-bbq-rieng-tu\/\" \/>\n<meta property=\"og:locale\" content=\"vi_VN\" \/>\n<meta property=\"og:type\" content=\"article\" \/>\n<meta property=\"og:title\" content=\"Tr\u1ea3i Nghi\u1ec7m BBQ Ri\u00eang T\u01b0 - Bel Marina Hoi An\" \/>\n<meta property=\"og:description\" content=\"Gi\u1eefa kh\u00f4ng gian ri\u00eang t\u01b0 c\u1ee7a villa v\u00e0 khu v\u01b0\u1eddn xanh m\u00e1t, tr\u1ea3i nghi\u1ec7m BBQ tr\u1edf n\u00ean tr\u1ecdn v\u1eb9n h\u01a1n bao gi\u1edd h\u1ebft. T\u1eebng m\u00f3n \u0103n \u0111\u01b0\u1ee3c chu\u1ea9n b\u1ecb tinh t\u1ebf t\u1eeb nguy\u00ean li\u1ec7u cao c\u1ea5p: b\u00f2 \u00dac m\u1ec1m m\u1ecdng, s\u01b0\u1eddn c\u1eebu th\u1ea3o m\u1ed9c, c\u00e1 h\u1ed3i Na Uy t\u01b0\u01a1i ngon c\u00f9ng t\u00f4m n\u01b0\u1edbng b\u01a1 t\u1ecfi [&hellip;]\" \/>\n<meta property=\"og:url\" content=\"https:\/\/www.belmarinahoian.com\/vi\/special-offers\/trai-nghiem-bbq-rieng-tu\/\" \/>\n<meta property=\"og:site_name\" content=\"Bel Marina Hoi An\" \/>\n<meta property=\"article:publisher\" content=\"https:\/\/www.facebook.com\/belmarinahoian.official\" \/>\n<meta property=\"article:modified_time\" content=\"2026-04-23T09:42:28+00:00\" \/>\n<meta property=\"og:image\" content=\"https:\/\/www.belmarinahoian.com\/wp-content\/uploads\/sites\/132\/2026\/04\/for-web-BBQ-VILLA-GARDEN.jpg\" \/>\n\t<meta property=\"og:image:width\" content=\"2200\" \/>\n\t<meta property=\"og:image:height\" content=\"1512\" \/>\n\t<meta property=\"og:image:type\" content=\"image\/jpeg\" \/>\n<meta name=\"twitter:card\" content=\"summary_large_image\" \/>\n<meta name=\"twitter:label1\" content=\"Est. reading time\" \/>\n\t<meta name=\"twitter:data1\" content=\"1 minute\" \/>\n<script type=\"application\/ld+json\" class=\"yoast-schema-graph\">{\"@context\":\"https:\/\/schema.org\",\"@graph\":[{\"@type\":\"WebPage\",\"@id\":\"https:\/\/www.belmarinahoian.com\/vi\/special-offers\/trai-nghiem-bbq-rieng-tu\/\",\"url\":\"https:\/\/www.belmarinahoian.com\/vi\/special-offers\/trai-nghiem-bbq-rieng-tu\/\",\"name\":\"Tr\u1ea3i Nghi\u1ec7m BBQ Ri\u00eang T\u01b0 - Bel Marina Hoi An\",\"isPartOf\":{\"@id\":\"https:\/\/www.belmarinahoian.com\/vi\/#website\"},\"primaryImageOfPage\":{\"@id\":\"https:\/\/www.belmarinahoian.com\/vi\/special-offers\/trai-nghiem-bbq-rieng-tu\/#primaryimage\"},\"image\":{\"@id\":\"https:\/\/www.belmarinahoian.com\/vi\/special-offers\/trai-nghiem-bbq-rieng-tu\/#primaryimage\"},\"thumbnailUrl\":\"https:\/\/www.belmarinahoian.com\/wp-content\/uploads\/sites\/132\/2026\/04\/for-web-BBQ-VILLA-GARDEN.jpg\",\"datePublished\":\"2026-04-23T09:22:30+00:00\",\"dateModified\":\"2026-04-23T09:42:28+00:00\",\"breadcrumb\":{\"@id\":\"https:\/\/www.belmarinahoian.com\/vi\/special-offers\/trai-nghiem-bbq-rieng-tu\/#breadcrumb\"},\"inLanguage\":\"vi-VN\",\"potentialAction\":[{\"@type\":\"ReadAction\",\"target\":[\"https:\/\/www.belmarinahoian.com\/vi\/special-offers\/trai-nghiem-bbq-rieng-tu\/\"]}]},{\"@type\":\"ImageObject\",\"inLanguage\":\"vi-VN\",\"@id\":\"https:\/\/www.belmarinahoian.com\/vi\/special-offers\/trai-nghiem-bbq-rieng-tu\/#primaryimage\",\"url\":\"https:\/\/www.belmarinahoian.com\/wp-content\/uploads\/sites\/132\/2026\/04\/for-web-BBQ-VILLA-GARDEN.jpg\",\"contentUrl\":\"https:\/\/www.belmarinahoian.com\/wp-content\/uploads\/sites\/132\/2026\/04\/for-web-BBQ-VILLA-GARDEN.jpg\",\"width\":2200,\"height\":1512},{\"@type\":\"BreadcrumbList\",\"@id\":\"https:\/\/www.belmarinahoian.com\/vi\/special-offers\/trai-nghiem-bbq-rieng-tu\/#breadcrumb\",\"itemListElement\":[{\"@type\":\"ListItem\",\"position\":1,\"name\":\"Home\",\"item\":\"https:\/\/www.belmarinahoian.com\/vi\/\"},{\"@type\":\"ListItem\",\"position\":2,\"name\":\"\u01afu \u0110\u00e3i\",\"item\":\"https:\/\/www.belmarinahoian.com\/vi\/special-offers\/\"},{\"@type\":\"ListItem\",\"position\":3,\"name\":\"Tr\u1ea3i Nghi\u1ec7m BBQ Ri\u00eang T\u01b0\"}]},{\"@type\":\"WebSite\",\"@id\":\"https:\/\/www.belmarinahoian.com\/vi\/#website\",\"url\":\"https:\/\/www.belmarinahoian.com\/vi\/\",\"name\":\"Bel Marina Hoi An\",\"description\":\"\",\"potentialAction\":[{\"@type\":\"SearchAction\",\"target\":{\"@type\":\"EntryPoint\",\"urlTemplate\":\"https:\/\/www.belmarinahoian.com\/vi\/?s={search_term_string}\"},\"query-input\":\"required name=search_term_string\"}],\"inLanguage\":\"vi-VN\"}]}<\/script>\n<!-- \/ Yoast SEO plugin. -->","yoast_head_json":{"title":"Tr\u1ea3i Nghi\u1ec7m BBQ Ri\u00eang T\u01b0 - Bel Marina Hoi An","robots":{"index":"index","follow":"follow","max-snippet":"max-snippet:-1","max-image-preview":"max-image-preview:large","max-video-preview":"max-video-preview:-1"},"canonical":"https:\/\/www.belmarinahoian.com\/vi\/special-offers\/trai-nghiem-bbq-rieng-tu\/","og_locale":"vi_VN","og_type":"article","og_title":"Tr\u1ea3i Nghi\u1ec7m BBQ Ri\u00eang T\u01b0 - Bel Marina Hoi An","og_description":"Gi\u1eefa kh\u00f4ng gian ri\u00eang t\u01b0 c\u1ee7a villa v\u00e0 khu v\u01b0\u1eddn xanh m\u00e1t, tr\u1ea3i nghi\u1ec7m BBQ tr\u1edf n\u00ean tr\u1ecdn v\u1eb9n h\u01a1n bao gi\u1edd h\u1ebft. T\u1eebng m\u00f3n \u0103n \u0111\u01b0\u1ee3c chu\u1ea9n b\u1ecb tinh t\u1ebf t\u1eeb nguy\u00ean li\u1ec7u cao c\u1ea5p: b\u00f2 \u00dac m\u1ec1m m\u1ecdng, s\u01b0\u1eddn c\u1eebu th\u1ea3o m\u1ed9c, c\u00e1 h\u1ed3i Na Uy t\u01b0\u01a1i ngon c\u00f9ng t\u00f4m n\u01b0\u1edbng b\u01a1 t\u1ecfi [&hellip;]","og_url":"https:\/\/www.belmarinahoian.com\/vi\/special-offers\/trai-nghiem-bbq-rieng-tu\/","og_site_name":"Bel Marina Hoi An","article_publisher":"https:\/\/www.facebook.com\/belmarinahoian.official","article_modified_time":"2026-04-23T09:42:28+00:00","og_image":[{"width":2200,"height":1512,"url":"https:\/\/www.belmarinahoian.com\/wp-content\/uploads\/sites\/132\/2026\/04\/for-web-BBQ-VILLA-GARDEN.jpg","type":"image\/jpeg"}],"twitter_card":"summary_large_image","twitter_misc":{"Est. reading time":"1 minute"},"schema":{"@context":"https:\/\/schema.org","@graph":[{"@type":"WebPage","@id":"https:\/\/www.belmarinahoian.com\/vi\/special-offers\/trai-nghiem-bbq-rieng-tu\/","url":"https:\/\/www.belmarinahoian.com\/vi\/special-offers\/trai-nghiem-bbq-rieng-tu\/","name":"Tr\u1ea3i Nghi\u1ec7m BBQ Ri\u00eang T\u01b0 - Bel Marina Hoi An","isPartOf":{"@id":"https:\/\/www.belmarinahoian.com\/vi\/#website"},"primaryImageOfPage":{"@id":"https:\/\/www.belmarinahoian.com\/vi\/special-offers\/trai-nghiem-bbq-rieng-tu\/#primaryimage"},"image":{"@id":"https:\/\/www.belmarinahoian.com\/vi\/special-offers\/trai-nghiem-bbq-rieng-tu\/#primaryimage"},"thumbnailUrl":"https:\/\/www.belmarinahoian.com\/wp-content\/uploads\/sites\/132\/2026\/04\/for-web-BBQ-VILLA-GARDEN.jpg","datePublished":"2026-04-23T09:22:30+00:00","dateModified":"2026-04-23T09:42:28+00:00","breadcrumb":{"@id":"https:\/\/www.belmarinahoian.com\/vi\/special-offers\/trai-nghiem-bbq-rieng-tu\/#breadcrumb"},"inLanguage":"vi-VN","potentialAction":[{"@type":"ReadAction","target":["https:\/\/www.belmarinahoian.com\/vi\/special-offers\/trai-nghiem-bbq-rieng-tu\/"]}]},{"@type":"ImageObject","inLanguage":"vi-VN","@id":"https:\/\/www.belmarinahoian.com\/vi\/special-offers\/trai-nghiem-bbq-rieng-tu\/#primaryimage","url":"https:\/\/www.belmarinahoian.com\/wp-content\/uploads\/sites\/132\/2026\/04\/for-web-BBQ-VILLA-GARDEN.jpg","contentUrl":"https:\/\/www.belmarinahoian.com\/wp-content\/uploads\/sites\/132\/2026\/04\/for-web-BBQ-VILLA-GARDEN.jpg","width":2200,"height":1512},{"@type":"BreadcrumbList","@id":"https:\/\/www.belmarinahoian.com\/vi\/special-offers\/trai-nghiem-bbq-rieng-tu\/#breadcrumb","itemListElement":[{"@type":"ListItem","position":1,"name":"Home","item":"https:\/\/www.belmarinahoian.com\/vi\/"},{"@type":"ListItem","position":2,"name":"\u01afu \u0110\u00e3i","item":"https:\/\/www.belmarinahoian.com\/vi\/special-offers\/"},{"@type":"ListItem","position":3,"name":"Tr\u1ea3i Nghi\u1ec7m BBQ Ri\u00eang T\u01b0"}]},{"@type":"WebSite","@id":"https:\/\/www.belmarinahoian.com\/vi\/#website","url":"https:\/\/www.belmarinahoian.com\/vi\/","name":"Bel Marina Hoi An","description":"","potentialAction":[{"@type":"SearchAction","target":{"@type":"EntryPoint","urlTemplate":"https:\/\/www.belmarinahoian.com\/vi\/?s={search_term_string}"},"query-input":"required name=search_term_string"}],"inLanguage":"vi-VN"}]}},"acf":[],"_links":{"self":[{"href":"https:\/\/www.belmarinahoian.com\/vi\/wp-json\/wp\/v2\/pages\/756"}],"collection":[{"href":"https:\/\/www.belmarinahoian.com\/vi\/wp-json\/wp\/v2\/pages"}],"about":[{"href":"https:\/\/www.belmarinahoian.com\/vi\/wp-json\/wp\/v2\/types\/page"}],"author":[{"embeddable":true,"href":"https:\/\/www.belmarinahoian.com\/vi\/wp-json\/wp\/v2\/users\/249"}],"replies":[{"embeddable":true,"href":"https:\/\/www.belmarinahoian.com\/vi\/wp-json\/wp\/v2\/comments?post=756"}],"version-history":[{"count":0,"href":"https:\/\/www.belmarinahoian.com\/vi\/wp-json\/wp\/v2\/pages\/756\/revisions"}],"up":[{"embeddable":true,"href":"https:\/\/www.belmarinahoian.com\/vi\/wp-json\/wp\/v2\/pages\/242"}],"wp:featuredmedia":[{"embeddable":true,"href":"https:\/\/www.belmarinahoian.com\/vi\/wp-json\/wp\/v2\/media\/757"}],"wp:attachment":[{"href":"https:\/\/www.belmarinahoian.com\/vi\/wp-json\/wp\/v2\/media?parent=756"}],"wp:term":[{"taxonomy":"category","embeddable":true,"href":"https:\/\/www.belmarinahoian.com\/vi\/wp-json\/wp\/v2\/categories?post=756"}],"curies":[{"name":"wp","href":"https:\/\/api.w.org\/{rel}","templated":true}]}}