{"id":752,"date":"2026-04-23T07:24:00","date_gmt":"2026-04-23T07:24:00","guid":{"rendered":"https:\/\/www.belmarinahoian.com\/?page_id=752"},"modified":"2026-04-23T09:57:19","modified_gmt":"2026-04-23T09:57:19","slug":"khoanh-khac-gio-vang","status":"publish","type":"page","link":"https:\/\/www.belmarinahoian.com\/vi\/special-offers\/khoanh-khac-gio-vang\/","title":{"rendered":"Kho\u1ea3nh Kh\u1eafc Gi\u1edd V\u00e0ng"},"content":{"rendered":"<div class=\"xdj266r x14z9mp xat24cr x1lziwak x1vvkbs x126k92a\">\n<div dir=\"auto\">Golden hour ch\u01b0a bao gi\u1edd \u201cchill\u201d \u0111\u1ebfn th\u1ebf .<\/div>\n<div dir=\"auto\">\u0110\u1eafm m\u00ecnh trong kh\u00f4ng gian ho\u00e0ng h\u00f4n b\u00ean h\u1ed3 b\u01a1i, n\u01a1i \u00e2m nh\u1ea1c, \u00e1nh s\u00e1ng v\u00e0 d\u00f2ng s\u00f4ng h\u00f2a quy\u1ec7n \u2013 c\u00f9ng DJ HAMI khu\u1ea5y \u0111\u1ed9ng t\u1eebng kho\u1ea3nh kh\u1eafc.<\/div>\n<div dir=\"auto\"><\/div>\n<\/div>\n<div class=\"x14z9mp xat24cr x1lziwak x1vvkbs xtlvy1s x126k92a\">\n<div dir=\"auto\"><strong><span class=\"html-span xexx8yu xyri2b x18d9i69 x1c1uobl x1hl2dhg x16tdsg8 x1vvkbs x3nfvp2 x1j61x8r x1fcty0u xdj266r xat24cr xm2jcoa x1mpyi22 xxymvpz xlup9mm x1kky2od\"><img loading=\"lazy\" decoding=\"async\" class=\"xz74otr x15mokao x1ga7v0g x16uus16 xbiv7yw\" src=\"https:\/\/static.xx.fbcdn.net\/images\/emoji.php\/v9\/t2d\/1\/16\/1f4cd.png\" alt=\"\ud83d\udccd\" width=\"16\" height=\"16\" \/><\/span> Sky Lounge &amp; Bar<\/strong><\/div>\n<div dir=\"auto\"><strong><span class=\"html-span xexx8yu xyri2b x18d9i69 x1c1uobl x1hl2dhg x16tdsg8 x1vvkbs x3nfvp2 x1j61x8r x1fcty0u xdj266r xat24cr xm2jcoa x1mpyi22 xxymvpz xlup9mm x1kky2od\"><img loading=\"lazy\" decoding=\"async\" class=\"xz74otr x15mokao x1ga7v0g x16uus16 xbiv7yw\" src=\"https:\/\/static.xx.fbcdn.net\/images\/emoji.php\/v9\/t5c\/1\/16\/1f5d3.png\" alt=\"\ud83d\uddd3\" width=\"16\" height=\"16\" \/><\/span> Th\u1ee9 B\u1ea3y c\u1ee7a tu\u1ea7n th\u1ee9 hai h\u1eb1ng th\u00e1ng<\/strong><\/div>\n<div dir=\"auto\"><strong><span class=\"html-span xexx8yu xyri2b x18d9i69 x1c1uobl x1hl2dhg x16tdsg8 x1vvkbs x3nfvp2 x1j61x8r x1fcty0u xdj266r xat24cr xm2jcoa x1mpyi22 xxymvpz xlup9mm x1kky2od\"><img loading=\"lazy\" decoding=\"async\" class=\"xz74otr x15mokao x1ga7v0g x16uus16 xbiv7yw\" src=\"https:\/\/static.xx.fbcdn.net\/images\/emoji.php\/v9\/t34\/1\/16\/23f0.png\" alt=\"\u23f0\" width=\"16\" height=\"16\" \/><\/span> 16:00 \u2013 18:00<\/strong><\/div>\n<div dir=\"auto\"><\/div>\n<\/div>\n<div class=\"x14z9mp xat24cr x1lziwak x1vvkbs xtlvy1s x126k92a\">\n<div dir=\"auto\">B\u1ea1n \u0111\u00e3 s\u1eb5n s\u00e0ng cho m\u1ed9t nghi th\u1ee9c ho\u00e0ng h\u00f4n \u0111\u00fang ngh\u0129a ch\u01b0a?<\/div>\n<div dir=\"auto\">Li\u00ean h\u1ec7 hotline +<strong>84 235 3938 888<\/strong>\u00a0ho\u1eb7c email\u00a0<strong>info@belmarinahoian.com<\/strong>\u00a0\u0111\u1ec3 \u0111\u1eb7t ch\u1ed7 ngay h\u00f4m nay.<\/div>\n<\/div>\n","protected":false},"excerpt":{"rendered":"<p>Golden hour ch\u01b0a bao gi\u1edd \u201cchill\u201d \u0111\u1ebfn th\u1ebf . \u0110\u1eafm m\u00ecnh trong kh\u00f4ng gian ho\u00e0ng h\u00f4n b\u00ean h\u1ed3 b\u01a1i, n\u01a1i \u00e2m nh\u1ea1c, \u00e1nh s\u00e1ng v\u00e0 d\u00f2ng s\u00f4ng h\u00f2a quy\u1ec7n \u2013 c\u00f9ng DJ HAMI khu\u1ea5y \u0111\u1ed9ng t\u1eebng kho\u1ea3nh kh\u1eafc. Sky Lounge &amp; Bar Th\u1ee9 B\u1ea3y c\u1ee7a tu\u1ea7n th\u1ee9 hai h\u1eb1ng th\u00e1ng 16:00 \u2013 18:00 B\u1ea1n \u0111\u00e3 [&hellip;]<\/p>\n","protected":false},"author":249,"featured_media":760,"parent":242,"menu_order":0,"comment_status":"closed","ping_status":"closed","template":"template-single-offer.php","meta":{"footnotes":""},"categories":[],"yoast_head":"<!-- This site is optimized with the Yoast SEO plugin v22.3 - https:\/\/yoast.com\/wordpress\/plugins\/seo\/ -->\n<title>Kho\u1ea3nh Kh\u1eafc Gi\u1edd V\u00e0ng - Bel Marina Hoi An<\/title>\n<meta name=\"robots\" content=\"index, follow, max-snippet:-1, max-image-preview:large, max-video-preview:-1\" \/>\n<link rel=\"canonical\" href=\"https:\/\/www.belmarinahoian.com\/vi\/special-offers\/khoanh-khac-gio-vang\/\" \/>\n<meta property=\"og:locale\" content=\"vi_VN\" \/>\n<meta property=\"og:type\" content=\"article\" \/>\n<meta property=\"og:title\" content=\"Kho\u1ea3nh Kh\u1eafc Gi\u1edd V\u00e0ng - Bel Marina Hoi An\" \/>\n<meta property=\"og:description\" content=\"Golden hour ch\u01b0a bao gi\u1edd \u201cchill\u201d \u0111\u1ebfn th\u1ebf . \u0110\u1eafm m\u00ecnh trong kh\u00f4ng gian ho\u00e0ng h\u00f4n b\u00ean h\u1ed3 b\u01a1i, n\u01a1i \u00e2m nh\u1ea1c, \u00e1nh s\u00e1ng v\u00e0 d\u00f2ng s\u00f4ng h\u00f2a quy\u1ec7n \u2013 c\u00f9ng DJ HAMI khu\u1ea5y \u0111\u1ed9ng t\u1eebng kho\u1ea3nh kh\u1eafc. Sky Lounge &amp; Bar Th\u1ee9 B\u1ea3y c\u1ee7a tu\u1ea7n th\u1ee9 hai h\u1eb1ng th\u00e1ng 16:00 \u2013 18:00 B\u1ea1n \u0111\u00e3 [&hellip;]\" \/>\n<meta property=\"og:url\" content=\"https:\/\/www.belmarinahoian.com\/vi\/special-offers\/khoanh-khac-gio-vang\/\" \/>\n<meta property=\"og:site_name\" content=\"Bel Marina Hoi An\" \/>\n<meta property=\"article:publisher\" content=\"https:\/\/www.facebook.com\/belmarinahoian.official\" \/>\n<meta property=\"article:modified_time\" content=\"2026-04-23T09:57:19+00:00\" \/>\n<meta property=\"og:image\" content=\"https:\/\/www.belmarinahoian.com\/wp-content\/uploads\/sites\/132\/2026\/04\/golden-hour-web.jpg\" \/>\n\t<meta property=\"og:image:width\" content=\"2200\" \/>\n\t<meta property=\"og:image:height\" content=\"1515\" \/>\n\t<meta property=\"og:image:type\" content=\"image\/jpeg\" \/>\n<meta name=\"twitter:card\" content=\"summary_large_image\" \/>\n<meta name=\"twitter:label1\" content=\"Est. reading time\" \/>\n\t<meta name=\"twitter:data1\" content=\"2 minutes\" \/>\n<script type=\"application\/ld+json\" class=\"yoast-schema-graph\">{\"@context\":\"https:\/\/schema.org\",\"@graph\":[{\"@type\":\"WebPage\",\"@id\":\"https:\/\/www.belmarinahoian.com\/vi\/special-offers\/khoanh-khac-gio-vang\/\",\"url\":\"https:\/\/www.belmarinahoian.com\/vi\/special-offers\/khoanh-khac-gio-vang\/\",\"name\":\"Kho\u1ea3nh Kh\u1eafc Gi\u1edd V\u00e0ng - Bel Marina Hoi An\",\"isPartOf\":{\"@id\":\"https:\/\/www.belmarinahoian.com\/vi\/#website\"},\"primaryImageOfPage\":{\"@id\":\"https:\/\/www.belmarinahoian.com\/vi\/special-offers\/khoanh-khac-gio-vang\/#primaryimage\"},\"image\":{\"@id\":\"https:\/\/www.belmarinahoian.com\/vi\/special-offers\/khoanh-khac-gio-vang\/#primaryimage\"},\"thumbnailUrl\":\"https:\/\/www.belmarinahoian.com\/wp-content\/uploads\/sites\/132\/2026\/04\/golden-hour-web.jpg\",\"datePublished\":\"2026-04-23T07:24:00+00:00\",\"dateModified\":\"2026-04-23T09:57:19+00:00\",\"breadcrumb\":{\"@id\":\"https:\/\/www.belmarinahoian.com\/vi\/special-offers\/khoanh-khac-gio-vang\/#breadcrumb\"},\"inLanguage\":\"vi-VN\",\"potentialAction\":[{\"@type\":\"ReadAction\",\"target\":[\"https:\/\/www.belmarinahoian.com\/vi\/special-offers\/khoanh-khac-gio-vang\/\"]}]},{\"@type\":\"ImageObject\",\"inLanguage\":\"vi-VN\",\"@id\":\"https:\/\/www.belmarinahoian.com\/vi\/special-offers\/khoanh-khac-gio-vang\/#primaryimage\",\"url\":\"https:\/\/www.belmarinahoian.com\/wp-content\/uploads\/sites\/132\/2026\/04\/golden-hour-web.jpg\",\"contentUrl\":\"https:\/\/www.belmarinahoian.com\/wp-content\/uploads\/sites\/132\/2026\/04\/golden-hour-web.jpg\",\"width\":2200,\"height\":1515},{\"@type\":\"BreadcrumbList\",\"@id\":\"https:\/\/www.belmarinahoian.com\/vi\/special-offers\/khoanh-khac-gio-vang\/#breadcrumb\",\"itemListElement\":[{\"@type\":\"ListItem\",\"position\":1,\"name\":\"Home\",\"item\":\"https:\/\/www.belmarinahoian.com\/vi\/\"},{\"@type\":\"ListItem\",\"position\":2,\"name\":\"\u01afu \u0110\u00e3i\",\"item\":\"https:\/\/www.belmarinahoian.com\/vi\/special-offers\/\"},{\"@type\":\"ListItem\",\"position\":3,\"name\":\"Kho\u1ea3nh Kh\u1eafc Gi\u1edd V\u00e0ng\"}]},{\"@type\":\"WebSite\",\"@id\":\"https:\/\/www.belmarinahoian.com\/vi\/#website\",\"url\":\"https:\/\/www.belmarinahoian.com\/vi\/\",\"name\":\"Bel Marina Hoi An\",\"description\":\"\",\"potentialAction\":[{\"@type\":\"SearchAction\",\"target\":{\"@type\":\"EntryPoint\",\"urlTemplate\":\"https:\/\/www.belmarinahoian.com\/vi\/?s={search_term_string}\"},\"query-input\":\"required name=search_term_string\"}],\"inLanguage\":\"vi-VN\"}]}<\/script>\n<!-- \/ Yoast SEO plugin. -->","yoast_head_json":{"title":"Kho\u1ea3nh Kh\u1eafc Gi\u1edd V\u00e0ng - Bel Marina Hoi An","robots":{"index":"index","follow":"follow","max-snippet":"max-snippet:-1","max-image-preview":"max-image-preview:large","max-video-preview":"max-video-preview:-1"},"canonical":"https:\/\/www.belmarinahoian.com\/vi\/special-offers\/khoanh-khac-gio-vang\/","og_locale":"vi_VN","og_type":"article","og_title":"Kho\u1ea3nh Kh\u1eafc Gi\u1edd V\u00e0ng - Bel Marina Hoi An","og_description":"Golden hour ch\u01b0a bao gi\u1edd \u201cchill\u201d \u0111\u1ebfn th\u1ebf . \u0110\u1eafm m\u00ecnh trong kh\u00f4ng gian ho\u00e0ng h\u00f4n b\u00ean h\u1ed3 b\u01a1i, n\u01a1i \u00e2m nh\u1ea1c, \u00e1nh s\u00e1ng v\u00e0 d\u00f2ng s\u00f4ng h\u00f2a quy\u1ec7n \u2013 c\u00f9ng DJ HAMI khu\u1ea5y \u0111\u1ed9ng t\u1eebng kho\u1ea3nh kh\u1eafc. Sky Lounge &amp; Bar Th\u1ee9 B\u1ea3y c\u1ee7a tu\u1ea7n th\u1ee9 hai h\u1eb1ng th\u00e1ng 16:00 \u2013 18:00 B\u1ea1n \u0111\u00e3 [&hellip;]","og_url":"https:\/\/www.belmarinahoian.com\/vi\/special-offers\/khoanh-khac-gio-vang\/","og_site_name":"Bel Marina Hoi An","article_publisher":"https:\/\/www.facebook.com\/belmarinahoian.official","article_modified_time":"2026-04-23T09:57:19+00:00","og_image":[{"width":2200,"height":1515,"url":"https:\/\/www.belmarinahoian.com\/wp-content\/uploads\/sites\/132\/2026\/04\/golden-hour-web.jpg","type":"image\/jpeg"}],"twitter_card":"summary_large_image","twitter_misc":{"Est. reading time":"2 minutes"},"schema":{"@context":"https:\/\/schema.org","@graph":[{"@type":"WebPage","@id":"https:\/\/www.belmarinahoian.com\/vi\/special-offers\/khoanh-khac-gio-vang\/","url":"https:\/\/www.belmarinahoian.com\/vi\/special-offers\/khoanh-khac-gio-vang\/","name":"Kho\u1ea3nh Kh\u1eafc Gi\u1edd V\u00e0ng - Bel Marina Hoi An","isPartOf":{"@id":"https:\/\/www.belmarinahoian.com\/vi\/#website"},"primaryImageOfPage":{"@id":"https:\/\/www.belmarinahoian.com\/vi\/special-offers\/khoanh-khac-gio-vang\/#primaryimage"},"image":{"@id":"https:\/\/www.belmarinahoian.com\/vi\/special-offers\/khoanh-khac-gio-vang\/#primaryimage"},"thumbnailUrl":"https:\/\/www.belmarinahoian.com\/wp-content\/uploads\/sites\/132\/2026\/04\/golden-hour-web.jpg","datePublished":"2026-04-23T07:24:00+00:00","dateModified":"2026-04-23T09:57:19+00:00","breadcrumb":{"@id":"https:\/\/www.belmarinahoian.com\/vi\/special-offers\/khoanh-khac-gio-vang\/#breadcrumb"},"inLanguage":"vi-VN","potentialAction":[{"@type":"ReadAction","target":["https:\/\/www.belmarinahoian.com\/vi\/special-offers\/khoanh-khac-gio-vang\/"]}]},{"@type":"ImageObject","inLanguage":"vi-VN","@id":"https:\/\/www.belmarinahoian.com\/vi\/special-offers\/khoanh-khac-gio-vang\/#primaryimage","url":"https:\/\/www.belmarinahoian.com\/wp-content\/uploads\/sites\/132\/2026\/04\/golden-hour-web.jpg","contentUrl":"https:\/\/www.belmarinahoian.com\/wp-content\/uploads\/sites\/132\/2026\/04\/golden-hour-web.jpg","width":2200,"height":1515},{"@type":"BreadcrumbList","@id":"https:\/\/www.belmarinahoian.com\/vi\/special-offers\/khoanh-khac-gio-vang\/#breadcrumb","itemListElement":[{"@type":"ListItem","position":1,"name":"Home","item":"https:\/\/www.belmarinahoian.com\/vi\/"},{"@type":"ListItem","position":2,"name":"\u01afu \u0110\u00e3i","item":"https:\/\/www.belmarinahoian.com\/vi\/special-offers\/"},{"@type":"ListItem","position":3,"name":"Kho\u1ea3nh Kh\u1eafc Gi\u1edd V\u00e0ng"}]},{"@type":"WebSite","@id":"https:\/\/www.belmarinahoian.com\/vi\/#website","url":"https:\/\/www.belmarinahoian.com\/vi\/","name":"Bel Marina Hoi An","description":"","potentialAction":[{"@type":"SearchAction","target":{"@type":"EntryPoint","urlTemplate":"https:\/\/www.belmarinahoian.com\/vi\/?s={search_term_string}"},"query-input":"required name=search_term_string"}],"inLanguage":"vi-VN"}]}},"acf":[],"_links":{"self":[{"href":"https:\/\/www.belmarinahoian.com\/vi\/wp-json\/wp\/v2\/pages\/752"}],"collection":[{"href":"https:\/\/www.belmarinahoian.com\/vi\/wp-json\/wp\/v2\/pages"}],"about":[{"href":"https:\/\/www.belmarinahoian.com\/vi\/wp-json\/wp\/v2\/types\/page"}],"author":[{"embeddable":true,"href":"https:\/\/www.belmarinahoian.com\/vi\/wp-json\/wp\/v2\/users\/249"}],"replies":[{"embeddable":true,"href":"https:\/\/www.belmarinahoian.com\/vi\/wp-json\/wp\/v2\/comments?post=752"}],"version-history":[{"count":0,"href":"https:\/\/www.belmarinahoian.com\/vi\/wp-json\/wp\/v2\/pages\/752\/revisions"}],"up":[{"embeddable":true,"href":"https:\/\/www.belmarinahoian.com\/vi\/wp-json\/wp\/v2\/pages\/242"}],"wp:featuredmedia":[{"embeddable":true,"href":"https:\/\/www.belmarinahoian.com\/vi\/wp-json\/wp\/v2\/media\/760"}],"wp:attachment":[{"href":"https:\/\/www.belmarinahoian.com\/vi\/wp-json\/wp\/v2\/media?parent=752"}],"wp:term":[{"taxonomy":"category","embeddable":true,"href":"https:\/\/www.belmarinahoian.com\/vi\/wp-json\/wp\/v2\/categories?post=752"}],"curies":[{"name":"wp","href":"https:\/\/api.w.org\/{rel}","templated":true}]}}