{"id":725,"date":"2026-04-17T09:33:17","date_gmt":"2026-04-17T09:33:17","guid":{"rendered":"https:\/\/www.belmarinahoian.com\/?page_id=725"},"modified":"2026-04-17T09:56:04","modified_gmt":"2026-04-17T09:56:04","slug":"tiec-buffet-bbq-ben-song-le-hoi-thang-tu","status":"publish","type":"page","link":"https:\/\/www.belmarinahoian.com\/vi\/special-offers\/tiec-buffet-bbq-ben-song-le-hoi-thang-tu\/","title":{"rendered":"Ti\u1ec7c Buffet BBQ B\u00ean S\u00f4ng \u2013 L\u1ec5 H\u1ed9i Th\u00e1ng T\u01b0"},"content":{"rendered":"<div class=\"text-base my-auto mx-auto [--thread-content-margin:var(--thread-content-margin-xs,calc(var(--spacing)*4))] @w-sm\/main:[--thread-content-margin:var(--thread-content-margin-sm,calc(var(--spacing)*6))] @w-lg\/main:[--thread-content-margin:var(--thread-content-margin-lg,calc(var(--spacing)*16))] px-(--thread-content-margin)\">\n<div class=\"[--thread-content-max-width:40rem] @w-lg\/main:[--thread-content-max-width:48rem] mx-auto max-w-(--thread-content-max-width) flex-1 group\/turn-messages focus-visible:outline-hidden relative flex w-full min-w-0 flex-col agent-turn\">\n<div class=\"flex max-w-full flex-col gap-4 grow\">\n<div class=\"min-h-8 text-message relative flex w-full flex-col items-end gap-2 text-start break-words whitespace-normal outline-none keyboard-focused:focus-ring [.text-message+&amp;]:mt-1\" dir=\"auto\" data-message-author-role=\"assistant\" data-message-id=\"481c7beb-a422-4a3a-b4c6-f980be3271ef\" data-message-model-slug=\"gpt-5-3\">\n<div class=\"flex w-full flex-col gap-1 empty:hidden\">\n<div class=\"markdown prose dark:prose-invert w-full wrap-break-word light markdown-new-styling\">\n<div class=\"x14z9mp xat24cr x1lziwak x1vvkbs xtlvy1s x126k92a\">\n<div dir=\"auto\">Th\u00e1ng 4 n\u00e0y, Bel Marina Hoi An Resort mang \u0111\u1ebfn 2 \u0111\u00eam ti\u1ec7c BBQ Buffet \u0111\u1eb7c bi\u1ec7t b\u00ean s\u00f4ng nh\u00e2n d\u1ecbp Gi\u1ed7 T\u1ed5 H\u00f9ng V\u01b0\u01a1ng &amp; Ng\u00e0y Th\u1ed1ng Nh\u1ea5t \u2013 n\u01a1i b\u1ea1n c\u00f3 th\u1ec3 c\u00f9ng gia \u0111\u00ecnh v\u00e0 b\u1ea1n b\u00e8 t\u1eadn h\u01b0\u1edfng kh\u00f4ng gian v\u01b0\u1eddn xanh m\u00e1t, \u1ea9m th\u1ef1c n\u01b0\u1edbng h\u1ea5p d\u1eabn v\u00e0 b\u1ea7u kh\u00f4ng kh\u00ed th\u01b0 gi\u00e3n tuy\u1ec7t v\u1eddi.<\/div>\n<div dir=\"auto\"><\/div>\n<\/div>\n<div class=\"x14z9mp xat24cr x1lziwak x1vvkbs xtlvy1s x126k92a\">\n<div dir=\"auto\"><strong>Th\u1eddi gian:<\/strong><\/div>\n<div dir=\"auto\"><strong>18:00 | 26\/04\/2026 (Gi\u1ed7 T\u1ed5 H\u00f9ng V\u01b0\u01a1ng)<\/strong><\/div>\n<div dir=\"auto\"><strong>18:00 | 30\/04\/2026 (Ng\u00e0y Th\u1ed1ng Nh\u1ea5t)<\/strong><\/div>\n<\/div>\n<div class=\"x14z9mp xat24cr x1lziwak x1vvkbs xtlvy1s x126k92a\">\n<div dir=\"auto\">\u0110\u1ecba \u0111i\u1ec3m: Marina Garden<\/div>\n<div dir=\"auto\"><strong>Gi\u00e1: 789,000 VND\/kh\u00e1ch<\/strong><\/div>\n<div dir=\"auto\">Bao g\u1ed3m: r\u01b0\u1ee3u vang, bia, n\u01b0\u1edbc ng\u1ecdt &amp; n\u01b0\u1edbc \u00e9p<\/div>\n<div dir=\"auto\"><strong>\u01afu \u0111\u00e3i: Gi\u1ea3m 20% khi \u0111\u1eb7t b\u00e0n tr\u01b0\u1edbc<\/strong><\/div>\n<\/div>\n<div class=\"x14z9mp xat24cr x1lziwak x1vvkbs xtlvy1s x126k92a\">\n<div dir=\"auto\">Hai d\u1ecbp l\u1ec5, hai c\u01a1 h\u1ed9i tuy\u1ec7t v\u1eddi \u0111\u1ec3 qu\u00e2y qu\u1ea7n, t\u1eadn h\u01b0\u1edfng \u1ea9m th\u1ef1c v\u00e0 l\u01b0u gi\u1eef nh\u1eefng kho\u1ea3nh kh\u1eafc \u0111\u00e1ng nh\u1edb b\u00ean nhau.<\/div>\n<div dir=\"auto\"><\/div>\n<div dir=\"auto\">Li\u00ean h\u1ec7 hotline +<strong>84 235 3938 888<\/strong> ho\u1eb7c email <strong>info@belmarinahoian.com<\/strong> \u0111\u1ec3 gi\u1eef ch\u1ed7 ngay h\u00f4m nay.<\/div>\n<\/div>\n<\/div>\n<\/div>\n<\/div>\n<\/div>\n<\/div>\n<\/div>\n","protected":false},"excerpt":{"rendered":"<p>Th\u00e1ng 4 n\u00e0y, Bel Marina Hoi An Resort mang \u0111\u1ebfn 2 \u0111\u00eam ti\u1ec7c BBQ Buffet \u0111\u1eb7c bi\u1ec7t b\u00ean s\u00f4ng nh\u00e2n d\u1ecbp Gi\u1ed7 T\u1ed5 H\u00f9ng V\u01b0\u01a1ng &amp; Ng\u00e0y Th\u1ed1ng Nh\u1ea5t \u2013 n\u01a1i b\u1ea1n c\u00f3 th\u1ec3 c\u00f9ng gia \u0111\u00ecnh v\u00e0 b\u1ea1n b\u00e8 t\u1eadn h\u01b0\u1edfng kh\u00f4ng gian v\u01b0\u1eddn xanh m\u00e1t, \u1ea9m th\u1ef1c n\u01b0\u1edbng h\u1ea5p d\u1eabn v\u00e0 b\u1ea7u kh\u00f4ng [&hellip;]<\/p>\n","protected":false},"author":249,"featured_media":737,"parent":242,"menu_order":0,"comment_status":"closed","ping_status":"closed","template":"template-single-offer.php","meta":{"footnotes":""},"categories":[],"yoast_head":"<!-- This site is optimized with the Yoast SEO plugin v22.3 - https:\/\/yoast.com\/wordpress\/plugins\/seo\/ -->\n<title>Ti\u1ec7c Buffet BBQ B\u00ean S\u00f4ng \u2013 L\u1ec5 H\u1ed9i Th\u00e1ng T\u01b0 - Bel Marina Hoi An<\/title>\n<meta name=\"robots\" content=\"index, follow, max-snippet:-1, max-image-preview:large, max-video-preview:-1\" \/>\n<link rel=\"canonical\" href=\"https:\/\/www.belmarinahoian.com\/vi\/special-offers\/tiec-buffet-bbq-ben-song-le-hoi-thang-tu\/\" \/>\n<meta property=\"og:locale\" content=\"vi_VN\" \/>\n<meta property=\"og:type\" content=\"article\" \/>\n<meta property=\"og:title\" content=\"Ti\u1ec7c Buffet BBQ B\u00ean S\u00f4ng \u2013 L\u1ec5 H\u1ed9i Th\u00e1ng T\u01b0 - Bel Marina Hoi An\" \/>\n<meta property=\"og:description\" content=\"Th\u00e1ng 4 n\u00e0y, Bel Marina Hoi An Resort mang \u0111\u1ebfn 2 \u0111\u00eam ti\u1ec7c BBQ Buffet \u0111\u1eb7c bi\u1ec7t b\u00ean s\u00f4ng nh\u00e2n d\u1ecbp Gi\u1ed7 T\u1ed5 H\u00f9ng V\u01b0\u01a1ng &amp; Ng\u00e0y Th\u1ed1ng Nh\u1ea5t \u2013 n\u01a1i b\u1ea1n c\u00f3 th\u1ec3 c\u00f9ng gia \u0111\u00ecnh v\u00e0 b\u1ea1n b\u00e8 t\u1eadn h\u01b0\u1edfng kh\u00f4ng gian v\u01b0\u1eddn xanh m\u00e1t, \u1ea9m th\u1ef1c n\u01b0\u1edbng h\u1ea5p d\u1eabn v\u00e0 b\u1ea7u kh\u00f4ng [&hellip;]\" \/>\n<meta property=\"og:url\" content=\"https:\/\/www.belmarinahoian.com\/vi\/special-offers\/tiec-buffet-bbq-ben-song-le-hoi-thang-tu\/\" \/>\n<meta property=\"og:site_name\" content=\"Bel Marina Hoi An\" \/>\n<meta property=\"article:publisher\" content=\"https:\/\/www.facebook.com\/belmarinahoian.official\" \/>\n<meta property=\"article:modified_time\" content=\"2026-04-17T09:56:04+00:00\" \/>\n<meta property=\"og:image\" content=\"https:\/\/www.belmarinahoian.com\/wp-content\/uploads\/sites\/132\/2026\/04\/option-2-08-1024x704.jpg\" \/>\n\t<meta property=\"og:image:width\" content=\"1024\" \/>\n\t<meta property=\"og:image:height\" content=\"704\" \/>\n\t<meta property=\"og:image:type\" content=\"image\/jpeg\" \/>\n<meta name=\"twitter:card\" content=\"summary_large_image\" \/>\n<meta name=\"twitter:label1\" content=\"Est. reading time\" \/>\n\t<meta name=\"twitter:data1\" content=\"1 minute\" \/>\n<script type=\"application\/ld+json\" class=\"yoast-schema-graph\">{\"@context\":\"https:\/\/schema.org\",\"@graph\":[{\"@type\":\"WebPage\",\"@id\":\"https:\/\/www.belmarinahoian.com\/vi\/special-offers\/tiec-buffet-bbq-ben-song-le-hoi-thang-tu\/\",\"url\":\"https:\/\/www.belmarinahoian.com\/vi\/special-offers\/tiec-buffet-bbq-ben-song-le-hoi-thang-tu\/\",\"name\":\"Ti\u1ec7c Buffet BBQ B\u00ean S\u00f4ng \u2013 L\u1ec5 H\u1ed9i Th\u00e1ng T\u01b0 - Bel Marina Hoi An\",\"isPartOf\":{\"@id\":\"https:\/\/www.belmarinahoian.com\/vi\/#website\"},\"primaryImageOfPage\":{\"@id\":\"https:\/\/www.belmarinahoian.com\/vi\/special-offers\/tiec-buffet-bbq-ben-song-le-hoi-thang-tu\/#primaryimage\"},\"image\":{\"@id\":\"https:\/\/www.belmarinahoian.com\/vi\/special-offers\/tiec-buffet-bbq-ben-song-le-hoi-thang-tu\/#primaryimage\"},\"thumbnailUrl\":\"https:\/\/www.belmarinahoian.com\/wp-content\/uploads\/sites\/132\/2026\/04\/option-2-08.jpg\",\"datePublished\":\"2026-04-17T09:33:17+00:00\",\"dateModified\":\"2026-04-17T09:56:04+00:00\",\"breadcrumb\":{\"@id\":\"https:\/\/www.belmarinahoian.com\/vi\/special-offers\/tiec-buffet-bbq-ben-song-le-hoi-thang-tu\/#breadcrumb\"},\"inLanguage\":\"vi-VN\",\"potentialAction\":[{\"@type\":\"ReadAction\",\"target\":[\"https:\/\/www.belmarinahoian.com\/vi\/special-offers\/tiec-buffet-bbq-ben-song-le-hoi-thang-tu\/\"]}]},{\"@type\":\"ImageObject\",\"inLanguage\":\"vi-VN\",\"@id\":\"https:\/\/www.belmarinahoian.com\/vi\/special-offers\/tiec-buffet-bbq-ben-song-le-hoi-thang-tu\/#primaryimage\",\"url\":\"https:\/\/www.belmarinahoian.com\/wp-content\/uploads\/sites\/132\/2026\/04\/option-2-08.jpg\",\"contentUrl\":\"https:\/\/www.belmarinahoian.com\/wp-content\/uploads\/sites\/132\/2026\/04\/option-2-08.jpg\",\"width\":2200,\"height\":1512},{\"@type\":\"BreadcrumbList\",\"@id\":\"https:\/\/www.belmarinahoian.com\/vi\/special-offers\/tiec-buffet-bbq-ben-song-le-hoi-thang-tu\/#breadcrumb\",\"itemListElement\":[{\"@type\":\"ListItem\",\"position\":1,\"name\":\"Home\",\"item\":\"https:\/\/www.belmarinahoian.com\/vi\/\"},{\"@type\":\"ListItem\",\"position\":2,\"name\":\"\u01afu \u0110\u00e3i\",\"item\":\"https:\/\/www.belmarinahoian.com\/vi\/special-offers\/\"},{\"@type\":\"ListItem\",\"position\":3,\"name\":\"Ti\u1ec7c Buffet BBQ B\u00ean S\u00f4ng \u2013 L\u1ec5 H\u1ed9i Th\u00e1ng T\u01b0\"}]},{\"@type\":\"WebSite\",\"@id\":\"https:\/\/www.belmarinahoian.com\/vi\/#website\",\"url\":\"https:\/\/www.belmarinahoian.com\/vi\/\",\"name\":\"Bel Marina Hoi An\",\"description\":\"\",\"potentialAction\":[{\"@type\":\"SearchAction\",\"target\":{\"@type\":\"EntryPoint\",\"urlTemplate\":\"https:\/\/www.belmarinahoian.com\/vi\/?s={search_term_string}\"},\"query-input\":\"required name=search_term_string\"}],\"inLanguage\":\"vi-VN\"}]}<\/script>\n<!-- \/ Yoast SEO plugin. -->","yoast_head_json":{"title":"Ti\u1ec7c Buffet BBQ B\u00ean S\u00f4ng \u2013 L\u1ec5 H\u1ed9i Th\u00e1ng T\u01b0 - Bel Marina Hoi An","robots":{"index":"index","follow":"follow","max-snippet":"max-snippet:-1","max-image-preview":"max-image-preview:large","max-video-preview":"max-video-preview:-1"},"canonical":"https:\/\/www.belmarinahoian.com\/vi\/special-offers\/tiec-buffet-bbq-ben-song-le-hoi-thang-tu\/","og_locale":"vi_VN","og_type":"article","og_title":"Ti\u1ec7c Buffet BBQ B\u00ean S\u00f4ng \u2013 L\u1ec5 H\u1ed9i Th\u00e1ng T\u01b0 - Bel Marina Hoi An","og_description":"Th\u00e1ng 4 n\u00e0y, Bel Marina Hoi An Resort mang \u0111\u1ebfn 2 \u0111\u00eam ti\u1ec7c BBQ Buffet \u0111\u1eb7c bi\u1ec7t b\u00ean s\u00f4ng nh\u00e2n d\u1ecbp Gi\u1ed7 T\u1ed5 H\u00f9ng V\u01b0\u01a1ng &amp; Ng\u00e0y Th\u1ed1ng Nh\u1ea5t \u2013 n\u01a1i b\u1ea1n c\u00f3 th\u1ec3 c\u00f9ng gia \u0111\u00ecnh v\u00e0 b\u1ea1n b\u00e8 t\u1eadn h\u01b0\u1edfng kh\u00f4ng gian v\u01b0\u1eddn xanh m\u00e1t, \u1ea9m th\u1ef1c n\u01b0\u1edbng h\u1ea5p d\u1eabn v\u00e0 b\u1ea7u kh\u00f4ng [&hellip;]","og_url":"https:\/\/www.belmarinahoian.com\/vi\/special-offers\/tiec-buffet-bbq-ben-song-le-hoi-thang-tu\/","og_site_name":"Bel Marina Hoi An","article_publisher":"https:\/\/www.facebook.com\/belmarinahoian.official","article_modified_time":"2026-04-17T09:56:04+00:00","og_image":[{"width":1024,"height":704,"url":"https:\/\/www.belmarinahoian.com\/wp-content\/uploads\/sites\/132\/2026\/04\/option-2-08-1024x704.jpg","type":"image\/jpeg"}],"twitter_card":"summary_large_image","twitter_misc":{"Est. reading time":"1 minute"},"schema":{"@context":"https:\/\/schema.org","@graph":[{"@type":"WebPage","@id":"https:\/\/www.belmarinahoian.com\/vi\/special-offers\/tiec-buffet-bbq-ben-song-le-hoi-thang-tu\/","url":"https:\/\/www.belmarinahoian.com\/vi\/special-offers\/tiec-buffet-bbq-ben-song-le-hoi-thang-tu\/","name":"Ti\u1ec7c Buffet BBQ B\u00ean S\u00f4ng \u2013 L\u1ec5 H\u1ed9i Th\u00e1ng T\u01b0 - Bel Marina Hoi An","isPartOf":{"@id":"https:\/\/www.belmarinahoian.com\/vi\/#website"},"primaryImageOfPage":{"@id":"https:\/\/www.belmarinahoian.com\/vi\/special-offers\/tiec-buffet-bbq-ben-song-le-hoi-thang-tu\/#primaryimage"},"image":{"@id":"https:\/\/www.belmarinahoian.com\/vi\/special-offers\/tiec-buffet-bbq-ben-song-le-hoi-thang-tu\/#primaryimage"},"thumbnailUrl":"https:\/\/www.belmarinahoian.com\/wp-content\/uploads\/sites\/132\/2026\/04\/option-2-08.jpg","datePublished":"2026-04-17T09:33:17+00:00","dateModified":"2026-04-17T09:56:04+00:00","breadcrumb":{"@id":"https:\/\/www.belmarinahoian.com\/vi\/special-offers\/tiec-buffet-bbq-ben-song-le-hoi-thang-tu\/#breadcrumb"},"inLanguage":"vi-VN","potentialAction":[{"@type":"ReadAction","target":["https:\/\/www.belmarinahoian.com\/vi\/special-offers\/tiec-buffet-bbq-ben-song-le-hoi-thang-tu\/"]}]},{"@type":"ImageObject","inLanguage":"vi-VN","@id":"https:\/\/www.belmarinahoian.com\/vi\/special-offers\/tiec-buffet-bbq-ben-song-le-hoi-thang-tu\/#primaryimage","url":"https:\/\/www.belmarinahoian.com\/wp-content\/uploads\/sites\/132\/2026\/04\/option-2-08.jpg","contentUrl":"https:\/\/www.belmarinahoian.com\/wp-content\/uploads\/sites\/132\/2026\/04\/option-2-08.jpg","width":2200,"height":1512},{"@type":"BreadcrumbList","@id":"https:\/\/www.belmarinahoian.com\/vi\/special-offers\/tiec-buffet-bbq-ben-song-le-hoi-thang-tu\/#breadcrumb","itemListElement":[{"@type":"ListItem","position":1,"name":"Home","item":"https:\/\/www.belmarinahoian.com\/vi\/"},{"@type":"ListItem","position":2,"name":"\u01afu \u0110\u00e3i","item":"https:\/\/www.belmarinahoian.com\/vi\/special-offers\/"},{"@type":"ListItem","position":3,"name":"Ti\u1ec7c Buffet BBQ B\u00ean S\u00f4ng \u2013 L\u1ec5 H\u1ed9i Th\u00e1ng T\u01b0"}]},{"@type":"WebSite","@id":"https:\/\/www.belmarinahoian.com\/vi\/#website","url":"https:\/\/www.belmarinahoian.com\/vi\/","name":"Bel Marina Hoi An","description":"","potentialAction":[{"@type":"SearchAction","target":{"@type":"EntryPoint","urlTemplate":"https:\/\/www.belmarinahoian.com\/vi\/?s={search_term_string}"},"query-input":"required name=search_term_string"}],"inLanguage":"vi-VN"}]}},"acf":[],"_links":{"self":[{"href":"https:\/\/www.belmarinahoian.com\/vi\/wp-json\/wp\/v2\/pages\/725"}],"collection":[{"href":"https:\/\/www.belmarinahoian.com\/vi\/wp-json\/wp\/v2\/pages"}],"about":[{"href":"https:\/\/www.belmarinahoian.com\/vi\/wp-json\/wp\/v2\/types\/page"}],"author":[{"embeddable":true,"href":"https:\/\/www.belmarinahoian.com\/vi\/wp-json\/wp\/v2\/users\/249"}],"replies":[{"embeddable":true,"href":"https:\/\/www.belmarinahoian.com\/vi\/wp-json\/wp\/v2\/comments?post=725"}],"version-history":[{"count":0,"href":"https:\/\/www.belmarinahoian.com\/vi\/wp-json\/wp\/v2\/pages\/725\/revisions"}],"up":[{"embeddable":true,"href":"https:\/\/www.belmarinahoian.com\/vi\/wp-json\/wp\/v2\/pages\/242"}],"wp:featuredmedia":[{"embeddable":true,"href":"https:\/\/www.belmarinahoian.com\/vi\/wp-json\/wp\/v2\/media\/737"}],"wp:attachment":[{"href":"https:\/\/www.belmarinahoian.com\/vi\/wp-json\/wp\/v2\/media?parent=725"}],"wp:term":[{"taxonomy":"category","embeddable":true,"href":"https:\/\/www.belmarinahoian.com\/vi\/wp-json\/wp\/v2\/categories?post=725"}],"curies":[{"name":"wp","href":"https:\/\/api.w.org\/{rel}","templated":true}]}}