{"id":711,"date":"2022-11-08T08:44:10","date_gmt":"2022-11-08T08:44:10","guid":{"rendered":"https:\/\/www.belmarinahoian.com\/tin-tuc-giai-thuong\/bel-marina-hoi-an-resort-to-accompained-with-beauty-with-a-purpose-project-miss-viet-nam-2022\/"},"modified":"2026-04-15T01:37:05","modified_gmt":"2026-04-15T01:37:05","slug":"bel-marina-hoi-an-resort-to-accompained-with-beauty-with-a-purpose-project-miss-viet-nam-2022","status":"publish","type":"page","link":"https:\/\/www.belmarinahoian.com\/vi\/tin-tuc-giai-thuong\/bel-marina-hoi-an-resort-to-accompained-with-beauty-with-a-purpose-project-miss-viet-nam-2022\/","title":{"rendered":"Bel Marina Hoi An Resort \u0110\u1ed3ng H\u00e0nh C\u00f9ng D\u1ef1 \u00c1n \u201cNg\u01b0\u1eddi \u0110\u1eb9p Nh\u00e2n \u00c1i\u201d Hoa H\u1eadu Vi\u1ec7t Nam 2022"},"content":{"rendered":"<p>V\u00e0o ng\u00e0y 04\/11\/2022, bu\u1ed5i h\u1ecdp b\u00e1o Chung Kh\u1ea3o To\u00e0n Qu\u1ed1c Hoa H\u1eadu Vi\u1ec7t Nam 2022, di\u1ec5n ra t\u1ea1i Th\u00e0nh Ph\u1ed1 H\u1ed3 Ch\u00ed Minh, \u0111\u1ea1i di\u1ec7n c\u1ee7a\u00a0<em>Bel Marina Hoi An Resort<\/em>, \u00f4ng Robert Menzies \u2013 T\u1ed5ng Qu\u1ea3n L\u00fd khu ngh\u1ec9 d\u01b0\u1ee1ng \u0111\u00e3 \u0111\u1eb7t b\u00fat k\u00fd k\u1ebft t\u00e0i tr\u1ee3 v\u1edbi c\u00e1c \u0111\u1ea1i di\u1ec7n t\u1eeb ph\u00eda ch\u01b0\u01a1ng tr\u00ecnh Hoa h\u1eadu Vi\u1ec7t Nam 2022, g\u1ed3m c\u00f3 Nh\u00e0 b\u00e1o L\u00ea Xu\u00e2n S\u01a1n \u2013 T\u1ed5ng bi\u00ean t\u1eadp B\u00e1o Ti\u1ec1n Phong, Tr\u01b0\u1edfng ban t\u1ed5 ch\u1ee9c, Tr\u01b0\u1edfng ban gi\u00e1m kh\u1ea3o cu\u1ed9c thi v\u00e0 b\u00e0 Ph\u1ea1m Kim Dung \u2013 T\u1ed5ng gi\u00e1m \u0111\u1ed1c C\u00f4ng ty Sen V\u00e0ng, Ph\u00f3 tr\u01b0\u1edfng Ban t\u1ed5 ch\u1ee9c cu\u1ed9c thi. Vai tr\u00f2 c\u1ee7a\u00a0<em>Bel Marina Hoi An Resort<\/em>\u00a0trong cu\u1ed9c thi Hoa h\u1eadu Vi\u1ec7t Nam n\u0103m nay s\u1ebd l\u00e0 nh\u00e0 t\u00e0i tr\u1ee3 ch\u00ednh cho chu\u1ed7i d\u1ef1 \u00e1n \u201cNg\u01b0\u1eddi \u0110\u1eb9p Nh\u00e2n \u00c1i\u201d.<\/p>\n<div class=\"wp-block-image\" style=\"text-align: center\"><img loading=\"lazy\" decoding=\"async\" class=\"aligncenter\" src=\"https:\/\/belgroup.com.vn\/wp-content\/uploads\/2024\/01\/Press-Release-BEL-MARINA-HOI-AN-RESORT-COMPANY-WITH-MISS-VIETNAM-2022-1.jpg\" width=\"543\" height=\"361\" \/><\/div>\n<div>\n<div class=\"wp-block-image\" style=\"text-align: center\">\n<figure class=\"aligncenter size-full\"><figcaption class=\"wp-element-caption\"><em>T\u1eeb tr\u00e1i qua ph\u1ea3i: \u00d4ng Robert Menzies \u2013 Nh\u00e0 b\u00e1o L\u00ea Xu\u00e2n S\u01a1n \u2013 b\u00e0 Ph\u1ea1m Kim Dung<\/em><\/figcaption><\/figure>\n<\/div>\n<p>&nbsp;<\/p>\n<\/div>\n<p>Chu\u1ed7i d\u1ef1 \u00e1n \u201cNg\u01b0\u1eddi \u0110\u1eb9p Nh\u00e2n \u00c1i\u201d n\u1eb1m trong khu\u00f4n kh\u1ed5 chung k\u1ebft cu\u1ed9c thi Hoa h\u1eadu Vi\u1ec7t Nam t\u1eeb l\u00e2u \u0111\u00e3 g\u00e2y ti\u1ebfng vang l\u1edbn. L\u00e0 m\u1ed9t trong nh\u1eefng ph\u1ea7n thi mang nhi\u1ec1u \u00fd ngh\u0129a nh\u00e2n v\u0103n nh\u1ea5t,\u00a0\u201cNg\u01b0\u1eddi \u0110\u1eb9p Nh\u00e2n \u00c1i\u201d lu\u00f4n mang l\u1ea1i cho kh\u00e1n gi\u1ea3 kh\u00eda c\u1ea1nh kh\u00e1c v\u1ec1 c\u00e1c th\u00ed sinh Hoa h\u1eadu Vi\u1ec7t Nam. N\u0103m nay, d\u1ef1 \u00e1n\u00a0\u201cNg\u01b0\u1eddi \u0110\u1eb9p Nh\u00e2n \u00c1i t\u1eadp trung khai th\u00e1c nh\u1eefng nh\u00e2n v\u1eadt truy\u1ec1n c\u1ea3m h\u1ee9ng, nh\u1eefng t\u1ea5m g\u01b0\u01a1ng gi\u00e0u l\u00f2ng nh\u00e2n \u00e1i\u2026 C\u00e1c th\u00ed sinh s\u1ebd \u0111\u01b0\u1ee3c t\u00ecm hi\u1ec3u nhi\u1ec1u h\u01a1n v\u1ec1 nh\u1eefng m\u1ea3nh \u0111\u1eddi b\u1ea5t h\u1ea1nh c\u0169ng nh\u01b0 nh\u1eefng con ng\u01b0\u1eddi phi th\u01b0\u1eddng nh\u1ecf b\u00e9 lu\u00f4n t\u1ed3n t\u1ea1i trong cu\u1ed9c s\u1ed1ng th\u01b0\u1eddng ng\u00e0y; t\u1eeb \u0111\u00f3 c\u1ea3m nh\u1eadn s\u00e2u s\u1eafc h\u01a1n v\u1ec1 \u00fd ngh\u0129a c\u1ee7a l\u00f2ng nh\u00e2n \u00e1i\u00a0v\u00e0\u00a0c\u00f3 th\u1ec3 mang y\u00eau th\u01b0\u01a1ng lan t\u1ecfa \u0111\u1ebfn nhi\u1ec1u n\u01a1i, nhi\u1ec1u ng\u01b0\u1eddi h\u01a1n.<\/p>\n<p>&nbsp;<\/p>\n<div class=\"wp-block-image\" style=\"text-align: center\"><img loading=\"lazy\" decoding=\"async\" class=\"aligncenter\" src=\"https:\/\/belgroup.com.vn\/wp-content\/uploads\/2024\/01\/Press-Release-BEL-MARINA-HOI-AN-RESORT-COMPANY-WITH-MISS-VIETNAM-2022-2.jpg\" width=\"537\" height=\"358\" \/><\/div>\n<div>\n<div class=\"wp-block-image\" style=\"text-align: center\">\n<figure class=\"aligncenter size-full\"><figcaption class=\"wp-element-caption\">\n<div class=\"wp-block-image\">\n<figure class=\"aligncenter size-full\"><figcaption class=\"wp-element-caption\"><em>\u00d4ng Robert Menzies ch\u1ee5p h\u00ecnh l\u01b0u ni\u1ec7m c\u00f9ng c\u00e1c \u0111\u1ea1i di\u1ec7n c\u1ee7a cu\u1ed9c thi Hoa H\u1eadu Vi\u1ec7t Nam 2022<\/em><\/figcaption><\/figure>\n<\/div>\n<\/figcaption><\/figure>\n<\/div>\n<\/div>\n<p>Th\u00f4ng qua l\u1ea7n h\u1ee3p t\u00e1c n\u00e0y, \u00f4ng Robert Menzies \u2013 T\u1ed5ng Qu\u1ea3n L\u00fd khu ngh\u1ec9 d\u01b0\u1ee1ng\u00a0<em>Bel Marina Hoi An Resort<\/em>\u00a0b\u00e0y t\u1ecf mong mu\u1ed1n \u0111\u01b0\u1ee3c \u0111\u1ed3ng h\u00e0nh v\u00e0 h\u1ed7 tr\u1ee3 ch\u01b0\u01a1ng tr\u00ecnh Hoa h\u1eadu Vi\u1ec7t Nam 2022, chung tay gi\u00fap \u0111\u1ee1 nh\u1eefng ho\u00e0n c\u1ea3nh thi\u1ebfu may m\u1eafn tr\u00ean kh\u1eafp \u0111\u1ea5t n\u01b0\u1edbc Vi\u1ec7t Nam, th\u00f4ng qua nh\u1eefng ph\u1ea7n thi mang nhi\u1ec1u \u00fd ngh\u0129a c\u1ee7a c\u00e1c th\u00ed sinh. \u00d4ng chia s\u1ebb th\u00eam\u00a0<em>\u201cCu\u1ed9c thi Hoa h\u1eadu Vi\u1ec7t Nam l\u00e0 m\u1ed9t cu\u1ed9c thi nhan s\u1eafc uy t\u00edn v\u00e0 l\u00e2u \u0111\u1eddi, ch\u00ednh v\u00ec v\u1eady t\u00f4i r\u1ea5t tin t\u01b0\u1edfng v\u00e0o s\u1ee9 m\u1ec7nh cao \u0111\u1eb9p c\u1ee7a ch\u01b0\u01a1ng tr\u00ecnh, c\u0169ng nh\u01b0 ti\u00eau ch\u00ed ch\u1ecdn ra ch\u1ee7 nh\u00e2n c\u1ee7a danh hi\u1ec7u \u201c<\/em>Ng\u01b0\u1eddi \u0110\u1eb9p Nh\u00e2n \u00c1i<em>\u201d c\u1ee7a n\u0103m nay. \u0110\u1ed3ng th\u1eddi, t\u00f4i c\u0169ng mu\u1ed1n c\u1ea3m \u01a1n Ban t\u1ed5 ch\u1ee9c cu\u1ed9c thi \u0111\u00e3 t\u1ea1o \u0111i\u1ec1u ki\u1ec7n cho Bel Marina Hoi An Resort \u0111\u01b0\u1ee3c \u0111\u00f3ng g\u00f3p m\u1ed9t ph\u1ea7n s\u1ee9c l\u1ef1c c\u1ee7a m\u00ecnh cho c\u1ed9ng \u0111\u1ed3ng.\u201d<\/em><\/p>\n","protected":false},"excerpt":{"rendered":"<p>V\u00e0o ng\u00e0y 04\/11\/2022, bu\u1ed5i h\u1ecdp b\u00e1o Chung Kh\u1ea3o To\u00e0n Qu\u1ed1c Hoa H\u1eadu Vi\u1ec7t Nam 2022, di\u1ec5n ra t\u1ea1i Th\u00e0nh Ph\u1ed1 H\u1ed3 Ch\u00ed Minh, \u0111\u1ea1i di\u1ec7n c\u1ee7a\u00a0Bel Marina Hoi An Resort, \u00f4ng Robert Menzies \u2013 T\u1ed5ng Qu\u1ea3n L\u00fd khu ngh\u1ec9 d\u01b0\u1ee1ng \u0111\u00e3 \u0111\u1eb7t b\u00fat k\u00fd k\u1ebft t\u00e0i tr\u1ee3 v\u1edbi c\u00e1c \u0111\u1ea1i di\u1ec7n t\u1eeb ph\u00eda ch\u01b0\u01a1ng tr\u00ecnh [&hellip;]<\/p>\n","protected":false},"author":244,"featured_media":0,"parent":687,"menu_order":2,"comment_status":"closed","ping_status":"closed","template":"template-single-service.php","meta":{"footnotes":""},"categories":[],"yoast_head":"<!-- This site is optimized with the Yoast SEO plugin v22.3 - https:\/\/yoast.com\/wordpress\/plugins\/seo\/ -->\n<title>Bel Marina Hoi An Resort \u0110\u1ed3ng H\u00e0nh C\u00f9ng D\u1ef1 \u00c1n \u201cNg\u01b0\u1eddi \u0110\u1eb9p Nh\u00e2n \u00c1i\u201d Hoa H\u1eadu Vi\u1ec7t Nam 2022 - Bel Marina Hoi An<\/title>\n<meta name=\"robots\" content=\"index, follow, max-snippet:-1, max-image-preview:large, max-video-preview:-1\" \/>\n<link rel=\"canonical\" href=\"https:\/\/www.belmarinahoian.com\/vi\/tin-tuc-giai-thuong\/bel-marina-hoi-an-resort-to-accompained-with-beauty-with-a-purpose-project-miss-viet-nam-2022\/\" \/>\n<meta property=\"og:locale\" content=\"vi_VN\" \/>\n<meta property=\"og:type\" content=\"article\" \/>\n<meta property=\"og:title\" content=\"Bel Marina Hoi An Resort \u0110\u1ed3ng H\u00e0nh C\u00f9ng D\u1ef1 \u00c1n \u201cNg\u01b0\u1eddi \u0110\u1eb9p Nh\u00e2n \u00c1i\u201d Hoa H\u1eadu Vi\u1ec7t Nam 2022 - Bel Marina Hoi An\" \/>\n<meta property=\"og:description\" content=\"V\u00e0o ng\u00e0y 04\/11\/2022, bu\u1ed5i h\u1ecdp b\u00e1o Chung Kh\u1ea3o To\u00e0n Qu\u1ed1c Hoa H\u1eadu Vi\u1ec7t Nam 2022, di\u1ec5n ra t\u1ea1i Th\u00e0nh Ph\u1ed1 H\u1ed3 Ch\u00ed Minh, \u0111\u1ea1i di\u1ec7n c\u1ee7a\u00a0Bel Marina Hoi An Resort, \u00f4ng Robert Menzies \u2013 T\u1ed5ng Qu\u1ea3n L\u00fd khu ngh\u1ec9 d\u01b0\u1ee1ng \u0111\u00e3 \u0111\u1eb7t b\u00fat k\u00fd k\u1ebft t\u00e0i tr\u1ee3 v\u1edbi c\u00e1c \u0111\u1ea1i di\u1ec7n t\u1eeb ph\u00eda ch\u01b0\u01a1ng tr\u00ecnh [&hellip;]\" \/>\n<meta property=\"og:url\" content=\"https:\/\/www.belmarinahoian.com\/vi\/tin-tuc-giai-thuong\/bel-marina-hoi-an-resort-to-accompained-with-beauty-with-a-purpose-project-miss-viet-nam-2022\/\" \/>\n<meta property=\"og:site_name\" content=\"Bel Marina Hoi An\" \/>\n<meta property=\"article:publisher\" content=\"https:\/\/www.facebook.com\/belmarinahoian.official\" \/>\n<meta property=\"article:modified_time\" content=\"2026-04-15T01:37:05+00:00\" \/>\n<meta property=\"og:image\" content=\"https:\/\/belgroup.com.vn\/wp-content\/uploads\/2024\/01\/Press-Release-BEL-MARINA-HOI-AN-RESORT-COMPANY-WITH-MISS-VIETNAM-2022-1.jpg\" \/>\n<meta name=\"twitter:card\" content=\"summary_large_image\" \/>\n<meta name=\"twitter:label1\" content=\"Est. reading time\" \/>\n\t<meta name=\"twitter:data1\" content=\"3 minutes\" \/>\n<script type=\"application\/ld+json\" class=\"yoast-schema-graph\">{\"@context\":\"https:\/\/schema.org\",\"@graph\":[{\"@type\":\"WebPage\",\"@id\":\"https:\/\/www.belmarinahoian.com\/vi\/tin-tuc-giai-thuong\/bel-marina-hoi-an-resort-to-accompained-with-beauty-with-a-purpose-project-miss-viet-nam-2022\/\",\"url\":\"https:\/\/www.belmarinahoian.com\/vi\/tin-tuc-giai-thuong\/bel-marina-hoi-an-resort-to-accompained-with-beauty-with-a-purpose-project-miss-viet-nam-2022\/\",\"name\":\"Bel Marina Hoi An Resort \u0110\u1ed3ng H\u00e0nh C\u00f9ng D\u1ef1 \u00c1n \u201cNg\u01b0\u1eddi \u0110\u1eb9p Nh\u00e2n \u00c1i\u201d Hoa H\u1eadu Vi\u1ec7t Nam 2022 - Bel Marina Hoi An\",\"isPartOf\":{\"@id\":\"https:\/\/www.belmarinahoian.com\/vi\/#website\"},\"primaryImageOfPage\":{\"@id\":\"https:\/\/www.belmarinahoian.com\/vi\/tin-tuc-giai-thuong\/bel-marina-hoi-an-resort-to-accompained-with-beauty-with-a-purpose-project-miss-viet-nam-2022\/#primaryimage\"},\"image\":{\"@id\":\"https:\/\/www.belmarinahoian.com\/vi\/tin-tuc-giai-thuong\/bel-marina-hoi-an-resort-to-accompained-with-beauty-with-a-purpose-project-miss-viet-nam-2022\/#primaryimage\"},\"thumbnailUrl\":\"https:\/\/belgroup.com.vn\/wp-content\/uploads\/2024\/01\/Press-Release-BEL-MARINA-HOI-AN-RESORT-COMPANY-WITH-MISS-VIETNAM-2022-1.jpg\",\"datePublished\":\"2022-11-08T08:44:10+00:00\",\"dateModified\":\"2026-04-15T01:37:05+00:00\",\"breadcrumb\":{\"@id\":\"https:\/\/www.belmarinahoian.com\/vi\/tin-tuc-giai-thuong\/bel-marina-hoi-an-resort-to-accompained-with-beauty-with-a-purpose-project-miss-viet-nam-2022\/#breadcrumb\"},\"inLanguage\":\"vi-VN\",\"potentialAction\":[{\"@type\":\"ReadAction\",\"target\":[\"https:\/\/www.belmarinahoian.com\/vi\/tin-tuc-giai-thuong\/bel-marina-hoi-an-resort-to-accompained-with-beauty-with-a-purpose-project-miss-viet-nam-2022\/\"]}]},{\"@type\":\"ImageObject\",\"inLanguage\":\"vi-VN\",\"@id\":\"https:\/\/www.belmarinahoian.com\/vi\/tin-tuc-giai-thuong\/bel-marina-hoi-an-resort-to-accompained-with-beauty-with-a-purpose-project-miss-viet-nam-2022\/#primaryimage\",\"url\":\"https:\/\/belgroup.com.vn\/wp-content\/uploads\/2024\/01\/Press-Release-BEL-MARINA-HOI-AN-RESORT-COMPANY-WITH-MISS-VIETNAM-2022-1.jpg\",\"contentUrl\":\"https:\/\/belgroup.com.vn\/wp-content\/uploads\/2024\/01\/Press-Release-BEL-MARINA-HOI-AN-RESORT-COMPANY-WITH-MISS-VIETNAM-2022-1.jpg\"},{\"@type\":\"BreadcrumbList\",\"@id\":\"https:\/\/www.belmarinahoian.com\/vi\/tin-tuc-giai-thuong\/bel-marina-hoi-an-resort-to-accompained-with-beauty-with-a-purpose-project-miss-viet-nam-2022\/#breadcrumb\",\"itemListElement\":[{\"@type\":\"ListItem\",\"position\":1,\"name\":\"Home\",\"item\":\"https:\/\/www.belmarinahoian.com\/vi\/\"},{\"@type\":\"ListItem\",\"position\":2,\"name\":\"Gi\u1ea3i Th\u01b0\u1edfng\",\"item\":\"https:\/\/www.belmarinahoian.com\/vi\/tin-tuc-giai-thuong\/\"},{\"@type\":\"ListItem\",\"position\":3,\"name\":\"Bel Marina Hoi An Resort \u0110\u1ed3ng H\u00e0nh C\u00f9ng D\u1ef1 \u00c1n \u201cNg\u01b0\u1eddi \u0110\u1eb9p Nh\u00e2n \u00c1i\u201d Hoa H\u1eadu Vi\u1ec7t Nam 2022\"}]},{\"@type\":\"WebSite\",\"@id\":\"https:\/\/www.belmarinahoian.com\/vi\/#website\",\"url\":\"https:\/\/www.belmarinahoian.com\/vi\/\",\"name\":\"Bel Marina Hoi An\",\"description\":\"\",\"potentialAction\":[{\"@type\":\"SearchAction\",\"target\":{\"@type\":\"EntryPoint\",\"urlTemplate\":\"https:\/\/www.belmarinahoian.com\/vi\/?s={search_term_string}\"},\"query-input\":\"required name=search_term_string\"}],\"inLanguage\":\"vi-VN\"}]}<\/script>\n<!-- \/ Yoast SEO plugin. -->","yoast_head_json":{"title":"Bel Marina Hoi An Resort \u0110\u1ed3ng H\u00e0nh C\u00f9ng D\u1ef1 \u00c1n \u201cNg\u01b0\u1eddi \u0110\u1eb9p Nh\u00e2n \u00c1i\u201d Hoa H\u1eadu Vi\u1ec7t Nam 2022 - Bel Marina Hoi An","robots":{"index":"index","follow":"follow","max-snippet":"max-snippet:-1","max-image-preview":"max-image-preview:large","max-video-preview":"max-video-preview:-1"},"canonical":"https:\/\/www.belmarinahoian.com\/vi\/tin-tuc-giai-thuong\/bel-marina-hoi-an-resort-to-accompained-with-beauty-with-a-purpose-project-miss-viet-nam-2022\/","og_locale":"vi_VN","og_type":"article","og_title":"Bel Marina Hoi An Resort \u0110\u1ed3ng H\u00e0nh C\u00f9ng D\u1ef1 \u00c1n \u201cNg\u01b0\u1eddi \u0110\u1eb9p Nh\u00e2n \u00c1i\u201d Hoa H\u1eadu Vi\u1ec7t Nam 2022 - Bel Marina Hoi An","og_description":"V\u00e0o ng\u00e0y 04\/11\/2022, bu\u1ed5i h\u1ecdp b\u00e1o Chung Kh\u1ea3o To\u00e0n Qu\u1ed1c Hoa H\u1eadu Vi\u1ec7t Nam 2022, di\u1ec5n ra t\u1ea1i Th\u00e0nh Ph\u1ed1 H\u1ed3 Ch\u00ed Minh, \u0111\u1ea1i di\u1ec7n c\u1ee7a\u00a0Bel Marina Hoi An Resort, \u00f4ng Robert Menzies \u2013 T\u1ed5ng Qu\u1ea3n L\u00fd khu ngh\u1ec9 d\u01b0\u1ee1ng \u0111\u00e3 \u0111\u1eb7t b\u00fat k\u00fd k\u1ebft t\u00e0i tr\u1ee3 v\u1edbi c\u00e1c \u0111\u1ea1i di\u1ec7n t\u1eeb ph\u00eda ch\u01b0\u01a1ng tr\u00ecnh [&hellip;]","og_url":"https:\/\/www.belmarinahoian.com\/vi\/tin-tuc-giai-thuong\/bel-marina-hoi-an-resort-to-accompained-with-beauty-with-a-purpose-project-miss-viet-nam-2022\/","og_site_name":"Bel Marina Hoi An","article_publisher":"https:\/\/www.facebook.com\/belmarinahoian.official","article_modified_time":"2026-04-15T01:37:05+00:00","og_image":[{"url":"https:\/\/belgroup.com.vn\/wp-content\/uploads\/2024\/01\/Press-Release-BEL-MARINA-HOI-AN-RESORT-COMPANY-WITH-MISS-VIETNAM-2022-1.jpg"}],"twitter_card":"summary_large_image","twitter_misc":{"Est. reading time":"3 minutes"},"schema":{"@context":"https:\/\/schema.org","@graph":[{"@type":"WebPage","@id":"https:\/\/www.belmarinahoian.com\/vi\/tin-tuc-giai-thuong\/bel-marina-hoi-an-resort-to-accompained-with-beauty-with-a-purpose-project-miss-viet-nam-2022\/","url":"https:\/\/www.belmarinahoian.com\/vi\/tin-tuc-giai-thuong\/bel-marina-hoi-an-resort-to-accompained-with-beauty-with-a-purpose-project-miss-viet-nam-2022\/","name":"Bel Marina Hoi An Resort \u0110\u1ed3ng H\u00e0nh C\u00f9ng D\u1ef1 \u00c1n \u201cNg\u01b0\u1eddi \u0110\u1eb9p Nh\u00e2n \u00c1i\u201d Hoa H\u1eadu Vi\u1ec7t Nam 2022 - Bel Marina Hoi An","isPartOf":{"@id":"https:\/\/www.belmarinahoian.com\/vi\/#website"},"primaryImageOfPage":{"@id":"https:\/\/www.belmarinahoian.com\/vi\/tin-tuc-giai-thuong\/bel-marina-hoi-an-resort-to-accompained-with-beauty-with-a-purpose-project-miss-viet-nam-2022\/#primaryimage"},"image":{"@id":"https:\/\/www.belmarinahoian.com\/vi\/tin-tuc-giai-thuong\/bel-marina-hoi-an-resort-to-accompained-with-beauty-with-a-purpose-project-miss-viet-nam-2022\/#primaryimage"},"thumbnailUrl":"https:\/\/belgroup.com.vn\/wp-content\/uploads\/2024\/01\/Press-Release-BEL-MARINA-HOI-AN-RESORT-COMPANY-WITH-MISS-VIETNAM-2022-1.jpg","datePublished":"2022-11-08T08:44:10+00:00","dateModified":"2026-04-15T01:37:05+00:00","breadcrumb":{"@id":"https:\/\/www.belmarinahoian.com\/vi\/tin-tuc-giai-thuong\/bel-marina-hoi-an-resort-to-accompained-with-beauty-with-a-purpose-project-miss-viet-nam-2022\/#breadcrumb"},"inLanguage":"vi-VN","potentialAction":[{"@type":"ReadAction","target":["https:\/\/www.belmarinahoian.com\/vi\/tin-tuc-giai-thuong\/bel-marina-hoi-an-resort-to-accompained-with-beauty-with-a-purpose-project-miss-viet-nam-2022\/"]}]},{"@type":"ImageObject","inLanguage":"vi-VN","@id":"https:\/\/www.belmarinahoian.com\/vi\/tin-tuc-giai-thuong\/bel-marina-hoi-an-resort-to-accompained-with-beauty-with-a-purpose-project-miss-viet-nam-2022\/#primaryimage","url":"https:\/\/belgroup.com.vn\/wp-content\/uploads\/2024\/01\/Press-Release-BEL-MARINA-HOI-AN-RESORT-COMPANY-WITH-MISS-VIETNAM-2022-1.jpg","contentUrl":"https:\/\/belgroup.com.vn\/wp-content\/uploads\/2024\/01\/Press-Release-BEL-MARINA-HOI-AN-RESORT-COMPANY-WITH-MISS-VIETNAM-2022-1.jpg"},{"@type":"BreadcrumbList","@id":"https:\/\/www.belmarinahoian.com\/vi\/tin-tuc-giai-thuong\/bel-marina-hoi-an-resort-to-accompained-with-beauty-with-a-purpose-project-miss-viet-nam-2022\/#breadcrumb","itemListElement":[{"@type":"ListItem","position":1,"name":"Home","item":"https:\/\/www.belmarinahoian.com\/vi\/"},{"@type":"ListItem","position":2,"name":"Gi\u1ea3i Th\u01b0\u1edfng","item":"https:\/\/www.belmarinahoian.com\/vi\/tin-tuc-giai-thuong\/"},{"@type":"ListItem","position":3,"name":"Bel Marina Hoi An Resort \u0110\u1ed3ng H\u00e0nh C\u00f9ng D\u1ef1 \u00c1n \u201cNg\u01b0\u1eddi \u0110\u1eb9p Nh\u00e2n \u00c1i\u201d Hoa H\u1eadu Vi\u1ec7t Nam 2022"}]},{"@type":"WebSite","@id":"https:\/\/www.belmarinahoian.com\/vi\/#website","url":"https:\/\/www.belmarinahoian.com\/vi\/","name":"Bel Marina Hoi An","description":"","potentialAction":[{"@type":"SearchAction","target":{"@type":"EntryPoint","urlTemplate":"https:\/\/www.belmarinahoian.com\/vi\/?s={search_term_string}"},"query-input":"required name=search_term_string"}],"inLanguage":"vi-VN"}]}},"acf":[],"_links":{"self":[{"href":"https:\/\/www.belmarinahoian.com\/vi\/wp-json\/wp\/v2\/pages\/711"}],"collection":[{"href":"https:\/\/www.belmarinahoian.com\/vi\/wp-json\/wp\/v2\/pages"}],"about":[{"href":"https:\/\/www.belmarinahoian.com\/vi\/wp-json\/wp\/v2\/types\/page"}],"author":[{"embeddable":true,"href":"https:\/\/www.belmarinahoian.com\/vi\/wp-json\/wp\/v2\/users\/244"}],"replies":[{"embeddable":true,"href":"https:\/\/www.belmarinahoian.com\/vi\/wp-json\/wp\/v2\/comments?post=711"}],"version-history":[{"count":0,"href":"https:\/\/www.belmarinahoian.com\/vi\/wp-json\/wp\/v2\/pages\/711\/revisions"}],"up":[{"embeddable":true,"href":"https:\/\/www.belmarinahoian.com\/vi\/wp-json\/wp\/v2\/pages\/687"}],"wp:attachment":[{"href":"https:\/\/www.belmarinahoian.com\/vi\/wp-json\/wp\/v2\/media?parent=711"}],"wp:term":[{"taxonomy":"category","embeddable":true,"href":"https:\/\/www.belmarinahoian.com\/vi\/wp-json\/wp\/v2\/categories?post=711"}],"curies":[{"name":"wp","href":"https:\/\/api.w.org\/{rel}","templated":true}]}}