{"id":708,"date":"2026-04-14T08:42:49","date_gmt":"2026-04-14T08:42:49","guid":{"rendered":"https:\/\/www.belmarinahoian.com\/?page_id=708"},"modified":"2026-04-14T09:26:51","modified_gmt":"2026-04-14T09:26:51","slug":"lop-day-nau-an","status":"publish","type":"page","link":"https:\/\/www.belmarinahoian.com\/vi\/special-offers\/lop-day-nau-an\/","title":{"rendered":"L\u1edbp D\u1ea1y N\u1ea5u \u0102n"},"content":{"rendered":"<div class=\"text-base my-auto mx-auto [--thread-content-margin:var(--thread-content-margin-xs,calc(var(--spacing)*4))] @w-sm\/main:[--thread-content-margin:var(--thread-content-margin-sm,calc(var(--spacing)*6))] @w-lg\/main:[--thread-content-margin:var(--thread-content-margin-lg,calc(var(--spacing)*16))] px-(--thread-content-margin)\">\n<div class=\"[--thread-content-max-width:40rem] @w-lg\/main:[--thread-content-max-width:48rem] mx-auto max-w-(--thread-content-max-width) flex-1 group\/turn-messages focus-visible:outline-hidden relative flex w-full min-w-0 flex-col agent-turn\">\n<div class=\"flex max-w-full flex-col gap-4 grow\">\n<div class=\"min-h-8 text-message relative flex w-full flex-col items-end gap-2 text-start break-words whitespace-normal outline-none keyboard-focused:focus-ring [.text-message+&amp;]:mt-1\" dir=\"auto\" data-message-author-role=\"assistant\" data-message-id=\"481c7beb-a422-4a3a-b4c6-f980be3271ef\" data-message-model-slug=\"gpt-5-3\">\n<div class=\"flex w-full flex-col gap-1 empty:hidden\">\n<div class=\"markdown prose dark:prose-invert w-full wrap-break-word light markdown-new-styling\">\n<p data-start=\"70\" data-end=\"236\">C\u00e1c l\u1edbp h\u1ecdc n\u1ea5u \u0103n \u0111\u01b0\u1ee3c tinh ch\u1ec9nh theo tr\u1ea3i nghi\u1ec7m c\u00e1 nh\u00e2n \u0111\u1ecba ph\u01b0\u01a1ng nh\u1eb1m gi\u00fap b\u1ea1n tr\u1ea3i nghi\u1ec7m cu\u1ed9c s\u1ed1ng th\u01b0\u1eddng nh\u1eadt t\u1eeb vi\u1ec7c \u0111i ch\u1ee3 \u0111\u1ebfn ch\u1ebf bi\u1ebfn th\u1ef1c ph\u1ea9m qua h\u01b0\u01a1ng v\u1ecb l\u00e0m n\u00ean t\u00ean tu\u1ed5i c\u1ee7a \u1ea9m th\u1ef1c Vi\u1ec7t Nam.<\/p>\n<p data-start=\"0\" data-end=\"94\"><strong data-start=\"0\" data-end=\"16\">H\u00e0nh tr\u00ecnh 1<\/strong><br data-start=\"16\" data-end=\"19\" \/>Kh\u00e1m ph\u00e1 th\u1ea3o m\u1ed9c Vi\u1ec7t Nam v\u00e0 ch\u1ee3 \u0111\u1ecba ph\u01b0\u01a1ng<br data-start=\"63\" data-end=\"66\" \/><strong data-start=\"66\" data-end=\"94\">Gi\u00e1: 500.000 VND \/ kh\u00e1ch<\/strong><\/p>\n<p data-start=\"96\" data-end=\"236\" data-is-last-node=\"\" data-is-only-node=\"\"><strong data-start=\"96\" data-end=\"112\">H\u00e0nh tr\u00ecnh 2<\/strong><br data-start=\"112\" data-end=\"115\" \/>L\u1edbp h\u1ecdc n\u1ea5u \u0103n k\u1ebft h\u1ee3p tham quan ch\u1ee3 \u0111\u1ecba ph\u01b0\u01a1ng H\u1ed9i An<br data-start=\"169\" data-end=\"172\" \/><strong data-start=\"172\" data-end=\"200\">Gi\u00e1: 650.000 VND \/ kh\u00e1ch<\/strong><br data-start=\"200\" data-end=\"203\" \/>Bao g\u1ed3m <strong data-start=\"211\" data-end=\"236\" data-is-last-node=\"\">30 ph\u00fat tr\u1ecb li\u1ec7u ch\u00e2n<\/strong><\/p>\n<\/div>\n<\/div>\n<\/div>\n<\/div>\n<div class=\"z-0 flex min-h-[46px] justify-start\"><strong>\u0110i\u1ec1u kho\u1ea3n &amp; \u0110i\u1ec1u ki\u1ec7n \u00e1p d\u1ee5ng<\/strong><\/div>\n<\/div>\n<\/div>\n<ul>\n<li>\u00c1p d\u1ee5ng cho t\u1ed1i thi\u1ec3u 02 kh\u00e1ch.<\/li>\n<li>Vui l\u00f2ng \u0111\u1eb7t tr\u01b0\u1edbc. Li\u00ean h\u1ec7 hotline +84 235 3938 888 ho\u1eb7c email info@belmarinahoian.com \u0111\u1ec3 bi\u1ebft th\u00eam th\u00f4ng tin chi ti\u1ebft.<\/li>\n<\/ul>\n","protected":false},"excerpt":{"rendered":"<p>C\u00e1c l\u1edbp h\u1ecdc n\u1ea5u \u0103n \u0111\u01b0\u1ee3c tinh ch\u1ec9nh theo tr\u1ea3i nghi\u1ec7m c\u00e1 nh\u00e2n \u0111\u1ecba ph\u01b0\u01a1ng nh\u1eb1m gi\u00fap b\u1ea1n tr\u1ea3i nghi\u1ec7m cu\u1ed9c s\u1ed1ng th\u01b0\u1eddng nh\u1eadt t\u1eeb vi\u1ec7c \u0111i ch\u1ee3 \u0111\u1ebfn ch\u1ebf bi\u1ebfn th\u1ef1c ph\u1ea9m qua h\u01b0\u01a1ng v\u1ecb l\u00e0m n\u00ean t\u00ean tu\u1ed5i c\u1ee7a \u1ea9m th\u1ef1c Vi\u1ec7t Nam. H\u00e0nh tr\u00ecnh 1Kh\u00e1m ph\u00e1 th\u1ea3o m\u1ed9c Vi\u1ec7t Nam v\u00e0 ch\u1ee3 [&hellip;]<\/p>\n","protected":false},"author":249,"featured_media":93,"parent":242,"menu_order":2,"comment_status":"closed","ping_status":"closed","template":"template-single-offer.php","meta":{"footnotes":""},"categories":[],"yoast_head":"<!-- This site is optimized with the Yoast SEO plugin v22.3 - https:\/\/yoast.com\/wordpress\/plugins\/seo\/ -->\n<title>L\u1edbp D\u1ea1y N\u1ea5u \u0102n - Bel Marina Hoi An<\/title>\n<meta name=\"robots\" content=\"index, follow, max-snippet:-1, max-image-preview:large, max-video-preview:-1\" \/>\n<link rel=\"canonical\" href=\"https:\/\/www.belmarinahoian.com\/vi\/special-offers\/lop-day-nau-an\/\" \/>\n<meta property=\"og:locale\" content=\"vi_VN\" \/>\n<meta property=\"og:type\" content=\"article\" \/>\n<meta property=\"og:title\" content=\"L\u1edbp D\u1ea1y N\u1ea5u \u0102n - Bel Marina Hoi An\" \/>\n<meta property=\"og:description\" content=\"C\u00e1c l\u1edbp h\u1ecdc n\u1ea5u \u0103n \u0111\u01b0\u1ee3c tinh ch\u1ec9nh theo tr\u1ea3i nghi\u1ec7m c\u00e1 nh\u00e2n \u0111\u1ecba ph\u01b0\u01a1ng nh\u1eb1m gi\u00fap b\u1ea1n tr\u1ea3i nghi\u1ec7m cu\u1ed9c s\u1ed1ng th\u01b0\u1eddng nh\u1eadt t\u1eeb vi\u1ec7c \u0111i ch\u1ee3 \u0111\u1ebfn ch\u1ebf bi\u1ebfn th\u1ef1c ph\u1ea9m qua h\u01b0\u01a1ng v\u1ecb l\u00e0m n\u00ean t\u00ean tu\u1ed5i c\u1ee7a \u1ea9m th\u1ef1c Vi\u1ec7t Nam. H\u00e0nh tr\u00ecnh 1Kh\u00e1m ph\u00e1 th\u1ea3o m\u1ed9c Vi\u1ec7t Nam v\u00e0 ch\u1ee3 [&hellip;]\" \/>\n<meta property=\"og:url\" content=\"https:\/\/www.belmarinahoian.com\/vi\/special-offers\/lop-day-nau-an\/\" \/>\n<meta property=\"og:site_name\" content=\"Bel Marina Hoi An\" \/>\n<meta property=\"article:publisher\" content=\"https:\/\/www.facebook.com\/belmarinahoian.official\" \/>\n<meta property=\"article:modified_time\" content=\"2026-04-14T09:26:51+00:00\" \/>\n<meta property=\"og:image\" content=\"https:\/\/www.belmarinahoian.com\/wp-content\/uploads\/sites\/132\/2025\/11\/Cooking-Class_5.jpg\" \/>\n\t<meta property=\"og:image:width\" content=\"2200\" \/>\n\t<meta property=\"og:image:height\" content=\"1650\" \/>\n\t<meta property=\"og:image:type\" content=\"image\/jpeg\" \/>\n<meta name=\"twitter:card\" content=\"summary_large_image\" \/>\n<meta name=\"twitter:label1\" content=\"Est. reading time\" \/>\n\t<meta name=\"twitter:data1\" content=\"1 minute\" \/>\n<script type=\"application\/ld+json\" class=\"yoast-schema-graph\">{\"@context\":\"https:\/\/schema.org\",\"@graph\":[{\"@type\":\"WebPage\",\"@id\":\"https:\/\/www.belmarinahoian.com\/vi\/special-offers\/lop-day-nau-an\/\",\"url\":\"https:\/\/www.belmarinahoian.com\/vi\/special-offers\/lop-day-nau-an\/\",\"name\":\"L\u1edbp D\u1ea1y N\u1ea5u \u0102n - Bel Marina Hoi An\",\"isPartOf\":{\"@id\":\"https:\/\/www.belmarinahoian.com\/vi\/#website\"},\"primaryImageOfPage\":{\"@id\":\"https:\/\/www.belmarinahoian.com\/vi\/special-offers\/lop-day-nau-an\/#primaryimage\"},\"image\":{\"@id\":\"https:\/\/www.belmarinahoian.com\/vi\/special-offers\/lop-day-nau-an\/#primaryimage\"},\"thumbnailUrl\":\"https:\/\/www.belmarinahoian.com\/wp-content\/uploads\/sites\/132\/2025\/11\/Cooking-Class_5.jpg\",\"datePublished\":\"2026-04-14T08:42:49+00:00\",\"dateModified\":\"2026-04-14T09:26:51+00:00\",\"breadcrumb\":{\"@id\":\"https:\/\/www.belmarinahoian.com\/vi\/special-offers\/lop-day-nau-an\/#breadcrumb\"},\"inLanguage\":\"vi-VN\",\"potentialAction\":[{\"@type\":\"ReadAction\",\"target\":[\"https:\/\/www.belmarinahoian.com\/vi\/special-offers\/lop-day-nau-an\/\"]}]},{\"@type\":\"ImageObject\",\"inLanguage\":\"vi-VN\",\"@id\":\"https:\/\/www.belmarinahoian.com\/vi\/special-offers\/lop-day-nau-an\/#primaryimage\",\"url\":\"https:\/\/www.belmarinahoian.com\/wp-content\/uploads\/sites\/132\/2025\/11\/Cooking-Class_5.jpg\",\"contentUrl\":\"https:\/\/www.belmarinahoian.com\/wp-content\/uploads\/sites\/132\/2025\/11\/Cooking-Class_5.jpg\",\"width\":2200,\"height\":1650},{\"@type\":\"BreadcrumbList\",\"@id\":\"https:\/\/www.belmarinahoian.com\/vi\/special-offers\/lop-day-nau-an\/#breadcrumb\",\"itemListElement\":[{\"@type\":\"ListItem\",\"position\":1,\"name\":\"Home\",\"item\":\"https:\/\/www.belmarinahoian.com\/vi\/\"},{\"@type\":\"ListItem\",\"position\":2,\"name\":\"\u01afu \u0111\u00e3i\",\"item\":\"https:\/\/www.belmarinahoian.com\/vi\/special-offers\/\"},{\"@type\":\"ListItem\",\"position\":3,\"name\":\"L\u1edbp D\u1ea1y N\u1ea5u \u0102n\"}]},{\"@type\":\"WebSite\",\"@id\":\"https:\/\/www.belmarinahoian.com\/vi\/#website\",\"url\":\"https:\/\/www.belmarinahoian.com\/vi\/\",\"name\":\"Bel Marina Hoi An\",\"description\":\"\",\"potentialAction\":[{\"@type\":\"SearchAction\",\"target\":{\"@type\":\"EntryPoint\",\"urlTemplate\":\"https:\/\/www.belmarinahoian.com\/vi\/?s={search_term_string}\"},\"query-input\":\"required name=search_term_string\"}],\"inLanguage\":\"vi-VN\"}]}<\/script>\n<!-- \/ Yoast SEO plugin. -->","yoast_head_json":{"title":"L\u1edbp D\u1ea1y N\u1ea5u \u0102n - Bel Marina Hoi An","robots":{"index":"index","follow":"follow","max-snippet":"max-snippet:-1","max-image-preview":"max-image-preview:large","max-video-preview":"max-video-preview:-1"},"canonical":"https:\/\/www.belmarinahoian.com\/vi\/special-offers\/lop-day-nau-an\/","og_locale":"vi_VN","og_type":"article","og_title":"L\u1edbp D\u1ea1y N\u1ea5u \u0102n - Bel Marina Hoi An","og_description":"C\u00e1c l\u1edbp h\u1ecdc n\u1ea5u \u0103n \u0111\u01b0\u1ee3c tinh ch\u1ec9nh theo tr\u1ea3i nghi\u1ec7m c\u00e1 nh\u00e2n \u0111\u1ecba ph\u01b0\u01a1ng nh\u1eb1m gi\u00fap b\u1ea1n tr\u1ea3i nghi\u1ec7m cu\u1ed9c s\u1ed1ng th\u01b0\u1eddng nh\u1eadt t\u1eeb vi\u1ec7c \u0111i ch\u1ee3 \u0111\u1ebfn ch\u1ebf bi\u1ebfn th\u1ef1c ph\u1ea9m qua h\u01b0\u01a1ng v\u1ecb l\u00e0m n\u00ean t\u00ean tu\u1ed5i c\u1ee7a \u1ea9m th\u1ef1c Vi\u1ec7t Nam. H\u00e0nh tr\u00ecnh 1Kh\u00e1m ph\u00e1 th\u1ea3o m\u1ed9c Vi\u1ec7t Nam v\u00e0 ch\u1ee3 [&hellip;]","og_url":"https:\/\/www.belmarinahoian.com\/vi\/special-offers\/lop-day-nau-an\/","og_site_name":"Bel Marina Hoi An","article_publisher":"https:\/\/www.facebook.com\/belmarinahoian.official","article_modified_time":"2026-04-14T09:26:51+00:00","og_image":[{"width":2200,"height":1650,"url":"https:\/\/www.belmarinahoian.com\/wp-content\/uploads\/sites\/132\/2025\/11\/Cooking-Class_5.jpg","type":"image\/jpeg"}],"twitter_card":"summary_large_image","twitter_misc":{"Est. reading time":"1 minute"},"schema":{"@context":"https:\/\/schema.org","@graph":[{"@type":"WebPage","@id":"https:\/\/www.belmarinahoian.com\/vi\/special-offers\/lop-day-nau-an\/","url":"https:\/\/www.belmarinahoian.com\/vi\/special-offers\/lop-day-nau-an\/","name":"L\u1edbp D\u1ea1y N\u1ea5u \u0102n - Bel Marina Hoi An","isPartOf":{"@id":"https:\/\/www.belmarinahoian.com\/vi\/#website"},"primaryImageOfPage":{"@id":"https:\/\/www.belmarinahoian.com\/vi\/special-offers\/lop-day-nau-an\/#primaryimage"},"image":{"@id":"https:\/\/www.belmarinahoian.com\/vi\/special-offers\/lop-day-nau-an\/#primaryimage"},"thumbnailUrl":"https:\/\/www.belmarinahoian.com\/wp-content\/uploads\/sites\/132\/2025\/11\/Cooking-Class_5.jpg","datePublished":"2026-04-14T08:42:49+00:00","dateModified":"2026-04-14T09:26:51+00:00","breadcrumb":{"@id":"https:\/\/www.belmarinahoian.com\/vi\/special-offers\/lop-day-nau-an\/#breadcrumb"},"inLanguage":"vi-VN","potentialAction":[{"@type":"ReadAction","target":["https:\/\/www.belmarinahoian.com\/vi\/special-offers\/lop-day-nau-an\/"]}]},{"@type":"ImageObject","inLanguage":"vi-VN","@id":"https:\/\/www.belmarinahoian.com\/vi\/special-offers\/lop-day-nau-an\/#primaryimage","url":"https:\/\/www.belmarinahoian.com\/wp-content\/uploads\/sites\/132\/2025\/11\/Cooking-Class_5.jpg","contentUrl":"https:\/\/www.belmarinahoian.com\/wp-content\/uploads\/sites\/132\/2025\/11\/Cooking-Class_5.jpg","width":2200,"height":1650},{"@type":"BreadcrumbList","@id":"https:\/\/www.belmarinahoian.com\/vi\/special-offers\/lop-day-nau-an\/#breadcrumb","itemListElement":[{"@type":"ListItem","position":1,"name":"Home","item":"https:\/\/www.belmarinahoian.com\/vi\/"},{"@type":"ListItem","position":2,"name":"\u01afu \u0111\u00e3i","item":"https:\/\/www.belmarinahoian.com\/vi\/special-offers\/"},{"@type":"ListItem","position":3,"name":"L\u1edbp D\u1ea1y N\u1ea5u \u0102n"}]},{"@type":"WebSite","@id":"https:\/\/www.belmarinahoian.com\/vi\/#website","url":"https:\/\/www.belmarinahoian.com\/vi\/","name":"Bel Marina Hoi An","description":"","potentialAction":[{"@type":"SearchAction","target":{"@type":"EntryPoint","urlTemplate":"https:\/\/www.belmarinahoian.com\/vi\/?s={search_term_string}"},"query-input":"required name=search_term_string"}],"inLanguage":"vi-VN"}]}},"acf":[],"_links":{"self":[{"href":"https:\/\/www.belmarinahoian.com\/vi\/wp-json\/wp\/v2\/pages\/708"}],"collection":[{"href":"https:\/\/www.belmarinahoian.com\/vi\/wp-json\/wp\/v2\/pages"}],"about":[{"href":"https:\/\/www.belmarinahoian.com\/vi\/wp-json\/wp\/v2\/types\/page"}],"author":[{"embeddable":true,"href":"https:\/\/www.belmarinahoian.com\/vi\/wp-json\/wp\/v2\/users\/249"}],"replies":[{"embeddable":true,"href":"https:\/\/www.belmarinahoian.com\/vi\/wp-json\/wp\/v2\/comments?post=708"}],"version-history":[{"count":0,"href":"https:\/\/www.belmarinahoian.com\/vi\/wp-json\/wp\/v2\/pages\/708\/revisions"}],"up":[{"embeddable":true,"href":"https:\/\/www.belmarinahoian.com\/vi\/wp-json\/wp\/v2\/pages\/242"}],"wp:featuredmedia":[{"embeddable":true,"href":"https:\/\/www.belmarinahoian.com\/vi\/wp-json\/wp\/v2\/media\/93"}],"wp:attachment":[{"href":"https:\/\/www.belmarinahoian.com\/vi\/wp-json\/wp\/v2\/media?parent=708"}],"wp:term":[{"taxonomy":"category","embeddable":true,"href":"https:\/\/www.belmarinahoian.com\/vi\/wp-json\/wp\/v2\/categories?post=708"}],"curies":[{"name":"wp","href":"https:\/\/api.w.org\/{rel}","templated":true}]}}