{"id":698,"date":"2026-04-13T09:19:36","date_gmt":"2026-04-13T09:19:36","guid":{"rendered":"https:\/\/www.belmarinahoian.com\/?page_id=698"},"modified":"2026-04-15T01:27:26","modified_gmt":"2026-04-15T01:27:26","slug":"bel-marina-hoi-an-resort-vinh-du-nhan-giai-thuong-agoda-gold-circle-2025","status":"publish","type":"page","link":"https:\/\/www.belmarinahoian.com\/vi\/tin-tuc-giai-thuong\/bel-marina-hoi-an-resort-vinh-du-nhan-giai-thuong-agoda-gold-circle-2025\/","title":{"rendered":"Bel Marina Hoi An Resort Vinh d\u1ef1 nh\u1eadn gi\u1ea3i th\u01b0\u1edfng Agoda Gold Circle 2025"},"content":{"rendered":"<div class=\"xdj266r x14z9mp xat24cr x1lziwak x1vvkbs x126k92a\">\n<div dir=\"auto\">Bel Marina Hoi An Resort t\u1ef1 h\u00e0o \u0111\u01b0\u1ee3c vinh danh l\u00e0 Agoda Gold Circle Award Winner 2025, gi\u1ea3i th\u01b0\u1edfng danh gi\u00e1 d\u00e0nh cho nh\u1eefng kh\u00e1ch s\u1ea1n c\u00f3 ch\u1ea5t l\u01b0\u1ee3ng d\u1ecbch v\u1ee5 xu\u1ea5t s\u1eafc, hi\u1ec7u su\u1ea5t ho\u1ea1t \u0111\u1ed9ng n\u1ed5i b\u1eadt v\u00e0 s\u1ef1 h\u1ee3p t\u00e1c b\u1ec1n v\u1eefng c\u00f9ng Agoda.<\/div>\n<\/div>\n<div class=\"x14z9mp xat24cr x1lziwak x1vvkbs xtlvy1s x126k92a\">\n<div dir=\"auto\">Danh hi\u1ec7u n\u00e0y l\u00e0 minh ch\u1ee9ng cho s\u1ef1 t\u1eadn t\u00e2m c\u1ee7a \u0111\u1ed9i ng\u0169 Bel Marina trong vi\u1ec7c mang \u0111\u1ebfn nh\u1eefng tr\u1ea3i nghi\u1ec7m ngh\u1ec9 d\u01b0\u1ee1ng \u0111\u1eb3ng c\u1ea5p v\u00e0 \u0111\u00e1ng nh\u1edb cho m\u1ed7i du kh\u00e1ch. Xin ch\u00e2n th\u00e0nh c\u1ea3m \u01a1n qu\u00fd kh\u00e1ch v\u00e0 c\u00e1c \u0111\u1ed1i t\u00e1c \u0111\u00e3 lu\u00f4n tin t\u01b0\u1edfng v\u00e0 \u0111\u1ed3ng h\u00e0nh c\u00f9ng Bel Marina.<\/div>\n<\/div>\n","protected":false},"excerpt":{"rendered":"<p>Bel Marina Hoi An Resort t\u1ef1 h\u00e0o \u0111\u01b0\u1ee3c vinh danh l\u00e0 Agoda Gold Circle Award Winner 2025, gi\u1ea3i th\u01b0\u1edfng danh gi\u00e1 d\u00e0nh cho nh\u1eefng kh\u00e1ch s\u1ea1n c\u00f3 ch\u1ea5t l\u01b0\u1ee3ng d\u1ecbch v\u1ee5 xu\u1ea5t s\u1eafc, hi\u1ec7u su\u1ea5t ho\u1ea1t \u0111\u1ed9ng n\u1ed5i b\u1eadt v\u00e0 s\u1ef1 h\u1ee3p t\u00e1c b\u1ec1n v\u1eefng c\u00f9ng Agoda. Danh hi\u1ec7u n\u00e0y l\u00e0 minh ch\u1ee9ng cho s\u1ef1 [&hellip;]<\/p>\n","protected":false},"author":244,"featured_media":699,"parent":687,"menu_order":0,"comment_status":"closed","ping_status":"closed","template":"template-single-service.php","meta":{"footnotes":""},"categories":[],"yoast_head":"<!-- This site is optimized with the Yoast SEO plugin v22.3 - https:\/\/yoast.com\/wordpress\/plugins\/seo\/ -->\n<title>Bel Marina Hoi An Resort Vinh d\u1ef1 nh\u1eadn gi\u1ea3i th\u01b0\u1edfng Agoda Gold Circle 2025 - Bel Marina Hoi An<\/title>\n<meta name=\"robots\" content=\"index, follow, max-snippet:-1, max-image-preview:large, max-video-preview:-1\" \/>\n<link rel=\"canonical\" href=\"https:\/\/www.belmarinahoian.com\/vi\/tin-tuc-giai-thuong\/bel-marina-hoi-an-resort-vinh-du-nhan-giai-thuong-agoda-gold-circle-2025\/\" \/>\n<meta property=\"og:locale\" content=\"vi_VN\" \/>\n<meta property=\"og:type\" content=\"article\" \/>\n<meta property=\"og:title\" content=\"Bel Marina Hoi An Resort Vinh d\u1ef1 nh\u1eadn gi\u1ea3i th\u01b0\u1edfng Agoda Gold Circle 2025 - Bel Marina Hoi An\" \/>\n<meta property=\"og:description\" content=\"Bel Marina Hoi An Resort t\u1ef1 h\u00e0o \u0111\u01b0\u1ee3c vinh danh l\u00e0 Agoda Gold Circle Award Winner 2025, gi\u1ea3i th\u01b0\u1edfng danh gi\u00e1 d\u00e0nh cho nh\u1eefng kh\u00e1ch s\u1ea1n c\u00f3 ch\u1ea5t l\u01b0\u1ee3ng d\u1ecbch v\u1ee5 xu\u1ea5t s\u1eafc, hi\u1ec7u su\u1ea5t ho\u1ea1t \u0111\u1ed9ng n\u1ed5i b\u1eadt v\u00e0 s\u1ef1 h\u1ee3p t\u00e1c b\u1ec1n v\u1eefng c\u00f9ng Agoda. Danh hi\u1ec7u n\u00e0y l\u00e0 minh ch\u1ee9ng cho s\u1ef1 [&hellip;]\" \/>\n<meta property=\"og:url\" content=\"https:\/\/www.belmarinahoian.com\/vi\/tin-tuc-giai-thuong\/bel-marina-hoi-an-resort-vinh-du-nhan-giai-thuong-agoda-gold-circle-2025\/\" \/>\n<meta property=\"og:site_name\" content=\"Bel Marina Hoi An\" \/>\n<meta property=\"article:publisher\" content=\"https:\/\/www.facebook.com\/belmarinahoian.official\" \/>\n<meta property=\"article:modified_time\" content=\"2026-04-15T01:27:26+00:00\" \/>\n<meta property=\"og:image\" content=\"https:\/\/www.belmarinahoian.com\/wp-content\/uploads\/sites\/132\/2026\/04\/656979536_122249840384099635_4713934514175052336_n.jpg\" \/>\n\t<meta property=\"og:image:width\" content=\"2048\" \/>\n\t<meta property=\"og:image:height\" content=\"1365\" \/>\n\t<meta property=\"og:image:type\" content=\"image\/jpeg\" \/>\n<meta name=\"twitter:card\" content=\"summary_large_image\" \/>\n<meta name=\"twitter:label1\" content=\"Est. reading time\" \/>\n\t<meta name=\"twitter:data1\" content=\"1 minute\" \/>\n<script type=\"application\/ld+json\" class=\"yoast-schema-graph\">{\"@context\":\"https:\/\/schema.org\",\"@graph\":[{\"@type\":\"WebPage\",\"@id\":\"https:\/\/www.belmarinahoian.com\/vi\/tin-tuc-giai-thuong\/bel-marina-hoi-an-resort-vinh-du-nhan-giai-thuong-agoda-gold-circle-2025\/\",\"url\":\"https:\/\/www.belmarinahoian.com\/vi\/tin-tuc-giai-thuong\/bel-marina-hoi-an-resort-vinh-du-nhan-giai-thuong-agoda-gold-circle-2025\/\",\"name\":\"Bel Marina Hoi An Resort Vinh d\u1ef1 nh\u1eadn gi\u1ea3i th\u01b0\u1edfng Agoda Gold Circle 2025 - Bel Marina Hoi An\",\"isPartOf\":{\"@id\":\"https:\/\/www.belmarinahoian.com\/vi\/#website\"},\"primaryImageOfPage\":{\"@id\":\"https:\/\/www.belmarinahoian.com\/vi\/tin-tuc-giai-thuong\/bel-marina-hoi-an-resort-vinh-du-nhan-giai-thuong-agoda-gold-circle-2025\/#primaryimage\"},\"image\":{\"@id\":\"https:\/\/www.belmarinahoian.com\/vi\/tin-tuc-giai-thuong\/bel-marina-hoi-an-resort-vinh-du-nhan-giai-thuong-agoda-gold-circle-2025\/#primaryimage\"},\"thumbnailUrl\":\"https:\/\/www.belmarinahoian.com\/wp-content\/uploads\/sites\/132\/2026\/04\/656979536_122249840384099635_4713934514175052336_n.jpg\",\"datePublished\":\"2026-04-13T09:19:36+00:00\",\"dateModified\":\"2026-04-15T01:27:26+00:00\",\"breadcrumb\":{\"@id\":\"https:\/\/www.belmarinahoian.com\/vi\/tin-tuc-giai-thuong\/bel-marina-hoi-an-resort-vinh-du-nhan-giai-thuong-agoda-gold-circle-2025\/#breadcrumb\"},\"inLanguage\":\"vi-VN\",\"potentialAction\":[{\"@type\":\"ReadAction\",\"target\":[\"https:\/\/www.belmarinahoian.com\/vi\/tin-tuc-giai-thuong\/bel-marina-hoi-an-resort-vinh-du-nhan-giai-thuong-agoda-gold-circle-2025\/\"]}]},{\"@type\":\"ImageObject\",\"inLanguage\":\"vi-VN\",\"@id\":\"https:\/\/www.belmarinahoian.com\/vi\/tin-tuc-giai-thuong\/bel-marina-hoi-an-resort-vinh-du-nhan-giai-thuong-agoda-gold-circle-2025\/#primaryimage\",\"url\":\"https:\/\/www.belmarinahoian.com\/wp-content\/uploads\/sites\/132\/2026\/04\/656979536_122249840384099635_4713934514175052336_n.jpg\",\"contentUrl\":\"https:\/\/www.belmarinahoian.com\/wp-content\/uploads\/sites\/132\/2026\/04\/656979536_122249840384099635_4713934514175052336_n.jpg\",\"width\":2048,\"height\":1365},{\"@type\":\"BreadcrumbList\",\"@id\":\"https:\/\/www.belmarinahoian.com\/vi\/tin-tuc-giai-thuong\/bel-marina-hoi-an-resort-vinh-du-nhan-giai-thuong-agoda-gold-circle-2025\/#breadcrumb\",\"itemListElement\":[{\"@type\":\"ListItem\",\"position\":1,\"name\":\"Home\",\"item\":\"https:\/\/www.belmarinahoian.com\/vi\/\"},{\"@type\":\"ListItem\",\"position\":2,\"name\":\"Gi\u1ea3i Th\u01b0\u1edfng\",\"item\":\"https:\/\/www.belmarinahoian.com\/vi\/tin-tuc-giai-thuong\/\"},{\"@type\":\"ListItem\",\"position\":3,\"name\":\"Bel Marina Hoi An Resort Vinh d\u1ef1 nh\u1eadn gi\u1ea3i th\u01b0\u1edfng Agoda Gold Circle 2025\"}]},{\"@type\":\"WebSite\",\"@id\":\"https:\/\/www.belmarinahoian.com\/vi\/#website\",\"url\":\"https:\/\/www.belmarinahoian.com\/vi\/\",\"name\":\"Bel Marina Hoi An\",\"description\":\"\",\"potentialAction\":[{\"@type\":\"SearchAction\",\"target\":{\"@type\":\"EntryPoint\",\"urlTemplate\":\"https:\/\/www.belmarinahoian.com\/vi\/?s={search_term_string}\"},\"query-input\":\"required name=search_term_string\"}],\"inLanguage\":\"vi-VN\"}]}<\/script>\n<!-- \/ Yoast SEO plugin. -->","yoast_head_json":{"title":"Bel Marina Hoi An Resort Vinh d\u1ef1 nh\u1eadn gi\u1ea3i th\u01b0\u1edfng Agoda Gold Circle 2025 - Bel Marina Hoi An","robots":{"index":"index","follow":"follow","max-snippet":"max-snippet:-1","max-image-preview":"max-image-preview:large","max-video-preview":"max-video-preview:-1"},"canonical":"https:\/\/www.belmarinahoian.com\/vi\/tin-tuc-giai-thuong\/bel-marina-hoi-an-resort-vinh-du-nhan-giai-thuong-agoda-gold-circle-2025\/","og_locale":"vi_VN","og_type":"article","og_title":"Bel Marina Hoi An Resort Vinh d\u1ef1 nh\u1eadn gi\u1ea3i th\u01b0\u1edfng Agoda Gold Circle 2025 - Bel Marina Hoi An","og_description":"Bel Marina Hoi An Resort t\u1ef1 h\u00e0o \u0111\u01b0\u1ee3c vinh danh l\u00e0 Agoda Gold Circle Award Winner 2025, gi\u1ea3i th\u01b0\u1edfng danh gi\u00e1 d\u00e0nh cho nh\u1eefng kh\u00e1ch s\u1ea1n c\u00f3 ch\u1ea5t l\u01b0\u1ee3ng d\u1ecbch v\u1ee5 xu\u1ea5t s\u1eafc, hi\u1ec7u su\u1ea5t ho\u1ea1t \u0111\u1ed9ng n\u1ed5i b\u1eadt v\u00e0 s\u1ef1 h\u1ee3p t\u00e1c b\u1ec1n v\u1eefng c\u00f9ng Agoda. Danh hi\u1ec7u n\u00e0y l\u00e0 minh ch\u1ee9ng cho s\u1ef1 [&hellip;]","og_url":"https:\/\/www.belmarinahoian.com\/vi\/tin-tuc-giai-thuong\/bel-marina-hoi-an-resort-vinh-du-nhan-giai-thuong-agoda-gold-circle-2025\/","og_site_name":"Bel Marina Hoi An","article_publisher":"https:\/\/www.facebook.com\/belmarinahoian.official","article_modified_time":"2026-04-15T01:27:26+00:00","og_image":[{"width":2048,"height":1365,"url":"https:\/\/www.belmarinahoian.com\/wp-content\/uploads\/sites\/132\/2026\/04\/656979536_122249840384099635_4713934514175052336_n.jpg","type":"image\/jpeg"}],"twitter_card":"summary_large_image","twitter_misc":{"Est. reading time":"1 minute"},"schema":{"@context":"https:\/\/schema.org","@graph":[{"@type":"WebPage","@id":"https:\/\/www.belmarinahoian.com\/vi\/tin-tuc-giai-thuong\/bel-marina-hoi-an-resort-vinh-du-nhan-giai-thuong-agoda-gold-circle-2025\/","url":"https:\/\/www.belmarinahoian.com\/vi\/tin-tuc-giai-thuong\/bel-marina-hoi-an-resort-vinh-du-nhan-giai-thuong-agoda-gold-circle-2025\/","name":"Bel Marina Hoi An Resort Vinh d\u1ef1 nh\u1eadn gi\u1ea3i th\u01b0\u1edfng Agoda Gold Circle 2025 - Bel Marina Hoi An","isPartOf":{"@id":"https:\/\/www.belmarinahoian.com\/vi\/#website"},"primaryImageOfPage":{"@id":"https:\/\/www.belmarinahoian.com\/vi\/tin-tuc-giai-thuong\/bel-marina-hoi-an-resort-vinh-du-nhan-giai-thuong-agoda-gold-circle-2025\/#primaryimage"},"image":{"@id":"https:\/\/www.belmarinahoian.com\/vi\/tin-tuc-giai-thuong\/bel-marina-hoi-an-resort-vinh-du-nhan-giai-thuong-agoda-gold-circle-2025\/#primaryimage"},"thumbnailUrl":"https:\/\/www.belmarinahoian.com\/wp-content\/uploads\/sites\/132\/2026\/04\/656979536_122249840384099635_4713934514175052336_n.jpg","datePublished":"2026-04-13T09:19:36+00:00","dateModified":"2026-04-15T01:27:26+00:00","breadcrumb":{"@id":"https:\/\/www.belmarinahoian.com\/vi\/tin-tuc-giai-thuong\/bel-marina-hoi-an-resort-vinh-du-nhan-giai-thuong-agoda-gold-circle-2025\/#breadcrumb"},"inLanguage":"vi-VN","potentialAction":[{"@type":"ReadAction","target":["https:\/\/www.belmarinahoian.com\/vi\/tin-tuc-giai-thuong\/bel-marina-hoi-an-resort-vinh-du-nhan-giai-thuong-agoda-gold-circle-2025\/"]}]},{"@type":"ImageObject","inLanguage":"vi-VN","@id":"https:\/\/www.belmarinahoian.com\/vi\/tin-tuc-giai-thuong\/bel-marina-hoi-an-resort-vinh-du-nhan-giai-thuong-agoda-gold-circle-2025\/#primaryimage","url":"https:\/\/www.belmarinahoian.com\/wp-content\/uploads\/sites\/132\/2026\/04\/656979536_122249840384099635_4713934514175052336_n.jpg","contentUrl":"https:\/\/www.belmarinahoian.com\/wp-content\/uploads\/sites\/132\/2026\/04\/656979536_122249840384099635_4713934514175052336_n.jpg","width":2048,"height":1365},{"@type":"BreadcrumbList","@id":"https:\/\/www.belmarinahoian.com\/vi\/tin-tuc-giai-thuong\/bel-marina-hoi-an-resort-vinh-du-nhan-giai-thuong-agoda-gold-circle-2025\/#breadcrumb","itemListElement":[{"@type":"ListItem","position":1,"name":"Home","item":"https:\/\/www.belmarinahoian.com\/vi\/"},{"@type":"ListItem","position":2,"name":"Gi\u1ea3i Th\u01b0\u1edfng","item":"https:\/\/www.belmarinahoian.com\/vi\/tin-tuc-giai-thuong\/"},{"@type":"ListItem","position":3,"name":"Bel Marina Hoi An Resort Vinh d\u1ef1 nh\u1eadn gi\u1ea3i th\u01b0\u1edfng Agoda Gold Circle 2025"}]},{"@type":"WebSite","@id":"https:\/\/www.belmarinahoian.com\/vi\/#website","url":"https:\/\/www.belmarinahoian.com\/vi\/","name":"Bel Marina Hoi An","description":"","potentialAction":[{"@type":"SearchAction","target":{"@type":"EntryPoint","urlTemplate":"https:\/\/www.belmarinahoian.com\/vi\/?s={search_term_string}"},"query-input":"required name=search_term_string"}],"inLanguage":"vi-VN"}]}},"acf":[],"_links":{"self":[{"href":"https:\/\/www.belmarinahoian.com\/vi\/wp-json\/wp\/v2\/pages\/698"}],"collection":[{"href":"https:\/\/www.belmarinahoian.com\/vi\/wp-json\/wp\/v2\/pages"}],"about":[{"href":"https:\/\/www.belmarinahoian.com\/vi\/wp-json\/wp\/v2\/types\/page"}],"author":[{"embeddable":true,"href":"https:\/\/www.belmarinahoian.com\/vi\/wp-json\/wp\/v2\/users\/244"}],"replies":[{"embeddable":true,"href":"https:\/\/www.belmarinahoian.com\/vi\/wp-json\/wp\/v2\/comments?post=698"}],"version-history":[{"count":0,"href":"https:\/\/www.belmarinahoian.com\/vi\/wp-json\/wp\/v2\/pages\/698\/revisions"}],"up":[{"embeddable":true,"href":"https:\/\/www.belmarinahoian.com\/vi\/wp-json\/wp\/v2\/pages\/687"}],"wp:featuredmedia":[{"embeddable":true,"href":"https:\/\/www.belmarinahoian.com\/vi\/wp-json\/wp\/v2\/media\/699"}],"wp:attachment":[{"href":"https:\/\/www.belmarinahoian.com\/vi\/wp-json\/wp\/v2\/media?parent=698"}],"wp:term":[{"taxonomy":"category","embeddable":true,"href":"https:\/\/www.belmarinahoian.com\/vi\/wp-json\/wp\/v2\/categories?post=698"}],"curies":[{"name":"wp","href":"https:\/\/api.w.org\/{rel}","templated":true}]}}