{"id":691,"date":"2024-04-13T09:11:44","date_gmt":"2024-04-13T09:11:44","guid":{"rendered":"https:\/\/www.belmarinahoian.com\/?page_id=691"},"modified":"2026-04-15T01:35:49","modified_gmt":"2026-04-15T01:35:49","slug":"bel-marina-hoi-an-resort-duoc-vinh-danh-tai-world-luxury-hotels-2024","status":"publish","type":"page","link":"https:\/\/www.belmarinahoian.com\/vi\/tin-tuc-giai-thuong\/bel-marina-hoi-an-resort-duoc-vinh-danh-tai-world-luxury-hotels-2024\/","title":{"rendered":"Bel Marina Hoi An Resort \u0111\u01b0\u1ee3c vinh danh t\u1ea1i World Luxury Hotels 2024"},"content":{"rendered":"<p class=\"description\">Bel Marina Hoi An Resort \u0111o\u1ea1t c\u00fa \u0111\u00fap gi\u1ea3i th\u01b0\u1edfng t\u1ea1i World Luxury Hotel Awards l\u1ea7n 18, \u1edf Bali, Indonesia, h\u00f4m 21\/10.<\/p>\n<article class=\"fck_detail \">\n<p class=\"Normal\">Doanh nghi\u1ec7p l\u1ea7n l\u01b0\u1ee3t \u0111\u01b0\u1ee3c vinh danh hai h\u1ea1ng m\u1ee5c &#8220;Khu ngh\u1ec9 d\u01b0\u1ee1ng v\u0103n h\u00f3a sang tr\u1ecdng&#8221; v\u00e0 &#8220;Khu ngh\u1ec9 d\u01b0\u1ee1ng ven s\u00f4ng sang tr\u1ecdng&#8221;. T\u1ed5ng qu\u1ea3n l\u00fd Robert Menzies Francis cho bi\u1ebft ph\u1ea5n kh\u1edfi khi c\u1ed1ng hi\u1ebfn kh\u00f4ng ng\u1eebng ngh\u1ec9 c\u1ee7a \u0111\u1ed9i ng\u0169 nh\u00e2n vi\u00ean v\u00e0 ban qu\u1ea3n l\u00fd kh\u00e1ch s\u1ea1n \u0111\u01b0\u1ee3c ghi nh\u1eadn.<\/p>\n<p class=\"Normal\">&#8220;Gi\u1ea3i th\u01b0\u1edfng n\u00e0y \u0111\u1ed3ng th\u1eddi l\u00e0 l\u1eddi c\u1ea3m \u01a1n s\u00e2u s\u1eafc c\u1ee7a to\u00e0n th\u1ec3 kh\u00e1ch s\u1ea1n v\u1edbi qu\u00fd \u0111\u1ed1i t\u00e1c, kh\u00e1ch h\u00e0ng lu\u00f4n \u1ee7ng h\u1ed9, tin y\u00eau su\u1ed1t hai n\u0103m qua&#8221;, \u00f4ng Robert Menzies Francis n\u00f3i th\u00eam.<\/p>\n<p style=\"text-align: center\"><img loading=\"lazy\" decoding=\"async\" class=\"alignnone wp-image-705\" src=\"https:\/\/www.belmarinahoian.com\/wp-content\/uploads\/sites\/132\/2026\/04\/bel-marina-hoi-an-resort-duoc-vinh-danh-tai-world-luxury-hot-1730370939-1-300x198.png\" alt=\"\" width=\"445\" height=\"294\" srcset=\"https:\/\/www.belmarinahoian.com\/wp-content\/uploads\/sites\/132\/2026\/04\/bel-marina-hoi-an-resort-duoc-vinh-danh-tai-world-luxury-hot-1730370939-1-300x198.png 300w, https:\/\/www.belmarinahoian.com\/wp-content\/uploads\/sites\/132\/2026\/04\/bel-marina-hoi-an-resort-duoc-vinh-danh-tai-world-luxury-hot-1730370939-1-1024x674.png 1024w, https:\/\/www.belmarinahoian.com\/wp-content\/uploads\/sites\/132\/2026\/04\/bel-marina-hoi-an-resort-duoc-vinh-danh-tai-world-luxury-hot-1730370939-1-768x506.png 768w, https:\/\/www.belmarinahoian.com\/wp-content\/uploads\/sites\/132\/2026\/04\/bel-marina-hoi-an-resort-duoc-vinh-danh-tai-world-luxury-hot-1730370939-1-200x132.png 200w, https:\/\/www.belmarinahoian.com\/wp-content\/uploads\/sites\/132\/2026\/04\/bel-marina-hoi-an-resort-duoc-vinh-danh-tai-world-luxury-hot-1730370939-1-600x395.png 600w, https:\/\/www.belmarinahoian.com\/wp-content\/uploads\/sites\/132\/2026\/04\/bel-marina-hoi-an-resort-duoc-vinh-danh-tai-world-luxury-hot-1730370939-1-1000x658.png 1000w, https:\/\/www.belmarinahoian.com\/wp-content\/uploads\/sites\/132\/2026\/04\/bel-marina-hoi-an-resort-duoc-vinh-danh-tai-world-luxury-hot-1730370939-1.png 1200w\" sizes=\"(max-width: 445px) 100vw, 445px\" \/><\/p>\n<\/article>\n<article class=\"fck_detail \">\n<p class=\"Normal\">Kh\u00f4ng ch\u1ec9 \u0111\u01b0\u1ee3c ban t\u1ed5 ch\u1ee9c World Luxury Hotels 2024 \u0111\u00e1nh gi\u00e1 cao,\u00a0<a href=\"https:\/\/belmarinahoian.com\/?utm_source=vnexpress&amp;utm_medium=pr\" target=\"_blank\" rel=\"nofollow noopener\">Bel Marina Hoi An Resort\u00a0<\/a>c\u00f2n \u0111\u1ea1t nh\u1eadn ch\u1ee9ng nh\u1eadn 5 sao n\u0103m 2023 t\u1eeb C\u1ee5c Du l\u1ecbch Qu\u1ed1c gia Vi\u1ec7t Nam.<\/p>\n<p class=\"Normal\">N\u1eb1m b\u00ean d\u00f2ng s\u00f4ng Thu B\u1ed3n, c\u00e1ch trung t\u00e2m ph\u1ed1 c\u1ed5 5 ph\u00fat \u0111i b\u1ed9, khu ngh\u1ec9 d\u01b0\u1ee1ng pha tr\u1ed9n n\u00e9t duy\u00ean d\u00e1ng ch\u00e2u \u00c2u v\u00e0 truy\u1ec1n th\u1ed1ng \u00c1 \u0110\u00f4ng, d\u1eabn d\u1eaft du kh\u00e1ch qua lo\u1ea1t tr\u1ea3i nghi\u1ec7m \u0111\u1eadm ch\u1ea5t H\u1ed9i An, v\u1ebb \u0111\u1eb7c tr\u01b0ng c\u1ee7a v\u00f9ng \u0111\u1ea5t mi\u1ec1n Trung y\u00ean b\u00ecnh.<\/p>\n<p style=\"text-align: center\"><img loading=\"lazy\" decoding=\"async\" class=\"alignnone wp-image-651\" src=\"https:\/\/www.belmarinahoian.com\/wp-content\/uploads\/sites\/132\/2026\/04\/Overview_3-1-300x225.jpg\" alt=\"\" width=\"429\" height=\"322\" srcset=\"https:\/\/www.belmarinahoian.com\/wp-content\/uploads\/sites\/132\/2026\/04\/Overview_3-1-300x225.jpg 300w, https:\/\/www.belmarinahoian.com\/wp-content\/uploads\/sites\/132\/2026\/04\/Overview_3-1-1024x767.jpg 1024w, https:\/\/www.belmarinahoian.com\/wp-content\/uploads\/sites\/132\/2026\/04\/Overview_3-1-768x575.jpg 768w, https:\/\/www.belmarinahoian.com\/wp-content\/uploads\/sites\/132\/2026\/04\/Overview_3-1-1536x1150.jpg 1536w, https:\/\/www.belmarinahoian.com\/wp-content\/uploads\/sites\/132\/2026\/04\/Overview_3-1-2048x1533.jpg 2048w, https:\/\/www.belmarinahoian.com\/wp-content\/uploads\/sites\/132\/2026\/04\/Overview_3-1-200x150.jpg 200w, https:\/\/www.belmarinahoian.com\/wp-content\/uploads\/sites\/132\/2026\/04\/Overview_3-1-600x449.jpg 600w, https:\/\/www.belmarinahoian.com\/wp-content\/uploads\/sites\/132\/2026\/04\/Overview_3-1-1000x749.jpg 1000w\" sizes=\"(max-width: 429px) 100vw, 429px\" \/><\/p>\n<p class=\"Normal\">Khu ngh\u1ec9 d\u01b0\u1ee1ng c\u00f3 ba phong c\u00e1ch thi\u1ebft k\u1ebf ri\u00eang bi\u1ec7t: ph\u00f2ng ngh\u1ec9 khu Bel Marina l\u00e0 s\u1eafc cam c\u1ed5 \u0111i\u1ec3n, m\u00e0u xanh t\u1eeb c\u00e1nh Premier, gam t\u00edm v\u1edbi bi\u1ec7t th\u1ef1 ri\u00eang t\u01b0. 190 ph\u00f2ng ngh\u1ec9, suit c\u00f9ng 12 bi\u1ec7t th\u1ef1 mang \u0111\u1ebfn l\u1ef1a ch\u1ecdn ngh\u1ec9 d\u01b0\u1ee1ng \u0111a d\u1ea1ng, th\u00fa v\u1ecb.<\/p>\n<p style=\"text-align: center\"><img loading=\"lazy\" decoding=\"async\" class=\"alignnone wp-image-341\" src=\"https:\/\/www.belmarinahoian.com\/wp-content\/uploads\/sites\/132\/2025\/12\/613p-Premier-Deluxe-River-View_1-300x220.jpg\" alt=\"\" width=\"376\" height=\"276\" srcset=\"https:\/\/www.belmarinahoian.com\/wp-content\/uploads\/sites\/132\/2025\/12\/613p-Premier-Deluxe-River-View_1-300x220.jpg 300w, https:\/\/www.belmarinahoian.com\/wp-content\/uploads\/sites\/132\/2025\/12\/613p-Premier-Deluxe-River-View_1-1024x750.jpg 1024w, https:\/\/www.belmarinahoian.com\/wp-content\/uploads\/sites\/132\/2025\/12\/613p-Premier-Deluxe-River-View_1-768x563.jpg 768w, https:\/\/www.belmarinahoian.com\/wp-content\/uploads\/sites\/132\/2025\/12\/613p-Premier-Deluxe-River-View_1-1536x1125.jpg 1536w, https:\/\/www.belmarinahoian.com\/wp-content\/uploads\/sites\/132\/2025\/12\/613p-Premier-Deluxe-River-View_1-2048x1501.jpg 2048w, https:\/\/www.belmarinahoian.com\/wp-content\/uploads\/sites\/132\/2025\/12\/613p-Premier-Deluxe-River-View_1-200x147.jpg 200w, https:\/\/www.belmarinahoian.com\/wp-content\/uploads\/sites\/132\/2025\/12\/613p-Premier-Deluxe-River-View_1-600x440.jpg 600w, https:\/\/www.belmarinahoian.com\/wp-content\/uploads\/sites\/132\/2025\/12\/613p-Premier-Deluxe-River-View_1-1000x733.jpg 1000w\" sizes=\"(max-width: 376px) 100vw, 376px\" \/><\/p>\n<p class=\"Normal\">Th\u1ef1c kh\u00e1ch c\u00f3 th\u1ec3 th\u01b0\u1edfng th\u1ee9c c\u00e1c m\u00f3n \u00c2u &#8211; \u00c1 t\u1ea1i c\u00e1c nh\u00e0 h\u00e0ng nh\u01b0 Thu B\u1ed3n, Bel &amp; Terrace hay \u0111\u1eb7c s\u1ea3n trong kh\u00f4ng gian m\u1ed9c m\u1ea1c c\u1ee7a nh\u00e0 h\u00e0ng Qu\u1ea3ng. H\u1ed3 b\u01a1i v\u00f4 c\u1ef1c ngo\u00e0i tr\u1eddi 550 m2 l\u1edbn nh\u1ea5t H\u1ed9i An l\u00e0 \u0111i\u1ec3m c\u1ed9ng. Ngo\u00e0i ra, tr\u1ea3i nghi\u1ec7m t\u1ea1i Sky Pool, h\u1ed3 b\u01a1i t\u1ea7ng th\u01b0\u1ee3ng tr\u00e0n vi\u1ec1n v\u1edbi t\u1ea7m nh\u00ecn 360 \u0111\u1ed9 h\u01b0\u1edbng s\u00f4ng Thu B\u1ed3n v\u00e0 ph\u1ed1 c\u1ed5.<\/p>\n<p style=\"text-align: center\"><img loading=\"lazy\" decoding=\"async\" class=\"alignnone wp-image-609\" src=\"https:\/\/www.belmarinahoian.com\/wp-content\/uploads\/sites\/132\/2026\/04\/Sky-Pool-Bar_5-300x199.jpg\" alt=\"\" width=\"380\" height=\"252\" srcset=\"https:\/\/www.belmarinahoian.com\/wp-content\/uploads\/sites\/132\/2026\/04\/Sky-Pool-Bar_5-300x199.jpg 300w, https:\/\/www.belmarinahoian.com\/wp-content\/uploads\/sites\/132\/2026\/04\/Sky-Pool-Bar_5-1024x680.jpg 1024w, https:\/\/www.belmarinahoian.com\/wp-content\/uploads\/sites\/132\/2026\/04\/Sky-Pool-Bar_5-768x510.jpg 768w, https:\/\/www.belmarinahoian.com\/wp-content\/uploads\/sites\/132\/2026\/04\/Sky-Pool-Bar_5-1536x1019.jpg 1536w, https:\/\/www.belmarinahoian.com\/wp-content\/uploads\/sites\/132\/2026\/04\/Sky-Pool-Bar_5-2048x1359.jpg 2048w, https:\/\/www.belmarinahoian.com\/wp-content\/uploads\/sites\/132\/2026\/04\/Sky-Pool-Bar_5-200x133.jpg 200w, https:\/\/www.belmarinahoian.com\/wp-content\/uploads\/sites\/132\/2026\/04\/Sky-Pool-Bar_5-600x398.jpg 600w, https:\/\/www.belmarinahoian.com\/wp-content\/uploads\/sites\/132\/2026\/04\/Sky-Pool-Bar_5-1000x664.jpg 1000w\" sizes=\"(max-width: 380px) 100vw, 380px\" \/><\/p>\n<p class=\"Normal\">Ra m\u1eaft n\u0103m 2006, World Luxury Hotel Awards \u0111\u01b0\u1ee3c xem l\u00e0 &#8220;C\u00e0nh c\u1ecd v\u00e0ng&#8221; c\u1ee7a ng\u00e0nh du l\u1ecbch, nh\u1eb1m ghi nh\u1eadn, t\u00f4n vinh t\u00ean tu\u1ed5i xu\u1ea5t s\u1eafc to\u00e0n c\u1ea7u. \u0110\u1ebfn nay, gi\u1ea3i th\u01b0\u1edfng th\u01b0\u1eddng ni\u00ean n\u00e0y \u0111\u01b0\u1ee3c \u0111\u00e1nh gi\u00e1, b\u00ecnh ch\u1ecdn b\u1edfi d\u00e0n chuy\u00ean gia, ng\u01b0\u1eddi ti\u00eau d\u00f9ng th\u1ebf gi\u1edbi.<\/p>\n<p class=\"Normal\"><a href=\"https:\/\/belgroup.com.vn\/vi\/\" target=\"_blank\" rel=\"nofollow noopener\">Bel Group Hospitality<\/a>\u00a0l\u00e0 \u0111\u01a1n v\u1ecb t\u01b0 v\u1ea5n, qu\u1ea3n l\u00fd v\u00e0 v\u1eadn h\u00e0nh Bel Marina Hoi An Resort, \u0111\u1ebfn t\u1eeb Th\u00e1i Lan, c\u00f3 tr\u1ee5 s\u1edf ch\u00ednh t\u1ea1i TP HCM. Hi\u1ec7n \u0111\u01a1n v\u1ecb v\u1eadn h\u00e0nh c\u00e1c \u0111i\u1ec3m \u0111\u1ebfn h\u00e0ng \u0111\u1ea7u trong n\u01b0\u1edbc \u1edf \u0110\u00e0 N\u1eb5ng, H\u1ed9i An, Nha Trang, Phan Thi\u1ebft.<\/p>\n<p class=\"Normal\">V\u1edbi ti\u00eau ch\u00ed li\u00ean t\u1ee5c c\u1ea3i ti\u1ebfn ch\u1ea5t l\u01b0\u1ee3ng d\u1ecbch v\u1ee5, \u0111a d\u1ea1ng h\u00f3a s\u1ea3n ph\u1ea9m \u0111\u1ec3 \u0111\u00e1p \u1ee9ng nhu c\u1ea7u ng\u00e0y c\u00e0ng cao c\u1ee7a th\u1ecb tr\u01b0\u1eddng du l\u1ecbch &#8211; ngh\u1ec9 d\u01b0\u1ee1ng cao c\u1ea5p, Bel Group Hospitality ch\u00fa tr\u1ecdng x\u00e2y d\u1ef1ng tr\u1ea3i nghi\u1ec7m \u0111\u1ed9c \u0111\u00e1o, \u0111\u1eadm d\u1ea5u \u1ea5n t\u1eebng \u0111\u1ecba ph\u01b0\u01a1ng.<\/p>\n<\/article>\n<p>&nbsp;<\/p>\n<p>Ngu\u1ed3n: VnExpress<\/p>\n","protected":false},"excerpt":{"rendered":"<p>Bel Marina Hoi An Resort \u0111o\u1ea1t c\u00fa \u0111\u00fap gi\u1ea3i th\u01b0\u1edfng t\u1ea1i World Luxury Hotel Awards l\u1ea7n 18, \u1edf Bali, Indonesia, h\u00f4m 21\/10. Doanh nghi\u1ec7p l\u1ea7n l\u01b0\u1ee3t \u0111\u01b0\u1ee3c vinh danh hai h\u1ea1ng m\u1ee5c &#8220;Khu ngh\u1ec9 d\u01b0\u1ee1ng v\u0103n h\u00f3a sang tr\u1ecdng&#8221; v\u00e0 &#8220;Khu ngh\u1ec9 d\u01b0\u1ee1ng ven s\u00f4ng sang tr\u1ecdng&#8221;. T\u1ed5ng qu\u1ea3n l\u00fd Robert Menzies Francis cho bi\u1ebft [&hellip;]<\/p>\n","protected":false},"author":244,"featured_media":694,"parent":687,"menu_order":1,"comment_status":"closed","ping_status":"closed","template":"template-single-service.php","meta":{"footnotes":""},"categories":[],"yoast_head":"<!-- This site is optimized with the Yoast SEO plugin v22.3 - https:\/\/yoast.com\/wordpress\/plugins\/seo\/ -->\n<title>Bel Marina Hoi An Resort \u0111\u01b0\u1ee3c vinh danh t\u1ea1i World Luxury Hotels 2024 - Bel Marina Hoi An<\/title>\n<meta name=\"robots\" content=\"index, follow, max-snippet:-1, max-image-preview:large, max-video-preview:-1\" \/>\n<link rel=\"canonical\" href=\"https:\/\/www.belmarinahoian.com\/vi\/tin-tuc-giai-thuong\/bel-marina-hoi-an-resort-duoc-vinh-danh-tai-world-luxury-hotels-2024\/\" \/>\n<meta property=\"og:locale\" content=\"vi_VN\" \/>\n<meta property=\"og:type\" content=\"article\" \/>\n<meta property=\"og:title\" content=\"Bel Marina Hoi An Resort \u0111\u01b0\u1ee3c vinh danh t\u1ea1i World Luxury Hotels 2024 - Bel Marina Hoi An\" \/>\n<meta property=\"og:description\" content=\"Bel Marina Hoi An Resort \u0111o\u1ea1t c\u00fa \u0111\u00fap gi\u1ea3i th\u01b0\u1edfng t\u1ea1i World Luxury Hotel Awards l\u1ea7n 18, \u1edf Bali, Indonesia, h\u00f4m 21\/10. Doanh nghi\u1ec7p l\u1ea7n l\u01b0\u1ee3t \u0111\u01b0\u1ee3c vinh danh hai h\u1ea1ng m\u1ee5c &#8220;Khu ngh\u1ec9 d\u01b0\u1ee1ng v\u0103n h\u00f3a sang tr\u1ecdng&#8221; v\u00e0 &#8220;Khu ngh\u1ec9 d\u01b0\u1ee1ng ven s\u00f4ng sang tr\u1ecdng&#8221;. T\u1ed5ng qu\u1ea3n l\u00fd Robert Menzies Francis cho bi\u1ebft [&hellip;]\" \/>\n<meta property=\"og:url\" content=\"https:\/\/www.belmarinahoian.com\/vi\/tin-tuc-giai-thuong\/bel-marina-hoi-an-resort-duoc-vinh-danh-tai-world-luxury-hotels-2024\/\" \/>\n<meta property=\"og:site_name\" content=\"Bel Marina Hoi An\" \/>\n<meta property=\"article:publisher\" content=\"https:\/\/www.facebook.com\/belmarinahoian.official\" \/>\n<meta property=\"article:modified_time\" content=\"2026-04-15T01:35:49+00:00\" \/>\n<meta property=\"og:image\" content=\"https:\/\/www.belmarinahoian.com\/wp-content\/uploads\/sites\/132\/2026\/04\/bel-marina-hoi-an-infinity-poo-2353-4452-1730428974-1024x683.png\" \/>\n\t<meta property=\"og:image:width\" content=\"1024\" \/>\n\t<meta property=\"og:image:height\" content=\"683\" \/>\n\t<meta property=\"og:image:type\" content=\"image\/png\" \/>\n<meta name=\"twitter:card\" content=\"summary_large_image\" \/>\n<meta name=\"twitter:label1\" content=\"Est. reading time\" \/>\n\t<meta name=\"twitter:data1\" content=\"4 minutes\" \/>\n<script type=\"application\/ld+json\" class=\"yoast-schema-graph\">{\"@context\":\"https:\/\/schema.org\",\"@graph\":[{\"@type\":\"WebPage\",\"@id\":\"https:\/\/www.belmarinahoian.com\/vi\/tin-tuc-giai-thuong\/bel-marina-hoi-an-resort-duoc-vinh-danh-tai-world-luxury-hotels-2024\/\",\"url\":\"https:\/\/www.belmarinahoian.com\/vi\/tin-tuc-giai-thuong\/bel-marina-hoi-an-resort-duoc-vinh-danh-tai-world-luxury-hotels-2024\/\",\"name\":\"Bel Marina Hoi An Resort \u0111\u01b0\u1ee3c vinh danh t\u1ea1i World Luxury Hotels 2024 - Bel Marina Hoi An\",\"isPartOf\":{\"@id\":\"https:\/\/www.belmarinahoian.com\/vi\/#website\"},\"primaryImageOfPage\":{\"@id\":\"https:\/\/www.belmarinahoian.com\/vi\/tin-tuc-giai-thuong\/bel-marina-hoi-an-resort-duoc-vinh-danh-tai-world-luxury-hotels-2024\/#primaryimage\"},\"image\":{\"@id\":\"https:\/\/www.belmarinahoian.com\/vi\/tin-tuc-giai-thuong\/bel-marina-hoi-an-resort-duoc-vinh-danh-tai-world-luxury-hotels-2024\/#primaryimage\"},\"thumbnailUrl\":\"https:\/\/www.belmarinahoian.com\/wp-content\/uploads\/sites\/132\/2026\/04\/bel-marina-hoi-an-infinity-poo-2353-4452-1730428974.png\",\"datePublished\":\"2024-04-13T09:11:44+00:00\",\"dateModified\":\"2026-04-15T01:35:49+00:00\",\"breadcrumb\":{\"@id\":\"https:\/\/www.belmarinahoian.com\/vi\/tin-tuc-giai-thuong\/bel-marina-hoi-an-resort-duoc-vinh-danh-tai-world-luxury-hotels-2024\/#breadcrumb\"},\"inLanguage\":\"vi-VN\",\"potentialAction\":[{\"@type\":\"ReadAction\",\"target\":[\"https:\/\/www.belmarinahoian.com\/vi\/tin-tuc-giai-thuong\/bel-marina-hoi-an-resort-duoc-vinh-danh-tai-world-luxury-hotels-2024\/\"]}]},{\"@type\":\"ImageObject\",\"inLanguage\":\"vi-VN\",\"@id\":\"https:\/\/www.belmarinahoian.com\/vi\/tin-tuc-giai-thuong\/bel-marina-hoi-an-resort-duoc-vinh-danh-tai-world-luxury-hotels-2024\/#primaryimage\",\"url\":\"https:\/\/www.belmarinahoian.com\/wp-content\/uploads\/sites\/132\/2026\/04\/bel-marina-hoi-an-infinity-poo-2353-4452-1730428974.png\",\"contentUrl\":\"https:\/\/www.belmarinahoian.com\/wp-content\/uploads\/sites\/132\/2026\/04\/bel-marina-hoi-an-infinity-poo-2353-4452-1730428974.png\",\"width\":2200,\"height\":1467},{\"@type\":\"BreadcrumbList\",\"@id\":\"https:\/\/www.belmarinahoian.com\/vi\/tin-tuc-giai-thuong\/bel-marina-hoi-an-resort-duoc-vinh-danh-tai-world-luxury-hotels-2024\/#breadcrumb\",\"itemListElement\":[{\"@type\":\"ListItem\",\"position\":1,\"name\":\"Home\",\"item\":\"https:\/\/www.belmarinahoian.com\/vi\/\"},{\"@type\":\"ListItem\",\"position\":2,\"name\":\"Gi\u1ea3i Th\u01b0\u1edfng\",\"item\":\"https:\/\/www.belmarinahoian.com\/vi\/tin-tuc-giai-thuong\/\"},{\"@type\":\"ListItem\",\"position\":3,\"name\":\"Bel Marina Hoi An Resort \u0111\u01b0\u1ee3c vinh danh t\u1ea1i World Luxury Hotels 2024\"}]},{\"@type\":\"WebSite\",\"@id\":\"https:\/\/www.belmarinahoian.com\/vi\/#website\",\"url\":\"https:\/\/www.belmarinahoian.com\/vi\/\",\"name\":\"Bel Marina Hoi An\",\"description\":\"\",\"potentialAction\":[{\"@type\":\"SearchAction\",\"target\":{\"@type\":\"EntryPoint\",\"urlTemplate\":\"https:\/\/www.belmarinahoian.com\/vi\/?s={search_term_string}\"},\"query-input\":\"required name=search_term_string\"}],\"inLanguage\":\"vi-VN\"}]}<\/script>\n<!-- \/ Yoast SEO plugin. -->","yoast_head_json":{"title":"Bel Marina Hoi An Resort \u0111\u01b0\u1ee3c vinh danh t\u1ea1i World Luxury Hotels 2024 - Bel Marina Hoi An","robots":{"index":"index","follow":"follow","max-snippet":"max-snippet:-1","max-image-preview":"max-image-preview:large","max-video-preview":"max-video-preview:-1"},"canonical":"https:\/\/www.belmarinahoian.com\/vi\/tin-tuc-giai-thuong\/bel-marina-hoi-an-resort-duoc-vinh-danh-tai-world-luxury-hotels-2024\/","og_locale":"vi_VN","og_type":"article","og_title":"Bel Marina Hoi An Resort \u0111\u01b0\u1ee3c vinh danh t\u1ea1i World Luxury Hotels 2024 - Bel Marina Hoi An","og_description":"Bel Marina Hoi An Resort \u0111o\u1ea1t c\u00fa \u0111\u00fap gi\u1ea3i th\u01b0\u1edfng t\u1ea1i World Luxury Hotel Awards l\u1ea7n 18, \u1edf Bali, Indonesia, h\u00f4m 21\/10. Doanh nghi\u1ec7p l\u1ea7n l\u01b0\u1ee3t \u0111\u01b0\u1ee3c vinh danh hai h\u1ea1ng m\u1ee5c &#8220;Khu ngh\u1ec9 d\u01b0\u1ee1ng v\u0103n h\u00f3a sang tr\u1ecdng&#8221; v\u00e0 &#8220;Khu ngh\u1ec9 d\u01b0\u1ee1ng ven s\u00f4ng sang tr\u1ecdng&#8221;. T\u1ed5ng qu\u1ea3n l\u00fd Robert Menzies Francis cho bi\u1ebft [&hellip;]","og_url":"https:\/\/www.belmarinahoian.com\/vi\/tin-tuc-giai-thuong\/bel-marina-hoi-an-resort-duoc-vinh-danh-tai-world-luxury-hotels-2024\/","og_site_name":"Bel Marina Hoi An","article_publisher":"https:\/\/www.facebook.com\/belmarinahoian.official","article_modified_time":"2026-04-15T01:35:49+00:00","og_image":[{"width":1024,"height":683,"url":"https:\/\/www.belmarinahoian.com\/wp-content\/uploads\/sites\/132\/2026\/04\/bel-marina-hoi-an-infinity-poo-2353-4452-1730428974-1024x683.png","type":"image\/png"}],"twitter_card":"summary_large_image","twitter_misc":{"Est. reading time":"4 minutes"},"schema":{"@context":"https:\/\/schema.org","@graph":[{"@type":"WebPage","@id":"https:\/\/www.belmarinahoian.com\/vi\/tin-tuc-giai-thuong\/bel-marina-hoi-an-resort-duoc-vinh-danh-tai-world-luxury-hotels-2024\/","url":"https:\/\/www.belmarinahoian.com\/vi\/tin-tuc-giai-thuong\/bel-marina-hoi-an-resort-duoc-vinh-danh-tai-world-luxury-hotels-2024\/","name":"Bel Marina Hoi An Resort \u0111\u01b0\u1ee3c vinh danh t\u1ea1i World Luxury Hotels 2024 - Bel Marina Hoi An","isPartOf":{"@id":"https:\/\/www.belmarinahoian.com\/vi\/#website"},"primaryImageOfPage":{"@id":"https:\/\/www.belmarinahoian.com\/vi\/tin-tuc-giai-thuong\/bel-marina-hoi-an-resort-duoc-vinh-danh-tai-world-luxury-hotels-2024\/#primaryimage"},"image":{"@id":"https:\/\/www.belmarinahoian.com\/vi\/tin-tuc-giai-thuong\/bel-marina-hoi-an-resort-duoc-vinh-danh-tai-world-luxury-hotels-2024\/#primaryimage"},"thumbnailUrl":"https:\/\/www.belmarinahoian.com\/wp-content\/uploads\/sites\/132\/2026\/04\/bel-marina-hoi-an-infinity-poo-2353-4452-1730428974.png","datePublished":"2024-04-13T09:11:44+00:00","dateModified":"2026-04-15T01:35:49+00:00","breadcrumb":{"@id":"https:\/\/www.belmarinahoian.com\/vi\/tin-tuc-giai-thuong\/bel-marina-hoi-an-resort-duoc-vinh-danh-tai-world-luxury-hotels-2024\/#breadcrumb"},"inLanguage":"vi-VN","potentialAction":[{"@type":"ReadAction","target":["https:\/\/www.belmarinahoian.com\/vi\/tin-tuc-giai-thuong\/bel-marina-hoi-an-resort-duoc-vinh-danh-tai-world-luxury-hotels-2024\/"]}]},{"@type":"ImageObject","inLanguage":"vi-VN","@id":"https:\/\/www.belmarinahoian.com\/vi\/tin-tuc-giai-thuong\/bel-marina-hoi-an-resort-duoc-vinh-danh-tai-world-luxury-hotels-2024\/#primaryimage","url":"https:\/\/www.belmarinahoian.com\/wp-content\/uploads\/sites\/132\/2026\/04\/bel-marina-hoi-an-infinity-poo-2353-4452-1730428974.png","contentUrl":"https:\/\/www.belmarinahoian.com\/wp-content\/uploads\/sites\/132\/2026\/04\/bel-marina-hoi-an-infinity-poo-2353-4452-1730428974.png","width":2200,"height":1467},{"@type":"BreadcrumbList","@id":"https:\/\/www.belmarinahoian.com\/vi\/tin-tuc-giai-thuong\/bel-marina-hoi-an-resort-duoc-vinh-danh-tai-world-luxury-hotels-2024\/#breadcrumb","itemListElement":[{"@type":"ListItem","position":1,"name":"Home","item":"https:\/\/www.belmarinahoian.com\/vi\/"},{"@type":"ListItem","position":2,"name":"Gi\u1ea3i Th\u01b0\u1edfng","item":"https:\/\/www.belmarinahoian.com\/vi\/tin-tuc-giai-thuong\/"},{"@type":"ListItem","position":3,"name":"Bel Marina Hoi An Resort \u0111\u01b0\u1ee3c vinh danh t\u1ea1i World Luxury Hotels 2024"}]},{"@type":"WebSite","@id":"https:\/\/www.belmarinahoian.com\/vi\/#website","url":"https:\/\/www.belmarinahoian.com\/vi\/","name":"Bel Marina Hoi An","description":"","potentialAction":[{"@type":"SearchAction","target":{"@type":"EntryPoint","urlTemplate":"https:\/\/www.belmarinahoian.com\/vi\/?s={search_term_string}"},"query-input":"required name=search_term_string"}],"inLanguage":"vi-VN"}]}},"acf":[],"_links":{"self":[{"href":"https:\/\/www.belmarinahoian.com\/vi\/wp-json\/wp\/v2\/pages\/691"}],"collection":[{"href":"https:\/\/www.belmarinahoian.com\/vi\/wp-json\/wp\/v2\/pages"}],"about":[{"href":"https:\/\/www.belmarinahoian.com\/vi\/wp-json\/wp\/v2\/types\/page"}],"author":[{"embeddable":true,"href":"https:\/\/www.belmarinahoian.com\/vi\/wp-json\/wp\/v2\/users\/244"}],"replies":[{"embeddable":true,"href":"https:\/\/www.belmarinahoian.com\/vi\/wp-json\/wp\/v2\/comments?post=691"}],"version-history":[{"count":0,"href":"https:\/\/www.belmarinahoian.com\/vi\/wp-json\/wp\/v2\/pages\/691\/revisions"}],"up":[{"embeddable":true,"href":"https:\/\/www.belmarinahoian.com\/vi\/wp-json\/wp\/v2\/pages\/687"}],"wp:featuredmedia":[{"embeddable":true,"href":"https:\/\/www.belmarinahoian.com\/vi\/wp-json\/wp\/v2\/media\/694"}],"wp:attachment":[{"href":"https:\/\/www.belmarinahoian.com\/vi\/wp-json\/wp\/v2\/media?parent=691"}],"wp:term":[{"taxonomy":"category","embeddable":true,"href":"https:\/\/www.belmarinahoian.com\/vi\/wp-json\/wp\/v2\/categories?post=691"}],"curies":[{"name":"wp","href":"https:\/\/api.w.org\/{rel}","templated":true}]}}