{"id":608,"date":"2026-04-06T08:47:05","date_gmt":"2026-04-06T08:47:05","guid":{"rendered":"https:\/\/www.belmarinahoian.com\/?page_id=608"},"modified":"2026-04-06T09:05:08","modified_gmt":"2026-04-06T09:05:08","slug":"sky-lounge-bar","status":"publish","type":"page","link":"https:\/\/www.belmarinahoian.com\/vi\/dining\/sky-lounge-bar\/","title":{"rendered":"Sky Lounge &amp; Bar"},"content":{"rendered":"<p>Qu\u1ea7y bar rooftop \u0111\u1ed9c \u0111\u00e1o t\u1ea1i H\u1ed9i An, s\u1edf h\u1eefu t\u1ea7m nh\u00ecn to\u00e0n c\u1ea3nh \u1ea5n t\u01b0\u1ee3ng \u00f4m tr\u1ecdn ph\u1ed1 c\u1ed5 v\u00e0 d\u00f2ng s\u00f4ng Thu B\u1ed3n . H\u00f2a m\u00ecnh v\u00e0o khung c\u1ea3nh ngo\u1ea1n m\u1ee5c, th\u01b0\u1edfng th\u1ee9c nh\u1eefng ly cocktail \u0111\u01b0\u1ee3c ch\u1ebf t\u00e1c tinh t\u1ebf c\u00f9ng c\u00e1c m\u00f3n \u0103n nh\u1eb9 trong \u00e1nh ho\u00e0ng h\u00f4n r\u1ef1c r\u1ee1.<\/p>\n","protected":false},"excerpt":{"rendered":"<p>Qu\u1ea7y bar rooftop \u0111\u1ed9c \u0111\u00e1o t\u1ea1i H\u1ed9i An, s\u1edf h\u1eefu t\u1ea7m nh\u00ecn to\u00e0n c\u1ea3nh \u1ea5n t\u01b0\u1ee3ng \u00f4m tr\u1ecdn ph\u1ed1 c\u1ed5 v\u00e0 d\u00f2ng s\u00f4ng Thu B\u1ed3n . H\u00f2a m\u00ecnh v\u00e0o khung c\u1ea3nh ngo\u1ea1n m\u1ee5c, th\u01b0\u1edfng th\u1ee9c nh\u1eefng ly cocktail \u0111\u01b0\u1ee3c ch\u1ebf t\u00e1c tinh t\u1ebf c\u00f9ng c\u00e1c m\u00f3n \u0103n nh\u1eb9 trong \u00e1nh ho\u00e0ng h\u00f4n r\u1ef1c r\u1ee1.<\/p>\n","protected":false},"author":249,"featured_media":610,"parent":238,"menu_order":2,"comment_status":"closed","ping_status":"closed","template":"template-single-restaurant.php","meta":{"footnotes":""},"categories":[],"yoast_head":"<!-- This site is optimized with the Yoast SEO plugin v22.3 - https:\/\/yoast.com\/wordpress\/plugins\/seo\/ -->\n<title>G\u00f3c Qu\u1ea3ng<\/title>\n<meta name=\"description\" content=\"Th\u01b0\u1edfng th\u1ee9c \u1ea9m th\u1ef1c truy\u1ec1n th\u1ed1ng x\u1ee9 Qu\u1ea3ng trong kh\u00f4ng gian \u0111\u1eadm ch\u1ea5t qu\u00ea nh\u00e0 t\u1ea1i Bel Marina H\u1ed9i An.\" \/>\n<meta name=\"robots\" content=\"index, follow, max-snippet:-1, max-image-preview:large, max-video-preview:-1\" \/>\n<link rel=\"canonical\" href=\"https:\/\/www.belmarinahoian.com\/vi\/dining\/sky-lounge-bar\/\" \/>\n<meta property=\"og:locale\" content=\"vi_VN\" \/>\n<meta property=\"og:type\" content=\"article\" \/>\n<meta property=\"og:title\" content=\"G\u00f3c Qu\u1ea3ng\" \/>\n<meta property=\"og:description\" content=\"Th\u01b0\u1edfng th\u1ee9c \u1ea9m th\u1ef1c truy\u1ec1n th\u1ed1ng x\u1ee9 Qu\u1ea3ng trong kh\u00f4ng gian \u0111\u1eadm ch\u1ea5t qu\u00ea nh\u00e0 t\u1ea1i Bel Marina H\u1ed9i An.\" \/>\n<meta property=\"og:url\" content=\"https:\/\/www.belmarinahoian.com\/vi\/dining\/sky-lounge-bar\/\" \/>\n<meta property=\"og:site_name\" content=\"Bel Marina Hoi An\" \/>\n<meta property=\"article:publisher\" content=\"https:\/\/www.facebook.com\/belmarinahoian.official\" \/>\n<meta property=\"article:modified_time\" content=\"2026-04-06T09:05:08+00:00\" \/>\n<meta property=\"og:image\" content=\"https:\/\/www.belmarinahoian.com\/wp-content\/uploads\/sites\/132\/2026\/04\/Sky-Pool-Bar_6.jpg\" \/>\n\t<meta property=\"og:image:width\" content=\"2200\" \/>\n\t<meta property=\"og:image:height\" content=\"1468\" \/>\n\t<meta property=\"og:image:type\" content=\"image\/jpeg\" \/>\n<meta name=\"twitter:card\" content=\"summary_large_image\" \/>\n<meta name=\"twitter:label1\" content=\"Est. reading time\" \/>\n\t<meta name=\"twitter:data1\" content=\"1 minute\" \/>\n<script type=\"application\/ld+json\" class=\"yoast-schema-graph\">{\"@context\":\"https:\/\/schema.org\",\"@graph\":[{\"@type\":\"WebPage\",\"@id\":\"https:\/\/www.belmarinahoian.com\/vi\/dining\/sky-lounge-bar\/\",\"url\":\"https:\/\/www.belmarinahoian.com\/vi\/dining\/sky-lounge-bar\/\",\"name\":\"G\u00f3c Qu\u1ea3ng\",\"isPartOf\":{\"@id\":\"https:\/\/www.belmarinahoian.com\/vi\/#website\"},\"primaryImageOfPage\":{\"@id\":\"https:\/\/www.belmarinahoian.com\/vi\/dining\/sky-lounge-bar\/#primaryimage\"},\"image\":{\"@id\":\"https:\/\/www.belmarinahoian.com\/vi\/dining\/sky-lounge-bar\/#primaryimage\"},\"thumbnailUrl\":\"https:\/\/www.belmarinahoian.com\/wp-content\/uploads\/sites\/132\/2026\/04\/Sky-Pool-Bar_6.jpg\",\"datePublished\":\"2026-04-06T08:47:05+00:00\",\"dateModified\":\"2026-04-06T09:05:08+00:00\",\"description\":\"Th\u01b0\u1edfng th\u1ee9c \u1ea9m th\u1ef1c truy\u1ec1n th\u1ed1ng x\u1ee9 Qu\u1ea3ng trong kh\u00f4ng gian \u0111\u1eadm ch\u1ea5t qu\u00ea nh\u00e0 t\u1ea1i Bel Marina H\u1ed9i An.\",\"breadcrumb\":{\"@id\":\"https:\/\/www.belmarinahoian.com\/vi\/dining\/sky-lounge-bar\/#breadcrumb\"},\"inLanguage\":\"vi-VN\",\"potentialAction\":[{\"@type\":\"ReadAction\",\"target\":[\"https:\/\/www.belmarinahoian.com\/vi\/dining\/sky-lounge-bar\/\"]}]},{\"@type\":\"ImageObject\",\"inLanguage\":\"vi-VN\",\"@id\":\"https:\/\/www.belmarinahoian.com\/vi\/dining\/sky-lounge-bar\/#primaryimage\",\"url\":\"https:\/\/www.belmarinahoian.com\/wp-content\/uploads\/sites\/132\/2026\/04\/Sky-Pool-Bar_6.jpg\",\"contentUrl\":\"https:\/\/www.belmarinahoian.com\/wp-content\/uploads\/sites\/132\/2026\/04\/Sky-Pool-Bar_6.jpg\",\"width\":2200,\"height\":1468},{\"@type\":\"BreadcrumbList\",\"@id\":\"https:\/\/www.belmarinahoian.com\/vi\/dining\/sky-lounge-bar\/#breadcrumb\",\"itemListElement\":[{\"@type\":\"ListItem\",\"position\":1,\"name\":\"Home\",\"item\":\"https:\/\/www.belmarinahoian.com\/vi\/\"},{\"@type\":\"ListItem\",\"position\":2,\"name\":\"\u1ea8m Th\u1ef1c\",\"item\":\"https:\/\/www.belmarinahoian.com\/vi\/dining\/\"},{\"@type\":\"ListItem\",\"position\":3,\"name\":\"Sky Lounge &amp; Bar\"}]},{\"@type\":\"WebSite\",\"@id\":\"https:\/\/www.belmarinahoian.com\/vi\/#website\",\"url\":\"https:\/\/www.belmarinahoian.com\/vi\/\",\"name\":\"Bel Marina Hoi An\",\"description\":\"\",\"potentialAction\":[{\"@type\":\"SearchAction\",\"target\":{\"@type\":\"EntryPoint\",\"urlTemplate\":\"https:\/\/www.belmarinahoian.com\/vi\/?s={search_term_string}\"},\"query-input\":\"required name=search_term_string\"}],\"inLanguage\":\"vi-VN\"}]}<\/script>\n<!-- \/ Yoast SEO plugin. -->","yoast_head_json":{"title":"G\u00f3c Qu\u1ea3ng","description":"Th\u01b0\u1edfng th\u1ee9c \u1ea9m th\u1ef1c truy\u1ec1n th\u1ed1ng x\u1ee9 Qu\u1ea3ng trong kh\u00f4ng gian \u0111\u1eadm ch\u1ea5t qu\u00ea nh\u00e0 t\u1ea1i Bel Marina H\u1ed9i An.","robots":{"index":"index","follow":"follow","max-snippet":"max-snippet:-1","max-image-preview":"max-image-preview:large","max-video-preview":"max-video-preview:-1"},"canonical":"https:\/\/www.belmarinahoian.com\/vi\/dining\/sky-lounge-bar\/","og_locale":"vi_VN","og_type":"article","og_title":"G\u00f3c Qu\u1ea3ng","og_description":"Th\u01b0\u1edfng th\u1ee9c \u1ea9m th\u1ef1c truy\u1ec1n th\u1ed1ng x\u1ee9 Qu\u1ea3ng trong kh\u00f4ng gian \u0111\u1eadm ch\u1ea5t qu\u00ea nh\u00e0 t\u1ea1i Bel Marina H\u1ed9i An.","og_url":"https:\/\/www.belmarinahoian.com\/vi\/dining\/sky-lounge-bar\/","og_site_name":"Bel Marina Hoi An","article_publisher":"https:\/\/www.facebook.com\/belmarinahoian.official","article_modified_time":"2026-04-06T09:05:08+00:00","og_image":[{"width":2200,"height":1468,"url":"https:\/\/www.belmarinahoian.com\/wp-content\/uploads\/sites\/132\/2026\/04\/Sky-Pool-Bar_6.jpg","type":"image\/jpeg"}],"twitter_card":"summary_large_image","twitter_misc":{"Est. reading time":"1 minute"},"schema":{"@context":"https:\/\/schema.org","@graph":[{"@type":"WebPage","@id":"https:\/\/www.belmarinahoian.com\/vi\/dining\/sky-lounge-bar\/","url":"https:\/\/www.belmarinahoian.com\/vi\/dining\/sky-lounge-bar\/","name":"G\u00f3c Qu\u1ea3ng","isPartOf":{"@id":"https:\/\/www.belmarinahoian.com\/vi\/#website"},"primaryImageOfPage":{"@id":"https:\/\/www.belmarinahoian.com\/vi\/dining\/sky-lounge-bar\/#primaryimage"},"image":{"@id":"https:\/\/www.belmarinahoian.com\/vi\/dining\/sky-lounge-bar\/#primaryimage"},"thumbnailUrl":"https:\/\/www.belmarinahoian.com\/wp-content\/uploads\/sites\/132\/2026\/04\/Sky-Pool-Bar_6.jpg","datePublished":"2026-04-06T08:47:05+00:00","dateModified":"2026-04-06T09:05:08+00:00","description":"Th\u01b0\u1edfng th\u1ee9c \u1ea9m th\u1ef1c truy\u1ec1n th\u1ed1ng x\u1ee9 Qu\u1ea3ng trong kh\u00f4ng gian \u0111\u1eadm ch\u1ea5t qu\u00ea nh\u00e0 t\u1ea1i Bel Marina H\u1ed9i An.","breadcrumb":{"@id":"https:\/\/www.belmarinahoian.com\/vi\/dining\/sky-lounge-bar\/#breadcrumb"},"inLanguage":"vi-VN","potentialAction":[{"@type":"ReadAction","target":["https:\/\/www.belmarinahoian.com\/vi\/dining\/sky-lounge-bar\/"]}]},{"@type":"ImageObject","inLanguage":"vi-VN","@id":"https:\/\/www.belmarinahoian.com\/vi\/dining\/sky-lounge-bar\/#primaryimage","url":"https:\/\/www.belmarinahoian.com\/wp-content\/uploads\/sites\/132\/2026\/04\/Sky-Pool-Bar_6.jpg","contentUrl":"https:\/\/www.belmarinahoian.com\/wp-content\/uploads\/sites\/132\/2026\/04\/Sky-Pool-Bar_6.jpg","width":2200,"height":1468},{"@type":"BreadcrumbList","@id":"https:\/\/www.belmarinahoian.com\/vi\/dining\/sky-lounge-bar\/#breadcrumb","itemListElement":[{"@type":"ListItem","position":1,"name":"Home","item":"https:\/\/www.belmarinahoian.com\/vi\/"},{"@type":"ListItem","position":2,"name":"\u1ea8m Th\u1ef1c","item":"https:\/\/www.belmarinahoian.com\/vi\/dining\/"},{"@type":"ListItem","position":3,"name":"Sky Lounge &amp; Bar"}]},{"@type":"WebSite","@id":"https:\/\/www.belmarinahoian.com\/vi\/#website","url":"https:\/\/www.belmarinahoian.com\/vi\/","name":"Bel Marina Hoi An","description":"","potentialAction":[{"@type":"SearchAction","target":{"@type":"EntryPoint","urlTemplate":"https:\/\/www.belmarinahoian.com\/vi\/?s={search_term_string}"},"query-input":"required name=search_term_string"}],"inLanguage":"vi-VN"}]}},"acf":[],"_links":{"self":[{"href":"https:\/\/www.belmarinahoian.com\/vi\/wp-json\/wp\/v2\/pages\/608"}],"collection":[{"href":"https:\/\/www.belmarinahoian.com\/vi\/wp-json\/wp\/v2\/pages"}],"about":[{"href":"https:\/\/www.belmarinahoian.com\/vi\/wp-json\/wp\/v2\/types\/page"}],"author":[{"embeddable":true,"href":"https:\/\/www.belmarinahoian.com\/vi\/wp-json\/wp\/v2\/users\/249"}],"replies":[{"embeddable":true,"href":"https:\/\/www.belmarinahoian.com\/vi\/wp-json\/wp\/v2\/comments?post=608"}],"version-history":[{"count":0,"href":"https:\/\/www.belmarinahoian.com\/vi\/wp-json\/wp\/v2\/pages\/608\/revisions"}],"up":[{"embeddable":true,"href":"https:\/\/www.belmarinahoian.com\/vi\/wp-json\/wp\/v2\/pages\/238"}],"wp:featuredmedia":[{"embeddable":true,"href":"https:\/\/www.belmarinahoian.com\/vi\/wp-json\/wp\/v2\/media\/610"}],"wp:attachment":[{"href":"https:\/\/www.belmarinahoian.com\/vi\/wp-json\/wp\/v2\/media?parent=608"}],"wp:term":[{"taxonomy":"category","embeddable":true,"href":"https:\/\/www.belmarinahoian.com\/vi\/wp-json\/wp\/v2\/categories?post=608"}],"curies":[{"name":"wp","href":"https:\/\/api.w.org\/{rel}","templated":true}]}}