{"id":585,"date":"2026-03-20T08:19:52","date_gmt":"2026-03-20T08:19:52","guid":{"rendered":"https:\/\/www.belmarinahoian.com\/?page_id=585"},"modified":"2026-04-15T01:56:58","modified_gmt":"2026-04-15T01:56:58","slug":"bua-toi-rieng-tu","status":"publish","type":"page","link":"https:\/\/www.belmarinahoian.com\/vi\/special-offers\/bua-toi-rieng-tu\/","title":{"rendered":"B\u1eefa T\u1ed1i Ri\u00eang T\u01b0"},"content":{"rendered":"<div class=\"text-base my-auto mx-auto [--thread-content-margin:var(--thread-content-margin-xs,calc(var(--spacing)*4))] @w-sm\/main:[--thread-content-margin:var(--thread-content-margin-sm,calc(var(--spacing)*6))] @w-lg\/main:[--thread-content-margin:var(--thread-content-margin-lg,calc(var(--spacing)*16))] px-(--thread-content-margin)\">\n<div class=\"[--thread-content-max-width:40rem] @w-lg\/main:[--thread-content-max-width:48rem] mx-auto max-w-(--thread-content-max-width) flex-1 group\/turn-messages focus-visible:outline-hidden relative flex w-full min-w-0 flex-col agent-turn\">\n<div class=\"flex max-w-full flex-col gap-4 grow\">\n<div class=\"min-h-8 text-message relative flex w-full flex-col items-end gap-2 text-start break-words whitespace-normal outline-none keyboard-focused:focus-ring [.text-message+&amp;]:mt-1\" dir=\"auto\" data-message-author-role=\"assistant\" data-message-id=\"481c7beb-a422-4a3a-b4c6-f980be3271ef\" data-message-model-slug=\"gpt-5-3\">\n<div class=\"flex w-full flex-col gap-1 empty:hidden\">\n<div class=\"markdown prose dark:prose-invert w-full wrap-break-word light markdown-new-styling\">\n<p data-start=\"70\" data-end=\"236\">T\u1eadn h\u01b0\u1edfng m\u1ed9t bu\u1ed5i t\u1ed1i l\u00e3ng m\u1ea1n v\u00e0 ri\u00eang t\u01b0 t\u1ea1i Marina Garden ho\u1eb7c Sky Bar d\u00e0nh cho 2 ng\u01b0\u1eddi, khi kh\u00f4ng gian \u1ea5m c\u00fang v\u00e0 tinh t\u1ebf \u0111\u01b0\u1ee3c \u0111\u1ed9i ng\u0169 chuy\u00ean nghi\u1ec7p s\u1eafp x\u1ebfp \u0111\u1ec3 t\u1ea1o n\u00ean nh\u1eefng kho\u1ea3nh kh\u1eafc \u0111\u00e1ng nh\u1edb cho c\u1eb7p \u0111\u00f4i.<\/p>\n<p data-start=\"238\" data-end=\"309\" data-is-last-node=\"\" data-is-only-node=\"\">Tr\u1ea3i nghi\u1ec7m \u0111\u1eb7c bi\u1ec7t n\u00e0y c\u00f3 gi\u00e1 <strong data-start=\"270\" data-end=\"299\">2.500.000 VN\u0110 cho 2 kh\u00e1ch<\/strong>, bao g\u1ed3m<\/p>\n<p data-start=\"219\" data-end=\"401\">\u2022 B\u00e0n ri\u00eang \u0111\u01b0\u1ee3c b\u00e0i tr\u00ed sang tr\u1ecdng d\u00e0nh cho hai ng\u01b0\u1eddi<br data-start=\"273\" data-end=\"276\" \/>\u2022 Cocktail ch\u00e0o m\u1eebng<br data-start=\"304\" data-end=\"307\" \/>\u2022 Th\u1ef1c \u0111\u01a1n \u00c2u \u0111\u01b0\u1ee3c tuy\u1ec3n ch\u1ecdn k\u1ef9 l\u01b0\u1ee1ng<br data-start=\"345\" data-end=\"348\" \/>\u2022 01 ly r\u01b0\u1ee3u vang cho m\u1ed7i kh\u00e1ch<br data-start=\"379\" data-end=\"382\" \/>\u2022 M\u1ed9t b\u00f3 hoa t\u01b0\u01a1i<\/p>\n<\/div>\n<\/div>\n<\/div>\n<\/div>\n<div class=\"z-0 flex min-h-[46px] justify-start\"><strong>\u0110i\u1ec1u kho\u1ea3n &amp; \u0110i\u1ec1u ki\u1ec7n \u00e1p d\u1ee5ng<\/strong><\/div>\n<\/div>\n<\/div>\n<p>Vui l\u00f2ng \u0111\u1eb7t tr\u01b0\u1edbc. Li\u00ean h\u1ec7 hotline +84 235 3938 888 ho\u1eb7c email\u00a0info@belmarinahoian.com \u0111\u1ec3 bi\u1ebft th\u00eam th\u00f4ng tin chi ti\u1ebft.<\/p>\n","protected":false},"excerpt":{"rendered":"<p>T\u1eadn h\u01b0\u1edfng m\u1ed9t bu\u1ed5i t\u1ed1i l\u00e3ng m\u1ea1n v\u00e0 ri\u00eang t\u01b0 t\u1ea1i Marina Garden ho\u1eb7c Sky Bar d\u00e0nh cho 2 ng\u01b0\u1eddi, khi kh\u00f4ng gian \u1ea5m c\u00fang v\u00e0 tinh t\u1ebf \u0111\u01b0\u1ee3c \u0111\u1ed9i ng\u0169 chuy\u00ean nghi\u1ec7p s\u1eafp x\u1ebfp \u0111\u1ec3 t\u1ea1o n\u00ean nh\u1eefng kho\u1ea3nh kh\u1eafc \u0111\u00e1ng nh\u1edb cho c\u1eb7p \u0111\u00f4i. Tr\u1ea3i nghi\u1ec7m \u0111\u1eb7c bi\u1ec7t n\u00e0y c\u00f3 gi\u00e1 2.500.000 VN\u0110 [&hellip;]<\/p>\n","protected":false},"author":249,"featured_media":99,"parent":242,"menu_order":2,"comment_status":"closed","ping_status":"closed","template":"template-single-offer.php","meta":{"footnotes":""},"categories":[],"yoast_head":"<!-- This site is optimized with the Yoast SEO plugin v22.3 - https:\/\/yoast.com\/wordpress\/plugins\/seo\/ -->\n<title>B\u1eefa T\u1ed1i Ri\u00eang T\u01b0 - Bel Marina Hoi An<\/title>\n<meta name=\"robots\" content=\"index, follow, max-snippet:-1, max-image-preview:large, max-video-preview:-1\" \/>\n<link rel=\"canonical\" href=\"https:\/\/www.belmarinahoian.com\/vi\/special-offers\/bua-toi-rieng-tu\/\" \/>\n<meta property=\"og:locale\" content=\"vi_VN\" \/>\n<meta property=\"og:type\" content=\"article\" \/>\n<meta property=\"og:title\" content=\"B\u1eefa T\u1ed1i Ri\u00eang T\u01b0 - Bel Marina Hoi An\" \/>\n<meta property=\"og:description\" content=\"T\u1eadn h\u01b0\u1edfng m\u1ed9t bu\u1ed5i t\u1ed1i l\u00e3ng m\u1ea1n v\u00e0 ri\u00eang t\u01b0 t\u1ea1i Marina Garden ho\u1eb7c Sky Bar d\u00e0nh cho 2 ng\u01b0\u1eddi, khi kh\u00f4ng gian \u1ea5m c\u00fang v\u00e0 tinh t\u1ebf \u0111\u01b0\u1ee3c \u0111\u1ed9i ng\u0169 chuy\u00ean nghi\u1ec7p s\u1eafp x\u1ebfp \u0111\u1ec3 t\u1ea1o n\u00ean nh\u1eefng kho\u1ea3nh kh\u1eafc \u0111\u00e1ng nh\u1edb cho c\u1eb7p \u0111\u00f4i. Tr\u1ea3i nghi\u1ec7m \u0111\u1eb7c bi\u1ec7t n\u00e0y c\u00f3 gi\u00e1 2.500.000 VN\u0110 [&hellip;]\" \/>\n<meta property=\"og:url\" content=\"https:\/\/www.belmarinahoian.com\/vi\/special-offers\/bua-toi-rieng-tu\/\" \/>\n<meta property=\"og:site_name\" content=\"Bel Marina Hoi An\" \/>\n<meta property=\"article:publisher\" content=\"https:\/\/www.facebook.com\/belmarinahoian.official\" \/>\n<meta property=\"article:modified_time\" content=\"2026-04-15T01:56:58+00:00\" \/>\n<meta property=\"og:image\" content=\"https:\/\/www.belmarinahoian.com\/wp-content\/uploads\/sites\/132\/2025\/11\/Private-Dinner-in-the-Garden_2.jpg\" \/>\n\t<meta property=\"og:image:width\" content=\"2200\" \/>\n\t<meta property=\"og:image:height\" content=\"1505\" \/>\n\t<meta property=\"og:image:type\" content=\"image\/jpeg\" \/>\n<meta name=\"twitter:card\" content=\"summary_large_image\" \/>\n<meta name=\"twitter:label1\" content=\"Est. reading time\" \/>\n\t<meta name=\"twitter:data1\" content=\"1 minute\" \/>\n<script type=\"application\/ld+json\" class=\"yoast-schema-graph\">{\"@context\":\"https:\/\/schema.org\",\"@graph\":[{\"@type\":\"WebPage\",\"@id\":\"https:\/\/www.belmarinahoian.com\/vi\/special-offers\/bua-toi-rieng-tu\/\",\"url\":\"https:\/\/www.belmarinahoian.com\/vi\/special-offers\/bua-toi-rieng-tu\/\",\"name\":\"B\u1eefa T\u1ed1i Ri\u00eang T\u01b0 - Bel Marina Hoi An\",\"isPartOf\":{\"@id\":\"https:\/\/www.belmarinahoian.com\/vi\/#website\"},\"primaryImageOfPage\":{\"@id\":\"https:\/\/www.belmarinahoian.com\/vi\/special-offers\/bua-toi-rieng-tu\/#primaryimage\"},\"image\":{\"@id\":\"https:\/\/www.belmarinahoian.com\/vi\/special-offers\/bua-toi-rieng-tu\/#primaryimage\"},\"thumbnailUrl\":\"https:\/\/www.belmarinahoian.com\/wp-content\/uploads\/sites\/132\/2025\/11\/Private-Dinner-in-the-Garden_2.jpg\",\"datePublished\":\"2026-03-20T08:19:52+00:00\",\"dateModified\":\"2026-04-15T01:56:58+00:00\",\"breadcrumb\":{\"@id\":\"https:\/\/www.belmarinahoian.com\/vi\/special-offers\/bua-toi-rieng-tu\/#breadcrumb\"},\"inLanguage\":\"vi-VN\",\"potentialAction\":[{\"@type\":\"ReadAction\",\"target\":[\"https:\/\/www.belmarinahoian.com\/vi\/special-offers\/bua-toi-rieng-tu\/\"]}]},{\"@type\":\"ImageObject\",\"inLanguage\":\"vi-VN\",\"@id\":\"https:\/\/www.belmarinahoian.com\/vi\/special-offers\/bua-toi-rieng-tu\/#primaryimage\",\"url\":\"https:\/\/www.belmarinahoian.com\/wp-content\/uploads\/sites\/132\/2025\/11\/Private-Dinner-in-the-Garden_2.jpg\",\"contentUrl\":\"https:\/\/www.belmarinahoian.com\/wp-content\/uploads\/sites\/132\/2025\/11\/Private-Dinner-in-the-Garden_2.jpg\",\"width\":2200,\"height\":1505},{\"@type\":\"BreadcrumbList\",\"@id\":\"https:\/\/www.belmarinahoian.com\/vi\/special-offers\/bua-toi-rieng-tu\/#breadcrumb\",\"itemListElement\":[{\"@type\":\"ListItem\",\"position\":1,\"name\":\"Home\",\"item\":\"https:\/\/www.belmarinahoian.com\/vi\/\"},{\"@type\":\"ListItem\",\"position\":2,\"name\":\"\u01afu \u0110\u00e3i\",\"item\":\"https:\/\/www.belmarinahoian.com\/vi\/special-offers\/\"},{\"@type\":\"ListItem\",\"position\":3,\"name\":\"B\u1eefa T\u1ed1i Ri\u00eang T\u01b0\"}]},{\"@type\":\"WebSite\",\"@id\":\"https:\/\/www.belmarinahoian.com\/vi\/#website\",\"url\":\"https:\/\/www.belmarinahoian.com\/vi\/\",\"name\":\"Bel Marina Hoi An\",\"description\":\"\",\"potentialAction\":[{\"@type\":\"SearchAction\",\"target\":{\"@type\":\"EntryPoint\",\"urlTemplate\":\"https:\/\/www.belmarinahoian.com\/vi\/?s={search_term_string}\"},\"query-input\":\"required name=search_term_string\"}],\"inLanguage\":\"vi-VN\"}]}<\/script>\n<!-- \/ Yoast SEO plugin. -->","yoast_head_json":{"title":"B\u1eefa T\u1ed1i Ri\u00eang T\u01b0 - Bel Marina Hoi An","robots":{"index":"index","follow":"follow","max-snippet":"max-snippet:-1","max-image-preview":"max-image-preview:large","max-video-preview":"max-video-preview:-1"},"canonical":"https:\/\/www.belmarinahoian.com\/vi\/special-offers\/bua-toi-rieng-tu\/","og_locale":"vi_VN","og_type":"article","og_title":"B\u1eefa T\u1ed1i Ri\u00eang T\u01b0 - Bel Marina Hoi An","og_description":"T\u1eadn h\u01b0\u1edfng m\u1ed9t bu\u1ed5i t\u1ed1i l\u00e3ng m\u1ea1n v\u00e0 ri\u00eang t\u01b0 t\u1ea1i Marina Garden ho\u1eb7c Sky Bar d\u00e0nh cho 2 ng\u01b0\u1eddi, khi kh\u00f4ng gian \u1ea5m c\u00fang v\u00e0 tinh t\u1ebf \u0111\u01b0\u1ee3c \u0111\u1ed9i ng\u0169 chuy\u00ean nghi\u1ec7p s\u1eafp x\u1ebfp \u0111\u1ec3 t\u1ea1o n\u00ean nh\u1eefng kho\u1ea3nh kh\u1eafc \u0111\u00e1ng nh\u1edb cho c\u1eb7p \u0111\u00f4i. Tr\u1ea3i nghi\u1ec7m \u0111\u1eb7c bi\u1ec7t n\u00e0y c\u00f3 gi\u00e1 2.500.000 VN\u0110 [&hellip;]","og_url":"https:\/\/www.belmarinahoian.com\/vi\/special-offers\/bua-toi-rieng-tu\/","og_site_name":"Bel Marina Hoi An","article_publisher":"https:\/\/www.facebook.com\/belmarinahoian.official","article_modified_time":"2026-04-15T01:56:58+00:00","og_image":[{"width":2200,"height":1505,"url":"https:\/\/www.belmarinahoian.com\/wp-content\/uploads\/sites\/132\/2025\/11\/Private-Dinner-in-the-Garden_2.jpg","type":"image\/jpeg"}],"twitter_card":"summary_large_image","twitter_misc":{"Est. reading time":"1 minute"},"schema":{"@context":"https:\/\/schema.org","@graph":[{"@type":"WebPage","@id":"https:\/\/www.belmarinahoian.com\/vi\/special-offers\/bua-toi-rieng-tu\/","url":"https:\/\/www.belmarinahoian.com\/vi\/special-offers\/bua-toi-rieng-tu\/","name":"B\u1eefa T\u1ed1i Ri\u00eang T\u01b0 - Bel Marina Hoi An","isPartOf":{"@id":"https:\/\/www.belmarinahoian.com\/vi\/#website"},"primaryImageOfPage":{"@id":"https:\/\/www.belmarinahoian.com\/vi\/special-offers\/bua-toi-rieng-tu\/#primaryimage"},"image":{"@id":"https:\/\/www.belmarinahoian.com\/vi\/special-offers\/bua-toi-rieng-tu\/#primaryimage"},"thumbnailUrl":"https:\/\/www.belmarinahoian.com\/wp-content\/uploads\/sites\/132\/2025\/11\/Private-Dinner-in-the-Garden_2.jpg","datePublished":"2026-03-20T08:19:52+00:00","dateModified":"2026-04-15T01:56:58+00:00","breadcrumb":{"@id":"https:\/\/www.belmarinahoian.com\/vi\/special-offers\/bua-toi-rieng-tu\/#breadcrumb"},"inLanguage":"vi-VN","potentialAction":[{"@type":"ReadAction","target":["https:\/\/www.belmarinahoian.com\/vi\/special-offers\/bua-toi-rieng-tu\/"]}]},{"@type":"ImageObject","inLanguage":"vi-VN","@id":"https:\/\/www.belmarinahoian.com\/vi\/special-offers\/bua-toi-rieng-tu\/#primaryimage","url":"https:\/\/www.belmarinahoian.com\/wp-content\/uploads\/sites\/132\/2025\/11\/Private-Dinner-in-the-Garden_2.jpg","contentUrl":"https:\/\/www.belmarinahoian.com\/wp-content\/uploads\/sites\/132\/2025\/11\/Private-Dinner-in-the-Garden_2.jpg","width":2200,"height":1505},{"@type":"BreadcrumbList","@id":"https:\/\/www.belmarinahoian.com\/vi\/special-offers\/bua-toi-rieng-tu\/#breadcrumb","itemListElement":[{"@type":"ListItem","position":1,"name":"Home","item":"https:\/\/www.belmarinahoian.com\/vi\/"},{"@type":"ListItem","position":2,"name":"\u01afu \u0110\u00e3i","item":"https:\/\/www.belmarinahoian.com\/vi\/special-offers\/"},{"@type":"ListItem","position":3,"name":"B\u1eefa T\u1ed1i Ri\u00eang T\u01b0"}]},{"@type":"WebSite","@id":"https:\/\/www.belmarinahoian.com\/vi\/#website","url":"https:\/\/www.belmarinahoian.com\/vi\/","name":"Bel Marina Hoi An","description":"","potentialAction":[{"@type":"SearchAction","target":{"@type":"EntryPoint","urlTemplate":"https:\/\/www.belmarinahoian.com\/vi\/?s={search_term_string}"},"query-input":"required name=search_term_string"}],"inLanguage":"vi-VN"}]}},"acf":[],"_links":{"self":[{"href":"https:\/\/www.belmarinahoian.com\/vi\/wp-json\/wp\/v2\/pages\/585"}],"collection":[{"href":"https:\/\/www.belmarinahoian.com\/vi\/wp-json\/wp\/v2\/pages"}],"about":[{"href":"https:\/\/www.belmarinahoian.com\/vi\/wp-json\/wp\/v2\/types\/page"}],"author":[{"embeddable":true,"href":"https:\/\/www.belmarinahoian.com\/vi\/wp-json\/wp\/v2\/users\/249"}],"replies":[{"embeddable":true,"href":"https:\/\/www.belmarinahoian.com\/vi\/wp-json\/wp\/v2\/comments?post=585"}],"version-history":[{"count":0,"href":"https:\/\/www.belmarinahoian.com\/vi\/wp-json\/wp\/v2\/pages\/585\/revisions"}],"up":[{"embeddable":true,"href":"https:\/\/www.belmarinahoian.com\/vi\/wp-json\/wp\/v2\/pages\/242"}],"wp:featuredmedia":[{"embeddable":true,"href":"https:\/\/www.belmarinahoian.com\/vi\/wp-json\/wp\/v2\/media\/99"}],"wp:attachment":[{"href":"https:\/\/www.belmarinahoian.com\/vi\/wp-json\/wp\/v2\/media?parent=585"}],"wp:term":[{"taxonomy":"category","embeddable":true,"href":"https:\/\/www.belmarinahoian.com\/vi\/wp-json\/wp\/v2\/categories?post=585"}],"curies":[{"name":"wp","href":"https:\/\/api.w.org\/{rel}","templated":true}]}}