{"id":578,"date":"2026-03-20T08:01:48","date_gmt":"2026-03-20T08:01:48","guid":{"rendered":"https:\/\/www.belmarinahoian.com\/?page_id=578"},"modified":"2026-04-14T09:29:54","modified_gmt":"2026-04-14T09:29:54","slug":"sunset-bbq-thu-6-hang-tuan","status":"publish","type":"page","link":"https:\/\/www.belmarinahoian.com\/vi\/special-offers\/sunset-bbq-thu-6-hang-tuan\/","title":{"rendered":"Sunset BBQ"},"content":{"rendered":"<p>T\u1eadn h\u01b0\u1edfng m\u1ed9t bu\u1ed5i t\u1ed1i th\u1ee9 S\u00e1u th\u01b0 gi\u00e3n v\u1edbi ti\u1ec7c buffet Sunset BBQ\u00a0 b\u00ean b\u1edd s\u00f4ng t\u1ea1i Bel Marina H\u1ed9i An Resort. Th\u01b0\u1edfng th\u1ee9c \u0111a d\u1ea1ng h\u1ea3i s\u1ea3n n\u01b0\u1edbng t\u01b0\u01a1i ngon, c\u00e1c lo\u1ea1i th\u1ecbt v\u00e0 nhi\u1ec1u m\u00f3n \u0103n k\u00e8m h\u1ea5p d\u1eabn, trong khi ng\u1eafm ho\u00e0ng h\u00f4n v\u00e0 t\u1eadn h\u01b0\u1edfng kh\u00f4ng gian \u1ea5m c\u00fang b\u00ean gia \u0111\u00ecnh v\u00e0 b\u1ea1n b\u00e8.<\/p>\n<div class=\"flex flex-col text-sm pb-25\">\n<section class=\"text-token-text-primary w-full focus:outline-none [--shadow-height:45px] has-data-writing-block:pointer-events-none has-data-writing-block:-mt-(--shadow-height) has-data-writing-block:pt-(--shadow-height) [&amp;:has([data-writing-block])&gt;*]:pointer-events-auto scroll-mt-[calc(var(--header-height)+min(200px,max(70px,20svh)))]\" dir=\"auto\" data-turn-id=\"request-WEB:e9b6f76b-5b18-4a5e-a6c4-4ca1e1c23aa8-1\" data-testid=\"conversation-turn-4\" data-scroll-anchor=\"true\" data-turn=\"assistant\">\n<div class=\"text-base my-auto mx-auto pb-10 [--thread-content-margin:var(--thread-content-margin-xs,calc(var(--spacing)*4))] @w-sm\/main:[--thread-content-margin:var(--thread-content-margin-sm,calc(var(--spacing)*6))] @w-lg\/main:[--thread-content-margin:var(--thread-content-margin-lg,calc(var(--spacing)*16))] px-(--thread-content-margin)\">\n<div class=\"[--thread-content-max-width:40rem] @w-lg\/main:[--thread-content-max-width:48rem] mx-auto max-w-(--thread-content-max-width) flex-1 group\/turn-messages focus-visible:outline-hidden relative flex w-full min-w-0 flex-col agent-turn\">\n<div class=\"flex max-w-full flex-col gap-4 grow\">\n<div class=\"min-h-8 text-message relative flex w-full flex-col items-end gap-2 text-start break-words whitespace-normal outline-none keyboard-focused:focus-ring [.text-message+&amp;]:mt-1\" dir=\"auto\" data-message-author-role=\"assistant\" data-message-id=\"5ab89774-a31c-4fb0-81d0-bbbd0bf45dac\" data-message-model-slug=\"gpt-5-3\" data-turn-start-message=\"true\">\n<div class=\"flex w-full flex-col gap-1 empty:hidden\">\n<div class=\"markdown prose dark:prose-invert w-full wrap-break-word light markdown-new-styling\">\n<p data-start=\"0\" data-end=\"96\"><strong data-start=\"0\" data-end=\"8\">Gi\u00e1:<\/strong><br \/>\n\u2022 T\u1eeb 600.000 VN\u0110\/kh\u00e1ch\u00a0<br data-start=\"61\" data-end=\"64\" \/>\u2022 Tr\u1ebb em (6\u201311 tu\u1ed5i): gi\u1ea3m 50%<\/p>\n<p data-start=\"98\" data-end=\"142\" data-is-last-node=\"\" data-is-only-node=\"\"><strong data-start=\"98\" data-end=\"112\">Th\u1eddi gian:<\/strong><br \/>\n\u2022 M\u1ed7i th\u1ee9 S\u00e1u | 18:00 \u2013 21:00<\/p>\n<\/div>\n<\/div>\n<\/div>\n<\/div>\n<div class=\"z-0 flex min-h-[46px] justify-start\"><\/div>\n<div class=\"mt-3 w-full empty:hidden\">\n<div class=\"text-center\"><\/div>\n<\/div>\n<\/div>\n<\/div>\n<\/section>\n<\/div>\n<div class=\"pointer-events-none h-px w-px absolute bottom-0\" aria-hidden=\"true\" data-edge=\"true\"><\/div>\n","protected":false},"excerpt":{"rendered":"<p>T\u1eadn h\u01b0\u1edfng m\u1ed9t bu\u1ed5i t\u1ed1i th\u1ee9 S\u00e1u th\u01b0 gi\u00e3n v\u1edbi ti\u1ec7c buffet Sunset BBQ\u00a0 b\u00ean b\u1edd s\u00f4ng t\u1ea1i Bel Marina H\u1ed9i An Resort. Th\u01b0\u1edfng th\u1ee9c \u0111a d\u1ea1ng h\u1ea3i s\u1ea3n n\u01b0\u1edbng t\u01b0\u01a1i ngon, c\u00e1c lo\u1ea1i th\u1ecbt v\u00e0 nhi\u1ec1u m\u00f3n \u0103n k\u00e8m h\u1ea5p d\u1eabn, trong khi ng\u1eafm ho\u00e0ng h\u00f4n v\u00e0 t\u1eadn h\u01b0\u1edfng kh\u00f4ng gian \u1ea5m c\u00fang b\u00ean [&hellip;]<\/p>\n","protected":false},"author":249,"featured_media":580,"parent":242,"menu_order":2,"comment_status":"closed","ping_status":"closed","template":"template-single-offer.php","meta":{"footnotes":""},"categories":[],"yoast_head":"<!-- This site is optimized with the Yoast SEO plugin v22.3 - https:\/\/yoast.com\/wordpress\/plugins\/seo\/ -->\n<title>Sunset BBQ - Bel Marina Hoi An<\/title>\n<meta name=\"robots\" content=\"index, follow, max-snippet:-1, max-image-preview:large, max-video-preview:-1\" \/>\n<link rel=\"canonical\" href=\"https:\/\/www.belmarinahoian.com\/vi\/special-offers\/sunset-bbq-thu-6-hang-tuan\/\" \/>\n<meta property=\"og:locale\" content=\"vi_VN\" \/>\n<meta property=\"og:type\" content=\"article\" \/>\n<meta property=\"og:title\" content=\"Sunset BBQ - Bel Marina Hoi An\" \/>\n<meta property=\"og:description\" content=\"T\u1eadn h\u01b0\u1edfng m\u1ed9t bu\u1ed5i t\u1ed1i th\u1ee9 S\u00e1u th\u01b0 gi\u00e3n v\u1edbi ti\u1ec7c buffet Sunset BBQ\u00a0 b\u00ean b\u1edd s\u00f4ng t\u1ea1i Bel Marina H\u1ed9i An Resort. Th\u01b0\u1edfng th\u1ee9c \u0111a d\u1ea1ng h\u1ea3i s\u1ea3n n\u01b0\u1edbng t\u01b0\u01a1i ngon, c\u00e1c lo\u1ea1i th\u1ecbt v\u00e0 nhi\u1ec1u m\u00f3n \u0103n k\u00e8m h\u1ea5p d\u1eabn, trong khi ng\u1eafm ho\u00e0ng h\u00f4n v\u00e0 t\u1eadn h\u01b0\u1edfng kh\u00f4ng gian \u1ea5m c\u00fang b\u00ean [&hellip;]\" \/>\n<meta property=\"og:url\" content=\"https:\/\/www.belmarinahoian.com\/vi\/special-offers\/sunset-bbq-thu-6-hang-tuan\/\" \/>\n<meta property=\"og:site_name\" content=\"Bel Marina Hoi An\" \/>\n<meta property=\"article:publisher\" content=\"https:\/\/www.facebook.com\/belmarinahoian.official\" \/>\n<meta property=\"article:modified_time\" content=\"2026-04-14T09:29:54+00:00\" \/>\n<meta property=\"og:image\" content=\"https:\/\/www.belmarinahoian.com\/wp-content\/uploads\/sites\/132\/2026\/03\/BBQ_3.jpg\" \/>\n\t<meta property=\"og:image:width\" content=\"2200\" \/>\n\t<meta property=\"og:image:height\" content=\"1538\" \/>\n\t<meta property=\"og:image:type\" content=\"image\/jpeg\" \/>\n<meta name=\"twitter:card\" content=\"summary_large_image\" \/>\n<meta name=\"twitter:label1\" content=\"Est. reading time\" \/>\n\t<meta name=\"twitter:data1\" content=\"1 minute\" \/>\n<script type=\"application\/ld+json\" class=\"yoast-schema-graph\">{\"@context\":\"https:\/\/schema.org\",\"@graph\":[{\"@type\":\"WebPage\",\"@id\":\"https:\/\/www.belmarinahoian.com\/vi\/special-offers\/sunset-bbq-thu-6-hang-tuan\/\",\"url\":\"https:\/\/www.belmarinahoian.com\/vi\/special-offers\/sunset-bbq-thu-6-hang-tuan\/\",\"name\":\"Sunset BBQ - Bel Marina Hoi An\",\"isPartOf\":{\"@id\":\"https:\/\/www.belmarinahoian.com\/vi\/#website\"},\"primaryImageOfPage\":{\"@id\":\"https:\/\/www.belmarinahoian.com\/vi\/special-offers\/sunset-bbq-thu-6-hang-tuan\/#primaryimage\"},\"image\":{\"@id\":\"https:\/\/www.belmarinahoian.com\/vi\/special-offers\/sunset-bbq-thu-6-hang-tuan\/#primaryimage\"},\"thumbnailUrl\":\"https:\/\/www.belmarinahoian.com\/wp-content\/uploads\/sites\/132\/2026\/03\/BBQ_3.jpg\",\"datePublished\":\"2026-03-20T08:01:48+00:00\",\"dateModified\":\"2026-04-14T09:29:54+00:00\",\"breadcrumb\":{\"@id\":\"https:\/\/www.belmarinahoian.com\/vi\/special-offers\/sunset-bbq-thu-6-hang-tuan\/#breadcrumb\"},\"inLanguage\":\"vi-VN\",\"potentialAction\":[{\"@type\":\"ReadAction\",\"target\":[\"https:\/\/www.belmarinahoian.com\/vi\/special-offers\/sunset-bbq-thu-6-hang-tuan\/\"]}]},{\"@type\":\"ImageObject\",\"inLanguage\":\"vi-VN\",\"@id\":\"https:\/\/www.belmarinahoian.com\/vi\/special-offers\/sunset-bbq-thu-6-hang-tuan\/#primaryimage\",\"url\":\"https:\/\/www.belmarinahoian.com\/wp-content\/uploads\/sites\/132\/2026\/03\/BBQ_3.jpg\",\"contentUrl\":\"https:\/\/www.belmarinahoian.com\/wp-content\/uploads\/sites\/132\/2026\/03\/BBQ_3.jpg\",\"width\":2200,\"height\":1538},{\"@type\":\"BreadcrumbList\",\"@id\":\"https:\/\/www.belmarinahoian.com\/vi\/special-offers\/sunset-bbq-thu-6-hang-tuan\/#breadcrumb\",\"itemListElement\":[{\"@type\":\"ListItem\",\"position\":1,\"name\":\"Home\",\"item\":\"https:\/\/www.belmarinahoian.com\/vi\/\"},{\"@type\":\"ListItem\",\"position\":2,\"name\":\"\u01afu \u0110\u00e3i\",\"item\":\"https:\/\/www.belmarinahoian.com\/vi\/special-offers\/\"},{\"@type\":\"ListItem\",\"position\":3,\"name\":\"Sunset BBQ\"}]},{\"@type\":\"WebSite\",\"@id\":\"https:\/\/www.belmarinahoian.com\/vi\/#website\",\"url\":\"https:\/\/www.belmarinahoian.com\/vi\/\",\"name\":\"Bel Marina Hoi An\",\"description\":\"\",\"potentialAction\":[{\"@type\":\"SearchAction\",\"target\":{\"@type\":\"EntryPoint\",\"urlTemplate\":\"https:\/\/www.belmarinahoian.com\/vi\/?s={search_term_string}\"},\"query-input\":\"required name=search_term_string\"}],\"inLanguage\":\"vi-VN\"}]}<\/script>\n<!-- \/ Yoast SEO plugin. -->","yoast_head_json":{"title":"Sunset BBQ - Bel Marina Hoi An","robots":{"index":"index","follow":"follow","max-snippet":"max-snippet:-1","max-image-preview":"max-image-preview:large","max-video-preview":"max-video-preview:-1"},"canonical":"https:\/\/www.belmarinahoian.com\/vi\/special-offers\/sunset-bbq-thu-6-hang-tuan\/","og_locale":"vi_VN","og_type":"article","og_title":"Sunset BBQ - Bel Marina Hoi An","og_description":"T\u1eadn h\u01b0\u1edfng m\u1ed9t bu\u1ed5i t\u1ed1i th\u1ee9 S\u00e1u th\u01b0 gi\u00e3n v\u1edbi ti\u1ec7c buffet Sunset BBQ\u00a0 b\u00ean b\u1edd s\u00f4ng t\u1ea1i Bel Marina H\u1ed9i An Resort. Th\u01b0\u1edfng th\u1ee9c \u0111a d\u1ea1ng h\u1ea3i s\u1ea3n n\u01b0\u1edbng t\u01b0\u01a1i ngon, c\u00e1c lo\u1ea1i th\u1ecbt v\u00e0 nhi\u1ec1u m\u00f3n \u0103n k\u00e8m h\u1ea5p d\u1eabn, trong khi ng\u1eafm ho\u00e0ng h\u00f4n v\u00e0 t\u1eadn h\u01b0\u1edfng kh\u00f4ng gian \u1ea5m c\u00fang b\u00ean [&hellip;]","og_url":"https:\/\/www.belmarinahoian.com\/vi\/special-offers\/sunset-bbq-thu-6-hang-tuan\/","og_site_name":"Bel Marina Hoi An","article_publisher":"https:\/\/www.facebook.com\/belmarinahoian.official","article_modified_time":"2026-04-14T09:29:54+00:00","og_image":[{"width":2200,"height":1538,"url":"https:\/\/www.belmarinahoian.com\/wp-content\/uploads\/sites\/132\/2026\/03\/BBQ_3.jpg","type":"image\/jpeg"}],"twitter_card":"summary_large_image","twitter_misc":{"Est. reading time":"1 minute"},"schema":{"@context":"https:\/\/schema.org","@graph":[{"@type":"WebPage","@id":"https:\/\/www.belmarinahoian.com\/vi\/special-offers\/sunset-bbq-thu-6-hang-tuan\/","url":"https:\/\/www.belmarinahoian.com\/vi\/special-offers\/sunset-bbq-thu-6-hang-tuan\/","name":"Sunset BBQ - Bel Marina Hoi An","isPartOf":{"@id":"https:\/\/www.belmarinahoian.com\/vi\/#website"},"primaryImageOfPage":{"@id":"https:\/\/www.belmarinahoian.com\/vi\/special-offers\/sunset-bbq-thu-6-hang-tuan\/#primaryimage"},"image":{"@id":"https:\/\/www.belmarinahoian.com\/vi\/special-offers\/sunset-bbq-thu-6-hang-tuan\/#primaryimage"},"thumbnailUrl":"https:\/\/www.belmarinahoian.com\/wp-content\/uploads\/sites\/132\/2026\/03\/BBQ_3.jpg","datePublished":"2026-03-20T08:01:48+00:00","dateModified":"2026-04-14T09:29:54+00:00","breadcrumb":{"@id":"https:\/\/www.belmarinahoian.com\/vi\/special-offers\/sunset-bbq-thu-6-hang-tuan\/#breadcrumb"},"inLanguage":"vi-VN","potentialAction":[{"@type":"ReadAction","target":["https:\/\/www.belmarinahoian.com\/vi\/special-offers\/sunset-bbq-thu-6-hang-tuan\/"]}]},{"@type":"ImageObject","inLanguage":"vi-VN","@id":"https:\/\/www.belmarinahoian.com\/vi\/special-offers\/sunset-bbq-thu-6-hang-tuan\/#primaryimage","url":"https:\/\/www.belmarinahoian.com\/wp-content\/uploads\/sites\/132\/2026\/03\/BBQ_3.jpg","contentUrl":"https:\/\/www.belmarinahoian.com\/wp-content\/uploads\/sites\/132\/2026\/03\/BBQ_3.jpg","width":2200,"height":1538},{"@type":"BreadcrumbList","@id":"https:\/\/www.belmarinahoian.com\/vi\/special-offers\/sunset-bbq-thu-6-hang-tuan\/#breadcrumb","itemListElement":[{"@type":"ListItem","position":1,"name":"Home","item":"https:\/\/www.belmarinahoian.com\/vi\/"},{"@type":"ListItem","position":2,"name":"\u01afu \u0110\u00e3i","item":"https:\/\/www.belmarinahoian.com\/vi\/special-offers\/"},{"@type":"ListItem","position":3,"name":"Sunset BBQ"}]},{"@type":"WebSite","@id":"https:\/\/www.belmarinahoian.com\/vi\/#website","url":"https:\/\/www.belmarinahoian.com\/vi\/","name":"Bel Marina Hoi An","description":"","potentialAction":[{"@type":"SearchAction","target":{"@type":"EntryPoint","urlTemplate":"https:\/\/www.belmarinahoian.com\/vi\/?s={search_term_string}"},"query-input":"required name=search_term_string"}],"inLanguage":"vi-VN"}]}},"acf":[],"_links":{"self":[{"href":"https:\/\/www.belmarinahoian.com\/vi\/wp-json\/wp\/v2\/pages\/578"}],"collection":[{"href":"https:\/\/www.belmarinahoian.com\/vi\/wp-json\/wp\/v2\/pages"}],"about":[{"href":"https:\/\/www.belmarinahoian.com\/vi\/wp-json\/wp\/v2\/types\/page"}],"author":[{"embeddable":true,"href":"https:\/\/www.belmarinahoian.com\/vi\/wp-json\/wp\/v2\/users\/249"}],"replies":[{"embeddable":true,"href":"https:\/\/www.belmarinahoian.com\/vi\/wp-json\/wp\/v2\/comments?post=578"}],"version-history":[{"count":0,"href":"https:\/\/www.belmarinahoian.com\/vi\/wp-json\/wp\/v2\/pages\/578\/revisions"}],"up":[{"embeddable":true,"href":"https:\/\/www.belmarinahoian.com\/vi\/wp-json\/wp\/v2\/pages\/242"}],"wp:featuredmedia":[{"embeddable":true,"href":"https:\/\/www.belmarinahoian.com\/vi\/wp-json\/wp\/v2\/media\/580"}],"wp:attachment":[{"href":"https:\/\/www.belmarinahoian.com\/vi\/wp-json\/wp\/v2\/media?parent=578"}],"wp:term":[{"taxonomy":"category","embeddable":true,"href":"https:\/\/www.belmarinahoian.com\/vi\/wp-json\/wp\/v2\/categories?post=578"}],"curies":[{"name":"wp","href":"https:\/\/api.w.org\/{rel}","templated":true}]}}