{"id":572,"date":"2026-03-09T08:06:30","date_gmt":"2026-03-09T08:06:30","guid":{"rendered":"https:\/\/www.belmarinahoian.com\/?page_id=572"},"modified":"2026-04-12T16:00:51","modified_gmt":"2026-04-12T16:00:51","slug":"du-thuyen-ngam-hoang-hon-tren-song-thu-bon","status":"publish","type":"page","link":"https:\/\/www.belmarinahoian.com\/vi\/special-offers\/du-thuyen-ngam-hoang-hon-tren-song-thu-bon\/","title":{"rendered":"Du ngo\u1ea1n ng\u1eafm ho\u00e0ng h\u00f4n tr\u00ean s\u00f4ng Thu B\u1ed3n"},"content":{"rendered":"<section class=\"text-token-text-primary w-full focus:outline-none [--shadow-height:45px] has-data-writing-block:pointer-events-none has-data-writing-block:-mt-(--shadow-height) has-data-writing-block:pt-(--shadow-height) [&amp;:has([data-writing-block])&gt;*]:pointer-events-auto scroll-mt-(--header-height)\" dir=\"auto\" data-turn-id=\"0fa62d5b-0213-46ef-8968-8233bcea6ca0\" data-testid=\"conversation-turn-187\" data-scroll-anchor=\"false\" data-turn=\"user\"><\/section>\n<section class=\"text-token-text-primary w-full focus:outline-none [--shadow-height:45px] has-data-writing-block:pointer-events-none has-data-writing-block:-mt-(--shadow-height) has-data-writing-block:pt-(--shadow-height) [&amp;:has([data-writing-block])&gt;*]:pointer-events-auto scroll-mt-[calc(var(--header-height)+min(200px,max(70px,20svh)))]\" dir=\"auto\" data-turn-id=\"request-69d8afc9-ee44-8321-9f0e-c240c7a343d2-54\" data-testid=\"conversation-turn-188\" data-scroll-anchor=\"true\" data-turn=\"assistant\">\n<div class=\"text-base my-auto mx-auto pb-10 [--thread-content-margin:var(--thread-content-margin-xs,calc(var(--spacing)*4))] @w-sm\/main:[--thread-content-margin:var(--thread-content-margin-sm,calc(var(--spacing)*6))] @w-lg\/main:[--thread-content-margin:var(--thread-content-margin-lg,calc(var(--spacing)*16))] px-(--thread-content-margin)\">\n<div class=\"[--thread-content-max-width:40rem] @w-lg\/main:[--thread-content-max-width:48rem] mx-auto max-w-(--thread-content-max-width) flex-1 group\/turn-messages focus-visible:outline-hidden relative flex w-full min-w-0 flex-col agent-turn\">\n<div class=\"flex max-w-full flex-col gap-4 grow\">\n<div class=\"min-h-8 text-message relative flex w-full flex-col items-end gap-2 text-start break-words whitespace-normal outline-none keyboard-focused:focus-ring [.text-message+&amp;]:mt-1\" dir=\"auto\" data-message-author-role=\"assistant\" data-message-id=\"2177bc02-49e8-485f-9469-57eed938693b\" data-message-model-slug=\"gpt-5-3-mini\" data-turn-start-message=\"true\">\n<div class=\"flex w-full flex-col gap-1 empty:hidden\">\n<div class=\"markdown prose dark:prose-invert w-full wrap-break-word light markdown-new-styling\">\n<p data-start=\"0\" data-end=\"378\" data-is-last-node=\"\" data-is-only-node=\"\">V\u1edbi m\u1ee9c gi\u00e1 VND 800,000\/ng\u01b0\u1eddi, tr\u1ea3i nghi\u1ec7m du thuy\u1ec1n ng\u1eafm ho\u00e0ng h\u00f4n tr\u00ean s\u00f4ng Thu B\u1ed3n di\u1ec5n ra trong khung gi\u1edd 17:00 \u2013 18:00, mang \u0111\u1ebfn m\u1ed9t trong nh\u1eefng kho\u1ea3nh kh\u1eafc \u0111\u1eb9p nh\u1ea5t t\u1ea1i H\u1ed9i An tr\u00ean s\u00f4ng. Khi thuy\u1ec1n nh\u1eb9 nh\u00e0ng tr\u00f4i d\u1ecdc theo d\u00f2ng Thu B\u1ed3n, du kh\u00e1ch c\u00f3 th\u1ec3 chi\u00eam ng\u01b0\u1ee1ng to\u00e0n c\u1ea3nh th\u00e0nh ph\u1ed1 v\u00e0 ng\u1eafm ho\u00e0ng h\u00f4n nhu\u1ed9m s\u1eafc tr\u1eddi, t\u1ea1o n\u00ean m\u1ed9t d\u1ea5u \u1ea5n kh\u00f3 qu\u00ean trong h\u00e0nh tr\u00ecnh kh\u00e1m ph\u00e1.<\/p>\n<\/div>\n<\/div>\n<\/div>\n<\/div>\n<\/div>\n<\/div>\n<\/section>\n<ul>\n<li>Cocktail ch\u00e0o m\u1eebng<\/li>\n<li>\u0110\u1ed3 \u0103n nh\u1eb9 trong l\u00fac ng\u1eafm ho\u00e0ng h\u00f4n<\/li>\n<li>Tr\u1ea3i nghi\u1ec7m du thuy\u1ec1n tr\u00ean s\u00f4ng Thu B\u1ed3n<\/li>\n<li>Ch\u1ee5p \u1ea3nh ho\u00e0ng h\u00f4n<\/li>\n<li>Th\u1ea3 \u0111\u00e8n hoa \u0111\u0103ng tr\u00ean s\u00f4ng<\/li>\n<\/ul>\n<p><strong>\u0110i\u1ec1u kho\u1ea3n &amp; \u0110i\u1ec1u ki\u1ec7n \u00e1p d\u1ee5ng<\/strong><\/p>\n<p>\u00c1p d\u1ee5ng cho t\u1ed1i thi\u1ec3u 02 kh\u00e1ch. Vui l\u00f2ng \u0111\u1eb7t tr\u01b0\u1edbc 3 ti\u1ebfng, li\u00ean h\u1ec7 hotline +84 235 3938 888 ho\u1eb7c email\u00a0info@belmarinahoian.com \u0111\u1ec3 bi\u1ebft th\u00eam th\u00f4ng tin chi ti\u1ebft.<\/p>\n","protected":false},"excerpt":{"rendered":"<p>V\u1edbi m\u1ee9c gi\u00e1 VND 800,000\/ng\u01b0\u1eddi, tr\u1ea3i nghi\u1ec7m du thuy\u1ec1n ng\u1eafm ho\u00e0ng h\u00f4n tr\u00ean s\u00f4ng Thu B\u1ed3n di\u1ec5n ra trong khung gi\u1edd 17:00 \u2013 18:00, mang \u0111\u1ebfn m\u1ed9t trong nh\u1eefng kho\u1ea3nh kh\u1eafc \u0111\u1eb9p nh\u1ea5t t\u1ea1i H\u1ed9i An tr\u00ean s\u00f4ng. Khi thuy\u1ec1n nh\u1eb9 nh\u00e0ng tr\u00f4i d\u1ecdc theo d\u00f2ng Thu B\u1ed3n, du kh\u00e1ch c\u00f3 th\u1ec3 chi\u00eam ng\u01b0\u1ee1ng to\u00e0n [&hellip;]<\/p>\n","protected":false},"author":249,"featured_media":94,"parent":242,"menu_order":2,"comment_status":"closed","ping_status":"closed","template":"template-single-offer.php","meta":{"footnotes":""},"categories":[],"yoast_head":"<!-- This site is optimized with the Yoast SEO plugin v22.3 - https:\/\/yoast.com\/wordpress\/plugins\/seo\/ -->\n<title>Du ngo\u1ea1n ng\u1eafm ho\u00e0ng h\u00f4n tr\u00ean s\u00f4ng Thu B\u1ed3n - Bel Marina Hoi An<\/title>\n<meta name=\"robots\" content=\"index, follow, max-snippet:-1, max-image-preview:large, max-video-preview:-1\" \/>\n<link rel=\"canonical\" href=\"https:\/\/www.belmarinahoian.com\/vi\/special-offers\/du-thuyen-ngam-hoang-hon-tren-song-thu-bon\/\" \/>\n<meta property=\"og:locale\" content=\"vi_VN\" \/>\n<meta property=\"og:type\" content=\"article\" \/>\n<meta property=\"og:title\" content=\"Du ngo\u1ea1n ng\u1eafm ho\u00e0ng h\u00f4n tr\u00ean s\u00f4ng Thu B\u1ed3n - Bel Marina Hoi An\" \/>\n<meta property=\"og:description\" content=\"V\u1edbi m\u1ee9c gi\u00e1 VND 800,000\/ng\u01b0\u1eddi, tr\u1ea3i nghi\u1ec7m du thuy\u1ec1n ng\u1eafm ho\u00e0ng h\u00f4n tr\u00ean s\u00f4ng Thu B\u1ed3n di\u1ec5n ra trong khung gi\u1edd 17:00 \u2013 18:00, mang \u0111\u1ebfn m\u1ed9t trong nh\u1eefng kho\u1ea3nh kh\u1eafc \u0111\u1eb9p nh\u1ea5t t\u1ea1i H\u1ed9i An tr\u00ean s\u00f4ng. Khi thuy\u1ec1n nh\u1eb9 nh\u00e0ng tr\u00f4i d\u1ecdc theo d\u00f2ng Thu B\u1ed3n, du kh\u00e1ch c\u00f3 th\u1ec3 chi\u00eam ng\u01b0\u1ee1ng to\u00e0n [&hellip;]\" \/>\n<meta property=\"og:url\" content=\"https:\/\/www.belmarinahoian.com\/vi\/special-offers\/du-thuyen-ngam-hoang-hon-tren-song-thu-bon\/\" \/>\n<meta property=\"og:site_name\" content=\"Bel Marina Hoi An\" \/>\n<meta property=\"article:publisher\" content=\"https:\/\/www.facebook.com\/belmarinahoian.official\" \/>\n<meta property=\"article:modified_time\" content=\"2026-04-12T16:00:51+00:00\" \/>\n<meta property=\"og:image\" content=\"https:\/\/www.belmarinahoian.com\/wp-content\/uploads\/sites\/132\/2025\/11\/Cruise_2.jpg\" \/>\n\t<meta property=\"og:image:width\" content=\"2200\" \/>\n\t<meta property=\"og:image:height\" content=\"1650\" \/>\n\t<meta property=\"og:image:type\" content=\"image\/jpeg\" \/>\n<meta name=\"twitter:card\" content=\"summary_large_image\" \/>\n<meta name=\"twitter:label1\" content=\"Est. reading time\" \/>\n\t<meta name=\"twitter:data1\" content=\"1 minute\" \/>\n<script type=\"application\/ld+json\" class=\"yoast-schema-graph\">{\"@context\":\"https:\/\/schema.org\",\"@graph\":[{\"@type\":\"WebPage\",\"@id\":\"https:\/\/www.belmarinahoian.com\/vi\/special-offers\/du-thuyen-ngam-hoang-hon-tren-song-thu-bon\/\",\"url\":\"https:\/\/www.belmarinahoian.com\/vi\/special-offers\/du-thuyen-ngam-hoang-hon-tren-song-thu-bon\/\",\"name\":\"Du ngo\u1ea1n ng\u1eafm ho\u00e0ng h\u00f4n tr\u00ean s\u00f4ng Thu B\u1ed3n - Bel Marina Hoi An\",\"isPartOf\":{\"@id\":\"https:\/\/www.belmarinahoian.com\/vi\/#website\"},\"primaryImageOfPage\":{\"@id\":\"https:\/\/www.belmarinahoian.com\/vi\/special-offers\/du-thuyen-ngam-hoang-hon-tren-song-thu-bon\/#primaryimage\"},\"image\":{\"@id\":\"https:\/\/www.belmarinahoian.com\/vi\/special-offers\/du-thuyen-ngam-hoang-hon-tren-song-thu-bon\/#primaryimage\"},\"thumbnailUrl\":\"https:\/\/www.belmarinahoian.com\/wp-content\/uploads\/sites\/132\/2025\/11\/Cruise_2.jpg\",\"datePublished\":\"2026-03-09T08:06:30+00:00\",\"dateModified\":\"2026-04-12T16:00:51+00:00\",\"breadcrumb\":{\"@id\":\"https:\/\/www.belmarinahoian.com\/vi\/special-offers\/du-thuyen-ngam-hoang-hon-tren-song-thu-bon\/#breadcrumb\"},\"inLanguage\":\"vi-VN\",\"potentialAction\":[{\"@type\":\"ReadAction\",\"target\":[\"https:\/\/www.belmarinahoian.com\/vi\/special-offers\/du-thuyen-ngam-hoang-hon-tren-song-thu-bon\/\"]}]},{\"@type\":\"ImageObject\",\"inLanguage\":\"vi-VN\",\"@id\":\"https:\/\/www.belmarinahoian.com\/vi\/special-offers\/du-thuyen-ngam-hoang-hon-tren-song-thu-bon\/#primaryimage\",\"url\":\"https:\/\/www.belmarinahoian.com\/wp-content\/uploads\/sites\/132\/2025\/11\/Cruise_2.jpg\",\"contentUrl\":\"https:\/\/www.belmarinahoian.com\/wp-content\/uploads\/sites\/132\/2025\/11\/Cruise_2.jpg\",\"width\":2200,\"height\":1650},{\"@type\":\"BreadcrumbList\",\"@id\":\"https:\/\/www.belmarinahoian.com\/vi\/special-offers\/du-thuyen-ngam-hoang-hon-tren-song-thu-bon\/#breadcrumb\",\"itemListElement\":[{\"@type\":\"ListItem\",\"position\":1,\"name\":\"Home\",\"item\":\"https:\/\/www.belmarinahoian.com\/vi\/\"},{\"@type\":\"ListItem\",\"position\":2,\"name\":\"\u01afu \u0110\u00e3i\",\"item\":\"https:\/\/www.belmarinahoian.com\/vi\/special-offers\/\"},{\"@type\":\"ListItem\",\"position\":3,\"name\":\"Du ngo\u1ea1n ng\u1eafm ho\u00e0ng h\u00f4n tr\u00ean s\u00f4ng Thu B\u1ed3n\"}]},{\"@type\":\"WebSite\",\"@id\":\"https:\/\/www.belmarinahoian.com\/vi\/#website\",\"url\":\"https:\/\/www.belmarinahoian.com\/vi\/\",\"name\":\"Bel Marina Hoi An\",\"description\":\"\",\"potentialAction\":[{\"@type\":\"SearchAction\",\"target\":{\"@type\":\"EntryPoint\",\"urlTemplate\":\"https:\/\/www.belmarinahoian.com\/vi\/?s={search_term_string}\"},\"query-input\":\"required name=search_term_string\"}],\"inLanguage\":\"vi-VN\"}]}<\/script>\n<!-- \/ Yoast SEO plugin. -->","yoast_head_json":{"title":"Du ngo\u1ea1n ng\u1eafm ho\u00e0ng h\u00f4n tr\u00ean s\u00f4ng Thu B\u1ed3n - Bel Marina Hoi An","robots":{"index":"index","follow":"follow","max-snippet":"max-snippet:-1","max-image-preview":"max-image-preview:large","max-video-preview":"max-video-preview:-1"},"canonical":"https:\/\/www.belmarinahoian.com\/vi\/special-offers\/du-thuyen-ngam-hoang-hon-tren-song-thu-bon\/","og_locale":"vi_VN","og_type":"article","og_title":"Du ngo\u1ea1n ng\u1eafm ho\u00e0ng h\u00f4n tr\u00ean s\u00f4ng Thu B\u1ed3n - Bel Marina Hoi An","og_description":"V\u1edbi m\u1ee9c gi\u00e1 VND 800,000\/ng\u01b0\u1eddi, tr\u1ea3i nghi\u1ec7m du thuy\u1ec1n ng\u1eafm ho\u00e0ng h\u00f4n tr\u00ean s\u00f4ng Thu B\u1ed3n di\u1ec5n ra trong khung gi\u1edd 17:00 \u2013 18:00, mang \u0111\u1ebfn m\u1ed9t trong nh\u1eefng kho\u1ea3nh kh\u1eafc \u0111\u1eb9p nh\u1ea5t t\u1ea1i H\u1ed9i An tr\u00ean s\u00f4ng. Khi thuy\u1ec1n nh\u1eb9 nh\u00e0ng tr\u00f4i d\u1ecdc theo d\u00f2ng Thu B\u1ed3n, du kh\u00e1ch c\u00f3 th\u1ec3 chi\u00eam ng\u01b0\u1ee1ng to\u00e0n [&hellip;]","og_url":"https:\/\/www.belmarinahoian.com\/vi\/special-offers\/du-thuyen-ngam-hoang-hon-tren-song-thu-bon\/","og_site_name":"Bel Marina Hoi An","article_publisher":"https:\/\/www.facebook.com\/belmarinahoian.official","article_modified_time":"2026-04-12T16:00:51+00:00","og_image":[{"width":2200,"height":1650,"url":"https:\/\/www.belmarinahoian.com\/wp-content\/uploads\/sites\/132\/2025\/11\/Cruise_2.jpg","type":"image\/jpeg"}],"twitter_card":"summary_large_image","twitter_misc":{"Est. reading time":"1 minute"},"schema":{"@context":"https:\/\/schema.org","@graph":[{"@type":"WebPage","@id":"https:\/\/www.belmarinahoian.com\/vi\/special-offers\/du-thuyen-ngam-hoang-hon-tren-song-thu-bon\/","url":"https:\/\/www.belmarinahoian.com\/vi\/special-offers\/du-thuyen-ngam-hoang-hon-tren-song-thu-bon\/","name":"Du ngo\u1ea1n ng\u1eafm ho\u00e0ng h\u00f4n tr\u00ean s\u00f4ng Thu B\u1ed3n - Bel Marina Hoi An","isPartOf":{"@id":"https:\/\/www.belmarinahoian.com\/vi\/#website"},"primaryImageOfPage":{"@id":"https:\/\/www.belmarinahoian.com\/vi\/special-offers\/du-thuyen-ngam-hoang-hon-tren-song-thu-bon\/#primaryimage"},"image":{"@id":"https:\/\/www.belmarinahoian.com\/vi\/special-offers\/du-thuyen-ngam-hoang-hon-tren-song-thu-bon\/#primaryimage"},"thumbnailUrl":"https:\/\/www.belmarinahoian.com\/wp-content\/uploads\/sites\/132\/2025\/11\/Cruise_2.jpg","datePublished":"2026-03-09T08:06:30+00:00","dateModified":"2026-04-12T16:00:51+00:00","breadcrumb":{"@id":"https:\/\/www.belmarinahoian.com\/vi\/special-offers\/du-thuyen-ngam-hoang-hon-tren-song-thu-bon\/#breadcrumb"},"inLanguage":"vi-VN","potentialAction":[{"@type":"ReadAction","target":["https:\/\/www.belmarinahoian.com\/vi\/special-offers\/du-thuyen-ngam-hoang-hon-tren-song-thu-bon\/"]}]},{"@type":"ImageObject","inLanguage":"vi-VN","@id":"https:\/\/www.belmarinahoian.com\/vi\/special-offers\/du-thuyen-ngam-hoang-hon-tren-song-thu-bon\/#primaryimage","url":"https:\/\/www.belmarinahoian.com\/wp-content\/uploads\/sites\/132\/2025\/11\/Cruise_2.jpg","contentUrl":"https:\/\/www.belmarinahoian.com\/wp-content\/uploads\/sites\/132\/2025\/11\/Cruise_2.jpg","width":2200,"height":1650},{"@type":"BreadcrumbList","@id":"https:\/\/www.belmarinahoian.com\/vi\/special-offers\/du-thuyen-ngam-hoang-hon-tren-song-thu-bon\/#breadcrumb","itemListElement":[{"@type":"ListItem","position":1,"name":"Home","item":"https:\/\/www.belmarinahoian.com\/vi\/"},{"@type":"ListItem","position":2,"name":"\u01afu \u0110\u00e3i","item":"https:\/\/www.belmarinahoian.com\/vi\/special-offers\/"},{"@type":"ListItem","position":3,"name":"Du ngo\u1ea1n ng\u1eafm ho\u00e0ng h\u00f4n tr\u00ean s\u00f4ng Thu B\u1ed3n"}]},{"@type":"WebSite","@id":"https:\/\/www.belmarinahoian.com\/vi\/#website","url":"https:\/\/www.belmarinahoian.com\/vi\/","name":"Bel Marina Hoi An","description":"","potentialAction":[{"@type":"SearchAction","target":{"@type":"EntryPoint","urlTemplate":"https:\/\/www.belmarinahoian.com\/vi\/?s={search_term_string}"},"query-input":"required name=search_term_string"}],"inLanguage":"vi-VN"}]}},"acf":[],"_links":{"self":[{"href":"https:\/\/www.belmarinahoian.com\/vi\/wp-json\/wp\/v2\/pages\/572"}],"collection":[{"href":"https:\/\/www.belmarinahoian.com\/vi\/wp-json\/wp\/v2\/pages"}],"about":[{"href":"https:\/\/www.belmarinahoian.com\/vi\/wp-json\/wp\/v2\/types\/page"}],"author":[{"embeddable":true,"href":"https:\/\/www.belmarinahoian.com\/vi\/wp-json\/wp\/v2\/users\/249"}],"replies":[{"embeddable":true,"href":"https:\/\/www.belmarinahoian.com\/vi\/wp-json\/wp\/v2\/comments?post=572"}],"version-history":[{"count":0,"href":"https:\/\/www.belmarinahoian.com\/vi\/wp-json\/wp\/v2\/pages\/572\/revisions"}],"up":[{"embeddable":true,"href":"https:\/\/www.belmarinahoian.com\/vi\/wp-json\/wp\/v2\/pages\/242"}],"wp:featuredmedia":[{"embeddable":true,"href":"https:\/\/www.belmarinahoian.com\/vi\/wp-json\/wp\/v2\/media\/94"}],"wp:attachment":[{"href":"https:\/\/www.belmarinahoian.com\/vi\/wp-json\/wp\/v2\/media?parent=572"}],"wp:term":[{"taxonomy":"category","embeddable":true,"href":"https:\/\/www.belmarinahoian.com\/vi\/wp-json\/wp\/v2\/categories?post=572"}],"curies":[{"name":"wp","href":"https:\/\/api.w.org\/{rel}","templated":true}]}}