{"id":562,"date":"2026-03-09T07:17:56","date_gmt":"2026-03-09T07:17:56","guid":{"rendered":"https:\/\/www.belmarinahoian.com\/?page_id=562"},"modified":"2026-04-15T02:42:15","modified_gmt":"2026-04-15T02:42:15","slug":"goi-trang-tri-sinh-nhat","status":"publish","type":"page","link":"https:\/\/www.belmarinahoian.com\/vi\/special-offers\/goi-trang-tri-sinh-nhat\/","title":{"rendered":"G\u00f3i Trang Tr\u00ed Ti\u1ec7c M\u1eebng Sinh Nh\u1eadt"},"content":{"rendered":"<p>\u0110\u1ec3 sinh nh\u1eadt c\u1ee7a b\u1ea1n tr\u1edf n\u00ean th\u1eadt \u0111\u00e1ng nh\u1edb, Bel Marina Hoi An Resort \u0111\u00e3 chu\u1ea9n b\u1ecb m\u1ed9t g\u00f3i \u01b0u \u0111\u00e3i \u0111\u1eb7c bi\u1ec7t nh\u1eb1m mang \u0111\u1ebfn nh\u1eefng kho\u1ea3nh kh\u1eafc v\u00e0 k\u1ef7 ni\u1ec7m sinh nh\u1eadt kh\u00f3 qu\u00ean.<\/p>\n<p><strong>L\u1ef1a ch\u1ecdn 1: 2,000,000VN\u0110<\/strong><\/p>\n<ul>\n<li>B\u00e1nh sinh nh\u1eadt<\/li>\n<li>M\u1ed9t b\u00f3 hoa t\u01b0\u01a1i<\/li>\n<li>Trang tr\u00ed gi\u01b0\u1eddng v\u1edbi\u00a0 bong b\u00f3ng<\/li>\n<\/ul>\n<p><strong>L\u1ef1a ch\u1ecdn 2: 2,500,000VN\u0110<\/strong><\/p>\n<ul>\n<li>B\u00e1nh sinh nh\u1eadt<\/li>\n<li>M\u1ed9t b\u00f3 hoa t\u01b0\u01a1i<\/li>\n<li>Trang tr\u00ed gi\u01b0\u1eddng v\u1edbi\u00a0 bong b\u00f3ng<\/li>\n<li>M\u1ed9t chai r\u01b0\u1ee3u<\/li>\n<\/ul>\n<p><strong>\u0110i\u1ec1u kho\u1ea3n &amp; \u0110i\u1ec1u ki\u1ec7n \u00e1p d\u1ee5ng<\/strong><br \/>\nVui l\u00f2ng \u0111\u1eb7t tr\u01b0\u1edbc th\u00f4ng qua hotline +84 235 3938 888 ho\u1eb7c email\u00a0<a href=\"mailto:info@belmarinahoian.com\" target=\"_blanck\" rel=\"noopener\">info@belmarinahoian.com<\/a><\/p>\n","protected":false},"excerpt":{"rendered":"<p>\u0110\u1ec3 sinh nh\u1eadt c\u1ee7a b\u1ea1n tr\u1edf n\u00ean th\u1eadt \u0111\u00e1ng nh\u1edb, Bel Marina Hoi An Resort \u0111\u00e3 chu\u1ea9n b\u1ecb m\u1ed9t g\u00f3i \u01b0u \u0111\u00e3i \u0111\u1eb7c bi\u1ec7t nh\u1eb1m mang \u0111\u1ebfn nh\u1eefng kho\u1ea3nh kh\u1eafc v\u00e0 k\u1ef7 ni\u1ec7m sinh nh\u1eadt kh\u00f3 qu\u00ean. L\u1ef1a ch\u1ecdn 1: 2,000,000VN\u0110 B\u00e1nh sinh nh\u1eadt M\u1ed9t b\u00f3 hoa t\u01b0\u01a1i Trang tr\u00ed gi\u01b0\u1eddng v\u1edbi\u00a0 bong b\u00f3ng L\u1ef1a [&hellip;]<\/p>\n","protected":false},"author":249,"featured_media":563,"parent":242,"menu_order":2,"comment_status":"closed","ping_status":"closed","template":"template-single-offer.php","meta":{"footnotes":""},"categories":[],"yoast_head":"<!-- This site is optimized with the Yoast SEO plugin v22.3 - https:\/\/yoast.com\/wordpress\/plugins\/seo\/ -->\n<title>G\u00f3i Trang Tr\u00ed Ti\u1ec7c M\u1eebng Sinh Nh\u1eadt - Bel Marina Hoi An<\/title>\n<meta name=\"robots\" content=\"index, follow, max-snippet:-1, max-image-preview:large, max-video-preview:-1\" \/>\n<link rel=\"canonical\" href=\"https:\/\/www.belmarinahoian.com\/vi\/special-offers\/goi-trang-tri-sinh-nhat\/\" \/>\n<meta property=\"og:locale\" content=\"vi_VN\" \/>\n<meta property=\"og:type\" content=\"article\" \/>\n<meta property=\"og:title\" content=\"G\u00f3i Trang Tr\u00ed Ti\u1ec7c M\u1eebng Sinh Nh\u1eadt - Bel Marina Hoi An\" \/>\n<meta property=\"og:description\" content=\"\u0110\u1ec3 sinh nh\u1eadt c\u1ee7a b\u1ea1n tr\u1edf n\u00ean th\u1eadt \u0111\u00e1ng nh\u1edb, Bel Marina Hoi An Resort \u0111\u00e3 chu\u1ea9n b\u1ecb m\u1ed9t g\u00f3i \u01b0u \u0111\u00e3i \u0111\u1eb7c bi\u1ec7t nh\u1eb1m mang \u0111\u1ebfn nh\u1eefng kho\u1ea3nh kh\u1eafc v\u00e0 k\u1ef7 ni\u1ec7m sinh nh\u1eadt kh\u00f3 qu\u00ean. L\u1ef1a ch\u1ecdn 1: 2,000,000VN\u0110 B\u00e1nh sinh nh\u1eadt M\u1ed9t b\u00f3 hoa t\u01b0\u01a1i Trang tr\u00ed gi\u01b0\u1eddng v\u1edbi\u00a0 bong b\u00f3ng L\u1ef1a [&hellip;]\" \/>\n<meta property=\"og:url\" content=\"https:\/\/www.belmarinahoian.com\/vi\/special-offers\/goi-trang-tri-sinh-nhat\/\" \/>\n<meta property=\"og:site_name\" content=\"Bel Marina Hoi An\" \/>\n<meta property=\"article:publisher\" content=\"https:\/\/www.facebook.com\/belmarinahoian.official\" \/>\n<meta property=\"article:modified_time\" content=\"2026-04-15T02:42:15+00:00\" \/>\n<meta property=\"og:image\" content=\"https:\/\/www.belmarinahoian.com\/wp-content\/uploads\/sites\/132\/2026\/03\/Happy-Birthday_2.jpg\" \/>\n\t<meta property=\"og:image:width\" content=\"2200\" \/>\n\t<meta property=\"og:image:height\" content=\"1514\" \/>\n\t<meta property=\"og:image:type\" content=\"image\/jpeg\" \/>\n<meta name=\"twitter:card\" content=\"summary_large_image\" \/>\n<meta name=\"twitter:label1\" content=\"Est. reading time\" \/>\n\t<meta name=\"twitter:data1\" content=\"1 minute\" \/>\n<script type=\"application\/ld+json\" class=\"yoast-schema-graph\">{\"@context\":\"https:\/\/schema.org\",\"@graph\":[{\"@type\":\"WebPage\",\"@id\":\"https:\/\/www.belmarinahoian.com\/vi\/special-offers\/goi-trang-tri-sinh-nhat\/\",\"url\":\"https:\/\/www.belmarinahoian.com\/vi\/special-offers\/goi-trang-tri-sinh-nhat\/\",\"name\":\"G\u00f3i Trang Tr\u00ed Ti\u1ec7c M\u1eebng Sinh Nh\u1eadt - Bel Marina Hoi An\",\"isPartOf\":{\"@id\":\"https:\/\/www.belmarinahoian.com\/vi\/#website\"},\"primaryImageOfPage\":{\"@id\":\"https:\/\/www.belmarinahoian.com\/vi\/special-offers\/goi-trang-tri-sinh-nhat\/#primaryimage\"},\"image\":{\"@id\":\"https:\/\/www.belmarinahoian.com\/vi\/special-offers\/goi-trang-tri-sinh-nhat\/#primaryimage\"},\"thumbnailUrl\":\"https:\/\/www.belmarinahoian.com\/wp-content\/uploads\/sites\/132\/2026\/03\/Happy-Birthday_2.jpg\",\"datePublished\":\"2026-03-09T07:17:56+00:00\",\"dateModified\":\"2026-04-15T02:42:15+00:00\",\"breadcrumb\":{\"@id\":\"https:\/\/www.belmarinahoian.com\/vi\/special-offers\/goi-trang-tri-sinh-nhat\/#breadcrumb\"},\"inLanguage\":\"vi-VN\",\"potentialAction\":[{\"@type\":\"ReadAction\",\"target\":[\"https:\/\/www.belmarinahoian.com\/vi\/special-offers\/goi-trang-tri-sinh-nhat\/\"]}]},{\"@type\":\"ImageObject\",\"inLanguage\":\"vi-VN\",\"@id\":\"https:\/\/www.belmarinahoian.com\/vi\/special-offers\/goi-trang-tri-sinh-nhat\/#primaryimage\",\"url\":\"https:\/\/www.belmarinahoian.com\/wp-content\/uploads\/sites\/132\/2026\/03\/Happy-Birthday_2.jpg\",\"contentUrl\":\"https:\/\/www.belmarinahoian.com\/wp-content\/uploads\/sites\/132\/2026\/03\/Happy-Birthday_2.jpg\",\"width\":2200,\"height\":1514},{\"@type\":\"BreadcrumbList\",\"@id\":\"https:\/\/www.belmarinahoian.com\/vi\/special-offers\/goi-trang-tri-sinh-nhat\/#breadcrumb\",\"itemListElement\":[{\"@type\":\"ListItem\",\"position\":1,\"name\":\"Home\",\"item\":\"https:\/\/www.belmarinahoian.com\/vi\/\"},{\"@type\":\"ListItem\",\"position\":2,\"name\":\"\u01afu \u0110\u00e3i\",\"item\":\"https:\/\/www.belmarinahoian.com\/vi\/special-offers\/\"},{\"@type\":\"ListItem\",\"position\":3,\"name\":\"G\u00f3i Trang Tr\u00ed Ti\u1ec7c M\u1eebng Sinh Nh\u1eadt\"}]},{\"@type\":\"WebSite\",\"@id\":\"https:\/\/www.belmarinahoian.com\/vi\/#website\",\"url\":\"https:\/\/www.belmarinahoian.com\/vi\/\",\"name\":\"Bel Marina Hoi An\",\"description\":\"\",\"potentialAction\":[{\"@type\":\"SearchAction\",\"target\":{\"@type\":\"EntryPoint\",\"urlTemplate\":\"https:\/\/www.belmarinahoian.com\/vi\/?s={search_term_string}\"},\"query-input\":\"required name=search_term_string\"}],\"inLanguage\":\"vi-VN\"}]}<\/script>\n<!-- \/ Yoast SEO plugin. -->","yoast_head_json":{"title":"G\u00f3i Trang Tr\u00ed Ti\u1ec7c M\u1eebng Sinh Nh\u1eadt - Bel Marina Hoi An","robots":{"index":"index","follow":"follow","max-snippet":"max-snippet:-1","max-image-preview":"max-image-preview:large","max-video-preview":"max-video-preview:-1"},"canonical":"https:\/\/www.belmarinahoian.com\/vi\/special-offers\/goi-trang-tri-sinh-nhat\/","og_locale":"vi_VN","og_type":"article","og_title":"G\u00f3i Trang Tr\u00ed Ti\u1ec7c M\u1eebng Sinh Nh\u1eadt - Bel Marina Hoi An","og_description":"\u0110\u1ec3 sinh nh\u1eadt c\u1ee7a b\u1ea1n tr\u1edf n\u00ean th\u1eadt \u0111\u00e1ng nh\u1edb, Bel Marina Hoi An Resort \u0111\u00e3 chu\u1ea9n b\u1ecb m\u1ed9t g\u00f3i \u01b0u \u0111\u00e3i \u0111\u1eb7c bi\u1ec7t nh\u1eb1m mang \u0111\u1ebfn nh\u1eefng kho\u1ea3nh kh\u1eafc v\u00e0 k\u1ef7 ni\u1ec7m sinh nh\u1eadt kh\u00f3 qu\u00ean. L\u1ef1a ch\u1ecdn 1: 2,000,000VN\u0110 B\u00e1nh sinh nh\u1eadt M\u1ed9t b\u00f3 hoa t\u01b0\u01a1i Trang tr\u00ed gi\u01b0\u1eddng v\u1edbi\u00a0 bong b\u00f3ng L\u1ef1a [&hellip;]","og_url":"https:\/\/www.belmarinahoian.com\/vi\/special-offers\/goi-trang-tri-sinh-nhat\/","og_site_name":"Bel Marina Hoi An","article_publisher":"https:\/\/www.facebook.com\/belmarinahoian.official","article_modified_time":"2026-04-15T02:42:15+00:00","og_image":[{"width":2200,"height":1514,"url":"https:\/\/www.belmarinahoian.com\/wp-content\/uploads\/sites\/132\/2026\/03\/Happy-Birthday_2.jpg","type":"image\/jpeg"}],"twitter_card":"summary_large_image","twitter_misc":{"Est. reading time":"1 minute"},"schema":{"@context":"https:\/\/schema.org","@graph":[{"@type":"WebPage","@id":"https:\/\/www.belmarinahoian.com\/vi\/special-offers\/goi-trang-tri-sinh-nhat\/","url":"https:\/\/www.belmarinahoian.com\/vi\/special-offers\/goi-trang-tri-sinh-nhat\/","name":"G\u00f3i Trang Tr\u00ed Ti\u1ec7c M\u1eebng Sinh Nh\u1eadt - Bel Marina Hoi An","isPartOf":{"@id":"https:\/\/www.belmarinahoian.com\/vi\/#website"},"primaryImageOfPage":{"@id":"https:\/\/www.belmarinahoian.com\/vi\/special-offers\/goi-trang-tri-sinh-nhat\/#primaryimage"},"image":{"@id":"https:\/\/www.belmarinahoian.com\/vi\/special-offers\/goi-trang-tri-sinh-nhat\/#primaryimage"},"thumbnailUrl":"https:\/\/www.belmarinahoian.com\/wp-content\/uploads\/sites\/132\/2026\/03\/Happy-Birthday_2.jpg","datePublished":"2026-03-09T07:17:56+00:00","dateModified":"2026-04-15T02:42:15+00:00","breadcrumb":{"@id":"https:\/\/www.belmarinahoian.com\/vi\/special-offers\/goi-trang-tri-sinh-nhat\/#breadcrumb"},"inLanguage":"vi-VN","potentialAction":[{"@type":"ReadAction","target":["https:\/\/www.belmarinahoian.com\/vi\/special-offers\/goi-trang-tri-sinh-nhat\/"]}]},{"@type":"ImageObject","inLanguage":"vi-VN","@id":"https:\/\/www.belmarinahoian.com\/vi\/special-offers\/goi-trang-tri-sinh-nhat\/#primaryimage","url":"https:\/\/www.belmarinahoian.com\/wp-content\/uploads\/sites\/132\/2026\/03\/Happy-Birthday_2.jpg","contentUrl":"https:\/\/www.belmarinahoian.com\/wp-content\/uploads\/sites\/132\/2026\/03\/Happy-Birthday_2.jpg","width":2200,"height":1514},{"@type":"BreadcrumbList","@id":"https:\/\/www.belmarinahoian.com\/vi\/special-offers\/goi-trang-tri-sinh-nhat\/#breadcrumb","itemListElement":[{"@type":"ListItem","position":1,"name":"Home","item":"https:\/\/www.belmarinahoian.com\/vi\/"},{"@type":"ListItem","position":2,"name":"\u01afu \u0110\u00e3i","item":"https:\/\/www.belmarinahoian.com\/vi\/special-offers\/"},{"@type":"ListItem","position":3,"name":"G\u00f3i Trang Tr\u00ed Ti\u1ec7c M\u1eebng Sinh Nh\u1eadt"}]},{"@type":"WebSite","@id":"https:\/\/www.belmarinahoian.com\/vi\/#website","url":"https:\/\/www.belmarinahoian.com\/vi\/","name":"Bel Marina Hoi An","description":"","potentialAction":[{"@type":"SearchAction","target":{"@type":"EntryPoint","urlTemplate":"https:\/\/www.belmarinahoian.com\/vi\/?s={search_term_string}"},"query-input":"required name=search_term_string"}],"inLanguage":"vi-VN"}]}},"acf":[],"_links":{"self":[{"href":"https:\/\/www.belmarinahoian.com\/vi\/wp-json\/wp\/v2\/pages\/562"}],"collection":[{"href":"https:\/\/www.belmarinahoian.com\/vi\/wp-json\/wp\/v2\/pages"}],"about":[{"href":"https:\/\/www.belmarinahoian.com\/vi\/wp-json\/wp\/v2\/types\/page"}],"author":[{"embeddable":true,"href":"https:\/\/www.belmarinahoian.com\/vi\/wp-json\/wp\/v2\/users\/249"}],"replies":[{"embeddable":true,"href":"https:\/\/www.belmarinahoian.com\/vi\/wp-json\/wp\/v2\/comments?post=562"}],"version-history":[{"count":0,"href":"https:\/\/www.belmarinahoian.com\/vi\/wp-json\/wp\/v2\/pages\/562\/revisions"}],"up":[{"embeddable":true,"href":"https:\/\/www.belmarinahoian.com\/vi\/wp-json\/wp\/v2\/pages\/242"}],"wp:featuredmedia":[{"embeddable":true,"href":"https:\/\/www.belmarinahoian.com\/vi\/wp-json\/wp\/v2\/media\/563"}],"wp:attachment":[{"href":"https:\/\/www.belmarinahoian.com\/vi\/wp-json\/wp\/v2\/media?parent=562"}],"wp:term":[{"taxonomy":"category","embeddable":true,"href":"https:\/\/www.belmarinahoian.com\/vi\/wp-json\/wp\/v2\/categories?post=562"}],"curies":[{"name":"wp","href":"https:\/\/api.w.org\/{rel}","templated":true}]}}