{"id":544,"date":"2026-01-08T02:43:06","date_gmt":"2026-01-08T02:43:06","guid":{"rendered":"https:\/\/www.belmarinahoian.com\/?page_id=544"},"modified":"2026-01-08T02:44:04","modified_gmt":"2026-01-08T02:44:04","slug":"cho-dem-hoi-an","status":"publish","type":"page","link":"https:\/\/www.belmarinahoian.com\/vi\/destination\/cho-dem-hoi-an\/","title":{"rendered":"Ch\u1ee3 \u0110\u00eam H\u1ed9i An"},"content":{"rendered":"<p>Ch\u1ee3 \u0111\u00eam H\u1ed9i An hay c\u00f2n c\u00f2n l\u00e0 ch\u1ee3 \u0111\u00eam Nguy\u1ec5n Ho\u00e0ng v\u00ec n\u1eb1m tr\u00ean \u0111\u01b0\u1eddng Nguy\u1ec5n Ho\u00e0ng, \u0111\u1ed1i di\u1ec7n v\u1edbi ch\u00f9a C\u1ea7u. Khu ch\u1ee3 b\u1eaft \u0111\u1ea7u ho\u1ea1t \u0111\u1ed9ng t\u1eeb 17h \u2013 23h h\u1eb1ng ng\u00e0y. \u0110\u00e2y l\u00e0 m\u1ed9t \u0111\u1ecba \u0111i\u1ec3m vui ch\u01a1i, gi\u1ea3i tr\u00ed v\u1ec1 \u0111\u00eam \u1edf H\u1ed9i An thu h\u00fat \u0111\u00f4ng \u0111\u1ea3o du kh\u00e1ch t\u1edbi th\u0103m.<\/p>\n<p>Khu ch\u1ee3 n\u1eb1m tr\u00ean di\u1ec7n t\u00edch r\u1ed9ng kho\u1ea3ng 300 m\u00e9t v\u1edbi h\u01a1n 50 gian h\u00e0ng k\u00e9o d\u00e0i su\u1ed1t \u0111\u01b0\u1eddng Nguy\u1ec5n Ho\u00e0ng. N\u1ebfu gh\u00e9 th\u0103m H\u1ed9i An v\u1ec1 \u0111\u00eam, du kh\u00e1ch s\u1ebd kh\u00f4ng kh\u1ecfi ng\u1ea9n ng\u01a1 tr\u01b0\u1edbc v\u1ebb \u0111\u1eb9p lung linh c\u1ee7a khu ch\u1ee3 d\u01b0\u1edbi \u00e1nh \u0111\u00e8n l\u1ed3ng nhi\u1ec1u m\u00e0u s\u1eafc.<\/p>\n<p>\u0110\u1ebfn v\u1edbi ch\u1ee3 \u0111\u00eam Nguy\u1ec5n Ho\u00e0ng, du kh\u00e1ch s\u1ebd th\u1ea5y xu\u1ea5t hi\u1ec7n nhi\u1ec1u m\u1eb7t h\u00e0ng \u0111a d\u1ea1ng. B\u1ea1n c\u00f3 th\u1ec3 mua nh\u1eefng m\u00f3n h\u00e0ng truy\u1ec1n th\u1ed1ng nh\u01b0 \u0111\u00e8n l\u1ed3ng, qu\u1ea1t gi\u1ea5y, \u0111\u1ed3 th\u1ee7 c\u00f4ng m\u1ef9 ngh\u1ec7, \u0111\u1ed3 l\u01b0u ni\u1ec7m\u2026 B\u00ean c\u1ea1nh \u0111\u00f3, \u1edf ch\u1ee3 c\u00f2n b\u00e1n qu\u1ea7n \u00e1o, v\u1ea3i v\u00f3c, gi\u00e0y d\u00e9p m\u00e0 du kh\u00e1ch c\u00f3 th\u1ec3 mua v\u1ec1 \u0111\u1ec3 l\u00e0m qu\u00e0 cho b\u1ea1n b\u00e8 v\u00e0 ng\u01b0\u1eddi th\u00e2n.<\/p>\n","protected":false},"excerpt":{"rendered":"<p>Ch\u1ee3 \u0111\u00eam H\u1ed9i An hay c\u00f2n c\u00f2n l\u00e0 ch\u1ee3 \u0111\u00eam Nguy\u1ec5n Ho\u00e0ng v\u00ec n\u1eb1m tr\u00ean \u0111\u01b0\u1eddng Nguy\u1ec5n Ho\u00e0ng, \u0111\u1ed1i di\u1ec7n v\u1edbi ch\u00f9a C\u1ea7u. Khu ch\u1ee3 b\u1eaft \u0111\u1ea7u ho\u1ea1t \u0111\u1ed9ng t\u1eeb 17h \u2013 23h h\u1eb1ng ng\u00e0y. \u0110\u00e2y l\u00e0 m\u1ed9t \u0111\u1ecba \u0111i\u1ec3m vui ch\u01a1i, gi\u1ea3i tr\u00ed v\u1ec1 \u0111\u00eam \u1edf H\u1ed9i An thu h\u00fat \u0111\u00f4ng \u0111\u1ea3o du kh\u00e1ch [&hellip;]<\/p>\n","protected":false},"author":249,"featured_media":545,"parent":253,"menu_order":0,"comment_status":"closed","ping_status":"closed","template":"template-single-destination.php","meta":{"footnotes":""},"categories":[],"yoast_head":"<!-- This site is optimized with the Yoast SEO plugin v22.3 - https:\/\/yoast.com\/wordpress\/plugins\/seo\/ -->\n<title>Ch\u1ee3 \u0110\u00eam H\u1ed9i An - Bel Marina Hoi An<\/title>\n<meta name=\"robots\" content=\"index, follow, max-snippet:-1, max-image-preview:large, max-video-preview:-1\" \/>\n<link rel=\"canonical\" href=\"https:\/\/www.belmarinahoian.com\/vi\/destination\/cho-dem-hoi-an\/\" \/>\n<meta property=\"og:locale\" content=\"vi_VN\" \/>\n<meta property=\"og:type\" content=\"article\" \/>\n<meta property=\"og:title\" content=\"Ch\u1ee3 \u0110\u00eam H\u1ed9i An - Bel Marina Hoi An\" \/>\n<meta property=\"og:description\" content=\"Ch\u1ee3 \u0111\u00eam H\u1ed9i An hay c\u00f2n c\u00f2n l\u00e0 ch\u1ee3 \u0111\u00eam Nguy\u1ec5n Ho\u00e0ng v\u00ec n\u1eb1m tr\u00ean \u0111\u01b0\u1eddng Nguy\u1ec5n Ho\u00e0ng, \u0111\u1ed1i di\u1ec7n v\u1edbi ch\u00f9a C\u1ea7u. Khu ch\u1ee3 b\u1eaft \u0111\u1ea7u ho\u1ea1t \u0111\u1ed9ng t\u1eeb 17h \u2013 23h h\u1eb1ng ng\u00e0y. \u0110\u00e2y l\u00e0 m\u1ed9t \u0111\u1ecba \u0111i\u1ec3m vui ch\u01a1i, gi\u1ea3i tr\u00ed v\u1ec1 \u0111\u00eam \u1edf H\u1ed9i An thu h\u00fat \u0111\u00f4ng \u0111\u1ea3o du kh\u00e1ch [&hellip;]\" \/>\n<meta property=\"og:url\" content=\"https:\/\/www.belmarinahoian.com\/vi\/destination\/cho-dem-hoi-an\/\" \/>\n<meta property=\"og:site_name\" content=\"Bel Marina Hoi An\" \/>\n<meta property=\"article:publisher\" content=\"https:\/\/www.facebook.com\/belmarinahoian.official\" \/>\n<meta property=\"article:modified_time\" content=\"2026-01-08T02:44:04+00:00\" \/>\n<meta property=\"og:image\" content=\"https:\/\/www.belmarinahoian.com\/wp-content\/uploads\/sites\/132\/2026\/01\/night-market.jpg\" \/>\n\t<meta property=\"og:image:width\" content=\"1566\" \/>\n\t<meta property=\"og:image:height\" content=\"1280\" \/>\n\t<meta property=\"og:image:type\" content=\"image\/jpeg\" \/>\n<meta name=\"twitter:card\" content=\"summary_large_image\" \/>\n<meta name=\"twitter:label1\" content=\"Est. reading time\" \/>\n\t<meta name=\"twitter:data1\" content=\"1 minute\" \/>\n<script type=\"application\/ld+json\" class=\"yoast-schema-graph\">{\"@context\":\"https:\/\/schema.org\",\"@graph\":[{\"@type\":\"WebPage\",\"@id\":\"https:\/\/www.belmarinahoian.com\/vi\/destination\/cho-dem-hoi-an\/\",\"url\":\"https:\/\/www.belmarinahoian.com\/vi\/destination\/cho-dem-hoi-an\/\",\"name\":\"Ch\u1ee3 \u0110\u00eam H\u1ed9i An - Bel Marina Hoi An\",\"isPartOf\":{\"@id\":\"https:\/\/www.belmarinahoian.com\/vi\/#website\"},\"primaryImageOfPage\":{\"@id\":\"https:\/\/www.belmarinahoian.com\/vi\/destination\/cho-dem-hoi-an\/#primaryimage\"},\"image\":{\"@id\":\"https:\/\/www.belmarinahoian.com\/vi\/destination\/cho-dem-hoi-an\/#primaryimage\"},\"thumbnailUrl\":\"https:\/\/www.belmarinahoian.com\/wp-content\/uploads\/sites\/132\/2026\/01\/night-market.jpg\",\"datePublished\":\"2026-01-08T02:43:06+00:00\",\"dateModified\":\"2026-01-08T02:44:04+00:00\",\"breadcrumb\":{\"@id\":\"https:\/\/www.belmarinahoian.com\/vi\/destination\/cho-dem-hoi-an\/#breadcrumb\"},\"inLanguage\":\"vi-VN\",\"potentialAction\":[{\"@type\":\"ReadAction\",\"target\":[\"https:\/\/www.belmarinahoian.com\/vi\/destination\/cho-dem-hoi-an\/\"]}]},{\"@type\":\"ImageObject\",\"inLanguage\":\"vi-VN\",\"@id\":\"https:\/\/www.belmarinahoian.com\/vi\/destination\/cho-dem-hoi-an\/#primaryimage\",\"url\":\"https:\/\/www.belmarinahoian.com\/wp-content\/uploads\/sites\/132\/2026\/01\/night-market.jpg\",\"contentUrl\":\"https:\/\/www.belmarinahoian.com\/wp-content\/uploads\/sites\/132\/2026\/01\/night-market.jpg\",\"width\":1566,\"height\":1280},{\"@type\":\"BreadcrumbList\",\"@id\":\"https:\/\/www.belmarinahoian.com\/vi\/destination\/cho-dem-hoi-an\/#breadcrumb\",\"itemListElement\":[{\"@type\":\"ListItem\",\"position\":1,\"name\":\"Home\",\"item\":\"https:\/\/www.belmarinahoian.com\/vi\/\"},{\"@type\":\"ListItem\",\"position\":2,\"name\":\"\u0110i\u1ec3m \u0111\u1ebfn\",\"item\":\"https:\/\/www.belmarinahoian.com\/vi\/destination\/\"},{\"@type\":\"ListItem\",\"position\":3,\"name\":\"Ch\u1ee3 \u0110\u00eam H\u1ed9i An\"}]},{\"@type\":\"WebSite\",\"@id\":\"https:\/\/www.belmarinahoian.com\/vi\/#website\",\"url\":\"https:\/\/www.belmarinahoian.com\/vi\/\",\"name\":\"Bel Marina Hoi An\",\"description\":\"\",\"potentialAction\":[{\"@type\":\"SearchAction\",\"target\":{\"@type\":\"EntryPoint\",\"urlTemplate\":\"https:\/\/www.belmarinahoian.com\/vi\/?s={search_term_string}\"},\"query-input\":\"required name=search_term_string\"}],\"inLanguage\":\"vi-VN\"}]}<\/script>\n<!-- \/ Yoast SEO plugin. -->","yoast_head_json":{"title":"Ch\u1ee3 \u0110\u00eam H\u1ed9i An - Bel Marina Hoi An","robots":{"index":"index","follow":"follow","max-snippet":"max-snippet:-1","max-image-preview":"max-image-preview:large","max-video-preview":"max-video-preview:-1"},"canonical":"https:\/\/www.belmarinahoian.com\/vi\/destination\/cho-dem-hoi-an\/","og_locale":"vi_VN","og_type":"article","og_title":"Ch\u1ee3 \u0110\u00eam H\u1ed9i An - Bel Marina Hoi An","og_description":"Ch\u1ee3 \u0111\u00eam H\u1ed9i An hay c\u00f2n c\u00f2n l\u00e0 ch\u1ee3 \u0111\u00eam Nguy\u1ec5n Ho\u00e0ng v\u00ec n\u1eb1m tr\u00ean \u0111\u01b0\u1eddng Nguy\u1ec5n Ho\u00e0ng, \u0111\u1ed1i di\u1ec7n v\u1edbi ch\u00f9a C\u1ea7u. Khu ch\u1ee3 b\u1eaft \u0111\u1ea7u ho\u1ea1t \u0111\u1ed9ng t\u1eeb 17h \u2013 23h h\u1eb1ng ng\u00e0y. \u0110\u00e2y l\u00e0 m\u1ed9t \u0111\u1ecba \u0111i\u1ec3m vui ch\u01a1i, gi\u1ea3i tr\u00ed v\u1ec1 \u0111\u00eam \u1edf H\u1ed9i An thu h\u00fat \u0111\u00f4ng \u0111\u1ea3o du kh\u00e1ch [&hellip;]","og_url":"https:\/\/www.belmarinahoian.com\/vi\/destination\/cho-dem-hoi-an\/","og_site_name":"Bel Marina Hoi An","article_publisher":"https:\/\/www.facebook.com\/belmarinahoian.official","article_modified_time":"2026-01-08T02:44:04+00:00","og_image":[{"width":1566,"height":1280,"url":"https:\/\/www.belmarinahoian.com\/wp-content\/uploads\/sites\/132\/2026\/01\/night-market.jpg","type":"image\/jpeg"}],"twitter_card":"summary_large_image","twitter_misc":{"Est. reading time":"1 minute"},"schema":{"@context":"https:\/\/schema.org","@graph":[{"@type":"WebPage","@id":"https:\/\/www.belmarinahoian.com\/vi\/destination\/cho-dem-hoi-an\/","url":"https:\/\/www.belmarinahoian.com\/vi\/destination\/cho-dem-hoi-an\/","name":"Ch\u1ee3 \u0110\u00eam H\u1ed9i An - Bel Marina Hoi An","isPartOf":{"@id":"https:\/\/www.belmarinahoian.com\/vi\/#website"},"primaryImageOfPage":{"@id":"https:\/\/www.belmarinahoian.com\/vi\/destination\/cho-dem-hoi-an\/#primaryimage"},"image":{"@id":"https:\/\/www.belmarinahoian.com\/vi\/destination\/cho-dem-hoi-an\/#primaryimage"},"thumbnailUrl":"https:\/\/www.belmarinahoian.com\/wp-content\/uploads\/sites\/132\/2026\/01\/night-market.jpg","datePublished":"2026-01-08T02:43:06+00:00","dateModified":"2026-01-08T02:44:04+00:00","breadcrumb":{"@id":"https:\/\/www.belmarinahoian.com\/vi\/destination\/cho-dem-hoi-an\/#breadcrumb"},"inLanguage":"vi-VN","potentialAction":[{"@type":"ReadAction","target":["https:\/\/www.belmarinahoian.com\/vi\/destination\/cho-dem-hoi-an\/"]}]},{"@type":"ImageObject","inLanguage":"vi-VN","@id":"https:\/\/www.belmarinahoian.com\/vi\/destination\/cho-dem-hoi-an\/#primaryimage","url":"https:\/\/www.belmarinahoian.com\/wp-content\/uploads\/sites\/132\/2026\/01\/night-market.jpg","contentUrl":"https:\/\/www.belmarinahoian.com\/wp-content\/uploads\/sites\/132\/2026\/01\/night-market.jpg","width":1566,"height":1280},{"@type":"BreadcrumbList","@id":"https:\/\/www.belmarinahoian.com\/vi\/destination\/cho-dem-hoi-an\/#breadcrumb","itemListElement":[{"@type":"ListItem","position":1,"name":"Home","item":"https:\/\/www.belmarinahoian.com\/vi\/"},{"@type":"ListItem","position":2,"name":"\u0110i\u1ec3m \u0111\u1ebfn","item":"https:\/\/www.belmarinahoian.com\/vi\/destination\/"},{"@type":"ListItem","position":3,"name":"Ch\u1ee3 \u0110\u00eam H\u1ed9i An"}]},{"@type":"WebSite","@id":"https:\/\/www.belmarinahoian.com\/vi\/#website","url":"https:\/\/www.belmarinahoian.com\/vi\/","name":"Bel Marina Hoi An","description":"","potentialAction":[{"@type":"SearchAction","target":{"@type":"EntryPoint","urlTemplate":"https:\/\/www.belmarinahoian.com\/vi\/?s={search_term_string}"},"query-input":"required name=search_term_string"}],"inLanguage":"vi-VN"}]}},"acf":[],"_links":{"self":[{"href":"https:\/\/www.belmarinahoian.com\/vi\/wp-json\/wp\/v2\/pages\/544"}],"collection":[{"href":"https:\/\/www.belmarinahoian.com\/vi\/wp-json\/wp\/v2\/pages"}],"about":[{"href":"https:\/\/www.belmarinahoian.com\/vi\/wp-json\/wp\/v2\/types\/page"}],"author":[{"embeddable":true,"href":"https:\/\/www.belmarinahoian.com\/vi\/wp-json\/wp\/v2\/users\/249"}],"replies":[{"embeddable":true,"href":"https:\/\/www.belmarinahoian.com\/vi\/wp-json\/wp\/v2\/comments?post=544"}],"version-history":[{"count":0,"href":"https:\/\/www.belmarinahoian.com\/vi\/wp-json\/wp\/v2\/pages\/544\/revisions"}],"up":[{"embeddable":true,"href":"https:\/\/www.belmarinahoian.com\/vi\/wp-json\/wp\/v2\/pages\/253"}],"wp:featuredmedia":[{"embeddable":true,"href":"https:\/\/www.belmarinahoian.com\/vi\/wp-json\/wp\/v2\/media\/545"}],"wp:attachment":[{"href":"https:\/\/www.belmarinahoian.com\/vi\/wp-json\/wp\/v2\/media?parent=544"}],"wp:term":[{"taxonomy":"category","embeddable":true,"href":"https:\/\/www.belmarinahoian.com\/vi\/wp-json\/wp\/v2\/categories?post=544"}],"curies":[{"name":"wp","href":"https:\/\/api.w.org\/{rel}","templated":true}]}}