{"id":541,"date":"2026-01-08T02:38:45","date_gmt":"2026-01-08T02:38:45","guid":{"rendered":"https:\/\/www.belmarinahoian.com\/?page_id=541"},"modified":"2026-01-08T02:40:12","modified_gmt":"2026-01-08T02:40:12","slug":"bao-tang-lich-su-van-hoa-hoi-an","status":"publish","type":"page","link":"https:\/\/www.belmarinahoian.com\/vi\/destination\/bao-tang-lich-su-van-hoa-hoi-an\/","title":{"rendered":"B\u1ea3o t\u00e0ng l\u1ecbch s\u1eed v\u0103n h\u00f3a H\u1ed9i An"},"content":{"rendered":"<p>\u0110\u01b0\u1ee3c th\u00e0nh l\u1eadp v\u00e0o n\u0103m 1989, b\u1ea3o t\u00e0ng tr\u01b0ng b\u00e0y 212 hi\u1ec7n v\u1eadt g\u1ed1c v\u00e0 t\u01b0 li\u1ec7u c\u00f3 gi\u00e1 tr\u1ecb b\u1eb1ng g\u1ed1m, s\u1ee9, \u0111\u1ed3ng s\u1eaft, gi\u1ea5y, g\u1ed7\u2026 ph\u1ea3n \u00e1nh c\u00e1c giai \u0111o\u1ea1n ph\u00e1t tri\u1ec3n c\u1ee7a \u0111\u00f4 th\u1ecb \u2013 th\u01b0\u01a1ng c\u1ea3ng H\u1ed9i An t\u1eeb th\u1eddi k\u1ef3 v\u0103n ho\u00e1 Sa Hu\u1ef3nh (t\u1eeb th\u1ebf k\u1ef7 th\u1ee9 2 sau C\u00f4ng Nguy\u00ean) \u0111\u1ebfn th\u1eddi k\u1ef3 v\u0103n ho\u00e1 Ch\u0103m (t\u1eeb th\u1ebf k\u1ef7 2 \u0111\u1ebfn th\u1ebf k\u1ef7 15) v\u00e0 v\u0103n ho\u00e1 \u0110ai Vi\u1ec7t, \u0110\u1ea1i Nam (t\u1eeb th\u1ebf k\u1ef7 15 \u0111\u1ebfn th\u1ebf k\u1ef7 19).<\/p>\n<p>\u0110\u1ebfn th\u1eddi k\u1ef3 Ch\u0103m Pa l\u00e0 giai \u0111o\u1ea1n ph\u00e1t tri\u1ec3n ph\u1ed3n th\u1ecbnh c\u1ee7a Th\u01b0\u01a1ng c\u1ea3ng H\u1ed9i An. B\u1ea3o t\u00e0ng L\u1ecbch s\u1eed \u2013 V\u0103n ho\u00e1 H\u1ed9i An hi\u1ec7n nay c\u00f2n tr\u01b0ng b\u00e0y r\u1ea5t nhi\u1ec1u hi\u1ec7n v\u1eadt g\u1eafn li\u1ec1n v\u1edbi v\u0103n h\u00f3a Ch\u0103m Pa bao g\u1ed3m c\u00e1c m\u1ea3nh g\u1ed1m, g\u1ea1ch Ch\u0103m \u0111\u01b0\u1ee3c trang tr\u00ed hoa v\u0103n r\u1ea5t tinh t\u1ebf. Ngo\u00e0i ra, n\u01a1i \u0111\u00e2y c\u00f2n l\u01b0u gi\u1eef r\u1ea5t nhi\u1ec1u t\u00e0i li\u1ec7u v\u1ec1 vi\u1ec7c giao th\u01b0\u01a1ng c\u1ee7a H\u1ed9i An.<\/p>\n<p>M\u1ed7i hi\u1ec7n v\u1eadt t\u1ea1i b\u1ea3o t\u00e0ng \u0111\u1ec1u mang trong m\u00ecnh nh\u1eefng \u00fd ngh\u0129a, nh\u1eefng c\u00e2u chuy\u1ec7n kh\u00e1c nhau. Du kh\u00e1ch t\u1edbi \u0111\u00e2y s\u1ebd c\u1ea3m nh\u1eadn \u0111\u01b0\u1ee3c s\u1ef1 s\u00e1ng t\u1ea1o v\u00e0 t\u00e0i n\u0103ng c\u1ee7a con ng\u01b0\u1eddi. T\u1eeb th\u1eddi ti\u1ec1n s\u1eed h\u1ecd \u0111\u00e3 bi\u1ebft l\u00e0m nh\u1eefng \u0111\u1ed3 d\u00f9ng ph\u1ee5c v\u1ee5 cho lao \u0111\u1ed9ng s\u1ea3n xu\u1ea5t. Cho t\u1edbi khi c\u00f3 s\u1ef1 giao thoa v\u0103n h\u00f3a, h\u1ecd \u0111\u00e3 t\u1ea1o n\u00ean nh\u1eefng s\u1ea3n ph\u1ea9m \u0111\u00f2i h\u1ecfi k\u1ef9 thu\u1eadt cao h\u01a1n nh\u01b0 \u0111\u1ed3 g\u1ed1m, trang s\u1ee9c, c\u00e1n c\u00e2n\u2026<\/p>\n<p>B\u1ea3o t\u00e0ng L\u1ecbch s\u1eed \u2013 V\u0103n ho\u00e1 H\u1ed9i An l\u00e0 n\u01a1i h\u1ed9i t\u1ee5 nh\u1eefng n\u00e9t v\u0103n h\u00f3a ti\u00eau bi\u1ec3u c\u1ee7a ph\u1ed1 c\u1ed5 H\u1ed9i An qua t\u1eebng th\u1eddi k\u1ef3 ph\u00e1t tri\u1ec3n. T\u1ea5t c\u1ea3 \u0111\u00e3 t\u1ea1o n\u00ean m\u1ed9t b\u1ee9c tranh v\u0103n h\u00f3a sinh \u0111\u1ed9ng \u0111\u1ea7y m\u00e0u s\u1eafc. C\u00f3 th\u1ec3 n\u00f3i, b\u1ea3o t\u00e0ng \u0111\u00e3 g\u00f3p ph\u1ea7n kh\u00f4ng h\u1ec1 nh\u1ecf cho s\u1ef1 ph\u00e1t tri\u1ec3n, giao thoa v\u0103n h\u00f3a gi\u1eefa Vi\u1ec7t Nam v\u00e0 c\u00e1c n\u01b0\u1edbc l\u00e1ng gi\u1ec1ng.<\/p>\n<p>TH\u00d4NG TIN THAM QUAN<br \/>\n\u0110\u1ecba ch\u1ec9: 13 Tr\u1ea7n H\u01b0ng \u0110\u1ea1o<\/p>\n","protected":false},"excerpt":{"rendered":"<p>\u0110\u01b0\u1ee3c th\u00e0nh l\u1eadp v\u00e0o n\u0103m 1989, b\u1ea3o t\u00e0ng tr\u01b0ng b\u00e0y 212 hi\u1ec7n v\u1eadt g\u1ed1c v\u00e0 t\u01b0 li\u1ec7u c\u00f3 gi\u00e1 tr\u1ecb b\u1eb1ng g\u1ed1m, s\u1ee9, \u0111\u1ed3ng s\u1eaft, gi\u1ea5y, g\u1ed7\u2026 ph\u1ea3n \u00e1nh c\u00e1c giai \u0111o\u1ea1n ph\u00e1t tri\u1ec3n c\u1ee7a \u0111\u00f4 th\u1ecb \u2013 th\u01b0\u01a1ng c\u1ea3ng H\u1ed9i An t\u1eeb th\u1eddi k\u1ef3 v\u0103n ho\u00e1 Sa Hu\u1ef3nh (t\u1eeb th\u1ebf k\u1ef7 th\u1ee9 2 sau [&hellip;]<\/p>\n","protected":false},"author":249,"featured_media":542,"parent":253,"menu_order":0,"comment_status":"closed","ping_status":"closed","template":"template-single-destination.php","meta":{"footnotes":""},"categories":[],"yoast_head":"<!-- This site is optimized with the Yoast SEO plugin v22.3 - https:\/\/yoast.com\/wordpress\/plugins\/seo\/ -->\n<title>B\u1ea3o t\u00e0ng l\u1ecbch s\u1eed v\u0103n h\u00f3a H\u1ed9i An - Bel Marina Hoi An<\/title>\n<meta name=\"robots\" content=\"index, follow, max-snippet:-1, max-image-preview:large, max-video-preview:-1\" \/>\n<link rel=\"canonical\" href=\"https:\/\/www.belmarinahoian.com\/vi\/destination\/bao-tang-lich-su-van-hoa-hoi-an\/\" \/>\n<meta property=\"og:locale\" content=\"vi_VN\" \/>\n<meta property=\"og:type\" content=\"article\" \/>\n<meta property=\"og:title\" content=\"B\u1ea3o t\u00e0ng l\u1ecbch s\u1eed v\u0103n h\u00f3a H\u1ed9i An - Bel Marina Hoi An\" \/>\n<meta property=\"og:description\" content=\"\u0110\u01b0\u1ee3c th\u00e0nh l\u1eadp v\u00e0o n\u0103m 1989, b\u1ea3o t\u00e0ng tr\u01b0ng b\u00e0y 212 hi\u1ec7n v\u1eadt g\u1ed1c v\u00e0 t\u01b0 li\u1ec7u c\u00f3 gi\u00e1 tr\u1ecb b\u1eb1ng g\u1ed1m, s\u1ee9, \u0111\u1ed3ng s\u1eaft, gi\u1ea5y, g\u1ed7\u2026 ph\u1ea3n \u00e1nh c\u00e1c giai \u0111o\u1ea1n ph\u00e1t tri\u1ec3n c\u1ee7a \u0111\u00f4 th\u1ecb \u2013 th\u01b0\u01a1ng c\u1ea3ng H\u1ed9i An t\u1eeb th\u1eddi k\u1ef3 v\u0103n ho\u00e1 Sa Hu\u1ef3nh (t\u1eeb th\u1ebf k\u1ef7 th\u1ee9 2 sau [&hellip;]\" \/>\n<meta property=\"og:url\" content=\"https:\/\/www.belmarinahoian.com\/vi\/destination\/bao-tang-lich-su-van-hoa-hoi-an\/\" \/>\n<meta property=\"og:site_name\" content=\"Bel Marina Hoi An\" \/>\n<meta property=\"article:publisher\" content=\"https:\/\/www.facebook.com\/belmarinahoian.official\" \/>\n<meta property=\"article:modified_time\" content=\"2026-01-08T02:40:12+00:00\" \/>\n<meta property=\"og:image\" content=\"https:\/\/www.belmarinahoian.com\/wp-content\/uploads\/sites\/132\/2026\/01\/Hoi-An-Museum-of-History-and-Culture.jpg\" \/>\n\t<meta property=\"og:image:width\" content=\"1566\" \/>\n\t<meta property=\"og:image:height\" content=\"1280\" \/>\n\t<meta property=\"og:image:type\" content=\"image\/jpeg\" \/>\n<meta name=\"twitter:card\" content=\"summary_large_image\" \/>\n<meta name=\"twitter:label1\" content=\"Est. reading time\" \/>\n\t<meta name=\"twitter:data1\" content=\"2 minutes\" \/>\n<script type=\"application\/ld+json\" class=\"yoast-schema-graph\">{\"@context\":\"https:\/\/schema.org\",\"@graph\":[{\"@type\":\"WebPage\",\"@id\":\"https:\/\/www.belmarinahoian.com\/vi\/destination\/bao-tang-lich-su-van-hoa-hoi-an\/\",\"url\":\"https:\/\/www.belmarinahoian.com\/vi\/destination\/bao-tang-lich-su-van-hoa-hoi-an\/\",\"name\":\"B\u1ea3o t\u00e0ng l\u1ecbch s\u1eed v\u0103n h\u00f3a H\u1ed9i An - Bel Marina Hoi An\",\"isPartOf\":{\"@id\":\"https:\/\/www.belmarinahoian.com\/vi\/#website\"},\"primaryImageOfPage\":{\"@id\":\"https:\/\/www.belmarinahoian.com\/vi\/destination\/bao-tang-lich-su-van-hoa-hoi-an\/#primaryimage\"},\"image\":{\"@id\":\"https:\/\/www.belmarinahoian.com\/vi\/destination\/bao-tang-lich-su-van-hoa-hoi-an\/#primaryimage\"},\"thumbnailUrl\":\"https:\/\/www.belmarinahoian.com\/wp-content\/uploads\/sites\/132\/2026\/01\/Hoi-An-Museum-of-History-and-Culture.jpg\",\"datePublished\":\"2026-01-08T02:38:45+00:00\",\"dateModified\":\"2026-01-08T02:40:12+00:00\",\"breadcrumb\":{\"@id\":\"https:\/\/www.belmarinahoian.com\/vi\/destination\/bao-tang-lich-su-van-hoa-hoi-an\/#breadcrumb\"},\"inLanguage\":\"vi-VN\",\"potentialAction\":[{\"@type\":\"ReadAction\",\"target\":[\"https:\/\/www.belmarinahoian.com\/vi\/destination\/bao-tang-lich-su-van-hoa-hoi-an\/\"]}]},{\"@type\":\"ImageObject\",\"inLanguage\":\"vi-VN\",\"@id\":\"https:\/\/www.belmarinahoian.com\/vi\/destination\/bao-tang-lich-su-van-hoa-hoi-an\/#primaryimage\",\"url\":\"https:\/\/www.belmarinahoian.com\/wp-content\/uploads\/sites\/132\/2026\/01\/Hoi-An-Museum-of-History-and-Culture.jpg\",\"contentUrl\":\"https:\/\/www.belmarinahoian.com\/wp-content\/uploads\/sites\/132\/2026\/01\/Hoi-An-Museum-of-History-and-Culture.jpg\",\"width\":1566,\"height\":1280},{\"@type\":\"BreadcrumbList\",\"@id\":\"https:\/\/www.belmarinahoian.com\/vi\/destination\/bao-tang-lich-su-van-hoa-hoi-an\/#breadcrumb\",\"itemListElement\":[{\"@type\":\"ListItem\",\"position\":1,\"name\":\"Home\",\"item\":\"https:\/\/www.belmarinahoian.com\/vi\/\"},{\"@type\":\"ListItem\",\"position\":2,\"name\":\"\u0110i\u1ec3m \u0111\u1ebfn\",\"item\":\"https:\/\/www.belmarinahoian.com\/vi\/destination\/\"},{\"@type\":\"ListItem\",\"position\":3,\"name\":\"B\u1ea3o t\u00e0ng l\u1ecbch s\u1eed v\u0103n h\u00f3a H\u1ed9i An\"}]},{\"@type\":\"WebSite\",\"@id\":\"https:\/\/www.belmarinahoian.com\/vi\/#website\",\"url\":\"https:\/\/www.belmarinahoian.com\/vi\/\",\"name\":\"Bel Marina Hoi An\",\"description\":\"\",\"potentialAction\":[{\"@type\":\"SearchAction\",\"target\":{\"@type\":\"EntryPoint\",\"urlTemplate\":\"https:\/\/www.belmarinahoian.com\/vi\/?s={search_term_string}\"},\"query-input\":\"required name=search_term_string\"}],\"inLanguage\":\"vi-VN\"}]}<\/script>\n<!-- \/ Yoast SEO plugin. -->","yoast_head_json":{"title":"B\u1ea3o t\u00e0ng l\u1ecbch s\u1eed v\u0103n h\u00f3a H\u1ed9i An - Bel Marina Hoi An","robots":{"index":"index","follow":"follow","max-snippet":"max-snippet:-1","max-image-preview":"max-image-preview:large","max-video-preview":"max-video-preview:-1"},"canonical":"https:\/\/www.belmarinahoian.com\/vi\/destination\/bao-tang-lich-su-van-hoa-hoi-an\/","og_locale":"vi_VN","og_type":"article","og_title":"B\u1ea3o t\u00e0ng l\u1ecbch s\u1eed v\u0103n h\u00f3a H\u1ed9i An - Bel Marina Hoi An","og_description":"\u0110\u01b0\u1ee3c th\u00e0nh l\u1eadp v\u00e0o n\u0103m 1989, b\u1ea3o t\u00e0ng tr\u01b0ng b\u00e0y 212 hi\u1ec7n v\u1eadt g\u1ed1c v\u00e0 t\u01b0 li\u1ec7u c\u00f3 gi\u00e1 tr\u1ecb b\u1eb1ng g\u1ed1m, s\u1ee9, \u0111\u1ed3ng s\u1eaft, gi\u1ea5y, g\u1ed7\u2026 ph\u1ea3n \u00e1nh c\u00e1c giai \u0111o\u1ea1n ph\u00e1t tri\u1ec3n c\u1ee7a \u0111\u00f4 th\u1ecb \u2013 th\u01b0\u01a1ng c\u1ea3ng H\u1ed9i An t\u1eeb th\u1eddi k\u1ef3 v\u0103n ho\u00e1 Sa Hu\u1ef3nh (t\u1eeb th\u1ebf k\u1ef7 th\u1ee9 2 sau [&hellip;]","og_url":"https:\/\/www.belmarinahoian.com\/vi\/destination\/bao-tang-lich-su-van-hoa-hoi-an\/","og_site_name":"Bel Marina Hoi An","article_publisher":"https:\/\/www.facebook.com\/belmarinahoian.official","article_modified_time":"2026-01-08T02:40:12+00:00","og_image":[{"width":1566,"height":1280,"url":"https:\/\/www.belmarinahoian.com\/wp-content\/uploads\/sites\/132\/2026\/01\/Hoi-An-Museum-of-History-and-Culture.jpg","type":"image\/jpeg"}],"twitter_card":"summary_large_image","twitter_misc":{"Est. reading time":"2 minutes"},"schema":{"@context":"https:\/\/schema.org","@graph":[{"@type":"WebPage","@id":"https:\/\/www.belmarinahoian.com\/vi\/destination\/bao-tang-lich-su-van-hoa-hoi-an\/","url":"https:\/\/www.belmarinahoian.com\/vi\/destination\/bao-tang-lich-su-van-hoa-hoi-an\/","name":"B\u1ea3o t\u00e0ng l\u1ecbch s\u1eed v\u0103n h\u00f3a H\u1ed9i An - Bel Marina Hoi An","isPartOf":{"@id":"https:\/\/www.belmarinahoian.com\/vi\/#website"},"primaryImageOfPage":{"@id":"https:\/\/www.belmarinahoian.com\/vi\/destination\/bao-tang-lich-su-van-hoa-hoi-an\/#primaryimage"},"image":{"@id":"https:\/\/www.belmarinahoian.com\/vi\/destination\/bao-tang-lich-su-van-hoa-hoi-an\/#primaryimage"},"thumbnailUrl":"https:\/\/www.belmarinahoian.com\/wp-content\/uploads\/sites\/132\/2026\/01\/Hoi-An-Museum-of-History-and-Culture.jpg","datePublished":"2026-01-08T02:38:45+00:00","dateModified":"2026-01-08T02:40:12+00:00","breadcrumb":{"@id":"https:\/\/www.belmarinahoian.com\/vi\/destination\/bao-tang-lich-su-van-hoa-hoi-an\/#breadcrumb"},"inLanguage":"vi-VN","potentialAction":[{"@type":"ReadAction","target":["https:\/\/www.belmarinahoian.com\/vi\/destination\/bao-tang-lich-su-van-hoa-hoi-an\/"]}]},{"@type":"ImageObject","inLanguage":"vi-VN","@id":"https:\/\/www.belmarinahoian.com\/vi\/destination\/bao-tang-lich-su-van-hoa-hoi-an\/#primaryimage","url":"https:\/\/www.belmarinahoian.com\/wp-content\/uploads\/sites\/132\/2026\/01\/Hoi-An-Museum-of-History-and-Culture.jpg","contentUrl":"https:\/\/www.belmarinahoian.com\/wp-content\/uploads\/sites\/132\/2026\/01\/Hoi-An-Museum-of-History-and-Culture.jpg","width":1566,"height":1280},{"@type":"BreadcrumbList","@id":"https:\/\/www.belmarinahoian.com\/vi\/destination\/bao-tang-lich-su-van-hoa-hoi-an\/#breadcrumb","itemListElement":[{"@type":"ListItem","position":1,"name":"Home","item":"https:\/\/www.belmarinahoian.com\/vi\/"},{"@type":"ListItem","position":2,"name":"\u0110i\u1ec3m \u0111\u1ebfn","item":"https:\/\/www.belmarinahoian.com\/vi\/destination\/"},{"@type":"ListItem","position":3,"name":"B\u1ea3o t\u00e0ng l\u1ecbch s\u1eed v\u0103n h\u00f3a H\u1ed9i An"}]},{"@type":"WebSite","@id":"https:\/\/www.belmarinahoian.com\/vi\/#website","url":"https:\/\/www.belmarinahoian.com\/vi\/","name":"Bel Marina Hoi An","description":"","potentialAction":[{"@type":"SearchAction","target":{"@type":"EntryPoint","urlTemplate":"https:\/\/www.belmarinahoian.com\/vi\/?s={search_term_string}"},"query-input":"required name=search_term_string"}],"inLanguage":"vi-VN"}]}},"acf":[],"_links":{"self":[{"href":"https:\/\/www.belmarinahoian.com\/vi\/wp-json\/wp\/v2\/pages\/541"}],"collection":[{"href":"https:\/\/www.belmarinahoian.com\/vi\/wp-json\/wp\/v2\/pages"}],"about":[{"href":"https:\/\/www.belmarinahoian.com\/vi\/wp-json\/wp\/v2\/types\/page"}],"author":[{"embeddable":true,"href":"https:\/\/www.belmarinahoian.com\/vi\/wp-json\/wp\/v2\/users\/249"}],"replies":[{"embeddable":true,"href":"https:\/\/www.belmarinahoian.com\/vi\/wp-json\/wp\/v2\/comments?post=541"}],"version-history":[{"count":0,"href":"https:\/\/www.belmarinahoian.com\/vi\/wp-json\/wp\/v2\/pages\/541\/revisions"}],"up":[{"embeddable":true,"href":"https:\/\/www.belmarinahoian.com\/vi\/wp-json\/wp\/v2\/pages\/253"}],"wp:featuredmedia":[{"embeddable":true,"href":"https:\/\/www.belmarinahoian.com\/vi\/wp-json\/wp\/v2\/media\/542"}],"wp:attachment":[{"href":"https:\/\/www.belmarinahoian.com\/vi\/wp-json\/wp\/v2\/media?parent=541"}],"wp:term":[{"taxonomy":"category","embeddable":true,"href":"https:\/\/www.belmarinahoian.com\/vi\/wp-json\/wp\/v2\/categories?post=541"}],"curies":[{"name":"wp","href":"https:\/\/api.w.org\/{rel}","templated":true}]}}