{"id":538,"date":"2026-01-08T02:29:20","date_gmt":"2026-01-08T02:29:20","guid":{"rendered":"https:\/\/www.belmarinahoian.com\/?page_id=538"},"modified":"2026-01-08T02:31:08","modified_gmt":"2026-01-08T02:31:08","slug":"hoi-quan-phuc-kien","status":"publish","type":"page","link":"https:\/\/www.belmarinahoian.com\/vi\/destination\/hoi-quan-phuc-kien\/","title":{"rendered":"H\u1ed9i qu\u00e1n Ph\u00fac Ki\u1ebfn"},"content":{"rendered":"<p>T\u01b0\u01a1ng truy\u1ec1n, ti\u1ec1n th\u00e2n c\u1ee7a H\u1ed9i qu\u00e1n l\u00e0 m\u1ed9t gian mi\u1ebfu nh\u1ecf th\u1edd pho t\u01b0\u1ee3ng Thi\u00ean H\u1eadu Th\u00e1nh M\u1eabu (b\u00e0 ch\u00faa ph\u00f9 h\u1ed9 cho th\u01b0\u01a1ng nh\u00e2n v\u01b0\u1ee3t s\u00f3ng gi\u00f3 \u0111\u1ea1i d\u01b0\u01a1ng) v\u1edbt \u0111\u01b0\u1ee3c t\u1ea1i b\u1edd bi\u1ec3n H\u1ed9i An v\u00e0o n\u0103m 1697. Qua nhi\u1ec1u l\u1ea7n tr\u00f9ng tu, v\u1edbi s\u1ef1 \u0111\u00f3ng g\u00f3p ch\u1ee7 y\u1ebfu c\u1ee7a Hoa Ki\u1ec1u bang Ph\u00fac Ki\u1ebfn, h\u1ed9i qu\u00e1n c\u00e0ng tr\u1edf n\u00ean r\u1ef1c r\u1ee1, khang trang g\u00f3p ph\u1ea7n t\u00f4 \u0111i\u1ec3m di\u1ec7n m\u1ea1o ki\u1ebfn tr\u00fac \u0111\u00f4 th\u1ecb c\u1ed5 H\u1ed9i An.<\/p>\n<p>TH\u00d4NG TIN THAM QUAN<br \/>\nV\u1ecb tr\u00ed: 46 Tr\u1ea7n Ph\u00fa<\/p>\n","protected":false},"excerpt":{"rendered":"<p>T\u01b0\u01a1ng truy\u1ec1n, ti\u1ec1n th\u00e2n c\u1ee7a H\u1ed9i qu\u00e1n l\u00e0 m\u1ed9t gian mi\u1ebfu nh\u1ecf th\u1edd pho t\u01b0\u1ee3ng Thi\u00ean H\u1eadu Th\u00e1nh M\u1eabu (b\u00e0 ch\u00faa ph\u00f9 h\u1ed9 cho th\u01b0\u01a1ng nh\u00e2n v\u01b0\u1ee3t s\u00f3ng gi\u00f3 \u0111\u1ea1i d\u01b0\u01a1ng) v\u1edbt \u0111\u01b0\u1ee3c t\u1ea1i b\u1edd bi\u1ec3n H\u1ed9i An v\u00e0o n\u0103m 1697. Qua nhi\u1ec1u l\u1ea7n tr\u00f9ng tu, v\u1edbi s\u1ef1 \u0111\u00f3ng g\u00f3p ch\u1ee7 y\u1ebfu c\u1ee7a Hoa Ki\u1ec1u [&hellip;]<\/p>\n","protected":false},"author":249,"featured_media":539,"parent":253,"menu_order":0,"comment_status":"closed","ping_status":"closed","template":"template-single-destination.php","meta":{"footnotes":""},"categories":[],"yoast_head":"<!-- This site is optimized with the Yoast SEO plugin v22.3 - https:\/\/yoast.com\/wordpress\/plugins\/seo\/ -->\n<title>H\u1ed9i qu\u00e1n Ph\u00fac Ki\u1ebfn - Bel Marina Hoi An<\/title>\n<meta name=\"robots\" content=\"index, follow, max-snippet:-1, max-image-preview:large, max-video-preview:-1\" \/>\n<link rel=\"canonical\" href=\"https:\/\/www.belmarinahoian.com\/vi\/destination\/hoi-quan-phuc-kien\/\" \/>\n<meta property=\"og:locale\" content=\"vi_VN\" \/>\n<meta property=\"og:type\" content=\"article\" \/>\n<meta property=\"og:title\" content=\"H\u1ed9i qu\u00e1n Ph\u00fac Ki\u1ebfn - Bel Marina Hoi An\" \/>\n<meta property=\"og:description\" content=\"T\u01b0\u01a1ng truy\u1ec1n, ti\u1ec1n th\u00e2n c\u1ee7a H\u1ed9i qu\u00e1n l\u00e0 m\u1ed9t gian mi\u1ebfu nh\u1ecf th\u1edd pho t\u01b0\u1ee3ng Thi\u00ean H\u1eadu Th\u00e1nh M\u1eabu (b\u00e0 ch\u00faa ph\u00f9 h\u1ed9 cho th\u01b0\u01a1ng nh\u00e2n v\u01b0\u1ee3t s\u00f3ng gi\u00f3 \u0111\u1ea1i d\u01b0\u01a1ng) v\u1edbt \u0111\u01b0\u1ee3c t\u1ea1i b\u1edd bi\u1ec3n H\u1ed9i An v\u00e0o n\u0103m 1697. Qua nhi\u1ec1u l\u1ea7n tr\u00f9ng tu, v\u1edbi s\u1ef1 \u0111\u00f3ng g\u00f3p ch\u1ee7 y\u1ebfu c\u1ee7a Hoa Ki\u1ec1u [&hellip;]\" \/>\n<meta property=\"og:url\" content=\"https:\/\/www.belmarinahoian.com\/vi\/destination\/hoi-quan-phuc-kien\/\" \/>\n<meta property=\"og:site_name\" content=\"Bel Marina Hoi An\" \/>\n<meta property=\"article:publisher\" content=\"https:\/\/www.facebook.com\/belmarinahoian.official\" \/>\n<meta property=\"article:modified_time\" content=\"2026-01-08T02:31:08+00:00\" \/>\n<meta property=\"og:image\" content=\"https:\/\/www.belmarinahoian.com\/wp-content\/uploads\/sites\/132\/2026\/01\/Fukien-Assembly-Hall.jpg\" \/>\n\t<meta property=\"og:image:width\" content=\"1566\" \/>\n\t<meta property=\"og:image:height\" content=\"1280\" \/>\n\t<meta property=\"og:image:type\" content=\"image\/jpeg\" \/>\n<meta name=\"twitter:card\" content=\"summary_large_image\" \/>\n<meta name=\"twitter:label1\" content=\"Est. reading time\" \/>\n\t<meta name=\"twitter:data1\" content=\"1 minute\" \/>\n<script type=\"application\/ld+json\" class=\"yoast-schema-graph\">{\"@context\":\"https:\/\/schema.org\",\"@graph\":[{\"@type\":\"WebPage\",\"@id\":\"https:\/\/www.belmarinahoian.com\/vi\/destination\/hoi-quan-phuc-kien\/\",\"url\":\"https:\/\/www.belmarinahoian.com\/vi\/destination\/hoi-quan-phuc-kien\/\",\"name\":\"H\u1ed9i qu\u00e1n Ph\u00fac Ki\u1ebfn - Bel Marina Hoi An\",\"isPartOf\":{\"@id\":\"https:\/\/www.belmarinahoian.com\/vi\/#website\"},\"primaryImageOfPage\":{\"@id\":\"https:\/\/www.belmarinahoian.com\/vi\/destination\/hoi-quan-phuc-kien\/#primaryimage\"},\"image\":{\"@id\":\"https:\/\/www.belmarinahoian.com\/vi\/destination\/hoi-quan-phuc-kien\/#primaryimage\"},\"thumbnailUrl\":\"https:\/\/www.belmarinahoian.com\/wp-content\/uploads\/sites\/132\/2026\/01\/Fukien-Assembly-Hall.jpg\",\"datePublished\":\"2026-01-08T02:29:20+00:00\",\"dateModified\":\"2026-01-08T02:31:08+00:00\",\"breadcrumb\":{\"@id\":\"https:\/\/www.belmarinahoian.com\/vi\/destination\/hoi-quan-phuc-kien\/#breadcrumb\"},\"inLanguage\":\"vi-VN\",\"potentialAction\":[{\"@type\":\"ReadAction\",\"target\":[\"https:\/\/www.belmarinahoian.com\/vi\/destination\/hoi-quan-phuc-kien\/\"]}]},{\"@type\":\"ImageObject\",\"inLanguage\":\"vi-VN\",\"@id\":\"https:\/\/www.belmarinahoian.com\/vi\/destination\/hoi-quan-phuc-kien\/#primaryimage\",\"url\":\"https:\/\/www.belmarinahoian.com\/wp-content\/uploads\/sites\/132\/2026\/01\/Fukien-Assembly-Hall.jpg\",\"contentUrl\":\"https:\/\/www.belmarinahoian.com\/wp-content\/uploads\/sites\/132\/2026\/01\/Fukien-Assembly-Hall.jpg\",\"width\":1566,\"height\":1280},{\"@type\":\"BreadcrumbList\",\"@id\":\"https:\/\/www.belmarinahoian.com\/vi\/destination\/hoi-quan-phuc-kien\/#breadcrumb\",\"itemListElement\":[{\"@type\":\"ListItem\",\"position\":1,\"name\":\"Home\",\"item\":\"https:\/\/www.belmarinahoian.com\/vi\/\"},{\"@type\":\"ListItem\",\"position\":2,\"name\":\"\u0110i\u1ec3m \u0111\u1ebfn\",\"item\":\"https:\/\/www.belmarinahoian.com\/vi\/destination\/\"},{\"@type\":\"ListItem\",\"position\":3,\"name\":\"H\u1ed9i qu\u00e1n Ph\u00fac Ki\u1ebfn\"}]},{\"@type\":\"WebSite\",\"@id\":\"https:\/\/www.belmarinahoian.com\/vi\/#website\",\"url\":\"https:\/\/www.belmarinahoian.com\/vi\/\",\"name\":\"Bel Marina Hoi An\",\"description\":\"\",\"potentialAction\":[{\"@type\":\"SearchAction\",\"target\":{\"@type\":\"EntryPoint\",\"urlTemplate\":\"https:\/\/www.belmarinahoian.com\/vi\/?s={search_term_string}\"},\"query-input\":\"required name=search_term_string\"}],\"inLanguage\":\"vi-VN\"}]}<\/script>\n<!-- \/ Yoast SEO plugin. -->","yoast_head_json":{"title":"H\u1ed9i qu\u00e1n Ph\u00fac Ki\u1ebfn - Bel Marina Hoi An","robots":{"index":"index","follow":"follow","max-snippet":"max-snippet:-1","max-image-preview":"max-image-preview:large","max-video-preview":"max-video-preview:-1"},"canonical":"https:\/\/www.belmarinahoian.com\/vi\/destination\/hoi-quan-phuc-kien\/","og_locale":"vi_VN","og_type":"article","og_title":"H\u1ed9i qu\u00e1n Ph\u00fac Ki\u1ebfn - Bel Marina Hoi An","og_description":"T\u01b0\u01a1ng truy\u1ec1n, ti\u1ec1n th\u00e2n c\u1ee7a H\u1ed9i qu\u00e1n l\u00e0 m\u1ed9t gian mi\u1ebfu nh\u1ecf th\u1edd pho t\u01b0\u1ee3ng Thi\u00ean H\u1eadu Th\u00e1nh M\u1eabu (b\u00e0 ch\u00faa ph\u00f9 h\u1ed9 cho th\u01b0\u01a1ng nh\u00e2n v\u01b0\u1ee3t s\u00f3ng gi\u00f3 \u0111\u1ea1i d\u01b0\u01a1ng) v\u1edbt \u0111\u01b0\u1ee3c t\u1ea1i b\u1edd bi\u1ec3n H\u1ed9i An v\u00e0o n\u0103m 1697. Qua nhi\u1ec1u l\u1ea7n tr\u00f9ng tu, v\u1edbi s\u1ef1 \u0111\u00f3ng g\u00f3p ch\u1ee7 y\u1ebfu c\u1ee7a Hoa Ki\u1ec1u [&hellip;]","og_url":"https:\/\/www.belmarinahoian.com\/vi\/destination\/hoi-quan-phuc-kien\/","og_site_name":"Bel Marina Hoi An","article_publisher":"https:\/\/www.facebook.com\/belmarinahoian.official","article_modified_time":"2026-01-08T02:31:08+00:00","og_image":[{"width":1566,"height":1280,"url":"https:\/\/www.belmarinahoian.com\/wp-content\/uploads\/sites\/132\/2026\/01\/Fukien-Assembly-Hall.jpg","type":"image\/jpeg"}],"twitter_card":"summary_large_image","twitter_misc":{"Est. reading time":"1 minute"},"schema":{"@context":"https:\/\/schema.org","@graph":[{"@type":"WebPage","@id":"https:\/\/www.belmarinahoian.com\/vi\/destination\/hoi-quan-phuc-kien\/","url":"https:\/\/www.belmarinahoian.com\/vi\/destination\/hoi-quan-phuc-kien\/","name":"H\u1ed9i qu\u00e1n Ph\u00fac Ki\u1ebfn - Bel Marina Hoi An","isPartOf":{"@id":"https:\/\/www.belmarinahoian.com\/vi\/#website"},"primaryImageOfPage":{"@id":"https:\/\/www.belmarinahoian.com\/vi\/destination\/hoi-quan-phuc-kien\/#primaryimage"},"image":{"@id":"https:\/\/www.belmarinahoian.com\/vi\/destination\/hoi-quan-phuc-kien\/#primaryimage"},"thumbnailUrl":"https:\/\/www.belmarinahoian.com\/wp-content\/uploads\/sites\/132\/2026\/01\/Fukien-Assembly-Hall.jpg","datePublished":"2026-01-08T02:29:20+00:00","dateModified":"2026-01-08T02:31:08+00:00","breadcrumb":{"@id":"https:\/\/www.belmarinahoian.com\/vi\/destination\/hoi-quan-phuc-kien\/#breadcrumb"},"inLanguage":"vi-VN","potentialAction":[{"@type":"ReadAction","target":["https:\/\/www.belmarinahoian.com\/vi\/destination\/hoi-quan-phuc-kien\/"]}]},{"@type":"ImageObject","inLanguage":"vi-VN","@id":"https:\/\/www.belmarinahoian.com\/vi\/destination\/hoi-quan-phuc-kien\/#primaryimage","url":"https:\/\/www.belmarinahoian.com\/wp-content\/uploads\/sites\/132\/2026\/01\/Fukien-Assembly-Hall.jpg","contentUrl":"https:\/\/www.belmarinahoian.com\/wp-content\/uploads\/sites\/132\/2026\/01\/Fukien-Assembly-Hall.jpg","width":1566,"height":1280},{"@type":"BreadcrumbList","@id":"https:\/\/www.belmarinahoian.com\/vi\/destination\/hoi-quan-phuc-kien\/#breadcrumb","itemListElement":[{"@type":"ListItem","position":1,"name":"Home","item":"https:\/\/www.belmarinahoian.com\/vi\/"},{"@type":"ListItem","position":2,"name":"\u0110i\u1ec3m \u0111\u1ebfn","item":"https:\/\/www.belmarinahoian.com\/vi\/destination\/"},{"@type":"ListItem","position":3,"name":"H\u1ed9i qu\u00e1n Ph\u00fac Ki\u1ebfn"}]},{"@type":"WebSite","@id":"https:\/\/www.belmarinahoian.com\/vi\/#website","url":"https:\/\/www.belmarinahoian.com\/vi\/","name":"Bel Marina Hoi An","description":"","potentialAction":[{"@type":"SearchAction","target":{"@type":"EntryPoint","urlTemplate":"https:\/\/www.belmarinahoian.com\/vi\/?s={search_term_string}"},"query-input":"required name=search_term_string"}],"inLanguage":"vi-VN"}]}},"acf":[],"_links":{"self":[{"href":"https:\/\/www.belmarinahoian.com\/vi\/wp-json\/wp\/v2\/pages\/538"}],"collection":[{"href":"https:\/\/www.belmarinahoian.com\/vi\/wp-json\/wp\/v2\/pages"}],"about":[{"href":"https:\/\/www.belmarinahoian.com\/vi\/wp-json\/wp\/v2\/types\/page"}],"author":[{"embeddable":true,"href":"https:\/\/www.belmarinahoian.com\/vi\/wp-json\/wp\/v2\/users\/249"}],"replies":[{"embeddable":true,"href":"https:\/\/www.belmarinahoian.com\/vi\/wp-json\/wp\/v2\/comments?post=538"}],"version-history":[{"count":0,"href":"https:\/\/www.belmarinahoian.com\/vi\/wp-json\/wp\/v2\/pages\/538\/revisions"}],"up":[{"embeddable":true,"href":"https:\/\/www.belmarinahoian.com\/vi\/wp-json\/wp\/v2\/pages\/253"}],"wp:featuredmedia":[{"embeddable":true,"href":"https:\/\/www.belmarinahoian.com\/vi\/wp-json\/wp\/v2\/media\/539"}],"wp:attachment":[{"href":"https:\/\/www.belmarinahoian.com\/vi\/wp-json\/wp\/v2\/media?parent=538"}],"wp:term":[{"taxonomy":"category","embeddable":true,"href":"https:\/\/www.belmarinahoian.com\/vi\/wp-json\/wp\/v2\/categories?post=538"}],"curies":[{"name":"wp","href":"https:\/\/api.w.org\/{rel}","templated":true}]}}