{"id":535,"date":"2026-01-08T01:46:49","date_gmt":"2026-01-08T01:46:49","guid":{"rendered":"https:\/\/www.belmarinahoian.com\/?page_id=535"},"modified":"2026-01-08T01:48:31","modified_gmt":"2026-01-08T01:48:31","slug":"bao-tang-van-hoa-dan-gian","status":"publish","type":"page","link":"https:\/\/www.belmarinahoian.com\/vi\/destination\/bao-tang-van-hoa-dan-gian\/","title":{"rendered":"B\u1ea3o t\u00e0ng V\u0103n h\u00f3a D\u00e2n gian"},"content":{"rendered":"<p>B\u1ea3o t\u00e0ng V\u0103n h\u00f3a D\u00e2n gian l\u00e0 m\u1ed9t trong nh\u1eefng b\u1ea3o t\u00e0ng chuy\u00ean \u0111\u1ec1 \u0111\u1eb7c s\u1eafc \u1edf H\u1ed9i An. B\u1eb1ng nh\u1eefng h\u00ecnh \u1ea3nh, hi\u1ec7n v\u1eadt g\u1ed1c v\u00e0 c\u00e1c ho\u1ea1t \u0111\u1ed9ng tr\u00ecnh di\u1ec5n, B\u1ea3o t\u00e0ng \u0111\u00e3 th\u1ec3 hi\u1ec7n c\u00e1c gi\u00e1 tr\u1ecb thu\u1ed9c v\u0103n ho\u00e1 phi v\u1eadt th\u1ec3, gi\u1edbi thi\u1ec7u v\u1ec1 b\u1ec1 d\u00e0y truy\u1ec1n th\u1ed1ng v\u0103n ho\u00e1, s\u1ef1 s\u00e1ng t\u1ea1o, nh\u1eefng \u0111\u00f3ng g\u00f3p c\u1ee7a c\u00e1c th\u1ebf h\u1ec7 c\u01b0 d\u00e2n \u0111\u1ecba ph\u01b0\u01a1ng trong qu\u00e1 tr\u00ecnh x\u00e2y d\u1ef1ng ph\u00e1t tri\u1ec3n v\u00f9ng \u0111\u1ea5t H\u1ed9i An. V\u1edbi di\u1ec7n t\u00edch 369m2, b\u1ea3o t\u00e0ng tr\u01b0ng b\u00e0y 483 hi\u1ec7n v\u1eadt v\u1edbi 4 ch\u1ee7 \u0111\u1ec1 ch\u00ednh, bao g\u1ed3m: Ngh\u1ec7 thu\u1eadt t\u1ea1o h\u00ecnh d\u00e2n gian, Ngh\u1ec7 thu\u1eadt di\u1ec5n x\u01b0\u1edbng d\u00e2n gian, C\u00e1c l\u00e0ng ngh\u1ec1 truy\u1ec1n th\u1ed1ng, Sinh ho\u1ea1t d\u00e2n gian.<\/p>\n<p>Ngo\u00e0i ra, \u1edf t\u1ea7ng 1 c\u1ee7a b\u1ea3o t\u00e0ng c\u00f2n c\u00f3 ho\u1ea1t \u0111\u1ed9ng tr\u00ecnh di\u1ec5n v\u00e0 tr\u01b0ng b\u00e0y gi\u1edbi thi\u1ec7u m\u1ed9t s\u1ed1 s\u1ea3n ph\u1ea9m c\u1ee7a c\u00e1c l\u00e0ng ngh\u1ec1 truy\u1ec1n th\u1ed1ng \u1edf H\u1ed9i An nh\u01b0 \u0111\u00e8n l\u1ed3ng, h\u00e0ng t\u01a1 t\u1eb1m, tranh gi\u1ea5y d\u00f3, d\u1ec7t chi\u1ebfu\u2026 B\u00ean c\u1ea1nh \u0111\u00f3, B\u1ea3o t\u00e0ng V\u0103n h\u00f3a D\u00e2n gian c\u00f2n l\u01b0u gi\u1eef h\u01a1n 346 hi\u1ec7n v\u1eadt t\u1ea1i kho, \u0111\u00f3 l\u00e0 b\u1ed9 s\u01b0u t\u1eadp trang ph\u1ee5c c\u1ee7a ng\u01b0\u1eddi Hoa, ng\u01b0\u1eddi Vi\u1ec7t, s\u01b0u t\u1eadp c\u00e1c d\u1ee5ng c\u1ee5, c\u00f4ng c\u1ee5 v\u00e0 s\u1ea3n ph\u1ea9m c\u1ee7a c\u00e1c l\u00e0ng ngh\u1ec1 truy\u1ec1n th\u1ed1ng \u1edf H\u1ed9i An,\u2026Nh\u1eefng hi\u1ec7n v\u1eadt n\u00e0y r\u1ea5t \u0111a d\u1ea1ng v\u1ec1 ch\u1ea5t li\u1ec7u v\u00e0 ch\u1ee7ng lo\u1ea1i, l\u00e0 c\u01a1 s\u1edf v\u00e0 ngu\u1ed3n t\u01b0 li\u1ec7u qu\u00fd ph\u1ee5c v\u1ee5 c\u00f4ng t\u00e1c nghi\u00ean c\u1ee9u v\u00e0 tr\u01b0ng b\u00e0y lu\u00e2n chuy\u1ec3n hi\u1ec7n v\u1eadt trong b\u1ea3o t\u00e0ng.<\/p>\n<p>Ngh\u1ec7 thu\u1eadt t\u1ea1o h\u00ecnh d\u00e2n gian \u1edf H\u1ed9i An \u0111\u01b0\u1ee3c th\u1ec3 hi\u1ec7n qua c\u00e1c t\u00e1c ph\u1ea9m \u0111i\u00eau kh\u1eafc, ch\u1ea1m tr\u1ed5 tr\u00ean g\u1ed7, c\u00e1c ph\u00f9 \u0111i\u00eau b\u1eb1ng s\u00e0nh s\u1ee9, c\u00e1c t\u01b0\u1ee3ng th\u1edd, t\u01b0\u1ee3ng trang tr\u00ed b\u1eb1ng \u0111\u1ed3ng, h\u1ee3p ch\u1ea5t, g\u1ed7, \u0111\u1ea5t nung, c\u00e1c lo\u1ea1i tranh th\u1ee7y m\u1eb7c, tranh m\u00e0u, c\u00e1c ho\u00e0nh phi, li\u1ec5n \u0111\u1ed1i kh\u1ea3m, c\u1ea9n x\u00e0 c\u1eeb, \u1ed1c\u2026 C\u00e1c t\u00e1c ph\u1ea9m n\u00e0y hi\u1ec7n \u0111ang \u0111\u01b0\u1ee3c l\u01b0u gi\u1eef, b\u00e0i tr\u00ed \u1edf nhi\u1ec1u gia \u0111\u00ecnh, nhi\u1ec1u di t\u00edch t\u00f4n gi\u00e1o \u2013 t\u00edn ng\u01b0\u1ee1ng \u0111\u1ec3 t\u00f4 \u0111i\u1ec3m cho v\u1ebb \u0111\u1eb9p c\u1ee7a Di s\u1ea3n H\u1ed9i An qua \u0111\u00f3 g\u00f3p ph\u1ea7n minh ch\u1ee9ng cho s\u1ef1 tinh t\u1ebf, t\u00e0i hoa c\u1ee7a c\u00e1c th\u1ebf h\u1ec7 ngh\u1ec7 nh\u00e2n d\u00e2n gian \u0111\u1ecba ph\u01b0\u01a1ng \u1edf l\u0129nh v\u1ef1c n\u00e0y.<\/p>\n<p>\u0110\u1ecba ch\u1ec9: 33 Nguy\u1ec5n Th\u00e1i H\u1ecdc<br \/>\nTh\u1eddi gian m\u1edf c\u1eeda: 7:00 \u2013 21:00 h\u1eb1ng ng\u00e0y, \u0111\u00f3ng c\u1eeda ng\u00e0y 20 h\u00e0ng th\u00e1ng<\/p>\n","protected":false},"excerpt":{"rendered":"<p>B\u1ea3o t\u00e0ng V\u0103n h\u00f3a D\u00e2n gian l\u00e0 m\u1ed9t trong nh\u1eefng b\u1ea3o t\u00e0ng chuy\u00ean \u0111\u1ec1 \u0111\u1eb7c s\u1eafc \u1edf H\u1ed9i An. B\u1eb1ng nh\u1eefng h\u00ecnh \u1ea3nh, hi\u1ec7n v\u1eadt g\u1ed1c v\u00e0 c\u00e1c ho\u1ea1t \u0111\u1ed9ng tr\u00ecnh di\u1ec5n, B\u1ea3o t\u00e0ng \u0111\u00e3 th\u1ec3 hi\u1ec7n c\u00e1c gi\u00e1 tr\u1ecb thu\u1ed9c v\u0103n ho\u00e1 phi v\u1eadt th\u1ec3, gi\u1edbi thi\u1ec7u v\u1ec1 b\u1ec1 d\u00e0y truy\u1ec1n th\u1ed1ng v\u0103n ho\u00e1, [&hellip;]<\/p>\n","protected":false},"author":249,"featured_media":536,"parent":253,"menu_order":0,"comment_status":"closed","ping_status":"closed","template":"template-single-destination.php","meta":{"footnotes":""},"categories":[],"yoast_head":"<!-- This site is optimized with the Yoast SEO plugin v22.3 - https:\/\/yoast.com\/wordpress\/plugins\/seo\/ -->\n<title>B\u1ea3o t\u00e0ng V\u0103n h\u00f3a D\u00e2n gian - Bel Marina Hoi An<\/title>\n<meta name=\"robots\" content=\"index, follow, max-snippet:-1, max-image-preview:large, max-video-preview:-1\" \/>\n<link rel=\"canonical\" href=\"https:\/\/www.belmarinahoian.com\/vi\/destination\/bao-tang-van-hoa-dan-gian\/\" \/>\n<meta property=\"og:locale\" content=\"vi_VN\" \/>\n<meta property=\"og:type\" content=\"article\" \/>\n<meta property=\"og:title\" content=\"B\u1ea3o t\u00e0ng V\u0103n h\u00f3a D\u00e2n gian - Bel Marina Hoi An\" \/>\n<meta property=\"og:description\" content=\"B\u1ea3o t\u00e0ng V\u0103n h\u00f3a D\u00e2n gian l\u00e0 m\u1ed9t trong nh\u1eefng b\u1ea3o t\u00e0ng chuy\u00ean \u0111\u1ec1 \u0111\u1eb7c s\u1eafc \u1edf H\u1ed9i An. B\u1eb1ng nh\u1eefng h\u00ecnh \u1ea3nh, hi\u1ec7n v\u1eadt g\u1ed1c v\u00e0 c\u00e1c ho\u1ea1t \u0111\u1ed9ng tr\u00ecnh di\u1ec5n, B\u1ea3o t\u00e0ng \u0111\u00e3 th\u1ec3 hi\u1ec7n c\u00e1c gi\u00e1 tr\u1ecb thu\u1ed9c v\u0103n ho\u00e1 phi v\u1eadt th\u1ec3, gi\u1edbi thi\u1ec7u v\u1ec1 b\u1ec1 d\u00e0y truy\u1ec1n th\u1ed1ng v\u0103n ho\u00e1, [&hellip;]\" \/>\n<meta property=\"og:url\" content=\"https:\/\/www.belmarinahoian.com\/vi\/destination\/bao-tang-van-hoa-dan-gian\/\" \/>\n<meta property=\"og:site_name\" content=\"Bel Marina Hoi An\" \/>\n<meta property=\"article:publisher\" content=\"https:\/\/www.facebook.com\/belmarinahoian.official\" \/>\n<meta property=\"article:modified_time\" content=\"2026-01-08T01:48:31+00:00\" \/>\n<meta property=\"og:image\" content=\"https:\/\/www.belmarinahoian.com\/wp-content\/uploads\/sites\/132\/2026\/01\/Hoi-An-Folklore-Museum.jpg\" \/>\n\t<meta property=\"og:image:width\" content=\"1566\" \/>\n\t<meta property=\"og:image:height\" content=\"1280\" \/>\n\t<meta property=\"og:image:type\" content=\"image\/jpeg\" \/>\n<meta name=\"twitter:card\" content=\"summary_large_image\" \/>\n<meta name=\"twitter:label1\" content=\"Est. reading time\" \/>\n\t<meta name=\"twitter:data1\" content=\"2 minutes\" \/>\n<script type=\"application\/ld+json\" class=\"yoast-schema-graph\">{\"@context\":\"https:\/\/schema.org\",\"@graph\":[{\"@type\":\"WebPage\",\"@id\":\"https:\/\/www.belmarinahoian.com\/vi\/destination\/bao-tang-van-hoa-dan-gian\/\",\"url\":\"https:\/\/www.belmarinahoian.com\/vi\/destination\/bao-tang-van-hoa-dan-gian\/\",\"name\":\"B\u1ea3o t\u00e0ng V\u0103n h\u00f3a D\u00e2n gian - Bel Marina Hoi An\",\"isPartOf\":{\"@id\":\"https:\/\/www.belmarinahoian.com\/vi\/#website\"},\"primaryImageOfPage\":{\"@id\":\"https:\/\/www.belmarinahoian.com\/vi\/destination\/bao-tang-van-hoa-dan-gian\/#primaryimage\"},\"image\":{\"@id\":\"https:\/\/www.belmarinahoian.com\/vi\/destination\/bao-tang-van-hoa-dan-gian\/#primaryimage\"},\"thumbnailUrl\":\"https:\/\/www.belmarinahoian.com\/wp-content\/uploads\/sites\/132\/2026\/01\/Hoi-An-Folklore-Museum.jpg\",\"datePublished\":\"2026-01-08T01:46:49+00:00\",\"dateModified\":\"2026-01-08T01:48:31+00:00\",\"breadcrumb\":{\"@id\":\"https:\/\/www.belmarinahoian.com\/vi\/destination\/bao-tang-van-hoa-dan-gian\/#breadcrumb\"},\"inLanguage\":\"vi-VN\",\"potentialAction\":[{\"@type\":\"ReadAction\",\"target\":[\"https:\/\/www.belmarinahoian.com\/vi\/destination\/bao-tang-van-hoa-dan-gian\/\"]}]},{\"@type\":\"ImageObject\",\"inLanguage\":\"vi-VN\",\"@id\":\"https:\/\/www.belmarinahoian.com\/vi\/destination\/bao-tang-van-hoa-dan-gian\/#primaryimage\",\"url\":\"https:\/\/www.belmarinahoian.com\/wp-content\/uploads\/sites\/132\/2026\/01\/Hoi-An-Folklore-Museum.jpg\",\"contentUrl\":\"https:\/\/www.belmarinahoian.com\/wp-content\/uploads\/sites\/132\/2026\/01\/Hoi-An-Folklore-Museum.jpg\",\"width\":1566,\"height\":1280},{\"@type\":\"BreadcrumbList\",\"@id\":\"https:\/\/www.belmarinahoian.com\/vi\/destination\/bao-tang-van-hoa-dan-gian\/#breadcrumb\",\"itemListElement\":[{\"@type\":\"ListItem\",\"position\":1,\"name\":\"Home\",\"item\":\"https:\/\/www.belmarinahoian.com\/vi\/\"},{\"@type\":\"ListItem\",\"position\":2,\"name\":\"\u0110i\u1ec3m \u0111\u1ebfn\",\"item\":\"https:\/\/www.belmarinahoian.com\/vi\/destination\/\"},{\"@type\":\"ListItem\",\"position\":3,\"name\":\"B\u1ea3o t\u00e0ng V\u0103n h\u00f3a D\u00e2n gian\"}]},{\"@type\":\"WebSite\",\"@id\":\"https:\/\/www.belmarinahoian.com\/vi\/#website\",\"url\":\"https:\/\/www.belmarinahoian.com\/vi\/\",\"name\":\"Bel Marina Hoi An\",\"description\":\"\",\"potentialAction\":[{\"@type\":\"SearchAction\",\"target\":{\"@type\":\"EntryPoint\",\"urlTemplate\":\"https:\/\/www.belmarinahoian.com\/vi\/?s={search_term_string}\"},\"query-input\":\"required name=search_term_string\"}],\"inLanguage\":\"vi-VN\"}]}<\/script>\n<!-- \/ Yoast SEO plugin. -->","yoast_head_json":{"title":"B\u1ea3o t\u00e0ng V\u0103n h\u00f3a D\u00e2n gian - Bel Marina Hoi An","robots":{"index":"index","follow":"follow","max-snippet":"max-snippet:-1","max-image-preview":"max-image-preview:large","max-video-preview":"max-video-preview:-1"},"canonical":"https:\/\/www.belmarinahoian.com\/vi\/destination\/bao-tang-van-hoa-dan-gian\/","og_locale":"vi_VN","og_type":"article","og_title":"B\u1ea3o t\u00e0ng V\u0103n h\u00f3a D\u00e2n gian - Bel Marina Hoi An","og_description":"B\u1ea3o t\u00e0ng V\u0103n h\u00f3a D\u00e2n gian l\u00e0 m\u1ed9t trong nh\u1eefng b\u1ea3o t\u00e0ng chuy\u00ean \u0111\u1ec1 \u0111\u1eb7c s\u1eafc \u1edf H\u1ed9i An. B\u1eb1ng nh\u1eefng h\u00ecnh \u1ea3nh, hi\u1ec7n v\u1eadt g\u1ed1c v\u00e0 c\u00e1c ho\u1ea1t \u0111\u1ed9ng tr\u00ecnh di\u1ec5n, B\u1ea3o t\u00e0ng \u0111\u00e3 th\u1ec3 hi\u1ec7n c\u00e1c gi\u00e1 tr\u1ecb thu\u1ed9c v\u0103n ho\u00e1 phi v\u1eadt th\u1ec3, gi\u1edbi thi\u1ec7u v\u1ec1 b\u1ec1 d\u00e0y truy\u1ec1n th\u1ed1ng v\u0103n ho\u00e1, [&hellip;]","og_url":"https:\/\/www.belmarinahoian.com\/vi\/destination\/bao-tang-van-hoa-dan-gian\/","og_site_name":"Bel Marina Hoi An","article_publisher":"https:\/\/www.facebook.com\/belmarinahoian.official","article_modified_time":"2026-01-08T01:48:31+00:00","og_image":[{"width":1566,"height":1280,"url":"https:\/\/www.belmarinahoian.com\/wp-content\/uploads\/sites\/132\/2026\/01\/Hoi-An-Folklore-Museum.jpg","type":"image\/jpeg"}],"twitter_card":"summary_large_image","twitter_misc":{"Est. reading time":"2 minutes"},"schema":{"@context":"https:\/\/schema.org","@graph":[{"@type":"WebPage","@id":"https:\/\/www.belmarinahoian.com\/vi\/destination\/bao-tang-van-hoa-dan-gian\/","url":"https:\/\/www.belmarinahoian.com\/vi\/destination\/bao-tang-van-hoa-dan-gian\/","name":"B\u1ea3o t\u00e0ng V\u0103n h\u00f3a D\u00e2n gian - Bel Marina Hoi An","isPartOf":{"@id":"https:\/\/www.belmarinahoian.com\/vi\/#website"},"primaryImageOfPage":{"@id":"https:\/\/www.belmarinahoian.com\/vi\/destination\/bao-tang-van-hoa-dan-gian\/#primaryimage"},"image":{"@id":"https:\/\/www.belmarinahoian.com\/vi\/destination\/bao-tang-van-hoa-dan-gian\/#primaryimage"},"thumbnailUrl":"https:\/\/www.belmarinahoian.com\/wp-content\/uploads\/sites\/132\/2026\/01\/Hoi-An-Folklore-Museum.jpg","datePublished":"2026-01-08T01:46:49+00:00","dateModified":"2026-01-08T01:48:31+00:00","breadcrumb":{"@id":"https:\/\/www.belmarinahoian.com\/vi\/destination\/bao-tang-van-hoa-dan-gian\/#breadcrumb"},"inLanguage":"vi-VN","potentialAction":[{"@type":"ReadAction","target":["https:\/\/www.belmarinahoian.com\/vi\/destination\/bao-tang-van-hoa-dan-gian\/"]}]},{"@type":"ImageObject","inLanguage":"vi-VN","@id":"https:\/\/www.belmarinahoian.com\/vi\/destination\/bao-tang-van-hoa-dan-gian\/#primaryimage","url":"https:\/\/www.belmarinahoian.com\/wp-content\/uploads\/sites\/132\/2026\/01\/Hoi-An-Folklore-Museum.jpg","contentUrl":"https:\/\/www.belmarinahoian.com\/wp-content\/uploads\/sites\/132\/2026\/01\/Hoi-An-Folklore-Museum.jpg","width":1566,"height":1280},{"@type":"BreadcrumbList","@id":"https:\/\/www.belmarinahoian.com\/vi\/destination\/bao-tang-van-hoa-dan-gian\/#breadcrumb","itemListElement":[{"@type":"ListItem","position":1,"name":"Home","item":"https:\/\/www.belmarinahoian.com\/vi\/"},{"@type":"ListItem","position":2,"name":"\u0110i\u1ec3m \u0111\u1ebfn","item":"https:\/\/www.belmarinahoian.com\/vi\/destination\/"},{"@type":"ListItem","position":3,"name":"B\u1ea3o t\u00e0ng V\u0103n h\u00f3a D\u00e2n gian"}]},{"@type":"WebSite","@id":"https:\/\/www.belmarinahoian.com\/vi\/#website","url":"https:\/\/www.belmarinahoian.com\/vi\/","name":"Bel Marina Hoi An","description":"","potentialAction":[{"@type":"SearchAction","target":{"@type":"EntryPoint","urlTemplate":"https:\/\/www.belmarinahoian.com\/vi\/?s={search_term_string}"},"query-input":"required name=search_term_string"}],"inLanguage":"vi-VN"}]}},"acf":[],"_links":{"self":[{"href":"https:\/\/www.belmarinahoian.com\/vi\/wp-json\/wp\/v2\/pages\/535"}],"collection":[{"href":"https:\/\/www.belmarinahoian.com\/vi\/wp-json\/wp\/v2\/pages"}],"about":[{"href":"https:\/\/www.belmarinahoian.com\/vi\/wp-json\/wp\/v2\/types\/page"}],"author":[{"embeddable":true,"href":"https:\/\/www.belmarinahoian.com\/vi\/wp-json\/wp\/v2\/users\/249"}],"replies":[{"embeddable":true,"href":"https:\/\/www.belmarinahoian.com\/vi\/wp-json\/wp\/v2\/comments?post=535"}],"version-history":[{"count":0,"href":"https:\/\/www.belmarinahoian.com\/vi\/wp-json\/wp\/v2\/pages\/535\/revisions"}],"up":[{"embeddable":true,"href":"https:\/\/www.belmarinahoian.com\/vi\/wp-json\/wp\/v2\/pages\/253"}],"wp:featuredmedia":[{"embeddable":true,"href":"https:\/\/www.belmarinahoian.com\/vi\/wp-json\/wp\/v2\/media\/536"}],"wp:attachment":[{"href":"https:\/\/www.belmarinahoian.com\/vi\/wp-json\/wp\/v2\/media?parent=535"}],"wp:term":[{"taxonomy":"category","embeddable":true,"href":"https:\/\/www.belmarinahoian.com\/vi\/wp-json\/wp\/v2\/categories?post=535"}],"curies":[{"name":"wp","href":"https:\/\/api.w.org\/{rel}","templated":true}]}}