{"id":532,"date":"2026-01-08T01:41:06","date_gmt":"2026-01-08T01:41:06","guid":{"rendered":"https:\/\/www.belmarinahoian.com\/?page_id=532"},"modified":"2026-01-08T01:42:13","modified_gmt":"2026-01-08T01:42:13","slug":"hoi-quan-quang-dong","status":"publish","type":"page","link":"https:\/\/www.belmarinahoian.com\/vi\/destination\/hoi-quan-quang-dong\/","title":{"rendered":"H\u1ed9i qu\u00e1n Qu\u1ea3ng \u0110\u00f4ng"},"content":{"rendered":"<p>H\u1ed9i qu\u00e1n \u0111\u01b0\u1ee3c Hoa Ki\u1ec1u Qu\u1ea3ng \u0110\u00f4ng x\u00e2y d\u1ef1ng v\u00e0o n\u0103m 1885, tho\u1ea1t \u0111\u1ea7u \u0111\u1ec3 th\u1edd Thi\u00ean H\u1eadu Th\u00e1nh M\u1eabu v\u00e0 \u0110\u1ee9c Kh\u1ed5ng T\u1eed, sau n\u0103m 1911 chuy\u1ec3n sang th\u1edd Quan C\u00f4ng v\u00e0 Ti\u1ec1n Hi\u1ec1n c\u1ee7a bang. Vi\u1ec7c s\u1eed d\u1ee5ng h\u1ee3p l\u00fd c\u00e1c ch\u1ea5t li\u1ec7u g\u1ed7, \u0111\u00e1 trong k\u1ebft c\u1ea5u ch\u1ecbu l\u1ef1c, chi ti\u1ebft trang tr\u00ed \u0111\u00e3 \u0111em l\u1ea1i cho H\u1ed9i qu\u00e1n v\u1ebb \u0111\u1eb9p \u0111\u01b0\u1eddng b\u1ec7. H\u1eb1ng n\u0103m v\u00e0o ng\u00e0y Nguy\u00ean Ti\u00eau, v\u00eda Quan C\u00f4ng (24 th\u00e1ng 6 \u00c2m l\u1ecbch), t\u1ea1i \u0111\u00e2y di\u1ec5n ra l\u1ec5 h\u1ed9i r\u1ea5t linh \u0111\u00ecnh thu h\u00fat nhi\u1ec1u ng\u01b0\u1eddi tham gia.<\/p>\n<p>TH\u00d4NG TIN THAM QUAN<br \/>\n\u0110\u1ecba ch\u1ec9: 176 \u0111\u01b0\u1eddng Tr\u1ea7n Ph\u00fa<\/p>\n","protected":false},"excerpt":{"rendered":"<p>H\u1ed9i qu\u00e1n \u0111\u01b0\u1ee3c Hoa Ki\u1ec1u Qu\u1ea3ng \u0110\u00f4ng x\u00e2y d\u1ef1ng v\u00e0o n\u0103m 1885, tho\u1ea1t \u0111\u1ea7u \u0111\u1ec3 th\u1edd Thi\u00ean H\u1eadu Th\u00e1nh M\u1eabu v\u00e0 \u0110\u1ee9c Kh\u1ed5ng T\u1eed, sau n\u0103m 1911 chuy\u1ec3n sang th\u1edd Quan C\u00f4ng v\u00e0 Ti\u1ec1n Hi\u1ec1n c\u1ee7a bang. Vi\u1ec7c s\u1eed d\u1ee5ng h\u1ee3p l\u00fd c\u00e1c ch\u1ea5t li\u1ec7u g\u1ed7, \u0111\u00e1 trong k\u1ebft c\u1ea5u ch\u1ecbu l\u1ef1c, chi ti\u1ebft trang [&hellip;]<\/p>\n","protected":false},"author":249,"featured_media":533,"parent":253,"menu_order":0,"comment_status":"closed","ping_status":"closed","template":"template-single-destination.php","meta":{"footnotes":""},"categories":[],"yoast_head":"<!-- This site is optimized with the Yoast SEO plugin v22.3 - https:\/\/yoast.com\/wordpress\/plugins\/seo\/ -->\n<title>H\u1ed9i qu\u00e1n Qu\u1ea3ng \u0110\u00f4ng - Bel Marina Hoi An<\/title>\n<meta name=\"robots\" content=\"index, follow, max-snippet:-1, max-image-preview:large, max-video-preview:-1\" \/>\n<link rel=\"canonical\" href=\"https:\/\/www.belmarinahoian.com\/vi\/destination\/hoi-quan-quang-dong\/\" \/>\n<meta property=\"og:locale\" content=\"vi_VN\" \/>\n<meta property=\"og:type\" content=\"article\" \/>\n<meta property=\"og:title\" content=\"H\u1ed9i qu\u00e1n Qu\u1ea3ng \u0110\u00f4ng - Bel Marina Hoi An\" \/>\n<meta property=\"og:description\" content=\"H\u1ed9i qu\u00e1n \u0111\u01b0\u1ee3c Hoa Ki\u1ec1u Qu\u1ea3ng \u0110\u00f4ng x\u00e2y d\u1ef1ng v\u00e0o n\u0103m 1885, tho\u1ea1t \u0111\u1ea7u \u0111\u1ec3 th\u1edd Thi\u00ean H\u1eadu Th\u00e1nh M\u1eabu v\u00e0 \u0110\u1ee9c Kh\u1ed5ng T\u1eed, sau n\u0103m 1911 chuy\u1ec3n sang th\u1edd Quan C\u00f4ng v\u00e0 Ti\u1ec1n Hi\u1ec1n c\u1ee7a bang. Vi\u1ec7c s\u1eed d\u1ee5ng h\u1ee3p l\u00fd c\u00e1c ch\u1ea5t li\u1ec7u g\u1ed7, \u0111\u00e1 trong k\u1ebft c\u1ea5u ch\u1ecbu l\u1ef1c, chi ti\u1ebft trang [&hellip;]\" \/>\n<meta property=\"og:url\" content=\"https:\/\/www.belmarinahoian.com\/vi\/destination\/hoi-quan-quang-dong\/\" \/>\n<meta property=\"og:site_name\" content=\"Bel Marina Hoi An\" \/>\n<meta property=\"article:publisher\" content=\"https:\/\/www.facebook.com\/belmarinahoian.official\" \/>\n<meta property=\"article:modified_time\" content=\"2026-01-08T01:42:13+00:00\" \/>\n<meta property=\"og:image\" content=\"https:\/\/www.belmarinahoian.com\/wp-content\/uploads\/sites\/132\/2026\/01\/Cantonese-Assembly-Hall.jpg\" \/>\n\t<meta property=\"og:image:width\" content=\"1566\" \/>\n\t<meta property=\"og:image:height\" content=\"1280\" \/>\n\t<meta property=\"og:image:type\" content=\"image\/jpeg\" \/>\n<meta name=\"twitter:card\" content=\"summary_large_image\" \/>\n<meta name=\"twitter:label1\" content=\"Est. reading time\" \/>\n\t<meta name=\"twitter:data1\" content=\"1 minute\" \/>\n<script type=\"application\/ld+json\" class=\"yoast-schema-graph\">{\"@context\":\"https:\/\/schema.org\",\"@graph\":[{\"@type\":\"WebPage\",\"@id\":\"https:\/\/www.belmarinahoian.com\/vi\/destination\/hoi-quan-quang-dong\/\",\"url\":\"https:\/\/www.belmarinahoian.com\/vi\/destination\/hoi-quan-quang-dong\/\",\"name\":\"H\u1ed9i qu\u00e1n Qu\u1ea3ng \u0110\u00f4ng - Bel Marina Hoi An\",\"isPartOf\":{\"@id\":\"https:\/\/www.belmarinahoian.com\/vi\/#website\"},\"primaryImageOfPage\":{\"@id\":\"https:\/\/www.belmarinahoian.com\/vi\/destination\/hoi-quan-quang-dong\/#primaryimage\"},\"image\":{\"@id\":\"https:\/\/www.belmarinahoian.com\/vi\/destination\/hoi-quan-quang-dong\/#primaryimage\"},\"thumbnailUrl\":\"https:\/\/www.belmarinahoian.com\/wp-content\/uploads\/sites\/132\/2026\/01\/Cantonese-Assembly-Hall.jpg\",\"datePublished\":\"2026-01-08T01:41:06+00:00\",\"dateModified\":\"2026-01-08T01:42:13+00:00\",\"breadcrumb\":{\"@id\":\"https:\/\/www.belmarinahoian.com\/vi\/destination\/hoi-quan-quang-dong\/#breadcrumb\"},\"inLanguage\":\"vi-VN\",\"potentialAction\":[{\"@type\":\"ReadAction\",\"target\":[\"https:\/\/www.belmarinahoian.com\/vi\/destination\/hoi-quan-quang-dong\/\"]}]},{\"@type\":\"ImageObject\",\"inLanguage\":\"vi-VN\",\"@id\":\"https:\/\/www.belmarinahoian.com\/vi\/destination\/hoi-quan-quang-dong\/#primaryimage\",\"url\":\"https:\/\/www.belmarinahoian.com\/wp-content\/uploads\/sites\/132\/2026\/01\/Cantonese-Assembly-Hall.jpg\",\"contentUrl\":\"https:\/\/www.belmarinahoian.com\/wp-content\/uploads\/sites\/132\/2026\/01\/Cantonese-Assembly-Hall.jpg\",\"width\":1566,\"height\":1280},{\"@type\":\"BreadcrumbList\",\"@id\":\"https:\/\/www.belmarinahoian.com\/vi\/destination\/hoi-quan-quang-dong\/#breadcrumb\",\"itemListElement\":[{\"@type\":\"ListItem\",\"position\":1,\"name\":\"Home\",\"item\":\"https:\/\/www.belmarinahoian.com\/vi\/\"},{\"@type\":\"ListItem\",\"position\":2,\"name\":\"\u0110i\u1ec3m \u0111\u1ebfn\",\"item\":\"https:\/\/www.belmarinahoian.com\/vi\/destination\/\"},{\"@type\":\"ListItem\",\"position\":3,\"name\":\"H\u1ed9i qu\u00e1n Qu\u1ea3ng \u0110\u00f4ng\"}]},{\"@type\":\"WebSite\",\"@id\":\"https:\/\/www.belmarinahoian.com\/vi\/#website\",\"url\":\"https:\/\/www.belmarinahoian.com\/vi\/\",\"name\":\"Bel Marina Hoi An\",\"description\":\"\",\"potentialAction\":[{\"@type\":\"SearchAction\",\"target\":{\"@type\":\"EntryPoint\",\"urlTemplate\":\"https:\/\/www.belmarinahoian.com\/vi\/?s={search_term_string}\"},\"query-input\":\"required name=search_term_string\"}],\"inLanguage\":\"vi-VN\"}]}<\/script>\n<!-- \/ Yoast SEO plugin. -->","yoast_head_json":{"title":"H\u1ed9i qu\u00e1n Qu\u1ea3ng \u0110\u00f4ng - Bel Marina Hoi An","robots":{"index":"index","follow":"follow","max-snippet":"max-snippet:-1","max-image-preview":"max-image-preview:large","max-video-preview":"max-video-preview:-1"},"canonical":"https:\/\/www.belmarinahoian.com\/vi\/destination\/hoi-quan-quang-dong\/","og_locale":"vi_VN","og_type":"article","og_title":"H\u1ed9i qu\u00e1n Qu\u1ea3ng \u0110\u00f4ng - Bel Marina Hoi An","og_description":"H\u1ed9i qu\u00e1n \u0111\u01b0\u1ee3c Hoa Ki\u1ec1u Qu\u1ea3ng \u0110\u00f4ng x\u00e2y d\u1ef1ng v\u00e0o n\u0103m 1885, tho\u1ea1t \u0111\u1ea7u \u0111\u1ec3 th\u1edd Thi\u00ean H\u1eadu Th\u00e1nh M\u1eabu v\u00e0 \u0110\u1ee9c Kh\u1ed5ng T\u1eed, sau n\u0103m 1911 chuy\u1ec3n sang th\u1edd Quan C\u00f4ng v\u00e0 Ti\u1ec1n Hi\u1ec1n c\u1ee7a bang. Vi\u1ec7c s\u1eed d\u1ee5ng h\u1ee3p l\u00fd c\u00e1c ch\u1ea5t li\u1ec7u g\u1ed7, \u0111\u00e1 trong k\u1ebft c\u1ea5u ch\u1ecbu l\u1ef1c, chi ti\u1ebft trang [&hellip;]","og_url":"https:\/\/www.belmarinahoian.com\/vi\/destination\/hoi-quan-quang-dong\/","og_site_name":"Bel Marina Hoi An","article_publisher":"https:\/\/www.facebook.com\/belmarinahoian.official","article_modified_time":"2026-01-08T01:42:13+00:00","og_image":[{"width":1566,"height":1280,"url":"https:\/\/www.belmarinahoian.com\/wp-content\/uploads\/sites\/132\/2026\/01\/Cantonese-Assembly-Hall.jpg","type":"image\/jpeg"}],"twitter_card":"summary_large_image","twitter_misc":{"Est. reading time":"1 minute"},"schema":{"@context":"https:\/\/schema.org","@graph":[{"@type":"WebPage","@id":"https:\/\/www.belmarinahoian.com\/vi\/destination\/hoi-quan-quang-dong\/","url":"https:\/\/www.belmarinahoian.com\/vi\/destination\/hoi-quan-quang-dong\/","name":"H\u1ed9i qu\u00e1n Qu\u1ea3ng \u0110\u00f4ng - Bel Marina Hoi An","isPartOf":{"@id":"https:\/\/www.belmarinahoian.com\/vi\/#website"},"primaryImageOfPage":{"@id":"https:\/\/www.belmarinahoian.com\/vi\/destination\/hoi-quan-quang-dong\/#primaryimage"},"image":{"@id":"https:\/\/www.belmarinahoian.com\/vi\/destination\/hoi-quan-quang-dong\/#primaryimage"},"thumbnailUrl":"https:\/\/www.belmarinahoian.com\/wp-content\/uploads\/sites\/132\/2026\/01\/Cantonese-Assembly-Hall.jpg","datePublished":"2026-01-08T01:41:06+00:00","dateModified":"2026-01-08T01:42:13+00:00","breadcrumb":{"@id":"https:\/\/www.belmarinahoian.com\/vi\/destination\/hoi-quan-quang-dong\/#breadcrumb"},"inLanguage":"vi-VN","potentialAction":[{"@type":"ReadAction","target":["https:\/\/www.belmarinahoian.com\/vi\/destination\/hoi-quan-quang-dong\/"]}]},{"@type":"ImageObject","inLanguage":"vi-VN","@id":"https:\/\/www.belmarinahoian.com\/vi\/destination\/hoi-quan-quang-dong\/#primaryimage","url":"https:\/\/www.belmarinahoian.com\/wp-content\/uploads\/sites\/132\/2026\/01\/Cantonese-Assembly-Hall.jpg","contentUrl":"https:\/\/www.belmarinahoian.com\/wp-content\/uploads\/sites\/132\/2026\/01\/Cantonese-Assembly-Hall.jpg","width":1566,"height":1280},{"@type":"BreadcrumbList","@id":"https:\/\/www.belmarinahoian.com\/vi\/destination\/hoi-quan-quang-dong\/#breadcrumb","itemListElement":[{"@type":"ListItem","position":1,"name":"Home","item":"https:\/\/www.belmarinahoian.com\/vi\/"},{"@type":"ListItem","position":2,"name":"\u0110i\u1ec3m \u0111\u1ebfn","item":"https:\/\/www.belmarinahoian.com\/vi\/destination\/"},{"@type":"ListItem","position":3,"name":"H\u1ed9i qu\u00e1n Qu\u1ea3ng \u0110\u00f4ng"}]},{"@type":"WebSite","@id":"https:\/\/www.belmarinahoian.com\/vi\/#website","url":"https:\/\/www.belmarinahoian.com\/vi\/","name":"Bel Marina Hoi An","description":"","potentialAction":[{"@type":"SearchAction","target":{"@type":"EntryPoint","urlTemplate":"https:\/\/www.belmarinahoian.com\/vi\/?s={search_term_string}"},"query-input":"required name=search_term_string"}],"inLanguage":"vi-VN"}]}},"acf":[],"_links":{"self":[{"href":"https:\/\/www.belmarinahoian.com\/vi\/wp-json\/wp\/v2\/pages\/532"}],"collection":[{"href":"https:\/\/www.belmarinahoian.com\/vi\/wp-json\/wp\/v2\/pages"}],"about":[{"href":"https:\/\/www.belmarinahoian.com\/vi\/wp-json\/wp\/v2\/types\/page"}],"author":[{"embeddable":true,"href":"https:\/\/www.belmarinahoian.com\/vi\/wp-json\/wp\/v2\/users\/249"}],"replies":[{"embeddable":true,"href":"https:\/\/www.belmarinahoian.com\/vi\/wp-json\/wp\/v2\/comments?post=532"}],"version-history":[{"count":0,"href":"https:\/\/www.belmarinahoian.com\/vi\/wp-json\/wp\/v2\/pages\/532\/revisions"}],"up":[{"embeddable":true,"href":"https:\/\/www.belmarinahoian.com\/vi\/wp-json\/wp\/v2\/pages\/253"}],"wp:featuredmedia":[{"embeddable":true,"href":"https:\/\/www.belmarinahoian.com\/vi\/wp-json\/wp\/v2\/media\/533"}],"wp:attachment":[{"href":"https:\/\/www.belmarinahoian.com\/vi\/wp-json\/wp\/v2\/media?parent=532"}],"wp:term":[{"taxonomy":"category","embeddable":true,"href":"https:\/\/www.belmarinahoian.com\/vi\/wp-json\/wp\/v2\/categories?post=532"}],"curies":[{"name":"wp","href":"https:\/\/api.w.org\/{rel}","templated":true}]}}