{"id":529,"date":"2026-01-08T01:36:22","date_gmt":"2026-01-08T01:36:22","guid":{"rendered":"https:\/\/www.belmarinahoian.com\/?page_id=529"},"modified":"2026-01-08T01:37:46","modified_gmt":"2026-01-08T01:37:46","slug":"pho-di-bo-hoi-an","status":"publish","type":"page","link":"https:\/\/www.belmarinahoian.com\/vi\/destination\/pho-di-bo-hoi-an\/","title":{"rendered":"Ph\u1ed1 \u0111i b\u1ed9 H\u1ed9i An"},"content":{"rendered":"<p>Ph\u1ed1 \u0111i b\u1ed9 H\u1ed9i An l\u00e0m say \u0111\u1eafm bi\u1ebft bao th\u1ebf h\u1ec7 b\u1eb1ng kh\u00f4ng kh\u00ed y\u00ean b\u00ecnh, kh\u00f4ng gian c\u1ed5 k\u00ednh v\u00e0 nh\u1eefng gi\u00e1 tr\u1ecb v\u0103n h\u00f3a, l\u1ecbch s\u1eed to l\u1edbn. Kh\u00f4ng ch\u1ec9 c\u00f3 v\u1eady, n\u01a1i \u0111\u00e2y c\u00f2n khi\u1ebfn du kh\u00e1ch, \u0111\u1eb7c bi\u1ec7t l\u00e0 gi\u1edbi tr\u1ebb y\u00eau th\u00edch v\u00ec c\u00f3 nh\u1eefng g\u00f3c s\u1ed1ng \u1ea3o tuy\u1ec7t \u0111\u1eb9p nh\u01b0 ph\u1ed1 \u0111\u00e8n l\u1ed3ng lung linh huy\u1ec1n \u1ea3o hay con h\u1ebbm v\u00e0ng n\u1ed5i ti\u1ebfng th\u01b0\u1eddng xuy\u00ean xu\u1ea5t hi\u1ec7n \u1edf c\u00e1c trang m\u1ea1ng x\u00e3 h\u1ed9i l\u1edbn v\u1ec1 du l\u1ecbch.<\/p>\n<p>Thong th\u1ea3 d\u1ea1o b\u01b0\u1edbc tr\u00ean ph\u1ed1 \u0111i b\u1ed9 H\u1ed9i An, du kh\u00e1ch nh\u01b0 l\u1ea1c v\u00e0o m\u1ed9t th\u1ebf gi\u1edbi m\u1edbi, kh\u00e1c ho\u00e0n to\u00e0n v\u1edbi nh\u1eefng x\u00f4 b\u1ed3 v\u00e0 h\u1ed1i h\u1ea3 c\u1ee7a cu\u1ed9c s\u1ed1ng th\u01b0\u1eddng ng\u00e0y. C\u00f3 l\u1ebd c\u0169ng ch\u00ednh v\u00ec \u0111i\u1ec1u n\u00e0y, H\u1ed9i An lu\u00f4n l\u00e0 \u0111\u1ecba \u0111i\u1ec3m du l\u1ecbch ngh\u1ec9 d\u01b0\u1ee1ng l\u00fd t\u01b0\u1edfng, n\u01a1i du kh\u00e1ch c\u00f3 th\u1ec3 nh\u1eb9 nh\u00e0ng th\u01b0 gi\u00e3n t\u00e2m h\u1ed3n v\u00e0 l\u1eafng nghe t\u1eebng h\u01a1i th\u1edf ch\u1eadm r\u00e3i c\u1ee7a cu\u1ed9c s\u1ed1ng.<\/p>\n<p>Con ph\u1ed1 \u0111i b\u1ed9 H\u1ed9i An thu\u1ed9c \u0111\u1ecba ph\u1eadn ph\u01b0\u1eddng C\u1ea9m Ph\u00f4, \u1edf ngay v\u1ecb tr\u00ed trung t\u00e2m c\u1ee7a th\u00e0nh ph\u1ed1 H\u1ed9i An, c\u00e1ch \u0110\u00e0 N\u1eb5ng kho\u1ea3ng 30km v\u1ec1 ph\u00eda Nam. V\u00ec th\u1ebf, du kh\u00e1ch c\u00f3 th\u1ec3 l\u1ef1a ch\u1ecdn du l\u1ecbch k\u1ebft h\u1ee3p H\u1ed9i An \u2013 \u0110\u00e0 N\u1eb5ng \u0111\u1ec3 ti\u1ebft ki\u1ec7m th\u1eddi gian v\u00e0 chi ph\u00ed.<\/p>\n<p>Trong khu ph\u1ed1 \u0111i b\u1ed9 c\u00f3 r\u1ea5t nhi\u1ec1u con \u0111\u01b0\u1eddng tuy\u1ec7t \u0111\u1eb9p, nh\u01b0ng n\u1ed5i b\u1eadt nh\u1ea5t l\u00e0 m\u1ed9t v\u00e0i c\u00e1i t\u00ean nh\u01b0 Ho\u00e0ng V\u0103n Th\u1ee5, Nguy\u1ec5n Th\u1ecb Minh Khai, Tr\u1ea7n Ph\u00fa, Ho\u00e0ng Di\u1ec7u, Nguy\u1ec5n Th\u00e1i H\u1ecdc, Phan B\u1ed9i Ch\u00e2u, Nguy\u1ec5n Hu\u1ec7, Ch\u00e2u Th\u01b0\u1ee3ng V\u0103n, C\u00f4ng N\u1eef Ng\u1ecdc Hoa,\u2026<\/p>\n<p>\u0110\u01b0\u1eddng \u0111\u1ebfn ph\u1ed1 c\u1ed5 H\u1ed9i An d\u01b0\u1eddng nh\u01b0 ng\u1eafn l\u1ea1i khi du kh\u00e1ch \u0111\u01b0\u1ee3c nh\u00ecn ng\u1eafm h\u00ecnh \u1ea3nh c\u1ee7a nh\u1eefng ng\u00f4i nh\u00e0 c\u1ed5 ho\u00e0i ni\u1ec7m n\u1eb1m \u1edf hai b\u00ean \u0111\u01b0\u1eddng c\u1ee7a ph\u1ed1 H\u1ed9i. \u0110\u1eb7c bi\u1ec7t, H\u1ed9i An c\u00f2n l\u00e0 n\u01a1i s\u1edf h\u1eefu nhi\u1ec1u ng\u00f4i nh\u00e0 c\u1ed5 mang gi\u00e1 tr\u1ecb v\u0103n h\u00f3a, l\u1ecbch s\u1eed c\u1ee7a \u0111\u1ecba ph\u01b0\u01a1ng nh\u01b0 nh\u00e0 c\u1ed5 T\u1ea5n K\u00fd, nh\u00e0 th\u1edd t\u1ed9c Tr\u1ea7n, H\u1ed9i qu\u00e1n Ph\u00fac Ki\u1ebfn,\u2026<\/p>\n<p>Ph\u1ed1 \u0111i b\u1ed9 n\u1eb1m ngay \u1edf trung t\u00e2m th\u00e0nh ph\u1ed1 H\u1ed9i An n\u00ean du kh\u00e1ch c\u00f3 th\u1ec3 d\u1ec5 d\u00e0ng l\u1ef1a ch\u1ecdn c\u00e1c ph\u01b0\u01a1ng ti\u1ec7n di chuy\u1ec3n ph\u00f9 h\u1ee3p \u0111\u1ec3 tham quan c\u00e1c \u0111\u1ecba \u0111i\u1ec3m du l\u1ecbch. B\u00ean c\u1ea1nh vi\u1ec7c t\u1ea3n b\u1ed9 d\u1ecdc theo nh\u1eefng con ph\u1ed1 c\u1ed5 k\u00ednh, du kh\u00e1ch c\u0169ng c\u00f3 th\u1ec3 \u0111\u1ea1p xe qua t\u1eebng ng\u00f3c ng\u00e1ch c\u1ee7a ph\u1ed1 H\u1ed9i, hay thong dong tr\u00ean chuy\u1ebfn xe x\u00edch l\u00f4 v\u00f2ng quanh H\u1ed9i An \u0111\u1ec3 th\u01b0 gi\u00e3n v\u00e0 c\u1ea3m nh\u1eadn nh\u1ecbp s\u1ed1ng ch\u1eadm r\u00e3i \u0111\u1eb7c tr\u01b0ng c\u1ee7a ng\u01b0\u1eddi d\u00e2n \u0111\u1ecba ph\u01b0\u01a1ng.<\/p>\n","protected":false},"excerpt":{"rendered":"<p>Ph\u1ed1 \u0111i b\u1ed9 H\u1ed9i An l\u00e0m say \u0111\u1eafm bi\u1ebft bao th\u1ebf h\u1ec7 b\u1eb1ng kh\u00f4ng kh\u00ed y\u00ean b\u00ecnh, kh\u00f4ng gian c\u1ed5 k\u00ednh v\u00e0 nh\u1eefng gi\u00e1 tr\u1ecb v\u0103n h\u00f3a, l\u1ecbch s\u1eed to l\u1edbn. Kh\u00f4ng ch\u1ec9 c\u00f3 v\u1eady, n\u01a1i \u0111\u00e2y c\u00f2n khi\u1ebfn du kh\u00e1ch, \u0111\u1eb7c bi\u1ec7t l\u00e0 gi\u1edbi tr\u1ebb y\u00eau th\u00edch v\u00ec c\u00f3 nh\u1eefng g\u00f3c s\u1ed1ng \u1ea3o tuy\u1ec7t [&hellip;]<\/p>\n","protected":false},"author":249,"featured_media":530,"parent":253,"menu_order":0,"comment_status":"closed","ping_status":"closed","template":"template-single-destination.php","meta":{"footnotes":""},"categories":[],"yoast_head":"<!-- This site is optimized with the Yoast SEO plugin v22.3 - https:\/\/yoast.com\/wordpress\/plugins\/seo\/ -->\n<title>Ph\u1ed1 \u0111i b\u1ed9 H\u1ed9i An - Bel Marina Hoi An<\/title>\n<meta name=\"robots\" content=\"index, follow, max-snippet:-1, max-image-preview:large, max-video-preview:-1\" \/>\n<link rel=\"canonical\" href=\"https:\/\/www.belmarinahoian.com\/vi\/destination\/pho-di-bo-hoi-an\/\" \/>\n<meta property=\"og:locale\" content=\"vi_VN\" \/>\n<meta property=\"og:type\" content=\"article\" \/>\n<meta property=\"og:title\" content=\"Ph\u1ed1 \u0111i b\u1ed9 H\u1ed9i An - Bel Marina Hoi An\" \/>\n<meta property=\"og:description\" content=\"Ph\u1ed1 \u0111i b\u1ed9 H\u1ed9i An l\u00e0m say \u0111\u1eafm bi\u1ebft bao th\u1ebf h\u1ec7 b\u1eb1ng kh\u00f4ng kh\u00ed y\u00ean b\u00ecnh, kh\u00f4ng gian c\u1ed5 k\u00ednh v\u00e0 nh\u1eefng gi\u00e1 tr\u1ecb v\u0103n h\u00f3a, l\u1ecbch s\u1eed to l\u1edbn. Kh\u00f4ng ch\u1ec9 c\u00f3 v\u1eady, n\u01a1i \u0111\u00e2y c\u00f2n khi\u1ebfn du kh\u00e1ch, \u0111\u1eb7c bi\u1ec7t l\u00e0 gi\u1edbi tr\u1ebb y\u00eau th\u00edch v\u00ec c\u00f3 nh\u1eefng g\u00f3c s\u1ed1ng \u1ea3o tuy\u1ec7t [&hellip;]\" \/>\n<meta property=\"og:url\" content=\"https:\/\/www.belmarinahoian.com\/vi\/destination\/pho-di-bo-hoi-an\/\" \/>\n<meta property=\"og:site_name\" content=\"Bel Marina Hoi An\" \/>\n<meta property=\"article:publisher\" content=\"https:\/\/www.facebook.com\/belmarinahoian.official\" \/>\n<meta property=\"article:modified_time\" content=\"2026-01-08T01:37:46+00:00\" \/>\n<meta property=\"og:image\" content=\"https:\/\/www.belmarinahoian.com\/wp-content\/uploads\/sites\/132\/2026\/01\/Hoi-An-Walking-Street.jpg\" \/>\n\t<meta property=\"og:image:width\" content=\"1566\" \/>\n\t<meta property=\"og:image:height\" content=\"1280\" \/>\n\t<meta property=\"og:image:type\" content=\"image\/jpeg\" \/>\n<meta name=\"twitter:card\" content=\"summary_large_image\" \/>\n<meta name=\"twitter:label1\" content=\"Est. reading time\" \/>\n\t<meta name=\"twitter:data1\" content=\"3 minutes\" \/>\n<script type=\"application\/ld+json\" class=\"yoast-schema-graph\">{\"@context\":\"https:\/\/schema.org\",\"@graph\":[{\"@type\":\"WebPage\",\"@id\":\"https:\/\/www.belmarinahoian.com\/vi\/destination\/pho-di-bo-hoi-an\/\",\"url\":\"https:\/\/www.belmarinahoian.com\/vi\/destination\/pho-di-bo-hoi-an\/\",\"name\":\"Ph\u1ed1 \u0111i b\u1ed9 H\u1ed9i An - Bel Marina Hoi An\",\"isPartOf\":{\"@id\":\"https:\/\/www.belmarinahoian.com\/vi\/#website\"},\"primaryImageOfPage\":{\"@id\":\"https:\/\/www.belmarinahoian.com\/vi\/destination\/pho-di-bo-hoi-an\/#primaryimage\"},\"image\":{\"@id\":\"https:\/\/www.belmarinahoian.com\/vi\/destination\/pho-di-bo-hoi-an\/#primaryimage\"},\"thumbnailUrl\":\"https:\/\/www.belmarinahoian.com\/wp-content\/uploads\/sites\/132\/2026\/01\/Hoi-An-Walking-Street.jpg\",\"datePublished\":\"2026-01-08T01:36:22+00:00\",\"dateModified\":\"2026-01-08T01:37:46+00:00\",\"breadcrumb\":{\"@id\":\"https:\/\/www.belmarinahoian.com\/vi\/destination\/pho-di-bo-hoi-an\/#breadcrumb\"},\"inLanguage\":\"vi-VN\",\"potentialAction\":[{\"@type\":\"ReadAction\",\"target\":[\"https:\/\/www.belmarinahoian.com\/vi\/destination\/pho-di-bo-hoi-an\/\"]}]},{\"@type\":\"ImageObject\",\"inLanguage\":\"vi-VN\",\"@id\":\"https:\/\/www.belmarinahoian.com\/vi\/destination\/pho-di-bo-hoi-an\/#primaryimage\",\"url\":\"https:\/\/www.belmarinahoian.com\/wp-content\/uploads\/sites\/132\/2026\/01\/Hoi-An-Walking-Street.jpg\",\"contentUrl\":\"https:\/\/www.belmarinahoian.com\/wp-content\/uploads\/sites\/132\/2026\/01\/Hoi-An-Walking-Street.jpg\",\"width\":1566,\"height\":1280},{\"@type\":\"BreadcrumbList\",\"@id\":\"https:\/\/www.belmarinahoian.com\/vi\/destination\/pho-di-bo-hoi-an\/#breadcrumb\",\"itemListElement\":[{\"@type\":\"ListItem\",\"position\":1,\"name\":\"Home\",\"item\":\"https:\/\/www.belmarinahoian.com\/vi\/\"},{\"@type\":\"ListItem\",\"position\":2,\"name\":\"\u0110i\u1ec3m \u0111\u1ebfn\",\"item\":\"https:\/\/www.belmarinahoian.com\/vi\/destination\/\"},{\"@type\":\"ListItem\",\"position\":3,\"name\":\"Ph\u1ed1 \u0111i b\u1ed9 H\u1ed9i An\"}]},{\"@type\":\"WebSite\",\"@id\":\"https:\/\/www.belmarinahoian.com\/vi\/#website\",\"url\":\"https:\/\/www.belmarinahoian.com\/vi\/\",\"name\":\"Bel Marina Hoi An\",\"description\":\"\",\"potentialAction\":[{\"@type\":\"SearchAction\",\"target\":{\"@type\":\"EntryPoint\",\"urlTemplate\":\"https:\/\/www.belmarinahoian.com\/vi\/?s={search_term_string}\"},\"query-input\":\"required name=search_term_string\"}],\"inLanguage\":\"vi-VN\"}]}<\/script>\n<!-- \/ Yoast SEO plugin. -->","yoast_head_json":{"title":"Ph\u1ed1 \u0111i b\u1ed9 H\u1ed9i An - Bel Marina Hoi An","robots":{"index":"index","follow":"follow","max-snippet":"max-snippet:-1","max-image-preview":"max-image-preview:large","max-video-preview":"max-video-preview:-1"},"canonical":"https:\/\/www.belmarinahoian.com\/vi\/destination\/pho-di-bo-hoi-an\/","og_locale":"vi_VN","og_type":"article","og_title":"Ph\u1ed1 \u0111i b\u1ed9 H\u1ed9i An - Bel Marina Hoi An","og_description":"Ph\u1ed1 \u0111i b\u1ed9 H\u1ed9i An l\u00e0m say \u0111\u1eafm bi\u1ebft bao th\u1ebf h\u1ec7 b\u1eb1ng kh\u00f4ng kh\u00ed y\u00ean b\u00ecnh, kh\u00f4ng gian c\u1ed5 k\u00ednh v\u00e0 nh\u1eefng gi\u00e1 tr\u1ecb v\u0103n h\u00f3a, l\u1ecbch s\u1eed to l\u1edbn. Kh\u00f4ng ch\u1ec9 c\u00f3 v\u1eady, n\u01a1i \u0111\u00e2y c\u00f2n khi\u1ebfn du kh\u00e1ch, \u0111\u1eb7c bi\u1ec7t l\u00e0 gi\u1edbi tr\u1ebb y\u00eau th\u00edch v\u00ec c\u00f3 nh\u1eefng g\u00f3c s\u1ed1ng \u1ea3o tuy\u1ec7t [&hellip;]","og_url":"https:\/\/www.belmarinahoian.com\/vi\/destination\/pho-di-bo-hoi-an\/","og_site_name":"Bel Marina Hoi An","article_publisher":"https:\/\/www.facebook.com\/belmarinahoian.official","article_modified_time":"2026-01-08T01:37:46+00:00","og_image":[{"width":1566,"height":1280,"url":"https:\/\/www.belmarinahoian.com\/wp-content\/uploads\/sites\/132\/2026\/01\/Hoi-An-Walking-Street.jpg","type":"image\/jpeg"}],"twitter_card":"summary_large_image","twitter_misc":{"Est. reading time":"3 minutes"},"schema":{"@context":"https:\/\/schema.org","@graph":[{"@type":"WebPage","@id":"https:\/\/www.belmarinahoian.com\/vi\/destination\/pho-di-bo-hoi-an\/","url":"https:\/\/www.belmarinahoian.com\/vi\/destination\/pho-di-bo-hoi-an\/","name":"Ph\u1ed1 \u0111i b\u1ed9 H\u1ed9i An - Bel Marina Hoi An","isPartOf":{"@id":"https:\/\/www.belmarinahoian.com\/vi\/#website"},"primaryImageOfPage":{"@id":"https:\/\/www.belmarinahoian.com\/vi\/destination\/pho-di-bo-hoi-an\/#primaryimage"},"image":{"@id":"https:\/\/www.belmarinahoian.com\/vi\/destination\/pho-di-bo-hoi-an\/#primaryimage"},"thumbnailUrl":"https:\/\/www.belmarinahoian.com\/wp-content\/uploads\/sites\/132\/2026\/01\/Hoi-An-Walking-Street.jpg","datePublished":"2026-01-08T01:36:22+00:00","dateModified":"2026-01-08T01:37:46+00:00","breadcrumb":{"@id":"https:\/\/www.belmarinahoian.com\/vi\/destination\/pho-di-bo-hoi-an\/#breadcrumb"},"inLanguage":"vi-VN","potentialAction":[{"@type":"ReadAction","target":["https:\/\/www.belmarinahoian.com\/vi\/destination\/pho-di-bo-hoi-an\/"]}]},{"@type":"ImageObject","inLanguage":"vi-VN","@id":"https:\/\/www.belmarinahoian.com\/vi\/destination\/pho-di-bo-hoi-an\/#primaryimage","url":"https:\/\/www.belmarinahoian.com\/wp-content\/uploads\/sites\/132\/2026\/01\/Hoi-An-Walking-Street.jpg","contentUrl":"https:\/\/www.belmarinahoian.com\/wp-content\/uploads\/sites\/132\/2026\/01\/Hoi-An-Walking-Street.jpg","width":1566,"height":1280},{"@type":"BreadcrumbList","@id":"https:\/\/www.belmarinahoian.com\/vi\/destination\/pho-di-bo-hoi-an\/#breadcrumb","itemListElement":[{"@type":"ListItem","position":1,"name":"Home","item":"https:\/\/www.belmarinahoian.com\/vi\/"},{"@type":"ListItem","position":2,"name":"\u0110i\u1ec3m \u0111\u1ebfn","item":"https:\/\/www.belmarinahoian.com\/vi\/destination\/"},{"@type":"ListItem","position":3,"name":"Ph\u1ed1 \u0111i b\u1ed9 H\u1ed9i An"}]},{"@type":"WebSite","@id":"https:\/\/www.belmarinahoian.com\/vi\/#website","url":"https:\/\/www.belmarinahoian.com\/vi\/","name":"Bel Marina Hoi An","description":"","potentialAction":[{"@type":"SearchAction","target":{"@type":"EntryPoint","urlTemplate":"https:\/\/www.belmarinahoian.com\/vi\/?s={search_term_string}"},"query-input":"required name=search_term_string"}],"inLanguage":"vi-VN"}]}},"acf":[],"_links":{"self":[{"href":"https:\/\/www.belmarinahoian.com\/vi\/wp-json\/wp\/v2\/pages\/529"}],"collection":[{"href":"https:\/\/www.belmarinahoian.com\/vi\/wp-json\/wp\/v2\/pages"}],"about":[{"href":"https:\/\/www.belmarinahoian.com\/vi\/wp-json\/wp\/v2\/types\/page"}],"author":[{"embeddable":true,"href":"https:\/\/www.belmarinahoian.com\/vi\/wp-json\/wp\/v2\/users\/249"}],"replies":[{"embeddable":true,"href":"https:\/\/www.belmarinahoian.com\/vi\/wp-json\/wp\/v2\/comments?post=529"}],"version-history":[{"count":0,"href":"https:\/\/www.belmarinahoian.com\/vi\/wp-json\/wp\/v2\/pages\/529\/revisions"}],"up":[{"embeddable":true,"href":"https:\/\/www.belmarinahoian.com\/vi\/wp-json\/wp\/v2\/pages\/253"}],"wp:featuredmedia":[{"embeddable":true,"href":"https:\/\/www.belmarinahoian.com\/vi\/wp-json\/wp\/v2\/media\/530"}],"wp:attachment":[{"href":"https:\/\/www.belmarinahoian.com\/vi\/wp-json\/wp\/v2\/media?parent=529"}],"wp:term":[{"taxonomy":"category","embeddable":true,"href":"https:\/\/www.belmarinahoian.com\/vi\/wp-json\/wp\/v2\/categories?post=529"}],"curies":[{"name":"wp","href":"https:\/\/api.w.org\/{rel}","templated":true}]}}