{"id":526,"date":"2026-01-08T01:32:31","date_gmt":"2026-01-08T01:32:31","guid":{"rendered":"https:\/\/www.belmarinahoian.com\/?page_id=526"},"modified":"2026-01-08T01:33:39","modified_gmt":"2026-01-08T01:33:39","slug":"nha-co-tan-ky","status":"publish","type":"page","link":"https:\/\/www.belmarinahoian.com\/vi\/destination\/nha-co-tan-ky\/","title":{"rendered":"Nh\u00e0 C\u1ed5 T\u1ea5n K\u00fd"},"content":{"rendered":"<p>\u00d0\u01b0\u1ee3c x\u00e2y d\u1ef1ng c\u00e1ch \u0111\u00e2y g\u1ea7n 200 n\u0103m, Nh\u00e0 T\u1ea5n K\u00fd c\u00f3 ki\u1ec3u ki\u1ebfn tr\u00fac \u0111\u1eb7c tr\u01b0ng c\u1ee7a nh\u00e0 ph\u1ed1 H\u1ed9i An v\u1edbi n\u1ed9i th\u1ea5t chia l\u00e0m nhi\u1ec1u gian, m\u1ed7i gian c\u00f3 ch\u1ee9c n\u0103ng ri\u00eang. M\u1eb7t ti\u1ec1n nh\u00e0 l\u00e0 n\u01a1i \u0111\u1ec3 m\u1edf c\u1eeda hi\u1ec7u bu\u00f4n b\u00e1n, m\u1eb7t sau th\u00f4ng v\u1edbi b\u1ebfn s\u00f4ng \u0111\u1ec3 l\u00e0m n\u01a1i xu\u1ea5t nh\u1eadp h\u00e0ng h\u00f3a.<\/p>\n<p>Nh\u00e0 \u0111\u01b0\u1ee3c x\u00e2y d\u1ef1ng b\u1edfi nh\u1eefng lo\u1ea1i v\u1eadt li\u1ec7u truy\u1ec1n th\u1ed1ng v\u00e0 \u0111\u01b0\u1ee3c t\u1ea1o t\u00e1c b\u1edfi nh\u1eefng th\u1ee3 m\u1ed9c, n\u1ec1 \u0111\u1ecba ph\u01b0\u01a1ng n\u00ean v\u1eeba mang d\u00e1ng n\u00e9t ri\u00eang, thanh tho\u00e1t, \u1ea5m c\u00fang, v\u1eeba th\u1ec3 hi\u1ec7n s\u1ef1 giao l\u01b0u v\u1edbi c\u00e1c phong c\u00e1ch ki\u1ebfn tr\u00fac trong khu v\u1ef1c. Ng\u00e0y 17 th\u00e1ng 2 n\u0103m 1990, Nh\u00e0 T\u1ea5n K\u00fd \u0111\u00e3 \u0111\u01b0\u1ee3c c\u1ea5p b\u1eb1ng Di t\u00edch L\u1ecbch s\u1eed \u2013 V\u0103n h\u00f3a Qu\u1ed1c gia.<\/p>\n<p>TH\u00d4NG TIN THAM QUAN<br \/>\n\u0110\u1ecba ch\u1ec9: 101 Nguy\u1ec5n Th\u00e1i H\u1ecdc<\/p>\n","protected":false},"excerpt":{"rendered":"<p>\u00d0\u01b0\u1ee3c x\u00e2y d\u1ef1ng c\u00e1ch \u0111\u00e2y g\u1ea7n 200 n\u0103m, Nh\u00e0 T\u1ea5n K\u00fd c\u00f3 ki\u1ec3u ki\u1ebfn tr\u00fac \u0111\u1eb7c tr\u01b0ng c\u1ee7a nh\u00e0 ph\u1ed1 H\u1ed9i An v\u1edbi n\u1ed9i th\u1ea5t chia l\u00e0m nhi\u1ec1u gian, m\u1ed7i gian c\u00f3 ch\u1ee9c n\u0103ng ri\u00eang. M\u1eb7t ti\u1ec1n nh\u00e0 l\u00e0 n\u01a1i \u0111\u1ec3 m\u1edf c\u1eeda hi\u1ec7u bu\u00f4n b\u00e1n, m\u1eb7t sau th\u00f4ng v\u1edbi b\u1ebfn s\u00f4ng \u0111\u1ec3 l\u00e0m n\u01a1i [&hellip;]<\/p>\n","protected":false},"author":249,"featured_media":527,"parent":253,"menu_order":0,"comment_status":"closed","ping_status":"closed","template":"template-single-destination.php","meta":{"footnotes":""},"categories":[],"yoast_head":"<!-- This site is optimized with the Yoast SEO plugin v22.3 - https:\/\/yoast.com\/wordpress\/plugins\/seo\/ -->\n<title>Nh\u00e0 C\u1ed5 T\u1ea5n K\u00fd - Bel Marina Hoi An<\/title>\n<meta name=\"robots\" content=\"index, follow, max-snippet:-1, max-image-preview:large, max-video-preview:-1\" \/>\n<link rel=\"canonical\" href=\"https:\/\/www.belmarinahoian.com\/vi\/destination\/nha-co-tan-ky\/\" \/>\n<meta property=\"og:locale\" content=\"vi_VN\" \/>\n<meta property=\"og:type\" content=\"article\" \/>\n<meta property=\"og:title\" content=\"Nh\u00e0 C\u1ed5 T\u1ea5n K\u00fd - Bel Marina Hoi An\" \/>\n<meta property=\"og:description\" content=\"\u00d0\u01b0\u1ee3c x\u00e2y d\u1ef1ng c\u00e1ch \u0111\u00e2y g\u1ea7n 200 n\u0103m, Nh\u00e0 T\u1ea5n K\u00fd c\u00f3 ki\u1ec3u ki\u1ebfn tr\u00fac \u0111\u1eb7c tr\u01b0ng c\u1ee7a nh\u00e0 ph\u1ed1 H\u1ed9i An v\u1edbi n\u1ed9i th\u1ea5t chia l\u00e0m nhi\u1ec1u gian, m\u1ed7i gian c\u00f3 ch\u1ee9c n\u0103ng ri\u00eang. M\u1eb7t ti\u1ec1n nh\u00e0 l\u00e0 n\u01a1i \u0111\u1ec3 m\u1edf c\u1eeda hi\u1ec7u bu\u00f4n b\u00e1n, m\u1eb7t sau th\u00f4ng v\u1edbi b\u1ebfn s\u00f4ng \u0111\u1ec3 l\u00e0m n\u01a1i [&hellip;]\" \/>\n<meta property=\"og:url\" content=\"https:\/\/www.belmarinahoian.com\/vi\/destination\/nha-co-tan-ky\/\" \/>\n<meta property=\"og:site_name\" content=\"Bel Marina Hoi An\" \/>\n<meta property=\"article:publisher\" content=\"https:\/\/www.facebook.com\/belmarinahoian.official\" \/>\n<meta property=\"article:modified_time\" content=\"2026-01-08T01:33:39+00:00\" \/>\n<meta property=\"og:image\" content=\"https:\/\/www.belmarinahoian.com\/wp-content\/uploads\/sites\/132\/2026\/01\/Tan-Ky-Ancient-House.jpg\" \/>\n\t<meta property=\"og:image:width\" content=\"1566\" \/>\n\t<meta property=\"og:image:height\" content=\"1280\" \/>\n\t<meta property=\"og:image:type\" content=\"image\/jpeg\" \/>\n<meta name=\"twitter:card\" content=\"summary_large_image\" \/>\n<meta name=\"twitter:label1\" content=\"Est. reading time\" \/>\n\t<meta name=\"twitter:data1\" content=\"1 minute\" \/>\n<script type=\"application\/ld+json\" class=\"yoast-schema-graph\">{\"@context\":\"https:\/\/schema.org\",\"@graph\":[{\"@type\":\"WebPage\",\"@id\":\"https:\/\/www.belmarinahoian.com\/vi\/destination\/nha-co-tan-ky\/\",\"url\":\"https:\/\/www.belmarinahoian.com\/vi\/destination\/nha-co-tan-ky\/\",\"name\":\"Nh\u00e0 C\u1ed5 T\u1ea5n K\u00fd - Bel Marina Hoi An\",\"isPartOf\":{\"@id\":\"https:\/\/www.belmarinahoian.com\/vi\/#website\"},\"primaryImageOfPage\":{\"@id\":\"https:\/\/www.belmarinahoian.com\/vi\/destination\/nha-co-tan-ky\/#primaryimage\"},\"image\":{\"@id\":\"https:\/\/www.belmarinahoian.com\/vi\/destination\/nha-co-tan-ky\/#primaryimage\"},\"thumbnailUrl\":\"https:\/\/www.belmarinahoian.com\/wp-content\/uploads\/sites\/132\/2026\/01\/Tan-Ky-Ancient-House.jpg\",\"datePublished\":\"2026-01-08T01:32:31+00:00\",\"dateModified\":\"2026-01-08T01:33:39+00:00\",\"breadcrumb\":{\"@id\":\"https:\/\/www.belmarinahoian.com\/vi\/destination\/nha-co-tan-ky\/#breadcrumb\"},\"inLanguage\":\"vi-VN\",\"potentialAction\":[{\"@type\":\"ReadAction\",\"target\":[\"https:\/\/www.belmarinahoian.com\/vi\/destination\/nha-co-tan-ky\/\"]}]},{\"@type\":\"ImageObject\",\"inLanguage\":\"vi-VN\",\"@id\":\"https:\/\/www.belmarinahoian.com\/vi\/destination\/nha-co-tan-ky\/#primaryimage\",\"url\":\"https:\/\/www.belmarinahoian.com\/wp-content\/uploads\/sites\/132\/2026\/01\/Tan-Ky-Ancient-House.jpg\",\"contentUrl\":\"https:\/\/www.belmarinahoian.com\/wp-content\/uploads\/sites\/132\/2026\/01\/Tan-Ky-Ancient-House.jpg\",\"width\":1566,\"height\":1280},{\"@type\":\"BreadcrumbList\",\"@id\":\"https:\/\/www.belmarinahoian.com\/vi\/destination\/nha-co-tan-ky\/#breadcrumb\",\"itemListElement\":[{\"@type\":\"ListItem\",\"position\":1,\"name\":\"Home\",\"item\":\"https:\/\/www.belmarinahoian.com\/vi\/\"},{\"@type\":\"ListItem\",\"position\":2,\"name\":\"\u0110i\u1ec3m \u0111\u1ebfn\",\"item\":\"https:\/\/www.belmarinahoian.com\/vi\/destination\/\"},{\"@type\":\"ListItem\",\"position\":3,\"name\":\"Nh\u00e0 C\u1ed5 T\u1ea5n K\u00fd\"}]},{\"@type\":\"WebSite\",\"@id\":\"https:\/\/www.belmarinahoian.com\/vi\/#website\",\"url\":\"https:\/\/www.belmarinahoian.com\/vi\/\",\"name\":\"Bel Marina Hoi An\",\"description\":\"\",\"potentialAction\":[{\"@type\":\"SearchAction\",\"target\":{\"@type\":\"EntryPoint\",\"urlTemplate\":\"https:\/\/www.belmarinahoian.com\/vi\/?s={search_term_string}\"},\"query-input\":\"required name=search_term_string\"}],\"inLanguage\":\"vi-VN\"}]}<\/script>\n<!-- \/ Yoast SEO plugin. -->","yoast_head_json":{"title":"Nh\u00e0 C\u1ed5 T\u1ea5n K\u00fd - Bel Marina Hoi An","robots":{"index":"index","follow":"follow","max-snippet":"max-snippet:-1","max-image-preview":"max-image-preview:large","max-video-preview":"max-video-preview:-1"},"canonical":"https:\/\/www.belmarinahoian.com\/vi\/destination\/nha-co-tan-ky\/","og_locale":"vi_VN","og_type":"article","og_title":"Nh\u00e0 C\u1ed5 T\u1ea5n K\u00fd - Bel Marina Hoi An","og_description":"\u00d0\u01b0\u1ee3c x\u00e2y d\u1ef1ng c\u00e1ch \u0111\u00e2y g\u1ea7n 200 n\u0103m, Nh\u00e0 T\u1ea5n K\u00fd c\u00f3 ki\u1ec3u ki\u1ebfn tr\u00fac \u0111\u1eb7c tr\u01b0ng c\u1ee7a nh\u00e0 ph\u1ed1 H\u1ed9i An v\u1edbi n\u1ed9i th\u1ea5t chia l\u00e0m nhi\u1ec1u gian, m\u1ed7i gian c\u00f3 ch\u1ee9c n\u0103ng ri\u00eang. M\u1eb7t ti\u1ec1n nh\u00e0 l\u00e0 n\u01a1i \u0111\u1ec3 m\u1edf c\u1eeda hi\u1ec7u bu\u00f4n b\u00e1n, m\u1eb7t sau th\u00f4ng v\u1edbi b\u1ebfn s\u00f4ng \u0111\u1ec3 l\u00e0m n\u01a1i [&hellip;]","og_url":"https:\/\/www.belmarinahoian.com\/vi\/destination\/nha-co-tan-ky\/","og_site_name":"Bel Marina Hoi An","article_publisher":"https:\/\/www.facebook.com\/belmarinahoian.official","article_modified_time":"2026-01-08T01:33:39+00:00","og_image":[{"width":1566,"height":1280,"url":"https:\/\/www.belmarinahoian.com\/wp-content\/uploads\/sites\/132\/2026\/01\/Tan-Ky-Ancient-House.jpg","type":"image\/jpeg"}],"twitter_card":"summary_large_image","twitter_misc":{"Est. reading time":"1 minute"},"schema":{"@context":"https:\/\/schema.org","@graph":[{"@type":"WebPage","@id":"https:\/\/www.belmarinahoian.com\/vi\/destination\/nha-co-tan-ky\/","url":"https:\/\/www.belmarinahoian.com\/vi\/destination\/nha-co-tan-ky\/","name":"Nh\u00e0 C\u1ed5 T\u1ea5n K\u00fd - Bel Marina Hoi An","isPartOf":{"@id":"https:\/\/www.belmarinahoian.com\/vi\/#website"},"primaryImageOfPage":{"@id":"https:\/\/www.belmarinahoian.com\/vi\/destination\/nha-co-tan-ky\/#primaryimage"},"image":{"@id":"https:\/\/www.belmarinahoian.com\/vi\/destination\/nha-co-tan-ky\/#primaryimage"},"thumbnailUrl":"https:\/\/www.belmarinahoian.com\/wp-content\/uploads\/sites\/132\/2026\/01\/Tan-Ky-Ancient-House.jpg","datePublished":"2026-01-08T01:32:31+00:00","dateModified":"2026-01-08T01:33:39+00:00","breadcrumb":{"@id":"https:\/\/www.belmarinahoian.com\/vi\/destination\/nha-co-tan-ky\/#breadcrumb"},"inLanguage":"vi-VN","potentialAction":[{"@type":"ReadAction","target":["https:\/\/www.belmarinahoian.com\/vi\/destination\/nha-co-tan-ky\/"]}]},{"@type":"ImageObject","inLanguage":"vi-VN","@id":"https:\/\/www.belmarinahoian.com\/vi\/destination\/nha-co-tan-ky\/#primaryimage","url":"https:\/\/www.belmarinahoian.com\/wp-content\/uploads\/sites\/132\/2026\/01\/Tan-Ky-Ancient-House.jpg","contentUrl":"https:\/\/www.belmarinahoian.com\/wp-content\/uploads\/sites\/132\/2026\/01\/Tan-Ky-Ancient-House.jpg","width":1566,"height":1280},{"@type":"BreadcrumbList","@id":"https:\/\/www.belmarinahoian.com\/vi\/destination\/nha-co-tan-ky\/#breadcrumb","itemListElement":[{"@type":"ListItem","position":1,"name":"Home","item":"https:\/\/www.belmarinahoian.com\/vi\/"},{"@type":"ListItem","position":2,"name":"\u0110i\u1ec3m \u0111\u1ebfn","item":"https:\/\/www.belmarinahoian.com\/vi\/destination\/"},{"@type":"ListItem","position":3,"name":"Nh\u00e0 C\u1ed5 T\u1ea5n K\u00fd"}]},{"@type":"WebSite","@id":"https:\/\/www.belmarinahoian.com\/vi\/#website","url":"https:\/\/www.belmarinahoian.com\/vi\/","name":"Bel Marina Hoi An","description":"","potentialAction":[{"@type":"SearchAction","target":{"@type":"EntryPoint","urlTemplate":"https:\/\/www.belmarinahoian.com\/vi\/?s={search_term_string}"},"query-input":"required name=search_term_string"}],"inLanguage":"vi-VN"}]}},"acf":[],"_links":{"self":[{"href":"https:\/\/www.belmarinahoian.com\/vi\/wp-json\/wp\/v2\/pages\/526"}],"collection":[{"href":"https:\/\/www.belmarinahoian.com\/vi\/wp-json\/wp\/v2\/pages"}],"about":[{"href":"https:\/\/www.belmarinahoian.com\/vi\/wp-json\/wp\/v2\/types\/page"}],"author":[{"embeddable":true,"href":"https:\/\/www.belmarinahoian.com\/vi\/wp-json\/wp\/v2\/users\/249"}],"replies":[{"embeddable":true,"href":"https:\/\/www.belmarinahoian.com\/vi\/wp-json\/wp\/v2\/comments?post=526"}],"version-history":[{"count":0,"href":"https:\/\/www.belmarinahoian.com\/vi\/wp-json\/wp\/v2\/pages\/526\/revisions"}],"up":[{"embeddable":true,"href":"https:\/\/www.belmarinahoian.com\/vi\/wp-json\/wp\/v2\/pages\/253"}],"wp:featuredmedia":[{"embeddable":true,"href":"https:\/\/www.belmarinahoian.com\/vi\/wp-json\/wp\/v2\/media\/527"}],"wp:attachment":[{"href":"https:\/\/www.belmarinahoian.com\/vi\/wp-json\/wp\/v2\/media?parent=526"}],"wp:term":[{"taxonomy":"category","embeddable":true,"href":"https:\/\/www.belmarinahoian.com\/vi\/wp-json\/wp\/v2\/categories?post=526"}],"curies":[{"name":"wp","href":"https:\/\/api.w.org\/{rel}","templated":true}]}}