{"id":523,"date":"2026-01-08T01:28:35","date_gmt":"2026-01-08T01:28:35","guid":{"rendered":"https:\/\/www.belmarinahoian.com\/?page_id=523"},"modified":"2026-01-08T01:29:45","modified_gmt":"2026-01-08T01:29:45","slug":"bai-choi","status":"publish","type":"page","link":"https:\/\/www.belmarinahoian.com\/vi\/destination\/bai-choi\/","title":{"rendered":"B\u00e0i ch\u00f2i"},"content":{"rendered":"<p>B\u00e0i ch\u00f2i H\u1ed9i An l\u00e0 tr\u00f2 ch\u01a1i d\u00e2n gian \u0111\u1eb7c tr\u01b0ng \u1edf mi\u1ec1n Trung. Sau n\u00e0y, b\u00e0i ch\u00f2i tr\u1edf th\u00e0nh m\u1ed9t lo\u1ea1i h\u00ecnh ngh\u1ec7 thu\u1eadt \u0111\u1ed9c \u0111\u00e1o trong s\u00e2n kh\u1ea5u ca k\u1ecbch.<\/p>\n<p>Th\u01b0\u1edfng th\u1ee9c b\u00e0i ch\u00f2i H\u1ed9i An l\u00e0 tr\u1ea3i nghi\u1ec7m v\u00f4 c\u00f9ng m\u1edbi m\u1ebb, h\u1ea5p d\u1eabn trong h\u00e0nh tr\u00ecnh kh\u00e1m ph\u00e1 du l\u1ecbch H\u1ed9i An. N\u1ebfu \u1edf mi\u1ec1n B\u1eafc c\u00f3 d\u00e2n ca quan h\u1ecd, mi\u1ec1n Nam c\u00f3 \u0111\u1eddn ca t\u00e0i t\u1eed th\u00ec mi\u1ec1n Trung c\u00f3 h\u00e1t b\u00e0i ch\u00f2i. Gh\u00e9 th\u0103m ph\u1ed1 c\u1ed5 v\u00e0 l\u1eafng nghe giai \u0111i\u1ec7u b\u00e0i ch\u00f2i ng\u00e2n nga ch\u1eafc ch\u1eafn s\u1ebd khi\u1ebfn b\u1ea1n nh\u1edb m\u00e3i kh\u00f4ng qu\u00ean.<\/p>\n<p>B\u00e0i ch\u00f2i \u0111\u01b0\u1ee3c hi\u1ec3u \u0111\u01a1n gi\u1ea3n l\u00e0 m\u1ed9t tr\u00f2 ch\u01a1i b\u00e0i \u1edf tr\u00ean ch\u00f2i. B\u00e0i ch\u00f2i \u1edf ph\u1ed1 c\u1ed5 H\u1ed9i An \u0111\u01b0\u1ee3c t\u1ed5 ch\u1ee9c t\u1ea1i kho\u1ea3ng \u0111\u1ea5t tr\u1ed1ng r\u1ed9ng r\u00e3i n\u1eb1m b\u00ean d\u00f2ng s\u00f4ng Ho\u00e0i th\u01a1 m\u1ed9ng. Tr\u01b0\u1edbc \u0111\u00e2y, b\u00e0i ch\u00f2i ch\u1ec9 \u0111\u01b0\u1ee3c t\u1ed5 ch\u1ee9c v\u00e0o c\u00e1c d\u1ecbp l\u1ec5, t\u1ebf \u0111\u1ea7u xu\u00e2n hay trong c\u00e1c l\u1ec5 h\u1ed9i l\u1edbn th\u00ec nay l\u1ea1i di\u1ec5n ra m\u1ed7i \u0111\u00eam t\u1ea1i ph\u1ed1 c\u1ed5 H\u1ed9i An.<\/p>\n<p>B\u00e0i ch\u00f2i l\u00e0 tr\u00f2 ch\u01a1i d\u00e2n gian mang h\u01a1i th\u1edf cu\u1ed9c s\u1ed1ng v\u00e0 l\u01b0u gi\u1eef b\u1ea3n s\u1eafc v\u0103n h\u00f3a c\u1ee7a ng\u01b0\u1eddi d\u00e2n t\u1ea1i c\u00e1c t\u1ec9nh mi\u1ec1n Trung, t\u1eeb Qu\u1ea3ng B\u00ecnh \u0111\u1ebfn B\u00ecnh Thu\u1eadn. B\u00e0i ch\u00f2i \u0111\u01b0\u1ee3c UNESCO ch\u00ednh th\u1ee9c c\u00f4ng nh\u1eadn l\u00e0 Di s\u1ea3n v\u0103n h\u00f3a phi v\u1eadt th\u1ec3 \u0111\u1ea1i di\u1ec7n c\u1ee7a nh\u00e2n lo\u1ea1i.<\/p>\n","protected":false},"excerpt":{"rendered":"<p>B\u00e0i ch\u00f2i H\u1ed9i An l\u00e0 tr\u00f2 ch\u01a1i d\u00e2n gian \u0111\u1eb7c tr\u01b0ng \u1edf mi\u1ec1n Trung. Sau n\u00e0y, b\u00e0i ch\u00f2i tr\u1edf th\u00e0nh m\u1ed9t lo\u1ea1i h\u00ecnh ngh\u1ec7 thu\u1eadt \u0111\u1ed9c \u0111\u00e1o trong s\u00e2n kh\u1ea5u ca k\u1ecbch. Th\u01b0\u1edfng th\u1ee9c b\u00e0i ch\u00f2i H\u1ed9i An l\u00e0 tr\u1ea3i nghi\u1ec7m v\u00f4 c\u00f9ng m\u1edbi m\u1ebb, h\u1ea5p d\u1eabn trong h\u00e0nh tr\u00ecnh kh\u00e1m ph\u00e1 du l\u1ecbch H\u1ed9i [&hellip;]<\/p>\n","protected":false},"author":249,"featured_media":524,"parent":253,"menu_order":0,"comment_status":"closed","ping_status":"closed","template":"template-single-destination.php","meta":{"footnotes":""},"categories":[],"yoast_head":"<!-- This site is optimized with the Yoast SEO plugin v22.3 - https:\/\/yoast.com\/wordpress\/plugins\/seo\/ -->\n<title>B\u00e0i ch\u00f2i - Bel Marina Hoi An<\/title>\n<meta name=\"robots\" content=\"index, follow, max-snippet:-1, max-image-preview:large, max-video-preview:-1\" \/>\n<link rel=\"canonical\" href=\"https:\/\/www.belmarinahoian.com\/vi\/destination\/bai-choi\/\" \/>\n<meta property=\"og:locale\" content=\"vi_VN\" \/>\n<meta property=\"og:type\" content=\"article\" \/>\n<meta property=\"og:title\" content=\"B\u00e0i ch\u00f2i - Bel Marina Hoi An\" \/>\n<meta property=\"og:description\" content=\"B\u00e0i ch\u00f2i H\u1ed9i An l\u00e0 tr\u00f2 ch\u01a1i d\u00e2n gian \u0111\u1eb7c tr\u01b0ng \u1edf mi\u1ec1n Trung. Sau n\u00e0y, b\u00e0i ch\u00f2i tr\u1edf th\u00e0nh m\u1ed9t lo\u1ea1i h\u00ecnh ngh\u1ec7 thu\u1eadt \u0111\u1ed9c \u0111\u00e1o trong s\u00e2n kh\u1ea5u ca k\u1ecbch. Th\u01b0\u1edfng th\u1ee9c b\u00e0i ch\u00f2i H\u1ed9i An l\u00e0 tr\u1ea3i nghi\u1ec7m v\u00f4 c\u00f9ng m\u1edbi m\u1ebb, h\u1ea5p d\u1eabn trong h\u00e0nh tr\u00ecnh kh\u00e1m ph\u00e1 du l\u1ecbch H\u1ed9i [&hellip;]\" \/>\n<meta property=\"og:url\" content=\"https:\/\/www.belmarinahoian.com\/vi\/destination\/bai-choi\/\" \/>\n<meta property=\"og:site_name\" content=\"Bel Marina Hoi An\" \/>\n<meta property=\"article:publisher\" content=\"https:\/\/www.facebook.com\/belmarinahoian.official\" \/>\n<meta property=\"article:modified_time\" content=\"2026-01-08T01:29:45+00:00\" \/>\n<meta property=\"og:image\" content=\"https:\/\/www.belmarinahoian.com\/wp-content\/uploads\/sites\/132\/2026\/01\/Bai-choi-Folkgame.jpg\" \/>\n\t<meta property=\"og:image:width\" content=\"1566\" \/>\n\t<meta property=\"og:image:height\" content=\"1280\" \/>\n\t<meta property=\"og:image:type\" content=\"image\/jpeg\" \/>\n<meta name=\"twitter:card\" content=\"summary_large_image\" \/>\n<meta name=\"twitter:label1\" content=\"Est. reading time\" \/>\n\t<meta name=\"twitter:data1\" content=\"2 minutes\" \/>\n<script type=\"application\/ld+json\" class=\"yoast-schema-graph\">{\"@context\":\"https:\/\/schema.org\",\"@graph\":[{\"@type\":\"WebPage\",\"@id\":\"https:\/\/www.belmarinahoian.com\/vi\/destination\/bai-choi\/\",\"url\":\"https:\/\/www.belmarinahoian.com\/vi\/destination\/bai-choi\/\",\"name\":\"B\u00e0i ch\u00f2i - Bel Marina Hoi An\",\"isPartOf\":{\"@id\":\"https:\/\/www.belmarinahoian.com\/vi\/#website\"},\"primaryImageOfPage\":{\"@id\":\"https:\/\/www.belmarinahoian.com\/vi\/destination\/bai-choi\/#primaryimage\"},\"image\":{\"@id\":\"https:\/\/www.belmarinahoian.com\/vi\/destination\/bai-choi\/#primaryimage\"},\"thumbnailUrl\":\"https:\/\/www.belmarinahoian.com\/wp-content\/uploads\/sites\/132\/2026\/01\/Bai-choi-Folkgame.jpg\",\"datePublished\":\"2026-01-08T01:28:35+00:00\",\"dateModified\":\"2026-01-08T01:29:45+00:00\",\"breadcrumb\":{\"@id\":\"https:\/\/www.belmarinahoian.com\/vi\/destination\/bai-choi\/#breadcrumb\"},\"inLanguage\":\"vi-VN\",\"potentialAction\":[{\"@type\":\"ReadAction\",\"target\":[\"https:\/\/www.belmarinahoian.com\/vi\/destination\/bai-choi\/\"]}]},{\"@type\":\"ImageObject\",\"inLanguage\":\"vi-VN\",\"@id\":\"https:\/\/www.belmarinahoian.com\/vi\/destination\/bai-choi\/#primaryimage\",\"url\":\"https:\/\/www.belmarinahoian.com\/wp-content\/uploads\/sites\/132\/2026\/01\/Bai-choi-Folkgame.jpg\",\"contentUrl\":\"https:\/\/www.belmarinahoian.com\/wp-content\/uploads\/sites\/132\/2026\/01\/Bai-choi-Folkgame.jpg\",\"width\":1566,\"height\":1280},{\"@type\":\"BreadcrumbList\",\"@id\":\"https:\/\/www.belmarinahoian.com\/vi\/destination\/bai-choi\/#breadcrumb\",\"itemListElement\":[{\"@type\":\"ListItem\",\"position\":1,\"name\":\"Home\",\"item\":\"https:\/\/www.belmarinahoian.com\/vi\/\"},{\"@type\":\"ListItem\",\"position\":2,\"name\":\"\u0110i\u1ec3m \u0111\u1ebfn\",\"item\":\"https:\/\/www.belmarinahoian.com\/vi\/destination\/\"},{\"@type\":\"ListItem\",\"position\":3,\"name\":\"B\u00e0i ch\u00f2i\"}]},{\"@type\":\"WebSite\",\"@id\":\"https:\/\/www.belmarinahoian.com\/vi\/#website\",\"url\":\"https:\/\/www.belmarinahoian.com\/vi\/\",\"name\":\"Bel Marina Hoi An\",\"description\":\"\",\"potentialAction\":[{\"@type\":\"SearchAction\",\"target\":{\"@type\":\"EntryPoint\",\"urlTemplate\":\"https:\/\/www.belmarinahoian.com\/vi\/?s={search_term_string}\"},\"query-input\":\"required name=search_term_string\"}],\"inLanguage\":\"vi-VN\"}]}<\/script>\n<!-- \/ Yoast SEO plugin. -->","yoast_head_json":{"title":"B\u00e0i ch\u00f2i - Bel Marina Hoi An","robots":{"index":"index","follow":"follow","max-snippet":"max-snippet:-1","max-image-preview":"max-image-preview:large","max-video-preview":"max-video-preview:-1"},"canonical":"https:\/\/www.belmarinahoian.com\/vi\/destination\/bai-choi\/","og_locale":"vi_VN","og_type":"article","og_title":"B\u00e0i ch\u00f2i - Bel Marina Hoi An","og_description":"B\u00e0i ch\u00f2i H\u1ed9i An l\u00e0 tr\u00f2 ch\u01a1i d\u00e2n gian \u0111\u1eb7c tr\u01b0ng \u1edf mi\u1ec1n Trung. Sau n\u00e0y, b\u00e0i ch\u00f2i tr\u1edf th\u00e0nh m\u1ed9t lo\u1ea1i h\u00ecnh ngh\u1ec7 thu\u1eadt \u0111\u1ed9c \u0111\u00e1o trong s\u00e2n kh\u1ea5u ca k\u1ecbch. Th\u01b0\u1edfng th\u1ee9c b\u00e0i ch\u00f2i H\u1ed9i An l\u00e0 tr\u1ea3i nghi\u1ec7m v\u00f4 c\u00f9ng m\u1edbi m\u1ebb, h\u1ea5p d\u1eabn trong h\u00e0nh tr\u00ecnh kh\u00e1m ph\u00e1 du l\u1ecbch H\u1ed9i [&hellip;]","og_url":"https:\/\/www.belmarinahoian.com\/vi\/destination\/bai-choi\/","og_site_name":"Bel Marina Hoi An","article_publisher":"https:\/\/www.facebook.com\/belmarinahoian.official","article_modified_time":"2026-01-08T01:29:45+00:00","og_image":[{"width":1566,"height":1280,"url":"https:\/\/www.belmarinahoian.com\/wp-content\/uploads\/sites\/132\/2026\/01\/Bai-choi-Folkgame.jpg","type":"image\/jpeg"}],"twitter_card":"summary_large_image","twitter_misc":{"Est. reading time":"2 minutes"},"schema":{"@context":"https:\/\/schema.org","@graph":[{"@type":"WebPage","@id":"https:\/\/www.belmarinahoian.com\/vi\/destination\/bai-choi\/","url":"https:\/\/www.belmarinahoian.com\/vi\/destination\/bai-choi\/","name":"B\u00e0i ch\u00f2i - Bel Marina Hoi An","isPartOf":{"@id":"https:\/\/www.belmarinahoian.com\/vi\/#website"},"primaryImageOfPage":{"@id":"https:\/\/www.belmarinahoian.com\/vi\/destination\/bai-choi\/#primaryimage"},"image":{"@id":"https:\/\/www.belmarinahoian.com\/vi\/destination\/bai-choi\/#primaryimage"},"thumbnailUrl":"https:\/\/www.belmarinahoian.com\/wp-content\/uploads\/sites\/132\/2026\/01\/Bai-choi-Folkgame.jpg","datePublished":"2026-01-08T01:28:35+00:00","dateModified":"2026-01-08T01:29:45+00:00","breadcrumb":{"@id":"https:\/\/www.belmarinahoian.com\/vi\/destination\/bai-choi\/#breadcrumb"},"inLanguage":"vi-VN","potentialAction":[{"@type":"ReadAction","target":["https:\/\/www.belmarinahoian.com\/vi\/destination\/bai-choi\/"]}]},{"@type":"ImageObject","inLanguage":"vi-VN","@id":"https:\/\/www.belmarinahoian.com\/vi\/destination\/bai-choi\/#primaryimage","url":"https:\/\/www.belmarinahoian.com\/wp-content\/uploads\/sites\/132\/2026\/01\/Bai-choi-Folkgame.jpg","contentUrl":"https:\/\/www.belmarinahoian.com\/wp-content\/uploads\/sites\/132\/2026\/01\/Bai-choi-Folkgame.jpg","width":1566,"height":1280},{"@type":"BreadcrumbList","@id":"https:\/\/www.belmarinahoian.com\/vi\/destination\/bai-choi\/#breadcrumb","itemListElement":[{"@type":"ListItem","position":1,"name":"Home","item":"https:\/\/www.belmarinahoian.com\/vi\/"},{"@type":"ListItem","position":2,"name":"\u0110i\u1ec3m \u0111\u1ebfn","item":"https:\/\/www.belmarinahoian.com\/vi\/destination\/"},{"@type":"ListItem","position":3,"name":"B\u00e0i ch\u00f2i"}]},{"@type":"WebSite","@id":"https:\/\/www.belmarinahoian.com\/vi\/#website","url":"https:\/\/www.belmarinahoian.com\/vi\/","name":"Bel Marina Hoi An","description":"","potentialAction":[{"@type":"SearchAction","target":{"@type":"EntryPoint","urlTemplate":"https:\/\/www.belmarinahoian.com\/vi\/?s={search_term_string}"},"query-input":"required name=search_term_string"}],"inLanguage":"vi-VN"}]}},"acf":[],"_links":{"self":[{"href":"https:\/\/www.belmarinahoian.com\/vi\/wp-json\/wp\/v2\/pages\/523"}],"collection":[{"href":"https:\/\/www.belmarinahoian.com\/vi\/wp-json\/wp\/v2\/pages"}],"about":[{"href":"https:\/\/www.belmarinahoian.com\/vi\/wp-json\/wp\/v2\/types\/page"}],"author":[{"embeddable":true,"href":"https:\/\/www.belmarinahoian.com\/vi\/wp-json\/wp\/v2\/users\/249"}],"replies":[{"embeddable":true,"href":"https:\/\/www.belmarinahoian.com\/vi\/wp-json\/wp\/v2\/comments?post=523"}],"version-history":[{"count":0,"href":"https:\/\/www.belmarinahoian.com\/vi\/wp-json\/wp\/v2\/pages\/523\/revisions"}],"up":[{"embeddable":true,"href":"https:\/\/www.belmarinahoian.com\/vi\/wp-json\/wp\/v2\/pages\/253"}],"wp:featuredmedia":[{"embeddable":true,"href":"https:\/\/www.belmarinahoian.com\/vi\/wp-json\/wp\/v2\/media\/524"}],"wp:attachment":[{"href":"https:\/\/www.belmarinahoian.com\/vi\/wp-json\/wp\/v2\/media?parent=523"}],"wp:term":[{"taxonomy":"category","embeddable":true,"href":"https:\/\/www.belmarinahoian.com\/vi\/wp-json\/wp\/v2\/categories?post=523"}],"curies":[{"name":"wp","href":"https:\/\/api.w.org\/{rel}","templated":true}]}}