{"id":508,"date":"2026-01-07T07:33:24","date_gmt":"2026-01-07T07:33:24","guid":{"rendered":"https:\/\/www.belmarinahoian.com\/?page_id=508"},"modified":"2026-01-07T07:32:14","modified_gmt":"2026-01-07T07:32:14","slug":"chua-cau","status":"publish","type":"page","link":"https:\/\/www.belmarinahoian.com\/vi\/destination\/chua-cau\/","title":{"rendered":"Ch\u00f9a C\u1ea7u"},"content":{"rendered":"<p>Ch\u00f9a C\u1ea7u ch\u00ednh l\u00e0 bi\u1ec3u t\u01b0\u1ee3ng \u0111\u1eb7c tr\u01b0ng c\u1ee7a Ph\u1ed1 c\u1ed5 H\u1ed9i An, chi\u1ebfc c\u1ea7u n\u00e0y c\u00f2n \u0111\u01b0\u1ee3c g\u1ecdi l\u00e0 c\u1ea7u Nh\u1eadt B\u1ea3n v\u00ec \u0111\u01b0\u1ee3c x\u00e2y d\u1ef1ng v\u00e0o kho\u1ea3ng th\u1ebf k\u1ef7 17 do c\u00e1c th\u01b0\u01a1ng nh\u00e2n ng\u01b0\u1eddi Nh\u1eadt g\u00f3p ti\u1ec1n x\u00e2y d\u1ef1ng. Ch\u00f9a C\u1ea7u H\u1ed9i An n\u1ed5i b\u1eadt ngay khi du kh\u00e1ch v\u1eeba b\u01b0\u1edbc v\u00e0o khu Ph\u1ed1 C\u1ed5, v\u1edbi ki\u1ebfn tr\u00fac kh\u00e1c l\u1ea1 khi m\u00e1i ch\u00f9a l\u1ee3p ng\u00f3i \u00e2m d\u01b0\u01a1ng che k\u00edn c\u1ea3 c\u00e2y c\u1ea7u g\u1ed7, phong c\u00e1ch x\u00e2y d\u1ef1ng giao thoa b\u1edfi nhi\u1ec1u n\u1ec1n v\u0103n h\u00f3a c\u1ee7a Vi\u1ec7t Nam, Nh\u1eadt B\u1ea3n v\u00e0 Ph\u01b0\u01a1ng T\u00e2y. V\u00ec v\u1eady, chi\u1ebfc c\u1ea7u n\u00e0y \u0111\u00e3 tr\u1edf th\u00e0nh \u0111\u1ecba \u0111i\u1ec3m \u0111\u01b0\u1ee3c check-in \u0111\u1ea7u ti\u00ean v\u00e0 nhi\u1ec1u nh\u1ea5t khi c\u00e1c b\u1ea1n tr\u1ebb gh\u00e9 th\u0103m H\u1ed9i An.<\/p>\n<p>Ch\u00f9a C\u1ea7u t\u1ea1i Ph\u1ed1 c\u1ed5 H\u1ed9i An v\u1edbi t\u1ed5ng chi\u1ec1u d\u00e0i l\u00e0 18 m\u00e9t, c\u00f3 m\u00e1i che uy\u1ec3n chuy\u1ec3n. M\u00e1i che n\u00e0y bao tr\u00f9m c\u1ea3 c\u00e2y c\u1ea7u, c\u1eeda ch\u00ednh c\u00f3 t\u1ea5m bi\u1ec3n l\u1edbn ch\u1ea1m n\u1ed5i 3 ch\u1eef H\u00e1n \u201cLai Vi\u1ec5n Ki\u1ec1u\u201d. C\u00f4ng tr\u00ecnh n\u00e0y b\u1eafc qua m\u1ed9t nh\u00e1nh nh\u1ecf c\u1ee7a s\u00f4ng Thu B\u1ed3n v\u1edbi h\u00ecnh \u1ea3nh ph\u1ea3n chi\u1ebfu tr\u00ean s\u00f4ng. Ch\u00f9a \u0111\u01b0\u1ee3c thi\u1ebft k\u1ebf b\u1eb1ng g\u1ed7 v\u1edbi ph\u1ea7n tr\u00ean l\u00e0 nh\u00e0, d\u01b0\u1edbi l\u00e0 c\u1ea7u c\u00f3 n\u1ec1n m\u00f3ng l\u00e0m b\u1eb1ng tr\u1ee5 \u0111\u00e1.<br \/>\nCh\u00f9a C\u1ea7u H\u1ed9i An \u0111\u01b0\u1ee3c g\u1ecdi l\u00e0 ch\u00f9a nh\u01b0ng kh\u00f4ng th\u1edd Ph\u1eadt m\u00e0 th\u1edd B\u1eafc \u0110\u1ebf Tr\u1ea5n V\u00f5 \u2013 m\u1ed9t v\u1ecb th\u1ea7n b\u1ea3o h\u1ed9 x\u1ee9 s\u1edf, \u0111em ni\u1ec1m vui, h\u1ea1nh ph\u00fac \u0111\u1ebfn cho con ng\u01b0\u1eddi tr\u00ean m\u1ea3nh \u0111\u1ea5t n\u00e0y. B\u1edfi v\u1eady, h\u00e0ng n\u0103m, ng\u01b0\u1eddi b\u1ea3n \u0111\u1ecba v\u00e0 du kh\u00e1ch \u0111\u1ec1u \u0111\u1ebfn \u0111\u00e2y \u0111\u1ec3 tham quan v\u00e0 t\u00ecm ch\u00fat thanh th\u1ea3n, b\u00ecnh y\u00ean gi\u1eefa l\u00f2ng Ph\u1ed1 c\u1ed5 nh\u1ed9n nh\u1ecbp.<\/p>\n<p>D\u00f9 \u0111\u00e3 tr\u1ea3i qua nhi\u1ec1u l\u1ea7n tr\u00f9ng tu, Ch\u00f9a C\u1ea7u H\u1ed9i An v\u1eabn gi\u1eef \u0111\u01b0\u1ee3c n\u00e9t c\u1ed5 k\u00ednh v\u1ed1n c\u00f3. Ch\u00ednh v\u00ec l\u1ebd \u0111\u00f3, Ch\u00f9a C\u1ea7u \u0111\u00e3 \u0111\u01b0\u1ee3c c\u00f4ng nh\u1eadn l\u00e0 Di t\u00edch l\u1ecbch s\u1eed \u2013 V\u0103n ho\u00e1 qu\u1ed1c gia v\u00e0o ng\u00e0y 17\/02\/1990 v\u00e0 tr\u1edf th\u00e0nh h\u00ecnh \u1ea3nh in tr\u00ean \u0111\u1ed3ng ti\u1ec1n polymer 20,000 VN\u0110 c\u1ee7a Vi\u1ec7t Nam. Ch\u00f9a C\u1ea7u H\u1ed9i An c\u00f2n g\u1eafn li\u1ec1n v\u1edbi \u0111\u1eddi s\u1ed1ng c\u1ee7a ng\u01b0\u1eddi d\u00e2n n\u01a1i n\u00e0y nh\u01b0 vi\u1ec7c \u0111i\u1ec1u ti\u1ebft giao th\u00f4ng, thu\u1eadn ti\u1ec7n cho vi\u1ec7c \u0111i l\u1ea1i trong khu ph\u1ed1 c\u1ed5.<\/p>\n<p>TH\u00d4NG TIN THAM QUAN<br \/>\n\u0110\u1ecba ch\u1ec9: B\u1eafc ngang k\u00eanh r\u1ea1ch ch\u1ea3y qua s\u00f4ng Thu B\u1ed3n, gi\u00e1p ranh Nguy\u1ec5n Th\u1ecb Minh Khai v\u00e0 Tr\u1ea7n Ph\u00fa<\/p>\n","protected":false},"excerpt":{"rendered":"<p>Ch\u00f9a C\u1ea7u ch\u00ednh l\u00e0 bi\u1ec3u t\u01b0\u1ee3ng \u0111\u1eb7c tr\u01b0ng c\u1ee7a Ph\u1ed1 c\u1ed5 H\u1ed9i An, chi\u1ebfc c\u1ea7u n\u00e0y c\u00f2n \u0111\u01b0\u1ee3c g\u1ecdi l\u00e0 c\u1ea7u Nh\u1eadt B\u1ea3n v\u00ec \u0111\u01b0\u1ee3c x\u00e2y d\u1ef1ng v\u00e0o kho\u1ea3ng th\u1ebf k\u1ef7 17 do c\u00e1c th\u01b0\u01a1ng nh\u00e2n ng\u01b0\u1eddi Nh\u1eadt g\u00f3p ti\u1ec1n x\u00e2y d\u1ef1ng. Ch\u00f9a C\u1ea7u H\u1ed9i An n\u1ed5i b\u1eadt ngay khi du kh\u00e1ch v\u1eeba b\u01b0\u1edbc v\u00e0o [&hellip;]<\/p>\n","protected":false},"author":249,"featured_media":509,"parent":253,"menu_order":0,"comment_status":"closed","ping_status":"closed","template":"template-single-destination.php","meta":{"footnotes":""},"categories":[],"yoast_head":"<!-- This site is optimized with the Yoast SEO plugin v22.3 - https:\/\/yoast.com\/wordpress\/plugins\/seo\/ -->\n<title>Ch\u00f9a C\u1ea7u - Bel Marina Hoi An<\/title>\n<meta name=\"robots\" content=\"index, follow, max-snippet:-1, max-image-preview:large, max-video-preview:-1\" \/>\n<link rel=\"canonical\" href=\"https:\/\/www.belmarinahoian.com\/vi\/destination\/chua-cau\/\" \/>\n<meta property=\"og:locale\" content=\"vi_VN\" \/>\n<meta property=\"og:type\" content=\"article\" \/>\n<meta property=\"og:title\" content=\"Ch\u00f9a C\u1ea7u - Bel Marina Hoi An\" \/>\n<meta property=\"og:description\" content=\"Ch\u00f9a C\u1ea7u ch\u00ednh l\u00e0 bi\u1ec3u t\u01b0\u1ee3ng \u0111\u1eb7c tr\u01b0ng c\u1ee7a Ph\u1ed1 c\u1ed5 H\u1ed9i An, chi\u1ebfc c\u1ea7u n\u00e0y c\u00f2n \u0111\u01b0\u1ee3c g\u1ecdi l\u00e0 c\u1ea7u Nh\u1eadt B\u1ea3n v\u00ec \u0111\u01b0\u1ee3c x\u00e2y d\u1ef1ng v\u00e0o kho\u1ea3ng th\u1ebf k\u1ef7 17 do c\u00e1c th\u01b0\u01a1ng nh\u00e2n ng\u01b0\u1eddi Nh\u1eadt g\u00f3p ti\u1ec1n x\u00e2y d\u1ef1ng. Ch\u00f9a C\u1ea7u H\u1ed9i An n\u1ed5i b\u1eadt ngay khi du kh\u00e1ch v\u1eeba b\u01b0\u1edbc v\u00e0o [&hellip;]\" \/>\n<meta property=\"og:url\" content=\"https:\/\/www.belmarinahoian.com\/vi\/destination\/chua-cau\/\" \/>\n<meta property=\"og:site_name\" content=\"Bel Marina Hoi An\" \/>\n<meta property=\"article:publisher\" content=\"https:\/\/www.facebook.com\/belmarinahoian.official\" \/>\n<meta property=\"article:modified_time\" content=\"2026-01-07T07:32:14+00:00\" \/>\n<meta property=\"og:image\" content=\"https:\/\/www.belmarinahoian.com\/wp-content\/uploads\/sites\/132\/2026\/01\/Japanese-bridge.jpg\" \/>\n\t<meta property=\"og:image:width\" content=\"1566\" \/>\n\t<meta property=\"og:image:height\" content=\"1280\" \/>\n\t<meta property=\"og:image:type\" content=\"image\/jpeg\" \/>\n<meta name=\"twitter:card\" content=\"summary_large_image\" \/>\n<meta name=\"twitter:label1\" content=\"Est. reading time\" \/>\n\t<meta name=\"twitter:data1\" content=\"2 minutes\" \/>\n<script type=\"application\/ld+json\" class=\"yoast-schema-graph\">{\"@context\":\"https:\/\/schema.org\",\"@graph\":[{\"@type\":\"WebPage\",\"@id\":\"https:\/\/www.belmarinahoian.com\/vi\/destination\/chua-cau\/\",\"url\":\"https:\/\/www.belmarinahoian.com\/vi\/destination\/chua-cau\/\",\"name\":\"Ch\u00f9a C\u1ea7u - Bel Marina Hoi An\",\"isPartOf\":{\"@id\":\"https:\/\/www.belmarinahoian.com\/vi\/#website\"},\"primaryImageOfPage\":{\"@id\":\"https:\/\/www.belmarinahoian.com\/vi\/destination\/chua-cau\/#primaryimage\"},\"image\":{\"@id\":\"https:\/\/www.belmarinahoian.com\/vi\/destination\/chua-cau\/#primaryimage\"},\"thumbnailUrl\":\"https:\/\/www.belmarinahoian.com\/wp-content\/uploads\/sites\/132\/2026\/01\/Japanese-bridge.jpg\",\"datePublished\":\"2026-01-07T07:33:24+00:00\",\"dateModified\":\"2026-01-07T07:32:14+00:00\",\"breadcrumb\":{\"@id\":\"https:\/\/www.belmarinahoian.com\/vi\/destination\/chua-cau\/#breadcrumb\"},\"inLanguage\":\"vi-VN\",\"potentialAction\":[{\"@type\":\"ReadAction\",\"target\":[\"https:\/\/www.belmarinahoian.com\/vi\/destination\/chua-cau\/\"]}]},{\"@type\":\"ImageObject\",\"inLanguage\":\"vi-VN\",\"@id\":\"https:\/\/www.belmarinahoian.com\/vi\/destination\/chua-cau\/#primaryimage\",\"url\":\"https:\/\/www.belmarinahoian.com\/wp-content\/uploads\/sites\/132\/2026\/01\/Japanese-bridge.jpg\",\"contentUrl\":\"https:\/\/www.belmarinahoian.com\/wp-content\/uploads\/sites\/132\/2026\/01\/Japanese-bridge.jpg\",\"width\":1566,\"height\":1280},{\"@type\":\"BreadcrumbList\",\"@id\":\"https:\/\/www.belmarinahoian.com\/vi\/destination\/chua-cau\/#breadcrumb\",\"itemListElement\":[{\"@type\":\"ListItem\",\"position\":1,\"name\":\"Home\",\"item\":\"https:\/\/www.belmarinahoian.com\/vi\/\"},{\"@type\":\"ListItem\",\"position\":2,\"name\":\"\u0110i\u1ec3m \u0111\u1ebfn\",\"item\":\"https:\/\/www.belmarinahoian.com\/vi\/destination\/\"},{\"@type\":\"ListItem\",\"position\":3,\"name\":\"Ch\u00f9a C\u1ea7u\"}]},{\"@type\":\"WebSite\",\"@id\":\"https:\/\/www.belmarinahoian.com\/vi\/#website\",\"url\":\"https:\/\/www.belmarinahoian.com\/vi\/\",\"name\":\"Bel Marina Hoi An\",\"description\":\"\",\"potentialAction\":[{\"@type\":\"SearchAction\",\"target\":{\"@type\":\"EntryPoint\",\"urlTemplate\":\"https:\/\/www.belmarinahoian.com\/vi\/?s={search_term_string}\"},\"query-input\":\"required name=search_term_string\"}],\"inLanguage\":\"vi-VN\"}]}<\/script>\n<!-- \/ Yoast SEO plugin. -->","yoast_head_json":{"title":"Ch\u00f9a C\u1ea7u - Bel Marina Hoi An","robots":{"index":"index","follow":"follow","max-snippet":"max-snippet:-1","max-image-preview":"max-image-preview:large","max-video-preview":"max-video-preview:-1"},"canonical":"https:\/\/www.belmarinahoian.com\/vi\/destination\/chua-cau\/","og_locale":"vi_VN","og_type":"article","og_title":"Ch\u00f9a C\u1ea7u - Bel Marina Hoi An","og_description":"Ch\u00f9a C\u1ea7u ch\u00ednh l\u00e0 bi\u1ec3u t\u01b0\u1ee3ng \u0111\u1eb7c tr\u01b0ng c\u1ee7a Ph\u1ed1 c\u1ed5 H\u1ed9i An, chi\u1ebfc c\u1ea7u n\u00e0y c\u00f2n \u0111\u01b0\u1ee3c g\u1ecdi l\u00e0 c\u1ea7u Nh\u1eadt B\u1ea3n v\u00ec \u0111\u01b0\u1ee3c x\u00e2y d\u1ef1ng v\u00e0o kho\u1ea3ng th\u1ebf k\u1ef7 17 do c\u00e1c th\u01b0\u01a1ng nh\u00e2n ng\u01b0\u1eddi Nh\u1eadt g\u00f3p ti\u1ec1n x\u00e2y d\u1ef1ng. Ch\u00f9a C\u1ea7u H\u1ed9i An n\u1ed5i b\u1eadt ngay khi du kh\u00e1ch v\u1eeba b\u01b0\u1edbc v\u00e0o [&hellip;]","og_url":"https:\/\/www.belmarinahoian.com\/vi\/destination\/chua-cau\/","og_site_name":"Bel Marina Hoi An","article_publisher":"https:\/\/www.facebook.com\/belmarinahoian.official","article_modified_time":"2026-01-07T07:32:14+00:00","og_image":[{"width":1566,"height":1280,"url":"https:\/\/www.belmarinahoian.com\/wp-content\/uploads\/sites\/132\/2026\/01\/Japanese-bridge.jpg","type":"image\/jpeg"}],"twitter_card":"summary_large_image","twitter_misc":{"Est. reading time":"2 minutes"},"schema":{"@context":"https:\/\/schema.org","@graph":[{"@type":"WebPage","@id":"https:\/\/www.belmarinahoian.com\/vi\/destination\/chua-cau\/","url":"https:\/\/www.belmarinahoian.com\/vi\/destination\/chua-cau\/","name":"Ch\u00f9a C\u1ea7u - Bel Marina Hoi An","isPartOf":{"@id":"https:\/\/www.belmarinahoian.com\/vi\/#website"},"primaryImageOfPage":{"@id":"https:\/\/www.belmarinahoian.com\/vi\/destination\/chua-cau\/#primaryimage"},"image":{"@id":"https:\/\/www.belmarinahoian.com\/vi\/destination\/chua-cau\/#primaryimage"},"thumbnailUrl":"https:\/\/www.belmarinahoian.com\/wp-content\/uploads\/sites\/132\/2026\/01\/Japanese-bridge.jpg","datePublished":"2026-01-07T07:33:24+00:00","dateModified":"2026-01-07T07:32:14+00:00","breadcrumb":{"@id":"https:\/\/www.belmarinahoian.com\/vi\/destination\/chua-cau\/#breadcrumb"},"inLanguage":"vi-VN","potentialAction":[{"@type":"ReadAction","target":["https:\/\/www.belmarinahoian.com\/vi\/destination\/chua-cau\/"]}]},{"@type":"ImageObject","inLanguage":"vi-VN","@id":"https:\/\/www.belmarinahoian.com\/vi\/destination\/chua-cau\/#primaryimage","url":"https:\/\/www.belmarinahoian.com\/wp-content\/uploads\/sites\/132\/2026\/01\/Japanese-bridge.jpg","contentUrl":"https:\/\/www.belmarinahoian.com\/wp-content\/uploads\/sites\/132\/2026\/01\/Japanese-bridge.jpg","width":1566,"height":1280},{"@type":"BreadcrumbList","@id":"https:\/\/www.belmarinahoian.com\/vi\/destination\/chua-cau\/#breadcrumb","itemListElement":[{"@type":"ListItem","position":1,"name":"Home","item":"https:\/\/www.belmarinahoian.com\/vi\/"},{"@type":"ListItem","position":2,"name":"\u0110i\u1ec3m \u0111\u1ebfn","item":"https:\/\/www.belmarinahoian.com\/vi\/destination\/"},{"@type":"ListItem","position":3,"name":"Ch\u00f9a C\u1ea7u"}]},{"@type":"WebSite","@id":"https:\/\/www.belmarinahoian.com\/vi\/#website","url":"https:\/\/www.belmarinahoian.com\/vi\/","name":"Bel Marina Hoi An","description":"","potentialAction":[{"@type":"SearchAction","target":{"@type":"EntryPoint","urlTemplate":"https:\/\/www.belmarinahoian.com\/vi\/?s={search_term_string}"},"query-input":"required name=search_term_string"}],"inLanguage":"vi-VN"}]}},"acf":[],"_links":{"self":[{"href":"https:\/\/www.belmarinahoian.com\/vi\/wp-json\/wp\/v2\/pages\/508"}],"collection":[{"href":"https:\/\/www.belmarinahoian.com\/vi\/wp-json\/wp\/v2\/pages"}],"about":[{"href":"https:\/\/www.belmarinahoian.com\/vi\/wp-json\/wp\/v2\/types\/page"}],"author":[{"embeddable":true,"href":"https:\/\/www.belmarinahoian.com\/vi\/wp-json\/wp\/v2\/users\/249"}],"replies":[{"embeddable":true,"href":"https:\/\/www.belmarinahoian.com\/vi\/wp-json\/wp\/v2\/comments?post=508"}],"version-history":[{"count":0,"href":"https:\/\/www.belmarinahoian.com\/vi\/wp-json\/wp\/v2\/pages\/508\/revisions"}],"up":[{"embeddable":true,"href":"https:\/\/www.belmarinahoian.com\/vi\/wp-json\/wp\/v2\/pages\/253"}],"wp:featuredmedia":[{"embeddable":true,"href":"https:\/\/www.belmarinahoian.com\/vi\/wp-json\/wp\/v2\/media\/509"}],"wp:attachment":[{"href":"https:\/\/www.belmarinahoian.com\/vi\/wp-json\/wp\/v2\/media?parent=508"}],"wp:term":[{"taxonomy":"category","embeddable":true,"href":"https:\/\/www.belmarinahoian.com\/vi\/wp-json\/wp\/v2\/categories?post=508"}],"curies":[{"name":"wp","href":"https:\/\/api.w.org\/{rel}","templated":true}]}}