{"id":258,"date":"2025-11-10T11:06:09","date_gmt":"2025-11-10T11:06:09","guid":{"rendered":"https:\/\/belmarinahoian.ms2.decms.asia\/legal-notice\/"},"modified":"2025-11-11T08:03:29","modified_gmt":"2025-11-11T08:03:29","slug":"legal-notice","status":"publish","type":"page","link":"https:\/\/www.belmarinahoian.com\/vi\/legal-notice\/","title":{"rendered":"Th\u00f4ng b\u00e1o ph\u00e1p l\u00fd"},"content":{"rendered":"<p>C\u00f4ng ty TNHH S\u00e0i G\u00f2n<br \/>\n\u2022 Gi\u1ea5y ch\u1ee9ng nh\u1eadn \u0111\u0103ng k\u00fd kinh doanh: 4000552142<br \/>\n\u2022 Ng\u00e0y c\u1ea5p: 19 th\u00e1ng 2 n\u0103m 2009<br \/>\n\u2022 C\u01a1 quan c\u1ea5p: Ph\u00f2ng \u0110\u0103ng k\u00fd Kinh doanh \u2013 S\u1edf K\u1ebf ho\u1ea1ch v\u00e0 \u0110\u1ea7u t\u01b0 t\u1ec9nh Qu\u1ea3ng Nam<br \/>\n\u2022 \u0110\u1ecba ch\u1ec9 \u0111\u0103ng k\u00fd kinh doanh: S\u1ed1 127 \u0111\u01b0\u1eddng Nguy\u1ec5n Ph\u00fac T\u1ea7n, ph\u01b0\u1eddng H\u1ed9i An, th\u00e0nh ph\u1ed1 \u0110\u00e0 N\u1eb5ng, Vi\u1ec7t Nam.<\/p>\n","protected":false},"excerpt":{"rendered":"<p>C\u00f4ng ty TNHH S\u00e0i G\u00f2n \u2022 Gi\u1ea5y ch\u1ee9ng nh\u1eadn \u0111\u0103ng k\u00fd kinh doanh: 4000552142 \u2022 Ng\u00e0y c\u1ea5p: 19 th\u00e1ng 2 n\u0103m 2009 \u2022 C\u01a1 quan c\u1ea5p: Ph\u00f2ng \u0110\u0103ng k\u00fd Kinh doanh \u2013 S\u1edf K\u1ebf ho\u1ea1ch v\u00e0 \u0110\u1ea7u t\u01b0 t\u1ec9nh Qu\u1ea3ng Nam \u2022 \u0110\u1ecba ch\u1ec9 \u0111\u0103ng k\u00fd kinh doanh: S\u1ed1 127 \u0111\u01b0\u1eddng Nguy\u1ec5n Ph\u00fac T\u1ea7n, ph\u01b0\u1eddng [&hellip;]<\/p>\n","protected":false},"author":90,"featured_media":0,"parent":0,"menu_order":0,"comment_status":"closed","ping_status":"closed","template":"template-privacy.php","meta":{"footnotes":""},"categories":[],"yoast_head":"<!-- This site is optimized with the Yoast SEO plugin v22.3 - https:\/\/yoast.com\/wordpress\/plugins\/seo\/ -->\n<title>Th\u00f4ng b\u00e1o ph\u00e1p l\u00fd - Bel Marina Hoi An<\/title>\n<meta name=\"robots\" content=\"index, follow, max-snippet:-1, max-image-preview:large, max-video-preview:-1\" \/>\n<link rel=\"canonical\" href=\"https:\/\/www.belmarinahoian.com\/vi\/legal-notice\/\" \/>\n<meta property=\"og:locale\" content=\"vi_VN\" \/>\n<meta property=\"og:type\" content=\"article\" \/>\n<meta property=\"og:title\" content=\"Th\u00f4ng b\u00e1o ph\u00e1p l\u00fd - Bel Marina Hoi An\" \/>\n<meta property=\"og:description\" content=\"C\u00f4ng ty TNHH S\u00e0i G\u00f2n \u2022 Gi\u1ea5y ch\u1ee9ng nh\u1eadn \u0111\u0103ng k\u00fd kinh doanh: 4000552142 \u2022 Ng\u00e0y c\u1ea5p: 19 th\u00e1ng 2 n\u0103m 2009 \u2022 C\u01a1 quan c\u1ea5p: Ph\u00f2ng \u0110\u0103ng k\u00fd Kinh doanh \u2013 S\u1edf K\u1ebf ho\u1ea1ch v\u00e0 \u0110\u1ea7u t\u01b0 t\u1ec9nh Qu\u1ea3ng Nam \u2022 \u0110\u1ecba ch\u1ec9 \u0111\u0103ng k\u00fd kinh doanh: S\u1ed1 127 \u0111\u01b0\u1eddng Nguy\u1ec5n Ph\u00fac T\u1ea7n, ph\u01b0\u1eddng [&hellip;]\" \/>\n<meta property=\"og:url\" content=\"https:\/\/www.belmarinahoian.com\/vi\/legal-notice\/\" \/>\n<meta property=\"og:site_name\" content=\"Bel Marina Hoi An\" \/>\n<meta property=\"article:publisher\" content=\"https:\/\/www.facebook.com\/belmarinahoian.official\" \/>\n<meta property=\"article:modified_time\" content=\"2025-11-11T08:03:29+00:00\" \/>\n<meta name=\"twitter:card\" content=\"summary_large_image\" \/>\n<meta name=\"twitter:label1\" content=\"Est. reading time\" \/>\n\t<meta name=\"twitter:data1\" content=\"1 minute\" \/>\n<script type=\"application\/ld+json\" class=\"yoast-schema-graph\">{\"@context\":\"https:\/\/schema.org\",\"@graph\":[{\"@type\":\"WebPage\",\"@id\":\"https:\/\/www.belmarinahoian.com\/vi\/legal-notice\/\",\"url\":\"https:\/\/www.belmarinahoian.com\/vi\/legal-notice\/\",\"name\":\"Th\u00f4ng b\u00e1o ph\u00e1p l\u00fd - Bel Marina Hoi An\",\"isPartOf\":{\"@id\":\"https:\/\/www.belmarinahoian.com\/vi\/#website\"},\"datePublished\":\"2025-11-10T11:06:09+00:00\",\"dateModified\":\"2025-11-11T08:03:29+00:00\",\"breadcrumb\":{\"@id\":\"https:\/\/www.belmarinahoian.com\/vi\/legal-notice\/#breadcrumb\"},\"inLanguage\":\"vi-VN\",\"potentialAction\":[{\"@type\":\"ReadAction\",\"target\":[\"https:\/\/www.belmarinahoian.com\/vi\/legal-notice\/\"]}]},{\"@type\":\"BreadcrumbList\",\"@id\":\"https:\/\/www.belmarinahoian.com\/vi\/legal-notice\/#breadcrumb\",\"itemListElement\":[{\"@type\":\"ListItem\",\"position\":1,\"name\":\"Home\",\"item\":\"https:\/\/www.belmarinahoian.com\/vi\/\"},{\"@type\":\"ListItem\",\"position\":2,\"name\":\"Th\u00f4ng b\u00e1o ph\u00e1p l\u00fd\"}]},{\"@type\":\"WebSite\",\"@id\":\"https:\/\/www.belmarinahoian.com\/vi\/#website\",\"url\":\"https:\/\/www.belmarinahoian.com\/vi\/\",\"name\":\"Bel Marina Hoi An\",\"description\":\"\",\"potentialAction\":[{\"@type\":\"SearchAction\",\"target\":{\"@type\":\"EntryPoint\",\"urlTemplate\":\"https:\/\/www.belmarinahoian.com\/vi\/?s={search_term_string}\"},\"query-input\":\"required name=search_term_string\"}],\"inLanguage\":\"vi-VN\"}]}<\/script>\n<!-- \/ Yoast SEO plugin. -->","yoast_head_json":{"title":"Th\u00f4ng b\u00e1o ph\u00e1p l\u00fd - Bel Marina Hoi An","robots":{"index":"index","follow":"follow","max-snippet":"max-snippet:-1","max-image-preview":"max-image-preview:large","max-video-preview":"max-video-preview:-1"},"canonical":"https:\/\/www.belmarinahoian.com\/vi\/legal-notice\/","og_locale":"vi_VN","og_type":"article","og_title":"Th\u00f4ng b\u00e1o ph\u00e1p l\u00fd - Bel Marina Hoi An","og_description":"C\u00f4ng ty TNHH S\u00e0i G\u00f2n \u2022 Gi\u1ea5y ch\u1ee9ng nh\u1eadn \u0111\u0103ng k\u00fd kinh doanh: 4000552142 \u2022 Ng\u00e0y c\u1ea5p: 19 th\u00e1ng 2 n\u0103m 2009 \u2022 C\u01a1 quan c\u1ea5p: Ph\u00f2ng \u0110\u0103ng k\u00fd Kinh doanh \u2013 S\u1edf K\u1ebf ho\u1ea1ch v\u00e0 \u0110\u1ea7u t\u01b0 t\u1ec9nh Qu\u1ea3ng Nam \u2022 \u0110\u1ecba ch\u1ec9 \u0111\u0103ng k\u00fd kinh doanh: S\u1ed1 127 \u0111\u01b0\u1eddng Nguy\u1ec5n Ph\u00fac T\u1ea7n, ph\u01b0\u1eddng [&hellip;]","og_url":"https:\/\/www.belmarinahoian.com\/vi\/legal-notice\/","og_site_name":"Bel Marina Hoi An","article_publisher":"https:\/\/www.facebook.com\/belmarinahoian.official","article_modified_time":"2025-11-11T08:03:29+00:00","twitter_card":"summary_large_image","twitter_misc":{"Est. reading time":"1 minute"},"schema":{"@context":"https:\/\/schema.org","@graph":[{"@type":"WebPage","@id":"https:\/\/www.belmarinahoian.com\/vi\/legal-notice\/","url":"https:\/\/www.belmarinahoian.com\/vi\/legal-notice\/","name":"Th\u00f4ng b\u00e1o ph\u00e1p l\u00fd - Bel Marina Hoi An","isPartOf":{"@id":"https:\/\/www.belmarinahoian.com\/vi\/#website"},"datePublished":"2025-11-10T11:06:09+00:00","dateModified":"2025-11-11T08:03:29+00:00","breadcrumb":{"@id":"https:\/\/www.belmarinahoian.com\/vi\/legal-notice\/#breadcrumb"},"inLanguage":"vi-VN","potentialAction":[{"@type":"ReadAction","target":["https:\/\/www.belmarinahoian.com\/vi\/legal-notice\/"]}]},{"@type":"BreadcrumbList","@id":"https:\/\/www.belmarinahoian.com\/vi\/legal-notice\/#breadcrumb","itemListElement":[{"@type":"ListItem","position":1,"name":"Home","item":"https:\/\/www.belmarinahoian.com\/vi\/"},{"@type":"ListItem","position":2,"name":"Th\u00f4ng b\u00e1o ph\u00e1p l\u00fd"}]},{"@type":"WebSite","@id":"https:\/\/www.belmarinahoian.com\/vi\/#website","url":"https:\/\/www.belmarinahoian.com\/vi\/","name":"Bel Marina Hoi An","description":"","potentialAction":[{"@type":"SearchAction","target":{"@type":"EntryPoint","urlTemplate":"https:\/\/www.belmarinahoian.com\/vi\/?s={search_term_string}"},"query-input":"required name=search_term_string"}],"inLanguage":"vi-VN"}]}},"acf":[],"_links":{"self":[{"href":"https:\/\/www.belmarinahoian.com\/vi\/wp-json\/wp\/v2\/pages\/258"}],"collection":[{"href":"https:\/\/www.belmarinahoian.com\/vi\/wp-json\/wp\/v2\/pages"}],"about":[{"href":"https:\/\/www.belmarinahoian.com\/vi\/wp-json\/wp\/v2\/types\/page"}],"author":[{"embeddable":true,"href":"https:\/\/www.belmarinahoian.com\/vi\/wp-json\/wp\/v2\/users\/90"}],"replies":[{"embeddable":true,"href":"https:\/\/www.belmarinahoian.com\/vi\/wp-json\/wp\/v2\/comments?post=258"}],"version-history":[{"count":0,"href":"https:\/\/www.belmarinahoian.com\/vi\/wp-json\/wp\/v2\/pages\/258\/revisions"}],"wp:attachment":[{"href":"https:\/\/www.belmarinahoian.com\/vi\/wp-json\/wp\/v2\/media?parent=258"}],"wp:term":[{"taxonomy":"category","embeddable":true,"href":"https:\/\/www.belmarinahoian.com\/vi\/wp-json\/wp\/v2\/categories?post=258"}],"curies":[{"name":"wp","href":"https:\/\/api.w.org\/{rel}","templated":true}]}}