{"id":257,"date":"2025-11-10T10:58:09","date_gmt":"2025-11-10T10:58:09","guid":{"rendered":"https:\/\/belmarinahoian.ms2.decms.asia\/contact-us\/"},"modified":"2026-04-12T12:35:12","modified_gmt":"2026-04-12T12:35:12","slug":"contact-us","status":"publish","type":"page","link":"https:\/\/www.belmarinahoian.com\/vi\/contact-us\/","title":{"rendered":"Li\u00ean h\u1ec7"},"content":{"rendered":"<p>Bel Marina Hoi An Resort lu\u00f4n s\u1eb5n s\u00e0ng h\u1ed7 tr\u1ee3 m\u1ecdi nhu c\u1ea7u c\u1ee7a qu\u00fd kh\u00e1ch. Vui l\u00f2ng \u0111i\u1ec1n v\u00e0o bi\u1ec3u m\u1eabu b\u00ean d\u01b0\u1edbi \u0111\u1ec3 \u0111\u01b0\u1ee3c t\u01b0 v\u1ea5n v\u00e0 h\u1ed7 tr\u1ee3 th\u00f4ng tin.<\/p>\n","protected":false},"excerpt":{"rendered":"<p>Bel Marina Hoi An Resort lu\u00f4n s\u1eb5n s\u00e0ng h\u1ed7 tr\u1ee3 m\u1ecdi nhu c\u1ea7u c\u1ee7a qu\u00fd kh\u00e1ch. Vui l\u00f2ng \u0111i\u1ec1n v\u00e0o bi\u1ec3u m\u1eabu b\u00ean d\u01b0\u1edbi \u0111\u1ec3 \u0111\u01b0\u1ee3c t\u01b0 v\u1ea5n v\u00e0 h\u1ed7 tr\u1ee3 th\u00f4ng tin.<\/p>\n","protected":false},"author":90,"featured_media":0,"parent":0,"menu_order":0,"comment_status":"closed","ping_status":"closed","template":"template-contacts.php","meta":{"footnotes":""},"categories":[],"yoast_head":"<!-- This site is optimized with the Yoast SEO plugin v22.3 - https:\/\/yoast.com\/wordpress\/plugins\/seo\/ -->\n<title>Li\u00ean h\u1ec7 - Bel Marina Hoi An<\/title>\n<meta name=\"robots\" content=\"index, follow, max-snippet:-1, max-image-preview:large, max-video-preview:-1\" \/>\n<link rel=\"canonical\" href=\"https:\/\/www.belmarinahoian.com\/vi\/contact-us\/\" \/>\n<meta property=\"og:locale\" content=\"vi_VN\" \/>\n<meta property=\"og:type\" content=\"article\" \/>\n<meta property=\"og:title\" content=\"Li\u00ean h\u1ec7 - Bel Marina Hoi An\" \/>\n<meta property=\"og:description\" content=\"Bel Marina Hoi An Resort lu\u00f4n s\u1eb5n s\u00e0ng h\u1ed7 tr\u1ee3 m\u1ecdi nhu c\u1ea7u c\u1ee7a qu\u00fd kh\u00e1ch. Vui l\u00f2ng \u0111i\u1ec1n v\u00e0o bi\u1ec3u m\u1eabu b\u00ean d\u01b0\u1edbi \u0111\u1ec3 \u0111\u01b0\u1ee3c t\u01b0 v\u1ea5n v\u00e0 h\u1ed7 tr\u1ee3 th\u00f4ng tin.\" \/>\n<meta property=\"og:url\" content=\"https:\/\/www.belmarinahoian.com\/vi\/contact-us\/\" \/>\n<meta property=\"og:site_name\" content=\"Bel Marina Hoi An\" \/>\n<meta property=\"article:publisher\" content=\"https:\/\/www.facebook.com\/belmarinahoian.official\" \/>\n<meta property=\"article:modified_time\" content=\"2026-04-12T12:35:12+00:00\" \/>\n<meta name=\"twitter:card\" content=\"summary_large_image\" \/>\n<meta name=\"twitter:label1\" content=\"Est. reading time\" \/>\n\t<meta name=\"twitter:data1\" content=\"1 minute\" \/>\n<script type=\"application\/ld+json\" class=\"yoast-schema-graph\">{\"@context\":\"https:\/\/schema.org\",\"@graph\":[{\"@type\":\"WebPage\",\"@id\":\"https:\/\/www.belmarinahoian.com\/vi\/contact-us\/\",\"url\":\"https:\/\/www.belmarinahoian.com\/vi\/contact-us\/\",\"name\":\"Li\u00ean h\u1ec7 - Bel Marina Hoi An\",\"isPartOf\":{\"@id\":\"https:\/\/www.belmarinahoian.com\/vi\/#website\"},\"datePublished\":\"2025-11-10T10:58:09+00:00\",\"dateModified\":\"2026-04-12T12:35:12+00:00\",\"breadcrumb\":{\"@id\":\"https:\/\/www.belmarinahoian.com\/vi\/contact-us\/#breadcrumb\"},\"inLanguage\":\"vi-VN\",\"potentialAction\":[{\"@type\":\"ReadAction\",\"target\":[\"https:\/\/www.belmarinahoian.com\/vi\/contact-us\/\"]}]},{\"@type\":\"BreadcrumbList\",\"@id\":\"https:\/\/www.belmarinahoian.com\/vi\/contact-us\/#breadcrumb\",\"itemListElement\":[{\"@type\":\"ListItem\",\"position\":1,\"name\":\"Home\",\"item\":\"https:\/\/www.belmarinahoian.com\/vi\/\"},{\"@type\":\"ListItem\",\"position\":2,\"name\":\"Li\u00ean h\u1ec7\"}]},{\"@type\":\"WebSite\",\"@id\":\"https:\/\/www.belmarinahoian.com\/vi\/#website\",\"url\":\"https:\/\/www.belmarinahoian.com\/vi\/\",\"name\":\"Bel Marina Hoi An\",\"description\":\"\",\"potentialAction\":[{\"@type\":\"SearchAction\",\"target\":{\"@type\":\"EntryPoint\",\"urlTemplate\":\"https:\/\/www.belmarinahoian.com\/vi\/?s={search_term_string}\"},\"query-input\":\"required name=search_term_string\"}],\"inLanguage\":\"vi-VN\"}]}<\/script>\n<!-- \/ Yoast SEO plugin. -->","yoast_head_json":{"title":"Li\u00ean h\u1ec7 - Bel Marina Hoi An","robots":{"index":"index","follow":"follow","max-snippet":"max-snippet:-1","max-image-preview":"max-image-preview:large","max-video-preview":"max-video-preview:-1"},"canonical":"https:\/\/www.belmarinahoian.com\/vi\/contact-us\/","og_locale":"vi_VN","og_type":"article","og_title":"Li\u00ean h\u1ec7 - Bel Marina Hoi An","og_description":"Bel Marina Hoi An Resort lu\u00f4n s\u1eb5n s\u00e0ng h\u1ed7 tr\u1ee3 m\u1ecdi nhu c\u1ea7u c\u1ee7a qu\u00fd kh\u00e1ch. Vui l\u00f2ng \u0111i\u1ec1n v\u00e0o bi\u1ec3u m\u1eabu b\u00ean d\u01b0\u1edbi \u0111\u1ec3 \u0111\u01b0\u1ee3c t\u01b0 v\u1ea5n v\u00e0 h\u1ed7 tr\u1ee3 th\u00f4ng tin.","og_url":"https:\/\/www.belmarinahoian.com\/vi\/contact-us\/","og_site_name":"Bel Marina Hoi An","article_publisher":"https:\/\/www.facebook.com\/belmarinahoian.official","article_modified_time":"2026-04-12T12:35:12+00:00","twitter_card":"summary_large_image","twitter_misc":{"Est. reading time":"1 minute"},"schema":{"@context":"https:\/\/schema.org","@graph":[{"@type":"WebPage","@id":"https:\/\/www.belmarinahoian.com\/vi\/contact-us\/","url":"https:\/\/www.belmarinahoian.com\/vi\/contact-us\/","name":"Li\u00ean h\u1ec7 - Bel Marina Hoi An","isPartOf":{"@id":"https:\/\/www.belmarinahoian.com\/vi\/#website"},"datePublished":"2025-11-10T10:58:09+00:00","dateModified":"2026-04-12T12:35:12+00:00","breadcrumb":{"@id":"https:\/\/www.belmarinahoian.com\/vi\/contact-us\/#breadcrumb"},"inLanguage":"vi-VN","potentialAction":[{"@type":"ReadAction","target":["https:\/\/www.belmarinahoian.com\/vi\/contact-us\/"]}]},{"@type":"BreadcrumbList","@id":"https:\/\/www.belmarinahoian.com\/vi\/contact-us\/#breadcrumb","itemListElement":[{"@type":"ListItem","position":1,"name":"Home","item":"https:\/\/www.belmarinahoian.com\/vi\/"},{"@type":"ListItem","position":2,"name":"Li\u00ean h\u1ec7"}]},{"@type":"WebSite","@id":"https:\/\/www.belmarinahoian.com\/vi\/#website","url":"https:\/\/www.belmarinahoian.com\/vi\/","name":"Bel Marina Hoi An","description":"","potentialAction":[{"@type":"SearchAction","target":{"@type":"EntryPoint","urlTemplate":"https:\/\/www.belmarinahoian.com\/vi\/?s={search_term_string}"},"query-input":"required name=search_term_string"}],"inLanguage":"vi-VN"}]}},"acf":[],"_links":{"self":[{"href":"https:\/\/www.belmarinahoian.com\/vi\/wp-json\/wp\/v2\/pages\/257"}],"collection":[{"href":"https:\/\/www.belmarinahoian.com\/vi\/wp-json\/wp\/v2\/pages"}],"about":[{"href":"https:\/\/www.belmarinahoian.com\/vi\/wp-json\/wp\/v2\/types\/page"}],"author":[{"embeddable":true,"href":"https:\/\/www.belmarinahoian.com\/vi\/wp-json\/wp\/v2\/users\/90"}],"replies":[{"embeddable":true,"href":"https:\/\/www.belmarinahoian.com\/vi\/wp-json\/wp\/v2\/comments?post=257"}],"version-history":[{"count":0,"href":"https:\/\/www.belmarinahoian.com\/vi\/wp-json\/wp\/v2\/pages\/257\/revisions"}],"wp:attachment":[{"href":"https:\/\/www.belmarinahoian.com\/vi\/wp-json\/wp\/v2\/media?parent=257"}],"wp:term":[{"taxonomy":"category","embeddable":true,"href":"https:\/\/www.belmarinahoian.com\/vi\/wp-json\/wp\/v2\/categories?post=257"}],"curies":[{"name":"wp","href":"https:\/\/api.w.org\/{rel}","templated":true}]}}