{"id":252,"date":"2025-11-10T10:37:17","date_gmt":"2025-11-10T10:37:17","guid":{"rendered":"https:\/\/belmarinahoian.ms2.decms.asia\/weddings\/"},"modified":"2026-05-06T07:15:57","modified_gmt":"2026-05-06T07:15:57","slug":"weddings","status":"publish","type":"page","link":"https:\/\/www.belmarinahoian.com\/vi\/weddings\/","title":{"rendered":"Ti\u1ec7c C\u01b0\u1edbi"},"content":{"rendered":"<p>Bel Marina Hoi An Resort mang \u0111\u1ebfn kh\u00f4ng gian l\u00fd t\u01b0\u1edfng cho nh\u1eefng l\u1ec5 c\u01b0\u1edbi l\u00e3ng m\u1ea1n b\u00ean d\u00f2ng s\u00f4ng Thu B\u1ed3n th\u01a1 m\u1ed9ng.<\/p>\n<p>T\u1eeb nghi th\u1ee9c trang tr\u1ecdng ngo\u00e0i tr\u1eddi \u0111\u1ebfn ti\u1ec7c t\u1ed1i \u1ea5m c\u00fang d\u01b0\u1edbi \u00e1nh \u0111\u00e8n, m\u1ed7i kho\u1ea3nh kh\u1eafc \u0111\u1ec1u \u0111\u01b0\u1ee3c ch\u0103m ch\u00fat t\u1ec9 m\u1ec9 trong khung c\u1ea3nh y\u00ean b\u00ecnh v\u00e0 \u0111\u1ea7y c\u1ea3m x\u00fac. V\u1edbi d\u1ecbch v\u1ee5 t\u1eadn t\u00e2m v\u00e0 kh\u00f4ng gian tinh t\u1ebf, ng\u00e0y tr\u1ecdng \u0111\u1ea1i c\u1ee7a b\u1ea1n s\u1ebd tr\u1edf th\u00e0nh k\u1ef7 ni\u1ec7m tr\u1ecdn v\u1eb9n v\u00e0 \u0111\u00e1ng nh\u1edb.<\/p>\n","protected":false},"excerpt":{"rendered":"<p>Bel Marina Hoi An Resort mang \u0111\u1ebfn kh\u00f4ng gian l\u00fd t\u01b0\u1edfng cho nh\u1eefng l\u1ec5 c\u01b0\u1edbi l\u00e3ng m\u1ea1n b\u00ean d\u00f2ng s\u00f4ng Thu B\u1ed3n th\u01a1 m\u1ed9ng. T\u1eeb nghi th\u1ee9c trang tr\u1ecdng ngo\u00e0i tr\u1eddi \u0111\u1ebfn ti\u1ec7c t\u1ed1i \u1ea5m c\u00fang d\u01b0\u1edbi \u00e1nh \u0111\u00e8n, m\u1ed7i kho\u1ea3nh kh\u1eafc \u0111\u1ec1u \u0111\u01b0\u1ee3c ch\u0103m ch\u00fat t\u1ec9 m\u1ec9 trong khung c\u1ea3nh y\u00ean b\u00ecnh v\u00e0 \u0111\u1ea7y [&hellip;]<\/p>\n","protected":false},"author":90,"featured_media":805,"parent":0,"menu_order":0,"comment_status":"closed","ping_status":"closed","template":"template-weddings.php","meta":{"footnotes":""},"categories":[],"yoast_head":"<!-- This site is optimized with the Yoast SEO plugin v22.3 - https:\/\/yoast.com\/wordpress\/plugins\/seo\/ -->\n<title>Ti\u1ec7c C\u01b0\u1edbi - Bel Marina Hoi An<\/title>\n<meta name=\"robots\" content=\"index, follow, max-snippet:-1, max-image-preview:large, max-video-preview:-1\" \/>\n<link rel=\"canonical\" href=\"https:\/\/www.belmarinahoian.com\/vi\/weddings\/\" \/>\n<meta property=\"og:locale\" content=\"vi_VN\" \/>\n<meta property=\"og:type\" content=\"article\" \/>\n<meta property=\"og:title\" content=\"Ti\u1ec7c C\u01b0\u1edbi - Bel Marina Hoi An\" \/>\n<meta property=\"og:description\" content=\"Bel Marina Hoi An Resort mang \u0111\u1ebfn kh\u00f4ng gian l\u00fd t\u01b0\u1edfng cho nh\u1eefng l\u1ec5 c\u01b0\u1edbi l\u00e3ng m\u1ea1n b\u00ean d\u00f2ng s\u00f4ng Thu B\u1ed3n th\u01a1 m\u1ed9ng. T\u1eeb nghi th\u1ee9c trang tr\u1ecdng ngo\u00e0i tr\u1eddi \u0111\u1ebfn ti\u1ec7c t\u1ed1i \u1ea5m c\u00fang d\u01b0\u1edbi \u00e1nh \u0111\u00e8n, m\u1ed7i kho\u1ea3nh kh\u1eafc \u0111\u1ec1u \u0111\u01b0\u1ee3c ch\u0103m ch\u00fat t\u1ec9 m\u1ec9 trong khung c\u1ea3nh y\u00ean b\u00ecnh v\u00e0 \u0111\u1ea7y [&hellip;]\" \/>\n<meta property=\"og:url\" content=\"https:\/\/www.belmarinahoian.com\/vi\/weddings\/\" \/>\n<meta property=\"og:site_name\" content=\"Bel Marina Hoi An\" \/>\n<meta property=\"article:publisher\" content=\"https:\/\/www.facebook.com\/belmarinahoian.official\" \/>\n<meta property=\"article:modified_time\" content=\"2026-05-06T07:15:57+00:00\" \/>\n<meta property=\"og:image\" content=\"https:\/\/www.belmarinahoian.com\/wp-content\/uploads\/sites\/132\/2026\/05\/Sneak-Peek-AnhNich031.jpg\" \/>\n\t<meta property=\"og:image:width\" content=\"1650\" \/>\n\t<meta property=\"og:image:height\" content=\"2200\" \/>\n\t<meta property=\"og:image:type\" content=\"image\/jpeg\" \/>\n<meta name=\"twitter:card\" content=\"summary_large_image\" \/>\n<meta name=\"twitter:label1\" content=\"Est. reading time\" \/>\n\t<meta name=\"twitter:data1\" content=\"1 minute\" \/>\n<script type=\"application\/ld+json\" class=\"yoast-schema-graph\">{\"@context\":\"https:\/\/schema.org\",\"@graph\":[{\"@type\":\"WebPage\",\"@id\":\"https:\/\/www.belmarinahoian.com\/vi\/weddings\/\",\"url\":\"https:\/\/www.belmarinahoian.com\/vi\/weddings\/\",\"name\":\"Ti\u1ec7c C\u01b0\u1edbi - Bel Marina Hoi An\",\"isPartOf\":{\"@id\":\"https:\/\/www.belmarinahoian.com\/vi\/#website\"},\"primaryImageOfPage\":{\"@id\":\"https:\/\/www.belmarinahoian.com\/vi\/weddings\/#primaryimage\"},\"image\":{\"@id\":\"https:\/\/www.belmarinahoian.com\/vi\/weddings\/#primaryimage\"},\"thumbnailUrl\":\"https:\/\/www.belmarinahoian.com\/wp-content\/uploads\/sites\/132\/2026\/05\/Sneak-Peek-AnhNich031.jpg\",\"datePublished\":\"2025-11-10T10:37:17+00:00\",\"dateModified\":\"2026-05-06T07:15:57+00:00\",\"breadcrumb\":{\"@id\":\"https:\/\/www.belmarinahoian.com\/vi\/weddings\/#breadcrumb\"},\"inLanguage\":\"vi-VN\",\"potentialAction\":[{\"@type\":\"ReadAction\",\"target\":[\"https:\/\/www.belmarinahoian.com\/vi\/weddings\/\"]}]},{\"@type\":\"ImageObject\",\"inLanguage\":\"vi-VN\",\"@id\":\"https:\/\/www.belmarinahoian.com\/vi\/weddings\/#primaryimage\",\"url\":\"https:\/\/www.belmarinahoian.com\/wp-content\/uploads\/sites\/132\/2026\/05\/Sneak-Peek-AnhNich031.jpg\",\"contentUrl\":\"https:\/\/www.belmarinahoian.com\/wp-content\/uploads\/sites\/132\/2026\/05\/Sneak-Peek-AnhNich031.jpg\",\"width\":1650,\"height\":2200,\"caption\":\"default\"},{\"@type\":\"BreadcrumbList\",\"@id\":\"https:\/\/www.belmarinahoian.com\/vi\/weddings\/#breadcrumb\",\"itemListElement\":[{\"@type\":\"ListItem\",\"position\":1,\"name\":\"Home\",\"item\":\"https:\/\/www.belmarinahoian.com\/vi\/\"},{\"@type\":\"ListItem\",\"position\":2,\"name\":\"Ti\u1ec7c C\u01b0\u1edbi\"}]},{\"@type\":\"WebSite\",\"@id\":\"https:\/\/www.belmarinahoian.com\/vi\/#website\",\"url\":\"https:\/\/www.belmarinahoian.com\/vi\/\",\"name\":\"Bel Marina Hoi An\",\"description\":\"\",\"potentialAction\":[{\"@type\":\"SearchAction\",\"target\":{\"@type\":\"EntryPoint\",\"urlTemplate\":\"https:\/\/www.belmarinahoian.com\/vi\/?s={search_term_string}\"},\"query-input\":\"required name=search_term_string\"}],\"inLanguage\":\"vi-VN\"}]}<\/script>\n<!-- \/ Yoast SEO plugin. -->","yoast_head_json":{"title":"Ti\u1ec7c C\u01b0\u1edbi - Bel Marina Hoi An","robots":{"index":"index","follow":"follow","max-snippet":"max-snippet:-1","max-image-preview":"max-image-preview:large","max-video-preview":"max-video-preview:-1"},"canonical":"https:\/\/www.belmarinahoian.com\/vi\/weddings\/","og_locale":"vi_VN","og_type":"article","og_title":"Ti\u1ec7c C\u01b0\u1edbi - Bel Marina Hoi An","og_description":"Bel Marina Hoi An Resort mang \u0111\u1ebfn kh\u00f4ng gian l\u00fd t\u01b0\u1edfng cho nh\u1eefng l\u1ec5 c\u01b0\u1edbi l\u00e3ng m\u1ea1n b\u00ean d\u00f2ng s\u00f4ng Thu B\u1ed3n th\u01a1 m\u1ed9ng. T\u1eeb nghi th\u1ee9c trang tr\u1ecdng ngo\u00e0i tr\u1eddi \u0111\u1ebfn ti\u1ec7c t\u1ed1i \u1ea5m c\u00fang d\u01b0\u1edbi \u00e1nh \u0111\u00e8n, m\u1ed7i kho\u1ea3nh kh\u1eafc \u0111\u1ec1u \u0111\u01b0\u1ee3c ch\u0103m ch\u00fat t\u1ec9 m\u1ec9 trong khung c\u1ea3nh y\u00ean b\u00ecnh v\u00e0 \u0111\u1ea7y [&hellip;]","og_url":"https:\/\/www.belmarinahoian.com\/vi\/weddings\/","og_site_name":"Bel Marina Hoi An","article_publisher":"https:\/\/www.facebook.com\/belmarinahoian.official","article_modified_time":"2026-05-06T07:15:57+00:00","og_image":[{"width":1650,"height":2200,"url":"https:\/\/www.belmarinahoian.com\/wp-content\/uploads\/sites\/132\/2026\/05\/Sneak-Peek-AnhNich031.jpg","type":"image\/jpeg"}],"twitter_card":"summary_large_image","twitter_misc":{"Est. reading time":"1 minute"},"schema":{"@context":"https:\/\/schema.org","@graph":[{"@type":"WebPage","@id":"https:\/\/www.belmarinahoian.com\/vi\/weddings\/","url":"https:\/\/www.belmarinahoian.com\/vi\/weddings\/","name":"Ti\u1ec7c C\u01b0\u1edbi - Bel Marina Hoi An","isPartOf":{"@id":"https:\/\/www.belmarinahoian.com\/vi\/#website"},"primaryImageOfPage":{"@id":"https:\/\/www.belmarinahoian.com\/vi\/weddings\/#primaryimage"},"image":{"@id":"https:\/\/www.belmarinahoian.com\/vi\/weddings\/#primaryimage"},"thumbnailUrl":"https:\/\/www.belmarinahoian.com\/wp-content\/uploads\/sites\/132\/2026\/05\/Sneak-Peek-AnhNich031.jpg","datePublished":"2025-11-10T10:37:17+00:00","dateModified":"2026-05-06T07:15:57+00:00","breadcrumb":{"@id":"https:\/\/www.belmarinahoian.com\/vi\/weddings\/#breadcrumb"},"inLanguage":"vi-VN","potentialAction":[{"@type":"ReadAction","target":["https:\/\/www.belmarinahoian.com\/vi\/weddings\/"]}]},{"@type":"ImageObject","inLanguage":"vi-VN","@id":"https:\/\/www.belmarinahoian.com\/vi\/weddings\/#primaryimage","url":"https:\/\/www.belmarinahoian.com\/wp-content\/uploads\/sites\/132\/2026\/05\/Sneak-Peek-AnhNich031.jpg","contentUrl":"https:\/\/www.belmarinahoian.com\/wp-content\/uploads\/sites\/132\/2026\/05\/Sneak-Peek-AnhNich031.jpg","width":1650,"height":2200,"caption":"default"},{"@type":"BreadcrumbList","@id":"https:\/\/www.belmarinahoian.com\/vi\/weddings\/#breadcrumb","itemListElement":[{"@type":"ListItem","position":1,"name":"Home","item":"https:\/\/www.belmarinahoian.com\/vi\/"},{"@type":"ListItem","position":2,"name":"Ti\u1ec7c C\u01b0\u1edbi"}]},{"@type":"WebSite","@id":"https:\/\/www.belmarinahoian.com\/vi\/#website","url":"https:\/\/www.belmarinahoian.com\/vi\/","name":"Bel Marina Hoi An","description":"","potentialAction":[{"@type":"SearchAction","target":{"@type":"EntryPoint","urlTemplate":"https:\/\/www.belmarinahoian.com\/vi\/?s={search_term_string}"},"query-input":"required name=search_term_string"}],"inLanguage":"vi-VN"}]}},"acf":[],"_links":{"self":[{"href":"https:\/\/www.belmarinahoian.com\/vi\/wp-json\/wp\/v2\/pages\/252"}],"collection":[{"href":"https:\/\/www.belmarinahoian.com\/vi\/wp-json\/wp\/v2\/pages"}],"about":[{"href":"https:\/\/www.belmarinahoian.com\/vi\/wp-json\/wp\/v2\/types\/page"}],"author":[{"embeddable":true,"href":"https:\/\/www.belmarinahoian.com\/vi\/wp-json\/wp\/v2\/users\/90"}],"replies":[{"embeddable":true,"href":"https:\/\/www.belmarinahoian.com\/vi\/wp-json\/wp\/v2\/comments?post=252"}],"version-history":[{"count":0,"href":"https:\/\/www.belmarinahoian.com\/vi\/wp-json\/wp\/v2\/pages\/252\/revisions"}],"wp:featuredmedia":[{"embeddable":true,"href":"https:\/\/www.belmarinahoian.com\/vi\/wp-json\/wp\/v2\/media\/805"}],"wp:attachment":[{"href":"https:\/\/www.belmarinahoian.com\/vi\/wp-json\/wp\/v2\/media?parent=252"}],"wp:term":[{"taxonomy":"category","embeddable":true,"href":"https:\/\/www.belmarinahoian.com\/vi\/wp-json\/wp\/v2\/categories?post=252"}],"curies":[{"name":"wp","href":"https:\/\/api.w.org\/{rel}","templated":true}]}}