{"id":251,"date":"2025-11-10T10:35:13","date_gmt":"2025-11-10T10:35:13","guid":{"rendered":"https:\/\/belmarinahoian.ms2.decms.asia\/marina-wellness-spa\/"},"modified":"2026-04-29T07:02:04","modified_gmt":"2026-04-29T07:02:04","slug":"pampas-spa","status":"publish","type":"page","link":"https:\/\/www.belmarinahoian.com\/vi\/pampas-spa\/","title":{"rendered":"Pampas Spa"},"content":{"rendered":"<p style=\"text-align: center\">T\u1ea1i Pampas Spa, m\u1ed7i li\u1ec7u tr\u00ecnh \u0111\u01b0\u1ee3c thi\u1ebft k\u1ebf nh\u1eb1m t\u00e1i t\u1ea1o n\u0103ng l\u01b0\u1ee3ng v\u00e0 \u0111\u00e1nh th\u1ee9c c\u00e1c gi\u00e1c quan. K\u1ebft h\u1ee3p c\u00f9ng th\u1ea3o d\u01b0\u1ee3c tr\u1ecb li\u1ec7u truy\u1ec1n th\u1ed1ng, h\u00e0nh tr\u00ecnh mang \u0111\u1ebfn s\u1ef1 th\u01b0 gi\u00e3n s\u00e2u v\u00e0 tr\u1ea1ng th\u00e1i c\u00e2n b\u1eb1ng v\u1edbi ph\u00f2ng x\u00f4ng h\u01a1i v\u00e0 sauna, gi\u00fap c\u01a1 th\u1ec3 v\u00e0 t\u00e2m tr\u00ed \u0111\u01b0\u1ee3c h\u1ed3i ph\u1ee5c tr\u1ecdn v\u1eb9n.<\/p>\n<p style=\"text-align: center\">V\u1ecb tr\u00ed: T\u1ea7ng 2 khu Premier<\/p>\n<p style=\"text-align: center\"><img loading=\"lazy\" decoding=\"async\" class=\"wp-image-780 aligncenter\" src=\"https:\/\/www.belmarinahoian.com\/wp-content\/uploads\/sites\/132\/2026\/04\/Logo-CHINH_Primary-logo-300x300.png\" alt=\"\" width=\"160\" height=\"160\" srcset=\"https:\/\/www.belmarinahoian.com\/wp-content\/uploads\/sites\/132\/2026\/04\/Logo-CHINH_Primary-logo-300x300.png 300w, https:\/\/www.belmarinahoian.com\/wp-content\/uploads\/sites\/132\/2026\/04\/Logo-CHINH_Primary-logo-1024x1024.png 1024w, https:\/\/www.belmarinahoian.com\/wp-content\/uploads\/sites\/132\/2026\/04\/Logo-CHINH_Primary-logo-150x150.png 150w, https:\/\/www.belmarinahoian.com\/wp-content\/uploads\/sites\/132\/2026\/04\/Logo-CHINH_Primary-logo-768x768.png 768w, https:\/\/www.belmarinahoian.com\/wp-content\/uploads\/sites\/132\/2026\/04\/Logo-CHINH_Primary-logo-1536x1536.png 1536w, https:\/\/www.belmarinahoian.com\/wp-content\/uploads\/sites\/132\/2026\/04\/Logo-CHINH_Primary-logo-2048x2048.png 2048w, https:\/\/www.belmarinahoian.com\/wp-content\/uploads\/sites\/132\/2026\/04\/Logo-CHINH_Primary-logo-200x200.png 200w, https:\/\/www.belmarinahoian.com\/wp-content\/uploads\/sites\/132\/2026\/04\/Logo-CHINH_Primary-logo-600x600.png 600w, https:\/\/www.belmarinahoian.com\/wp-content\/uploads\/sites\/132\/2026\/04\/Logo-CHINH_Primary-logo-1000x1000.png 1000w\" sizes=\"(max-width: 160px) 100vw, 160px\" \/><\/p>\n","protected":false},"excerpt":{"rendered":"<p>T\u1ea1i Pampas Spa, m\u1ed7i li\u1ec7u tr\u00ecnh \u0111\u01b0\u1ee3c thi\u1ebft k\u1ebf nh\u1eb1m t\u00e1i t\u1ea1o n\u0103ng l\u01b0\u1ee3ng v\u00e0 \u0111\u00e1nh th\u1ee9c c\u00e1c gi\u00e1c quan. K\u1ebft h\u1ee3p c\u00f9ng th\u1ea3o d\u01b0\u1ee3c tr\u1ecb li\u1ec7u truy\u1ec1n th\u1ed1ng, h\u00e0nh tr\u00ecnh mang \u0111\u1ebfn s\u1ef1 th\u01b0 gi\u00e3n s\u00e2u v\u00e0 tr\u1ea1ng th\u00e1i c\u00e2n b\u1eb1ng v\u1edbi ph\u00f2ng x\u00f4ng h\u01a1i v\u00e0 sauna, gi\u00fap c\u01a1 th\u1ec3 v\u00e0 t\u00e2m tr\u00ed \u0111\u01b0\u1ee3c [&hellip;]<\/p>\n","protected":false},"author":90,"featured_media":0,"parent":0,"menu_order":0,"comment_status":"closed","ping_status":"closed","template":"template-spa.php","meta":{"footnotes":""},"categories":[],"yoast_head":"<!-- This site is optimized with the Yoast SEO plugin v22.3 - https:\/\/yoast.com\/wordpress\/plugins\/seo\/ -->\n<title>Pampas Spa - Bel Marina Hoi An<\/title>\n<meta name=\"robots\" content=\"index, follow, max-snippet:-1, max-image-preview:large, max-video-preview:-1\" \/>\n<link rel=\"canonical\" href=\"https:\/\/www.belmarinahoian.com\/vi\/pampas-spa\/\" \/>\n<meta property=\"og:locale\" content=\"vi_VN\" \/>\n<meta property=\"og:type\" content=\"article\" \/>\n<meta property=\"og:title\" content=\"Pampas Spa - Bel Marina Hoi An\" \/>\n<meta property=\"og:description\" content=\"T\u1ea1i Pampas Spa, m\u1ed7i li\u1ec7u tr\u00ecnh \u0111\u01b0\u1ee3c thi\u1ebft k\u1ebf nh\u1eb1m t\u00e1i t\u1ea1o n\u0103ng l\u01b0\u1ee3ng v\u00e0 \u0111\u00e1nh th\u1ee9c c\u00e1c gi\u00e1c quan. K\u1ebft h\u1ee3p c\u00f9ng th\u1ea3o d\u01b0\u1ee3c tr\u1ecb li\u1ec7u truy\u1ec1n th\u1ed1ng, h\u00e0nh tr\u00ecnh mang \u0111\u1ebfn s\u1ef1 th\u01b0 gi\u00e3n s\u00e2u v\u00e0 tr\u1ea1ng th\u00e1i c\u00e2n b\u1eb1ng v\u1edbi ph\u00f2ng x\u00f4ng h\u01a1i v\u00e0 sauna, gi\u00fap c\u01a1 th\u1ec3 v\u00e0 t\u00e2m tr\u00ed \u0111\u01b0\u1ee3c [&hellip;]\" \/>\n<meta property=\"og:url\" content=\"https:\/\/www.belmarinahoian.com\/vi\/pampas-spa\/\" \/>\n<meta property=\"og:site_name\" content=\"Bel Marina Hoi An\" \/>\n<meta property=\"article:publisher\" content=\"https:\/\/www.facebook.com\/belmarinahoian.official\" \/>\n<meta property=\"article:modified_time\" content=\"2026-04-29T07:02:04+00:00\" \/>\n<meta property=\"og:image\" content=\"https:\/\/www.belmarinahoian.com\/wp-content\/uploads\/sites\/132\/2026\/04\/Logo-CHINH_Primary-logo-300x300.png\" \/>\n<meta name=\"twitter:card\" content=\"summary_large_image\" \/>\n<meta name=\"twitter:label1\" content=\"Est. reading time\" \/>\n\t<meta name=\"twitter:data1\" content=\"1 minute\" \/>\n<script type=\"application\/ld+json\" class=\"yoast-schema-graph\">{\"@context\":\"https:\/\/schema.org\",\"@graph\":[{\"@type\":\"WebPage\",\"@id\":\"https:\/\/www.belmarinahoian.com\/vi\/pampas-spa\/\",\"url\":\"https:\/\/www.belmarinahoian.com\/vi\/pampas-spa\/\",\"name\":\"Pampas Spa - Bel Marina Hoi An\",\"isPartOf\":{\"@id\":\"https:\/\/www.belmarinahoian.com\/vi\/#website\"},\"primaryImageOfPage\":{\"@id\":\"https:\/\/www.belmarinahoian.com\/vi\/pampas-spa\/#primaryimage\"},\"image\":{\"@id\":\"https:\/\/www.belmarinahoian.com\/vi\/pampas-spa\/#primaryimage\"},\"thumbnailUrl\":\"https:\/\/www.belmarinahoian.com\/wp-content\/uploads\/sites\/132\/2026\/04\/Logo-CHINH_Primary-logo-300x300.png\",\"datePublished\":\"2025-11-10T10:35:13+00:00\",\"dateModified\":\"2026-04-29T07:02:04+00:00\",\"breadcrumb\":{\"@id\":\"https:\/\/www.belmarinahoian.com\/vi\/pampas-spa\/#breadcrumb\"},\"inLanguage\":\"vi-VN\",\"potentialAction\":[{\"@type\":\"ReadAction\",\"target\":[\"https:\/\/www.belmarinahoian.com\/vi\/pampas-spa\/\"]}]},{\"@type\":\"ImageObject\",\"inLanguage\":\"vi-VN\",\"@id\":\"https:\/\/www.belmarinahoian.com\/vi\/pampas-spa\/#primaryimage\",\"url\":\"https:\/\/www.belmarinahoian.com\/wp-content\/uploads\/sites\/132\/2026\/04\/Logo-CHINH_Primary-logo.png\",\"contentUrl\":\"https:\/\/www.belmarinahoian.com\/wp-content\/uploads\/sites\/132\/2026\/04\/Logo-CHINH_Primary-logo.png\",\"width\":2134,\"height\":2134},{\"@type\":\"BreadcrumbList\",\"@id\":\"https:\/\/www.belmarinahoian.com\/vi\/pampas-spa\/#breadcrumb\",\"itemListElement\":[{\"@type\":\"ListItem\",\"position\":1,\"name\":\"Home\",\"item\":\"https:\/\/www.belmarinahoian.com\/vi\/\"},{\"@type\":\"ListItem\",\"position\":2,\"name\":\"Pampas Spa\"}]},{\"@type\":\"WebSite\",\"@id\":\"https:\/\/www.belmarinahoian.com\/vi\/#website\",\"url\":\"https:\/\/www.belmarinahoian.com\/vi\/\",\"name\":\"Bel Marina Hoi An\",\"description\":\"\",\"potentialAction\":[{\"@type\":\"SearchAction\",\"target\":{\"@type\":\"EntryPoint\",\"urlTemplate\":\"https:\/\/www.belmarinahoian.com\/vi\/?s={search_term_string}\"},\"query-input\":\"required name=search_term_string\"}],\"inLanguage\":\"vi-VN\"}]}<\/script>\n<!-- \/ Yoast SEO plugin. -->","yoast_head_json":{"title":"Pampas Spa - Bel Marina Hoi An","robots":{"index":"index","follow":"follow","max-snippet":"max-snippet:-1","max-image-preview":"max-image-preview:large","max-video-preview":"max-video-preview:-1"},"canonical":"https:\/\/www.belmarinahoian.com\/vi\/pampas-spa\/","og_locale":"vi_VN","og_type":"article","og_title":"Pampas Spa - Bel Marina Hoi An","og_description":"T\u1ea1i Pampas Spa, m\u1ed7i li\u1ec7u tr\u00ecnh \u0111\u01b0\u1ee3c thi\u1ebft k\u1ebf nh\u1eb1m t\u00e1i t\u1ea1o n\u0103ng l\u01b0\u1ee3ng v\u00e0 \u0111\u00e1nh th\u1ee9c c\u00e1c gi\u00e1c quan. K\u1ebft h\u1ee3p c\u00f9ng th\u1ea3o d\u01b0\u1ee3c tr\u1ecb li\u1ec7u truy\u1ec1n th\u1ed1ng, h\u00e0nh tr\u00ecnh mang \u0111\u1ebfn s\u1ef1 th\u01b0 gi\u00e3n s\u00e2u v\u00e0 tr\u1ea1ng th\u00e1i c\u00e2n b\u1eb1ng v\u1edbi ph\u00f2ng x\u00f4ng h\u01a1i v\u00e0 sauna, gi\u00fap c\u01a1 th\u1ec3 v\u00e0 t\u00e2m tr\u00ed \u0111\u01b0\u1ee3c [&hellip;]","og_url":"https:\/\/www.belmarinahoian.com\/vi\/pampas-spa\/","og_site_name":"Bel Marina Hoi An","article_publisher":"https:\/\/www.facebook.com\/belmarinahoian.official","article_modified_time":"2026-04-29T07:02:04+00:00","og_image":[{"url":"https:\/\/www.belmarinahoian.com\/wp-content\/uploads\/sites\/132\/2026\/04\/Logo-CHINH_Primary-logo-300x300.png"}],"twitter_card":"summary_large_image","twitter_misc":{"Est. reading time":"1 minute"},"schema":{"@context":"https:\/\/schema.org","@graph":[{"@type":"WebPage","@id":"https:\/\/www.belmarinahoian.com\/vi\/pampas-spa\/","url":"https:\/\/www.belmarinahoian.com\/vi\/pampas-spa\/","name":"Pampas Spa - Bel Marina Hoi An","isPartOf":{"@id":"https:\/\/www.belmarinahoian.com\/vi\/#website"},"primaryImageOfPage":{"@id":"https:\/\/www.belmarinahoian.com\/vi\/pampas-spa\/#primaryimage"},"image":{"@id":"https:\/\/www.belmarinahoian.com\/vi\/pampas-spa\/#primaryimage"},"thumbnailUrl":"https:\/\/www.belmarinahoian.com\/wp-content\/uploads\/sites\/132\/2026\/04\/Logo-CHINH_Primary-logo-300x300.png","datePublished":"2025-11-10T10:35:13+00:00","dateModified":"2026-04-29T07:02:04+00:00","breadcrumb":{"@id":"https:\/\/www.belmarinahoian.com\/vi\/pampas-spa\/#breadcrumb"},"inLanguage":"vi-VN","potentialAction":[{"@type":"ReadAction","target":["https:\/\/www.belmarinahoian.com\/vi\/pampas-spa\/"]}]},{"@type":"ImageObject","inLanguage":"vi-VN","@id":"https:\/\/www.belmarinahoian.com\/vi\/pampas-spa\/#primaryimage","url":"https:\/\/www.belmarinahoian.com\/wp-content\/uploads\/sites\/132\/2026\/04\/Logo-CHINH_Primary-logo.png","contentUrl":"https:\/\/www.belmarinahoian.com\/wp-content\/uploads\/sites\/132\/2026\/04\/Logo-CHINH_Primary-logo.png","width":2134,"height":2134},{"@type":"BreadcrumbList","@id":"https:\/\/www.belmarinahoian.com\/vi\/pampas-spa\/#breadcrumb","itemListElement":[{"@type":"ListItem","position":1,"name":"Home","item":"https:\/\/www.belmarinahoian.com\/vi\/"},{"@type":"ListItem","position":2,"name":"Pampas Spa"}]},{"@type":"WebSite","@id":"https:\/\/www.belmarinahoian.com\/vi\/#website","url":"https:\/\/www.belmarinahoian.com\/vi\/","name":"Bel Marina Hoi An","description":"","potentialAction":[{"@type":"SearchAction","target":{"@type":"EntryPoint","urlTemplate":"https:\/\/www.belmarinahoian.com\/vi\/?s={search_term_string}"},"query-input":"required name=search_term_string"}],"inLanguage":"vi-VN"}]}},"acf":[],"_links":{"self":[{"href":"https:\/\/www.belmarinahoian.com\/vi\/wp-json\/wp\/v2\/pages\/251"}],"collection":[{"href":"https:\/\/www.belmarinahoian.com\/vi\/wp-json\/wp\/v2\/pages"}],"about":[{"href":"https:\/\/www.belmarinahoian.com\/vi\/wp-json\/wp\/v2\/types\/page"}],"author":[{"embeddable":true,"href":"https:\/\/www.belmarinahoian.com\/vi\/wp-json\/wp\/v2\/users\/90"}],"replies":[{"embeddable":true,"href":"https:\/\/www.belmarinahoian.com\/vi\/wp-json\/wp\/v2\/comments?post=251"}],"version-history":[{"count":0,"href":"https:\/\/www.belmarinahoian.com\/vi\/wp-json\/wp\/v2\/pages\/251\/revisions"}],"wp:attachment":[{"href":"https:\/\/www.belmarinahoian.com\/vi\/wp-json\/wp\/v2\/media?parent=251"}],"wp:term":[{"taxonomy":"category","embeddable":true,"href":"https:\/\/www.belmarinahoian.com\/vi\/wp-json\/wp\/v2\/categories?post=251"}],"curies":[{"name":"wp","href":"https:\/\/api.w.org\/{rel}","templated":true}]}}