{"id":250,"date":"2025-11-10T10:30:46","date_gmt":"2025-11-10T10:30:46","guid":{"rendered":"https:\/\/belmarinahoian.ms2.decms.asia\/services\/recreation\/"},"modified":"2026-04-12T16:00:19","modified_gmt":"2026-04-12T16:00:19","slug":"recreation","status":"publish","type":"page","link":"https:\/\/www.belmarinahoian.com\/vi\/services\/recreation\/","title":{"rendered":"Gi\u1ea3i Tr\u00ed"},"content":{"rendered":"<p>T\u1ea1i Bel Marina Hoi An Resort, h\u00e0nh tr\u00ecnh ngh\u1ec9 d\u01b0\u1ee1ng tr\u1edf n\u00ean phong ph\u00fa v\u1edbi nh\u1eefng ho\u1ea1t \u0111\u1ed9ng gi\u1ea3i tr\u00ed v\u00e0 ch\u0103m s\u00f3c tinh th\u1ea7n \u0111a d\u1ea1ng. T\u1eeb yoga v\u00e0 th\u00e1i c\u1ef1c quy\u1ec1n trong kh\u00f4ng gian y\u00ean b\u00ecnh, l\u1edbp h\u1ecdc n\u1ea5u \u0103n \u0111\u1eb7c s\u1ea3n H\u1ed9i An \u0111\u1eadm ch\u1ea5t \u0111\u1ecba ph\u01b0\u01a1ng, \u0111\u1ebfn tr\u1ea3i nghi\u1ec7m du thuy\u1ec1n ng\u1eafm ho\u00e0ng h\u00f4n tr\u00ean s\u00f4ng, m\u1ed7i ho\u1ea1t \u0111\u1ed9ng \u0111\u1ec1u mang \u0111\u1ebfn s\u1ef1 c\u00e2n b\u1eb1ng v\u00e0 nh\u1eefng kho\u1ea3nh kh\u1eafc \u0111\u00e1ng nh\u1edb trong k\u1ef3 ngh\u1ec9.<\/p>\n<p>Li\u00ean h\u1ec7 v\u1edbi L\u1ec5 t\u00e2n \u0111\u1ec3 \u0111\u01b0\u1ee3c h\u1ed7 tr\u1ee3.<\/p>\n","protected":false},"excerpt":{"rendered":"<p>T\u1ea1i Bel Marina Hoi An Resort, h\u00e0nh tr\u00ecnh ngh\u1ec9 d\u01b0\u1ee1ng tr\u1edf n\u00ean phong ph\u00fa v\u1edbi nh\u1eefng ho\u1ea1t \u0111\u1ed9ng gi\u1ea3i tr\u00ed v\u00e0 ch\u0103m s\u00f3c tinh th\u1ea7n \u0111a d\u1ea1ng. T\u1eeb yoga v\u00e0 th\u00e1i c\u1ef1c quy\u1ec1n trong kh\u00f4ng gian y\u00ean b\u00ecnh, l\u1edbp h\u1ecdc n\u1ea5u \u0103n \u0111\u1eb7c s\u1ea3n H\u1ed9i An \u0111\u1eadm ch\u1ea5t \u0111\u1ecba ph\u01b0\u01a1ng, \u0111\u1ebfn tr\u1ea3i nghi\u1ec7m du thuy\u1ec1n [&hellip;]<\/p>\n","protected":false},"author":90,"featured_media":0,"parent":245,"menu_order":4,"comment_status":"closed","ping_status":"closed","template":"template-single-service.php","meta":{"footnotes":""},"categories":[],"yoast_head":"<!-- This site is optimized with the Yoast SEO plugin v22.3 - https:\/\/yoast.com\/wordpress\/plugins\/seo\/ -->\n<title>Gi\u1ea3i Tr\u00ed - Bel Marina Hoi An<\/title>\n<meta name=\"robots\" content=\"index, follow, max-snippet:-1, max-image-preview:large, max-video-preview:-1\" \/>\n<link rel=\"canonical\" href=\"https:\/\/www.belmarinahoian.com\/vi\/services\/recreation\/\" \/>\n<meta property=\"og:locale\" content=\"vi_VN\" \/>\n<meta property=\"og:type\" content=\"article\" \/>\n<meta property=\"og:title\" content=\"Gi\u1ea3i Tr\u00ed - Bel Marina Hoi An\" \/>\n<meta property=\"og:description\" content=\"T\u1ea1i Bel Marina Hoi An Resort, h\u00e0nh tr\u00ecnh ngh\u1ec9 d\u01b0\u1ee1ng tr\u1edf n\u00ean phong ph\u00fa v\u1edbi nh\u1eefng ho\u1ea1t \u0111\u1ed9ng gi\u1ea3i tr\u00ed v\u00e0 ch\u0103m s\u00f3c tinh th\u1ea7n \u0111a d\u1ea1ng. T\u1eeb yoga v\u00e0 th\u00e1i c\u1ef1c quy\u1ec1n trong kh\u00f4ng gian y\u00ean b\u00ecnh, l\u1edbp h\u1ecdc n\u1ea5u \u0103n \u0111\u1eb7c s\u1ea3n H\u1ed9i An \u0111\u1eadm ch\u1ea5t \u0111\u1ecba ph\u01b0\u01a1ng, \u0111\u1ebfn tr\u1ea3i nghi\u1ec7m du thuy\u1ec1n [&hellip;]\" \/>\n<meta property=\"og:url\" content=\"https:\/\/www.belmarinahoian.com\/vi\/services\/recreation\/\" \/>\n<meta property=\"og:site_name\" content=\"Bel Marina Hoi An\" \/>\n<meta property=\"article:publisher\" content=\"https:\/\/www.facebook.com\/belmarinahoian.official\" \/>\n<meta property=\"article:modified_time\" content=\"2026-04-12T16:00:19+00:00\" \/>\n<meta name=\"twitter:card\" content=\"summary_large_image\" \/>\n<meta name=\"twitter:label1\" content=\"Est. reading time\" \/>\n\t<meta name=\"twitter:data1\" content=\"1 minute\" \/>\n<script type=\"application\/ld+json\" class=\"yoast-schema-graph\">{\"@context\":\"https:\/\/schema.org\",\"@graph\":[{\"@type\":\"WebPage\",\"@id\":\"https:\/\/www.belmarinahoian.com\/vi\/services\/recreation\/\",\"url\":\"https:\/\/www.belmarinahoian.com\/vi\/services\/recreation\/\",\"name\":\"Gi\u1ea3i Tr\u00ed - Bel Marina Hoi An\",\"isPartOf\":{\"@id\":\"https:\/\/www.belmarinahoian.com\/vi\/#website\"},\"datePublished\":\"2025-11-10T10:30:46+00:00\",\"dateModified\":\"2026-04-12T16:00:19+00:00\",\"breadcrumb\":{\"@id\":\"https:\/\/www.belmarinahoian.com\/vi\/services\/recreation\/#breadcrumb\"},\"inLanguage\":\"vi-VN\",\"potentialAction\":[{\"@type\":\"ReadAction\",\"target\":[\"https:\/\/www.belmarinahoian.com\/vi\/services\/recreation\/\"]}]},{\"@type\":\"BreadcrumbList\",\"@id\":\"https:\/\/www.belmarinahoian.com\/vi\/services\/recreation\/#breadcrumb\",\"itemListElement\":[{\"@type\":\"ListItem\",\"position\":1,\"name\":\"Home\",\"item\":\"https:\/\/www.belmarinahoian.com\/vi\/\"},{\"@type\":\"ListItem\",\"position\":2,\"name\":\"D\u1ecbch v\u1ee5\",\"item\":\"https:\/\/www.belmarinahoian.com\/vi\/services\/\"},{\"@type\":\"ListItem\",\"position\":3,\"name\":\"Gi\u1ea3i Tr\u00ed\"}]},{\"@type\":\"WebSite\",\"@id\":\"https:\/\/www.belmarinahoian.com\/vi\/#website\",\"url\":\"https:\/\/www.belmarinahoian.com\/vi\/\",\"name\":\"Bel Marina Hoi An\",\"description\":\"\",\"potentialAction\":[{\"@type\":\"SearchAction\",\"target\":{\"@type\":\"EntryPoint\",\"urlTemplate\":\"https:\/\/www.belmarinahoian.com\/vi\/?s={search_term_string}\"},\"query-input\":\"required name=search_term_string\"}],\"inLanguage\":\"vi-VN\"}]}<\/script>\n<!-- \/ Yoast SEO plugin. -->","yoast_head_json":{"title":"Gi\u1ea3i Tr\u00ed - Bel Marina Hoi An","robots":{"index":"index","follow":"follow","max-snippet":"max-snippet:-1","max-image-preview":"max-image-preview:large","max-video-preview":"max-video-preview:-1"},"canonical":"https:\/\/www.belmarinahoian.com\/vi\/services\/recreation\/","og_locale":"vi_VN","og_type":"article","og_title":"Gi\u1ea3i Tr\u00ed - Bel Marina Hoi An","og_description":"T\u1ea1i Bel Marina Hoi An Resort, h\u00e0nh tr\u00ecnh ngh\u1ec9 d\u01b0\u1ee1ng tr\u1edf n\u00ean phong ph\u00fa v\u1edbi nh\u1eefng ho\u1ea1t \u0111\u1ed9ng gi\u1ea3i tr\u00ed v\u00e0 ch\u0103m s\u00f3c tinh th\u1ea7n \u0111a d\u1ea1ng. T\u1eeb yoga v\u00e0 th\u00e1i c\u1ef1c quy\u1ec1n trong kh\u00f4ng gian y\u00ean b\u00ecnh, l\u1edbp h\u1ecdc n\u1ea5u \u0103n \u0111\u1eb7c s\u1ea3n H\u1ed9i An \u0111\u1eadm ch\u1ea5t \u0111\u1ecba ph\u01b0\u01a1ng, \u0111\u1ebfn tr\u1ea3i nghi\u1ec7m du thuy\u1ec1n [&hellip;]","og_url":"https:\/\/www.belmarinahoian.com\/vi\/services\/recreation\/","og_site_name":"Bel Marina Hoi An","article_publisher":"https:\/\/www.facebook.com\/belmarinahoian.official","article_modified_time":"2026-04-12T16:00:19+00:00","twitter_card":"summary_large_image","twitter_misc":{"Est. reading time":"1 minute"},"schema":{"@context":"https:\/\/schema.org","@graph":[{"@type":"WebPage","@id":"https:\/\/www.belmarinahoian.com\/vi\/services\/recreation\/","url":"https:\/\/www.belmarinahoian.com\/vi\/services\/recreation\/","name":"Gi\u1ea3i Tr\u00ed - Bel Marina Hoi An","isPartOf":{"@id":"https:\/\/www.belmarinahoian.com\/vi\/#website"},"datePublished":"2025-11-10T10:30:46+00:00","dateModified":"2026-04-12T16:00:19+00:00","breadcrumb":{"@id":"https:\/\/www.belmarinahoian.com\/vi\/services\/recreation\/#breadcrumb"},"inLanguage":"vi-VN","potentialAction":[{"@type":"ReadAction","target":["https:\/\/www.belmarinahoian.com\/vi\/services\/recreation\/"]}]},{"@type":"BreadcrumbList","@id":"https:\/\/www.belmarinahoian.com\/vi\/services\/recreation\/#breadcrumb","itemListElement":[{"@type":"ListItem","position":1,"name":"Home","item":"https:\/\/www.belmarinahoian.com\/vi\/"},{"@type":"ListItem","position":2,"name":"D\u1ecbch v\u1ee5","item":"https:\/\/www.belmarinahoian.com\/vi\/services\/"},{"@type":"ListItem","position":3,"name":"Gi\u1ea3i Tr\u00ed"}]},{"@type":"WebSite","@id":"https:\/\/www.belmarinahoian.com\/vi\/#website","url":"https:\/\/www.belmarinahoian.com\/vi\/","name":"Bel Marina Hoi An","description":"","potentialAction":[{"@type":"SearchAction","target":{"@type":"EntryPoint","urlTemplate":"https:\/\/www.belmarinahoian.com\/vi\/?s={search_term_string}"},"query-input":"required name=search_term_string"}],"inLanguage":"vi-VN"}]}},"acf":[],"_links":{"self":[{"href":"https:\/\/www.belmarinahoian.com\/vi\/wp-json\/wp\/v2\/pages\/250"}],"collection":[{"href":"https:\/\/www.belmarinahoian.com\/vi\/wp-json\/wp\/v2\/pages"}],"about":[{"href":"https:\/\/www.belmarinahoian.com\/vi\/wp-json\/wp\/v2\/types\/page"}],"author":[{"embeddable":true,"href":"https:\/\/www.belmarinahoian.com\/vi\/wp-json\/wp\/v2\/users\/90"}],"replies":[{"embeddable":true,"href":"https:\/\/www.belmarinahoian.com\/vi\/wp-json\/wp\/v2\/comments?post=250"}],"version-history":[{"count":0,"href":"https:\/\/www.belmarinahoian.com\/vi\/wp-json\/wp\/v2\/pages\/250\/revisions"}],"up":[{"embeddable":true,"href":"https:\/\/www.belmarinahoian.com\/vi\/wp-json\/wp\/v2\/pages\/245"}],"wp:attachment":[{"href":"https:\/\/www.belmarinahoian.com\/vi\/wp-json\/wp\/v2\/media?parent=250"}],"wp:term":[{"taxonomy":"category","embeddable":true,"href":"https:\/\/www.belmarinahoian.com\/vi\/wp-json\/wp\/v2\/categories?post=250"}],"curies":[{"name":"wp","href":"https:\/\/api.w.org\/{rel}","templated":true}]}}