{"id":249,"date":"2025-11-10T10:29:50","date_gmt":"2025-11-10T10:29:50","guid":{"rendered":"https:\/\/belmarinahoian.ms2.decms.asia\/services\/tailoring\/"},"modified":"2026-04-12T16:01:50","modified_gmt":"2026-04-12T16:01:50","slug":"tailoring","status":"publish","type":"page","link":"https:\/\/www.belmarinahoian.com\/vi\/services\/tailoring\/","title":{"rendered":"May \u0110o Trang Ph\u1ee5c"},"content":{"rendered":"<p>N\u1ed5i ti\u1ebfng v\u1edbi d\u1ecbch v\u1ee5 may \u0111o qu\u1ea7n \u00e1o, H\u1ed9i An l\u00e0 mi\u1ec1n \u0111\u1ea5t h\u1ee9a \u0111\u1ec3 b\u1ea1n c\u00f3 th\u1ec3 l\u00e0m m\u1edbi b\u1ea3n th\u00e2n v\u1edbi trang ph\u1ee5c \u0111\u01b0\u1ee3c \u0111o ni \u0111\u00f3ng gi\u00e0y ri\u00eang cho b\u1ea1n. D\u1ecbch v\u1ee5 n\u00e0y nay \u0111\u01b0\u1ee3c cung c\u1ea5p t\u1ea1i khu ngh\u1ec9 d\u01b0\u1ee1ng ch\u00fang t\u00f4i, \u0111\u1ec3 b\u1ea1n lu\u00f4n c\u00f3 th\u1ec3 chu\u1ea9n b\u1ecb cho m\u00ecnh nh\u1eefng di\u1ec7n m\u1ea1o m\u1edbi trong s\u1ef1 ri\u00eang t\u01b0 v\u00e0 tho\u1ea3i m\u00e1i n\u01a1i ngh\u1ec9 d\u01b0\u1ee1ng b\u1edd s\u00f4ng Thu B\u1ed3n.<\/p>\n<p>Li\u00ean h\u1ec7 v\u1edbi L\u1ec5 t\u00e2n \u0111\u1ec3 \u0111\u01b0\u1ee3c h\u1ed7 tr\u1ee3.<\/p>\n","protected":false},"excerpt":{"rendered":"<p>N\u1ed5i ti\u1ebfng v\u1edbi d\u1ecbch v\u1ee5 may \u0111o qu\u1ea7n \u00e1o, H\u1ed9i An l\u00e0 mi\u1ec1n \u0111\u1ea5t h\u1ee9a \u0111\u1ec3 b\u1ea1n c\u00f3 th\u1ec3 l\u00e0m m\u1edbi b\u1ea3n th\u00e2n v\u1edbi trang ph\u1ee5c \u0111\u01b0\u1ee3c \u0111o ni \u0111\u00f3ng gi\u00e0y ri\u00eang cho b\u1ea1n. D\u1ecbch v\u1ee5 n\u00e0y nay \u0111\u01b0\u1ee3c cung c\u1ea5p t\u1ea1i khu ngh\u1ec9 d\u01b0\u1ee1ng ch\u00fang t\u00f4i, \u0111\u1ec3 b\u1ea1n lu\u00f4n c\u00f3 th\u1ec3 chu\u1ea9n b\u1ecb cho [&hellip;]<\/p>\n","protected":false},"author":90,"featured_media":423,"parent":245,"menu_order":3,"comment_status":"closed","ping_status":"closed","template":"template-single-service.php","meta":{"footnotes":""},"categories":[],"yoast_head":"<!-- This site is optimized with the Yoast SEO plugin v22.3 - https:\/\/yoast.com\/wordpress\/plugins\/seo\/ -->\n<title>May \u0110o Trang Ph\u1ee5c - Bel Marina Hoi An<\/title>\n<meta name=\"robots\" content=\"index, follow, max-snippet:-1, max-image-preview:large, max-video-preview:-1\" \/>\n<link rel=\"canonical\" href=\"https:\/\/www.belmarinahoian.com\/vi\/services\/tailoring\/\" \/>\n<meta property=\"og:locale\" content=\"vi_VN\" \/>\n<meta property=\"og:type\" content=\"article\" \/>\n<meta property=\"og:title\" content=\"May \u0110o Trang Ph\u1ee5c - Bel Marina Hoi An\" \/>\n<meta property=\"og:description\" content=\"N\u1ed5i ti\u1ebfng v\u1edbi d\u1ecbch v\u1ee5 may \u0111o qu\u1ea7n \u00e1o, H\u1ed9i An l\u00e0 mi\u1ec1n \u0111\u1ea5t h\u1ee9a \u0111\u1ec3 b\u1ea1n c\u00f3 th\u1ec3 l\u00e0m m\u1edbi b\u1ea3n th\u00e2n v\u1edbi trang ph\u1ee5c \u0111\u01b0\u1ee3c \u0111o ni \u0111\u00f3ng gi\u00e0y ri\u00eang cho b\u1ea1n. D\u1ecbch v\u1ee5 n\u00e0y nay \u0111\u01b0\u1ee3c cung c\u1ea5p t\u1ea1i khu ngh\u1ec9 d\u01b0\u1ee1ng ch\u00fang t\u00f4i, \u0111\u1ec3 b\u1ea1n lu\u00f4n c\u00f3 th\u1ec3 chu\u1ea9n b\u1ecb cho [&hellip;]\" \/>\n<meta property=\"og:url\" content=\"https:\/\/www.belmarinahoian.com\/vi\/services\/tailoring\/\" \/>\n<meta property=\"og:site_name\" content=\"Bel Marina Hoi An\" \/>\n<meta property=\"article:publisher\" content=\"https:\/\/www.facebook.com\/belmarinahoian.official\" \/>\n<meta property=\"article:modified_time\" content=\"2026-04-12T16:01:50+00:00\" \/>\n<meta property=\"og:image\" content=\"https:\/\/www.belmarinahoian.com\/wp-content\/uploads\/sites\/132\/2025\/12\/Tailor.jpg\" \/>\n\t<meta property=\"og:image:width\" content=\"2200\" \/>\n\t<meta property=\"og:image:height\" content=\"1468\" \/>\n\t<meta property=\"og:image:type\" content=\"image\/jpeg\" \/>\n<meta name=\"twitter:card\" content=\"summary_large_image\" \/>\n<meta name=\"twitter:label1\" content=\"Est. reading time\" \/>\n\t<meta name=\"twitter:data1\" content=\"1 minute\" \/>\n<script type=\"application\/ld+json\" class=\"yoast-schema-graph\">{\"@context\":\"https:\/\/schema.org\",\"@graph\":[{\"@type\":\"WebPage\",\"@id\":\"https:\/\/www.belmarinahoian.com\/vi\/services\/tailoring\/\",\"url\":\"https:\/\/www.belmarinahoian.com\/vi\/services\/tailoring\/\",\"name\":\"May \u0110o Trang Ph\u1ee5c - Bel Marina Hoi An\",\"isPartOf\":{\"@id\":\"https:\/\/www.belmarinahoian.com\/vi\/#website\"},\"primaryImageOfPage\":{\"@id\":\"https:\/\/www.belmarinahoian.com\/vi\/services\/tailoring\/#primaryimage\"},\"image\":{\"@id\":\"https:\/\/www.belmarinahoian.com\/vi\/services\/tailoring\/#primaryimage\"},\"thumbnailUrl\":\"https:\/\/www.belmarinahoian.com\/wp-content\/uploads\/sites\/132\/2025\/12\/Tailor.jpg\",\"datePublished\":\"2025-11-10T10:29:50+00:00\",\"dateModified\":\"2026-04-12T16:01:50+00:00\",\"breadcrumb\":{\"@id\":\"https:\/\/www.belmarinahoian.com\/vi\/services\/tailoring\/#breadcrumb\"},\"inLanguage\":\"vi-VN\",\"potentialAction\":[{\"@type\":\"ReadAction\",\"target\":[\"https:\/\/www.belmarinahoian.com\/vi\/services\/tailoring\/\"]}]},{\"@type\":\"ImageObject\",\"inLanguage\":\"vi-VN\",\"@id\":\"https:\/\/www.belmarinahoian.com\/vi\/services\/tailoring\/#primaryimage\",\"url\":\"https:\/\/www.belmarinahoian.com\/wp-content\/uploads\/sites\/132\/2025\/12\/Tailor.jpg\",\"contentUrl\":\"https:\/\/www.belmarinahoian.com\/wp-content\/uploads\/sites\/132\/2025\/12\/Tailor.jpg\",\"width\":2200,\"height\":1468,\"caption\":\"Taking measures on the mannequin\"},{\"@type\":\"BreadcrumbList\",\"@id\":\"https:\/\/www.belmarinahoian.com\/vi\/services\/tailoring\/#breadcrumb\",\"itemListElement\":[{\"@type\":\"ListItem\",\"position\":1,\"name\":\"Home\",\"item\":\"https:\/\/www.belmarinahoian.com\/vi\/\"},{\"@type\":\"ListItem\",\"position\":2,\"name\":\"D\u1ecbch v\u1ee5\",\"item\":\"https:\/\/www.belmarinahoian.com\/vi\/services\/\"},{\"@type\":\"ListItem\",\"position\":3,\"name\":\"May \u0110o Trang Ph\u1ee5c\"}]},{\"@type\":\"WebSite\",\"@id\":\"https:\/\/www.belmarinahoian.com\/vi\/#website\",\"url\":\"https:\/\/www.belmarinahoian.com\/vi\/\",\"name\":\"Bel Marina Hoi An\",\"description\":\"\",\"potentialAction\":[{\"@type\":\"SearchAction\",\"target\":{\"@type\":\"EntryPoint\",\"urlTemplate\":\"https:\/\/www.belmarinahoian.com\/vi\/?s={search_term_string}\"},\"query-input\":\"required name=search_term_string\"}],\"inLanguage\":\"vi-VN\"}]}<\/script>\n<!-- \/ Yoast SEO plugin. -->","yoast_head_json":{"title":"May \u0110o Trang Ph\u1ee5c - Bel Marina Hoi An","robots":{"index":"index","follow":"follow","max-snippet":"max-snippet:-1","max-image-preview":"max-image-preview:large","max-video-preview":"max-video-preview:-1"},"canonical":"https:\/\/www.belmarinahoian.com\/vi\/services\/tailoring\/","og_locale":"vi_VN","og_type":"article","og_title":"May \u0110o Trang Ph\u1ee5c - Bel Marina Hoi An","og_description":"N\u1ed5i ti\u1ebfng v\u1edbi d\u1ecbch v\u1ee5 may \u0111o qu\u1ea7n \u00e1o, H\u1ed9i An l\u00e0 mi\u1ec1n \u0111\u1ea5t h\u1ee9a \u0111\u1ec3 b\u1ea1n c\u00f3 th\u1ec3 l\u00e0m m\u1edbi b\u1ea3n th\u00e2n v\u1edbi trang ph\u1ee5c \u0111\u01b0\u1ee3c \u0111o ni \u0111\u00f3ng gi\u00e0y ri\u00eang cho b\u1ea1n. D\u1ecbch v\u1ee5 n\u00e0y nay \u0111\u01b0\u1ee3c cung c\u1ea5p t\u1ea1i khu ngh\u1ec9 d\u01b0\u1ee1ng ch\u00fang t\u00f4i, \u0111\u1ec3 b\u1ea1n lu\u00f4n c\u00f3 th\u1ec3 chu\u1ea9n b\u1ecb cho [&hellip;]","og_url":"https:\/\/www.belmarinahoian.com\/vi\/services\/tailoring\/","og_site_name":"Bel Marina Hoi An","article_publisher":"https:\/\/www.facebook.com\/belmarinahoian.official","article_modified_time":"2026-04-12T16:01:50+00:00","og_image":[{"width":2200,"height":1468,"url":"https:\/\/www.belmarinahoian.com\/wp-content\/uploads\/sites\/132\/2025\/12\/Tailor.jpg","type":"image\/jpeg"}],"twitter_card":"summary_large_image","twitter_misc":{"Est. reading time":"1 minute"},"schema":{"@context":"https:\/\/schema.org","@graph":[{"@type":"WebPage","@id":"https:\/\/www.belmarinahoian.com\/vi\/services\/tailoring\/","url":"https:\/\/www.belmarinahoian.com\/vi\/services\/tailoring\/","name":"May \u0110o Trang Ph\u1ee5c - Bel Marina Hoi An","isPartOf":{"@id":"https:\/\/www.belmarinahoian.com\/vi\/#website"},"primaryImageOfPage":{"@id":"https:\/\/www.belmarinahoian.com\/vi\/services\/tailoring\/#primaryimage"},"image":{"@id":"https:\/\/www.belmarinahoian.com\/vi\/services\/tailoring\/#primaryimage"},"thumbnailUrl":"https:\/\/www.belmarinahoian.com\/wp-content\/uploads\/sites\/132\/2025\/12\/Tailor.jpg","datePublished":"2025-11-10T10:29:50+00:00","dateModified":"2026-04-12T16:01:50+00:00","breadcrumb":{"@id":"https:\/\/www.belmarinahoian.com\/vi\/services\/tailoring\/#breadcrumb"},"inLanguage":"vi-VN","potentialAction":[{"@type":"ReadAction","target":["https:\/\/www.belmarinahoian.com\/vi\/services\/tailoring\/"]}]},{"@type":"ImageObject","inLanguage":"vi-VN","@id":"https:\/\/www.belmarinahoian.com\/vi\/services\/tailoring\/#primaryimage","url":"https:\/\/www.belmarinahoian.com\/wp-content\/uploads\/sites\/132\/2025\/12\/Tailor.jpg","contentUrl":"https:\/\/www.belmarinahoian.com\/wp-content\/uploads\/sites\/132\/2025\/12\/Tailor.jpg","width":2200,"height":1468,"caption":"Taking measures on the mannequin"},{"@type":"BreadcrumbList","@id":"https:\/\/www.belmarinahoian.com\/vi\/services\/tailoring\/#breadcrumb","itemListElement":[{"@type":"ListItem","position":1,"name":"Home","item":"https:\/\/www.belmarinahoian.com\/vi\/"},{"@type":"ListItem","position":2,"name":"D\u1ecbch v\u1ee5","item":"https:\/\/www.belmarinahoian.com\/vi\/services\/"},{"@type":"ListItem","position":3,"name":"May \u0110o Trang Ph\u1ee5c"}]},{"@type":"WebSite","@id":"https:\/\/www.belmarinahoian.com\/vi\/#website","url":"https:\/\/www.belmarinahoian.com\/vi\/","name":"Bel Marina Hoi An","description":"","potentialAction":[{"@type":"SearchAction","target":{"@type":"EntryPoint","urlTemplate":"https:\/\/www.belmarinahoian.com\/vi\/?s={search_term_string}"},"query-input":"required name=search_term_string"}],"inLanguage":"vi-VN"}]}},"acf":[],"_links":{"self":[{"href":"https:\/\/www.belmarinahoian.com\/vi\/wp-json\/wp\/v2\/pages\/249"}],"collection":[{"href":"https:\/\/www.belmarinahoian.com\/vi\/wp-json\/wp\/v2\/pages"}],"about":[{"href":"https:\/\/www.belmarinahoian.com\/vi\/wp-json\/wp\/v2\/types\/page"}],"author":[{"embeddable":true,"href":"https:\/\/www.belmarinahoian.com\/vi\/wp-json\/wp\/v2\/users\/90"}],"replies":[{"embeddable":true,"href":"https:\/\/www.belmarinahoian.com\/vi\/wp-json\/wp\/v2\/comments?post=249"}],"version-history":[{"count":0,"href":"https:\/\/www.belmarinahoian.com\/vi\/wp-json\/wp\/v2\/pages\/249\/revisions"}],"up":[{"embeddable":true,"href":"https:\/\/www.belmarinahoian.com\/vi\/wp-json\/wp\/v2\/pages\/245"}],"wp:featuredmedia":[{"embeddable":true,"href":"https:\/\/www.belmarinahoian.com\/vi\/wp-json\/wp\/v2\/media\/423"}],"wp:attachment":[{"href":"https:\/\/www.belmarinahoian.com\/vi\/wp-json\/wp\/v2\/media?parent=249"}],"wp:term":[{"taxonomy":"category","embeddable":true,"href":"https:\/\/www.belmarinahoian.com\/vi\/wp-json\/wp\/v2\/categories?post=249"}],"curies":[{"name":"wp","href":"https:\/\/api.w.org\/{rel}","templated":true}]}}