{"id":247,"date":"2025-11-10T10:29:09","date_gmt":"2025-11-10T10:29:09","guid":{"rendered":"https:\/\/belmarinahoian.ms2.decms.asia\/services\/tour\/"},"modified":"2026-04-12T15:52:05","modified_gmt":"2026-04-12T15:52:05","slug":"tour","status":"publish","type":"page","link":"https:\/\/www.belmarinahoian.com\/vi\/services\/tour\/","title":{"rendered":"Tour"},"content":{"rendered":"<p>C\u1ea3m nh\u1eadn khung c\u1ea3nh tuy\u1ec7t \u0111\u1eb9p t\u1ea1i v\u00f9ng \u0111\u1ea5t H\u1ed9i An. Chi\u00eam ng\u01b0\u1ee1ng ki\u1ebfn tr\u00fac c\u1ed5 k\u00ednh v\u00e0 thi\u00ean nhi\u00ean m\u00ea ho\u1eb7c qua l\u0103ng k\u00ednh c\u1ee7a ch\u00ednh b\u1ea1n. \u0110\u1ed9i ng\u0169 t\u00fac tr\u1ef1c t\u1eadn t\u00e2m Bel Marina Hoi An Resort s\u1ebd gi\u00fap b\u1ea1n ch\u1ecdn nh\u1eefng \u0111\u1ecba \u0111i\u1ec3m tuy\u1ec7t v\u1eddi \u0111\u1ec3 kh\u00e1m ph\u00e1 m\u1ed7i ng\u00e0y.<\/p>\n<p>Li\u00ean h\u1ec7 v\u1edbi L\u1ec5 t\u00e2n \u0111\u1ec3 \u0111\u01b0\u1ee3c h\u1ed7 tr\u1ee3.<\/p>\n","protected":false},"excerpt":{"rendered":"<p>C\u1ea3m nh\u1eadn khung c\u1ea3nh tuy\u1ec7t \u0111\u1eb9p t\u1ea1i v\u00f9ng \u0111\u1ea5t H\u1ed9i An. Chi\u00eam ng\u01b0\u1ee1ng ki\u1ebfn tr\u00fac c\u1ed5 k\u00ednh v\u00e0 thi\u00ean nhi\u00ean m\u00ea ho\u1eb7c qua l\u0103ng k\u00ednh c\u1ee7a ch\u00ednh b\u1ea1n. \u0110\u1ed9i ng\u0169 t\u00fac tr\u1ef1c t\u1eadn t\u00e2m Bel Marina Hoi An Resort s\u1ebd gi\u00fap b\u1ea1n ch\u1ecdn nh\u1eefng \u0111\u1ecba \u0111i\u1ec3m tuy\u1ec7t v\u1eddi \u0111\u1ec3 kh\u00e1m ph\u00e1 m\u1ed7i ng\u00e0y. Li\u00ean h\u1ec7 [&hellip;]<\/p>\n","protected":false},"author":90,"featured_media":421,"parent":245,"menu_order":1,"comment_status":"closed","ping_status":"closed","template":"template-single-service.php","meta":{"footnotes":""},"categories":[],"yoast_head":"<!-- This site is optimized with the Yoast SEO plugin v22.3 - https:\/\/yoast.com\/wordpress\/plugins\/seo\/ -->\n<title>Tour - Bel Marina Hoi An<\/title>\n<meta name=\"robots\" content=\"index, follow, max-snippet:-1, max-image-preview:large, max-video-preview:-1\" \/>\n<link rel=\"canonical\" href=\"https:\/\/www.belmarinahoian.com\/vi\/services\/tour\/\" \/>\n<meta property=\"og:locale\" content=\"vi_VN\" \/>\n<meta property=\"og:type\" content=\"article\" \/>\n<meta property=\"og:title\" content=\"Tour - Bel Marina Hoi An\" \/>\n<meta property=\"og:description\" content=\"C\u1ea3m nh\u1eadn khung c\u1ea3nh tuy\u1ec7t \u0111\u1eb9p t\u1ea1i v\u00f9ng \u0111\u1ea5t H\u1ed9i An. Chi\u00eam ng\u01b0\u1ee1ng ki\u1ebfn tr\u00fac c\u1ed5 k\u00ednh v\u00e0 thi\u00ean nhi\u00ean m\u00ea ho\u1eb7c qua l\u0103ng k\u00ednh c\u1ee7a ch\u00ednh b\u1ea1n. \u0110\u1ed9i ng\u0169 t\u00fac tr\u1ef1c t\u1eadn t\u00e2m Bel Marina Hoi An Resort s\u1ebd gi\u00fap b\u1ea1n ch\u1ecdn nh\u1eefng \u0111\u1ecba \u0111i\u1ec3m tuy\u1ec7t v\u1eddi \u0111\u1ec3 kh\u00e1m ph\u00e1 m\u1ed7i ng\u00e0y. Li\u00ean h\u1ec7 [&hellip;]\" \/>\n<meta property=\"og:url\" content=\"https:\/\/www.belmarinahoian.com\/vi\/services\/tour\/\" \/>\n<meta property=\"og:site_name\" content=\"Bel Marina Hoi An\" \/>\n<meta property=\"article:publisher\" content=\"https:\/\/www.facebook.com\/belmarinahoian.official\" \/>\n<meta property=\"article:modified_time\" content=\"2026-04-12T15:52:05+00:00\" \/>\n<meta property=\"og:image\" content=\"https:\/\/www.belmarinahoian.com\/wp-content\/uploads\/sites\/132\/2025\/12\/Tour.jpg\" \/>\n\t<meta property=\"og:image:width\" content=\"1468\" \/>\n\t<meta property=\"og:image:height\" content=\"2200\" \/>\n\t<meta property=\"og:image:type\" content=\"image\/jpeg\" \/>\n<meta name=\"twitter:card\" content=\"summary_large_image\" \/>\n<meta name=\"twitter:label1\" content=\"Est. reading time\" \/>\n\t<meta name=\"twitter:data1\" content=\"1 minute\" \/>\n<script type=\"application\/ld+json\" class=\"yoast-schema-graph\">{\"@context\":\"https:\/\/schema.org\",\"@graph\":[{\"@type\":\"WebPage\",\"@id\":\"https:\/\/www.belmarinahoian.com\/vi\/services\/tour\/\",\"url\":\"https:\/\/www.belmarinahoian.com\/vi\/services\/tour\/\",\"name\":\"Tour - Bel Marina Hoi An\",\"isPartOf\":{\"@id\":\"https:\/\/www.belmarinahoian.com\/vi\/#website\"},\"primaryImageOfPage\":{\"@id\":\"https:\/\/www.belmarinahoian.com\/vi\/services\/tour\/#primaryimage\"},\"image\":{\"@id\":\"https:\/\/www.belmarinahoian.com\/vi\/services\/tour\/#primaryimage\"},\"thumbnailUrl\":\"https:\/\/www.belmarinahoian.com\/wp-content\/uploads\/sites\/132\/2025\/12\/Tour.jpg\",\"datePublished\":\"2025-11-10T10:29:09+00:00\",\"dateModified\":\"2026-04-12T15:52:05+00:00\",\"breadcrumb\":{\"@id\":\"https:\/\/www.belmarinahoian.com\/vi\/services\/tour\/#breadcrumb\"},\"inLanguage\":\"vi-VN\",\"potentialAction\":[{\"@type\":\"ReadAction\",\"target\":[\"https:\/\/www.belmarinahoian.com\/vi\/services\/tour\/\"]}]},{\"@type\":\"ImageObject\",\"inLanguage\":\"vi-VN\",\"@id\":\"https:\/\/www.belmarinahoian.com\/vi\/services\/tour\/#primaryimage\",\"url\":\"https:\/\/www.belmarinahoian.com\/wp-content\/uploads\/sites\/132\/2025\/12\/Tour.jpg\",\"contentUrl\":\"https:\/\/www.belmarinahoian.com\/wp-content\/uploads\/sites\/132\/2025\/12\/Tour.jpg\",\"width\":1468,\"height\":2200,\"caption\":\"Business lady filling document on reception of hotel or office building\"},{\"@type\":\"BreadcrumbList\",\"@id\":\"https:\/\/www.belmarinahoian.com\/vi\/services\/tour\/#breadcrumb\",\"itemListElement\":[{\"@type\":\"ListItem\",\"position\":1,\"name\":\"Home\",\"item\":\"https:\/\/www.belmarinahoian.com\/vi\/\"},{\"@type\":\"ListItem\",\"position\":2,\"name\":\"D\u1ecbch v\u1ee5\",\"item\":\"https:\/\/www.belmarinahoian.com\/vi\/services\/\"},{\"@type\":\"ListItem\",\"position\":3,\"name\":\"Tour\"}]},{\"@type\":\"WebSite\",\"@id\":\"https:\/\/www.belmarinahoian.com\/vi\/#website\",\"url\":\"https:\/\/www.belmarinahoian.com\/vi\/\",\"name\":\"Bel Marina Hoi An\",\"description\":\"\",\"potentialAction\":[{\"@type\":\"SearchAction\",\"target\":{\"@type\":\"EntryPoint\",\"urlTemplate\":\"https:\/\/www.belmarinahoian.com\/vi\/?s={search_term_string}\"},\"query-input\":\"required name=search_term_string\"}],\"inLanguage\":\"vi-VN\"}]}<\/script>\n<!-- \/ Yoast SEO plugin. -->","yoast_head_json":{"title":"Tour - Bel Marina Hoi An","robots":{"index":"index","follow":"follow","max-snippet":"max-snippet:-1","max-image-preview":"max-image-preview:large","max-video-preview":"max-video-preview:-1"},"canonical":"https:\/\/www.belmarinahoian.com\/vi\/services\/tour\/","og_locale":"vi_VN","og_type":"article","og_title":"Tour - Bel Marina Hoi An","og_description":"C\u1ea3m nh\u1eadn khung c\u1ea3nh tuy\u1ec7t \u0111\u1eb9p t\u1ea1i v\u00f9ng \u0111\u1ea5t H\u1ed9i An. Chi\u00eam ng\u01b0\u1ee1ng ki\u1ebfn tr\u00fac c\u1ed5 k\u00ednh v\u00e0 thi\u00ean nhi\u00ean m\u00ea ho\u1eb7c qua l\u0103ng k\u00ednh c\u1ee7a ch\u00ednh b\u1ea1n. \u0110\u1ed9i ng\u0169 t\u00fac tr\u1ef1c t\u1eadn t\u00e2m Bel Marina Hoi An Resort s\u1ebd gi\u00fap b\u1ea1n ch\u1ecdn nh\u1eefng \u0111\u1ecba \u0111i\u1ec3m tuy\u1ec7t v\u1eddi \u0111\u1ec3 kh\u00e1m ph\u00e1 m\u1ed7i ng\u00e0y. Li\u00ean h\u1ec7 [&hellip;]","og_url":"https:\/\/www.belmarinahoian.com\/vi\/services\/tour\/","og_site_name":"Bel Marina Hoi An","article_publisher":"https:\/\/www.facebook.com\/belmarinahoian.official","article_modified_time":"2026-04-12T15:52:05+00:00","og_image":[{"width":1468,"height":2200,"url":"https:\/\/www.belmarinahoian.com\/wp-content\/uploads\/sites\/132\/2025\/12\/Tour.jpg","type":"image\/jpeg"}],"twitter_card":"summary_large_image","twitter_misc":{"Est. reading time":"1 minute"},"schema":{"@context":"https:\/\/schema.org","@graph":[{"@type":"WebPage","@id":"https:\/\/www.belmarinahoian.com\/vi\/services\/tour\/","url":"https:\/\/www.belmarinahoian.com\/vi\/services\/tour\/","name":"Tour - Bel Marina Hoi An","isPartOf":{"@id":"https:\/\/www.belmarinahoian.com\/vi\/#website"},"primaryImageOfPage":{"@id":"https:\/\/www.belmarinahoian.com\/vi\/services\/tour\/#primaryimage"},"image":{"@id":"https:\/\/www.belmarinahoian.com\/vi\/services\/tour\/#primaryimage"},"thumbnailUrl":"https:\/\/www.belmarinahoian.com\/wp-content\/uploads\/sites\/132\/2025\/12\/Tour.jpg","datePublished":"2025-11-10T10:29:09+00:00","dateModified":"2026-04-12T15:52:05+00:00","breadcrumb":{"@id":"https:\/\/www.belmarinahoian.com\/vi\/services\/tour\/#breadcrumb"},"inLanguage":"vi-VN","potentialAction":[{"@type":"ReadAction","target":["https:\/\/www.belmarinahoian.com\/vi\/services\/tour\/"]}]},{"@type":"ImageObject","inLanguage":"vi-VN","@id":"https:\/\/www.belmarinahoian.com\/vi\/services\/tour\/#primaryimage","url":"https:\/\/www.belmarinahoian.com\/wp-content\/uploads\/sites\/132\/2025\/12\/Tour.jpg","contentUrl":"https:\/\/www.belmarinahoian.com\/wp-content\/uploads\/sites\/132\/2025\/12\/Tour.jpg","width":1468,"height":2200,"caption":"Business lady filling document on reception of hotel or office building"},{"@type":"BreadcrumbList","@id":"https:\/\/www.belmarinahoian.com\/vi\/services\/tour\/#breadcrumb","itemListElement":[{"@type":"ListItem","position":1,"name":"Home","item":"https:\/\/www.belmarinahoian.com\/vi\/"},{"@type":"ListItem","position":2,"name":"D\u1ecbch v\u1ee5","item":"https:\/\/www.belmarinahoian.com\/vi\/services\/"},{"@type":"ListItem","position":3,"name":"Tour"}]},{"@type":"WebSite","@id":"https:\/\/www.belmarinahoian.com\/vi\/#website","url":"https:\/\/www.belmarinahoian.com\/vi\/","name":"Bel Marina Hoi An","description":"","potentialAction":[{"@type":"SearchAction","target":{"@type":"EntryPoint","urlTemplate":"https:\/\/www.belmarinahoian.com\/vi\/?s={search_term_string}"},"query-input":"required name=search_term_string"}],"inLanguage":"vi-VN"}]}},"acf":[],"_links":{"self":[{"href":"https:\/\/www.belmarinahoian.com\/vi\/wp-json\/wp\/v2\/pages\/247"}],"collection":[{"href":"https:\/\/www.belmarinahoian.com\/vi\/wp-json\/wp\/v2\/pages"}],"about":[{"href":"https:\/\/www.belmarinahoian.com\/vi\/wp-json\/wp\/v2\/types\/page"}],"author":[{"embeddable":true,"href":"https:\/\/www.belmarinahoian.com\/vi\/wp-json\/wp\/v2\/users\/90"}],"replies":[{"embeddable":true,"href":"https:\/\/www.belmarinahoian.com\/vi\/wp-json\/wp\/v2\/comments?post=247"}],"version-history":[{"count":0,"href":"https:\/\/www.belmarinahoian.com\/vi\/wp-json\/wp\/v2\/pages\/247\/revisions"}],"up":[{"embeddable":true,"href":"https:\/\/www.belmarinahoian.com\/vi\/wp-json\/wp\/v2\/pages\/245"}],"wp:featuredmedia":[{"embeddable":true,"href":"https:\/\/www.belmarinahoian.com\/vi\/wp-json\/wp\/v2\/media\/421"}],"wp:attachment":[{"href":"https:\/\/www.belmarinahoian.com\/vi\/wp-json\/wp\/v2\/media?parent=247"}],"wp:term":[{"taxonomy":"category","embeddable":true,"href":"https:\/\/www.belmarinahoian.com\/vi\/wp-json\/wp\/v2\/categories?post=247"}],"curies":[{"name":"wp","href":"https:\/\/api.w.org\/{rel}","templated":true}]}}