{"id":241,"date":"2025-11-10T09:49:14","date_gmt":"2025-11-10T09:49:14","guid":{"rendered":"https:\/\/belmarinahoian.ms2.decms.asia\/dining\/quang-corner\/"},"modified":"2026-04-28T07:31:30","modified_gmt":"2026-04-28T07:31:30","slug":"quang-corner","status":"publish","type":"page","link":"https:\/\/www.belmarinahoian.com\/vi\/dining\/quang-corner\/","title":{"rendered":"Qu\u1ea3ng Corner"},"content":{"rendered":"<p style=\"text-align: center\">Qu\u1ea3ng Corner mang \u0111\u1eadm phong c\u00e1ch truy\u1ec1n th\u1ed1ng v\u1edbi kh\u00f4ng gian g\u1ea7n g\u0169i, n\u01a1i l\u01b0u gi\u1eef tinh hoa \u1ea9m th\u1ef1c x\u1ee9 Qu\u1ea3ng qua nhi\u1ec1u th\u1ebf h\u1ec7. Th\u1ef1c \u0111\u01a1n l\u00e0 s\u1ef1 k\u1ebft h\u1ee3p h\u00e0i h\u00f2a gi\u1eefa nguy\u00ean li\u1ec7u \u0111\u1ecba ph\u01b0\u01a1ng v\u00e0 h\u01b0\u01a1ng v\u1ecb \u0111\u1eb7c tr\u01b0ng mi\u1ec1n Trung Vi\u1ec7t Nam, th\u1ec3 hi\u1ec7n tr\u1ecdn v\u1eb9n n\u00e9t v\u0103n h\u00f3a, t\u00ecnh c\u1ea3m v\u00e0 s\u1ef1 m\u1ed9c m\u1ea1c c\u1ee7a con ng\u01b0\u1eddi Qu\u1ea3ng Nam.<\/p>\n<p style=\"text-align: center\"><img loading=\"lazy\" decoding=\"async\" class=\"wp-image-774 aligncenter\" src=\"https:\/\/www.belmarinahoian.com\/wp-content\/uploads\/sites\/132\/2026\/04\/Logo-Goc-Quang_Primary-logo-tach-nen-300x300.png\" alt=\"\" width=\"160\" height=\"160\" srcset=\"https:\/\/www.belmarinahoian.com\/wp-content\/uploads\/sites\/132\/2026\/04\/Logo-Goc-Quang_Primary-logo-tach-nen-300x300.png 300w, https:\/\/www.belmarinahoian.com\/wp-content\/uploads\/sites\/132\/2026\/04\/Logo-Goc-Quang_Primary-logo-tach-nen-1024x1024.png 1024w, https:\/\/www.belmarinahoian.com\/wp-content\/uploads\/sites\/132\/2026\/04\/Logo-Goc-Quang_Primary-logo-tach-nen-150x150.png 150w, https:\/\/www.belmarinahoian.com\/wp-content\/uploads\/sites\/132\/2026\/04\/Logo-Goc-Quang_Primary-logo-tach-nen-768x768.png 768w, https:\/\/www.belmarinahoian.com\/wp-content\/uploads\/sites\/132\/2026\/04\/Logo-Goc-Quang_Primary-logo-tach-nen-1536x1536.png 1536w, https:\/\/www.belmarinahoian.com\/wp-content\/uploads\/sites\/132\/2026\/04\/Logo-Goc-Quang_Primary-logo-tach-nen-200x200.png 200w, https:\/\/www.belmarinahoian.com\/wp-content\/uploads\/sites\/132\/2026\/04\/Logo-Goc-Quang_Primary-logo-tach-nen-600x600.png 600w, https:\/\/www.belmarinahoian.com\/wp-content\/uploads\/sites\/132\/2026\/04\/Logo-Goc-Quang_Primary-logo-tach-nen-1000x1000.png 1000w\" sizes=\"(max-width: 160px) 100vw, 160px\" \/><\/p>\n","protected":false},"excerpt":{"rendered":"<p>Qu\u1ea3ng Corner mang \u0111\u1eadm phong c\u00e1ch truy\u1ec1n th\u1ed1ng v\u1edbi kh\u00f4ng gian g\u1ea7n g\u0169i, n\u01a1i l\u01b0u gi\u1eef tinh hoa \u1ea9m th\u1ef1c x\u1ee9 Qu\u1ea3ng qua nhi\u1ec1u th\u1ebf h\u1ec7. Th\u1ef1c \u0111\u01a1n l\u00e0 s\u1ef1 k\u1ebft h\u1ee3p h\u00e0i h\u00f2a gi\u1eefa nguy\u00ean li\u1ec7u \u0111\u1ecba ph\u01b0\u01a1ng v\u00e0 h\u01b0\u01a1ng v\u1ecb \u0111\u1eb7c tr\u01b0ng mi\u1ec1n Trung Vi\u1ec7t Nam, th\u1ec3 hi\u1ec7n tr\u1ecdn v\u1eb9n n\u00e9t v\u0103n h\u00f3a, [&hellip;]<\/p>\n","protected":false},"author":90,"featured_media":0,"parent":238,"menu_order":2,"comment_status":"closed","ping_status":"closed","template":"template-single-restaurant.php","meta":{"footnotes":""},"categories":[],"yoast_head":"<!-- This site is optimized with the Yoast SEO plugin v22.3 - https:\/\/yoast.com\/wordpress\/plugins\/seo\/ -->\n<title>Qu\u1ea3ng Corner | Bel Marina Hoi An<\/title>\n<meta name=\"description\" content=\"Qu\u1ea3ng Corner mang \u0111\u1eadm phong c\u00e1ch truy\u1ec1n th\u1ed1ng v\u1edbi kh\u00f4ng gian g\u1ea7n g\u0169i, n\u01a1i l\u01b0u gi\u1eef tinh hoa \u1ea9m th\u1ef1c x\u1ee9 Qu\u1ea3ng qua nhi\u1ec1u th\u1ebf h\u1ec7. Th\u1ef1c \u0111\u01a1n l\u00e0 s\u1ef1 k\u1ebft h\u1ee3p h\u00e0i h\u00f2a gi\u1eefa nguy\u00ean li\u1ec7u \u0111\u1ecba ph\u01b0\u01a1ng v\u00e0 h\u01b0\u01a1ng v\u1ecb \u0111\u1eb7c tr\u01b0ng mi\u1ec1n Trung Vi\u1ec7t Nam, th\u1ec3 hi\u1ec7n tr\u1ecdn v\u1eb9n n\u00e9t v\u0103n h\u00f3a, t\u00ecnh c\u1ea3m v\u00e0 s\u1ef1 m\u1ed9c m\u1ea1c c\u1ee7a con ng\u01b0\u1eddi Qu\u1ea3ng Nam.\" \/>\n<meta name=\"robots\" content=\"index, follow, max-snippet:-1, max-image-preview:large, max-video-preview:-1\" \/>\n<link rel=\"canonical\" href=\"https:\/\/www.belmarinahoian.com\/vi\/dining\/quang-corner\/\" \/>\n<meta property=\"og:locale\" content=\"vi_VN\" \/>\n<meta property=\"og:type\" content=\"article\" \/>\n<meta property=\"og:title\" content=\"Qu\u1ea3ng Corner | Bel Marina Hoi An\" \/>\n<meta property=\"og:description\" content=\"Qu\u1ea3ng Corner mang \u0111\u1eadm phong c\u00e1ch truy\u1ec1n th\u1ed1ng v\u1edbi kh\u00f4ng gian g\u1ea7n g\u0169i, n\u01a1i l\u01b0u gi\u1eef tinh hoa \u1ea9m th\u1ef1c x\u1ee9 Qu\u1ea3ng qua nhi\u1ec1u th\u1ebf h\u1ec7. Th\u1ef1c \u0111\u01a1n l\u00e0 s\u1ef1 k\u1ebft h\u1ee3p h\u00e0i h\u00f2a gi\u1eefa nguy\u00ean li\u1ec7u \u0111\u1ecba ph\u01b0\u01a1ng v\u00e0 h\u01b0\u01a1ng v\u1ecb \u0111\u1eb7c tr\u01b0ng mi\u1ec1n Trung Vi\u1ec7t Nam, th\u1ec3 hi\u1ec7n tr\u1ecdn v\u1eb9n n\u00e9t v\u0103n h\u00f3a, t\u00ecnh c\u1ea3m v\u00e0 s\u1ef1 m\u1ed9c m\u1ea1c c\u1ee7a con ng\u01b0\u1eddi Qu\u1ea3ng Nam.\" \/>\n<meta property=\"og:url\" content=\"https:\/\/www.belmarinahoian.com\/vi\/dining\/quang-corner\/\" \/>\n<meta property=\"og:site_name\" content=\"Bel Marina Hoi An\" \/>\n<meta property=\"article:publisher\" content=\"https:\/\/www.facebook.com\/belmarinahoian.official\" \/>\n<meta property=\"article:modified_time\" content=\"2026-04-28T07:31:30+00:00\" \/>\n<meta property=\"og:image\" content=\"https:\/\/www.belmarinahoian.com\/wp-content\/uploads\/sites\/132\/2026\/04\/Logo-Goc-Quang_Primary-logo-tach-nen-300x300.png\" \/>\n<meta name=\"twitter:card\" content=\"summary_large_image\" \/>\n<meta name=\"twitter:label1\" content=\"Est. reading time\" \/>\n\t<meta name=\"twitter:data1\" content=\"1 minute\" \/>\n<script type=\"application\/ld+json\" class=\"yoast-schema-graph\">{\"@context\":\"https:\/\/schema.org\",\"@graph\":[{\"@type\":\"WebPage\",\"@id\":\"https:\/\/www.belmarinahoian.com\/vi\/dining\/quang-corner\/\",\"url\":\"https:\/\/www.belmarinahoian.com\/vi\/dining\/quang-corner\/\",\"name\":\"Qu\u1ea3ng Corner | Bel Marina Hoi An\",\"isPartOf\":{\"@id\":\"https:\/\/www.belmarinahoian.com\/vi\/#website\"},\"primaryImageOfPage\":{\"@id\":\"https:\/\/www.belmarinahoian.com\/vi\/dining\/quang-corner\/#primaryimage\"},\"image\":{\"@id\":\"https:\/\/www.belmarinahoian.com\/vi\/dining\/quang-corner\/#primaryimage\"},\"thumbnailUrl\":\"https:\/\/www.belmarinahoian.com\/wp-content\/uploads\/sites\/132\/2026\/04\/Logo-Goc-Quang_Primary-logo-tach-nen-300x300.png\",\"datePublished\":\"2025-11-10T09:49:14+00:00\",\"dateModified\":\"2026-04-28T07:31:30+00:00\",\"description\":\"Qu\u1ea3ng Corner mang \u0111\u1eadm phong c\u00e1ch truy\u1ec1n th\u1ed1ng v\u1edbi kh\u00f4ng gian g\u1ea7n g\u0169i, n\u01a1i l\u01b0u gi\u1eef tinh hoa \u1ea9m th\u1ef1c x\u1ee9 Qu\u1ea3ng qua nhi\u1ec1u th\u1ebf h\u1ec7. Th\u1ef1c \u0111\u01a1n l\u00e0 s\u1ef1 k\u1ebft h\u1ee3p h\u00e0i h\u00f2a gi\u1eefa nguy\u00ean li\u1ec7u \u0111\u1ecba ph\u01b0\u01a1ng v\u00e0 h\u01b0\u01a1ng v\u1ecb \u0111\u1eb7c tr\u01b0ng mi\u1ec1n Trung Vi\u1ec7t Nam, th\u1ec3 hi\u1ec7n tr\u1ecdn v\u1eb9n n\u00e9t v\u0103n h\u00f3a, t\u00ecnh c\u1ea3m v\u00e0 s\u1ef1 m\u1ed9c m\u1ea1c c\u1ee7a con ng\u01b0\u1eddi Qu\u1ea3ng Nam.\",\"breadcrumb\":{\"@id\":\"https:\/\/www.belmarinahoian.com\/vi\/dining\/quang-corner\/#breadcrumb\"},\"inLanguage\":\"vi-VN\",\"potentialAction\":[{\"@type\":\"ReadAction\",\"target\":[\"https:\/\/www.belmarinahoian.com\/vi\/dining\/quang-corner\/\"]}]},{\"@type\":\"ImageObject\",\"inLanguage\":\"vi-VN\",\"@id\":\"https:\/\/www.belmarinahoian.com\/vi\/dining\/quang-corner\/#primaryimage\",\"url\":\"https:\/\/www.belmarinahoian.com\/wp-content\/uploads\/sites\/132\/2026\/04\/Logo-Goc-Quang_Primary-logo-tach-nen.png\",\"contentUrl\":\"https:\/\/www.belmarinahoian.com\/wp-content\/uploads\/sites\/132\/2026\/04\/Logo-Goc-Quang_Primary-logo-tach-nen.png\",\"width\":2049,\"height\":2049},{\"@type\":\"BreadcrumbList\",\"@id\":\"https:\/\/www.belmarinahoian.com\/vi\/dining\/quang-corner\/#breadcrumb\",\"itemListElement\":[{\"@type\":\"ListItem\",\"position\":1,\"name\":\"Home\",\"item\":\"https:\/\/www.belmarinahoian.com\/vi\/\"},{\"@type\":\"ListItem\",\"position\":2,\"name\":\"\u1ea8m Th\u1ef1c\",\"item\":\"https:\/\/www.belmarinahoian.com\/vi\/dining\/\"},{\"@type\":\"ListItem\",\"position\":3,\"name\":\"Qu\u1ea3ng Corner\"}]},{\"@type\":\"WebSite\",\"@id\":\"https:\/\/www.belmarinahoian.com\/vi\/#website\",\"url\":\"https:\/\/www.belmarinahoian.com\/vi\/\",\"name\":\"Bel Marina Hoi An\",\"description\":\"\",\"potentialAction\":[{\"@type\":\"SearchAction\",\"target\":{\"@type\":\"EntryPoint\",\"urlTemplate\":\"https:\/\/www.belmarinahoian.com\/vi\/?s={search_term_string}\"},\"query-input\":\"required name=search_term_string\"}],\"inLanguage\":\"vi-VN\"}]}<\/script>\n<!-- \/ Yoast SEO plugin. -->","yoast_head_json":{"title":"Qu\u1ea3ng Corner | Bel Marina Hoi An","description":"Qu\u1ea3ng Corner mang \u0111\u1eadm phong c\u00e1ch truy\u1ec1n th\u1ed1ng v\u1edbi kh\u00f4ng gian g\u1ea7n g\u0169i, n\u01a1i l\u01b0u gi\u1eef tinh hoa \u1ea9m th\u1ef1c x\u1ee9 Qu\u1ea3ng qua nhi\u1ec1u th\u1ebf h\u1ec7. Th\u1ef1c \u0111\u01a1n l\u00e0 s\u1ef1 k\u1ebft h\u1ee3p h\u00e0i h\u00f2a gi\u1eefa nguy\u00ean li\u1ec7u \u0111\u1ecba ph\u01b0\u01a1ng v\u00e0 h\u01b0\u01a1ng v\u1ecb \u0111\u1eb7c tr\u01b0ng mi\u1ec1n Trung Vi\u1ec7t Nam, th\u1ec3 hi\u1ec7n tr\u1ecdn v\u1eb9n n\u00e9t v\u0103n h\u00f3a, t\u00ecnh c\u1ea3m v\u00e0 s\u1ef1 m\u1ed9c m\u1ea1c c\u1ee7a con ng\u01b0\u1eddi Qu\u1ea3ng Nam.","robots":{"index":"index","follow":"follow","max-snippet":"max-snippet:-1","max-image-preview":"max-image-preview:large","max-video-preview":"max-video-preview:-1"},"canonical":"https:\/\/www.belmarinahoian.com\/vi\/dining\/quang-corner\/","og_locale":"vi_VN","og_type":"article","og_title":"Qu\u1ea3ng Corner | Bel Marina Hoi An","og_description":"Qu\u1ea3ng Corner mang \u0111\u1eadm phong c\u00e1ch truy\u1ec1n th\u1ed1ng v\u1edbi kh\u00f4ng gian g\u1ea7n g\u0169i, n\u01a1i l\u01b0u gi\u1eef tinh hoa \u1ea9m th\u1ef1c x\u1ee9 Qu\u1ea3ng qua nhi\u1ec1u th\u1ebf h\u1ec7. Th\u1ef1c \u0111\u01a1n l\u00e0 s\u1ef1 k\u1ebft h\u1ee3p h\u00e0i h\u00f2a gi\u1eefa nguy\u00ean li\u1ec7u \u0111\u1ecba ph\u01b0\u01a1ng v\u00e0 h\u01b0\u01a1ng v\u1ecb \u0111\u1eb7c tr\u01b0ng mi\u1ec1n Trung Vi\u1ec7t Nam, th\u1ec3 hi\u1ec7n tr\u1ecdn v\u1eb9n n\u00e9t v\u0103n h\u00f3a, t\u00ecnh c\u1ea3m v\u00e0 s\u1ef1 m\u1ed9c m\u1ea1c c\u1ee7a con ng\u01b0\u1eddi Qu\u1ea3ng Nam.","og_url":"https:\/\/www.belmarinahoian.com\/vi\/dining\/quang-corner\/","og_site_name":"Bel Marina Hoi An","article_publisher":"https:\/\/www.facebook.com\/belmarinahoian.official","article_modified_time":"2026-04-28T07:31:30+00:00","og_image":[{"url":"https:\/\/www.belmarinahoian.com\/wp-content\/uploads\/sites\/132\/2026\/04\/Logo-Goc-Quang_Primary-logo-tach-nen-300x300.png"}],"twitter_card":"summary_large_image","twitter_misc":{"Est. reading time":"1 minute"},"schema":{"@context":"https:\/\/schema.org","@graph":[{"@type":"WebPage","@id":"https:\/\/www.belmarinahoian.com\/vi\/dining\/quang-corner\/","url":"https:\/\/www.belmarinahoian.com\/vi\/dining\/quang-corner\/","name":"Qu\u1ea3ng Corner | Bel Marina Hoi An","isPartOf":{"@id":"https:\/\/www.belmarinahoian.com\/vi\/#website"},"primaryImageOfPage":{"@id":"https:\/\/www.belmarinahoian.com\/vi\/dining\/quang-corner\/#primaryimage"},"image":{"@id":"https:\/\/www.belmarinahoian.com\/vi\/dining\/quang-corner\/#primaryimage"},"thumbnailUrl":"https:\/\/www.belmarinahoian.com\/wp-content\/uploads\/sites\/132\/2026\/04\/Logo-Goc-Quang_Primary-logo-tach-nen-300x300.png","datePublished":"2025-11-10T09:49:14+00:00","dateModified":"2026-04-28T07:31:30+00:00","description":"Qu\u1ea3ng Corner mang \u0111\u1eadm phong c\u00e1ch truy\u1ec1n th\u1ed1ng v\u1edbi kh\u00f4ng gian g\u1ea7n g\u0169i, n\u01a1i l\u01b0u gi\u1eef tinh hoa \u1ea9m th\u1ef1c x\u1ee9 Qu\u1ea3ng qua nhi\u1ec1u th\u1ebf h\u1ec7. Th\u1ef1c \u0111\u01a1n l\u00e0 s\u1ef1 k\u1ebft h\u1ee3p h\u00e0i h\u00f2a gi\u1eefa nguy\u00ean li\u1ec7u \u0111\u1ecba ph\u01b0\u01a1ng v\u00e0 h\u01b0\u01a1ng v\u1ecb \u0111\u1eb7c tr\u01b0ng mi\u1ec1n Trung Vi\u1ec7t Nam, th\u1ec3 hi\u1ec7n tr\u1ecdn v\u1eb9n n\u00e9t v\u0103n h\u00f3a, t\u00ecnh c\u1ea3m v\u00e0 s\u1ef1 m\u1ed9c m\u1ea1c c\u1ee7a con ng\u01b0\u1eddi Qu\u1ea3ng Nam.","breadcrumb":{"@id":"https:\/\/www.belmarinahoian.com\/vi\/dining\/quang-corner\/#breadcrumb"},"inLanguage":"vi-VN","potentialAction":[{"@type":"ReadAction","target":["https:\/\/www.belmarinahoian.com\/vi\/dining\/quang-corner\/"]}]},{"@type":"ImageObject","inLanguage":"vi-VN","@id":"https:\/\/www.belmarinahoian.com\/vi\/dining\/quang-corner\/#primaryimage","url":"https:\/\/www.belmarinahoian.com\/wp-content\/uploads\/sites\/132\/2026\/04\/Logo-Goc-Quang_Primary-logo-tach-nen.png","contentUrl":"https:\/\/www.belmarinahoian.com\/wp-content\/uploads\/sites\/132\/2026\/04\/Logo-Goc-Quang_Primary-logo-tach-nen.png","width":2049,"height":2049},{"@type":"BreadcrumbList","@id":"https:\/\/www.belmarinahoian.com\/vi\/dining\/quang-corner\/#breadcrumb","itemListElement":[{"@type":"ListItem","position":1,"name":"Home","item":"https:\/\/www.belmarinahoian.com\/vi\/"},{"@type":"ListItem","position":2,"name":"\u1ea8m Th\u1ef1c","item":"https:\/\/www.belmarinahoian.com\/vi\/dining\/"},{"@type":"ListItem","position":3,"name":"Qu\u1ea3ng Corner"}]},{"@type":"WebSite","@id":"https:\/\/www.belmarinahoian.com\/vi\/#website","url":"https:\/\/www.belmarinahoian.com\/vi\/","name":"Bel Marina Hoi An","description":"","potentialAction":[{"@type":"SearchAction","target":{"@type":"EntryPoint","urlTemplate":"https:\/\/www.belmarinahoian.com\/vi\/?s={search_term_string}"},"query-input":"required name=search_term_string"}],"inLanguage":"vi-VN"}]}},"acf":[],"_links":{"self":[{"href":"https:\/\/www.belmarinahoian.com\/vi\/wp-json\/wp\/v2\/pages\/241"}],"collection":[{"href":"https:\/\/www.belmarinahoian.com\/vi\/wp-json\/wp\/v2\/pages"}],"about":[{"href":"https:\/\/www.belmarinahoian.com\/vi\/wp-json\/wp\/v2\/types\/page"}],"author":[{"embeddable":true,"href":"https:\/\/www.belmarinahoian.com\/vi\/wp-json\/wp\/v2\/users\/90"}],"replies":[{"embeddable":true,"href":"https:\/\/www.belmarinahoian.com\/vi\/wp-json\/wp\/v2\/comments?post=241"}],"version-history":[{"count":0,"href":"https:\/\/www.belmarinahoian.com\/vi\/wp-json\/wp\/v2\/pages\/241\/revisions"}],"up":[{"embeddable":true,"href":"https:\/\/www.belmarinahoian.com\/vi\/wp-json\/wp\/v2\/pages\/238"}],"wp:attachment":[{"href":"https:\/\/www.belmarinahoian.com\/vi\/wp-json\/wp\/v2\/media?parent=241"}],"wp:term":[{"taxonomy":"category","embeddable":true,"href":"https:\/\/www.belmarinahoian.com\/vi\/wp-json\/wp\/v2\/categories?post=241"}],"curies":[{"name":"wp","href":"https:\/\/api.w.org\/{rel}","templated":true}]}}