{"id":240,"date":"2025-11-10T09:47:30","date_gmt":"2025-11-10T09:47:30","guid":{"rendered":"https:\/\/belmarinahoian.ms2.decms.asia\/dining\/bel-restaurant-terrace\/"},"modified":"2026-04-14T08:12:25","modified_gmt":"2026-04-14T08:12:25","slug":"bel-restaurant-terrace","status":"publish","type":"page","link":"https:\/\/www.belmarinahoian.com\/vi\/dining\/bel-restaurant-terrace\/","title":{"rendered":"Nh\u00e0 h\u00e0ng Bel &amp; Terrace"},"content":{"rendered":"<p>Nh\u00e0 h\u00e0ng Bel &amp; Terrace mang \u0111\u1ebfn tr\u1ea3i nghi\u1ec7m \u1ea9m th\u1ef1c c\u1ea3 ng\u00e0y, t\u1eeb b\u1eefa s\u00e1ng nh\u1eb9 nh\u00e0ng \u0111\u1ebfn b\u1eefa t\u1ed1i tinh t\u1ebf, v\u1edbi th\u1ef1c \u0111\u01a1n k\u1ebft h\u1ee3p gi\u1eefa tinh hoa \u1ea9m th\u1ef1c \u00c1 &#8211; \u00c2u, \u0111\u1eb7c bi\u1ec7t l\u00e0 h\u01b0\u01a1ng v\u1ecb Vi\u1ec7t Nam.<\/p>\n<p>T\u1ecda l\u1ea1c t\u1ea1i t\u1ea7ng 1, nh\u00e0 h\u00e0ng s\u1edf h\u1eefu kh\u00f4ng gian hi\u1ec7n \u0111\u1ea1i, tho\u00e1ng \u0111\u00e3ng, \u0111i\u1ec3m xuy\u1ebfn n\u00e9t duy\u00ean \u0111\u1eb7c tr\u01b0ng c\u1ee7a H\u1ed9i An. Khu v\u1ef1c b\u00e0n ri\u00eang c\u00f9ng v\u00e1ch ng\u0103n tinh t\u1ebf t\u1ea1o n\u00ean s\u1ef1 ri\u00eang t\u01b0 v\u1eeba \u0111\u1ee7, l\u00fd t\u01b0\u1edfng cho nh\u1eefng bu\u1ed5i g\u1eb7p g\u1ee1 th\u00e2n m\u1eadt, ti\u1ebfp \u0111\u00f3n \u0111\u1ed1i t\u00e1c hay nh\u1eefng b\u1eefa t\u1ed1i trang tr\u1ecdng.<\/p>\n","protected":false},"excerpt":{"rendered":"<p>Nh\u00e0 h\u00e0ng Bel &amp; Terrace mang \u0111\u1ebfn tr\u1ea3i nghi\u1ec7m \u1ea9m th\u1ef1c c\u1ea3 ng\u00e0y, t\u1eeb b\u1eefa s\u00e1ng nh\u1eb9 nh\u00e0ng \u0111\u1ebfn b\u1eefa t\u1ed1i tinh t\u1ebf, v\u1edbi th\u1ef1c \u0111\u01a1n k\u1ebft h\u1ee3p gi\u1eefa tinh hoa \u1ea9m th\u1ef1c \u00c1 &#8211; \u00c2u, \u0111\u1eb7c bi\u1ec7t l\u00e0 h\u01b0\u01a1ng v\u1ecb Vi\u1ec7t Nam. T\u1ecda l\u1ea1c t\u1ea1i t\u1ea7ng 1, nh\u00e0 h\u00e0ng s\u1edf h\u1eefu kh\u00f4ng gian hi\u1ec7n [&hellip;]<\/p>\n","protected":false},"author":90,"featured_media":0,"parent":238,"menu_order":1,"comment_status":"closed","ping_status":"closed","template":"template-single-restaurant.php","meta":{"footnotes":""},"categories":[],"yoast_head":"<!-- This site is optimized with the Yoast SEO plugin v22.3 - https:\/\/yoast.com\/wordpress\/plugins\/seo\/ -->\n<title>Nh\u00e0 h\u00e0ng Bel &amp; Terrace<\/title>\n<meta name=\"description\" content=\"Th\u01b0\u1edfng th\u1ee9c \u1ea9m th\u1ef1c \u00c1 \u2013 \u00c2u tr\u1ecdn ng\u00e0y trong kh\u00f4ng gian hi\u1ec7n \u0111\u1ea1i v\u00e0 th\u01b0 gi\u00e3n t\u1ea1i Bel Marina H\u1ed9i An.\" \/>\n<meta name=\"robots\" content=\"index, follow, max-snippet:-1, max-image-preview:large, max-video-preview:-1\" \/>\n<link rel=\"canonical\" href=\"https:\/\/www.belmarinahoian.com\/vi\/dining\/bel-restaurant-terrace\/\" \/>\n<meta property=\"og:locale\" content=\"vi_VN\" \/>\n<meta property=\"og:type\" content=\"article\" \/>\n<meta property=\"og:title\" content=\"Nh\u00e0 h\u00e0ng Bel &amp; Terrace\" \/>\n<meta property=\"og:description\" content=\"Th\u01b0\u1edfng th\u1ee9c \u1ea9m th\u1ef1c \u00c1 \u2013 \u00c2u tr\u1ecdn ng\u00e0y trong kh\u00f4ng gian hi\u1ec7n \u0111\u1ea1i v\u00e0 th\u01b0 gi\u00e3n t\u1ea1i Bel Marina H\u1ed9i An.\" \/>\n<meta property=\"og:url\" content=\"https:\/\/www.belmarinahoian.com\/vi\/dining\/bel-restaurant-terrace\/\" \/>\n<meta property=\"og:site_name\" content=\"Bel Marina Hoi An\" \/>\n<meta property=\"article:publisher\" content=\"https:\/\/www.facebook.com\/belmarinahoian.official\" \/>\n<meta property=\"article:modified_time\" content=\"2026-04-14T08:12:25+00:00\" \/>\n<meta name=\"twitter:card\" content=\"summary_large_image\" \/>\n<meta name=\"twitter:label1\" content=\"Est. reading time\" \/>\n\t<meta name=\"twitter:data1\" content=\"1 minute\" \/>\n<script type=\"application\/ld+json\" class=\"yoast-schema-graph\">{\"@context\":\"https:\/\/schema.org\",\"@graph\":[{\"@type\":\"WebPage\",\"@id\":\"https:\/\/www.belmarinahoian.com\/vi\/dining\/bel-restaurant-terrace\/\",\"url\":\"https:\/\/www.belmarinahoian.com\/vi\/dining\/bel-restaurant-terrace\/\",\"name\":\"Nh\u00e0 h\u00e0ng Bel & Terrace\",\"isPartOf\":{\"@id\":\"https:\/\/www.belmarinahoian.com\/vi\/#website\"},\"datePublished\":\"2025-11-10T09:47:30+00:00\",\"dateModified\":\"2026-04-14T08:12:25+00:00\",\"description\":\"Th\u01b0\u1edfng th\u1ee9c \u1ea9m th\u1ef1c \u00c1 \u2013 \u00c2u tr\u1ecdn ng\u00e0y trong kh\u00f4ng gian hi\u1ec7n \u0111\u1ea1i v\u00e0 th\u01b0 gi\u00e3n t\u1ea1i Bel Marina H\u1ed9i An.\",\"breadcrumb\":{\"@id\":\"https:\/\/www.belmarinahoian.com\/vi\/dining\/bel-restaurant-terrace\/#breadcrumb\"},\"inLanguage\":\"vi-VN\",\"potentialAction\":[{\"@type\":\"ReadAction\",\"target\":[\"https:\/\/www.belmarinahoian.com\/vi\/dining\/bel-restaurant-terrace\/\"]}]},{\"@type\":\"BreadcrumbList\",\"@id\":\"https:\/\/www.belmarinahoian.com\/vi\/dining\/bel-restaurant-terrace\/#breadcrumb\",\"itemListElement\":[{\"@type\":\"ListItem\",\"position\":1,\"name\":\"Home\",\"item\":\"https:\/\/www.belmarinahoian.com\/vi\/\"},{\"@type\":\"ListItem\",\"position\":2,\"name\":\"\u1ea8m Th\u1ef1c\",\"item\":\"https:\/\/www.belmarinahoian.com\/vi\/dining\/\"},{\"@type\":\"ListItem\",\"position\":3,\"name\":\"Nh\u00e0 h\u00e0ng Bel &amp; Terrace\"}]},{\"@type\":\"WebSite\",\"@id\":\"https:\/\/www.belmarinahoian.com\/vi\/#website\",\"url\":\"https:\/\/www.belmarinahoian.com\/vi\/\",\"name\":\"Bel Marina Hoi An\",\"description\":\"\",\"potentialAction\":[{\"@type\":\"SearchAction\",\"target\":{\"@type\":\"EntryPoint\",\"urlTemplate\":\"https:\/\/www.belmarinahoian.com\/vi\/?s={search_term_string}\"},\"query-input\":\"required name=search_term_string\"}],\"inLanguage\":\"vi-VN\"}]}<\/script>\n<!-- \/ Yoast SEO plugin. -->","yoast_head_json":{"title":"Nh\u00e0 h\u00e0ng Bel & Terrace","description":"Th\u01b0\u1edfng th\u1ee9c \u1ea9m th\u1ef1c \u00c1 \u2013 \u00c2u tr\u1ecdn ng\u00e0y trong kh\u00f4ng gian hi\u1ec7n \u0111\u1ea1i v\u00e0 th\u01b0 gi\u00e3n t\u1ea1i Bel Marina H\u1ed9i An.","robots":{"index":"index","follow":"follow","max-snippet":"max-snippet:-1","max-image-preview":"max-image-preview:large","max-video-preview":"max-video-preview:-1"},"canonical":"https:\/\/www.belmarinahoian.com\/vi\/dining\/bel-restaurant-terrace\/","og_locale":"vi_VN","og_type":"article","og_title":"Nh\u00e0 h\u00e0ng Bel & Terrace","og_description":"Th\u01b0\u1edfng th\u1ee9c \u1ea9m th\u1ef1c \u00c1 \u2013 \u00c2u tr\u1ecdn ng\u00e0y trong kh\u00f4ng gian hi\u1ec7n \u0111\u1ea1i v\u00e0 th\u01b0 gi\u00e3n t\u1ea1i Bel Marina H\u1ed9i An.","og_url":"https:\/\/www.belmarinahoian.com\/vi\/dining\/bel-restaurant-terrace\/","og_site_name":"Bel Marina Hoi An","article_publisher":"https:\/\/www.facebook.com\/belmarinahoian.official","article_modified_time":"2026-04-14T08:12:25+00:00","twitter_card":"summary_large_image","twitter_misc":{"Est. reading time":"1 minute"},"schema":{"@context":"https:\/\/schema.org","@graph":[{"@type":"WebPage","@id":"https:\/\/www.belmarinahoian.com\/vi\/dining\/bel-restaurant-terrace\/","url":"https:\/\/www.belmarinahoian.com\/vi\/dining\/bel-restaurant-terrace\/","name":"Nh\u00e0 h\u00e0ng Bel & Terrace","isPartOf":{"@id":"https:\/\/www.belmarinahoian.com\/vi\/#website"},"datePublished":"2025-11-10T09:47:30+00:00","dateModified":"2026-04-14T08:12:25+00:00","description":"Th\u01b0\u1edfng th\u1ee9c \u1ea9m th\u1ef1c \u00c1 \u2013 \u00c2u tr\u1ecdn ng\u00e0y trong kh\u00f4ng gian hi\u1ec7n \u0111\u1ea1i v\u00e0 th\u01b0 gi\u00e3n t\u1ea1i Bel Marina H\u1ed9i An.","breadcrumb":{"@id":"https:\/\/www.belmarinahoian.com\/vi\/dining\/bel-restaurant-terrace\/#breadcrumb"},"inLanguage":"vi-VN","potentialAction":[{"@type":"ReadAction","target":["https:\/\/www.belmarinahoian.com\/vi\/dining\/bel-restaurant-terrace\/"]}]},{"@type":"BreadcrumbList","@id":"https:\/\/www.belmarinahoian.com\/vi\/dining\/bel-restaurant-terrace\/#breadcrumb","itemListElement":[{"@type":"ListItem","position":1,"name":"Home","item":"https:\/\/www.belmarinahoian.com\/vi\/"},{"@type":"ListItem","position":2,"name":"\u1ea8m Th\u1ef1c","item":"https:\/\/www.belmarinahoian.com\/vi\/dining\/"},{"@type":"ListItem","position":3,"name":"Nh\u00e0 h\u00e0ng Bel &amp; Terrace"}]},{"@type":"WebSite","@id":"https:\/\/www.belmarinahoian.com\/vi\/#website","url":"https:\/\/www.belmarinahoian.com\/vi\/","name":"Bel Marina Hoi An","description":"","potentialAction":[{"@type":"SearchAction","target":{"@type":"EntryPoint","urlTemplate":"https:\/\/www.belmarinahoian.com\/vi\/?s={search_term_string}"},"query-input":"required name=search_term_string"}],"inLanguage":"vi-VN"}]}},"acf":[],"_links":{"self":[{"href":"https:\/\/www.belmarinahoian.com\/vi\/wp-json\/wp\/v2\/pages\/240"}],"collection":[{"href":"https:\/\/www.belmarinahoian.com\/vi\/wp-json\/wp\/v2\/pages"}],"about":[{"href":"https:\/\/www.belmarinahoian.com\/vi\/wp-json\/wp\/v2\/types\/page"}],"author":[{"embeddable":true,"href":"https:\/\/www.belmarinahoian.com\/vi\/wp-json\/wp\/v2\/users\/90"}],"replies":[{"embeddable":true,"href":"https:\/\/www.belmarinahoian.com\/vi\/wp-json\/wp\/v2\/comments?post=240"}],"version-history":[{"count":0,"href":"https:\/\/www.belmarinahoian.com\/vi\/wp-json\/wp\/v2\/pages\/240\/revisions"}],"up":[{"embeddable":true,"href":"https:\/\/www.belmarinahoian.com\/vi\/wp-json\/wp\/v2\/pages\/238"}],"wp:attachment":[{"href":"https:\/\/www.belmarinahoian.com\/vi\/wp-json\/wp\/v2\/media?parent=240"}],"wp:term":[{"taxonomy":"category","embeddable":true,"href":"https:\/\/www.belmarinahoian.com\/vi\/wp-json\/wp\/v2\/categories?post=240"}],"curies":[{"name":"wp","href":"https:\/\/api.w.org\/{rel}","templated":true}]}}