{"id":238,"date":"2025-11-10T09:43:58","date_gmt":"2025-11-10T09:43:58","guid":{"rendered":"https:\/\/belmarinahoian.ms2.decms.asia\/dining\/"},"modified":"2026-04-14T02:33:24","modified_gmt":"2026-04-14T02:33:24","slug":"dining","status":"publish","type":"page","link":"https:\/\/www.belmarinahoian.com\/vi\/dining\/","title":{"rendered":"\u1ea8m Th\u1ef1c"},"content":{"rendered":"<p>T\u1eadn h\u01b0\u1edfng nh\u1eefng kho\u1ea3nh kh\u1eafc \u0111\u00e1nh th\u1ee9c m\u1ecdi gi\u00e1c quan, t\u1eeb b\u1eefa s\u00e1ng b\u00ean s\u00f4ng ng\u1eadp tr\u00e0n n\u1eafng s\u1edbm \u0111\u1ebfn b\u1eefa t\u1ed1i \u1ea5m c\u00fang d\u01b0\u1edbi \u00e1nh n\u1ebfn v\u00e0 b\u1ea7u tr\u1eddi sao.<\/p>\n<p>M\u1ed7i m\u00f3n \u0103n \u0111\u01b0\u1ee3c ch\u1ebf bi\u1ebfn t\u1ec9 m\u1ec9, t\u00f4n vinh h\u01b0\u01a1ng v\u1ecb \u0111\u1ecba ph\u01b0\u01a1ng, k\u1ebft h\u1ee3p h\u00e0i h\u00f2a c\u00f9ng phong c\u00e1ch \u1ea9m th\u1ef1c qu\u1ed1c t\u1ebf nh\u1eb1m mang \u0111\u1ebfn tr\u1ea3i nghi\u1ec7m tr\u1ecdn v\u1eb9n cho th\u1ef1c kh\u00e1ch.<\/p>\n","protected":false},"excerpt":{"rendered":"<p>T\u1eadn h\u01b0\u1edfng nh\u1eefng kho\u1ea3nh kh\u1eafc \u0111\u00e1nh th\u1ee9c m\u1ecdi gi\u00e1c quan, t\u1eeb b\u1eefa s\u00e1ng b\u00ean s\u00f4ng ng\u1eadp tr\u00e0n n\u1eafng s\u1edbm \u0111\u1ebfn b\u1eefa t\u1ed1i \u1ea5m c\u00fang d\u01b0\u1edbi \u00e1nh n\u1ebfn v\u00e0 b\u1ea7u tr\u1eddi sao. M\u1ed7i m\u00f3n \u0103n \u0111\u01b0\u1ee3c ch\u1ebf bi\u1ebfn t\u1ec9 m\u1ec9, t\u00f4n vinh h\u01b0\u01a1ng v\u1ecb \u0111\u1ecba ph\u01b0\u01a1ng, k\u1ebft h\u1ee3p h\u00e0i h\u00f2a c\u00f9ng phong c\u00e1ch \u1ea9m th\u1ef1c qu\u1ed1c [&hellip;]<\/p>\n","protected":false},"author":90,"featured_media":0,"parent":0,"menu_order":0,"comment_status":"closed","ping_status":"closed","template":"template-restaurants.php","meta":{"footnotes":""},"categories":[],"yoast_head":"<!-- This site is optimized with the Yoast SEO plugin v22.3 - https:\/\/yoast.com\/wordpress\/plugins\/seo\/ -->\n<title>\u1ea8m Th\u1ef1c - Bel Marina Hoi An<\/title>\n<meta name=\"robots\" content=\"index, follow, max-snippet:-1, max-image-preview:large, max-video-preview:-1\" \/>\n<link rel=\"canonical\" href=\"https:\/\/www.belmarinahoian.com\/vi\/dining\/\" \/>\n<meta property=\"og:locale\" content=\"vi_VN\" \/>\n<meta property=\"og:type\" content=\"article\" \/>\n<meta property=\"og:title\" content=\"\u1ea8m Th\u1ef1c - Bel Marina Hoi An\" \/>\n<meta property=\"og:description\" content=\"T\u1eadn h\u01b0\u1edfng nh\u1eefng kho\u1ea3nh kh\u1eafc \u0111\u00e1nh th\u1ee9c m\u1ecdi gi\u00e1c quan, t\u1eeb b\u1eefa s\u00e1ng b\u00ean s\u00f4ng ng\u1eadp tr\u00e0n n\u1eafng s\u1edbm \u0111\u1ebfn b\u1eefa t\u1ed1i \u1ea5m c\u00fang d\u01b0\u1edbi \u00e1nh n\u1ebfn v\u00e0 b\u1ea7u tr\u1eddi sao. M\u1ed7i m\u00f3n \u0103n \u0111\u01b0\u1ee3c ch\u1ebf bi\u1ebfn t\u1ec9 m\u1ec9, t\u00f4n vinh h\u01b0\u01a1ng v\u1ecb \u0111\u1ecba ph\u01b0\u01a1ng, k\u1ebft h\u1ee3p h\u00e0i h\u00f2a c\u00f9ng phong c\u00e1ch \u1ea9m th\u1ef1c qu\u1ed1c [&hellip;]\" \/>\n<meta property=\"og:url\" content=\"https:\/\/www.belmarinahoian.com\/vi\/dining\/\" \/>\n<meta property=\"og:site_name\" content=\"Bel Marina Hoi An\" \/>\n<meta property=\"article:publisher\" content=\"https:\/\/www.facebook.com\/belmarinahoian.official\" \/>\n<meta property=\"article:modified_time\" content=\"2026-04-14T02:33:24+00:00\" \/>\n<meta name=\"twitter:card\" content=\"summary_large_image\" \/>\n<meta name=\"twitter:label1\" content=\"Est. reading time\" \/>\n\t<meta name=\"twitter:data1\" content=\"1 minute\" \/>\n<script type=\"application\/ld+json\" class=\"yoast-schema-graph\">{\"@context\":\"https:\/\/schema.org\",\"@graph\":[{\"@type\":\"WebPage\",\"@id\":\"https:\/\/www.belmarinahoian.com\/vi\/dining\/\",\"url\":\"https:\/\/www.belmarinahoian.com\/vi\/dining\/\",\"name\":\"\u1ea8m Th\u1ef1c - Bel Marina Hoi An\",\"isPartOf\":{\"@id\":\"https:\/\/www.belmarinahoian.com\/vi\/#website\"},\"datePublished\":\"2025-11-10T09:43:58+00:00\",\"dateModified\":\"2026-04-14T02:33:24+00:00\",\"breadcrumb\":{\"@id\":\"https:\/\/www.belmarinahoian.com\/vi\/dining\/#breadcrumb\"},\"inLanguage\":\"vi-VN\",\"potentialAction\":[{\"@type\":\"ReadAction\",\"target\":[\"https:\/\/www.belmarinahoian.com\/vi\/dining\/\"]}]},{\"@type\":\"BreadcrumbList\",\"@id\":\"https:\/\/www.belmarinahoian.com\/vi\/dining\/#breadcrumb\",\"itemListElement\":[{\"@type\":\"ListItem\",\"position\":1,\"name\":\"Home\",\"item\":\"https:\/\/www.belmarinahoian.com\/vi\/\"},{\"@type\":\"ListItem\",\"position\":2,\"name\":\"\u1ea8m Th\u1ef1c\"}]},{\"@type\":\"WebSite\",\"@id\":\"https:\/\/www.belmarinahoian.com\/vi\/#website\",\"url\":\"https:\/\/www.belmarinahoian.com\/vi\/\",\"name\":\"Bel Marina Hoi An\",\"description\":\"\",\"potentialAction\":[{\"@type\":\"SearchAction\",\"target\":{\"@type\":\"EntryPoint\",\"urlTemplate\":\"https:\/\/www.belmarinahoian.com\/vi\/?s={search_term_string}\"},\"query-input\":\"required name=search_term_string\"}],\"inLanguage\":\"vi-VN\"}]}<\/script>\n<!-- \/ Yoast SEO plugin. -->","yoast_head_json":{"title":"\u1ea8m Th\u1ef1c - Bel Marina Hoi An","robots":{"index":"index","follow":"follow","max-snippet":"max-snippet:-1","max-image-preview":"max-image-preview:large","max-video-preview":"max-video-preview:-1"},"canonical":"https:\/\/www.belmarinahoian.com\/vi\/dining\/","og_locale":"vi_VN","og_type":"article","og_title":"\u1ea8m Th\u1ef1c - Bel Marina Hoi An","og_description":"T\u1eadn h\u01b0\u1edfng nh\u1eefng kho\u1ea3nh kh\u1eafc \u0111\u00e1nh th\u1ee9c m\u1ecdi gi\u00e1c quan, t\u1eeb b\u1eefa s\u00e1ng b\u00ean s\u00f4ng ng\u1eadp tr\u00e0n n\u1eafng s\u1edbm \u0111\u1ebfn b\u1eefa t\u1ed1i \u1ea5m c\u00fang d\u01b0\u1edbi \u00e1nh n\u1ebfn v\u00e0 b\u1ea7u tr\u1eddi sao. M\u1ed7i m\u00f3n \u0103n \u0111\u01b0\u1ee3c ch\u1ebf bi\u1ebfn t\u1ec9 m\u1ec9, t\u00f4n vinh h\u01b0\u01a1ng v\u1ecb \u0111\u1ecba ph\u01b0\u01a1ng, k\u1ebft h\u1ee3p h\u00e0i h\u00f2a c\u00f9ng phong c\u00e1ch \u1ea9m th\u1ef1c qu\u1ed1c [&hellip;]","og_url":"https:\/\/www.belmarinahoian.com\/vi\/dining\/","og_site_name":"Bel Marina Hoi An","article_publisher":"https:\/\/www.facebook.com\/belmarinahoian.official","article_modified_time":"2026-04-14T02:33:24+00:00","twitter_card":"summary_large_image","twitter_misc":{"Est. reading time":"1 minute"},"schema":{"@context":"https:\/\/schema.org","@graph":[{"@type":"WebPage","@id":"https:\/\/www.belmarinahoian.com\/vi\/dining\/","url":"https:\/\/www.belmarinahoian.com\/vi\/dining\/","name":"\u1ea8m Th\u1ef1c - Bel Marina Hoi An","isPartOf":{"@id":"https:\/\/www.belmarinahoian.com\/vi\/#website"},"datePublished":"2025-11-10T09:43:58+00:00","dateModified":"2026-04-14T02:33:24+00:00","breadcrumb":{"@id":"https:\/\/www.belmarinahoian.com\/vi\/dining\/#breadcrumb"},"inLanguage":"vi-VN","potentialAction":[{"@type":"ReadAction","target":["https:\/\/www.belmarinahoian.com\/vi\/dining\/"]}]},{"@type":"BreadcrumbList","@id":"https:\/\/www.belmarinahoian.com\/vi\/dining\/#breadcrumb","itemListElement":[{"@type":"ListItem","position":1,"name":"Home","item":"https:\/\/www.belmarinahoian.com\/vi\/"},{"@type":"ListItem","position":2,"name":"\u1ea8m Th\u1ef1c"}]},{"@type":"WebSite","@id":"https:\/\/www.belmarinahoian.com\/vi\/#website","url":"https:\/\/www.belmarinahoian.com\/vi\/","name":"Bel Marina Hoi An","description":"","potentialAction":[{"@type":"SearchAction","target":{"@type":"EntryPoint","urlTemplate":"https:\/\/www.belmarinahoian.com\/vi\/?s={search_term_string}"},"query-input":"required name=search_term_string"}],"inLanguage":"vi-VN"}]}},"acf":[],"_links":{"self":[{"href":"https:\/\/www.belmarinahoian.com\/vi\/wp-json\/wp\/v2\/pages\/238"}],"collection":[{"href":"https:\/\/www.belmarinahoian.com\/vi\/wp-json\/wp\/v2\/pages"}],"about":[{"href":"https:\/\/www.belmarinahoian.com\/vi\/wp-json\/wp\/v2\/types\/page"}],"author":[{"embeddable":true,"href":"https:\/\/www.belmarinahoian.com\/vi\/wp-json\/wp\/v2\/users\/90"}],"replies":[{"embeddable":true,"href":"https:\/\/www.belmarinahoian.com\/vi\/wp-json\/wp\/v2\/comments?post=238"}],"version-history":[{"count":0,"href":"https:\/\/www.belmarinahoian.com\/vi\/wp-json\/wp\/v2\/pages\/238\/revisions"}],"wp:attachment":[{"href":"https:\/\/www.belmarinahoian.com\/vi\/wp-json\/wp\/v2\/media?parent=238"}],"wp:term":[{"taxonomy":"category","embeddable":true,"href":"https:\/\/www.belmarinahoian.com\/vi\/wp-json\/wp\/v2\/categories?post=238"}],"curies":[{"name":"wp","href":"https:\/\/api.w.org\/{rel}","templated":true}]}}