{"id":236,"date":"2025-11-10T09:41:20","date_gmt":"2025-11-10T09:41:20","guid":{"rendered":"https:\/\/belmarinahoian.ms2.decms.asia\/room-suite-villas\/premier-suite\/"},"modified":"2026-04-15T02:32:16","modified_gmt":"2026-04-15T02:32:16","slug":"premier-suite","status":"publish","type":"page","link":"https:\/\/www.belmarinahoian.com\/vi\/room-suite-villas\/premier-suite\/","title":{"rendered":"Premier Suite"},"content":{"rendered":"<p>Premier Suite (70 m\u00b2) mang \u0111\u1ebfn kh\u00f4ng gian ngh\u1ec9 d\u01b0\u1ee1ng cao c\u1ea5p v\u1edbi thi\u1ebft k\u1ebf tinh t\u1ebf v\u00e0 c\u1ea3m gi\u00e1c ri\u00eang t\u01b0 tuy\u1ec7t \u0111\u1ed1i. Kh\u00f4ng gian ph\u00f2ng ng\u1ee7 r\u1ed9ng r\u00e3i v\u1edbi ph\u00f2ng kh\u00e1ch t\u00e1ch bi\u1ec7t h\u01b0\u1edbng ra c\u1ea3nh quan xanh m\u00e1t, t\u1ea1o n\u00ean tr\u1ea3i nghi\u1ec7m l\u01b0u tr\u00fa th\u01b0 th\u00e1i v\u00e0 tho\u1ea3i m\u00e1i.<\/p>\n<p>Ph\u00f2ng ng\u1ee7 \u0111\u01b0\u1ee3c ch\u0103m ch\u00fat v\u1edbi gi\u01b0\u1eddng \u00eam \u00e1i, k\u1ebft h\u1ee3p c\u00f9ng ph\u00f2ng t\u1eafm m\u1edf sang tr\u1ecdng, trang b\u1ecb v\u00f2i sen v\u00e0 b\u1ed3n t\u1eafm cao c\u1ea5p, mang \u0111\u1ebfn nh\u1eefng ph\u00fat gi\u00e2y th\u01b0 gi\u00e3n tr\u1ecdn v\u1eb9n. H\u1ec7 c\u1eeda s\u1ed5 l\u1edbn \u0111\u00f3n \u00e1nh s\u00e1ng t\u1ef1 nhi\u00ean, m\u1edf ra t\u1ea7m nh\u00ecn tho\u00e1ng \u0111\u00e3ng ra khu ph\u1ed1 xung quanh.<\/p>\n","protected":false},"excerpt":{"rendered":"<p>Premier Suite (70 m\u00b2) mang \u0111\u1ebfn kh\u00f4ng gian ngh\u1ec9 d\u01b0\u1ee1ng cao c\u1ea5p v\u1edbi thi\u1ebft k\u1ebf tinh t\u1ebf v\u00e0 c\u1ea3m gi\u00e1c ri\u00eang t\u01b0 tuy\u1ec7t \u0111\u1ed1i. Kh\u00f4ng gian ph\u00f2ng ng\u1ee7 r\u1ed9ng r\u00e3i v\u1edbi ph\u00f2ng kh\u00e1ch t\u00e1ch bi\u1ec7t h\u01b0\u1edbng ra c\u1ea3nh quan xanh m\u00e1t, t\u1ea1o n\u00ean tr\u1ea3i nghi\u1ec7m l\u01b0u tr\u00fa th\u01b0 th\u00e1i v\u00e0 tho\u1ea3i m\u00e1i. Ph\u00f2ng ng\u1ee7 \u0111\u01b0\u1ee3c [&hellip;]<\/p>\n","protected":false},"author":90,"featured_media":0,"parent":215,"menu_order":13,"comment_status":"closed","ping_status":"closed","template":"template-single-room.php","meta":{"footnotes":""},"categories":[],"yoast_head":"<!-- This site is optimized with the Yoast SEO plugin v22.3 - https:\/\/yoast.com\/wordpress\/plugins\/seo\/ -->\n<title>Premier Suite - Bel Marina Hoi An<\/title>\n<meta name=\"robots\" content=\"index, follow, max-snippet:-1, max-image-preview:large, max-video-preview:-1\" \/>\n<link rel=\"canonical\" href=\"https:\/\/www.belmarinahoian.com\/vi\/room-suite-villas\/premier-suite\/\" \/>\n<meta property=\"og:locale\" content=\"vi_VN\" \/>\n<meta property=\"og:type\" content=\"article\" \/>\n<meta property=\"og:title\" content=\"Premier Suite - Bel Marina Hoi An\" \/>\n<meta property=\"og:description\" content=\"Premier Suite (70 m\u00b2) mang \u0111\u1ebfn kh\u00f4ng gian ngh\u1ec9 d\u01b0\u1ee1ng cao c\u1ea5p v\u1edbi thi\u1ebft k\u1ebf tinh t\u1ebf v\u00e0 c\u1ea3m gi\u00e1c ri\u00eang t\u01b0 tuy\u1ec7t \u0111\u1ed1i. Kh\u00f4ng gian ph\u00f2ng ng\u1ee7 r\u1ed9ng r\u00e3i v\u1edbi ph\u00f2ng kh\u00e1ch t\u00e1ch bi\u1ec7t h\u01b0\u1edbng ra c\u1ea3nh quan xanh m\u00e1t, t\u1ea1o n\u00ean tr\u1ea3i nghi\u1ec7m l\u01b0u tr\u00fa th\u01b0 th\u00e1i v\u00e0 tho\u1ea3i m\u00e1i. Ph\u00f2ng ng\u1ee7 \u0111\u01b0\u1ee3c [&hellip;]\" \/>\n<meta property=\"og:url\" content=\"https:\/\/www.belmarinahoian.com\/vi\/room-suite-villas\/premier-suite\/\" \/>\n<meta property=\"og:site_name\" content=\"Bel Marina Hoi An\" \/>\n<meta property=\"article:publisher\" content=\"https:\/\/www.facebook.com\/belmarinahoian.official\" \/>\n<meta property=\"article:modified_time\" content=\"2026-04-15T02:32:16+00:00\" \/>\n<meta name=\"twitter:card\" content=\"summary_large_image\" \/>\n<meta name=\"twitter:label1\" content=\"Est. reading time\" \/>\n\t<meta name=\"twitter:data1\" content=\"1 minute\" \/>\n<script type=\"application\/ld+json\" class=\"yoast-schema-graph\">{\"@context\":\"https:\/\/schema.org\",\"@graph\":[{\"@type\":\"WebPage\",\"@id\":\"https:\/\/www.belmarinahoian.com\/vi\/room-suite-villas\/premier-suite\/\",\"url\":\"https:\/\/www.belmarinahoian.com\/vi\/room-suite-villas\/premier-suite\/\",\"name\":\"Premier Suite - Bel Marina Hoi An\",\"isPartOf\":{\"@id\":\"https:\/\/www.belmarinahoian.com\/vi\/#website\"},\"datePublished\":\"2025-11-10T09:41:20+00:00\",\"dateModified\":\"2026-04-15T02:32:16+00:00\",\"breadcrumb\":{\"@id\":\"https:\/\/www.belmarinahoian.com\/vi\/room-suite-villas\/premier-suite\/#breadcrumb\"},\"inLanguage\":\"vi-VN\",\"potentialAction\":[{\"@type\":\"ReadAction\",\"target\":[\"https:\/\/www.belmarinahoian.com\/vi\/room-suite-villas\/premier-suite\/\"]}]},{\"@type\":\"BreadcrumbList\",\"@id\":\"https:\/\/www.belmarinahoian.com\/vi\/room-suite-villas\/premier-suite\/#breadcrumb\",\"itemListElement\":[{\"@type\":\"ListItem\",\"position\":1,\"name\":\"Home\",\"item\":\"https:\/\/www.belmarinahoian.com\/vi\/\"},{\"@type\":\"ListItem\",\"position\":2,\"name\":\"Ph\u00f2ng, Suite &amp; Villa\",\"item\":\"https:\/\/www.belmarinahoian.com\/vi\/room-suite-villas\/\"},{\"@type\":\"ListItem\",\"position\":3,\"name\":\"Premier Suite\"}]},{\"@type\":\"WebSite\",\"@id\":\"https:\/\/www.belmarinahoian.com\/vi\/#website\",\"url\":\"https:\/\/www.belmarinahoian.com\/vi\/\",\"name\":\"Bel Marina Hoi An\",\"description\":\"\",\"potentialAction\":[{\"@type\":\"SearchAction\",\"target\":{\"@type\":\"EntryPoint\",\"urlTemplate\":\"https:\/\/www.belmarinahoian.com\/vi\/?s={search_term_string}\"},\"query-input\":\"required name=search_term_string\"}],\"inLanguage\":\"vi-VN\"}]}<\/script>\n<!-- \/ Yoast SEO plugin. -->","yoast_head_json":{"title":"Premier Suite - Bel Marina Hoi An","robots":{"index":"index","follow":"follow","max-snippet":"max-snippet:-1","max-image-preview":"max-image-preview:large","max-video-preview":"max-video-preview:-1"},"canonical":"https:\/\/www.belmarinahoian.com\/vi\/room-suite-villas\/premier-suite\/","og_locale":"vi_VN","og_type":"article","og_title":"Premier Suite - Bel Marina Hoi An","og_description":"Premier Suite (70 m\u00b2) mang \u0111\u1ebfn kh\u00f4ng gian ngh\u1ec9 d\u01b0\u1ee1ng cao c\u1ea5p v\u1edbi thi\u1ebft k\u1ebf tinh t\u1ebf v\u00e0 c\u1ea3m gi\u00e1c ri\u00eang t\u01b0 tuy\u1ec7t \u0111\u1ed1i. Kh\u00f4ng gian ph\u00f2ng ng\u1ee7 r\u1ed9ng r\u00e3i v\u1edbi ph\u00f2ng kh\u00e1ch t\u00e1ch bi\u1ec7t h\u01b0\u1edbng ra c\u1ea3nh quan xanh m\u00e1t, t\u1ea1o n\u00ean tr\u1ea3i nghi\u1ec7m l\u01b0u tr\u00fa th\u01b0 th\u00e1i v\u00e0 tho\u1ea3i m\u00e1i. Ph\u00f2ng ng\u1ee7 \u0111\u01b0\u1ee3c [&hellip;]","og_url":"https:\/\/www.belmarinahoian.com\/vi\/room-suite-villas\/premier-suite\/","og_site_name":"Bel Marina Hoi An","article_publisher":"https:\/\/www.facebook.com\/belmarinahoian.official","article_modified_time":"2026-04-15T02:32:16+00:00","twitter_card":"summary_large_image","twitter_misc":{"Est. reading time":"1 minute"},"schema":{"@context":"https:\/\/schema.org","@graph":[{"@type":"WebPage","@id":"https:\/\/www.belmarinahoian.com\/vi\/room-suite-villas\/premier-suite\/","url":"https:\/\/www.belmarinahoian.com\/vi\/room-suite-villas\/premier-suite\/","name":"Premier Suite - Bel Marina Hoi An","isPartOf":{"@id":"https:\/\/www.belmarinahoian.com\/vi\/#website"},"datePublished":"2025-11-10T09:41:20+00:00","dateModified":"2026-04-15T02:32:16+00:00","breadcrumb":{"@id":"https:\/\/www.belmarinahoian.com\/vi\/room-suite-villas\/premier-suite\/#breadcrumb"},"inLanguage":"vi-VN","potentialAction":[{"@type":"ReadAction","target":["https:\/\/www.belmarinahoian.com\/vi\/room-suite-villas\/premier-suite\/"]}]},{"@type":"BreadcrumbList","@id":"https:\/\/www.belmarinahoian.com\/vi\/room-suite-villas\/premier-suite\/#breadcrumb","itemListElement":[{"@type":"ListItem","position":1,"name":"Home","item":"https:\/\/www.belmarinahoian.com\/vi\/"},{"@type":"ListItem","position":2,"name":"Ph\u00f2ng, Suite &amp; Villa","item":"https:\/\/www.belmarinahoian.com\/vi\/room-suite-villas\/"},{"@type":"ListItem","position":3,"name":"Premier Suite"}]},{"@type":"WebSite","@id":"https:\/\/www.belmarinahoian.com\/vi\/#website","url":"https:\/\/www.belmarinahoian.com\/vi\/","name":"Bel Marina Hoi An","description":"","potentialAction":[{"@type":"SearchAction","target":{"@type":"EntryPoint","urlTemplate":"https:\/\/www.belmarinahoian.com\/vi\/?s={search_term_string}"},"query-input":"required name=search_term_string"}],"inLanguage":"vi-VN"}]}},"acf":[],"_links":{"self":[{"href":"https:\/\/www.belmarinahoian.com\/vi\/wp-json\/wp\/v2\/pages\/236"}],"collection":[{"href":"https:\/\/www.belmarinahoian.com\/vi\/wp-json\/wp\/v2\/pages"}],"about":[{"href":"https:\/\/www.belmarinahoian.com\/vi\/wp-json\/wp\/v2\/types\/page"}],"author":[{"embeddable":true,"href":"https:\/\/www.belmarinahoian.com\/vi\/wp-json\/wp\/v2\/users\/90"}],"replies":[{"embeddable":true,"href":"https:\/\/www.belmarinahoian.com\/vi\/wp-json\/wp\/v2\/comments?post=236"}],"version-history":[{"count":0,"href":"https:\/\/www.belmarinahoian.com\/vi\/wp-json\/wp\/v2\/pages\/236\/revisions"}],"up":[{"embeddable":true,"href":"https:\/\/www.belmarinahoian.com\/vi\/wp-json\/wp\/v2\/pages\/215"}],"wp:attachment":[{"href":"https:\/\/www.belmarinahoian.com\/vi\/wp-json\/wp\/v2\/media?parent=236"}],"wp:term":[{"taxonomy":"category","embeddable":true,"href":"https:\/\/www.belmarinahoian.com\/vi\/wp-json\/wp\/v2\/categories?post=236"}],"curies":[{"name":"wp","href":"https:\/\/api.w.org\/{rel}","templated":true}]}}