{"id":233,"date":"2025-11-10T09:38:35","date_gmt":"2025-11-10T09:38:35","guid":{"rendered":"https:\/\/belmarinahoian.ms2.decms.asia\/room-suite-villas\/premier-junior-suite-town-view\/"},"modified":"2026-04-29T03:49:51","modified_gmt":"2026-04-29T03:49:51","slug":"premier-junior-suite-town-view","status":"publish","type":"page","link":"https:\/\/www.belmarinahoian.com\/vi\/room-suite-villas\/premier-junior-suite-town-view\/","title":{"rendered":"Premier Junior Suite Town View"},"content":{"rendered":"<p>Premier Junior Suite Town View (40 m\u00b2) t\u1eeb Ph\u1ed1 H\u1ed9i, k\u1ebft h\u1ee3p h\u00e0i h\u00f2a gi\u1eefa n\u00e9t duy\u00ean c\u1ed5 \u0111i\u1ec3n v\u00e0 phong c\u00e1ch thi\u1ebft k\u1ebf hi\u1ec7n \u0111\u1ea1i. Kh\u00f4ng gian r\u1ed9ng r\u00e3i, tho\u00e1ng \u0111\u00e3ng, m\u1edf ra t\u1ea7m nh\u00ecn h\u01b0\u1edbng v\u1ec1 khu v\u1ef1c nh\u00e0 ph\u1ed1 xung quanh, g\u1ee3i c\u1ea3m gi\u00e1c g\u1ea7n g\u0169i v\u00e0 th\u01b0 th\u00e1i.<\/p>\n<p>Ph\u00f2ng \u0111\u01b0\u1ee3c b\u1ed1 tr\u00ed hai gi\u01b0\u1eddng Queen, ph\u00f9 h\u1ee3p cho gia \u0111\u00ecnh ho\u1eb7c nh\u00f3m b\u1ea1n. Ph\u00f2ng t\u1eafm thi\u1ebft k\u1ebf m\u1edf sang tr\u1ecdng, trang b\u1ecb v\u00f2i sen v\u00e0 b\u1ed3n t\u1eafm cao c\u1ea5p, mang \u0111\u1ebfn tr\u1ea3i nghi\u1ec7m th\u01b0 gi\u00e3n tr\u1ecdn v\u1eb9n. H\u1ec7 c\u1eeda s\u1ed5 l\u1edbn \u0111\u00f3n tr\u1ecdn \u00e1nh s\u00e1ng t\u1ef1 nhi\u00ean, \u0111\u1ed3ng th\u1eddi m\u1edf ra khung c\u1ea3nh ph\u1ed1 x\u00e1 \u0111\u1eb7c tr\u01b0ng c\u1ee7a H\u1ed9i An.<\/p>\n","protected":false},"excerpt":{"rendered":"<p>Premier Junior Suite Town View (40 m\u00b2) t\u1eeb Ph\u1ed1 H\u1ed9i, k\u1ebft h\u1ee3p h\u00e0i h\u00f2a gi\u1eefa n\u00e9t duy\u00ean c\u1ed5 \u0111i\u1ec3n v\u00e0 phong c\u00e1ch thi\u1ebft k\u1ebf hi\u1ec7n \u0111\u1ea1i. Kh\u00f4ng gian r\u1ed9ng r\u00e3i, tho\u00e1ng \u0111\u00e3ng, m\u1edf ra t\u1ea7m nh\u00ecn h\u01b0\u1edbng v\u1ec1 khu v\u1ef1c nh\u00e0 ph\u1ed1 xung quanh, g\u1ee3i c\u1ea3m gi\u00e1c g\u1ea7n g\u0169i v\u00e0 th\u01b0 th\u00e1i. Ph\u00f2ng \u0111\u01b0\u1ee3c b\u1ed1 [&hellip;]<\/p>\n","protected":false},"author":90,"featured_media":0,"parent":215,"menu_order":11,"comment_status":"closed","ping_status":"closed","template":"template-single-room.php","meta":{"footnotes":""},"categories":[],"yoast_head":"<!-- This site is optimized with the Yoast SEO plugin v22.3 - https:\/\/yoast.com\/wordpress\/plugins\/seo\/ -->\n<title>Premier Junior Suite Town View - Bel Marina Hoi An<\/title>\n<meta name=\"robots\" content=\"index, follow, max-snippet:-1, max-image-preview:large, max-video-preview:-1\" \/>\n<link rel=\"canonical\" href=\"https:\/\/www.belmarinahoian.com\/vi\/room-suite-villas\/premier-junior-suite-town-view\/\" \/>\n<meta property=\"og:locale\" content=\"vi_VN\" \/>\n<meta property=\"og:type\" content=\"article\" \/>\n<meta property=\"og:title\" content=\"Premier Junior Suite Town View - Bel Marina Hoi An\" \/>\n<meta property=\"og:description\" content=\"Premier Junior Suite Town View (40 m\u00b2) t\u1eeb Ph\u1ed1 H\u1ed9i, k\u1ebft h\u1ee3p h\u00e0i h\u00f2a gi\u1eefa n\u00e9t duy\u00ean c\u1ed5 \u0111i\u1ec3n v\u00e0 phong c\u00e1ch thi\u1ebft k\u1ebf hi\u1ec7n \u0111\u1ea1i. Kh\u00f4ng gian r\u1ed9ng r\u00e3i, tho\u00e1ng \u0111\u00e3ng, m\u1edf ra t\u1ea7m nh\u00ecn h\u01b0\u1edbng v\u1ec1 khu v\u1ef1c nh\u00e0 ph\u1ed1 xung quanh, g\u1ee3i c\u1ea3m gi\u00e1c g\u1ea7n g\u0169i v\u00e0 th\u01b0 th\u00e1i. Ph\u00f2ng \u0111\u01b0\u1ee3c b\u1ed1 [&hellip;]\" \/>\n<meta property=\"og:url\" content=\"https:\/\/www.belmarinahoian.com\/vi\/room-suite-villas\/premier-junior-suite-town-view\/\" \/>\n<meta property=\"og:site_name\" content=\"Bel Marina Hoi An\" \/>\n<meta property=\"article:publisher\" content=\"https:\/\/www.facebook.com\/belmarinahoian.official\" \/>\n<meta property=\"article:modified_time\" content=\"2026-04-29T03:49:51+00:00\" \/>\n<meta name=\"twitter:card\" content=\"summary_large_image\" \/>\n<meta name=\"twitter:label1\" content=\"Est. reading time\" \/>\n\t<meta name=\"twitter:data1\" content=\"1 minute\" \/>\n<script type=\"application\/ld+json\" class=\"yoast-schema-graph\">{\"@context\":\"https:\/\/schema.org\",\"@graph\":[{\"@type\":\"WebPage\",\"@id\":\"https:\/\/www.belmarinahoian.com\/vi\/room-suite-villas\/premier-junior-suite-town-view\/\",\"url\":\"https:\/\/www.belmarinahoian.com\/vi\/room-suite-villas\/premier-junior-suite-town-view\/\",\"name\":\"Premier Junior Suite Town View - Bel Marina Hoi An\",\"isPartOf\":{\"@id\":\"https:\/\/www.belmarinahoian.com\/vi\/#website\"},\"datePublished\":\"2025-11-10T09:38:35+00:00\",\"dateModified\":\"2026-04-29T03:49:51+00:00\",\"breadcrumb\":{\"@id\":\"https:\/\/www.belmarinahoian.com\/vi\/room-suite-villas\/premier-junior-suite-town-view\/#breadcrumb\"},\"inLanguage\":\"vi-VN\",\"potentialAction\":[{\"@type\":\"ReadAction\",\"target\":[\"https:\/\/www.belmarinahoian.com\/vi\/room-suite-villas\/premier-junior-suite-town-view\/\"]}]},{\"@type\":\"BreadcrumbList\",\"@id\":\"https:\/\/www.belmarinahoian.com\/vi\/room-suite-villas\/premier-junior-suite-town-view\/#breadcrumb\",\"itemListElement\":[{\"@type\":\"ListItem\",\"position\":1,\"name\":\"Home\",\"item\":\"https:\/\/www.belmarinahoian.com\/vi\/\"},{\"@type\":\"ListItem\",\"position\":2,\"name\":\"Ph\u00f2ng, Suite &amp; Villa\",\"item\":\"https:\/\/www.belmarinahoian.com\/vi\/room-suite-villas\/\"},{\"@type\":\"ListItem\",\"position\":3,\"name\":\"Premier Junior Suite Town View\"}]},{\"@type\":\"WebSite\",\"@id\":\"https:\/\/www.belmarinahoian.com\/vi\/#website\",\"url\":\"https:\/\/www.belmarinahoian.com\/vi\/\",\"name\":\"Bel Marina Hoi An\",\"description\":\"\",\"potentialAction\":[{\"@type\":\"SearchAction\",\"target\":{\"@type\":\"EntryPoint\",\"urlTemplate\":\"https:\/\/www.belmarinahoian.com\/vi\/?s={search_term_string}\"},\"query-input\":\"required name=search_term_string\"}],\"inLanguage\":\"vi-VN\"}]}<\/script>\n<!-- \/ Yoast SEO plugin. -->","yoast_head_json":{"title":"Premier Junior Suite Town View - Bel Marina Hoi An","robots":{"index":"index","follow":"follow","max-snippet":"max-snippet:-1","max-image-preview":"max-image-preview:large","max-video-preview":"max-video-preview:-1"},"canonical":"https:\/\/www.belmarinahoian.com\/vi\/room-suite-villas\/premier-junior-suite-town-view\/","og_locale":"vi_VN","og_type":"article","og_title":"Premier Junior Suite Town View - Bel Marina Hoi An","og_description":"Premier Junior Suite Town View (40 m\u00b2) t\u1eeb Ph\u1ed1 H\u1ed9i, k\u1ebft h\u1ee3p h\u00e0i h\u00f2a gi\u1eefa n\u00e9t duy\u00ean c\u1ed5 \u0111i\u1ec3n v\u00e0 phong c\u00e1ch thi\u1ebft k\u1ebf hi\u1ec7n \u0111\u1ea1i. Kh\u00f4ng gian r\u1ed9ng r\u00e3i, tho\u00e1ng \u0111\u00e3ng, m\u1edf ra t\u1ea7m nh\u00ecn h\u01b0\u1edbng v\u1ec1 khu v\u1ef1c nh\u00e0 ph\u1ed1 xung quanh, g\u1ee3i c\u1ea3m gi\u00e1c g\u1ea7n g\u0169i v\u00e0 th\u01b0 th\u00e1i. Ph\u00f2ng \u0111\u01b0\u1ee3c b\u1ed1 [&hellip;]","og_url":"https:\/\/www.belmarinahoian.com\/vi\/room-suite-villas\/premier-junior-suite-town-view\/","og_site_name":"Bel Marina Hoi An","article_publisher":"https:\/\/www.facebook.com\/belmarinahoian.official","article_modified_time":"2026-04-29T03:49:51+00:00","twitter_card":"summary_large_image","twitter_misc":{"Est. reading time":"1 minute"},"schema":{"@context":"https:\/\/schema.org","@graph":[{"@type":"WebPage","@id":"https:\/\/www.belmarinahoian.com\/vi\/room-suite-villas\/premier-junior-suite-town-view\/","url":"https:\/\/www.belmarinahoian.com\/vi\/room-suite-villas\/premier-junior-suite-town-view\/","name":"Premier Junior Suite Town View - Bel Marina Hoi An","isPartOf":{"@id":"https:\/\/www.belmarinahoian.com\/vi\/#website"},"datePublished":"2025-11-10T09:38:35+00:00","dateModified":"2026-04-29T03:49:51+00:00","breadcrumb":{"@id":"https:\/\/www.belmarinahoian.com\/vi\/room-suite-villas\/premier-junior-suite-town-view\/#breadcrumb"},"inLanguage":"vi-VN","potentialAction":[{"@type":"ReadAction","target":["https:\/\/www.belmarinahoian.com\/vi\/room-suite-villas\/premier-junior-suite-town-view\/"]}]},{"@type":"BreadcrumbList","@id":"https:\/\/www.belmarinahoian.com\/vi\/room-suite-villas\/premier-junior-suite-town-view\/#breadcrumb","itemListElement":[{"@type":"ListItem","position":1,"name":"Home","item":"https:\/\/www.belmarinahoian.com\/vi\/"},{"@type":"ListItem","position":2,"name":"Ph\u00f2ng, Suite &amp; Villa","item":"https:\/\/www.belmarinahoian.com\/vi\/room-suite-villas\/"},{"@type":"ListItem","position":3,"name":"Premier Junior Suite Town View"}]},{"@type":"WebSite","@id":"https:\/\/www.belmarinahoian.com\/vi\/#website","url":"https:\/\/www.belmarinahoian.com\/vi\/","name":"Bel Marina Hoi An","description":"","potentialAction":[{"@type":"SearchAction","target":{"@type":"EntryPoint","urlTemplate":"https:\/\/www.belmarinahoian.com\/vi\/?s={search_term_string}"},"query-input":"required name=search_term_string"}],"inLanguage":"vi-VN"}]}},"acf":[],"_links":{"self":[{"href":"https:\/\/www.belmarinahoian.com\/vi\/wp-json\/wp\/v2\/pages\/233"}],"collection":[{"href":"https:\/\/www.belmarinahoian.com\/vi\/wp-json\/wp\/v2\/pages"}],"about":[{"href":"https:\/\/www.belmarinahoian.com\/vi\/wp-json\/wp\/v2\/types\/page"}],"author":[{"embeddable":true,"href":"https:\/\/www.belmarinahoian.com\/vi\/wp-json\/wp\/v2\/users\/90"}],"replies":[{"embeddable":true,"href":"https:\/\/www.belmarinahoian.com\/vi\/wp-json\/wp\/v2\/comments?post=233"}],"version-history":[{"count":0,"href":"https:\/\/www.belmarinahoian.com\/vi\/wp-json\/wp\/v2\/pages\/233\/revisions"}],"up":[{"embeddable":true,"href":"https:\/\/www.belmarinahoian.com\/vi\/wp-json\/wp\/v2\/pages\/215"}],"wp:attachment":[{"href":"https:\/\/www.belmarinahoian.com\/vi\/wp-json\/wp\/v2\/media?parent=233"}],"wp:term":[{"taxonomy":"category","embeddable":true,"href":"https:\/\/www.belmarinahoian.com\/vi\/wp-json\/wp\/v2\/categories?post=233"}],"curies":[{"name":"wp","href":"https:\/\/api.w.org\/{rel}","templated":true}]}}