{"id":229,"date":"2025-11-10T09:35:32","date_gmt":"2025-11-10T09:35:32","guid":{"rendered":"https:\/\/belmarinahoian.ms2.decms.asia\/room-suite-villas\/premier-deluxe-town-view\/"},"modified":"2026-04-15T02:31:21","modified_gmt":"2026-04-15T02:31:21","slug":"premier-deluxe-town-view","status":"publish","type":"page","link":"https:\/\/www.belmarinahoian.com\/vi\/room-suite-villas\/premier-deluxe-town-view\/","title":{"rendered":"Premier Deluxe Town View"},"content":{"rendered":"<p>Premier Deluxe Town View (30 m\u00b2) mang phong c\u00e1ch thi\u1ebft k\u1ebf ch\u00e2u \u00c2u thanh l\u1ecbch, n\u1ed5i b\u1eadt v\u1edbi b\u1ea3ng m\u00e0u v\u00e0ng, tr\u1eafng v\u00e0 xanh c\u1ed5 v\u1ecbt mang h\u01a1i h\u01b0\u1edbng ho\u00e0ng gia. Kh\u00f4ng gian \u1ea5m c\u00fang v\u00e0 tinh t\u1ebf, m\u1edf ra khung c\u1ea3nh y\u00ean b\u00ecnh c\u1ee7a khu ph\u1ed1 H\u1ed9i An.<\/p>\n<p>Ph\u00f2ng \u0111\u01b0\u1ee3c b\u1ed1 tr\u00ed v\u1edbi l\u1ef1a ch\u1ecdn gi\u01b0\u1eddng \u0111\u00f4i ho\u1eb7c hai gi\u01b0\u1eddng \u0111\u01a1n, c\u00f9ng ph\u00f2ng t\u1eafm l\u00e3ng m\u1ea1n v\u1edbi r\u00e8m m\u1ec1m m\u1ea1i, ph\u00f9 h\u1ee3p cho nh\u1eefng k\u1ef3 ngh\u1ec9 c\u1ee7a c\u00e1c c\u1eb7p \u0111\u00f4i. Ban c\u00f4ng ri\u00eang \u0111\u00f3n tr\u1ecdn \u00e1nh s\u00e1ng t\u1ef1 nhi\u00ean, n\u01a1i b\u1ea1n c\u00f3 th\u1ec3 t\u1eadn h\u01b0\u1edfng b\u1ea7u kh\u00f4ng kh\u00ed trong l\u00e0nh v\u00e0 b\u1eaft \u0111\u1ea7u ng\u00e0y m\u1edbi m\u1ed9t c\u00e1ch nh\u1eb9 nh\u00e0ng.<\/p>\n","protected":false},"excerpt":{"rendered":"<p>Premier Deluxe Town View (30 m\u00b2) mang phong c\u00e1ch thi\u1ebft k\u1ebf ch\u00e2u \u00c2u thanh l\u1ecbch, n\u1ed5i b\u1eadt v\u1edbi b\u1ea3ng m\u00e0u v\u00e0ng, tr\u1eafng v\u00e0 xanh c\u1ed5 v\u1ecbt mang h\u01a1i h\u01b0\u1edbng ho\u00e0ng gia. Kh\u00f4ng gian \u1ea5m c\u00fang v\u00e0 tinh t\u1ebf, m\u1edf ra khung c\u1ea3nh y\u00ean b\u00ecnh c\u1ee7a khu ph\u1ed1 H\u1ed9i An. Ph\u00f2ng \u0111\u01b0\u1ee3c b\u1ed1 tr\u00ed v\u1edbi l\u1ef1a [&hellip;]<\/p>\n","protected":false},"author":90,"featured_media":0,"parent":215,"menu_order":8,"comment_status":"closed","ping_status":"closed","template":"template-single-room.php","meta":{"footnotes":""},"categories":[],"yoast_head":"<!-- This site is optimized with the Yoast SEO plugin v22.3 - https:\/\/yoast.com\/wordpress\/plugins\/seo\/ -->\n<title>Premier Deluxe Town View - Bel Marina Hoi An<\/title>\n<meta name=\"robots\" content=\"index, follow, max-snippet:-1, max-image-preview:large, max-video-preview:-1\" \/>\n<link rel=\"canonical\" href=\"https:\/\/www.belmarinahoian.com\/vi\/room-suite-villas\/premier-deluxe-town-view\/\" \/>\n<meta property=\"og:locale\" content=\"vi_VN\" \/>\n<meta property=\"og:type\" content=\"article\" \/>\n<meta property=\"og:title\" content=\"Premier Deluxe Town View - Bel Marina Hoi An\" \/>\n<meta property=\"og:description\" content=\"Premier Deluxe Town View (30 m\u00b2) mang phong c\u00e1ch thi\u1ebft k\u1ebf ch\u00e2u \u00c2u thanh l\u1ecbch, n\u1ed5i b\u1eadt v\u1edbi b\u1ea3ng m\u00e0u v\u00e0ng, tr\u1eafng v\u00e0 xanh c\u1ed5 v\u1ecbt mang h\u01a1i h\u01b0\u1edbng ho\u00e0ng gia. Kh\u00f4ng gian \u1ea5m c\u00fang v\u00e0 tinh t\u1ebf, m\u1edf ra khung c\u1ea3nh y\u00ean b\u00ecnh c\u1ee7a khu ph\u1ed1 H\u1ed9i An. Ph\u00f2ng \u0111\u01b0\u1ee3c b\u1ed1 tr\u00ed v\u1edbi l\u1ef1a [&hellip;]\" \/>\n<meta property=\"og:url\" content=\"https:\/\/www.belmarinahoian.com\/vi\/room-suite-villas\/premier-deluxe-town-view\/\" \/>\n<meta property=\"og:site_name\" content=\"Bel Marina Hoi An\" \/>\n<meta property=\"article:publisher\" content=\"https:\/\/www.facebook.com\/belmarinahoian.official\" \/>\n<meta property=\"article:modified_time\" content=\"2026-04-15T02:31:21+00:00\" \/>\n<meta name=\"twitter:card\" content=\"summary_large_image\" \/>\n<meta name=\"twitter:label1\" content=\"Est. reading time\" \/>\n\t<meta name=\"twitter:data1\" content=\"1 minute\" \/>\n<script type=\"application\/ld+json\" class=\"yoast-schema-graph\">{\"@context\":\"https:\/\/schema.org\",\"@graph\":[{\"@type\":\"WebPage\",\"@id\":\"https:\/\/www.belmarinahoian.com\/vi\/room-suite-villas\/premier-deluxe-town-view\/\",\"url\":\"https:\/\/www.belmarinahoian.com\/vi\/room-suite-villas\/premier-deluxe-town-view\/\",\"name\":\"Premier Deluxe Town View - Bel Marina Hoi An\",\"isPartOf\":{\"@id\":\"https:\/\/www.belmarinahoian.com\/vi\/#website\"},\"datePublished\":\"2025-11-10T09:35:32+00:00\",\"dateModified\":\"2026-04-15T02:31:21+00:00\",\"breadcrumb\":{\"@id\":\"https:\/\/www.belmarinahoian.com\/vi\/room-suite-villas\/premier-deluxe-town-view\/#breadcrumb\"},\"inLanguage\":\"vi-VN\",\"potentialAction\":[{\"@type\":\"ReadAction\",\"target\":[\"https:\/\/www.belmarinahoian.com\/vi\/room-suite-villas\/premier-deluxe-town-view\/\"]}]},{\"@type\":\"BreadcrumbList\",\"@id\":\"https:\/\/www.belmarinahoian.com\/vi\/room-suite-villas\/premier-deluxe-town-view\/#breadcrumb\",\"itemListElement\":[{\"@type\":\"ListItem\",\"position\":1,\"name\":\"Home\",\"item\":\"https:\/\/www.belmarinahoian.com\/vi\/\"},{\"@type\":\"ListItem\",\"position\":2,\"name\":\"Ph\u00f2ng, Suite &amp; Villa\",\"item\":\"https:\/\/www.belmarinahoian.com\/vi\/room-suite-villas\/\"},{\"@type\":\"ListItem\",\"position\":3,\"name\":\"Premier Deluxe Town View\"}]},{\"@type\":\"WebSite\",\"@id\":\"https:\/\/www.belmarinahoian.com\/vi\/#website\",\"url\":\"https:\/\/www.belmarinahoian.com\/vi\/\",\"name\":\"Bel Marina Hoi An\",\"description\":\"\",\"potentialAction\":[{\"@type\":\"SearchAction\",\"target\":{\"@type\":\"EntryPoint\",\"urlTemplate\":\"https:\/\/www.belmarinahoian.com\/vi\/?s={search_term_string}\"},\"query-input\":\"required name=search_term_string\"}],\"inLanguage\":\"vi-VN\"}]}<\/script>\n<!-- \/ Yoast SEO plugin. -->","yoast_head_json":{"title":"Premier Deluxe Town View - Bel Marina Hoi An","robots":{"index":"index","follow":"follow","max-snippet":"max-snippet:-1","max-image-preview":"max-image-preview:large","max-video-preview":"max-video-preview:-1"},"canonical":"https:\/\/www.belmarinahoian.com\/vi\/room-suite-villas\/premier-deluxe-town-view\/","og_locale":"vi_VN","og_type":"article","og_title":"Premier Deluxe Town View - Bel Marina Hoi An","og_description":"Premier Deluxe Town View (30 m\u00b2) mang phong c\u00e1ch thi\u1ebft k\u1ebf ch\u00e2u \u00c2u thanh l\u1ecbch, n\u1ed5i b\u1eadt v\u1edbi b\u1ea3ng m\u00e0u v\u00e0ng, tr\u1eafng v\u00e0 xanh c\u1ed5 v\u1ecbt mang h\u01a1i h\u01b0\u1edbng ho\u00e0ng gia. Kh\u00f4ng gian \u1ea5m c\u00fang v\u00e0 tinh t\u1ebf, m\u1edf ra khung c\u1ea3nh y\u00ean b\u00ecnh c\u1ee7a khu ph\u1ed1 H\u1ed9i An. Ph\u00f2ng \u0111\u01b0\u1ee3c b\u1ed1 tr\u00ed v\u1edbi l\u1ef1a [&hellip;]","og_url":"https:\/\/www.belmarinahoian.com\/vi\/room-suite-villas\/premier-deluxe-town-view\/","og_site_name":"Bel Marina Hoi An","article_publisher":"https:\/\/www.facebook.com\/belmarinahoian.official","article_modified_time":"2026-04-15T02:31:21+00:00","twitter_card":"summary_large_image","twitter_misc":{"Est. reading time":"1 minute"},"schema":{"@context":"https:\/\/schema.org","@graph":[{"@type":"WebPage","@id":"https:\/\/www.belmarinahoian.com\/vi\/room-suite-villas\/premier-deluxe-town-view\/","url":"https:\/\/www.belmarinahoian.com\/vi\/room-suite-villas\/premier-deluxe-town-view\/","name":"Premier Deluxe Town View - Bel Marina Hoi An","isPartOf":{"@id":"https:\/\/www.belmarinahoian.com\/vi\/#website"},"datePublished":"2025-11-10T09:35:32+00:00","dateModified":"2026-04-15T02:31:21+00:00","breadcrumb":{"@id":"https:\/\/www.belmarinahoian.com\/vi\/room-suite-villas\/premier-deluxe-town-view\/#breadcrumb"},"inLanguage":"vi-VN","potentialAction":[{"@type":"ReadAction","target":["https:\/\/www.belmarinahoian.com\/vi\/room-suite-villas\/premier-deluxe-town-view\/"]}]},{"@type":"BreadcrumbList","@id":"https:\/\/www.belmarinahoian.com\/vi\/room-suite-villas\/premier-deluxe-town-view\/#breadcrumb","itemListElement":[{"@type":"ListItem","position":1,"name":"Home","item":"https:\/\/www.belmarinahoian.com\/vi\/"},{"@type":"ListItem","position":2,"name":"Ph\u00f2ng, Suite &amp; Villa","item":"https:\/\/www.belmarinahoian.com\/vi\/room-suite-villas\/"},{"@type":"ListItem","position":3,"name":"Premier Deluxe Town View"}]},{"@type":"WebSite","@id":"https:\/\/www.belmarinahoian.com\/vi\/#website","url":"https:\/\/www.belmarinahoian.com\/vi\/","name":"Bel Marina Hoi An","description":"","potentialAction":[{"@type":"SearchAction","target":{"@type":"EntryPoint","urlTemplate":"https:\/\/www.belmarinahoian.com\/vi\/?s={search_term_string}"},"query-input":"required name=search_term_string"}],"inLanguage":"vi-VN"}]}},"acf":[],"_links":{"self":[{"href":"https:\/\/www.belmarinahoian.com\/vi\/wp-json\/wp\/v2\/pages\/229"}],"collection":[{"href":"https:\/\/www.belmarinahoian.com\/vi\/wp-json\/wp\/v2\/pages"}],"about":[{"href":"https:\/\/www.belmarinahoian.com\/vi\/wp-json\/wp\/v2\/types\/page"}],"author":[{"embeddable":true,"href":"https:\/\/www.belmarinahoian.com\/vi\/wp-json\/wp\/v2\/users\/90"}],"replies":[{"embeddable":true,"href":"https:\/\/www.belmarinahoian.com\/vi\/wp-json\/wp\/v2\/comments?post=229"}],"version-history":[{"count":0,"href":"https:\/\/www.belmarinahoian.com\/vi\/wp-json\/wp\/v2\/pages\/229\/revisions"}],"up":[{"embeddable":true,"href":"https:\/\/www.belmarinahoian.com\/vi\/wp-json\/wp\/v2\/pages\/215"}],"wp:attachment":[{"href":"https:\/\/www.belmarinahoian.com\/vi\/wp-json\/wp\/v2\/media?parent=229"}],"wp:term":[{"taxonomy":"category","embeddable":true,"href":"https:\/\/www.belmarinahoian.com\/vi\/wp-json\/wp\/v2\/categories?post=229"}],"curies":[{"name":"wp","href":"https:\/\/api.w.org\/{rel}","templated":true}]}}