{"id":228,"date":"2025-11-10T09:34:23","date_gmt":"2025-11-10T09:34:23","guid":{"rendered":"https:\/\/belmarinahoian.ms2.decms.asia\/room-suite-villas\/marina-villa\/"},"modified":"2026-04-15T02:30:39","modified_gmt":"2026-04-15T02:30:39","slug":"marina-villa","status":"publish","type":"page","link":"https:\/\/www.belmarinahoian.com\/vi\/room-suite-villas\/marina-villa\/","title":{"rendered":"Marina Villa"},"content":{"rendered":"<p>Marina Villa (100 m\u00b2) m\u1edf ra kh\u00f4ng gian ngh\u1ec9 d\u01b0\u1ee1ng r\u1ed9ng r\u00e3i, n\u01a1i n\u00e9t tinh t\u1ebf \u00c1 \u0110\u00f4ng h\u00f2a quy\u1ec7n c\u00f9ng v\u1ebb thanh l\u1ecbch T\u00e2y \u00c2u. T\u1ecda l\u1ea1c b\u00ean d\u00f2ng s\u00f4ng Thu B\u1ed3n, m\u1ed7i c\u0103n villa mang \u0111\u1ebfn c\u1ea3m gi\u00e1c y\u00ean b\u00ecnh v\u1edbi b\u1ed3n s\u1ee5c ri\u00eang, n\u01a1i b\u1ea1n c\u00f3 th\u1ec3 th\u01b0 gi\u00e3n d\u01b0\u1edbi \u00e1nh n\u1eafng v\u00e0ng r\u1ef1c r\u1ee1.<\/p>\n<p>Kh\u00f4ng gian \u0111\u01b0\u1ee3c b\u1ed1 tr\u00ed v\u1edbi gi\u01b0\u1eddng \u0111\u00f4i \u00eam \u00e1i, ph\u00f2ng kh\u00e1ch t\u00e1ch bi\u1ec7t v\u00e0 ph\u00f2ng t\u1eafm r\u1ed9ng r\u00e3i, trang b\u1ecb v\u00f2i sen \u0111\u1ee9ng c\u00f9ng b\u1ed3n t\u1eafm cao c\u1ea5p. T\u1eeb khung c\u1eeda s\u1ed5 l\u1edbn, b\u1ea1n c\u00f3 th\u1ec3 l\u1eafng nghe nh\u1ecbp s\u00f3ng nh\u1eb9 nh\u00e0ng c\u1ee7a d\u00f2ng s\u00f4ng Thu B\u1ed3n v\u00e0 t\u1eadn h\u01b0\u1edfng tr\u1ecdn v\u1eb9n s\u1ef1 th\u01b0 th\u00e1i trong t\u1eebng kho\u1ea3nh kh\u1eafc.<\/p>\n","protected":false},"excerpt":{"rendered":"<p>Marina Villa (100 m\u00b2) m\u1edf ra kh\u00f4ng gian ngh\u1ec9 d\u01b0\u1ee1ng r\u1ed9ng r\u00e3i, n\u01a1i n\u00e9t tinh t\u1ebf \u00c1 \u0110\u00f4ng h\u00f2a quy\u1ec7n c\u00f9ng v\u1ebb thanh l\u1ecbch T\u00e2y \u00c2u. T\u1ecda l\u1ea1c b\u00ean d\u00f2ng s\u00f4ng Thu B\u1ed3n, m\u1ed7i c\u0103n villa mang \u0111\u1ebfn c\u1ea3m gi\u00e1c y\u00ean b\u00ecnh v\u1edbi b\u1ed3n s\u1ee5c ri\u00eang, n\u01a1i b\u1ea1n c\u00f3 th\u1ec3 th\u01b0 gi\u00e3n d\u01b0\u1edbi \u00e1nh n\u1eafng [&hellip;]<\/p>\n","protected":false},"author":90,"featured_media":0,"parent":215,"menu_order":7,"comment_status":"closed","ping_status":"closed","template":"template-single-room.php","meta":{"footnotes":""},"categories":[],"yoast_head":"<!-- This site is optimized with the Yoast SEO plugin v22.3 - https:\/\/yoast.com\/wordpress\/plugins\/seo\/ -->\n<title>Marina Villa - Bel Marina Hoi An<\/title>\n<meta name=\"robots\" content=\"index, follow, max-snippet:-1, max-image-preview:large, max-video-preview:-1\" \/>\n<link rel=\"canonical\" href=\"https:\/\/www.belmarinahoian.com\/vi\/room-suite-villas\/marina-villa\/\" \/>\n<meta property=\"og:locale\" content=\"vi_VN\" \/>\n<meta property=\"og:type\" content=\"article\" \/>\n<meta property=\"og:title\" content=\"Marina Villa - Bel Marina Hoi An\" \/>\n<meta property=\"og:description\" content=\"Marina Villa (100 m\u00b2) m\u1edf ra kh\u00f4ng gian ngh\u1ec9 d\u01b0\u1ee1ng r\u1ed9ng r\u00e3i, n\u01a1i n\u00e9t tinh t\u1ebf \u00c1 \u0110\u00f4ng h\u00f2a quy\u1ec7n c\u00f9ng v\u1ebb thanh l\u1ecbch T\u00e2y \u00c2u. T\u1ecda l\u1ea1c b\u00ean d\u00f2ng s\u00f4ng Thu B\u1ed3n, m\u1ed7i c\u0103n villa mang \u0111\u1ebfn c\u1ea3m gi\u00e1c y\u00ean b\u00ecnh v\u1edbi b\u1ed3n s\u1ee5c ri\u00eang, n\u01a1i b\u1ea1n c\u00f3 th\u1ec3 th\u01b0 gi\u00e3n d\u01b0\u1edbi \u00e1nh n\u1eafng [&hellip;]\" \/>\n<meta property=\"og:url\" content=\"https:\/\/www.belmarinahoian.com\/vi\/room-suite-villas\/marina-villa\/\" \/>\n<meta property=\"og:site_name\" content=\"Bel Marina Hoi An\" \/>\n<meta property=\"article:publisher\" content=\"https:\/\/www.facebook.com\/belmarinahoian.official\" \/>\n<meta property=\"article:modified_time\" content=\"2026-04-15T02:30:39+00:00\" \/>\n<meta name=\"twitter:card\" content=\"summary_large_image\" \/>\n<meta name=\"twitter:label1\" content=\"Est. reading time\" \/>\n\t<meta name=\"twitter:data1\" content=\"1 minute\" \/>\n<script type=\"application\/ld+json\" class=\"yoast-schema-graph\">{\"@context\":\"https:\/\/schema.org\",\"@graph\":[{\"@type\":\"WebPage\",\"@id\":\"https:\/\/www.belmarinahoian.com\/vi\/room-suite-villas\/marina-villa\/\",\"url\":\"https:\/\/www.belmarinahoian.com\/vi\/room-suite-villas\/marina-villa\/\",\"name\":\"Marina Villa - Bel Marina Hoi An\",\"isPartOf\":{\"@id\":\"https:\/\/www.belmarinahoian.com\/vi\/#website\"},\"datePublished\":\"2025-11-10T09:34:23+00:00\",\"dateModified\":\"2026-04-15T02:30:39+00:00\",\"breadcrumb\":{\"@id\":\"https:\/\/www.belmarinahoian.com\/vi\/room-suite-villas\/marina-villa\/#breadcrumb\"},\"inLanguage\":\"vi-VN\",\"potentialAction\":[{\"@type\":\"ReadAction\",\"target\":[\"https:\/\/www.belmarinahoian.com\/vi\/room-suite-villas\/marina-villa\/\"]}]},{\"@type\":\"BreadcrumbList\",\"@id\":\"https:\/\/www.belmarinahoian.com\/vi\/room-suite-villas\/marina-villa\/#breadcrumb\",\"itemListElement\":[{\"@type\":\"ListItem\",\"position\":1,\"name\":\"Home\",\"item\":\"https:\/\/www.belmarinahoian.com\/vi\/\"},{\"@type\":\"ListItem\",\"position\":2,\"name\":\"Ph\u00f2ng, Suite &amp; Villa\",\"item\":\"https:\/\/www.belmarinahoian.com\/vi\/room-suite-villas\/\"},{\"@type\":\"ListItem\",\"position\":3,\"name\":\"Marina Villa\"}]},{\"@type\":\"WebSite\",\"@id\":\"https:\/\/www.belmarinahoian.com\/vi\/#website\",\"url\":\"https:\/\/www.belmarinahoian.com\/vi\/\",\"name\":\"Bel Marina Hoi An\",\"description\":\"\",\"potentialAction\":[{\"@type\":\"SearchAction\",\"target\":{\"@type\":\"EntryPoint\",\"urlTemplate\":\"https:\/\/www.belmarinahoian.com\/vi\/?s={search_term_string}\"},\"query-input\":\"required name=search_term_string\"}],\"inLanguage\":\"vi-VN\"}]}<\/script>\n<!-- \/ Yoast SEO plugin. -->","yoast_head_json":{"title":"Marina Villa - Bel Marina Hoi An","robots":{"index":"index","follow":"follow","max-snippet":"max-snippet:-1","max-image-preview":"max-image-preview:large","max-video-preview":"max-video-preview:-1"},"canonical":"https:\/\/www.belmarinahoian.com\/vi\/room-suite-villas\/marina-villa\/","og_locale":"vi_VN","og_type":"article","og_title":"Marina Villa - Bel Marina Hoi An","og_description":"Marina Villa (100 m\u00b2) m\u1edf ra kh\u00f4ng gian ngh\u1ec9 d\u01b0\u1ee1ng r\u1ed9ng r\u00e3i, n\u01a1i n\u00e9t tinh t\u1ebf \u00c1 \u0110\u00f4ng h\u00f2a quy\u1ec7n c\u00f9ng v\u1ebb thanh l\u1ecbch T\u00e2y \u00c2u. T\u1ecda l\u1ea1c b\u00ean d\u00f2ng s\u00f4ng Thu B\u1ed3n, m\u1ed7i c\u0103n villa mang \u0111\u1ebfn c\u1ea3m gi\u00e1c y\u00ean b\u00ecnh v\u1edbi b\u1ed3n s\u1ee5c ri\u00eang, n\u01a1i b\u1ea1n c\u00f3 th\u1ec3 th\u01b0 gi\u00e3n d\u01b0\u1edbi \u00e1nh n\u1eafng [&hellip;]","og_url":"https:\/\/www.belmarinahoian.com\/vi\/room-suite-villas\/marina-villa\/","og_site_name":"Bel Marina Hoi An","article_publisher":"https:\/\/www.facebook.com\/belmarinahoian.official","article_modified_time":"2026-04-15T02:30:39+00:00","twitter_card":"summary_large_image","twitter_misc":{"Est. reading time":"1 minute"},"schema":{"@context":"https:\/\/schema.org","@graph":[{"@type":"WebPage","@id":"https:\/\/www.belmarinahoian.com\/vi\/room-suite-villas\/marina-villa\/","url":"https:\/\/www.belmarinahoian.com\/vi\/room-suite-villas\/marina-villa\/","name":"Marina Villa - Bel Marina Hoi An","isPartOf":{"@id":"https:\/\/www.belmarinahoian.com\/vi\/#website"},"datePublished":"2025-11-10T09:34:23+00:00","dateModified":"2026-04-15T02:30:39+00:00","breadcrumb":{"@id":"https:\/\/www.belmarinahoian.com\/vi\/room-suite-villas\/marina-villa\/#breadcrumb"},"inLanguage":"vi-VN","potentialAction":[{"@type":"ReadAction","target":["https:\/\/www.belmarinahoian.com\/vi\/room-suite-villas\/marina-villa\/"]}]},{"@type":"BreadcrumbList","@id":"https:\/\/www.belmarinahoian.com\/vi\/room-suite-villas\/marina-villa\/#breadcrumb","itemListElement":[{"@type":"ListItem","position":1,"name":"Home","item":"https:\/\/www.belmarinahoian.com\/vi\/"},{"@type":"ListItem","position":2,"name":"Ph\u00f2ng, Suite &amp; Villa","item":"https:\/\/www.belmarinahoian.com\/vi\/room-suite-villas\/"},{"@type":"ListItem","position":3,"name":"Marina Villa"}]},{"@type":"WebSite","@id":"https:\/\/www.belmarinahoian.com\/vi\/#website","url":"https:\/\/www.belmarinahoian.com\/vi\/","name":"Bel Marina Hoi An","description":"","potentialAction":[{"@type":"SearchAction","target":{"@type":"EntryPoint","urlTemplate":"https:\/\/www.belmarinahoian.com\/vi\/?s={search_term_string}"},"query-input":"required name=search_term_string"}],"inLanguage":"vi-VN"}]}},"acf":[],"_links":{"self":[{"href":"https:\/\/www.belmarinahoian.com\/vi\/wp-json\/wp\/v2\/pages\/228"}],"collection":[{"href":"https:\/\/www.belmarinahoian.com\/vi\/wp-json\/wp\/v2\/pages"}],"about":[{"href":"https:\/\/www.belmarinahoian.com\/vi\/wp-json\/wp\/v2\/types\/page"}],"author":[{"embeddable":true,"href":"https:\/\/www.belmarinahoian.com\/vi\/wp-json\/wp\/v2\/users\/90"}],"replies":[{"embeddable":true,"href":"https:\/\/www.belmarinahoian.com\/vi\/wp-json\/wp\/v2\/comments?post=228"}],"version-history":[{"count":0,"href":"https:\/\/www.belmarinahoian.com\/vi\/wp-json\/wp\/v2\/pages\/228\/revisions"}],"up":[{"embeddable":true,"href":"https:\/\/www.belmarinahoian.com\/vi\/wp-json\/wp\/v2\/pages\/215"}],"wp:attachment":[{"href":"https:\/\/www.belmarinahoian.com\/vi\/wp-json\/wp\/v2\/media?parent=228"}],"wp:term":[{"taxonomy":"category","embeddable":true,"href":"https:\/\/www.belmarinahoian.com\/vi\/wp-json\/wp\/v2\/categories?post=228"}],"curies":[{"name":"wp","href":"https:\/\/api.w.org\/{rel}","templated":true}]}}