{"id":226,"date":"2025-11-10T09:31:43","date_gmt":"2025-11-10T09:31:43","guid":{"rendered":"https:\/\/belmarinahoian.ms2.decms.asia\/room-suite-villas\/marina-suite\/"},"modified":"2026-04-15T02:30:45","modified_gmt":"2026-04-15T02:30:45","slug":"marina-suite","status":"publish","type":"page","link":"https:\/\/www.belmarinahoian.com\/vi\/room-suite-villas\/marina-suite\/","title":{"rendered":"Marina Suite"},"content":{"rendered":"<p>Marina Suite (70 m\u00b2) m\u1edf ra kh\u00f4ng gian ngh\u1ec9 d\u01b0\u1ee1ng tinh t\u1ebf, n\u01a1i tinh th\u1ea7n H\u1ed9i An \u0111\u01b0\u1ee3c th\u1ec3 hi\u1ec7n qua t\u1eebng chi ti\u1ebft thi\u1ebft k\u1ebf.<\/p>\n<p>V\u1edbi l\u1ed1i trang tr\u00ed tinh t\u1ebf nh\u00e3 nh\u1eb7n, Marina Suite mang \u0111\u1ebfn tr\u1ea3i nghi\u1ec7m l\u01b0u tr\u00fa r\u1ed9ng r\u00e3i v\u1edbi c\u1eeda s\u1ed5 s\u00e1t s\u00e0n, ban c\u00f4ng ri\u00eang v\u00e0 khu v\u1ef1c ph\u00f2ng kh\u00e1ch t\u00e1ch bi\u1ec7t. Gi\u01b0\u1eddng \u0111\u00f4i \u00eam \u00e1i c\u00f9ng ph\u00f2ng t\u1eafm ri\u00eang v\u1edbi v\u00f2i sen \u0111\u1ee9ng v\u00e0 b\u1ed3n t\u1eafm cao c\u1ea5p mang l\u1ea1i s\u1ef1 th\u01b0 gi\u00e3n t\u1ed1i \u0111a.<\/p>\n<p>Kh\u00f4ng gian c\u0103n suite m\u1edf ra khung c\u1ea3nh h\u1ed3 b\u01a1i v\u00f4 c\u1ef1c v\u00e0 khu v\u01b0\u1eddn xanh m\u00e1t, mang \u0111\u1ebfn c\u1ea3m gi\u00e1c th\u01b0 th\u00e1i trong t\u1eebng kho\u1ea3nh kh\u1eafc.<\/p>\n","protected":false},"excerpt":{"rendered":"<p>Marina Suite (70 m\u00b2) m\u1edf ra kh\u00f4ng gian ngh\u1ec9 d\u01b0\u1ee1ng tinh t\u1ebf, n\u01a1i tinh th\u1ea7n H\u1ed9i An \u0111\u01b0\u1ee3c th\u1ec3 hi\u1ec7n qua t\u1eebng chi ti\u1ebft thi\u1ebft k\u1ebf. V\u1edbi l\u1ed1i trang tr\u00ed tinh t\u1ebf nh\u00e3 nh\u1eb7n, Marina Suite mang \u0111\u1ebfn tr\u1ea3i nghi\u1ec7m l\u01b0u tr\u00fa r\u1ed9ng r\u00e3i v\u1edbi c\u1eeda s\u1ed5 s\u00e1t s\u00e0n, ban c\u00f4ng ri\u00eang v\u00e0 khu v\u1ef1c [&hellip;]<\/p>\n","protected":false},"author":90,"featured_media":0,"parent":215,"menu_order":6,"comment_status":"closed","ping_status":"closed","template":"template-single-room.php","meta":{"footnotes":""},"categories":[],"yoast_head":"<!-- This site is optimized with the Yoast SEO plugin v22.3 - https:\/\/yoast.com\/wordpress\/plugins\/seo\/ -->\n<title>Marina Suite - Bel Marina Hoi An<\/title>\n<meta name=\"robots\" content=\"index, follow, max-snippet:-1, max-image-preview:large, max-video-preview:-1\" \/>\n<link rel=\"canonical\" href=\"https:\/\/www.belmarinahoian.com\/vi\/room-suite-villas\/marina-suite\/\" \/>\n<meta property=\"og:locale\" content=\"vi_VN\" \/>\n<meta property=\"og:type\" content=\"article\" \/>\n<meta property=\"og:title\" content=\"Marina Suite - Bel Marina Hoi An\" \/>\n<meta property=\"og:description\" content=\"Marina Suite (70 m\u00b2) m\u1edf ra kh\u00f4ng gian ngh\u1ec9 d\u01b0\u1ee1ng tinh t\u1ebf, n\u01a1i tinh th\u1ea7n H\u1ed9i An \u0111\u01b0\u1ee3c th\u1ec3 hi\u1ec7n qua t\u1eebng chi ti\u1ebft thi\u1ebft k\u1ebf. V\u1edbi l\u1ed1i trang tr\u00ed tinh t\u1ebf nh\u00e3 nh\u1eb7n, Marina Suite mang \u0111\u1ebfn tr\u1ea3i nghi\u1ec7m l\u01b0u tr\u00fa r\u1ed9ng r\u00e3i v\u1edbi c\u1eeda s\u1ed5 s\u00e1t s\u00e0n, ban c\u00f4ng ri\u00eang v\u00e0 khu v\u1ef1c [&hellip;]\" \/>\n<meta property=\"og:url\" content=\"https:\/\/www.belmarinahoian.com\/vi\/room-suite-villas\/marina-suite\/\" \/>\n<meta property=\"og:site_name\" content=\"Bel Marina Hoi An\" \/>\n<meta property=\"article:publisher\" content=\"https:\/\/www.facebook.com\/belmarinahoian.official\" \/>\n<meta property=\"article:modified_time\" content=\"2026-04-15T02:30:45+00:00\" \/>\n<meta name=\"twitter:card\" content=\"summary_large_image\" \/>\n<meta name=\"twitter:label1\" content=\"Est. reading time\" \/>\n\t<meta name=\"twitter:data1\" content=\"1 minute\" \/>\n<script type=\"application\/ld+json\" class=\"yoast-schema-graph\">{\"@context\":\"https:\/\/schema.org\",\"@graph\":[{\"@type\":\"WebPage\",\"@id\":\"https:\/\/www.belmarinahoian.com\/vi\/room-suite-villas\/marina-suite\/\",\"url\":\"https:\/\/www.belmarinahoian.com\/vi\/room-suite-villas\/marina-suite\/\",\"name\":\"Marina Suite - Bel Marina Hoi An\",\"isPartOf\":{\"@id\":\"https:\/\/www.belmarinahoian.com\/vi\/#website\"},\"datePublished\":\"2025-11-10T09:31:43+00:00\",\"dateModified\":\"2026-04-15T02:30:45+00:00\",\"breadcrumb\":{\"@id\":\"https:\/\/www.belmarinahoian.com\/vi\/room-suite-villas\/marina-suite\/#breadcrumb\"},\"inLanguage\":\"vi-VN\",\"potentialAction\":[{\"@type\":\"ReadAction\",\"target\":[\"https:\/\/www.belmarinahoian.com\/vi\/room-suite-villas\/marina-suite\/\"]}]},{\"@type\":\"BreadcrumbList\",\"@id\":\"https:\/\/www.belmarinahoian.com\/vi\/room-suite-villas\/marina-suite\/#breadcrumb\",\"itemListElement\":[{\"@type\":\"ListItem\",\"position\":1,\"name\":\"Home\",\"item\":\"https:\/\/www.belmarinahoian.com\/vi\/\"},{\"@type\":\"ListItem\",\"position\":2,\"name\":\"Ph\u00f2ng, Suite &amp; Villa\",\"item\":\"https:\/\/www.belmarinahoian.com\/vi\/room-suite-villas\/\"},{\"@type\":\"ListItem\",\"position\":3,\"name\":\"Marina Suite\"}]},{\"@type\":\"WebSite\",\"@id\":\"https:\/\/www.belmarinahoian.com\/vi\/#website\",\"url\":\"https:\/\/www.belmarinahoian.com\/vi\/\",\"name\":\"Bel Marina Hoi An\",\"description\":\"\",\"potentialAction\":[{\"@type\":\"SearchAction\",\"target\":{\"@type\":\"EntryPoint\",\"urlTemplate\":\"https:\/\/www.belmarinahoian.com\/vi\/?s={search_term_string}\"},\"query-input\":\"required name=search_term_string\"}],\"inLanguage\":\"vi-VN\"}]}<\/script>\n<!-- \/ Yoast SEO plugin. -->","yoast_head_json":{"title":"Marina Suite - Bel Marina Hoi An","robots":{"index":"index","follow":"follow","max-snippet":"max-snippet:-1","max-image-preview":"max-image-preview:large","max-video-preview":"max-video-preview:-1"},"canonical":"https:\/\/www.belmarinahoian.com\/vi\/room-suite-villas\/marina-suite\/","og_locale":"vi_VN","og_type":"article","og_title":"Marina Suite - Bel Marina Hoi An","og_description":"Marina Suite (70 m\u00b2) m\u1edf ra kh\u00f4ng gian ngh\u1ec9 d\u01b0\u1ee1ng tinh t\u1ebf, n\u01a1i tinh th\u1ea7n H\u1ed9i An \u0111\u01b0\u1ee3c th\u1ec3 hi\u1ec7n qua t\u1eebng chi ti\u1ebft thi\u1ebft k\u1ebf. V\u1edbi l\u1ed1i trang tr\u00ed tinh t\u1ebf nh\u00e3 nh\u1eb7n, Marina Suite mang \u0111\u1ebfn tr\u1ea3i nghi\u1ec7m l\u01b0u tr\u00fa r\u1ed9ng r\u00e3i v\u1edbi c\u1eeda s\u1ed5 s\u00e1t s\u00e0n, ban c\u00f4ng ri\u00eang v\u00e0 khu v\u1ef1c [&hellip;]","og_url":"https:\/\/www.belmarinahoian.com\/vi\/room-suite-villas\/marina-suite\/","og_site_name":"Bel Marina Hoi An","article_publisher":"https:\/\/www.facebook.com\/belmarinahoian.official","article_modified_time":"2026-04-15T02:30:45+00:00","twitter_card":"summary_large_image","twitter_misc":{"Est. reading time":"1 minute"},"schema":{"@context":"https:\/\/schema.org","@graph":[{"@type":"WebPage","@id":"https:\/\/www.belmarinahoian.com\/vi\/room-suite-villas\/marina-suite\/","url":"https:\/\/www.belmarinahoian.com\/vi\/room-suite-villas\/marina-suite\/","name":"Marina Suite - Bel Marina Hoi An","isPartOf":{"@id":"https:\/\/www.belmarinahoian.com\/vi\/#website"},"datePublished":"2025-11-10T09:31:43+00:00","dateModified":"2026-04-15T02:30:45+00:00","breadcrumb":{"@id":"https:\/\/www.belmarinahoian.com\/vi\/room-suite-villas\/marina-suite\/#breadcrumb"},"inLanguage":"vi-VN","potentialAction":[{"@type":"ReadAction","target":["https:\/\/www.belmarinahoian.com\/vi\/room-suite-villas\/marina-suite\/"]}]},{"@type":"BreadcrumbList","@id":"https:\/\/www.belmarinahoian.com\/vi\/room-suite-villas\/marina-suite\/#breadcrumb","itemListElement":[{"@type":"ListItem","position":1,"name":"Home","item":"https:\/\/www.belmarinahoian.com\/vi\/"},{"@type":"ListItem","position":2,"name":"Ph\u00f2ng, Suite &amp; Villa","item":"https:\/\/www.belmarinahoian.com\/vi\/room-suite-villas\/"},{"@type":"ListItem","position":3,"name":"Marina Suite"}]},{"@type":"WebSite","@id":"https:\/\/www.belmarinahoian.com\/vi\/#website","url":"https:\/\/www.belmarinahoian.com\/vi\/","name":"Bel Marina Hoi An","description":"","potentialAction":[{"@type":"SearchAction","target":{"@type":"EntryPoint","urlTemplate":"https:\/\/www.belmarinahoian.com\/vi\/?s={search_term_string}"},"query-input":"required name=search_term_string"}],"inLanguage":"vi-VN"}]}},"acf":[],"_links":{"self":[{"href":"https:\/\/www.belmarinahoian.com\/vi\/wp-json\/wp\/v2\/pages\/226"}],"collection":[{"href":"https:\/\/www.belmarinahoian.com\/vi\/wp-json\/wp\/v2\/pages"}],"about":[{"href":"https:\/\/www.belmarinahoian.com\/vi\/wp-json\/wp\/v2\/types\/page"}],"author":[{"embeddable":true,"href":"https:\/\/www.belmarinahoian.com\/vi\/wp-json\/wp\/v2\/users\/90"}],"replies":[{"embeddable":true,"href":"https:\/\/www.belmarinahoian.com\/vi\/wp-json\/wp\/v2\/comments?post=226"}],"version-history":[{"count":0,"href":"https:\/\/www.belmarinahoian.com\/vi\/wp-json\/wp\/v2\/pages\/226\/revisions"}],"up":[{"embeddable":true,"href":"https:\/\/www.belmarinahoian.com\/vi\/wp-json\/wp\/v2\/pages\/215"}],"wp:attachment":[{"href":"https:\/\/www.belmarinahoian.com\/vi\/wp-json\/wp\/v2\/media?parent=226"}],"wp:term":[{"taxonomy":"category","embeddable":true,"href":"https:\/\/www.belmarinahoian.com\/vi\/wp-json\/wp\/v2\/categories?post=226"}],"curies":[{"name":"wp","href":"https:\/\/api.w.org\/{rel}","templated":true}]}}