{"id":225,"date":"2025-11-10T09:30:27","date_gmt":"2025-11-10T09:30:27","guid":{"rendered":"https:\/\/belmarinahoian.ms2.decms.asia\/room-suite-villas\/family-villa\/"},"modified":"2026-04-15T02:30:00","modified_gmt":"2026-04-15T02:30:00","slug":"family-villa","status":"publish","type":"page","link":"https:\/\/www.belmarinahoian.com\/vi\/room-suite-villas\/family-villa\/","title":{"rendered":"Family Villa"},"content":{"rendered":"<p>Mang \u0111\u1ebfn kh\u00f4ng gian l\u00fd t\u01b0\u1edfng cho gia \u0111\u00ecnh, Family Villa (80 &#8211; 90 m\u00b2) m\u1edf ra kho\u1ea3ng s\u00e2n hi\u00ean ri\u00eang h\u01b0\u1edbng ra khu v\u01b0\u1eddn nhi\u1ec7t \u0111\u1edbi xanh m\u00e1t, n\u01a1i b\u1ea1n c\u00f3 th\u1ec3 t\u1eadn h\u01b0\u1edfng nh\u1eefng kho\u1ea3nh kh\u1eafc th\u01b0 gi\u00e3n trong kh\u00f4ng gian ri\u00eang t\u01b0 v\u00e0 g\u1ea7n g\u0169i.<\/p>\n<p>Bi\u1ec7t th\u1ef1 \u0111\u01b0\u1ee3c b\u1ed1 tr\u00ed m\u1ed9t gi\u01b0\u1eddng \u0111\u00f4i v\u00e0 hai gi\u01b0\u1eddng \u0111\u01a1n, ph\u00f9 h\u1ee3p cho c\u1ea3 gia \u0111\u00ecnh c\u00f9ng ngh\u1ec9 d\u01b0\u1ee1ng tho\u1ea3i m\u00e1i. Ph\u00f2ng t\u1eafm \u0111\u01b0\u1ee3c trang b\u1ecb v\u00f2i sen \u0111\u1ee9ng v\u00e0 b\u1ed3n t\u1eafm cao c\u1ea5p, mang l\u1ea1i tr\u1ea3i nghi\u1ec7m th\u01b0 gi\u00e3n tr\u1ecdn v\u1eb9n sau m\u1ed9t ng\u00e0y kh\u00e1m ph\u00e1 H\u1ed9i An.<\/p>\n","protected":false},"excerpt":{"rendered":"<p>Mang \u0111\u1ebfn kh\u00f4ng gian l\u00fd t\u01b0\u1edfng cho gia \u0111\u00ecnh, Family Villa (80 &#8211; 90 m\u00b2) m\u1edf ra kho\u1ea3ng s\u00e2n hi\u00ean ri\u00eang h\u01b0\u1edbng ra khu v\u01b0\u1eddn nhi\u1ec7t \u0111\u1edbi xanh m\u00e1t, n\u01a1i b\u1ea1n c\u00f3 th\u1ec3 t\u1eadn h\u01b0\u1edfng nh\u1eefng kho\u1ea3nh kh\u1eafc th\u01b0 gi\u00e3n trong kh\u00f4ng gian ri\u00eang t\u01b0 v\u00e0 g\u1ea7n g\u0169i. Bi\u1ec7t th\u1ef1 \u0111\u01b0\u1ee3c b\u1ed1 tr\u00ed m\u1ed9t gi\u01b0\u1eddng [&hellip;]<\/p>\n","protected":false},"author":90,"featured_media":0,"parent":215,"menu_order":5,"comment_status":"closed","ping_status":"closed","template":"template-single-room.php","meta":{"footnotes":""},"categories":[],"yoast_head":"<!-- This site is optimized with the Yoast SEO plugin v22.3 - https:\/\/yoast.com\/wordpress\/plugins\/seo\/ -->\n<title>Family Villa - Bel Marina Hoi An<\/title>\n<meta name=\"robots\" content=\"index, follow, max-snippet:-1, max-image-preview:large, max-video-preview:-1\" \/>\n<link rel=\"canonical\" href=\"https:\/\/www.belmarinahoian.com\/vi\/room-suite-villas\/family-villa\/\" \/>\n<meta property=\"og:locale\" content=\"vi_VN\" \/>\n<meta property=\"og:type\" content=\"article\" \/>\n<meta property=\"og:title\" content=\"Family Villa - Bel Marina Hoi An\" \/>\n<meta property=\"og:description\" content=\"Mang \u0111\u1ebfn kh\u00f4ng gian l\u00fd t\u01b0\u1edfng cho gia \u0111\u00ecnh, Family Villa (80 &#8211; 90 m\u00b2) m\u1edf ra kho\u1ea3ng s\u00e2n hi\u00ean ri\u00eang h\u01b0\u1edbng ra khu v\u01b0\u1eddn nhi\u1ec7t \u0111\u1edbi xanh m\u00e1t, n\u01a1i b\u1ea1n c\u00f3 th\u1ec3 t\u1eadn h\u01b0\u1edfng nh\u1eefng kho\u1ea3nh kh\u1eafc th\u01b0 gi\u00e3n trong kh\u00f4ng gian ri\u00eang t\u01b0 v\u00e0 g\u1ea7n g\u0169i. Bi\u1ec7t th\u1ef1 \u0111\u01b0\u1ee3c b\u1ed1 tr\u00ed m\u1ed9t gi\u01b0\u1eddng [&hellip;]\" \/>\n<meta property=\"og:url\" content=\"https:\/\/www.belmarinahoian.com\/vi\/room-suite-villas\/family-villa\/\" \/>\n<meta property=\"og:site_name\" content=\"Bel Marina Hoi An\" \/>\n<meta property=\"article:publisher\" content=\"https:\/\/www.facebook.com\/belmarinahoian.official\" \/>\n<meta property=\"article:modified_time\" content=\"2026-04-15T02:30:00+00:00\" \/>\n<meta name=\"twitter:card\" content=\"summary_large_image\" \/>\n<meta name=\"twitter:label1\" content=\"Est. reading time\" \/>\n\t<meta name=\"twitter:data1\" content=\"1 minute\" \/>\n<script type=\"application\/ld+json\" class=\"yoast-schema-graph\">{\"@context\":\"https:\/\/schema.org\",\"@graph\":[{\"@type\":\"WebPage\",\"@id\":\"https:\/\/www.belmarinahoian.com\/vi\/room-suite-villas\/family-villa\/\",\"url\":\"https:\/\/www.belmarinahoian.com\/vi\/room-suite-villas\/family-villa\/\",\"name\":\"Family Villa - Bel Marina Hoi An\",\"isPartOf\":{\"@id\":\"https:\/\/www.belmarinahoian.com\/vi\/#website\"},\"datePublished\":\"2025-11-10T09:30:27+00:00\",\"dateModified\":\"2026-04-15T02:30:00+00:00\",\"breadcrumb\":{\"@id\":\"https:\/\/www.belmarinahoian.com\/vi\/room-suite-villas\/family-villa\/#breadcrumb\"},\"inLanguage\":\"vi-VN\",\"potentialAction\":[{\"@type\":\"ReadAction\",\"target\":[\"https:\/\/www.belmarinahoian.com\/vi\/room-suite-villas\/family-villa\/\"]}]},{\"@type\":\"BreadcrumbList\",\"@id\":\"https:\/\/www.belmarinahoian.com\/vi\/room-suite-villas\/family-villa\/#breadcrumb\",\"itemListElement\":[{\"@type\":\"ListItem\",\"position\":1,\"name\":\"Home\",\"item\":\"https:\/\/www.belmarinahoian.com\/vi\/\"},{\"@type\":\"ListItem\",\"position\":2,\"name\":\"Ph\u00f2ng, Suite &amp; Villa\",\"item\":\"https:\/\/www.belmarinahoian.com\/vi\/room-suite-villas\/\"},{\"@type\":\"ListItem\",\"position\":3,\"name\":\"Family Villa\"}]},{\"@type\":\"WebSite\",\"@id\":\"https:\/\/www.belmarinahoian.com\/vi\/#website\",\"url\":\"https:\/\/www.belmarinahoian.com\/vi\/\",\"name\":\"Bel Marina Hoi An\",\"description\":\"\",\"potentialAction\":[{\"@type\":\"SearchAction\",\"target\":{\"@type\":\"EntryPoint\",\"urlTemplate\":\"https:\/\/www.belmarinahoian.com\/vi\/?s={search_term_string}\"},\"query-input\":\"required name=search_term_string\"}],\"inLanguage\":\"vi-VN\"}]}<\/script>\n<!-- \/ Yoast SEO plugin. -->","yoast_head_json":{"title":"Family Villa - Bel Marina Hoi An","robots":{"index":"index","follow":"follow","max-snippet":"max-snippet:-1","max-image-preview":"max-image-preview:large","max-video-preview":"max-video-preview:-1"},"canonical":"https:\/\/www.belmarinahoian.com\/vi\/room-suite-villas\/family-villa\/","og_locale":"vi_VN","og_type":"article","og_title":"Family Villa - Bel Marina Hoi An","og_description":"Mang \u0111\u1ebfn kh\u00f4ng gian l\u00fd t\u01b0\u1edfng cho gia \u0111\u00ecnh, Family Villa (80 &#8211; 90 m\u00b2) m\u1edf ra kho\u1ea3ng s\u00e2n hi\u00ean ri\u00eang h\u01b0\u1edbng ra khu v\u01b0\u1eddn nhi\u1ec7t \u0111\u1edbi xanh m\u00e1t, n\u01a1i b\u1ea1n c\u00f3 th\u1ec3 t\u1eadn h\u01b0\u1edfng nh\u1eefng kho\u1ea3nh kh\u1eafc th\u01b0 gi\u00e3n trong kh\u00f4ng gian ri\u00eang t\u01b0 v\u00e0 g\u1ea7n g\u0169i. Bi\u1ec7t th\u1ef1 \u0111\u01b0\u1ee3c b\u1ed1 tr\u00ed m\u1ed9t gi\u01b0\u1eddng [&hellip;]","og_url":"https:\/\/www.belmarinahoian.com\/vi\/room-suite-villas\/family-villa\/","og_site_name":"Bel Marina Hoi An","article_publisher":"https:\/\/www.facebook.com\/belmarinahoian.official","article_modified_time":"2026-04-15T02:30:00+00:00","twitter_card":"summary_large_image","twitter_misc":{"Est. reading time":"1 minute"},"schema":{"@context":"https:\/\/schema.org","@graph":[{"@type":"WebPage","@id":"https:\/\/www.belmarinahoian.com\/vi\/room-suite-villas\/family-villa\/","url":"https:\/\/www.belmarinahoian.com\/vi\/room-suite-villas\/family-villa\/","name":"Family Villa - Bel Marina Hoi An","isPartOf":{"@id":"https:\/\/www.belmarinahoian.com\/vi\/#website"},"datePublished":"2025-11-10T09:30:27+00:00","dateModified":"2026-04-15T02:30:00+00:00","breadcrumb":{"@id":"https:\/\/www.belmarinahoian.com\/vi\/room-suite-villas\/family-villa\/#breadcrumb"},"inLanguage":"vi-VN","potentialAction":[{"@type":"ReadAction","target":["https:\/\/www.belmarinahoian.com\/vi\/room-suite-villas\/family-villa\/"]}]},{"@type":"BreadcrumbList","@id":"https:\/\/www.belmarinahoian.com\/vi\/room-suite-villas\/family-villa\/#breadcrumb","itemListElement":[{"@type":"ListItem","position":1,"name":"Home","item":"https:\/\/www.belmarinahoian.com\/vi\/"},{"@type":"ListItem","position":2,"name":"Ph\u00f2ng, Suite &amp; Villa","item":"https:\/\/www.belmarinahoian.com\/vi\/room-suite-villas\/"},{"@type":"ListItem","position":3,"name":"Family Villa"}]},{"@type":"WebSite","@id":"https:\/\/www.belmarinahoian.com\/vi\/#website","url":"https:\/\/www.belmarinahoian.com\/vi\/","name":"Bel Marina Hoi An","description":"","potentialAction":[{"@type":"SearchAction","target":{"@type":"EntryPoint","urlTemplate":"https:\/\/www.belmarinahoian.com\/vi\/?s={search_term_string}"},"query-input":"required name=search_term_string"}],"inLanguage":"vi-VN"}]}},"acf":[],"_links":{"self":[{"href":"https:\/\/www.belmarinahoian.com\/vi\/wp-json\/wp\/v2\/pages\/225"}],"collection":[{"href":"https:\/\/www.belmarinahoian.com\/vi\/wp-json\/wp\/v2\/pages"}],"about":[{"href":"https:\/\/www.belmarinahoian.com\/vi\/wp-json\/wp\/v2\/types\/page"}],"author":[{"embeddable":true,"href":"https:\/\/www.belmarinahoian.com\/vi\/wp-json\/wp\/v2\/users\/90"}],"replies":[{"embeddable":true,"href":"https:\/\/www.belmarinahoian.com\/vi\/wp-json\/wp\/v2\/comments?post=225"}],"version-history":[{"count":0,"href":"https:\/\/www.belmarinahoian.com\/vi\/wp-json\/wp\/v2\/pages\/225\/revisions"}],"up":[{"embeddable":true,"href":"https:\/\/www.belmarinahoian.com\/vi\/wp-json\/wp\/v2\/pages\/215"}],"wp:attachment":[{"href":"https:\/\/www.belmarinahoian.com\/vi\/wp-json\/wp\/v2\/media?parent=225"}],"wp:term":[{"taxonomy":"category","embeddable":true,"href":"https:\/\/www.belmarinahoian.com\/vi\/wp-json\/wp\/v2\/categories?post=225"}],"curies":[{"name":"wp","href":"https:\/\/api.w.org\/{rel}","templated":true}]}}