{"id":224,"date":"2025-11-10T09:27:33","date_gmt":"2025-11-10T09:27:33","guid":{"rendered":"https:\/\/belmarinahoian.ms2.decms.asia\/room-suite-villas\/premium-suite-river-view\/"},"modified":"2026-04-15T02:29:32","modified_gmt":"2026-04-15T02:29:32","slug":"premium-suite-river-view","status":"publish","type":"page","link":"https:\/\/www.belmarinahoian.com\/vi\/room-suite-villas\/premium-suite-river-view\/","title":{"rendered":"Premium Suite River View"},"content":{"rendered":"<p>T\u1eadn h\u01b0\u1edfng kh\u00f4ng gian ngh\u1ec9 d\u01b0\u1ee1ng r\u1ed9ng r\u00e3i v\u00e0 tinh t\u1ebf, Premium Suite River View (52 m\u00b2)t\u00e1i hi\u1ec7n tinh th\u1ea7n H\u1ed9i An qua thi\u1ebft k\u1ebf trang nh\u00e3 c\u00f9ng ban c\u00f4ng ri\u00eang h\u01b0\u1edbng ra s\u00f4ng Thu B\u1ed3n. C\u1eeda s\u1ed5 r\u1ed9ng m\u1edf ra t\u1ea7m nh\u00ecn to\u00e0n c\u1ea3nh, \u0111\u00f3n tr\u1ecdn v\u1ebb \u0111\u1eb9p y\u00ean b\u00ecnh c\u1ee7a d\u00f2ng s\u00f4ng v\u00e0o t\u1eebng kho\u1ea3nh kh\u1eafc trong ng\u00e0y.<\/p>\n<p>S\u1eafc cam r\u1ef1c r\u1ee1 k\u1ebft h\u1ee3p c\u00f9ng n\u1ec1n g\u1ed7 n\u00e2u \u1ea5m t\u1ea1o n\u00ean m\u1ed9t t\u1ed5ng th\u1ec3 s\u1ed1ng \u0111\u1ed9ng v\u00e0 \u0111\u1ea7y c\u1ea3m x\u00fac, mang \u0111\u1ebfn tr\u1ea3i nghi\u1ec7m l\u01b0u tr\u00fa \u0111\u1eadm d\u1ea5u \u1ea5n \u0111\u1ecba ph\u01b0\u01a1ng, n\u01a1i m\u1ed7i kho\u1ea3nh kh\u1eafc \u0111\u1ec1u tr\u1edf n\u00ean \u0111\u00e1ng nh\u1edb.<\/p>\n","protected":false},"excerpt":{"rendered":"<p>T\u1eadn h\u01b0\u1edfng kh\u00f4ng gian ngh\u1ec9 d\u01b0\u1ee1ng r\u1ed9ng r\u00e3i v\u00e0 tinh t\u1ebf, Premium Suite River View (52 m\u00b2)t\u00e1i hi\u1ec7n tinh th\u1ea7n H\u1ed9i An qua thi\u1ebft k\u1ebf trang nh\u00e3 c\u00f9ng ban c\u00f4ng ri\u00eang h\u01b0\u1edbng ra s\u00f4ng Thu B\u1ed3n. C\u1eeda s\u1ed5 r\u1ed9ng m\u1edf ra t\u1ea7m nh\u00ecn to\u00e0n c\u1ea3nh, \u0111\u00f3n tr\u1ecdn v\u1ebb \u0111\u1eb9p y\u00ean b\u00ecnh c\u1ee7a d\u00f2ng s\u00f4ng v\u00e0o [&hellip;]<\/p>\n","protected":false},"author":90,"featured_media":0,"parent":215,"menu_order":4,"comment_status":"closed","ping_status":"closed","template":"template-single-room.php","meta":{"footnotes":""},"categories":[],"yoast_head":"<!-- This site is optimized with the Yoast SEO plugin v22.3 - https:\/\/yoast.com\/wordpress\/plugins\/seo\/ -->\n<title>Premium Suite River View - Bel Marina Hoi An<\/title>\n<meta name=\"robots\" content=\"index, follow, max-snippet:-1, max-image-preview:large, max-video-preview:-1\" \/>\n<link rel=\"canonical\" href=\"https:\/\/www.belmarinahoian.com\/vi\/room-suite-villas\/premium-suite-river-view\/\" \/>\n<meta property=\"og:locale\" content=\"vi_VN\" \/>\n<meta property=\"og:type\" content=\"article\" \/>\n<meta property=\"og:title\" content=\"Premium Suite River View - Bel Marina Hoi An\" \/>\n<meta property=\"og:description\" content=\"T\u1eadn h\u01b0\u1edfng kh\u00f4ng gian ngh\u1ec9 d\u01b0\u1ee1ng r\u1ed9ng r\u00e3i v\u00e0 tinh t\u1ebf, Premium Suite River View (52 m\u00b2)t\u00e1i hi\u1ec7n tinh th\u1ea7n H\u1ed9i An qua thi\u1ebft k\u1ebf trang nh\u00e3 c\u00f9ng ban c\u00f4ng ri\u00eang h\u01b0\u1edbng ra s\u00f4ng Thu B\u1ed3n. C\u1eeda s\u1ed5 r\u1ed9ng m\u1edf ra t\u1ea7m nh\u00ecn to\u00e0n c\u1ea3nh, \u0111\u00f3n tr\u1ecdn v\u1ebb \u0111\u1eb9p y\u00ean b\u00ecnh c\u1ee7a d\u00f2ng s\u00f4ng v\u00e0o [&hellip;]\" \/>\n<meta property=\"og:url\" content=\"https:\/\/www.belmarinahoian.com\/vi\/room-suite-villas\/premium-suite-river-view\/\" \/>\n<meta property=\"og:site_name\" content=\"Bel Marina Hoi An\" \/>\n<meta property=\"article:publisher\" content=\"https:\/\/www.facebook.com\/belmarinahoian.official\" \/>\n<meta property=\"article:modified_time\" content=\"2026-04-15T02:29:32+00:00\" \/>\n<meta name=\"twitter:card\" content=\"summary_large_image\" \/>\n<meta name=\"twitter:label1\" content=\"Est. reading time\" \/>\n\t<meta name=\"twitter:data1\" content=\"1 minute\" \/>\n<script type=\"application\/ld+json\" class=\"yoast-schema-graph\">{\"@context\":\"https:\/\/schema.org\",\"@graph\":[{\"@type\":\"WebPage\",\"@id\":\"https:\/\/www.belmarinahoian.com\/vi\/room-suite-villas\/premium-suite-river-view\/\",\"url\":\"https:\/\/www.belmarinahoian.com\/vi\/room-suite-villas\/premium-suite-river-view\/\",\"name\":\"Premium Suite River View - Bel Marina Hoi An\",\"isPartOf\":{\"@id\":\"https:\/\/www.belmarinahoian.com\/vi\/#website\"},\"datePublished\":\"2025-11-10T09:27:33+00:00\",\"dateModified\":\"2026-04-15T02:29:32+00:00\",\"breadcrumb\":{\"@id\":\"https:\/\/www.belmarinahoian.com\/vi\/room-suite-villas\/premium-suite-river-view\/#breadcrumb\"},\"inLanguage\":\"vi-VN\",\"potentialAction\":[{\"@type\":\"ReadAction\",\"target\":[\"https:\/\/www.belmarinahoian.com\/vi\/room-suite-villas\/premium-suite-river-view\/\"]}]},{\"@type\":\"BreadcrumbList\",\"@id\":\"https:\/\/www.belmarinahoian.com\/vi\/room-suite-villas\/premium-suite-river-view\/#breadcrumb\",\"itemListElement\":[{\"@type\":\"ListItem\",\"position\":1,\"name\":\"Home\",\"item\":\"https:\/\/www.belmarinahoian.com\/vi\/\"},{\"@type\":\"ListItem\",\"position\":2,\"name\":\"Ph\u00f2ng, Suite &amp; Villa\",\"item\":\"https:\/\/www.belmarinahoian.com\/vi\/room-suite-villas\/\"},{\"@type\":\"ListItem\",\"position\":3,\"name\":\"Premium Suite River View\"}]},{\"@type\":\"WebSite\",\"@id\":\"https:\/\/www.belmarinahoian.com\/vi\/#website\",\"url\":\"https:\/\/www.belmarinahoian.com\/vi\/\",\"name\":\"Bel Marina Hoi An\",\"description\":\"\",\"potentialAction\":[{\"@type\":\"SearchAction\",\"target\":{\"@type\":\"EntryPoint\",\"urlTemplate\":\"https:\/\/www.belmarinahoian.com\/vi\/?s={search_term_string}\"},\"query-input\":\"required name=search_term_string\"}],\"inLanguage\":\"vi-VN\"}]}<\/script>\n<!-- \/ Yoast SEO plugin. -->","yoast_head_json":{"title":"Premium Suite River View - Bel Marina Hoi An","robots":{"index":"index","follow":"follow","max-snippet":"max-snippet:-1","max-image-preview":"max-image-preview:large","max-video-preview":"max-video-preview:-1"},"canonical":"https:\/\/www.belmarinahoian.com\/vi\/room-suite-villas\/premium-suite-river-view\/","og_locale":"vi_VN","og_type":"article","og_title":"Premium Suite River View - Bel Marina Hoi An","og_description":"T\u1eadn h\u01b0\u1edfng kh\u00f4ng gian ngh\u1ec9 d\u01b0\u1ee1ng r\u1ed9ng r\u00e3i v\u00e0 tinh t\u1ebf, Premium Suite River View (52 m\u00b2)t\u00e1i hi\u1ec7n tinh th\u1ea7n H\u1ed9i An qua thi\u1ebft k\u1ebf trang nh\u00e3 c\u00f9ng ban c\u00f4ng ri\u00eang h\u01b0\u1edbng ra s\u00f4ng Thu B\u1ed3n. C\u1eeda s\u1ed5 r\u1ed9ng m\u1edf ra t\u1ea7m nh\u00ecn to\u00e0n c\u1ea3nh, \u0111\u00f3n tr\u1ecdn v\u1ebb \u0111\u1eb9p y\u00ean b\u00ecnh c\u1ee7a d\u00f2ng s\u00f4ng v\u00e0o [&hellip;]","og_url":"https:\/\/www.belmarinahoian.com\/vi\/room-suite-villas\/premium-suite-river-view\/","og_site_name":"Bel Marina Hoi An","article_publisher":"https:\/\/www.facebook.com\/belmarinahoian.official","article_modified_time":"2026-04-15T02:29:32+00:00","twitter_card":"summary_large_image","twitter_misc":{"Est. reading time":"1 minute"},"schema":{"@context":"https:\/\/schema.org","@graph":[{"@type":"WebPage","@id":"https:\/\/www.belmarinahoian.com\/vi\/room-suite-villas\/premium-suite-river-view\/","url":"https:\/\/www.belmarinahoian.com\/vi\/room-suite-villas\/premium-suite-river-view\/","name":"Premium Suite River View - Bel Marina Hoi An","isPartOf":{"@id":"https:\/\/www.belmarinahoian.com\/vi\/#website"},"datePublished":"2025-11-10T09:27:33+00:00","dateModified":"2026-04-15T02:29:32+00:00","breadcrumb":{"@id":"https:\/\/www.belmarinahoian.com\/vi\/room-suite-villas\/premium-suite-river-view\/#breadcrumb"},"inLanguage":"vi-VN","potentialAction":[{"@type":"ReadAction","target":["https:\/\/www.belmarinahoian.com\/vi\/room-suite-villas\/premium-suite-river-view\/"]}]},{"@type":"BreadcrumbList","@id":"https:\/\/www.belmarinahoian.com\/vi\/room-suite-villas\/premium-suite-river-view\/#breadcrumb","itemListElement":[{"@type":"ListItem","position":1,"name":"Home","item":"https:\/\/www.belmarinahoian.com\/vi\/"},{"@type":"ListItem","position":2,"name":"Ph\u00f2ng, Suite &amp; Villa","item":"https:\/\/www.belmarinahoian.com\/vi\/room-suite-villas\/"},{"@type":"ListItem","position":3,"name":"Premium Suite River View"}]},{"@type":"WebSite","@id":"https:\/\/www.belmarinahoian.com\/vi\/#website","url":"https:\/\/www.belmarinahoian.com\/vi\/","name":"Bel Marina Hoi An","description":"","potentialAction":[{"@type":"SearchAction","target":{"@type":"EntryPoint","urlTemplate":"https:\/\/www.belmarinahoian.com\/vi\/?s={search_term_string}"},"query-input":"required name=search_term_string"}],"inLanguage":"vi-VN"}]}},"acf":[],"_links":{"self":[{"href":"https:\/\/www.belmarinahoian.com\/vi\/wp-json\/wp\/v2\/pages\/224"}],"collection":[{"href":"https:\/\/www.belmarinahoian.com\/vi\/wp-json\/wp\/v2\/pages"}],"about":[{"href":"https:\/\/www.belmarinahoian.com\/vi\/wp-json\/wp\/v2\/types\/page"}],"author":[{"embeddable":true,"href":"https:\/\/www.belmarinahoian.com\/vi\/wp-json\/wp\/v2\/users\/90"}],"replies":[{"embeddable":true,"href":"https:\/\/www.belmarinahoian.com\/vi\/wp-json\/wp\/v2\/comments?post=224"}],"version-history":[{"count":0,"href":"https:\/\/www.belmarinahoian.com\/vi\/wp-json\/wp\/v2\/pages\/224\/revisions"}],"up":[{"embeddable":true,"href":"https:\/\/www.belmarinahoian.com\/vi\/wp-json\/wp\/v2\/pages\/215"}],"wp:attachment":[{"href":"https:\/\/www.belmarinahoian.com\/vi\/wp-json\/wp\/v2\/media?parent=224"}],"wp:term":[{"taxonomy":"category","embeddable":true,"href":"https:\/\/www.belmarinahoian.com\/vi\/wp-json\/wp\/v2\/categories?post=224"}],"curies":[{"name":"wp","href":"https:\/\/api.w.org\/{rel}","templated":true}]}}