{"id":222,"date":"2025-11-10T09:24:31","date_gmt":"2025-11-10T09:24:31","guid":{"rendered":"https:\/\/belmarinahoian.ms2.decms.asia\/room-suite-villas\/deluxe-river-view-balcony\/"},"modified":"2026-04-15T02:28:52","modified_gmt":"2026-04-15T02:28:52","slug":"deluxe-river-view-balcony","status":"publish","type":"page","link":"https:\/\/www.belmarinahoian.com\/vi\/room-suite-villas\/deluxe-river-view-balcony\/","title":{"rendered":"Deluxe River View Balcony"},"content":{"rendered":"<p>Ph\u00f2ng Deluxe Balcony River View (40 m\u00b2) m\u1edf ra t\u1ea7m nh\u00ecn h\u01b0\u1edbng h\u1ed3 b\u01a1i v\u00f4 c\u1ef1c v\u00e0 d\u00f2ng s\u00f4ng Thu B\u1ed3n th\u01a1 m\u1ed9ng. Ban c\u00f4ng ri\u00eang t\u1ea1o n\u00ean kh\u00f4ng gian t\u0129nh l\u1eb7ng, l\u00fd t\u01b0\u1edfng \u0111\u1ec3 t\u1eadn h\u01b0\u1edfng tr\u1ecdn v\u1eb9n s\u1ef1 ri\u00eang t\u01b0. Thi\u1ebft k\u1ebf ph\u00f2ng r\u1ed9ng r\u00e3i, tho\u00e1ng \u0111\u00e3ng c\u00f9ng l\u1ef1a ch\u1ecdn gi\u01b0\u1eddng \u0111\u00f4i ho\u1eb7c hai gi\u01b0\u1eddng \u0111\u01a1n mang \u0111\u1ebfn tr\u1ea3i nghi\u1ec7m ngh\u1ec9 d\u01b0\u1ee1ng tho\u1ea3i m\u00e1i cho m\u1ecdi v\u1ecb kh\u00e1ch.<\/p>\n","protected":false},"excerpt":{"rendered":"<p>Ph\u00f2ng Deluxe Balcony River View (40 m\u00b2) m\u1edf ra t\u1ea7m nh\u00ecn h\u01b0\u1edbng h\u1ed3 b\u01a1i v\u00f4 c\u1ef1c v\u00e0 d\u00f2ng s\u00f4ng Thu B\u1ed3n th\u01a1 m\u1ed9ng. Ban c\u00f4ng ri\u00eang t\u1ea1o n\u00ean kh\u00f4ng gian t\u0129nh l\u1eb7ng, l\u00fd t\u01b0\u1edfng \u0111\u1ec3 t\u1eadn h\u01b0\u1edfng tr\u1ecdn v\u1eb9n s\u1ef1 ri\u00eang t\u01b0. Thi\u1ebft k\u1ebf ph\u00f2ng r\u1ed9ng r\u00e3i, tho\u00e1ng \u0111\u00e3ng c\u00f9ng l\u1ef1a ch\u1ecdn gi\u01b0\u1eddng \u0111\u00f4i ho\u1eb7c [&hellip;]<\/p>\n","protected":false},"author":90,"featured_media":0,"parent":215,"menu_order":3,"comment_status":"closed","ping_status":"closed","template":"template-single-room.php","meta":{"footnotes":""},"categories":[],"yoast_head":"<!-- This site is optimized with the Yoast SEO plugin v22.3 - https:\/\/yoast.com\/wordpress\/plugins\/seo\/ -->\n<title>Deluxe River View Balcony - Bel Marina Hoi An<\/title>\n<meta name=\"robots\" content=\"index, follow, max-snippet:-1, max-image-preview:large, max-video-preview:-1\" \/>\n<link rel=\"canonical\" href=\"https:\/\/www.belmarinahoian.com\/vi\/room-suite-villas\/deluxe-river-view-balcony\/\" \/>\n<meta property=\"og:locale\" content=\"vi_VN\" \/>\n<meta property=\"og:type\" content=\"article\" \/>\n<meta property=\"og:title\" content=\"Deluxe River View Balcony - Bel Marina Hoi An\" \/>\n<meta property=\"og:description\" content=\"Ph\u00f2ng Deluxe Balcony River View (40 m\u00b2) m\u1edf ra t\u1ea7m nh\u00ecn h\u01b0\u1edbng h\u1ed3 b\u01a1i v\u00f4 c\u1ef1c v\u00e0 d\u00f2ng s\u00f4ng Thu B\u1ed3n th\u01a1 m\u1ed9ng. Ban c\u00f4ng ri\u00eang t\u1ea1o n\u00ean kh\u00f4ng gian t\u0129nh l\u1eb7ng, l\u00fd t\u01b0\u1edfng \u0111\u1ec3 t\u1eadn h\u01b0\u1edfng tr\u1ecdn v\u1eb9n s\u1ef1 ri\u00eang t\u01b0. Thi\u1ebft k\u1ebf ph\u00f2ng r\u1ed9ng r\u00e3i, tho\u00e1ng \u0111\u00e3ng c\u00f9ng l\u1ef1a ch\u1ecdn gi\u01b0\u1eddng \u0111\u00f4i ho\u1eb7c [&hellip;]\" \/>\n<meta property=\"og:url\" content=\"https:\/\/www.belmarinahoian.com\/vi\/room-suite-villas\/deluxe-river-view-balcony\/\" \/>\n<meta property=\"og:site_name\" content=\"Bel Marina Hoi An\" \/>\n<meta property=\"article:publisher\" content=\"https:\/\/www.facebook.com\/belmarinahoian.official\" \/>\n<meta property=\"article:modified_time\" content=\"2026-04-15T02:28:52+00:00\" \/>\n<meta name=\"twitter:card\" content=\"summary_large_image\" \/>\n<meta name=\"twitter:label1\" content=\"Est. reading time\" \/>\n\t<meta name=\"twitter:data1\" content=\"1 minute\" \/>\n<script type=\"application\/ld+json\" class=\"yoast-schema-graph\">{\"@context\":\"https:\/\/schema.org\",\"@graph\":[{\"@type\":\"WebPage\",\"@id\":\"https:\/\/www.belmarinahoian.com\/vi\/room-suite-villas\/deluxe-river-view-balcony\/\",\"url\":\"https:\/\/www.belmarinahoian.com\/vi\/room-suite-villas\/deluxe-river-view-balcony\/\",\"name\":\"Deluxe River View Balcony - Bel Marina Hoi An\",\"isPartOf\":{\"@id\":\"https:\/\/www.belmarinahoian.com\/vi\/#website\"},\"datePublished\":\"2025-11-10T09:24:31+00:00\",\"dateModified\":\"2026-04-15T02:28:52+00:00\",\"breadcrumb\":{\"@id\":\"https:\/\/www.belmarinahoian.com\/vi\/room-suite-villas\/deluxe-river-view-balcony\/#breadcrumb\"},\"inLanguage\":\"vi-VN\",\"potentialAction\":[{\"@type\":\"ReadAction\",\"target\":[\"https:\/\/www.belmarinahoian.com\/vi\/room-suite-villas\/deluxe-river-view-balcony\/\"]}]},{\"@type\":\"BreadcrumbList\",\"@id\":\"https:\/\/www.belmarinahoian.com\/vi\/room-suite-villas\/deluxe-river-view-balcony\/#breadcrumb\",\"itemListElement\":[{\"@type\":\"ListItem\",\"position\":1,\"name\":\"Home\",\"item\":\"https:\/\/www.belmarinahoian.com\/vi\/\"},{\"@type\":\"ListItem\",\"position\":2,\"name\":\"Ph\u00f2ng, Suite &amp; Villa\",\"item\":\"https:\/\/www.belmarinahoian.com\/vi\/room-suite-villas\/\"},{\"@type\":\"ListItem\",\"position\":3,\"name\":\"Deluxe River View Balcony\"}]},{\"@type\":\"WebSite\",\"@id\":\"https:\/\/www.belmarinahoian.com\/vi\/#website\",\"url\":\"https:\/\/www.belmarinahoian.com\/vi\/\",\"name\":\"Bel Marina Hoi An\",\"description\":\"\",\"potentialAction\":[{\"@type\":\"SearchAction\",\"target\":{\"@type\":\"EntryPoint\",\"urlTemplate\":\"https:\/\/www.belmarinahoian.com\/vi\/?s={search_term_string}\"},\"query-input\":\"required name=search_term_string\"}],\"inLanguage\":\"vi-VN\"}]}<\/script>\n<!-- \/ Yoast SEO plugin. -->","yoast_head_json":{"title":"Deluxe River View Balcony - Bel Marina Hoi An","robots":{"index":"index","follow":"follow","max-snippet":"max-snippet:-1","max-image-preview":"max-image-preview:large","max-video-preview":"max-video-preview:-1"},"canonical":"https:\/\/www.belmarinahoian.com\/vi\/room-suite-villas\/deluxe-river-view-balcony\/","og_locale":"vi_VN","og_type":"article","og_title":"Deluxe River View Balcony - Bel Marina Hoi An","og_description":"Ph\u00f2ng Deluxe Balcony River View (40 m\u00b2) m\u1edf ra t\u1ea7m nh\u00ecn h\u01b0\u1edbng h\u1ed3 b\u01a1i v\u00f4 c\u1ef1c v\u00e0 d\u00f2ng s\u00f4ng Thu B\u1ed3n th\u01a1 m\u1ed9ng. Ban c\u00f4ng ri\u00eang t\u1ea1o n\u00ean kh\u00f4ng gian t\u0129nh l\u1eb7ng, l\u00fd t\u01b0\u1edfng \u0111\u1ec3 t\u1eadn h\u01b0\u1edfng tr\u1ecdn v\u1eb9n s\u1ef1 ri\u00eang t\u01b0. Thi\u1ebft k\u1ebf ph\u00f2ng r\u1ed9ng r\u00e3i, tho\u00e1ng \u0111\u00e3ng c\u00f9ng l\u1ef1a ch\u1ecdn gi\u01b0\u1eddng \u0111\u00f4i ho\u1eb7c [&hellip;]","og_url":"https:\/\/www.belmarinahoian.com\/vi\/room-suite-villas\/deluxe-river-view-balcony\/","og_site_name":"Bel Marina Hoi An","article_publisher":"https:\/\/www.facebook.com\/belmarinahoian.official","article_modified_time":"2026-04-15T02:28:52+00:00","twitter_card":"summary_large_image","twitter_misc":{"Est. reading time":"1 minute"},"schema":{"@context":"https:\/\/schema.org","@graph":[{"@type":"WebPage","@id":"https:\/\/www.belmarinahoian.com\/vi\/room-suite-villas\/deluxe-river-view-balcony\/","url":"https:\/\/www.belmarinahoian.com\/vi\/room-suite-villas\/deluxe-river-view-balcony\/","name":"Deluxe River View Balcony - Bel Marina Hoi An","isPartOf":{"@id":"https:\/\/www.belmarinahoian.com\/vi\/#website"},"datePublished":"2025-11-10T09:24:31+00:00","dateModified":"2026-04-15T02:28:52+00:00","breadcrumb":{"@id":"https:\/\/www.belmarinahoian.com\/vi\/room-suite-villas\/deluxe-river-view-balcony\/#breadcrumb"},"inLanguage":"vi-VN","potentialAction":[{"@type":"ReadAction","target":["https:\/\/www.belmarinahoian.com\/vi\/room-suite-villas\/deluxe-river-view-balcony\/"]}]},{"@type":"BreadcrumbList","@id":"https:\/\/www.belmarinahoian.com\/vi\/room-suite-villas\/deluxe-river-view-balcony\/#breadcrumb","itemListElement":[{"@type":"ListItem","position":1,"name":"Home","item":"https:\/\/www.belmarinahoian.com\/vi\/"},{"@type":"ListItem","position":2,"name":"Ph\u00f2ng, Suite &amp; Villa","item":"https:\/\/www.belmarinahoian.com\/vi\/room-suite-villas\/"},{"@type":"ListItem","position":3,"name":"Deluxe River View Balcony"}]},{"@type":"WebSite","@id":"https:\/\/www.belmarinahoian.com\/vi\/#website","url":"https:\/\/www.belmarinahoian.com\/vi\/","name":"Bel Marina Hoi An","description":"","potentialAction":[{"@type":"SearchAction","target":{"@type":"EntryPoint","urlTemplate":"https:\/\/www.belmarinahoian.com\/vi\/?s={search_term_string}"},"query-input":"required name=search_term_string"}],"inLanguage":"vi-VN"}]}},"acf":[],"_links":{"self":[{"href":"https:\/\/www.belmarinahoian.com\/vi\/wp-json\/wp\/v2\/pages\/222"}],"collection":[{"href":"https:\/\/www.belmarinahoian.com\/vi\/wp-json\/wp\/v2\/pages"}],"about":[{"href":"https:\/\/www.belmarinahoian.com\/vi\/wp-json\/wp\/v2\/types\/page"}],"author":[{"embeddable":true,"href":"https:\/\/www.belmarinahoian.com\/vi\/wp-json\/wp\/v2\/users\/90"}],"replies":[{"embeddable":true,"href":"https:\/\/www.belmarinahoian.com\/vi\/wp-json\/wp\/v2\/comments?post=222"}],"version-history":[{"count":0,"href":"https:\/\/www.belmarinahoian.com\/vi\/wp-json\/wp\/v2\/pages\/222\/revisions"}],"up":[{"embeddable":true,"href":"https:\/\/www.belmarinahoian.com\/vi\/wp-json\/wp\/v2\/pages\/215"}],"wp:attachment":[{"href":"https:\/\/www.belmarinahoian.com\/vi\/wp-json\/wp\/v2\/media?parent=222"}],"wp:term":[{"taxonomy":"category","embeddable":true,"href":"https:\/\/www.belmarinahoian.com\/vi\/wp-json\/wp\/v2\/categories?post=222"}],"curies":[{"name":"wp","href":"https:\/\/api.w.org\/{rel}","templated":true}]}}