{"id":220,"date":"2025-11-10T09:18:58","date_gmt":"2025-11-10T09:18:58","guid":{"rendered":"https:\/\/belmarinahoian.ms2.decms.asia\/room-suite-villas\/deluxe-pool-view-balcony\/"},"modified":"2026-04-15T02:28:34","modified_gmt":"2026-04-15T02:28:34","slug":"deluxe-pool-view-balcony","status":"publish","type":"page","link":"https:\/\/www.belmarinahoian.com\/vi\/room-suite-villas\/deluxe-pool-view-balcony\/","title":{"rendered":"Deluxe Pool View Balcony"},"content":{"rendered":"<p>Ph\u00f2ng Deluxe Pool View Balcony (40 m\u00b2) s\u1edf h\u1eefu t\u1ea7m nh\u00ecn tr\u1ef1c di\u1ec7n ra h\u1ed3 b\u01a1i v\u00f4 c\u1ef1c l\u1edbn nh\u1ea5t khu v\u1ef1c Ph\u1ed1 c\u1ed5 H\u1ed9i An t\u1ea1i resort. Kh\u00f4ng gian ph\u00f2ng \u0111\u01b0\u1ee3c thi\u1ebft k\u1ebf ch\u00fa tr\u1ecdng s\u1ef1 tho\u1ea3i m\u00e1i v\u00e0 ti\u1ec7n nghi, k\u1ebft h\u1ee3p ban c\u00f4ng xanh m\u00e1t, mang \u0111\u1ebfn tr\u1ea3i nghi\u1ec7m ngh\u1ec9 d\u01b0\u1ee1ng th\u01b0 th\u00e1i v\u00e0 y\u00ean t\u0129nh. Ph\u00f2ng \u0111\u01b0\u1ee3c trang b\u1ecb gi\u01b0\u1eddng King ho\u1eb7c Twin ph\u00f9 h\u1ee3p cho c\u1eb7p \u0111\u00f4i v\u00e0 gia \u0111\u00ecnh nh\u1ecf.<\/p>\n","protected":false},"excerpt":{"rendered":"<p>Ph\u00f2ng Deluxe Pool View Balcony (40 m\u00b2) s\u1edf h\u1eefu t\u1ea7m nh\u00ecn tr\u1ef1c di\u1ec7n ra h\u1ed3 b\u01a1i v\u00f4 c\u1ef1c l\u1edbn nh\u1ea5t khu v\u1ef1c Ph\u1ed1 c\u1ed5 H\u1ed9i An t\u1ea1i resort. Kh\u00f4ng gian ph\u00f2ng \u0111\u01b0\u1ee3c thi\u1ebft k\u1ebf ch\u00fa tr\u1ecdng s\u1ef1 tho\u1ea3i m\u00e1i v\u00e0 ti\u1ec7n nghi, k\u1ebft h\u1ee3p ban c\u00f4ng xanh m\u00e1t, mang \u0111\u1ebfn tr\u1ea3i nghi\u1ec7m ngh\u1ec9 d\u01b0\u1ee1ng th\u01b0 [&hellip;]<\/p>\n","protected":false},"author":90,"featured_media":0,"parent":215,"menu_order":2,"comment_status":"closed","ping_status":"closed","template":"template-single-room.php","meta":{"footnotes":""},"categories":[],"yoast_head":"<!-- This site is optimized with the Yoast SEO plugin v22.3 - https:\/\/yoast.com\/wordpress\/plugins\/seo\/ -->\n<title>Deluxe Pool View Balcony - Bel Marina Hoi An<\/title>\n<meta name=\"robots\" content=\"index, follow, max-snippet:-1, max-image-preview:large, max-video-preview:-1\" \/>\n<link rel=\"canonical\" href=\"https:\/\/www.belmarinahoian.com\/vi\/room-suite-villas\/deluxe-pool-view-balcony\/\" \/>\n<meta property=\"og:locale\" content=\"vi_VN\" \/>\n<meta property=\"og:type\" content=\"article\" \/>\n<meta property=\"og:title\" content=\"Deluxe Pool View Balcony - Bel Marina Hoi An\" \/>\n<meta property=\"og:description\" content=\"Ph\u00f2ng Deluxe Pool View Balcony (40 m\u00b2) s\u1edf h\u1eefu t\u1ea7m nh\u00ecn tr\u1ef1c di\u1ec7n ra h\u1ed3 b\u01a1i v\u00f4 c\u1ef1c l\u1edbn nh\u1ea5t khu v\u1ef1c Ph\u1ed1 c\u1ed5 H\u1ed9i An t\u1ea1i resort. Kh\u00f4ng gian ph\u00f2ng \u0111\u01b0\u1ee3c thi\u1ebft k\u1ebf ch\u00fa tr\u1ecdng s\u1ef1 tho\u1ea3i m\u00e1i v\u00e0 ti\u1ec7n nghi, k\u1ebft h\u1ee3p ban c\u00f4ng xanh m\u00e1t, mang \u0111\u1ebfn tr\u1ea3i nghi\u1ec7m ngh\u1ec9 d\u01b0\u1ee1ng th\u01b0 [&hellip;]\" \/>\n<meta property=\"og:url\" content=\"https:\/\/www.belmarinahoian.com\/vi\/room-suite-villas\/deluxe-pool-view-balcony\/\" \/>\n<meta property=\"og:site_name\" content=\"Bel Marina Hoi An\" \/>\n<meta property=\"article:publisher\" content=\"https:\/\/www.facebook.com\/belmarinahoian.official\" \/>\n<meta property=\"article:modified_time\" content=\"2026-04-15T02:28:34+00:00\" \/>\n<meta name=\"twitter:card\" content=\"summary_large_image\" \/>\n<meta name=\"twitter:label1\" content=\"Est. reading time\" \/>\n\t<meta name=\"twitter:data1\" content=\"1 minute\" \/>\n<script type=\"application\/ld+json\" class=\"yoast-schema-graph\">{\"@context\":\"https:\/\/schema.org\",\"@graph\":[{\"@type\":\"WebPage\",\"@id\":\"https:\/\/www.belmarinahoian.com\/vi\/room-suite-villas\/deluxe-pool-view-balcony\/\",\"url\":\"https:\/\/www.belmarinahoian.com\/vi\/room-suite-villas\/deluxe-pool-view-balcony\/\",\"name\":\"Deluxe Pool View Balcony - Bel Marina Hoi An\",\"isPartOf\":{\"@id\":\"https:\/\/www.belmarinahoian.com\/vi\/#website\"},\"datePublished\":\"2025-11-10T09:18:58+00:00\",\"dateModified\":\"2026-04-15T02:28:34+00:00\",\"breadcrumb\":{\"@id\":\"https:\/\/www.belmarinahoian.com\/vi\/room-suite-villas\/deluxe-pool-view-balcony\/#breadcrumb\"},\"inLanguage\":\"vi-VN\",\"potentialAction\":[{\"@type\":\"ReadAction\",\"target\":[\"https:\/\/www.belmarinahoian.com\/vi\/room-suite-villas\/deluxe-pool-view-balcony\/\"]}]},{\"@type\":\"BreadcrumbList\",\"@id\":\"https:\/\/www.belmarinahoian.com\/vi\/room-suite-villas\/deluxe-pool-view-balcony\/#breadcrumb\",\"itemListElement\":[{\"@type\":\"ListItem\",\"position\":1,\"name\":\"Home\",\"item\":\"https:\/\/www.belmarinahoian.com\/vi\/\"},{\"@type\":\"ListItem\",\"position\":2,\"name\":\"Ph\u00f2ng, Suite &amp; Villa\",\"item\":\"https:\/\/www.belmarinahoian.com\/vi\/room-suite-villas\/\"},{\"@type\":\"ListItem\",\"position\":3,\"name\":\"Deluxe Pool View Balcony\"}]},{\"@type\":\"WebSite\",\"@id\":\"https:\/\/www.belmarinahoian.com\/vi\/#website\",\"url\":\"https:\/\/www.belmarinahoian.com\/vi\/\",\"name\":\"Bel Marina Hoi An\",\"description\":\"\",\"potentialAction\":[{\"@type\":\"SearchAction\",\"target\":{\"@type\":\"EntryPoint\",\"urlTemplate\":\"https:\/\/www.belmarinahoian.com\/vi\/?s={search_term_string}\"},\"query-input\":\"required name=search_term_string\"}],\"inLanguage\":\"vi-VN\"}]}<\/script>\n<!-- \/ Yoast SEO plugin. -->","yoast_head_json":{"title":"Deluxe Pool View Balcony - Bel Marina Hoi An","robots":{"index":"index","follow":"follow","max-snippet":"max-snippet:-1","max-image-preview":"max-image-preview:large","max-video-preview":"max-video-preview:-1"},"canonical":"https:\/\/www.belmarinahoian.com\/vi\/room-suite-villas\/deluxe-pool-view-balcony\/","og_locale":"vi_VN","og_type":"article","og_title":"Deluxe Pool View Balcony - Bel Marina Hoi An","og_description":"Ph\u00f2ng Deluxe Pool View Balcony (40 m\u00b2) s\u1edf h\u1eefu t\u1ea7m nh\u00ecn tr\u1ef1c di\u1ec7n ra h\u1ed3 b\u01a1i v\u00f4 c\u1ef1c l\u1edbn nh\u1ea5t khu v\u1ef1c Ph\u1ed1 c\u1ed5 H\u1ed9i An t\u1ea1i resort. Kh\u00f4ng gian ph\u00f2ng \u0111\u01b0\u1ee3c thi\u1ebft k\u1ebf ch\u00fa tr\u1ecdng s\u1ef1 tho\u1ea3i m\u00e1i v\u00e0 ti\u1ec7n nghi, k\u1ebft h\u1ee3p ban c\u00f4ng xanh m\u00e1t, mang \u0111\u1ebfn tr\u1ea3i nghi\u1ec7m ngh\u1ec9 d\u01b0\u1ee1ng th\u01b0 [&hellip;]","og_url":"https:\/\/www.belmarinahoian.com\/vi\/room-suite-villas\/deluxe-pool-view-balcony\/","og_site_name":"Bel Marina Hoi An","article_publisher":"https:\/\/www.facebook.com\/belmarinahoian.official","article_modified_time":"2026-04-15T02:28:34+00:00","twitter_card":"summary_large_image","twitter_misc":{"Est. reading time":"1 minute"},"schema":{"@context":"https:\/\/schema.org","@graph":[{"@type":"WebPage","@id":"https:\/\/www.belmarinahoian.com\/vi\/room-suite-villas\/deluxe-pool-view-balcony\/","url":"https:\/\/www.belmarinahoian.com\/vi\/room-suite-villas\/deluxe-pool-view-balcony\/","name":"Deluxe Pool View Balcony - Bel Marina Hoi An","isPartOf":{"@id":"https:\/\/www.belmarinahoian.com\/vi\/#website"},"datePublished":"2025-11-10T09:18:58+00:00","dateModified":"2026-04-15T02:28:34+00:00","breadcrumb":{"@id":"https:\/\/www.belmarinahoian.com\/vi\/room-suite-villas\/deluxe-pool-view-balcony\/#breadcrumb"},"inLanguage":"vi-VN","potentialAction":[{"@type":"ReadAction","target":["https:\/\/www.belmarinahoian.com\/vi\/room-suite-villas\/deluxe-pool-view-balcony\/"]}]},{"@type":"BreadcrumbList","@id":"https:\/\/www.belmarinahoian.com\/vi\/room-suite-villas\/deluxe-pool-view-balcony\/#breadcrumb","itemListElement":[{"@type":"ListItem","position":1,"name":"Home","item":"https:\/\/www.belmarinahoian.com\/vi\/"},{"@type":"ListItem","position":2,"name":"Ph\u00f2ng, Suite &amp; Villa","item":"https:\/\/www.belmarinahoian.com\/vi\/room-suite-villas\/"},{"@type":"ListItem","position":3,"name":"Deluxe Pool View Balcony"}]},{"@type":"WebSite","@id":"https:\/\/www.belmarinahoian.com\/vi\/#website","url":"https:\/\/www.belmarinahoian.com\/vi\/","name":"Bel Marina Hoi An","description":"","potentialAction":[{"@type":"SearchAction","target":{"@type":"EntryPoint","urlTemplate":"https:\/\/www.belmarinahoian.com\/vi\/?s={search_term_string}"},"query-input":"required name=search_term_string"}],"inLanguage":"vi-VN"}]}},"acf":[],"_links":{"self":[{"href":"https:\/\/www.belmarinahoian.com\/vi\/wp-json\/wp\/v2\/pages\/220"}],"collection":[{"href":"https:\/\/www.belmarinahoian.com\/vi\/wp-json\/wp\/v2\/pages"}],"about":[{"href":"https:\/\/www.belmarinahoian.com\/vi\/wp-json\/wp\/v2\/types\/page"}],"author":[{"embeddable":true,"href":"https:\/\/www.belmarinahoian.com\/vi\/wp-json\/wp\/v2\/users\/90"}],"replies":[{"embeddable":true,"href":"https:\/\/www.belmarinahoian.com\/vi\/wp-json\/wp\/v2\/comments?post=220"}],"version-history":[{"count":0,"href":"https:\/\/www.belmarinahoian.com\/vi\/wp-json\/wp\/v2\/pages\/220\/revisions"}],"up":[{"embeddable":true,"href":"https:\/\/www.belmarinahoian.com\/vi\/wp-json\/wp\/v2\/pages\/215"}],"wp:attachment":[{"href":"https:\/\/www.belmarinahoian.com\/vi\/wp-json\/wp\/v2\/media?parent=220"}],"wp:term":[{"taxonomy":"category","embeddable":true,"href":"https:\/\/www.belmarinahoian.com\/vi\/wp-json\/wp\/v2\/categories?post=220"}],"curies":[{"name":"wp","href":"https:\/\/api.w.org\/{rel}","templated":true}]}}