{"id":218,"date":"2025-11-10T09:16:21","date_gmt":"2025-11-10T09:16:21","guid":{"rendered":"https:\/\/belmarinahoian.ms2.decms.asia\/room-suite-villas\/deluxe-city-view-balcony\/"},"modified":"2026-04-15T02:26:34","modified_gmt":"2026-04-15T02:26:34","slug":"deluxe-city-view-balcony","status":"publish","type":"page","link":"https:\/\/www.belmarinahoian.com\/vi\/room-suite-villas\/deluxe-city-view-balcony\/","title":{"rendered":"Deluxe City View Balcony"},"content":{"rendered":"<p>Ph\u00f2ng Deluxe City View Balcony (38 m\u00b2) s\u1edf h\u1eefu ban c\u00f4ng ri\u00eang h\u01b0\u1edbng ra khung c\u1ea3nh th\u00e0nh ph\u1ed1 v\u1edbi nh\u1eefng m\u00e1i nh\u00e0 th\u01a1 m\u1ed9ng \u0111\u1eb7c tr\u01b0ng c\u1ee7a H\u1ed9i An, l\u00e0 kh\u00f4ng gian l\u00fd t\u01b0\u1edfng \u0111\u1ec3 nh\u00e2m nhi t\u00e1ch tr\u00e0 ho\u1eb7c \u0111\u01a1n gi\u1ea3n t\u1eadn h\u01b0\u1edfng v\u1ebb \u0111\u1eb9p b\u00ecnh y\u00ean c\u1ee7a ph\u1ed1 c\u1ed5.<\/p>\n","protected":false},"excerpt":{"rendered":"<p>Ph\u00f2ng Deluxe City View Balcony (38 m\u00b2) s\u1edf h\u1eefu ban c\u00f4ng ri\u00eang h\u01b0\u1edbng ra khung c\u1ea3nh th\u00e0nh ph\u1ed1 v\u1edbi nh\u1eefng m\u00e1i nh\u00e0 th\u01a1 m\u1ed9ng \u0111\u1eb7c tr\u01b0ng c\u1ee7a H\u1ed9i An, l\u00e0 kh\u00f4ng gian l\u00fd t\u01b0\u1edfng \u0111\u1ec3 nh\u00e2m nhi t\u00e1ch tr\u00e0 ho\u1eb7c \u0111\u01a1n gi\u1ea3n t\u1eadn h\u01b0\u1edfng v\u1ebb \u0111\u1eb9p b\u00ecnh y\u00ean c\u1ee7a ph\u1ed1 c\u1ed5.<\/p>\n","protected":false},"author":90,"featured_media":0,"parent":215,"menu_order":1,"comment_status":"closed","ping_status":"closed","template":"template-single-room.php","meta":{"footnotes":""},"categories":[],"yoast_head":"<!-- This site is optimized with the Yoast SEO plugin v22.3 - https:\/\/yoast.com\/wordpress\/plugins\/seo\/ -->\n<title>Deluxe City View Balcony - Bel Marina Hoi An<\/title>\n<meta name=\"robots\" content=\"index, follow, max-snippet:-1, max-image-preview:large, max-video-preview:-1\" \/>\n<link rel=\"canonical\" href=\"https:\/\/www.belmarinahoian.com\/vi\/room-suite-villas\/deluxe-city-view-balcony\/\" \/>\n<meta property=\"og:locale\" content=\"vi_VN\" \/>\n<meta property=\"og:type\" content=\"article\" \/>\n<meta property=\"og:title\" content=\"Deluxe City View Balcony - Bel Marina Hoi An\" \/>\n<meta property=\"og:description\" content=\"Ph\u00f2ng Deluxe City View Balcony (38 m\u00b2) s\u1edf h\u1eefu ban c\u00f4ng ri\u00eang h\u01b0\u1edbng ra khung c\u1ea3nh th\u00e0nh ph\u1ed1 v\u1edbi nh\u1eefng m\u00e1i nh\u00e0 th\u01a1 m\u1ed9ng \u0111\u1eb7c tr\u01b0ng c\u1ee7a H\u1ed9i An, l\u00e0 kh\u00f4ng gian l\u00fd t\u01b0\u1edfng \u0111\u1ec3 nh\u00e2m nhi t\u00e1ch tr\u00e0 ho\u1eb7c \u0111\u01a1n gi\u1ea3n t\u1eadn h\u01b0\u1edfng v\u1ebb \u0111\u1eb9p b\u00ecnh y\u00ean c\u1ee7a ph\u1ed1 c\u1ed5.\" \/>\n<meta property=\"og:url\" content=\"https:\/\/www.belmarinahoian.com\/vi\/room-suite-villas\/deluxe-city-view-balcony\/\" \/>\n<meta property=\"og:site_name\" content=\"Bel Marina Hoi An\" \/>\n<meta property=\"article:publisher\" content=\"https:\/\/www.facebook.com\/belmarinahoian.official\" \/>\n<meta property=\"article:modified_time\" content=\"2026-04-15T02:26:34+00:00\" \/>\n<meta name=\"twitter:card\" content=\"summary_large_image\" \/>\n<meta name=\"twitter:label1\" content=\"Est. reading time\" \/>\n\t<meta name=\"twitter:data1\" content=\"1 minute\" \/>\n<script type=\"application\/ld+json\" class=\"yoast-schema-graph\">{\"@context\":\"https:\/\/schema.org\",\"@graph\":[{\"@type\":\"WebPage\",\"@id\":\"https:\/\/www.belmarinahoian.com\/vi\/room-suite-villas\/deluxe-city-view-balcony\/\",\"url\":\"https:\/\/www.belmarinahoian.com\/vi\/room-suite-villas\/deluxe-city-view-balcony\/\",\"name\":\"Deluxe City View Balcony - Bel Marina Hoi An\",\"isPartOf\":{\"@id\":\"https:\/\/www.belmarinahoian.com\/vi\/#website\"},\"datePublished\":\"2025-11-10T09:16:21+00:00\",\"dateModified\":\"2026-04-15T02:26:34+00:00\",\"breadcrumb\":{\"@id\":\"https:\/\/www.belmarinahoian.com\/vi\/room-suite-villas\/deluxe-city-view-balcony\/#breadcrumb\"},\"inLanguage\":\"vi-VN\",\"potentialAction\":[{\"@type\":\"ReadAction\",\"target\":[\"https:\/\/www.belmarinahoian.com\/vi\/room-suite-villas\/deluxe-city-view-balcony\/\"]}]},{\"@type\":\"BreadcrumbList\",\"@id\":\"https:\/\/www.belmarinahoian.com\/vi\/room-suite-villas\/deluxe-city-view-balcony\/#breadcrumb\",\"itemListElement\":[{\"@type\":\"ListItem\",\"position\":1,\"name\":\"Home\",\"item\":\"https:\/\/www.belmarinahoian.com\/vi\/\"},{\"@type\":\"ListItem\",\"position\":2,\"name\":\"Ph\u00f2ng, Suite &amp; Villa\",\"item\":\"https:\/\/www.belmarinahoian.com\/vi\/room-suite-villas\/\"},{\"@type\":\"ListItem\",\"position\":3,\"name\":\"Deluxe City View Balcony\"}]},{\"@type\":\"WebSite\",\"@id\":\"https:\/\/www.belmarinahoian.com\/vi\/#website\",\"url\":\"https:\/\/www.belmarinahoian.com\/vi\/\",\"name\":\"Bel Marina Hoi An\",\"description\":\"\",\"potentialAction\":[{\"@type\":\"SearchAction\",\"target\":{\"@type\":\"EntryPoint\",\"urlTemplate\":\"https:\/\/www.belmarinahoian.com\/vi\/?s={search_term_string}\"},\"query-input\":\"required name=search_term_string\"}],\"inLanguage\":\"vi-VN\"}]}<\/script>\n<!-- \/ Yoast SEO plugin. -->","yoast_head_json":{"title":"Deluxe City View Balcony - Bel Marina Hoi An","robots":{"index":"index","follow":"follow","max-snippet":"max-snippet:-1","max-image-preview":"max-image-preview:large","max-video-preview":"max-video-preview:-1"},"canonical":"https:\/\/www.belmarinahoian.com\/vi\/room-suite-villas\/deluxe-city-view-balcony\/","og_locale":"vi_VN","og_type":"article","og_title":"Deluxe City View Balcony - Bel Marina Hoi An","og_description":"Ph\u00f2ng Deluxe City View Balcony (38 m\u00b2) s\u1edf h\u1eefu ban c\u00f4ng ri\u00eang h\u01b0\u1edbng ra khung c\u1ea3nh th\u00e0nh ph\u1ed1 v\u1edbi nh\u1eefng m\u00e1i nh\u00e0 th\u01a1 m\u1ed9ng \u0111\u1eb7c tr\u01b0ng c\u1ee7a H\u1ed9i An, l\u00e0 kh\u00f4ng gian l\u00fd t\u01b0\u1edfng \u0111\u1ec3 nh\u00e2m nhi t\u00e1ch tr\u00e0 ho\u1eb7c \u0111\u01a1n gi\u1ea3n t\u1eadn h\u01b0\u1edfng v\u1ebb \u0111\u1eb9p b\u00ecnh y\u00ean c\u1ee7a ph\u1ed1 c\u1ed5.","og_url":"https:\/\/www.belmarinahoian.com\/vi\/room-suite-villas\/deluxe-city-view-balcony\/","og_site_name":"Bel Marina Hoi An","article_publisher":"https:\/\/www.facebook.com\/belmarinahoian.official","article_modified_time":"2026-04-15T02:26:34+00:00","twitter_card":"summary_large_image","twitter_misc":{"Est. reading time":"1 minute"},"schema":{"@context":"https:\/\/schema.org","@graph":[{"@type":"WebPage","@id":"https:\/\/www.belmarinahoian.com\/vi\/room-suite-villas\/deluxe-city-view-balcony\/","url":"https:\/\/www.belmarinahoian.com\/vi\/room-suite-villas\/deluxe-city-view-balcony\/","name":"Deluxe City View Balcony - Bel Marina Hoi An","isPartOf":{"@id":"https:\/\/www.belmarinahoian.com\/vi\/#website"},"datePublished":"2025-11-10T09:16:21+00:00","dateModified":"2026-04-15T02:26:34+00:00","breadcrumb":{"@id":"https:\/\/www.belmarinahoian.com\/vi\/room-suite-villas\/deluxe-city-view-balcony\/#breadcrumb"},"inLanguage":"vi-VN","potentialAction":[{"@type":"ReadAction","target":["https:\/\/www.belmarinahoian.com\/vi\/room-suite-villas\/deluxe-city-view-balcony\/"]}]},{"@type":"BreadcrumbList","@id":"https:\/\/www.belmarinahoian.com\/vi\/room-suite-villas\/deluxe-city-view-balcony\/#breadcrumb","itemListElement":[{"@type":"ListItem","position":1,"name":"Home","item":"https:\/\/www.belmarinahoian.com\/vi\/"},{"@type":"ListItem","position":2,"name":"Ph\u00f2ng, Suite &amp; Villa","item":"https:\/\/www.belmarinahoian.com\/vi\/room-suite-villas\/"},{"@type":"ListItem","position":3,"name":"Deluxe City View Balcony"}]},{"@type":"WebSite","@id":"https:\/\/www.belmarinahoian.com\/vi\/#website","url":"https:\/\/www.belmarinahoian.com\/vi\/","name":"Bel Marina Hoi An","description":"","potentialAction":[{"@type":"SearchAction","target":{"@type":"EntryPoint","urlTemplate":"https:\/\/www.belmarinahoian.com\/vi\/?s={search_term_string}"},"query-input":"required name=search_term_string"}],"inLanguage":"vi-VN"}]}},"acf":[],"_links":{"self":[{"href":"https:\/\/www.belmarinahoian.com\/vi\/wp-json\/wp\/v2\/pages\/218"}],"collection":[{"href":"https:\/\/www.belmarinahoian.com\/vi\/wp-json\/wp\/v2\/pages"}],"about":[{"href":"https:\/\/www.belmarinahoian.com\/vi\/wp-json\/wp\/v2\/types\/page"}],"author":[{"embeddable":true,"href":"https:\/\/www.belmarinahoian.com\/vi\/wp-json\/wp\/v2\/users\/90"}],"replies":[{"embeddable":true,"href":"https:\/\/www.belmarinahoian.com\/vi\/wp-json\/wp\/v2\/comments?post=218"}],"version-history":[{"count":0,"href":"https:\/\/www.belmarinahoian.com\/vi\/wp-json\/wp\/v2\/pages\/218\/revisions"}],"up":[{"embeddable":true,"href":"https:\/\/www.belmarinahoian.com\/vi\/wp-json\/wp\/v2\/pages\/215"}],"wp:attachment":[{"href":"https:\/\/www.belmarinahoian.com\/vi\/wp-json\/wp\/v2\/media?parent=218"}],"wp:term":[{"taxonomy":"category","embeddable":true,"href":"https:\/\/www.belmarinahoian.com\/vi\/wp-json\/wp\/v2\/categories?post=218"}],"curies":[{"name":"wp","href":"https:\/\/api.w.org\/{rel}","templated":true}]}}