{"id":216,"date":"2025-11-10T09:13:21","date_gmt":"2025-11-10T09:13:21","guid":{"rendered":"https:\/\/belmarinahoian.ms2.decms.asia\/room-suite-villas\/deluxe-window\/"},"modified":"2026-04-15T09:20:04","modified_gmt":"2026-04-15T09:20:04","slug":"deluxe-window","status":"publish","type":"page","link":"https:\/\/www.belmarinahoian.com\/vi\/room-suite-villas\/deluxe-window\/","title":{"rendered":"Deluxe Window"},"content":{"rendered":"<p>Ph\u00f2ng Deluxe Window (38 m\u00b2) m\u1edf ra t\u1ea7m nh\u00ecn h\u01b0\u1edbng m\u00e1i ng\u00f3i \u0111\u1ecf \u0111\u1eb7c tr\u01b0ng c\u1ee7a H\u1ed9i An, g\u1ee3i n\u00ean v\u1ebb \u0111\u1eb9p b\u00ecnh y\u00ean v\u00e0 \u0111\u1ea7y c\u1ea3m h\u1ee9ng. Ph\u00f2ng \u0111\u01b0\u1ee3c trang b\u1ecb 1 gi\u01b0\u1eddng \u0111\u00f4i ho\u1eb7c 2 gi\u01b0\u1eddng \u0111\u01a1n, \u0111i k\u00e8m c\u00e1c ti\u1ec7n nghi hi\u1ec7n \u0111\u1ea1i nh\u1eb1m mang \u0111\u1ebfn k\u1ef3 ngh\u1ec9 tho\u1ea3i m\u00e1i v\u00e0 tr\u1ecdn v\u1eb9n.<\/p>\n","protected":false},"excerpt":{"rendered":"<p>Ph\u00f2ng Deluxe Window (38 m\u00b2) m\u1edf ra t\u1ea7m nh\u00ecn h\u01b0\u1edbng m\u00e1i ng\u00f3i \u0111\u1ecf \u0111\u1eb7c tr\u01b0ng c\u1ee7a H\u1ed9i An, g\u1ee3i n\u00ean v\u1ebb \u0111\u1eb9p b\u00ecnh y\u00ean v\u00e0 \u0111\u1ea7y c\u1ea3m h\u1ee9ng. Ph\u00f2ng \u0111\u01b0\u1ee3c trang b\u1ecb 1 gi\u01b0\u1eddng \u0111\u00f4i ho\u1eb7c 2 gi\u01b0\u1eddng \u0111\u01a1n, \u0111i k\u00e8m c\u00e1c ti\u1ec7n nghi hi\u1ec7n \u0111\u1ea1i nh\u1eb1m mang \u0111\u1ebfn k\u1ef3 ngh\u1ec9 tho\u1ea3i m\u00e1i v\u00e0 tr\u1ecdn [&hellip;]<\/p>\n","protected":false},"author":90,"featured_media":0,"parent":215,"menu_order":0,"comment_status":"closed","ping_status":"closed","template":"template-single-room.php","meta":{"footnotes":""},"categories":[],"yoast_head":"<!-- This site is optimized with the Yoast SEO plugin v22.3 - https:\/\/yoast.com\/wordpress\/plugins\/seo\/ -->\n<title>Deluxe Window - Bel Marina Hoi An<\/title>\n<meta name=\"robots\" content=\"index, follow, max-snippet:-1, max-image-preview:large, max-video-preview:-1\" \/>\n<link rel=\"canonical\" href=\"https:\/\/www.belmarinahoian.com\/vi\/room-suite-villas\/deluxe-window\/\" \/>\n<meta property=\"og:locale\" content=\"vi_VN\" \/>\n<meta property=\"og:type\" content=\"article\" \/>\n<meta property=\"og:title\" content=\"Deluxe Window - Bel Marina Hoi An\" \/>\n<meta property=\"og:description\" content=\"Ph\u00f2ng Deluxe Window (38 m\u00b2) m\u1edf ra t\u1ea7m nh\u00ecn h\u01b0\u1edbng m\u00e1i ng\u00f3i \u0111\u1ecf \u0111\u1eb7c tr\u01b0ng c\u1ee7a H\u1ed9i An, g\u1ee3i n\u00ean v\u1ebb \u0111\u1eb9p b\u00ecnh y\u00ean v\u00e0 \u0111\u1ea7y c\u1ea3m h\u1ee9ng. Ph\u00f2ng \u0111\u01b0\u1ee3c trang b\u1ecb 1 gi\u01b0\u1eddng \u0111\u00f4i ho\u1eb7c 2 gi\u01b0\u1eddng \u0111\u01a1n, \u0111i k\u00e8m c\u00e1c ti\u1ec7n nghi hi\u1ec7n \u0111\u1ea1i nh\u1eb1m mang \u0111\u1ebfn k\u1ef3 ngh\u1ec9 tho\u1ea3i m\u00e1i v\u00e0 tr\u1ecdn [&hellip;]\" \/>\n<meta property=\"og:url\" content=\"https:\/\/www.belmarinahoian.com\/vi\/room-suite-villas\/deluxe-window\/\" \/>\n<meta property=\"og:site_name\" content=\"Bel Marina Hoi An\" \/>\n<meta property=\"article:publisher\" content=\"https:\/\/www.facebook.com\/belmarinahoian.official\" \/>\n<meta property=\"article:modified_time\" content=\"2026-04-15T09:20:04+00:00\" \/>\n<meta name=\"twitter:card\" content=\"summary_large_image\" \/>\n<meta name=\"twitter:label1\" content=\"Est. reading time\" \/>\n\t<meta name=\"twitter:data1\" content=\"1 minute\" \/>\n<script type=\"application\/ld+json\" class=\"yoast-schema-graph\">{\"@context\":\"https:\/\/schema.org\",\"@graph\":[{\"@type\":\"WebPage\",\"@id\":\"https:\/\/www.belmarinahoian.com\/vi\/room-suite-villas\/deluxe-window\/\",\"url\":\"https:\/\/www.belmarinahoian.com\/vi\/room-suite-villas\/deluxe-window\/\",\"name\":\"Deluxe Window - Bel Marina Hoi An\",\"isPartOf\":{\"@id\":\"https:\/\/www.belmarinahoian.com\/vi\/#website\"},\"datePublished\":\"2025-11-10T09:13:21+00:00\",\"dateModified\":\"2026-04-15T09:20:04+00:00\",\"breadcrumb\":{\"@id\":\"https:\/\/www.belmarinahoian.com\/vi\/room-suite-villas\/deluxe-window\/#breadcrumb\"},\"inLanguage\":\"vi-VN\",\"potentialAction\":[{\"@type\":\"ReadAction\",\"target\":[\"https:\/\/www.belmarinahoian.com\/vi\/room-suite-villas\/deluxe-window\/\"]}]},{\"@type\":\"BreadcrumbList\",\"@id\":\"https:\/\/www.belmarinahoian.com\/vi\/room-suite-villas\/deluxe-window\/#breadcrumb\",\"itemListElement\":[{\"@type\":\"ListItem\",\"position\":1,\"name\":\"Home\",\"item\":\"https:\/\/www.belmarinahoian.com\/vi\/\"},{\"@type\":\"ListItem\",\"position\":2,\"name\":\"Ph\u00f2ng, Suite &amp; Villa\",\"item\":\"https:\/\/www.belmarinahoian.com\/vi\/room-suite-villas\/\"},{\"@type\":\"ListItem\",\"position\":3,\"name\":\"Deluxe Window\"}]},{\"@type\":\"WebSite\",\"@id\":\"https:\/\/www.belmarinahoian.com\/vi\/#website\",\"url\":\"https:\/\/www.belmarinahoian.com\/vi\/\",\"name\":\"Bel Marina Hoi An\",\"description\":\"\",\"potentialAction\":[{\"@type\":\"SearchAction\",\"target\":{\"@type\":\"EntryPoint\",\"urlTemplate\":\"https:\/\/www.belmarinahoian.com\/vi\/?s={search_term_string}\"},\"query-input\":\"required name=search_term_string\"}],\"inLanguage\":\"vi-VN\"}]}<\/script>\n<!-- \/ Yoast SEO plugin. -->","yoast_head_json":{"title":"Deluxe Window - Bel Marina Hoi An","robots":{"index":"index","follow":"follow","max-snippet":"max-snippet:-1","max-image-preview":"max-image-preview:large","max-video-preview":"max-video-preview:-1"},"canonical":"https:\/\/www.belmarinahoian.com\/vi\/room-suite-villas\/deluxe-window\/","og_locale":"vi_VN","og_type":"article","og_title":"Deluxe Window - Bel Marina Hoi An","og_description":"Ph\u00f2ng Deluxe Window (38 m\u00b2) m\u1edf ra t\u1ea7m nh\u00ecn h\u01b0\u1edbng m\u00e1i ng\u00f3i \u0111\u1ecf \u0111\u1eb7c tr\u01b0ng c\u1ee7a H\u1ed9i An, g\u1ee3i n\u00ean v\u1ebb \u0111\u1eb9p b\u00ecnh y\u00ean v\u00e0 \u0111\u1ea7y c\u1ea3m h\u1ee9ng. Ph\u00f2ng \u0111\u01b0\u1ee3c trang b\u1ecb 1 gi\u01b0\u1eddng \u0111\u00f4i ho\u1eb7c 2 gi\u01b0\u1eddng \u0111\u01a1n, \u0111i k\u00e8m c\u00e1c ti\u1ec7n nghi hi\u1ec7n \u0111\u1ea1i nh\u1eb1m mang \u0111\u1ebfn k\u1ef3 ngh\u1ec9 tho\u1ea3i m\u00e1i v\u00e0 tr\u1ecdn [&hellip;]","og_url":"https:\/\/www.belmarinahoian.com\/vi\/room-suite-villas\/deluxe-window\/","og_site_name":"Bel Marina Hoi An","article_publisher":"https:\/\/www.facebook.com\/belmarinahoian.official","article_modified_time":"2026-04-15T09:20:04+00:00","twitter_card":"summary_large_image","twitter_misc":{"Est. reading time":"1 minute"},"schema":{"@context":"https:\/\/schema.org","@graph":[{"@type":"WebPage","@id":"https:\/\/www.belmarinahoian.com\/vi\/room-suite-villas\/deluxe-window\/","url":"https:\/\/www.belmarinahoian.com\/vi\/room-suite-villas\/deluxe-window\/","name":"Deluxe Window - Bel Marina Hoi An","isPartOf":{"@id":"https:\/\/www.belmarinahoian.com\/vi\/#website"},"datePublished":"2025-11-10T09:13:21+00:00","dateModified":"2026-04-15T09:20:04+00:00","breadcrumb":{"@id":"https:\/\/www.belmarinahoian.com\/vi\/room-suite-villas\/deluxe-window\/#breadcrumb"},"inLanguage":"vi-VN","potentialAction":[{"@type":"ReadAction","target":["https:\/\/www.belmarinahoian.com\/vi\/room-suite-villas\/deluxe-window\/"]}]},{"@type":"BreadcrumbList","@id":"https:\/\/www.belmarinahoian.com\/vi\/room-suite-villas\/deluxe-window\/#breadcrumb","itemListElement":[{"@type":"ListItem","position":1,"name":"Home","item":"https:\/\/www.belmarinahoian.com\/vi\/"},{"@type":"ListItem","position":2,"name":"Ph\u00f2ng, Suite &amp; Villa","item":"https:\/\/www.belmarinahoian.com\/vi\/room-suite-villas\/"},{"@type":"ListItem","position":3,"name":"Deluxe Window"}]},{"@type":"WebSite","@id":"https:\/\/www.belmarinahoian.com\/vi\/#website","url":"https:\/\/www.belmarinahoian.com\/vi\/","name":"Bel Marina Hoi An","description":"","potentialAction":[{"@type":"SearchAction","target":{"@type":"EntryPoint","urlTemplate":"https:\/\/www.belmarinahoian.com\/vi\/?s={search_term_string}"},"query-input":"required name=search_term_string"}],"inLanguage":"vi-VN"}]}},"acf":[],"_links":{"self":[{"href":"https:\/\/www.belmarinahoian.com\/vi\/wp-json\/wp\/v2\/pages\/216"}],"collection":[{"href":"https:\/\/www.belmarinahoian.com\/vi\/wp-json\/wp\/v2\/pages"}],"about":[{"href":"https:\/\/www.belmarinahoian.com\/vi\/wp-json\/wp\/v2\/types\/page"}],"author":[{"embeddable":true,"href":"https:\/\/www.belmarinahoian.com\/vi\/wp-json\/wp\/v2\/users\/90"}],"replies":[{"embeddable":true,"href":"https:\/\/www.belmarinahoian.com\/vi\/wp-json\/wp\/v2\/comments?post=216"}],"version-history":[{"count":0,"href":"https:\/\/www.belmarinahoian.com\/vi\/wp-json\/wp\/v2\/pages\/216\/revisions"}],"up":[{"embeddable":true,"href":"https:\/\/www.belmarinahoian.com\/vi\/wp-json\/wp\/v2\/pages\/215"}],"wp:attachment":[{"href":"https:\/\/www.belmarinahoian.com\/vi\/wp-json\/wp\/v2\/media?parent=216"}],"wp:term":[{"taxonomy":"category","embeddable":true,"href":"https:\/\/www.belmarinahoian.com\/vi\/wp-json\/wp\/v2\/categories?post=216"}],"curies":[{"name":"wp","href":"https:\/\/api.w.org\/{rel}","templated":true}]}}