{"id":215,"date":"2025-11-10T09:05:37","date_gmt":"2025-11-10T09:05:37","guid":{"rendered":"https:\/\/belmarinahoian.ms2.decms.asia\/room-suite-villas\/"},"modified":"2026-04-10T09:01:30","modified_gmt":"2026-04-10T09:01:30","slug":"room-suite-villas","status":"publish","type":"page","link":"https:\/\/www.belmarinahoian.com\/vi\/room-suite-villas\/","title":{"rendered":"Ph\u00f2ng, Suite &amp; Villa"},"content":{"rendered":"<p>Kh\u00e1m ph\u00e1 ch\u1ed1n ngh\u1ec9 d\u01b0\u1ee1ng ri\u00eang t\u01b0 t\u1ea1i Bel Marina Hoi An, n\u01a1i t\u00f4n vinh v\u1ebb \u0111\u1eb9p \u00c1 \u0110\u00f4ng v\u00e0 n\u00e9t thanh l\u1ecbch ch\u00e2u \u00c2u. <\/p>\n<p>T\u1ecda l\u1ea1c b\u00ean d\u00f2ng s\u00f4ng Thu B\u1ed3n, h\u1ec7 th\u1ed1ng ph\u00f2ng v\u00e0 bi\u1ec7t th\u1ef1 mang n\u00e9t tinh t\u1ebf c\u1ed5 \u0111i\u1ec3n t\u1ea1i Bel Marina Hoi An l\u00e0 s\u1ef1 h\u00e0i h\u00f2a gi\u1eefa sang tr\u1ecdng c\u1ed5 \u0111i\u1ec3n v\u00e0 ti\u1ec7n nghi hi\u1ec7n \u0111\u1ea1i, mang \u0111\u1ebfn kh\u00f4ng gian ngh\u1ec9 d\u01b0\u1ee1ng y\u00ean b\u00ecnh gi\u1eefa l\u00f2ng ph\u1ed1 c\u1ed5 H\u1ed9i An.<\/p>\n","protected":false},"excerpt":{"rendered":"<p>Kh\u00e1m ph\u00e1 ch\u1ed1n ngh\u1ec9 d\u01b0\u1ee1ng ri\u00eang t\u01b0 t\u1ea1i Bel Marina Hoi An, n\u01a1i t\u00f4n vinh v\u1ebb \u0111\u1eb9p \u00c1 \u0110\u00f4ng v\u00e0 n\u00e9t thanh l\u1ecbch ch\u00e2u \u00c2u. T\u1ecda l\u1ea1c b\u00ean d\u00f2ng s\u00f4ng Thu B\u1ed3n, h\u1ec7 th\u1ed1ng ph\u00f2ng v\u00e0 bi\u1ec7t th\u1ef1 mang n\u00e9t tinh t\u1ebf c\u1ed5 \u0111i\u1ec3n t\u1ea1i Bel Marina Hoi An l\u00e0 s\u1ef1 h\u00e0i h\u00f2a gi\u1eefa sang [&hellip;]<\/p>\n","protected":false},"author":90,"featured_media":0,"parent":0,"menu_order":0,"comment_status":"closed","ping_status":"closed","template":"template-rooms.php","meta":{"footnotes":""},"categories":[],"yoast_head":"<!-- This site is optimized with the Yoast SEO plugin v22.3 - https:\/\/yoast.com\/wordpress\/plugins\/seo\/ -->\n<title>Ph\u00f2ng, Suite &amp; Villa - Bel Marina Hoi An<\/title>\n<meta name=\"robots\" content=\"index, follow, max-snippet:-1, max-image-preview:large, max-video-preview:-1\" \/>\n<link rel=\"canonical\" href=\"https:\/\/www.belmarinahoian.com\/vi\/room-suite-villas\/\" \/>\n<meta property=\"og:locale\" content=\"vi_VN\" \/>\n<meta property=\"og:type\" content=\"article\" \/>\n<meta property=\"og:title\" content=\"Ph\u00f2ng, Suite &amp; Villa - Bel Marina Hoi An\" \/>\n<meta property=\"og:description\" content=\"Kh\u00e1m ph\u00e1 ch\u1ed1n ngh\u1ec9 d\u01b0\u1ee1ng ri\u00eang t\u01b0 t\u1ea1i Bel Marina Hoi An, n\u01a1i t\u00f4n vinh v\u1ebb \u0111\u1eb9p \u00c1 \u0110\u00f4ng v\u00e0 n\u00e9t thanh l\u1ecbch ch\u00e2u \u00c2u. T\u1ecda l\u1ea1c b\u00ean d\u00f2ng s\u00f4ng Thu B\u1ed3n, h\u1ec7 th\u1ed1ng ph\u00f2ng v\u00e0 bi\u1ec7t th\u1ef1 mang n\u00e9t tinh t\u1ebf c\u1ed5 \u0111i\u1ec3n t\u1ea1i Bel Marina Hoi An l\u00e0 s\u1ef1 h\u00e0i h\u00f2a gi\u1eefa sang [&hellip;]\" \/>\n<meta property=\"og:url\" content=\"https:\/\/www.belmarinahoian.com\/vi\/room-suite-villas\/\" \/>\n<meta property=\"og:site_name\" content=\"Bel Marina Hoi An\" \/>\n<meta property=\"article:publisher\" content=\"https:\/\/www.facebook.com\/belmarinahoian.official\" \/>\n<meta property=\"article:modified_time\" content=\"2026-04-10T09:01:30+00:00\" \/>\n<meta name=\"twitter:card\" content=\"summary_large_image\" \/>\n<meta name=\"twitter:label1\" content=\"Est. reading time\" \/>\n\t<meta name=\"twitter:data1\" content=\"1 minute\" \/>\n<script type=\"application\/ld+json\" class=\"yoast-schema-graph\">{\"@context\":\"https:\/\/schema.org\",\"@graph\":[{\"@type\":\"WebPage\",\"@id\":\"https:\/\/www.belmarinahoian.com\/vi\/room-suite-villas\/\",\"url\":\"https:\/\/www.belmarinahoian.com\/vi\/room-suite-villas\/\",\"name\":\"Ph\u00f2ng, Suite &amp; Villa - Bel Marina Hoi An\",\"isPartOf\":{\"@id\":\"https:\/\/www.belmarinahoian.com\/vi\/#website\"},\"datePublished\":\"2025-11-10T09:05:37+00:00\",\"dateModified\":\"2026-04-10T09:01:30+00:00\",\"breadcrumb\":{\"@id\":\"https:\/\/www.belmarinahoian.com\/vi\/room-suite-villas\/#breadcrumb\"},\"inLanguage\":\"vi-VN\",\"potentialAction\":[{\"@type\":\"ReadAction\",\"target\":[\"https:\/\/www.belmarinahoian.com\/vi\/room-suite-villas\/\"]}]},{\"@type\":\"BreadcrumbList\",\"@id\":\"https:\/\/www.belmarinahoian.com\/vi\/room-suite-villas\/#breadcrumb\",\"itemListElement\":[{\"@type\":\"ListItem\",\"position\":1,\"name\":\"Home\",\"item\":\"https:\/\/www.belmarinahoian.com\/vi\/\"},{\"@type\":\"ListItem\",\"position\":2,\"name\":\"Ph\u00f2ng, Suite &amp; Villa\"}]},{\"@type\":\"WebSite\",\"@id\":\"https:\/\/www.belmarinahoian.com\/vi\/#website\",\"url\":\"https:\/\/www.belmarinahoian.com\/vi\/\",\"name\":\"Bel Marina Hoi An\",\"description\":\"\",\"potentialAction\":[{\"@type\":\"SearchAction\",\"target\":{\"@type\":\"EntryPoint\",\"urlTemplate\":\"https:\/\/www.belmarinahoian.com\/vi\/?s={search_term_string}\"},\"query-input\":\"required name=search_term_string\"}],\"inLanguage\":\"vi-VN\"}]}<\/script>\n<!-- \/ Yoast SEO plugin. -->","yoast_head_json":{"title":"Ph\u00f2ng, Suite &amp; Villa - Bel Marina Hoi An","robots":{"index":"index","follow":"follow","max-snippet":"max-snippet:-1","max-image-preview":"max-image-preview:large","max-video-preview":"max-video-preview:-1"},"canonical":"https:\/\/www.belmarinahoian.com\/vi\/room-suite-villas\/","og_locale":"vi_VN","og_type":"article","og_title":"Ph\u00f2ng, Suite &amp; Villa - Bel Marina Hoi An","og_description":"Kh\u00e1m ph\u00e1 ch\u1ed1n ngh\u1ec9 d\u01b0\u1ee1ng ri\u00eang t\u01b0 t\u1ea1i Bel Marina Hoi An, n\u01a1i t\u00f4n vinh v\u1ebb \u0111\u1eb9p \u00c1 \u0110\u00f4ng v\u00e0 n\u00e9t thanh l\u1ecbch ch\u00e2u \u00c2u. T\u1ecda l\u1ea1c b\u00ean d\u00f2ng s\u00f4ng Thu B\u1ed3n, h\u1ec7 th\u1ed1ng ph\u00f2ng v\u00e0 bi\u1ec7t th\u1ef1 mang n\u00e9t tinh t\u1ebf c\u1ed5 \u0111i\u1ec3n t\u1ea1i Bel Marina Hoi An l\u00e0 s\u1ef1 h\u00e0i h\u00f2a gi\u1eefa sang [&hellip;]","og_url":"https:\/\/www.belmarinahoian.com\/vi\/room-suite-villas\/","og_site_name":"Bel Marina Hoi An","article_publisher":"https:\/\/www.facebook.com\/belmarinahoian.official","article_modified_time":"2026-04-10T09:01:30+00:00","twitter_card":"summary_large_image","twitter_misc":{"Est. reading time":"1 minute"},"schema":{"@context":"https:\/\/schema.org","@graph":[{"@type":"WebPage","@id":"https:\/\/www.belmarinahoian.com\/vi\/room-suite-villas\/","url":"https:\/\/www.belmarinahoian.com\/vi\/room-suite-villas\/","name":"Ph\u00f2ng, Suite &amp; Villa - Bel Marina Hoi An","isPartOf":{"@id":"https:\/\/www.belmarinahoian.com\/vi\/#website"},"datePublished":"2025-11-10T09:05:37+00:00","dateModified":"2026-04-10T09:01:30+00:00","breadcrumb":{"@id":"https:\/\/www.belmarinahoian.com\/vi\/room-suite-villas\/#breadcrumb"},"inLanguage":"vi-VN","potentialAction":[{"@type":"ReadAction","target":["https:\/\/www.belmarinahoian.com\/vi\/room-suite-villas\/"]}]},{"@type":"BreadcrumbList","@id":"https:\/\/www.belmarinahoian.com\/vi\/room-suite-villas\/#breadcrumb","itemListElement":[{"@type":"ListItem","position":1,"name":"Home","item":"https:\/\/www.belmarinahoian.com\/vi\/"},{"@type":"ListItem","position":2,"name":"Ph\u00f2ng, Suite &amp; Villa"}]},{"@type":"WebSite","@id":"https:\/\/www.belmarinahoian.com\/vi\/#website","url":"https:\/\/www.belmarinahoian.com\/vi\/","name":"Bel Marina Hoi An","description":"","potentialAction":[{"@type":"SearchAction","target":{"@type":"EntryPoint","urlTemplate":"https:\/\/www.belmarinahoian.com\/vi\/?s={search_term_string}"},"query-input":"required name=search_term_string"}],"inLanguage":"vi-VN"}]}},"acf":[],"_links":{"self":[{"href":"https:\/\/www.belmarinahoian.com\/vi\/wp-json\/wp\/v2\/pages\/215"}],"collection":[{"href":"https:\/\/www.belmarinahoian.com\/vi\/wp-json\/wp\/v2\/pages"}],"about":[{"href":"https:\/\/www.belmarinahoian.com\/vi\/wp-json\/wp\/v2\/types\/page"}],"author":[{"embeddable":true,"href":"https:\/\/www.belmarinahoian.com\/vi\/wp-json\/wp\/v2\/users\/90"}],"replies":[{"embeddable":true,"href":"https:\/\/www.belmarinahoian.com\/vi\/wp-json\/wp\/v2\/comments?post=215"}],"version-history":[{"count":0,"href":"https:\/\/www.belmarinahoian.com\/vi\/wp-json\/wp\/v2\/pages\/215\/revisions"}],"wp:attachment":[{"href":"https:\/\/www.belmarinahoian.com\/vi\/wp-json\/wp\/v2\/media?parent=215"}],"wp:term":[{"taxonomy":"category","embeddable":true,"href":"https:\/\/www.belmarinahoian.com\/vi\/wp-json\/wp\/v2\/categories?post=215"}],"curies":[{"name":"wp","href":"https:\/\/api.w.org\/{rel}","templated":true}]}}