{"id":214,"date":"2025-10-27T08:10:41","date_gmt":"2025-10-27T08:10:41","guid":{"rendered":"https:\/\/belmarinahoian.ms2.decms.asia\/bel-marina-hoi-an-resort\/"},"modified":"2026-05-06T02:19:14","modified_gmt":"2026-05-06T02:19:14","slug":"bel-marina-hoi-an-resort","status":"publish","type":"page","link":"https:\/\/www.belmarinahoian.com\/vi\/","title":{"rendered":"Bel Marina Hoi An Resort"},"content":{"rendered":"<p>T\u1ecda l\u1ea1c b\u00ean d\u00f2ng s\u00f4ng Thu B\u1ed3n th\u01a1 m\u1ed9ng, c\u1ea1nh Ph\u1ed1 C\u1ed5 H\u1ed9i An, Bel Marina Hoi An Resort t\u1ef1a nh\u01b0 m\u1ed9t \u1ed1c \u0111\u1ea3o y\u00ean b\u00ecnh \u1ea9n m\u00ecnh gi\u1eefa l\u00f2ng ph\u1ed1 H\u1ed9i. L\u1ea5y c\u1ea3m h\u1ee9ng t\u1eeb chi\u1ec1u s\u00e2u v\u0103n h\u00f3a H\u1ed9i An, n\u01a1i \u0111\u00e2y l\u00e0 s\u1ef1 giao thoa \u0111\u1ea7y m\u00ea ho\u1eb7c gi\u1eefa ki\u1ebfn tr\u00fac ph\u01b0\u01a1ng T\u00e2y hi\u1ec7n \u0111\u1ea1i v\u00e0 n\u00e9t ho\u00e0i c\u1ed5 ph\u01b0\u01a1ng \u0110\u00f4ng, mang \u0111\u1ebfn m\u1ed9t kh\u00f4ng gian \u0111\u1eadm ch\u1ea5t ngh\u1ec7 thu\u1eadt v\u00e0 chi\u1ec1u s\u00e2u b\u1ea3n s\u1eafc.<\/p>\n<p>N\u01a1i chu\u1ea9n m\u1ef1c th\u01b0\u1ee3ng l\u01b0u h\u00f2a nh\u1ecbp c\u00f9ng d\u00f2ng ch\u1ea3y di s\u1ea3n, kh\u01a1i ngu\u1ed3n nh\u1eefng tr\u1ea3i nghi\u1ec7m b\u1ea3n \u0111\u1ecba \u0111\u1ed9c \u0111\u00e1o.<\/p>\n","protected":false},"excerpt":{"rendered":"<p>T\u1ecda l\u1ea1c b\u00ean d\u00f2ng s\u00f4ng Thu B\u1ed3n th\u01a1 m\u1ed9ng, c\u1ea1nh Ph\u1ed1 C\u1ed5 H\u1ed9i An, Bel Marina Hoi An Resort t\u1ef1a nh\u01b0 m\u1ed9t \u1ed1c \u0111\u1ea3o y\u00ean b\u00ecnh \u1ea9n m\u00ecnh gi\u1eefa l\u00f2ng ph\u1ed1 H\u1ed9i. L\u1ea5y c\u1ea3m h\u1ee9ng t\u1eeb chi\u1ec1u s\u00e2u v\u0103n h\u00f3a H\u1ed9i An, n\u01a1i \u0111\u00e2y l\u00e0 s\u1ef1 giao thoa \u0111\u1ea7y m\u00ea ho\u1eb7c gi\u1eefa ki\u1ebfn tr\u00fac ph\u01b0\u01a1ng [&hellip;]<\/p>\n","protected":false},"author":90,"featured_media":0,"parent":0,"menu_order":0,"comment_status":"closed","ping_status":"closed","template":"","meta":{"footnotes":""},"categories":[],"yoast_head":"<!-- This site is optimized with the Yoast SEO plugin v22.3 - https:\/\/yoast.com\/wordpress\/plugins\/seo\/ -->\n<title>Trang ch\u1ee7 | Bel Marina Hoi An Resort<\/title>\n<meta name=\"description\" content=\"V\u1ebb \u0111\u1eb9p duy\u00ean d\u00e1ng b\u00ean b\u1edd s\u00f4ngN\u1eb1m b\u00ean d\u00f2ng s\u00f4ng Thu B\u1ed3n v\u00e0 ch\u1ec9 c\u00e1ch Ph\u1ed1 C\u1ed5 5 ph\u00fat, Bel Marina Hoi An Resort th\u1eadt s\u1ef1 l\u00e0 m\u1ed9t \u1ed1c \u0111\u1ea3o y\u00ean b\u00ecnh gi\u1eefa l\u00f2ng di s\u1ea3n. L\u1ea5y c\u1ea3m h\u1ee9ng t\u1eeb n\u00e9t di s\u1ea3n s\u00e2u s\u1eafc c\u1ee7a H\u1ed9i An, khu ngh\u1ec9 d\u01b0\u1ee1ng mang \u0111\u1ebfn s\u1ef1 h\u00f2a quy\u1ec7n tinh t\u1ebf gi\u1eefa ki\u1ebfn tr\u00fac ch\u00e2u \u00c2u v\u00e0 Vi\u1ec7t Nam, t\u1ea1o n\u00ean m\u1ed9t t\u1ed5ng th\u1ec3 \u0111\u1eadm \u0111\u00e0 b\u1ea3n s\u1eafc v\u0103n h\u00f3a.N\u01a1i m\u00e0 s\u1ef1 sang tr\u1ecdng, ch\u0103m s\u00f3c s\u1ee9c kh\u1ecfe v\u00e0 d\u1ecbch v\u1ee5 \u0111\u1eb3ng c\u1ea5p g\u1eb7p g\u1ee1 tr\u1ecdn v\u1eb9n c\u00f9ng tr\u1ea3i nghi\u1ec7m v\u0103n h\u00f3a \u0111\u1eb7c s\u1eafc.\" \/>\n<meta name=\"robots\" content=\"index, follow, max-snippet:-1, max-image-preview:large, max-video-preview:-1\" \/>\n<link rel=\"canonical\" href=\"https:\/\/www.belmarinahoian.com\/vi\/\" \/>\n<meta property=\"og:locale\" content=\"vi_VN\" \/>\n<meta property=\"og:type\" content=\"article\" \/>\n<meta property=\"og:title\" content=\"Trang ch\u1ee7 | Bel Marina Hoi An Resort\" \/>\n<meta property=\"og:description\" content=\"V\u1ebb \u0111\u1eb9p duy\u00ean d\u00e1ng b\u00ean b\u1edd s\u00f4ngN\u1eb1m b\u00ean d\u00f2ng s\u00f4ng Thu B\u1ed3n v\u00e0 ch\u1ec9 c\u00e1ch Ph\u1ed1 C\u1ed5 5 ph\u00fat, Bel Marina Hoi An Resort th\u1eadt s\u1ef1 l\u00e0 m\u1ed9t \u1ed1c \u0111\u1ea3o y\u00ean b\u00ecnh gi\u1eefa l\u00f2ng di s\u1ea3n. L\u1ea5y c\u1ea3m h\u1ee9ng t\u1eeb n\u00e9t di s\u1ea3n s\u00e2u s\u1eafc c\u1ee7a H\u1ed9i An, khu ngh\u1ec9 d\u01b0\u1ee1ng mang \u0111\u1ebfn s\u1ef1 h\u00f2a quy\u1ec7n tinh t\u1ebf gi\u1eefa ki\u1ebfn tr\u00fac ch\u00e2u \u00c2u v\u00e0 Vi\u1ec7t Nam, t\u1ea1o n\u00ean m\u1ed9t t\u1ed5ng th\u1ec3 \u0111\u1eadm \u0111\u00e0 b\u1ea3n s\u1eafc v\u0103n h\u00f3a.N\u01a1i m\u00e0 s\u1ef1 sang tr\u1ecdng, ch\u0103m s\u00f3c s\u1ee9c kh\u1ecfe v\u00e0 d\u1ecbch v\u1ee5 \u0111\u1eb3ng c\u1ea5p g\u1eb7p g\u1ee1 tr\u1ecdn v\u1eb9n c\u00f9ng tr\u1ea3i nghi\u1ec7m v\u0103n h\u00f3a \u0111\u1eb7c s\u1eafc.\" \/>\n<meta property=\"og:url\" content=\"https:\/\/www.belmarinahoian.com\/vi\/\" \/>\n<meta property=\"og:site_name\" content=\"Bel Marina Hoi An\" \/>\n<meta property=\"article:publisher\" content=\"https:\/\/www.facebook.com\/belmarinahoian.official\" \/>\n<meta property=\"article:modified_time\" content=\"2026-05-06T02:19:14+00:00\" \/>\n<meta name=\"twitter:card\" content=\"summary_large_image\" \/>\n<meta name=\"twitter:label1\" content=\"Est. reading time\" \/>\n\t<meta name=\"twitter:data1\" content=\"1 minute\" \/>\n<script type=\"application\/ld+json\" class=\"yoast-schema-graph\">{\"@context\":\"https:\/\/schema.org\",\"@graph\":[{\"@type\":\"WebPage\",\"@id\":\"https:\/\/www.belmarinahoian.com\/vi\/\",\"url\":\"https:\/\/www.belmarinahoian.com\/vi\/\",\"name\":\"Trang ch\u1ee7 | Bel Marina Hoi An Resort\",\"isPartOf\":{\"@id\":\"https:\/\/www.belmarinahoian.com\/vi\/#website\"},\"datePublished\":\"2025-10-27T08:10:41+00:00\",\"dateModified\":\"2026-05-06T02:19:14+00:00\",\"description\":\"V\u1ebb \u0111\u1eb9p duy\u00ean d\u00e1ng b\u00ean b\u1edd s\u00f4ngN\u1eb1m b\u00ean d\u00f2ng s\u00f4ng Thu B\u1ed3n v\u00e0 ch\u1ec9 c\u00e1ch Ph\u1ed1 C\u1ed5 5 ph\u00fat, Bel Marina Hoi An Resort th\u1eadt s\u1ef1 l\u00e0 m\u1ed9t \u1ed1c \u0111\u1ea3o y\u00ean b\u00ecnh gi\u1eefa l\u00f2ng di s\u1ea3n. L\u1ea5y c\u1ea3m h\u1ee9ng t\u1eeb n\u00e9t di s\u1ea3n s\u00e2u s\u1eafc c\u1ee7a H\u1ed9i An, khu ngh\u1ec9 d\u01b0\u1ee1ng mang \u0111\u1ebfn s\u1ef1 h\u00f2a quy\u1ec7n tinh t\u1ebf gi\u1eefa ki\u1ebfn tr\u00fac ch\u00e2u \u00c2u v\u00e0 Vi\u1ec7t Nam, t\u1ea1o n\u00ean m\u1ed9t t\u1ed5ng th\u1ec3 \u0111\u1eadm \u0111\u00e0 b\u1ea3n s\u1eafc v\u0103n h\u00f3a.N\u01a1i m\u00e0 s\u1ef1 sang tr\u1ecdng, ch\u0103m s\u00f3c s\u1ee9c kh\u1ecfe v\u00e0 d\u1ecbch v\u1ee5 \u0111\u1eb3ng c\u1ea5p g\u1eb7p g\u1ee1 tr\u1ecdn v\u1eb9n c\u00f9ng tr\u1ea3i nghi\u1ec7m v\u0103n h\u00f3a \u0111\u1eb7c s\u1eafc.\",\"breadcrumb\":{\"@id\":\"https:\/\/www.belmarinahoian.com\/vi\/#breadcrumb\"},\"inLanguage\":\"vi-VN\",\"potentialAction\":[{\"@type\":\"ReadAction\",\"target\":[\"https:\/\/www.belmarinahoian.com\/vi\/\"]}]},{\"@type\":\"BreadcrumbList\",\"@id\":\"https:\/\/www.belmarinahoian.com\/vi\/#breadcrumb\",\"itemListElement\":[{\"@type\":\"ListItem\",\"position\":1,\"name\":\"Home\",\"item\":\"https:\/\/www.belmarinahoian.com\/vi\/\"},{\"@type\":\"ListItem\",\"position\":2,\"name\":\"Bel Marina Hoi An Resort\"}]},{\"@type\":\"WebSite\",\"@id\":\"https:\/\/www.belmarinahoian.com\/vi\/#website\",\"url\":\"https:\/\/www.belmarinahoian.com\/vi\/\",\"name\":\"Bel Marina Hoi An\",\"description\":\"\",\"potentialAction\":[{\"@type\":\"SearchAction\",\"target\":{\"@type\":\"EntryPoint\",\"urlTemplate\":\"https:\/\/www.belmarinahoian.com\/vi\/?s={search_term_string}\"},\"query-input\":\"required name=search_term_string\"}],\"inLanguage\":\"vi-VN\"}]}<\/script>\n<!-- \/ Yoast SEO plugin. -->","yoast_head_json":{"title":"Trang ch\u1ee7 | Bel Marina Hoi An Resort","description":"V\u1ebb \u0111\u1eb9p duy\u00ean d\u00e1ng b\u00ean b\u1edd s\u00f4ngN\u1eb1m b\u00ean d\u00f2ng s\u00f4ng Thu B\u1ed3n v\u00e0 ch\u1ec9 c\u00e1ch Ph\u1ed1 C\u1ed5 5 ph\u00fat, Bel Marina Hoi An Resort th\u1eadt s\u1ef1 l\u00e0 m\u1ed9t \u1ed1c \u0111\u1ea3o y\u00ean b\u00ecnh gi\u1eefa l\u00f2ng di s\u1ea3n. L\u1ea5y c\u1ea3m h\u1ee9ng t\u1eeb n\u00e9t di s\u1ea3n s\u00e2u s\u1eafc c\u1ee7a H\u1ed9i An, khu ngh\u1ec9 d\u01b0\u1ee1ng mang \u0111\u1ebfn s\u1ef1 h\u00f2a quy\u1ec7n tinh t\u1ebf gi\u1eefa ki\u1ebfn tr\u00fac ch\u00e2u \u00c2u v\u00e0 Vi\u1ec7t Nam, t\u1ea1o n\u00ean m\u1ed9t t\u1ed5ng th\u1ec3 \u0111\u1eadm \u0111\u00e0 b\u1ea3n s\u1eafc v\u0103n h\u00f3a.N\u01a1i m\u00e0 s\u1ef1 sang tr\u1ecdng, ch\u0103m s\u00f3c s\u1ee9c kh\u1ecfe v\u00e0 d\u1ecbch v\u1ee5 \u0111\u1eb3ng c\u1ea5p g\u1eb7p g\u1ee1 tr\u1ecdn v\u1eb9n c\u00f9ng tr\u1ea3i nghi\u1ec7m v\u0103n h\u00f3a \u0111\u1eb7c s\u1eafc.","robots":{"index":"index","follow":"follow","max-snippet":"max-snippet:-1","max-image-preview":"max-image-preview:large","max-video-preview":"max-video-preview:-1"},"canonical":"https:\/\/www.belmarinahoian.com\/vi\/","og_locale":"vi_VN","og_type":"article","og_title":"Trang ch\u1ee7 | Bel Marina Hoi An Resort","og_description":"V\u1ebb \u0111\u1eb9p duy\u00ean d\u00e1ng b\u00ean b\u1edd s\u00f4ngN\u1eb1m b\u00ean d\u00f2ng s\u00f4ng Thu B\u1ed3n v\u00e0 ch\u1ec9 c\u00e1ch Ph\u1ed1 C\u1ed5 5 ph\u00fat, Bel Marina Hoi An Resort th\u1eadt s\u1ef1 l\u00e0 m\u1ed9t \u1ed1c \u0111\u1ea3o y\u00ean b\u00ecnh gi\u1eefa l\u00f2ng di s\u1ea3n. L\u1ea5y c\u1ea3m h\u1ee9ng t\u1eeb n\u00e9t di s\u1ea3n s\u00e2u s\u1eafc c\u1ee7a H\u1ed9i An, khu ngh\u1ec9 d\u01b0\u1ee1ng mang \u0111\u1ebfn s\u1ef1 h\u00f2a quy\u1ec7n tinh t\u1ebf gi\u1eefa ki\u1ebfn tr\u00fac ch\u00e2u \u00c2u v\u00e0 Vi\u1ec7t Nam, t\u1ea1o n\u00ean m\u1ed9t t\u1ed5ng th\u1ec3 \u0111\u1eadm \u0111\u00e0 b\u1ea3n s\u1eafc v\u0103n h\u00f3a.N\u01a1i m\u00e0 s\u1ef1 sang tr\u1ecdng, ch\u0103m s\u00f3c s\u1ee9c kh\u1ecfe v\u00e0 d\u1ecbch v\u1ee5 \u0111\u1eb3ng c\u1ea5p g\u1eb7p g\u1ee1 tr\u1ecdn v\u1eb9n c\u00f9ng tr\u1ea3i nghi\u1ec7m v\u0103n h\u00f3a \u0111\u1eb7c s\u1eafc.","og_url":"https:\/\/www.belmarinahoian.com\/vi\/","og_site_name":"Bel Marina Hoi An","article_publisher":"https:\/\/www.facebook.com\/belmarinahoian.official","article_modified_time":"2026-05-06T02:19:14+00:00","twitter_card":"summary_large_image","twitter_misc":{"Est. reading time":"1 minute"},"schema":{"@context":"https:\/\/schema.org","@graph":[{"@type":"WebPage","@id":"https:\/\/www.belmarinahoian.com\/vi\/","url":"https:\/\/www.belmarinahoian.com\/vi\/","name":"Trang ch\u1ee7 | Bel Marina Hoi An Resort","isPartOf":{"@id":"https:\/\/www.belmarinahoian.com\/vi\/#website"},"datePublished":"2025-10-27T08:10:41+00:00","dateModified":"2026-05-06T02:19:14+00:00","description":"V\u1ebb \u0111\u1eb9p duy\u00ean d\u00e1ng b\u00ean b\u1edd s\u00f4ngN\u1eb1m b\u00ean d\u00f2ng s\u00f4ng Thu B\u1ed3n v\u00e0 ch\u1ec9 c\u00e1ch Ph\u1ed1 C\u1ed5 5 ph\u00fat, Bel Marina Hoi An Resort th\u1eadt s\u1ef1 l\u00e0 m\u1ed9t \u1ed1c \u0111\u1ea3o y\u00ean b\u00ecnh gi\u1eefa l\u00f2ng di s\u1ea3n. L\u1ea5y c\u1ea3m h\u1ee9ng t\u1eeb n\u00e9t di s\u1ea3n s\u00e2u s\u1eafc c\u1ee7a H\u1ed9i An, khu ngh\u1ec9 d\u01b0\u1ee1ng mang \u0111\u1ebfn s\u1ef1 h\u00f2a quy\u1ec7n tinh t\u1ebf gi\u1eefa ki\u1ebfn tr\u00fac ch\u00e2u \u00c2u v\u00e0 Vi\u1ec7t Nam, t\u1ea1o n\u00ean m\u1ed9t t\u1ed5ng th\u1ec3 \u0111\u1eadm \u0111\u00e0 b\u1ea3n s\u1eafc v\u0103n h\u00f3a.N\u01a1i m\u00e0 s\u1ef1 sang tr\u1ecdng, ch\u0103m s\u00f3c s\u1ee9c kh\u1ecfe v\u00e0 d\u1ecbch v\u1ee5 \u0111\u1eb3ng c\u1ea5p g\u1eb7p g\u1ee1 tr\u1ecdn v\u1eb9n c\u00f9ng tr\u1ea3i nghi\u1ec7m v\u0103n h\u00f3a \u0111\u1eb7c s\u1eafc.","breadcrumb":{"@id":"https:\/\/www.belmarinahoian.com\/vi\/#breadcrumb"},"inLanguage":"vi-VN","potentialAction":[{"@type":"ReadAction","target":["https:\/\/www.belmarinahoian.com\/vi\/"]}]},{"@type":"BreadcrumbList","@id":"https:\/\/www.belmarinahoian.com\/vi\/#breadcrumb","itemListElement":[{"@type":"ListItem","position":1,"name":"Home","item":"https:\/\/www.belmarinahoian.com\/vi\/"},{"@type":"ListItem","position":2,"name":"Bel Marina Hoi An Resort"}]},{"@type":"WebSite","@id":"https:\/\/www.belmarinahoian.com\/vi\/#website","url":"https:\/\/www.belmarinahoian.com\/vi\/","name":"Bel Marina Hoi An","description":"","potentialAction":[{"@type":"SearchAction","target":{"@type":"EntryPoint","urlTemplate":"https:\/\/www.belmarinahoian.com\/vi\/?s={search_term_string}"},"query-input":"required name=search_term_string"}],"inLanguage":"vi-VN"}]}},"acf":[],"_links":{"self":[{"href":"https:\/\/www.belmarinahoian.com\/vi\/wp-json\/wp\/v2\/pages\/214"}],"collection":[{"href":"https:\/\/www.belmarinahoian.com\/vi\/wp-json\/wp\/v2\/pages"}],"about":[{"href":"https:\/\/www.belmarinahoian.com\/vi\/wp-json\/wp\/v2\/types\/page"}],"author":[{"embeddable":true,"href":"https:\/\/www.belmarinahoian.com\/vi\/wp-json\/wp\/v2\/users\/90"}],"replies":[{"embeddable":true,"href":"https:\/\/www.belmarinahoian.com\/vi\/wp-json\/wp\/v2\/comments?post=214"}],"version-history":[{"count":0,"href":"https:\/\/www.belmarinahoian.com\/vi\/wp-json\/wp\/v2\/pages\/214\/revisions"}],"wp:attachment":[{"href":"https:\/\/www.belmarinahoian.com\/vi\/wp-json\/wp\/v2\/media?parent=214"}],"wp:term":[{"taxonomy":"category","embeddable":true,"href":"https:\/\/www.belmarinahoian.com\/vi\/wp-json\/wp\/v2\/categories?post=214"}],"curies":[{"name":"wp","href":"https:\/\/api.w.org\/{rel}","templated":true}]}}